{"id":502641,"date":"2025-10-03T16:37:30","date_gmt":"2025-10-03T14:37:30","guid":{"rendered":"https:\/\/manskin.ch\/produkt\/muehle-set-rasage-3-pcs-purist-resine-noire\/"},"modified":"2025-10-04T16:55:56","modified_gmt":"2025-10-04T14:55:56","slug":"muehle-set-rasage-3-pcs-purist-resine-noire","status":"publish","type":"product","link":"https:\/\/manskin.ch\/fr\/produkt\/muehle-set-rasage-3-pcs-purist-resine-noire\/","title":{"rendered":"M\u00dcHLE &#8211; Set Rasage 3 pcs Purist R\u00e9sine Noire"},"content":{"rendered":"<h2 class=\"p1\">M\u00dcHLE &#8211; Set Rasage 3 pi\u00e8ces Purist en r\u00e9sine noble noire<\/h2>\n<p class=\"p2\">Set \u00e9l\u00e9gant avec manches en r\u00e9sine noire pr\u00e9cieuse et accents chrom\u00e9s :<\/p>\n<ul>\n<li class=\"p3\">Blaireau Silvertip (taille M, 21 mm, d\u00e9vissable)<\/li>\n<li class=\"p3\">Rasoir classique<\/li>\n<li class=\"p3\">Support m\u00e9tallique chrom\u00e9<\/li>\n<\/ul>\n<h3 class=\"p4\">Le mat\u00e9riau \u2013 r\u00e9sine noire pr\u00e9cieuse<\/h3>\n<ul>\n<li class=\"p3\">La r\u00e9sine noire pr\u00e9cieuse est synonyme d&rsquo;\u00e9l\u00e9gance et de durabilit\u00e9. Ce plastique haut de gamme est fabriqu\u00e9 \u00e0 partir de barres massives, moul\u00e9 avec pr\u00e9cision, puis soigneusement poli en plusieurs \u00e9tapes.<\/li>\n<li class=\"p3\">Il en r\u00e9sulte des surfaces brillantes et lisses particuli\u00e8rement agr\u00e9ables au toucher.<\/li>\n<li class=\"p3\">Le r\u00e9sultat: des manches intemporels qui conservent leur beaut\u00e9 pendant de nombreuses ann\u00e9es.<\/li>\n<\/ul>\n<h3 class=\"p4\">Accents m\u00e9talliques chrom\u00e9s<\/h3>\n<ul>\n<li class=\"p3\">Le chrome apporte une touche raffin\u00e9e et conf\u00e8re \u00e0 nos accessoires de rasage un aspect \u00e9l\u00e9gant.<\/li>\n<li class=\"p3\">La surface est non seulement r\u00e9sistante \u00e0 la corrosion et extr\u00eamement durable, mais elle s\u00e9duit \u00e9galement par son \u00e9clat brillant incomparable.<\/li>\n<li class=\"p3\">Associ\u00e9es \u00e0 la r\u00e9sine pr\u00e9cieuse, les couleurs et les formes sont parfaitement mises en valeur, pour une exp\u00e9rience de rasage \u00e9l\u00e9gante au plus haut niveau.<\/li>\n<\/ul>\n<h3 class=\"p4\">Pinceau en poils de blaireau fins<\/h3>\n<ul>\n<li class=\"p3\">Les poils de blaireau fins utilis\u00e9s sont des poils naturels de haute qualit\u00e9 : plus doux que les poils de blaireau purs, l\u00e9g\u00e8rement plus fermes que les poils argent\u00e9s.<\/li>\n<li class=\"p3\">Effet massant agr\u00e9able lors de l&rsquo;application de la mousse<\/li>\n<li class=\"p3\">Jeu de couleurs : gris clair avec un \u00ab miroir \u00bb fonc\u00e9 caract\u00e9ristique<\/li>\n<li class=\"p3\">Chaque t\u00eate de blaireau est fabriqu\u00e9e selon des normes de qualit\u00e9 \u00e9lev\u00e9es et retaill\u00e9e si n\u00e9cessaire afin de garantir une forme parfaite.<\/li>\n<\/ul>\n<h3 class=\"p4\">Rasoir de s\u00e9curit\u00e9 classique \u2013 la lame pour les connaisseurs<\/h3>\n<ul>\n<li class=\"p3\">Depuis des g\u00e9n\u00e9rations, le rasoir de s\u00e9curit\u00e9 est consid\u00e9r\u00e9 comme un classique \u00e9l\u00e9gant pour le rasage humide.<\/li>\n<li class=\"p3\">Contours pr\u00e9cis possibles<\/li>\n<li class=\"p3\">Rasage tr\u00e8s pr\u00e9cis et durable<\/li>\n<li class=\"p3\">Facile \u00e0 manier et s\u00fbr apr\u00e8s une courte p\u00e9riode d&rsquo;adaptation<\/li>\n<li class=\"p3\">T\u00eate fixe, lames rempla\u00e7ables en d\u00e9vissant<\/li>\n<li class=\"p3\">Lames de rechange disponibles partout<\/li>\n<li class=\"p3\">Un outil intemporel pour tous ceux qui appr\u00e9cient un rasage traditionnel et durable.<\/li>\n<\/ul>\n<p class=\"p2\">Un ensemble \u00e9l\u00e9gant qui allie parfaitement durabilit\u00e9 et soin.<\/p>\n","protected":false},"excerpt":{"rendered":"<p>M\u00dcHLE &#8211; Set Rasage 3 pi\u00e8ces Purist en r\u00e9sine noble noire Set \u00e9l\u00e9gant avec manches en r\u00e9sine noire pr\u00e9cieuse et accents chrom\u00e9s : Blaireau Silvertip (taille M, 21 mm, d\u00e9vissable) Rasoir classique Support m\u00e9tallique chrom\u00e9 Le mat\u00e9riau \u2013 r\u00e9sine noire pr\u00e9cieuse La r\u00e9sine noire pr\u00e9cieuse est synonyme d&rsquo;\u00e9l\u00e9gance et de durabilit\u00e9. Ce plastique haut de &#8230; <a title=\"M\u00dcHLE &#8211; Set Rasage 3 pcs Purist R\u00e9sine Noire\" class=\"read-more\" href=\"https:\/\/manskin.ch\/fr\/produkt\/muehle-set-rasage-3-pcs-purist-resine-noire\/\" aria-label=\"En savoir plus sur M\u00dcHLE &#8211; Set Rasage 3 pcs Purist R\u00e9sine Noire\">Lire la suite<\/a><\/p>\n","protected":false},"featured_media":502639,"comment_status":"closed","ping_status":"closed","template":"","meta":{"_acf_changed":false},"pwb-brand":[2769],"product_brand":[],"product_cat":[2425,2412,2422],"product_tag":[],"class_list":{"0":"post-502641","1":"product","2":"type-product","3":"status-publish","4":"has-post-thumbnail","6":"pwb-brand-muehle","7":"product_cat-blaireau-new","8":"product_cat-muehle-fr","9":"product_cat-rasoir-de-suretee","10":"product_shipping_class-standard-fr","11":"sales-flash-overlay","12":"woocommerce-text-align-center","13":"woocommerce-image-align-center","14":"do-quantity-buttons","16":"first","17":"instock","18":"taxable","19":"shipping-taxable","20":"purchasable","21":"product-type-simple"},"acf":[],"yoast_head":"<!-- This site is optimized with the Yoast SEO Premium plugin v27.3 (Yoast SEO v27.3) - https:\/\/yoast.com\/product\/yoast-seo-premium-wordpress\/ -->\n<title>M\u00dcHLE - Set Rasage 3 pcs Purist R\u00e9sine Noire | Manskin.ch<\/title>\n<meta name=\"description\" content=\"D\u00e9couvre le set de rasage Purist de M\u00fchle, qui allie design \u00e9l\u00e9gant et mat\u00e9riaux luxueux. Divers kits de rasage disponibles sur Manskin.ch\" \/>\n<meta name=\"robots\" content=\"index, follow, max-snippet:-1, max-image-preview:large, max-video-preview:-1\" \/>\n<link rel=\"canonical\" href=\"https:\/\/manskin.ch\/fr\/produkt\/muehle-set-rasage-3-pcs-purist-resine-noire\/\" \/>\n<meta property=\"og:locale\" content=\"fr_FR\" \/>\n<meta property=\"og:type\" content=\"article\" \/>\n<meta property=\"og:title\" content=\"M\u00dcHLE - Set Rasage 3 pcs Purist R\u00e9sine Noire\" \/>\n<meta property=\"og:description\" content=\"D\u00e9couvre le set de rasage Purist de M\u00fchle, qui allie design \u00e9l\u00e9gant et mat\u00e9riaux luxueux. Divers kits de rasage disponibles sur Manskin.ch\" \/>\n<meta property=\"og:url\" content=\"https:\/\/manskin.ch\/fr\/produkt\/muehle-set-rasage-3-pcs-purist-resine-noire\/\" \/>\n<meta property=\"og:site_name\" content=\"Manskin.ch\" \/>\n<meta property=\"article:publisher\" content=\"https:\/\/www.facebook.com\/manskin.ch\" \/>\n<meta property=\"article:modified_time\" content=\"2025-10-04T14:55:56+00:00\" \/>\n<meta name=\"twitter:card\" content=\"summary_large_image\" \/>\n<meta name=\"twitter:label1\" content=\"Prix\" \/>\n\t<meta name=\"twitter:data1\" content=\"249.00&#067;&#072;&#070;\" \/>\n\t<meta name=\"twitter:label2\" content=\"Disponibilit\u00e9\" \/>\n\t<meta name=\"twitter:data2\" content=\"En stock\" \/>\n<script type=\"application\/ld+json\" class=\"yoast-schema-graph\">{\"@context\":\"https:\\\/\\\/schema.org\",\"@graph\":[{\"@type\":\"WebPage\",\"@id\":\"https:\\\/\\\/manskin.ch\\\/fr\\\/produkt\\\/muehle-set-rasage-3-pcs-purist-resine-noire\\\/\",\"url\":\"https:\\\/\\\/manskin.ch\\\/fr\\\/produkt\\\/muehle-set-rasage-3-pcs-purist-resine-noire\\\/\",\"name\":\"M\u00dcHLE - Set Rasage 3 pcs Purist R\u00e9sine Noire | Manskin.ch\",\"isPartOf\":{\"@id\":\"https:\\\/\\\/manskin.ch\\\/fr\\\/#website\"},\"primaryImageOfPage\":{\"@id\":\"https:\\\/\\\/manskin.ch\\\/fr\\\/produkt\\\/muehle-set-rasage-3-pcs-purist-resine-noire\\\/#primaryimage\"},\"image\":{\"@id\":\"https:\\\/\\\/manskin.ch\\\/fr\\\/produkt\\\/muehle-set-rasage-3-pcs-purist-resine-noire\\\/#primaryimage\"},\"thumbnailUrl\":\"https:\\\/\\\/manskin.ch\\\/wp-content\\\/uploads\\\/2025\\\/10\\\/Muehle_Purist_Rasierset.jpg\",\"datePublished\":\"2025-10-03T14:37:30+00:00\",\"dateModified\":\"2025-10-04T14:55:56+00:00\",\"description\":\"D\u00e9couvre le set de rasage Purist de M\u00fchle, qui allie design \u00e9l\u00e9gant et mat\u00e9riaux luxueux. Divers kits de rasage disponibles sur Manskin.ch\",\"breadcrumb\":{\"@id\":\"https:\\\/\\\/manskin.ch\\\/fr\\\/produkt\\\/muehle-set-rasage-3-pcs-purist-resine-noire\\\/#breadcrumb\"},\"inLanguage\":\"fr-FR\",\"potentialAction\":[{\"@type\":\"ReadAction\",\"target\":[\"https:\\\/\\\/manskin.ch\\\/fr\\\/produkt\\\/muehle-set-rasage-3-pcs-purist-resine-noire\\\/\"]}]},{\"@type\":\"ImageObject\",\"inLanguage\":\"fr-FR\",\"@id\":\"https:\\\/\\\/manskin.ch\\\/fr\\\/produkt\\\/muehle-set-rasage-3-pcs-purist-resine-noire\\\/#primaryimage\",\"url\":\"https:\\\/\\\/manskin.ch\\\/wp-content\\\/uploads\\\/2025\\\/10\\\/Muehle_Purist_Rasierset.jpg\",\"contentUrl\":\"https:\\\/\\\/manskin.ch\\\/wp-content\\\/uploads\\\/2025\\\/10\\\/Muehle_Purist_Rasierset.jpg\",\"width\":1000,\"height\":1000},{\"@type\":\"BreadcrumbList\",\"@id\":\"https:\\\/\\\/manskin.ch\\\/fr\\\/produkt\\\/muehle-set-rasage-3-pcs-purist-resine-noire\\\/#breadcrumb\",\"itemListElement\":[{\"@type\":\"ListItem\",\"position\":1,\"name\":\"Startseite\",\"item\":\"https:\\\/\\\/manskin.ch\\\/fr\\\/\"},{\"@type\":\"ListItem\",\"position\":2,\"name\":\"Boutique Soins pour Hommes &amp; Skincare\",\"item\":\"https:\\\/\\\/manskin.ch\\\/fr\\\/boutique\\\/\"},{\"@type\":\"ListItem\",\"position\":3,\"name\":\"M\u00dcHLE &#8211; Set Rasage 3 pcs Purist R\u00e9sine Noire\"}]},{\"@type\":\"WebSite\",\"@id\":\"https:\\\/\\\/manskin.ch\\\/fr\\\/#website\",\"url\":\"https:\\\/\\\/manskin.ch\\\/fr\\\/\",\"name\":\"Manskin.ch\",\"description\":\"Tous les produits de beaut\u00e9 pour les hommes les plus exigeants\",\"publisher\":{\"@id\":\"https:\\\/\\\/manskin.ch\\\/fr\\\/#organization\"},\"potentialAction\":[{\"@type\":\"SearchAction\",\"target\":{\"@type\":\"EntryPoint\",\"urlTemplate\":\"https:\\\/\\\/manskin.ch\\\/fr\\\/?s={search_term_string}\"},\"query-input\":{\"@type\":\"PropertyValueSpecification\",\"valueRequired\":true,\"valueName\":\"search_term_string\"}}],\"inLanguage\":\"fr-FR\"},{\"@type\":\"Organization\",\"@id\":\"https:\\\/\\\/manskin.ch\\\/fr\\\/#organization\",\"name\":\"Manskin.ch - der Schweizer Onlineshop f\u00fcr qualit\u00e4tsstarke M\u00e4nnerpflege\",\"url\":\"https:\\\/\\\/manskin.ch\\\/fr\\\/\",\"logo\":{\"@type\":\"ImageObject\",\"inLanguage\":\"fr-FR\",\"@id\":\"https:\\\/\\\/manskin.ch\\\/fr\\\/#\\\/schema\\\/logo\\\/image\\\/\",\"url\":\"https:\\\/\\\/manskin.ch\\\/wp-content\\\/uploads\\\/2021\\\/04\\\/cropped-logo_head.png\",\"contentUrl\":\"https:\\\/\\\/manskin.ch\\\/wp-content\\\/uploads\\\/2021\\\/04\\\/cropped-logo_head.png\",\"width\":235,\"height\":75,\"caption\":\"Manskin.ch - der Schweizer Onlineshop f\u00fcr qualit\u00e4tsstarke M\u00e4nnerpflege\"},\"image\":{\"@id\":\"https:\\\/\\\/manskin.ch\\\/fr\\\/#\\\/schema\\\/logo\\\/image\\\/\"},\"sameAs\":[\"https:\\\/\\\/www.facebook.com\\\/manskin.ch\",\"https:\\\/\\\/www.instagram.com\\\/manskin.ch\\\/\"],\"hasMerchantReturnPolicy\":{\"@type\":\"MerchantReturnPolicy\",\"merchantReturnLink\":\"https:\\\/\\\/manskin.ch\\\/impressum\\\/ruecksendungen\\\/\"}}]}<\/script>\n<meta property=\"product:brand\" content=\"M\u00dcHLE\" \/>\n<meta property=\"product:price:amount\" content=\"249.00\" \/>\n<meta property=\"product:price:currency\" content=\"CHF\" \/>\n<meta property=\"og:availability\" content=\"instock\" \/>\n<meta property=\"product:availability\" content=\"instock\" \/>\n<meta property=\"product:retailer_item_id\" content=\"S091 K56SR\" \/>\n<meta property=\"product:condition\" content=\"new\" \/>\n<!-- \/ Yoast SEO Premium plugin. -->","yoast_head_json":{"title":"M\u00dcHLE - Set Rasage 3 pcs Purist R\u00e9sine Noire | Manskin.ch","description":"D\u00e9couvre le set de rasage Purist de M\u00fchle, qui allie design \u00e9l\u00e9gant et mat\u00e9riaux luxueux. Divers kits de rasage disponibles sur Manskin.ch","robots":{"index":"index","follow":"follow","max-snippet":"max-snippet:-1","max-image-preview":"max-image-preview:large","max-video-preview":"max-video-preview:-1"},"canonical":"https:\/\/manskin.ch\/fr\/produkt\/muehle-set-rasage-3-pcs-purist-resine-noire\/","og_locale":"fr_FR","og_type":"article","og_title":"M\u00dcHLE - Set Rasage 3 pcs Purist R\u00e9sine Noire","og_description":"D\u00e9couvre le set de rasage Purist de M\u00fchle, qui allie design \u00e9l\u00e9gant et mat\u00e9riaux luxueux. Divers kits de rasage disponibles sur Manskin.ch","og_url":"https:\/\/manskin.ch\/fr\/produkt\/muehle-set-rasage-3-pcs-purist-resine-noire\/","og_site_name":"Manskin.ch","article_publisher":"https:\/\/www.facebook.com\/manskin.ch","article_modified_time":"2025-10-04T14:55:56+00:00","twitter_card":"summary_large_image","twitter_misc":{"Prix":"249.00&#67;&#72;&#70;","Disponibilit\u00e9":"En stock"},"schema":{"@context":"https:\/\/schema.org","@graph":[{"@type":"WebPage","@id":"https:\/\/manskin.ch\/fr\/produkt\/muehle-set-rasage-3-pcs-purist-resine-noire\/","url":"https:\/\/manskin.ch\/fr\/produkt\/muehle-set-rasage-3-pcs-purist-resine-noire\/","name":"M\u00dcHLE - Set Rasage 3 pcs Purist R\u00e9sine Noire | Manskin.ch","isPartOf":{"@id":"https:\/\/manskin.ch\/fr\/#website"},"primaryImageOfPage":{"@id":"https:\/\/manskin.ch\/fr\/produkt\/muehle-set-rasage-3-pcs-purist-resine-noire\/#primaryimage"},"image":{"@id":"https:\/\/manskin.ch\/fr\/produkt\/muehle-set-rasage-3-pcs-purist-resine-noire\/#primaryimage"},"thumbnailUrl":"https:\/\/manskin.ch\/wp-content\/uploads\/2025\/10\/Muehle_Purist_Rasierset.jpg","datePublished":"2025-10-03T14:37:30+00:00","dateModified":"2025-10-04T14:55:56+00:00","description":"D\u00e9couvre le set de rasage Purist de M\u00fchle, qui allie design \u00e9l\u00e9gant et mat\u00e9riaux luxueux. Divers kits de rasage disponibles sur Manskin.ch","breadcrumb":{"@id":"https:\/\/manskin.ch\/fr\/produkt\/muehle-set-rasage-3-pcs-purist-resine-noire\/#breadcrumb"},"inLanguage":"fr-FR","potentialAction":[{"@type":"ReadAction","target":["https:\/\/manskin.ch\/fr\/produkt\/muehle-set-rasage-3-pcs-purist-resine-noire\/"]}]},{"@type":"ImageObject","inLanguage":"fr-FR","@id":"https:\/\/manskin.ch\/fr\/produkt\/muehle-set-rasage-3-pcs-purist-resine-noire\/#primaryimage","url":"https:\/\/manskin.ch\/wp-content\/uploads\/2025\/10\/Muehle_Purist_Rasierset.jpg","contentUrl":"https:\/\/manskin.ch\/wp-content\/uploads\/2025\/10\/Muehle_Purist_Rasierset.jpg","width":1000,"height":1000},{"@type":"BreadcrumbList","@id":"https:\/\/manskin.ch\/fr\/produkt\/muehle-set-rasage-3-pcs-purist-resine-noire\/#breadcrumb","itemListElement":[{"@type":"ListItem","position":1,"name":"Startseite","item":"https:\/\/manskin.ch\/fr\/"},{"@type":"ListItem","position":2,"name":"Boutique Soins pour Hommes &amp; Skincare","item":"https:\/\/manskin.ch\/fr\/boutique\/"},{"@type":"ListItem","position":3,"name":"M\u00dcHLE &#8211; Set Rasage 3 pcs Purist R\u00e9sine Noire"}]},{"@type":"WebSite","@id":"https:\/\/manskin.ch\/fr\/#website","url":"https:\/\/manskin.ch\/fr\/","name":"Manskin.ch","description":"Tous les produits de beaut\u00e9 pour les hommes les plus exigeants","publisher":{"@id":"https:\/\/manskin.ch\/fr\/#organization"},"potentialAction":[{"@type":"SearchAction","target":{"@type":"EntryPoint","urlTemplate":"https:\/\/manskin.ch\/fr\/?s={search_term_string}"},"query-input":{"@type":"PropertyValueSpecification","valueRequired":true,"valueName":"search_term_string"}}],"inLanguage":"fr-FR"},{"@type":"Organization","@id":"https:\/\/manskin.ch\/fr\/#organization","name":"Manskin.ch - der Schweizer Onlineshop f\u00fcr qualit\u00e4tsstarke M\u00e4nnerpflege","url":"https:\/\/manskin.ch\/fr\/","logo":{"@type":"ImageObject","inLanguage":"fr-FR","@id":"https:\/\/manskin.ch\/fr\/#\/schema\/logo\/image\/","url":"https:\/\/manskin.ch\/wp-content\/uploads\/2021\/04\/cropped-logo_head.png","contentUrl":"https:\/\/manskin.ch\/wp-content\/uploads\/2021\/04\/cropped-logo_head.png","width":235,"height":75,"caption":"Manskin.ch - der Schweizer Onlineshop f\u00fcr qualit\u00e4tsstarke M\u00e4nnerpflege"},"image":{"@id":"https:\/\/manskin.ch\/fr\/#\/schema\/logo\/image\/"},"sameAs":["https:\/\/www.facebook.com\/manskin.ch","https:\/\/www.instagram.com\/manskin.ch\/"],"hasMerchantReturnPolicy":{"@type":"MerchantReturnPolicy","merchantReturnLink":"https:\/\/manskin.ch\/impressum\/ruecksendungen\/"}}]},"product_brand":"M\u00dcHLE","product_price_amount":"249.00","product_price_currency":"CHF","og_availability":"instock","product_availability":"instock","product_retailer_item_id":"S091 K56SR","product_condition":"new"},"brands":[{"id":2769,"name":"M\u00dcHLE","slug":"muehle"}],"_links":{"self":[{"href":"https:\/\/manskin.ch\/fr\/wp-json\/wp\/v2\/product\/502641","targetHints":{"allow":["GET"]}}],"collection":[{"href":"https:\/\/manskin.ch\/fr\/wp-json\/wp\/v2\/product"}],"about":[{"href":"https:\/\/manskin.ch\/fr\/wp-json\/wp\/v2\/types\/product"}],"replies":[{"embeddable":true,"href":"https:\/\/manskin.ch\/fr\/wp-json\/wp\/v2\/comments?post=502641"}],"wp:featuredmedia":[{"embeddable":true,"href":"https:\/\/manskin.ch\/fr\/wp-json\/wp\/v2\/media\/502639"}],"wp:attachment":[{"href":"https:\/\/manskin.ch\/fr\/wp-json\/wp\/v2\/media?parent=502641"}],"wp:term":[{"taxonomy":"pwb-brand","embeddable":true,"href":"https:\/\/manskin.ch\/fr\/wp-json\/wp\/v2\/pwb-brand?post=502641"},{"taxonomy":"product_brand","embeddable":true,"href":"https:\/\/manskin.ch\/fr\/wp-json\/wp\/v2\/product_brand?post=502641"},{"taxonomy":"product_cat","embeddable":true,"href":"https:\/\/manskin.ch\/fr\/wp-json\/wp\/v2\/product_cat?post=502641"},{"taxonomy":"product_tag","embeddable":true,"href":"https:\/\/manskin.ch\/fr\/wp-json\/wp\/v2\/product_tag?post=502641"}],"curies":[{"name":"wp","href":"https:\/\/api.w.org\/{rel}","templated":true}]}}