{"id":502614,"date":"2025-10-01T08:25:43","date_gmt":"2025-10-01T06:25:43","guid":{"rendered":"https:\/\/manskin.ch\/produkt\/muehle-set-de-rasage-3-pieces-en-bois-dolivier\/"},"modified":"2025-10-04T16:54:48","modified_gmt":"2025-10-04T14:54:48","slug":"muehle-set-de-rasage-3-pieces-en-bois-dolivier","status":"publish","type":"product","link":"https:\/\/manskin.ch\/fr\/produkt\/muehle-set-de-rasage-3-pieces-en-bois-dolivier\/","title":{"rendered":"M\u00dcHLE &#8211; Set de rasage 3 pi\u00e8ces en bois d&rsquo;olivier"},"content":{"rendered":"<h2 class=\"p1\">M\u00dcHLE &#8211; Set de rasage 3 pi\u00e8ces en bois d&rsquo;olivier avec accents m\u00e9talliques chrom\u00e9s<\/h2>\n<p>Ce set de rasage haut de gamme se compose de trois pi\u00e8ces et allie artisanat traditionnel et mat\u00e9riaux nobles :<\/p>\n<ul>\n<li class=\"p2\">Brosse \u00e0 raser en poils de blaireau fins (taille M, anneau de 21 mm, d\u00e9vissable)<\/li>\n<li class=\"p2\">Rasoir de s\u00e9curit\u00e9 avec lame classique pour un rasage pr\u00e9cis et de pr\u00e8s<\/li>\n<li class=\"p2\">Support en m\u00e9tal chrom\u00e9 pour un rangement \u00e9l\u00e9gant<\/li>\n<\/ul>\n<h3>Manches nobles en bois d&rsquo;olivier<\/h3>\n<ul>\n<li class=\"p2\">Les manches sont en bois d&rsquo;olivier v\u00e9ritable, un mat\u00e9riau appr\u00e9ci\u00e9 depuis l&rsquo;Antiquit\u00e9 pour sa duret\u00e9 particuli\u00e8re, sa long\u00e9vit\u00e9 et sa couleur chaude.<\/li>\n<li class=\"p2\">Le bois est soigneusement s\u00e9ch\u00e9 pendant des mois.<\/li>\n<li class=\"p2\">Les formes des manches sont tourn\u00e9es \u00e0 la main.<\/li>\n<li class=\"p2\">La surface est ponc\u00e9e, huil\u00e9e et polie \u2192 grain satin\u00e9 brillant, couleur miel.<\/li>\n<li class=\"p2\">Chaque pi\u00e8ce est unique et poss\u00e8de un caract\u00e8re m\u00e9diterran\u00e9en.<br \/>\n<h3><b><br \/>\n<\/b>Accents m\u00e9talliques chrom\u00e9s<\/h3>\n<\/li>\n<li class=\"p2\">Le chrome conf\u00e8re non seulement un \u00e9clat raffin\u00e9 \u00e0 l&rsquo;ensemble, mais rend \u00e9galement les surfaces :<\/li>\n<li class=\"p2\">R\u00e9sistantes \u00e0 la corrosion<\/li>\n<li class=\"p2\">Durables<\/li>\n<li class=\"p2\">\u00c9l\u00e9gantes en contraste avec les tons naturels du bois<\/li>\n<\/ul>\n<h3 class=\"p3\">Blaireau en poils de blaireau fins<\/h3>\n<ul>\n<li class=\"p2\">Les poils fins de blaireau utilis\u00e9s sont des poils naturels de haute qualit\u00e9 : plus doux que les poils de blaireau purs, l\u00e9g\u00e8rement plus fermes que les poils argent\u00e9s.<\/li>\n<li class=\"p2\">Effet massant agr\u00e9able lors de l&rsquo;application de la mousse.<\/li>\n<li class=\"p2\">Jeu de couleurs : gris clair avec un \u00ab reflet \u00bb fonc\u00e9 caract\u00e9ristique.<\/li>\n<li class=\"p2\">Chaque t\u00eate de blaireau est fabriqu\u00e9e selon des normes de qualit\u00e9 \u00e9lev\u00e9es et retaill\u00e9e si n\u00e9cessaire afin de garantir une forme parfaite.<\/li>\n<\/ul>\n<h3 class=\"p3\">Rasoir classique \u2013 la lame pour les connaisseurs<\/h3>\n<ul>\n<li class=\"p2\">Depuis des g\u00e9n\u00e9rations, le rasoir est consid\u00e9r\u00e9 comme un classique \u00e9l\u00e9gant pour le rasage humide.<\/li>\n<li class=\"p2\">Contours pr\u00e9cis possibles<\/li>\n<li class=\"p2\">Rasage tr\u00e8s pr\u00e9cis et durable<\/li>\n<li class=\"p2\">Facile \u00e0 manier et s\u00fbr apr\u00e8s une courte p\u00e9riode d&rsquo;adaptation<\/li>\n<li class=\"p2\">T\u00eate fixe, les lames se changent en les d\u00e9vissant<\/li>\n<li class=\"p2\">Lames de rechange disponibles partout<\/li>\n<li class=\"p2\">Un outil intemporel pour tous ceux qui appr\u00e9cient un rasage traditionnel et durable.<\/li>\n<\/ul>\n<p class=\"p4\">Conclusion : le set de rasage 3 pi\u00e8ces en bois d&rsquo;olivier allie un design \u00e9l\u00e9gant, des mat\u00e9riaux naturels de haute qualit\u00e9 et une technique de rasage traditionnelle. Id\u00e9al pour les hommes soucieux de leur style qui appr\u00e9cient la qualit\u00e9 et l&rsquo;artisanat.<\/p>\n","protected":false},"excerpt":{"rendered":"<p>Pinceau en poils de blaireau, rasoir de s\u00e9curit\u00e9, support chrom\u00e9<\/p>\n","protected":false},"featured_media":502615,"comment_status":"closed","ping_status":"closed","template":"","meta":{"_acf_changed":false},"pwb-brand":[],"product_brand":[],"product_cat":[2425,2412,2422],"product_tag":[],"class_list":{"0":"post-502614","1":"product","2":"type-product","3":"status-publish","4":"has-post-thumbnail","6":"product_cat-blaireau-new","7":"product_cat-muehle-fr","8":"product_cat-rasoir-de-suretee","9":"product_shipping_class-standard-fr","10":"sales-flash-overlay","11":"woocommerce-text-align-center","12":"woocommerce-image-align-center","13":"do-quantity-buttons","15":"first","16":"instock","17":"taxable","18":"shipping-taxable","19":"purchasable","20":"product-type-simple"},"acf":[],"yoast_head":"<!-- This site is optimized with the Yoast SEO Premium plugin v27.3 (Yoast SEO v27.3) - https:\/\/yoast.com\/product\/yoast-seo-premium-wordpress\/ -->\n<title>Set de rasage M\u00fchle Kosmo : \u00e9l\u00e9gant set 3 pi\u00e8ces | disponible chez Manskin.ch<\/title>\n<meta name=\"description\" content=\"Profite de la tradition et de l&#039;\u00e9l\u00e9gance avec le set de rasage Kosmo de M\u00fchle. Un rasoir de haute qualit\u00e9 et un blaireau pour un rasage parfait t&#039;attendent!\" \/>\n<meta name=\"robots\" content=\"index, follow, max-snippet:-1, max-image-preview:large, max-video-preview:-1\" \/>\n<link rel=\"canonical\" href=\"https:\/\/manskin.ch\/fr\/produkt\/muehle-set-de-rasage-3-pieces-en-bois-dolivier\/\" \/>\n<meta property=\"og:locale\" content=\"fr_FR\" \/>\n<meta property=\"og:type\" content=\"article\" \/>\n<meta property=\"og:title\" content=\"M\u00dcHLE - Set de rasage 3 pi\u00e8ces en bois d&#039;olivier\" \/>\n<meta property=\"og:description\" content=\"Profite de la tradition et de l&#039;\u00e9l\u00e9gance avec le set de rasage Kosmo de M\u00fchle. Un rasoir de haute qualit\u00e9 et un blaireau pour un rasage parfait t&#039;attendent!\" \/>\n<meta property=\"og:url\" content=\"https:\/\/manskin.ch\/fr\/produkt\/muehle-set-de-rasage-3-pieces-en-bois-dolivier\/\" \/>\n<meta property=\"og:site_name\" content=\"Manskin.ch\" \/>\n<meta property=\"article:publisher\" content=\"https:\/\/www.facebook.com\/manskin.ch\" \/>\n<meta property=\"article:modified_time\" content=\"2025-10-04T14:54:48+00:00\" \/>\n<meta name=\"twitter:card\" content=\"summary_large_image\" \/>\n<meta name=\"twitter:label1\" content=\"Prix\" \/>\n\t<meta name=\"twitter:data1\" content=\"195.00&#067;&#072;&#070;\" \/>\n\t<meta name=\"twitter:label2\" content=\"Disponibilit\u00e9\" \/>\n\t<meta name=\"twitter:data2\" content=\"En stock\" \/>\n<script type=\"application\/ld+json\" class=\"yoast-schema-graph\">{\"@context\":\"https:\\\/\\\/schema.org\",\"@graph\":[{\"@type\":\"WebPage\",\"@id\":\"https:\\\/\\\/manskin.ch\\\/fr\\\/produkt\\\/muehle-set-de-rasage-3-pieces-en-bois-dolivier\\\/\",\"url\":\"https:\\\/\\\/manskin.ch\\\/fr\\\/produkt\\\/muehle-set-de-rasage-3-pieces-en-bois-dolivier\\\/\",\"name\":\"Set de rasage M\u00fchle Kosmo : \u00e9l\u00e9gant set 3 pi\u00e8ces | disponible chez Manskin.ch\",\"isPartOf\":{\"@id\":\"https:\\\/\\\/manskin.ch\\\/fr\\\/#website\"},\"primaryImageOfPage\":{\"@id\":\"https:\\\/\\\/manskin.ch\\\/fr\\\/produkt\\\/muehle-set-de-rasage-3-pieces-en-bois-dolivier\\\/#primaryimage\"},\"image\":{\"@id\":\"https:\\\/\\\/manskin.ch\\\/fr\\\/produkt\\\/muehle-set-de-rasage-3-pieces-en-bois-dolivier\\\/#primaryimage\"},\"thumbnailUrl\":\"https:\\\/\\\/manskin.ch\\\/wp-content\\\/uploads\\\/2025\\\/10\\\/Muehle_Kosmo_Rasierset.jpg\",\"datePublished\":\"2025-10-01T06:25:43+00:00\",\"dateModified\":\"2025-10-04T14:54:48+00:00\",\"description\":\"Profite de la tradition et de l'\u00e9l\u00e9gance avec le set de rasage Kosmo de M\u00fchle. Un rasoir de haute qualit\u00e9 et un blaireau pour un rasage parfait t'attendent!\",\"breadcrumb\":{\"@id\":\"https:\\\/\\\/manskin.ch\\\/fr\\\/produkt\\\/muehle-set-de-rasage-3-pieces-en-bois-dolivier\\\/#breadcrumb\"},\"inLanguage\":\"fr-FR\",\"potentialAction\":[{\"@type\":\"ReadAction\",\"target\":[\"https:\\\/\\\/manskin.ch\\\/fr\\\/produkt\\\/muehle-set-de-rasage-3-pieces-en-bois-dolivier\\\/\"]}]},{\"@type\":\"ImageObject\",\"inLanguage\":\"fr-FR\",\"@id\":\"https:\\\/\\\/manskin.ch\\\/fr\\\/produkt\\\/muehle-set-de-rasage-3-pieces-en-bois-dolivier\\\/#primaryimage\",\"url\":\"https:\\\/\\\/manskin.ch\\\/wp-content\\\/uploads\\\/2025\\\/10\\\/Muehle_Kosmo_Rasierset.jpg\",\"contentUrl\":\"https:\\\/\\\/manskin.ch\\\/wp-content\\\/uploads\\\/2025\\\/10\\\/Muehle_Kosmo_Rasierset.jpg\",\"width\":1000,\"height\":1000},{\"@type\":\"BreadcrumbList\",\"@id\":\"https:\\\/\\\/manskin.ch\\\/fr\\\/produkt\\\/muehle-set-de-rasage-3-pieces-en-bois-dolivier\\\/#breadcrumb\",\"itemListElement\":[{\"@type\":\"ListItem\",\"position\":1,\"name\":\"Startseite\",\"item\":\"https:\\\/\\\/manskin.ch\\\/fr\\\/\"},{\"@type\":\"ListItem\",\"position\":2,\"name\":\"Boutique Soins pour Hommes &amp; Skincare\",\"item\":\"https:\\\/\\\/manskin.ch\\\/fr\\\/boutique\\\/\"},{\"@type\":\"ListItem\",\"position\":3,\"name\":\"M\u00dcHLE &#8211; Set de rasage 3 pi\u00e8ces en bois d&#8217;olivier\"}]},{\"@type\":\"WebSite\",\"@id\":\"https:\\\/\\\/manskin.ch\\\/fr\\\/#website\",\"url\":\"https:\\\/\\\/manskin.ch\\\/fr\\\/\",\"name\":\"Manskin.ch\",\"description\":\"Tous les produits de beaut\u00e9 pour les hommes les plus exigeants\",\"publisher\":{\"@id\":\"https:\\\/\\\/manskin.ch\\\/fr\\\/#organization\"},\"potentialAction\":[{\"@type\":\"SearchAction\",\"target\":{\"@type\":\"EntryPoint\",\"urlTemplate\":\"https:\\\/\\\/manskin.ch\\\/fr\\\/?s={search_term_string}\"},\"query-input\":{\"@type\":\"PropertyValueSpecification\",\"valueRequired\":true,\"valueName\":\"search_term_string\"}}],\"inLanguage\":\"fr-FR\"},{\"@type\":\"Organization\",\"@id\":\"https:\\\/\\\/manskin.ch\\\/fr\\\/#organization\",\"name\":\"Manskin.ch - der Schweizer Onlineshop f\u00fcr qualit\u00e4tsstarke M\u00e4nnerpflege\",\"url\":\"https:\\\/\\\/manskin.ch\\\/fr\\\/\",\"logo\":{\"@type\":\"ImageObject\",\"inLanguage\":\"fr-FR\",\"@id\":\"https:\\\/\\\/manskin.ch\\\/fr\\\/#\\\/schema\\\/logo\\\/image\\\/\",\"url\":\"https:\\\/\\\/manskin.ch\\\/wp-content\\\/uploads\\\/2021\\\/04\\\/cropped-logo_head.png\",\"contentUrl\":\"https:\\\/\\\/manskin.ch\\\/wp-content\\\/uploads\\\/2021\\\/04\\\/cropped-logo_head.png\",\"width\":235,\"height\":75,\"caption\":\"Manskin.ch - der Schweizer Onlineshop f\u00fcr qualit\u00e4tsstarke M\u00e4nnerpflege\"},\"image\":{\"@id\":\"https:\\\/\\\/manskin.ch\\\/fr\\\/#\\\/schema\\\/logo\\\/image\\\/\"},\"sameAs\":[\"https:\\\/\\\/www.facebook.com\\\/manskin.ch\",\"https:\\\/\\\/www.instagram.com\\\/manskin.ch\\\/\"],\"hasMerchantReturnPolicy\":{\"@type\":\"MerchantReturnPolicy\",\"merchantReturnLink\":\"https:\\\/\\\/manskin.ch\\\/impressum\\\/ruecksendungen\\\/\"}}]}<\/script>\n<meta property=\"product:price:amount\" content=\"195.00\" \/>\n<meta property=\"product:price:currency\" content=\"CHF\" \/>\n<meta property=\"og:availability\" content=\"instock\" \/>\n<meta property=\"product:availability\" content=\"instock\" \/>\n<meta property=\"product:retailer_item_id\" content=\"S281 H870SR\" \/>\n<meta property=\"product:condition\" content=\"new\" \/>\n<!-- \/ Yoast SEO Premium plugin. -->","yoast_head_json":{"title":"Set de rasage M\u00fchle Kosmo : \u00e9l\u00e9gant set 3 pi\u00e8ces | disponible chez Manskin.ch","description":"Profite de la tradition et de l'\u00e9l\u00e9gance avec le set de rasage Kosmo de M\u00fchle. Un rasoir de haute qualit\u00e9 et un blaireau pour un rasage parfait t'attendent!","robots":{"index":"index","follow":"follow","max-snippet":"max-snippet:-1","max-image-preview":"max-image-preview:large","max-video-preview":"max-video-preview:-1"},"canonical":"https:\/\/manskin.ch\/fr\/produkt\/muehle-set-de-rasage-3-pieces-en-bois-dolivier\/","og_locale":"fr_FR","og_type":"article","og_title":"M\u00dcHLE - Set de rasage 3 pi\u00e8ces en bois d'olivier","og_description":"Profite de la tradition et de l'\u00e9l\u00e9gance avec le set de rasage Kosmo de M\u00fchle. Un rasoir de haute qualit\u00e9 et un blaireau pour un rasage parfait t'attendent!","og_url":"https:\/\/manskin.ch\/fr\/produkt\/muehle-set-de-rasage-3-pieces-en-bois-dolivier\/","og_site_name":"Manskin.ch","article_publisher":"https:\/\/www.facebook.com\/manskin.ch","article_modified_time":"2025-10-04T14:54:48+00:00","twitter_card":"summary_large_image","twitter_misc":{"Prix":"195.00&#67;&#72;&#70;","Disponibilit\u00e9":"En stock"},"schema":{"@context":"https:\/\/schema.org","@graph":[{"@type":"WebPage","@id":"https:\/\/manskin.ch\/fr\/produkt\/muehle-set-de-rasage-3-pieces-en-bois-dolivier\/","url":"https:\/\/manskin.ch\/fr\/produkt\/muehle-set-de-rasage-3-pieces-en-bois-dolivier\/","name":"Set de rasage M\u00fchle Kosmo : \u00e9l\u00e9gant set 3 pi\u00e8ces | disponible chez Manskin.ch","isPartOf":{"@id":"https:\/\/manskin.ch\/fr\/#website"},"primaryImageOfPage":{"@id":"https:\/\/manskin.ch\/fr\/produkt\/muehle-set-de-rasage-3-pieces-en-bois-dolivier\/#primaryimage"},"image":{"@id":"https:\/\/manskin.ch\/fr\/produkt\/muehle-set-de-rasage-3-pieces-en-bois-dolivier\/#primaryimage"},"thumbnailUrl":"https:\/\/manskin.ch\/wp-content\/uploads\/2025\/10\/Muehle_Kosmo_Rasierset.jpg","datePublished":"2025-10-01T06:25:43+00:00","dateModified":"2025-10-04T14:54:48+00:00","description":"Profite de la tradition et de l'\u00e9l\u00e9gance avec le set de rasage Kosmo de M\u00fchle. Un rasoir de haute qualit\u00e9 et un blaireau pour un rasage parfait t'attendent!","breadcrumb":{"@id":"https:\/\/manskin.ch\/fr\/produkt\/muehle-set-de-rasage-3-pieces-en-bois-dolivier\/#breadcrumb"},"inLanguage":"fr-FR","potentialAction":[{"@type":"ReadAction","target":["https:\/\/manskin.ch\/fr\/produkt\/muehle-set-de-rasage-3-pieces-en-bois-dolivier\/"]}]},{"@type":"ImageObject","inLanguage":"fr-FR","@id":"https:\/\/manskin.ch\/fr\/produkt\/muehle-set-de-rasage-3-pieces-en-bois-dolivier\/#primaryimage","url":"https:\/\/manskin.ch\/wp-content\/uploads\/2025\/10\/Muehle_Kosmo_Rasierset.jpg","contentUrl":"https:\/\/manskin.ch\/wp-content\/uploads\/2025\/10\/Muehle_Kosmo_Rasierset.jpg","width":1000,"height":1000},{"@type":"BreadcrumbList","@id":"https:\/\/manskin.ch\/fr\/produkt\/muehle-set-de-rasage-3-pieces-en-bois-dolivier\/#breadcrumb","itemListElement":[{"@type":"ListItem","position":1,"name":"Startseite","item":"https:\/\/manskin.ch\/fr\/"},{"@type":"ListItem","position":2,"name":"Boutique Soins pour Hommes &amp; Skincare","item":"https:\/\/manskin.ch\/fr\/boutique\/"},{"@type":"ListItem","position":3,"name":"M\u00dcHLE &#8211; Set de rasage 3 pi\u00e8ces en bois d&#8217;olivier"}]},{"@type":"WebSite","@id":"https:\/\/manskin.ch\/fr\/#website","url":"https:\/\/manskin.ch\/fr\/","name":"Manskin.ch","description":"Tous les produits de beaut\u00e9 pour les hommes les plus exigeants","publisher":{"@id":"https:\/\/manskin.ch\/fr\/#organization"},"potentialAction":[{"@type":"SearchAction","target":{"@type":"EntryPoint","urlTemplate":"https:\/\/manskin.ch\/fr\/?s={search_term_string}"},"query-input":{"@type":"PropertyValueSpecification","valueRequired":true,"valueName":"search_term_string"}}],"inLanguage":"fr-FR"},{"@type":"Organization","@id":"https:\/\/manskin.ch\/fr\/#organization","name":"Manskin.ch - der Schweizer Onlineshop f\u00fcr qualit\u00e4tsstarke M\u00e4nnerpflege","url":"https:\/\/manskin.ch\/fr\/","logo":{"@type":"ImageObject","inLanguage":"fr-FR","@id":"https:\/\/manskin.ch\/fr\/#\/schema\/logo\/image\/","url":"https:\/\/manskin.ch\/wp-content\/uploads\/2021\/04\/cropped-logo_head.png","contentUrl":"https:\/\/manskin.ch\/wp-content\/uploads\/2021\/04\/cropped-logo_head.png","width":235,"height":75,"caption":"Manskin.ch - der Schweizer Onlineshop f\u00fcr qualit\u00e4tsstarke M\u00e4nnerpflege"},"image":{"@id":"https:\/\/manskin.ch\/fr\/#\/schema\/logo\/image\/"},"sameAs":["https:\/\/www.facebook.com\/manskin.ch","https:\/\/www.instagram.com\/manskin.ch\/"],"hasMerchantReturnPolicy":{"@type":"MerchantReturnPolicy","merchantReturnLink":"https:\/\/manskin.ch\/impressum\/ruecksendungen\/"}}]},"product_price_amount":"195.00","product_price_currency":"CHF","og_availability":"instock","product_availability":"instock","product_retailer_item_id":"S281 H870SR","product_condition":"new"},"brands":[],"_links":{"self":[{"href":"https:\/\/manskin.ch\/fr\/wp-json\/wp\/v2\/product\/502614","targetHints":{"allow":["GET"]}}],"collection":[{"href":"https:\/\/manskin.ch\/fr\/wp-json\/wp\/v2\/product"}],"about":[{"href":"https:\/\/manskin.ch\/fr\/wp-json\/wp\/v2\/types\/product"}],"replies":[{"embeddable":true,"href":"https:\/\/manskin.ch\/fr\/wp-json\/wp\/v2\/comments?post=502614"}],"wp:featuredmedia":[{"embeddable":true,"href":"https:\/\/manskin.ch\/fr\/wp-json\/wp\/v2\/media\/502615"}],"wp:attachment":[{"href":"https:\/\/manskin.ch\/fr\/wp-json\/wp\/v2\/media?parent=502614"}],"wp:term":[{"taxonomy":"pwb-brand","embeddable":true,"href":"https:\/\/manskin.ch\/fr\/wp-json\/wp\/v2\/pwb-brand?post=502614"},{"taxonomy":"product_brand","embeddable":true,"href":"https:\/\/manskin.ch\/fr\/wp-json\/wp\/v2\/product_brand?post=502614"},{"taxonomy":"product_cat","embeddable":true,"href":"https:\/\/manskin.ch\/fr\/wp-json\/wp\/v2\/product_cat?post=502614"},{"taxonomy":"product_tag","embeddable":true,"href":"https:\/\/manskin.ch\/fr\/wp-json\/wp\/v2\/product_tag?post=502614"}],"curies":[{"name":"wp","href":"https:\/\/api.w.org\/{rel}","templated":true}]}}