{"id":502520,"date":"2025-09-24T13:06:52","date_gmt":"2025-09-24T11:06:52","guid":{"rendered":"https:\/\/manskin.ch\/produkt\/merkur-blaireau-black-fibre-chrome\/"},"modified":"2025-09-24T13:45:31","modified_gmt":"2025-09-24T11:45:31","slug":"merkur-blaireau-black-fibre-chrome","status":"publish","type":"product","link":"https:\/\/manskin.ch\/fr\/produkt\/merkur-blaireau-black-fibre-chrome\/","title":{"rendered":"Merkur &#8211; Blaireau Black Fibre Chrom\u00e9"},"content":{"rendered":"<h2 class=\"p1\">Merkur Blaireau Black Fibre Chrom\u00e9 \u2013 \u00c9l\u00e9gance pour ton rasage<\/h2>\n<ul>\n<li class=\"p2\">Le blaireau Black Fibre s\u00e9duit par son design frais et \u00e9l\u00e9gant, parfaitement assorti \u00e0 de nombreux rasoirs de Merkur.<\/li>\n<li class=\"p2\">Sa touffe en fibres synth\u00e9tiques Black Fibre en fait non seulement un accessoire raffin\u00e9, mais aussi un compagnon de rasage agr\u00e9able et efficace.<\/li>\n<li class=\"p2\">Les poils fins transforment rapidement votre savon de rasage en une mousse onctueuse tout en massant d\u00e9licatement votre visage \u2013 pour un rasage \u00e0 la fois pr\u00e9cis et relaxant.<\/li>\n<li class=\"p2\">Blaireau \u00e9l\u00e9gant avec poils synth\u00e9tiques durables<\/li>\n<li class=\"p2\">Produit une mousse g\u00e9n\u00e9reuse et procure une sensation agr\u00e9able sur la peau<\/li>\n<li class=\"p2\">Entretien facile : bien rincer apr\u00e8s le rasage et laisser s\u00e9cher \u00e0 l\u2019air libre.<\/li>\n<\/ul>\n<p>Conseil d\u2019entretien : Rince le blaireau de temps en temps avec un shampooing doux afin d\u2019\u00e9liminer les r\u00e9sidus de savon et prolonger sa dur\u00e9e de vie.<\/p>\n<p>Dimensions : 105 x 26 cm, poids : 69 gr.<\/p>\n","protected":false},"excerpt":{"rendered":"<p>Merkur Blaireau Black Fibre Chrom\u00e9 \u2013 \u00c9l\u00e9gance pour ton rasage Le blaireau Black Fibre s\u00e9duit par son design frais et \u00e9l\u00e9gant, parfaitement assorti \u00e0 de nombreux rasoirs de Merkur. Sa touffe en fibres synth\u00e9tiques Black Fibre en fait non seulement un accessoire raffin\u00e9, mais aussi un compagnon de rasage agr\u00e9able et efficace. Les poils fins &#8230; <a title=\"Merkur &#8211; Blaireau Black Fibre Chrom\u00e9\" class=\"read-more\" href=\"https:\/\/manskin.ch\/fr\/produkt\/merkur-blaireau-black-fibre-chrome\/\" aria-label=\"En savoir plus sur Merkur &#8211; Blaireau Black Fibre Chrom\u00e9\">Lire la suite<\/a><\/p>\n","protected":false},"featured_media":502518,"comment_status":"closed","ping_status":"closed","template":"","meta":{"_acf_changed":false},"pwb-brand":[2947],"product_brand":[],"product_cat":[2425,6590],"product_tag":[],"class_list":{"0":"post-502520","1":"product","2":"type-product","3":"status-publish","4":"has-post-thumbnail","6":"pwb-brand-merkur","7":"product_cat-blaireau-new","8":"product_cat-merkur-fr","9":"product_shipping_class-standard-fr","10":"sales-flash-overlay","11":"woocommerce-text-align-center","12":"woocommerce-image-align-center","13":"do-quantity-buttons","15":"first","16":"instock","17":"taxable","18":"shipping-taxable","19":"purchasable","20":"product-type-simple"},"acf":[],"yoast_head":"<!-- This site is optimized with the Yoast SEO Premium plugin v27.3 (Yoast SEO v27.3) - https:\/\/yoast.com\/product\/yoast-seo-premium-wordpress\/ -->\n<title>Blaireau Black Fibre de Merkur \u2013 Disponible sur manskin.ch<\/title>\n<meta name=\"description\" content=\"D\u00e9couvre chez Manskin.ch le blaireau en fibres Black Fibre de Merkur. Design \u00e9l\u00e9gant, mousse onctueuse et qualit\u00e9 durable.\" \/>\n<meta name=\"robots\" content=\"index, follow, max-snippet:-1, max-image-preview:large, max-video-preview:-1\" \/>\n<link rel=\"canonical\" href=\"https:\/\/manskin.ch\/fr\/produkt\/merkur-blaireau-black-fibre-chrome\/\" \/>\n<meta property=\"og:locale\" content=\"fr_FR\" \/>\n<meta property=\"og:type\" content=\"article\" \/>\n<meta property=\"og:title\" content=\"Merkur - Blaireau Black Fibre Chrom\u00e9\" \/>\n<meta property=\"og:description\" content=\"D\u00e9couvre chez Manskin.ch le blaireau en fibres Black Fibre de Merkur. Design \u00e9l\u00e9gant, mousse onctueuse et qualit\u00e9 durable.\" \/>\n<meta property=\"og:url\" content=\"https:\/\/manskin.ch\/fr\/produkt\/merkur-blaireau-black-fibre-chrome\/\" \/>\n<meta property=\"og:site_name\" content=\"Manskin.ch\" \/>\n<meta property=\"article:publisher\" content=\"https:\/\/www.facebook.com\/manskin.ch\" \/>\n<meta property=\"article:modified_time\" content=\"2025-09-24T11:45:31+00:00\" \/>\n<meta name=\"twitter:card\" content=\"summary_large_image\" \/>\n<meta name=\"twitter:label1\" content=\"Prix\" \/>\n\t<meta name=\"twitter:data1\" content=\"62.00&#067;&#072;&#070;\" \/>\n\t<meta name=\"twitter:label2\" content=\"Disponibilit\u00e9\" \/>\n\t<meta name=\"twitter:data2\" content=\"En stock\" \/>\n<script type=\"application\/ld+json\" class=\"yoast-schema-graph\">{\"@context\":\"https:\\\/\\\/schema.org\",\"@graph\":[{\"@type\":\"WebPage\",\"@id\":\"https:\\\/\\\/manskin.ch\\\/fr\\\/produkt\\\/merkur-blaireau-black-fibre-chrome\\\/\",\"url\":\"https:\\\/\\\/manskin.ch\\\/fr\\\/produkt\\\/merkur-blaireau-black-fibre-chrome\\\/\",\"name\":\"Blaireau Black Fibre de Merkur \u2013 Disponible sur manskin.ch\",\"isPartOf\":{\"@id\":\"https:\\\/\\\/manskin.ch\\\/fr\\\/#website\"},\"primaryImageOfPage\":{\"@id\":\"https:\\\/\\\/manskin.ch\\\/fr\\\/produkt\\\/merkur-blaireau-black-fibre-chrome\\\/#primaryimage\"},\"image\":{\"@id\":\"https:\\\/\\\/manskin.ch\\\/fr\\\/produkt\\\/merkur-blaireau-black-fibre-chrome\\\/#primaryimage\"},\"thumbnailUrl\":\"https:\\\/\\\/manskin.ch\\\/wp-content\\\/uploads\\\/2025\\\/09\\\/Merkur-Rasierpinsel-Black-Fibre.jpg\",\"datePublished\":\"2025-09-24T11:06:52+00:00\",\"dateModified\":\"2025-09-24T11:45:31+00:00\",\"description\":\"D\u00e9couvre chez Manskin.ch le blaireau en fibres Black Fibre de Merkur. Design \u00e9l\u00e9gant, mousse onctueuse et qualit\u00e9 durable.\",\"breadcrumb\":{\"@id\":\"https:\\\/\\\/manskin.ch\\\/fr\\\/produkt\\\/merkur-blaireau-black-fibre-chrome\\\/#breadcrumb\"},\"inLanguage\":\"fr-FR\",\"potentialAction\":[{\"@type\":\"ReadAction\",\"target\":[\"https:\\\/\\\/manskin.ch\\\/fr\\\/produkt\\\/merkur-blaireau-black-fibre-chrome\\\/\"]}]},{\"@type\":\"ImageObject\",\"inLanguage\":\"fr-FR\",\"@id\":\"https:\\\/\\\/manskin.ch\\\/fr\\\/produkt\\\/merkur-blaireau-black-fibre-chrome\\\/#primaryimage\",\"url\":\"https:\\\/\\\/manskin.ch\\\/wp-content\\\/uploads\\\/2025\\\/09\\\/Merkur-Rasierpinsel-Black-Fibre.jpg\",\"contentUrl\":\"https:\\\/\\\/manskin.ch\\\/wp-content\\\/uploads\\\/2025\\\/09\\\/Merkur-Rasierpinsel-Black-Fibre.jpg\",\"width\":1000,\"height\":1000},{\"@type\":\"BreadcrumbList\",\"@id\":\"https:\\\/\\\/manskin.ch\\\/fr\\\/produkt\\\/merkur-blaireau-black-fibre-chrome\\\/#breadcrumb\",\"itemListElement\":[{\"@type\":\"ListItem\",\"position\":1,\"name\":\"Startseite\",\"item\":\"https:\\\/\\\/manskin.ch\\\/fr\\\/\"},{\"@type\":\"ListItem\",\"position\":2,\"name\":\"Boutique Soins pour Hommes &amp; Skincare\",\"item\":\"https:\\\/\\\/manskin.ch\\\/fr\\\/boutique\\\/\"},{\"@type\":\"ListItem\",\"position\":3,\"name\":\"Merkur &#8211; Blaireau Black Fibre Chrom\u00e9\"}]},{\"@type\":\"WebSite\",\"@id\":\"https:\\\/\\\/manskin.ch\\\/fr\\\/#website\",\"url\":\"https:\\\/\\\/manskin.ch\\\/fr\\\/\",\"name\":\"Manskin.ch\",\"description\":\"Tous les produits de beaut\u00e9 pour les hommes les plus exigeants\",\"publisher\":{\"@id\":\"https:\\\/\\\/manskin.ch\\\/fr\\\/#organization\"},\"potentialAction\":[{\"@type\":\"SearchAction\",\"target\":{\"@type\":\"EntryPoint\",\"urlTemplate\":\"https:\\\/\\\/manskin.ch\\\/fr\\\/?s={search_term_string}\"},\"query-input\":{\"@type\":\"PropertyValueSpecification\",\"valueRequired\":true,\"valueName\":\"search_term_string\"}}],\"inLanguage\":\"fr-FR\"},{\"@type\":\"Organization\",\"@id\":\"https:\\\/\\\/manskin.ch\\\/fr\\\/#organization\",\"name\":\"Manskin.ch - der Schweizer Onlineshop f\u00fcr qualit\u00e4tsstarke M\u00e4nnerpflege\",\"url\":\"https:\\\/\\\/manskin.ch\\\/fr\\\/\",\"logo\":{\"@type\":\"ImageObject\",\"inLanguage\":\"fr-FR\",\"@id\":\"https:\\\/\\\/manskin.ch\\\/fr\\\/#\\\/schema\\\/logo\\\/image\\\/\",\"url\":\"https:\\\/\\\/manskin.ch\\\/wp-content\\\/uploads\\\/2021\\\/04\\\/cropped-logo_head.png\",\"contentUrl\":\"https:\\\/\\\/manskin.ch\\\/wp-content\\\/uploads\\\/2021\\\/04\\\/cropped-logo_head.png\",\"width\":235,\"height\":75,\"caption\":\"Manskin.ch - der Schweizer Onlineshop f\u00fcr qualit\u00e4tsstarke M\u00e4nnerpflege\"},\"image\":{\"@id\":\"https:\\\/\\\/manskin.ch\\\/fr\\\/#\\\/schema\\\/logo\\\/image\\\/\"},\"sameAs\":[\"https:\\\/\\\/www.facebook.com\\\/manskin.ch\",\"https:\\\/\\\/www.instagram.com\\\/manskin.ch\\\/\"]}]}<\/script>\n<meta property=\"product:price:amount\" content=\"62.00\" \/>\n<meta property=\"product:price:currency\" content=\"CHF\" \/>\n<meta property=\"og:availability\" content=\"instock\" \/>\n<meta property=\"product:availability\" content=\"instock\" \/>\n<meta property=\"product:retailer_item_id\" content=\"1100101\" \/>\n<meta property=\"product:condition\" content=\"new\" \/>\n<!-- \/ Yoast SEO Premium plugin. -->","yoast_head_json":{"title":"Blaireau Black Fibre de Merkur \u2013 Disponible sur manskin.ch","description":"D\u00e9couvre chez Manskin.ch le blaireau en fibres Black Fibre de Merkur. Design \u00e9l\u00e9gant, mousse onctueuse et qualit\u00e9 durable.","robots":{"index":"index","follow":"follow","max-snippet":"max-snippet:-1","max-image-preview":"max-image-preview:large","max-video-preview":"max-video-preview:-1"},"canonical":"https:\/\/manskin.ch\/fr\/produkt\/merkur-blaireau-black-fibre-chrome\/","og_locale":"fr_FR","og_type":"article","og_title":"Merkur - Blaireau Black Fibre Chrom\u00e9","og_description":"D\u00e9couvre chez Manskin.ch le blaireau en fibres Black Fibre de Merkur. Design \u00e9l\u00e9gant, mousse onctueuse et qualit\u00e9 durable.","og_url":"https:\/\/manskin.ch\/fr\/produkt\/merkur-blaireau-black-fibre-chrome\/","og_site_name":"Manskin.ch","article_publisher":"https:\/\/www.facebook.com\/manskin.ch","article_modified_time":"2025-09-24T11:45:31+00:00","twitter_card":"summary_large_image","twitter_misc":{"Prix":"62.00&#67;&#72;&#70;","Disponibilit\u00e9":"En stock"},"schema":{"@context":"https:\/\/schema.org","@graph":[{"@type":"WebPage","@id":"https:\/\/manskin.ch\/fr\/produkt\/merkur-blaireau-black-fibre-chrome\/","url":"https:\/\/manskin.ch\/fr\/produkt\/merkur-blaireau-black-fibre-chrome\/","name":"Blaireau Black Fibre de Merkur \u2013 Disponible sur manskin.ch","isPartOf":{"@id":"https:\/\/manskin.ch\/fr\/#website"},"primaryImageOfPage":{"@id":"https:\/\/manskin.ch\/fr\/produkt\/merkur-blaireau-black-fibre-chrome\/#primaryimage"},"image":{"@id":"https:\/\/manskin.ch\/fr\/produkt\/merkur-blaireau-black-fibre-chrome\/#primaryimage"},"thumbnailUrl":"https:\/\/manskin.ch\/wp-content\/uploads\/2025\/09\/Merkur-Rasierpinsel-Black-Fibre.jpg","datePublished":"2025-09-24T11:06:52+00:00","dateModified":"2025-09-24T11:45:31+00:00","description":"D\u00e9couvre chez Manskin.ch le blaireau en fibres Black Fibre de Merkur. Design \u00e9l\u00e9gant, mousse onctueuse et qualit\u00e9 durable.","breadcrumb":{"@id":"https:\/\/manskin.ch\/fr\/produkt\/merkur-blaireau-black-fibre-chrome\/#breadcrumb"},"inLanguage":"fr-FR","potentialAction":[{"@type":"ReadAction","target":["https:\/\/manskin.ch\/fr\/produkt\/merkur-blaireau-black-fibre-chrome\/"]}]},{"@type":"ImageObject","inLanguage":"fr-FR","@id":"https:\/\/manskin.ch\/fr\/produkt\/merkur-blaireau-black-fibre-chrome\/#primaryimage","url":"https:\/\/manskin.ch\/wp-content\/uploads\/2025\/09\/Merkur-Rasierpinsel-Black-Fibre.jpg","contentUrl":"https:\/\/manskin.ch\/wp-content\/uploads\/2025\/09\/Merkur-Rasierpinsel-Black-Fibre.jpg","width":1000,"height":1000},{"@type":"BreadcrumbList","@id":"https:\/\/manskin.ch\/fr\/produkt\/merkur-blaireau-black-fibre-chrome\/#breadcrumb","itemListElement":[{"@type":"ListItem","position":1,"name":"Startseite","item":"https:\/\/manskin.ch\/fr\/"},{"@type":"ListItem","position":2,"name":"Boutique Soins pour Hommes &amp; Skincare","item":"https:\/\/manskin.ch\/fr\/boutique\/"},{"@type":"ListItem","position":3,"name":"Merkur &#8211; Blaireau Black Fibre Chrom\u00e9"}]},{"@type":"WebSite","@id":"https:\/\/manskin.ch\/fr\/#website","url":"https:\/\/manskin.ch\/fr\/","name":"Manskin.ch","description":"Tous les produits de beaut\u00e9 pour les hommes les plus exigeants","publisher":{"@id":"https:\/\/manskin.ch\/fr\/#organization"},"potentialAction":[{"@type":"SearchAction","target":{"@type":"EntryPoint","urlTemplate":"https:\/\/manskin.ch\/fr\/?s={search_term_string}"},"query-input":{"@type":"PropertyValueSpecification","valueRequired":true,"valueName":"search_term_string"}}],"inLanguage":"fr-FR"},{"@type":"Organization","@id":"https:\/\/manskin.ch\/fr\/#organization","name":"Manskin.ch - der Schweizer Onlineshop f\u00fcr qualit\u00e4tsstarke M\u00e4nnerpflege","url":"https:\/\/manskin.ch\/fr\/","logo":{"@type":"ImageObject","inLanguage":"fr-FR","@id":"https:\/\/manskin.ch\/fr\/#\/schema\/logo\/image\/","url":"https:\/\/manskin.ch\/wp-content\/uploads\/2021\/04\/cropped-logo_head.png","contentUrl":"https:\/\/manskin.ch\/wp-content\/uploads\/2021\/04\/cropped-logo_head.png","width":235,"height":75,"caption":"Manskin.ch - der Schweizer Onlineshop f\u00fcr qualit\u00e4tsstarke M\u00e4nnerpflege"},"image":{"@id":"https:\/\/manskin.ch\/fr\/#\/schema\/logo\/image\/"},"sameAs":["https:\/\/www.facebook.com\/manskin.ch","https:\/\/www.instagram.com\/manskin.ch\/"]}]},"product_price_amount":"62.00","product_price_currency":"CHF","og_availability":"instock","product_availability":"instock","product_retailer_item_id":"1100101","product_condition":"new"},"brands":[{"id":2947,"name":"Merkur","slug":"merkur"}],"_links":{"self":[{"href":"https:\/\/manskin.ch\/fr\/wp-json\/wp\/v2\/product\/502520","targetHints":{"allow":["GET"]}}],"collection":[{"href":"https:\/\/manskin.ch\/fr\/wp-json\/wp\/v2\/product"}],"about":[{"href":"https:\/\/manskin.ch\/fr\/wp-json\/wp\/v2\/types\/product"}],"replies":[{"embeddable":true,"href":"https:\/\/manskin.ch\/fr\/wp-json\/wp\/v2\/comments?post=502520"}],"wp:featuredmedia":[{"embeddable":true,"href":"https:\/\/manskin.ch\/fr\/wp-json\/wp\/v2\/media\/502518"}],"wp:attachment":[{"href":"https:\/\/manskin.ch\/fr\/wp-json\/wp\/v2\/media?parent=502520"}],"wp:term":[{"taxonomy":"pwb-brand","embeddable":true,"href":"https:\/\/manskin.ch\/fr\/wp-json\/wp\/v2\/pwb-brand?post=502520"},{"taxonomy":"product_brand","embeddable":true,"href":"https:\/\/manskin.ch\/fr\/wp-json\/wp\/v2\/product_brand?post=502520"},{"taxonomy":"product_cat","embeddable":true,"href":"https:\/\/manskin.ch\/fr\/wp-json\/wp\/v2\/product_cat?post=502520"},{"taxonomy":"product_tag","embeddable":true,"href":"https:\/\/manskin.ch\/fr\/wp-json\/wp\/v2\/product_tag?post=502520"}],"curies":[{"name":"wp","href":"https:\/\/api.w.org\/{rel}","templated":true}]}}