{"id":502333,"date":"2025-09-09T16:56:08","date_gmt":"2025-09-09T14:56:08","guid":{"rendered":"https:\/\/manskin.ch\/produkt\/slick-gorilla-hair-styling-powder-2\/"},"modified":"2026-04-15T10:12:34","modified_gmt":"2026-04-15T08:12:34","slug":"slick-gorilla-hair-styling-powder","status":"publish","type":"product","link":"https:\/\/manskin.ch\/fr\/produkt\/slick-gorilla-hair-styling-powder\/","title":{"rendered":"Slick Gorilla &#8211; Hair Styling Powder"},"content":{"rendered":"<h2>Slick Gorilla &#8211; Hair Styling Powder<\/h2>\n<ul>\n<li>La poudre coiffante Slick Gorilla apporte aux cheveux un volume naturel et une tenue invisible, sans aucun compromis.<\/li>\n<li>Apporte instantan\u00e9ment volume, structure et tenue.<\/li>\n<li>Finition invisible pour un look naturel.<\/li>\n<li>Facile \u00e0 utiliser et id\u00e9al pour les d\u00e9placements.<\/li>\n<li>Doux pour le cuir chevelu gr\u00e2ce \u00e0 la silice et \u00e0 la glyc\u00e9rine.100 % vegan et sans exp\u00e9rimentation animale, d\u00e9velopp\u00e9 pour les hommes qui accordent de l&rsquo;importance au style et \u00e0 l&rsquo;authenticit\u00e9. La marque britannique Slick Gorilla est synonyme de cr\u00e9ativit\u00e9, d&rsquo;individualit\u00e9 et de coiffure simple.<\/li>\n<\/ul>\n<p>Application :<\/p>\n<p>Saupoudrer une petite quantit\u00e9 sur les cheveux secs et r\u00e9partir uniform\u00e9ment. La poudre peut \u00eatre utilis\u00e9e seule ou en combinaison avec d&rsquo;autres produits Slick Gorilla. Renouveler l&rsquo;application si n\u00e9cessaire. Que tu pr\u00e9f\u00e8res un look d\u00e9coiff\u00e9, n\u00e9glig\u00e9 ou lisse et soign\u00e9, c&rsquo;est toi qui d\u00e9cides.<br \/>\n.<\/p>\n","protected":false},"excerpt":{"rendered":"<p>Poudre capillaire pour un coiffage sans effort<\/p>\n","protected":false},"featured_media":502344,"comment_status":"closed","ping_status":"closed","template":"","meta":{"_acf_changed":false},"pwb-brand":[6612],"product_brand":[],"product_cat":[6621,2310],"product_tag":[],"class_list":{"0":"post-502333","1":"product","2":"type-product","3":"status-publish","4":"has-post-thumbnail","6":"pwb-brand-slick-gorilla","7":"product_cat-slick-gorilla","8":"product_cat-styling-cheveux","9":"sales-flash-overlay","10":"woocommerce-text-align-center","11":"woocommerce-image-align-center","12":"do-quantity-buttons","14":"first","15":"outofstock","16":"taxable","17":"shipping-taxable","18":"purchasable","19":"product-type-simple"},"acf":[],"yoast_head":"<!-- This site is optimized with the Yoast SEO Premium plugin v27.3 (Yoast SEO v27.3) - https:\/\/yoast.com\/product\/yoast-seo-premium-wordpress\/ -->\n<title>Slick Gorilla Poudre coiffante pour un volume naturel | Manskin.ch<\/title>\n<meta name=\"description\" content=\"D\u00e9couvre la diff\u00e9rence avec la poudre coiffante Slick Gorilla Hair Styling Powder. Donne du volume \u00e0 tes cheveux et un fini invisible \u2013 essayez-la d\u00e8s maintenant ! \ud83d\udc87\u200d\u2642\ufe0f\" \/>\n<meta name=\"robots\" content=\"index, follow, max-snippet:-1, max-image-preview:large, max-video-preview:-1\" \/>\n<link rel=\"canonical\" href=\"https:\/\/manskin.ch\/fr\/produkt\/slick-gorilla-hair-styling-powder\/\" \/>\n<meta property=\"og:locale\" content=\"fr_FR\" \/>\n<meta property=\"og:type\" content=\"article\" \/>\n<meta property=\"og:title\" content=\"Slick Gorilla - Hair Styling Powder\" \/>\n<meta property=\"og:description\" content=\"D\u00e9couvre la diff\u00e9rence avec la poudre coiffante Slick Gorilla Hair Styling Powder. Donne du volume \u00e0 tes cheveux et un fini invisible \u2013 essayez-la d\u00e8s maintenant ! \ud83d\udc87\u200d\u2642\ufe0f\" \/>\n<meta property=\"og:url\" content=\"https:\/\/manskin.ch\/fr\/produkt\/slick-gorilla-hair-styling-powder\/\" \/>\n<meta property=\"og:site_name\" content=\"Manskin.ch\" \/>\n<meta property=\"article:publisher\" content=\"https:\/\/www.facebook.com\/manskin.ch\" \/>\n<meta property=\"article:modified_time\" content=\"2026-04-15T08:12:34+00:00\" \/>\n<meta name=\"twitter:card\" content=\"summary_large_image\" \/>\n<meta name=\"twitter:label1\" content=\"Prix\" \/>\n\t<meta name=\"twitter:data1\" content=\"17.90&#067;&#072;&#070;\" \/>\n\t<meta name=\"twitter:label2\" content=\"Disponibilit\u00e9\" \/>\n\t<meta name=\"twitter:data2\" content=\"Rupture de stock\" \/>\n<script type=\"application\/ld+json\" class=\"yoast-schema-graph\">{\"@context\":\"https:\\\/\\\/schema.org\",\"@graph\":[{\"@type\":\"WebPage\",\"@id\":\"https:\\\/\\\/manskin.ch\\\/fr\\\/produkt\\\/slick-gorilla-hair-styling-powder\\\/\",\"url\":\"https:\\\/\\\/manskin.ch\\\/fr\\\/produkt\\\/slick-gorilla-hair-styling-powder\\\/\",\"name\":\"Slick Gorilla Poudre coiffante pour un volume naturel | Manskin.ch\",\"isPartOf\":{\"@id\":\"https:\\\/\\\/manskin.ch\\\/fr\\\/#website\"},\"primaryImageOfPage\":{\"@id\":\"https:\\\/\\\/manskin.ch\\\/fr\\\/produkt\\\/slick-gorilla-hair-styling-powder\\\/#primaryimage\"},\"image\":{\"@id\":\"https:\\\/\\\/manskin.ch\\\/fr\\\/produkt\\\/slick-gorilla-hair-styling-powder\\\/#primaryimage\"},\"thumbnailUrl\":\"https:\\\/\\\/manskin.ch\\\/wp-content\\\/uploads\\\/2025\\\/09\\\/slick_hairpowder.jpg\",\"datePublished\":\"2025-09-09T14:56:08+00:00\",\"dateModified\":\"2026-04-15T08:12:34+00:00\",\"description\":\"D\u00e9couvre la diff\u00e9rence avec la poudre coiffante Slick Gorilla Hair Styling Powder. Donne du volume \u00e0 tes cheveux et un fini invisible \u2013 essayez-la d\u00e8s maintenant ! \ud83d\udc87\u200d\u2642\ufe0f\",\"breadcrumb\":{\"@id\":\"https:\\\/\\\/manskin.ch\\\/fr\\\/produkt\\\/slick-gorilla-hair-styling-powder\\\/#breadcrumb\"},\"inLanguage\":\"fr-FR\",\"potentialAction\":[{\"@type\":\"ReadAction\",\"target\":[\"https:\\\/\\\/manskin.ch\\\/fr\\\/produkt\\\/slick-gorilla-hair-styling-powder\\\/\"]}]},{\"@type\":\"ImageObject\",\"inLanguage\":\"fr-FR\",\"@id\":\"https:\\\/\\\/manskin.ch\\\/fr\\\/produkt\\\/slick-gorilla-hair-styling-powder\\\/#primaryimage\",\"url\":\"https:\\\/\\\/manskin.ch\\\/wp-content\\\/uploads\\\/2025\\\/09\\\/slick_hairpowder.jpg\",\"contentUrl\":\"https:\\\/\\\/manskin.ch\\\/wp-content\\\/uploads\\\/2025\\\/09\\\/slick_hairpowder.jpg\",\"width\":1024,\"height\":1024},{\"@type\":\"BreadcrumbList\",\"@id\":\"https:\\\/\\\/manskin.ch\\\/fr\\\/produkt\\\/slick-gorilla-hair-styling-powder\\\/#breadcrumb\",\"itemListElement\":[{\"@type\":\"ListItem\",\"position\":1,\"name\":\"Startseite\",\"item\":\"https:\\\/\\\/manskin.ch\\\/fr\\\/\"},{\"@type\":\"ListItem\",\"position\":2,\"name\":\"Boutique Soins pour Hommes &amp; Skincare\",\"item\":\"https:\\\/\\\/manskin.ch\\\/fr\\\/boutique\\\/\"},{\"@type\":\"ListItem\",\"position\":3,\"name\":\"Slick Gorilla &#8211; Hair Styling Powder\"}]},{\"@type\":\"WebSite\",\"@id\":\"https:\\\/\\\/manskin.ch\\\/fr\\\/#website\",\"url\":\"https:\\\/\\\/manskin.ch\\\/fr\\\/\",\"name\":\"Manskin.ch\",\"description\":\"Tous les produits de beaut\u00e9 pour les hommes les plus exigeants\",\"publisher\":{\"@id\":\"https:\\\/\\\/manskin.ch\\\/fr\\\/#organization\"},\"potentialAction\":[{\"@type\":\"SearchAction\",\"target\":{\"@type\":\"EntryPoint\",\"urlTemplate\":\"https:\\\/\\\/manskin.ch\\\/fr\\\/?s={search_term_string}\"},\"query-input\":{\"@type\":\"PropertyValueSpecification\",\"valueRequired\":true,\"valueName\":\"search_term_string\"}}],\"inLanguage\":\"fr-FR\"},{\"@type\":\"Organization\",\"@id\":\"https:\\\/\\\/manskin.ch\\\/fr\\\/#organization\",\"name\":\"Manskin.ch - der Schweizer Onlineshop f\u00fcr qualit\u00e4tsstarke M\u00e4nnerpflege\",\"url\":\"https:\\\/\\\/manskin.ch\\\/fr\\\/\",\"logo\":{\"@type\":\"ImageObject\",\"inLanguage\":\"fr-FR\",\"@id\":\"https:\\\/\\\/manskin.ch\\\/fr\\\/#\\\/schema\\\/logo\\\/image\\\/\",\"url\":\"https:\\\/\\\/manskin.ch\\\/wp-content\\\/uploads\\\/2021\\\/04\\\/cropped-logo_head.png\",\"contentUrl\":\"https:\\\/\\\/manskin.ch\\\/wp-content\\\/uploads\\\/2021\\\/04\\\/cropped-logo_head.png\",\"width\":235,\"height\":75,\"caption\":\"Manskin.ch - der Schweizer Onlineshop f\u00fcr qualit\u00e4tsstarke M\u00e4nnerpflege\"},\"image\":{\"@id\":\"https:\\\/\\\/manskin.ch\\\/fr\\\/#\\\/schema\\\/logo\\\/image\\\/\"},\"sameAs\":[\"https:\\\/\\\/www.facebook.com\\\/manskin.ch\",\"https:\\\/\\\/www.instagram.com\\\/manskin.ch\\\/\"]}]}<\/script>\n<meta property=\"product:price:amount\" content=\"17.90\" \/>\n<meta property=\"product:price:currency\" content=\"CHF\" \/>\n<meta property=\"og:availability\" content=\"out of stock\" \/>\n<meta property=\"product:availability\" content=\"out of stock\" \/>\n<meta property=\"product:retailer_item_id\" content=\"14348\" \/>\n<meta property=\"product:condition\" content=\"new\" \/>\n<!-- \/ Yoast SEO Premium plugin. -->","yoast_head_json":{"title":"Slick Gorilla Poudre coiffante pour un volume naturel | Manskin.ch","description":"D\u00e9couvre la diff\u00e9rence avec la poudre coiffante Slick Gorilla Hair Styling Powder. Donne du volume \u00e0 tes cheveux et un fini invisible \u2013 essayez-la d\u00e8s maintenant ! \ud83d\udc87\u200d\u2642\ufe0f","robots":{"index":"index","follow":"follow","max-snippet":"max-snippet:-1","max-image-preview":"max-image-preview:large","max-video-preview":"max-video-preview:-1"},"canonical":"https:\/\/manskin.ch\/fr\/produkt\/slick-gorilla-hair-styling-powder\/","og_locale":"fr_FR","og_type":"article","og_title":"Slick Gorilla - Hair Styling Powder","og_description":"D\u00e9couvre la diff\u00e9rence avec la poudre coiffante Slick Gorilla Hair Styling Powder. Donne du volume \u00e0 tes cheveux et un fini invisible \u2013 essayez-la d\u00e8s maintenant ! \ud83d\udc87\u200d\u2642\ufe0f","og_url":"https:\/\/manskin.ch\/fr\/produkt\/slick-gorilla-hair-styling-powder\/","og_site_name":"Manskin.ch","article_publisher":"https:\/\/www.facebook.com\/manskin.ch","article_modified_time":"2026-04-15T08:12:34+00:00","twitter_card":"summary_large_image","twitter_misc":{"Prix":"17.90&#67;&#72;&#70;","Disponibilit\u00e9":"Rupture de stock"},"schema":{"@context":"https:\/\/schema.org","@graph":[{"@type":"WebPage","@id":"https:\/\/manskin.ch\/fr\/produkt\/slick-gorilla-hair-styling-powder\/","url":"https:\/\/manskin.ch\/fr\/produkt\/slick-gorilla-hair-styling-powder\/","name":"Slick Gorilla Poudre coiffante pour un volume naturel | Manskin.ch","isPartOf":{"@id":"https:\/\/manskin.ch\/fr\/#website"},"primaryImageOfPage":{"@id":"https:\/\/manskin.ch\/fr\/produkt\/slick-gorilla-hair-styling-powder\/#primaryimage"},"image":{"@id":"https:\/\/manskin.ch\/fr\/produkt\/slick-gorilla-hair-styling-powder\/#primaryimage"},"thumbnailUrl":"https:\/\/manskin.ch\/wp-content\/uploads\/2025\/09\/slick_hairpowder.jpg","datePublished":"2025-09-09T14:56:08+00:00","dateModified":"2026-04-15T08:12:34+00:00","description":"D\u00e9couvre la diff\u00e9rence avec la poudre coiffante Slick Gorilla Hair Styling Powder. Donne du volume \u00e0 tes cheveux et un fini invisible \u2013 essayez-la d\u00e8s maintenant ! \ud83d\udc87\u200d\u2642\ufe0f","breadcrumb":{"@id":"https:\/\/manskin.ch\/fr\/produkt\/slick-gorilla-hair-styling-powder\/#breadcrumb"},"inLanguage":"fr-FR","potentialAction":[{"@type":"ReadAction","target":["https:\/\/manskin.ch\/fr\/produkt\/slick-gorilla-hair-styling-powder\/"]}]},{"@type":"ImageObject","inLanguage":"fr-FR","@id":"https:\/\/manskin.ch\/fr\/produkt\/slick-gorilla-hair-styling-powder\/#primaryimage","url":"https:\/\/manskin.ch\/wp-content\/uploads\/2025\/09\/slick_hairpowder.jpg","contentUrl":"https:\/\/manskin.ch\/wp-content\/uploads\/2025\/09\/slick_hairpowder.jpg","width":1024,"height":1024},{"@type":"BreadcrumbList","@id":"https:\/\/manskin.ch\/fr\/produkt\/slick-gorilla-hair-styling-powder\/#breadcrumb","itemListElement":[{"@type":"ListItem","position":1,"name":"Startseite","item":"https:\/\/manskin.ch\/fr\/"},{"@type":"ListItem","position":2,"name":"Boutique Soins pour Hommes &amp; Skincare","item":"https:\/\/manskin.ch\/fr\/boutique\/"},{"@type":"ListItem","position":3,"name":"Slick Gorilla &#8211; Hair Styling Powder"}]},{"@type":"WebSite","@id":"https:\/\/manskin.ch\/fr\/#website","url":"https:\/\/manskin.ch\/fr\/","name":"Manskin.ch","description":"Tous les produits de beaut\u00e9 pour les hommes les plus exigeants","publisher":{"@id":"https:\/\/manskin.ch\/fr\/#organization"},"potentialAction":[{"@type":"SearchAction","target":{"@type":"EntryPoint","urlTemplate":"https:\/\/manskin.ch\/fr\/?s={search_term_string}"},"query-input":{"@type":"PropertyValueSpecification","valueRequired":true,"valueName":"search_term_string"}}],"inLanguage":"fr-FR"},{"@type":"Organization","@id":"https:\/\/manskin.ch\/fr\/#organization","name":"Manskin.ch - der Schweizer Onlineshop f\u00fcr qualit\u00e4tsstarke M\u00e4nnerpflege","url":"https:\/\/manskin.ch\/fr\/","logo":{"@type":"ImageObject","inLanguage":"fr-FR","@id":"https:\/\/manskin.ch\/fr\/#\/schema\/logo\/image\/","url":"https:\/\/manskin.ch\/wp-content\/uploads\/2021\/04\/cropped-logo_head.png","contentUrl":"https:\/\/manskin.ch\/wp-content\/uploads\/2021\/04\/cropped-logo_head.png","width":235,"height":75,"caption":"Manskin.ch - der Schweizer Onlineshop f\u00fcr qualit\u00e4tsstarke M\u00e4nnerpflege"},"image":{"@id":"https:\/\/manskin.ch\/fr\/#\/schema\/logo\/image\/"},"sameAs":["https:\/\/www.facebook.com\/manskin.ch","https:\/\/www.instagram.com\/manskin.ch\/"]}]},"product_price_amount":"17.90","product_price_currency":"CHF","og_availability":"out of stock","product_availability":"out of stock","product_retailer_item_id":"14348","product_condition":"new"},"brands":[{"id":6612,"name":"Slick Gorilla","slug":"slick-gorilla"}],"_links":{"self":[{"href":"https:\/\/manskin.ch\/fr\/wp-json\/wp\/v2\/product\/502333","targetHints":{"allow":["GET"]}}],"collection":[{"href":"https:\/\/manskin.ch\/fr\/wp-json\/wp\/v2\/product"}],"about":[{"href":"https:\/\/manskin.ch\/fr\/wp-json\/wp\/v2\/types\/product"}],"replies":[{"embeddable":true,"href":"https:\/\/manskin.ch\/fr\/wp-json\/wp\/v2\/comments?post=502333"}],"wp:featuredmedia":[{"embeddable":true,"href":"https:\/\/manskin.ch\/fr\/wp-json\/wp\/v2\/media\/502344"}],"wp:attachment":[{"href":"https:\/\/manskin.ch\/fr\/wp-json\/wp\/v2\/media?parent=502333"}],"wp:term":[{"taxonomy":"pwb-brand","embeddable":true,"href":"https:\/\/manskin.ch\/fr\/wp-json\/wp\/v2\/pwb-brand?post=502333"},{"taxonomy":"product_brand","embeddable":true,"href":"https:\/\/manskin.ch\/fr\/wp-json\/wp\/v2\/product_brand?post=502333"},{"taxonomy":"product_cat","embeddable":true,"href":"https:\/\/manskin.ch\/fr\/wp-json\/wp\/v2\/product_cat?post=502333"},{"taxonomy":"product_tag","embeddable":true,"href":"https:\/\/manskin.ch\/fr\/wp-json\/wp\/v2\/product_tag?post=502333"}],"curies":[{"name":"wp","href":"https:\/\/api.w.org\/{rel}","templated":true}]}}