{"id":502331,"date":"2025-09-09T16:46:48","date_gmt":"2025-09-09T14:46:48","guid":{"rendered":"https:\/\/manskin.ch\/produkt\/slick-gorilla-sea-salt-spray-2\/"},"modified":"2025-09-11T15:51:24","modified_gmt":"2025-09-11T13:51:24","slug":"slick-gorilla-sea-salt-spray","status":"publish","type":"product","link":"https:\/\/manskin.ch\/fr\/produkt\/slick-gorilla-sea-salt-spray\/","title":{"rendered":"Slick Gorilla &#8211; Sea Salt Spray"},"content":{"rendered":"<h2>Slick Gorilla &#8211; Sea Salt Spray<\/h2>\n<ul>\n<li>Avec le Sea Salt Spray, vous obtenez facilement du volume, de la tenue et une texture naturelle &ndash; adapt&eacute; &agrave; tous types de cheveux : courts, longs, raides ou fris&eacute;s.<\/li>\n<li>Le spray offre un fini mat authentique, qui donne un aspect frais m&ecirc;me entre deux lavages.<\/li>\n<li>Enrichi en aloe vera et extraits d&rsquo;algues marines, il prend aussi soin du cuir chevelu.<\/li>\n<li>Utilisable sur cheveux humides ou secs &ndash; en pr&eacute;-coiffage avant le s&eacute;chage ou pour un style rapide au quotidien.<\/li>\n<li>Une fragrance subtile de citron et d&rsquo;air marin compl&egrave;te l&rsquo;exp&eacute;rience.<br \/>\n\t&nbsp;<\/li>\n<\/ul>\n<p>Contenu 200 ml.<\/p>\n","protected":false},"excerpt":{"rendered":"<p>Texture plage, sans sable<\/p>\n","protected":false},"featured_media":502342,"comment_status":"closed","ping_status":"closed","template":"","meta":{"_acf_changed":false},"pwb-brand":[6612],"product_brand":[],"product_cat":[6613,2310],"product_tag":[],"class_list":{"0":"post-502331","1":"product","2":"type-product","3":"status-publish","4":"has-post-thumbnail","6":"pwb-brand-slick-gorilla","7":"product_cat-slick-gorilla","8":"product_cat-styling-cheveux","9":"sales-flash-overlay","10":"woocommerce-text-align-center","11":"woocommerce-image-align-center","12":"do-quantity-buttons","14":"first","15":"outofstock","16":"taxable","17":"shipping-taxable","18":"purchasable","19":"product-type-simple"},"acf":[],"yoast_head":"<!-- This site is optimized with the Yoast SEO Premium plugin v27.3 (Yoast SEO v27.3) - https:\/\/yoast.com\/product\/yoast-seo-premium-wordpress\/ -->\n<title>Slick Gorilla Seal Salt Spray pour plus de volume et de texture | Manskin.ch<\/title>\n<meta name=\"description\" content=\"Avec le spray Slick Gorilla Sea Salt Spray, donne facilement du volume et une texture naturelle \u00e0 tes cheveux. Parfait pour tous les types de cheveux \u2013 essaie-le d\u00e8s maintenant !\" \/>\n<meta name=\"robots\" content=\"index, follow, max-snippet:-1, max-image-preview:large, max-video-preview:-1\" \/>\n<link rel=\"canonical\" href=\"https:\/\/manskin.ch\/fr\/produkt\/slick-gorilla-sea-salt-spray\/\" \/>\n<meta property=\"og:locale\" content=\"fr_FR\" \/>\n<meta property=\"og:type\" content=\"article\" \/>\n<meta property=\"og:title\" content=\"Slick Gorilla - Sea Salt Spray\" \/>\n<meta property=\"og:description\" content=\"Avec le spray Slick Gorilla Sea Salt Spray, donne facilement du volume et une texture naturelle \u00e0 tes cheveux. Parfait pour tous les types de cheveux \u2013 essaie-le d\u00e8s maintenant !\" \/>\n<meta property=\"og:url\" content=\"https:\/\/manskin.ch\/fr\/produkt\/slick-gorilla-sea-salt-spray\/\" \/>\n<meta property=\"og:site_name\" content=\"Manskin.ch\" \/>\n<meta property=\"article:publisher\" content=\"https:\/\/www.facebook.com\/manskin.ch\" \/>\n<meta property=\"article:modified_time\" content=\"2025-09-11T13:51:24+00:00\" \/>\n<meta name=\"twitter:card\" content=\"summary_large_image\" \/>\n<meta name=\"twitter:label1\" content=\"Prix\" \/>\n\t<meta name=\"twitter:data1\" content=\"22.00&#067;&#072;&#070;\" \/>\n\t<meta name=\"twitter:label2\" content=\"Disponibilit\u00e9\" \/>\n\t<meta name=\"twitter:data2\" content=\"Rupture de stock\" \/>\n<script type=\"application\/ld+json\" class=\"yoast-schema-graph\">{\"@context\":\"https:\\\/\\\/schema.org\",\"@graph\":[{\"@type\":\"WebPage\",\"@id\":\"https:\\\/\\\/manskin.ch\\\/fr\\\/produkt\\\/slick-gorilla-sea-salt-spray\\\/\",\"url\":\"https:\\\/\\\/manskin.ch\\\/fr\\\/produkt\\\/slick-gorilla-sea-salt-spray\\\/\",\"name\":\"Slick Gorilla Seal Salt Spray pour plus de volume et de texture | Manskin.ch\",\"isPartOf\":{\"@id\":\"https:\\\/\\\/manskin.ch\\\/fr\\\/#website\"},\"primaryImageOfPage\":{\"@id\":\"https:\\\/\\\/manskin.ch\\\/fr\\\/produkt\\\/slick-gorilla-sea-salt-spray\\\/#primaryimage\"},\"image\":{\"@id\":\"https:\\\/\\\/manskin.ch\\\/fr\\\/produkt\\\/slick-gorilla-sea-salt-spray\\\/#primaryimage\"},\"thumbnailUrl\":\"https:\\\/\\\/manskin.ch\\\/wp-content\\\/uploads\\\/2025\\\/09\\\/slick_seasaltspray.jpg\",\"datePublished\":\"2025-09-09T14:46:48+00:00\",\"dateModified\":\"2025-09-11T13:51:24+00:00\",\"description\":\"Avec le spray Slick Gorilla Sea Salt Spray, donne facilement du volume et une texture naturelle \u00e0 tes cheveux. Parfait pour tous les types de cheveux \u2013 essaie-le d\u00e8s maintenant !\",\"breadcrumb\":{\"@id\":\"https:\\\/\\\/manskin.ch\\\/fr\\\/produkt\\\/slick-gorilla-sea-salt-spray\\\/#breadcrumb\"},\"inLanguage\":\"fr-FR\",\"potentialAction\":[{\"@type\":\"ReadAction\",\"target\":[\"https:\\\/\\\/manskin.ch\\\/fr\\\/produkt\\\/slick-gorilla-sea-salt-spray\\\/\"]}]},{\"@type\":\"ImageObject\",\"inLanguage\":\"fr-FR\",\"@id\":\"https:\\\/\\\/manskin.ch\\\/fr\\\/produkt\\\/slick-gorilla-sea-salt-spray\\\/#primaryimage\",\"url\":\"https:\\\/\\\/manskin.ch\\\/wp-content\\\/uploads\\\/2025\\\/09\\\/slick_seasaltspray.jpg\",\"contentUrl\":\"https:\\\/\\\/manskin.ch\\\/wp-content\\\/uploads\\\/2025\\\/09\\\/slick_seasaltspray.jpg\",\"width\":1024,\"height\":1024},{\"@type\":\"BreadcrumbList\",\"@id\":\"https:\\\/\\\/manskin.ch\\\/fr\\\/produkt\\\/slick-gorilla-sea-salt-spray\\\/#breadcrumb\",\"itemListElement\":[{\"@type\":\"ListItem\",\"position\":1,\"name\":\"Startseite\",\"item\":\"https:\\\/\\\/manskin.ch\\\/fr\\\/\"},{\"@type\":\"ListItem\",\"position\":2,\"name\":\"Boutique\",\"item\":\"https:\\\/\\\/manskin.ch\\\/fr\\\/boutique\\\/\"},{\"@type\":\"ListItem\",\"position\":3,\"name\":\"Slick Gorilla &#8211; Sea Salt Spray\"}]},{\"@type\":\"WebSite\",\"@id\":\"https:\\\/\\\/manskin.ch\\\/fr\\\/#website\",\"url\":\"https:\\\/\\\/manskin.ch\\\/fr\\\/\",\"name\":\"Manskin.ch\",\"description\":\"Tous les produits de beaut\u00e9 pour les hommes les plus exigeants\",\"publisher\":{\"@id\":\"https:\\\/\\\/manskin.ch\\\/fr\\\/#organization\"},\"potentialAction\":[{\"@type\":\"SearchAction\",\"target\":{\"@type\":\"EntryPoint\",\"urlTemplate\":\"https:\\\/\\\/manskin.ch\\\/fr\\\/?s={search_term_string}\"},\"query-input\":{\"@type\":\"PropertyValueSpecification\",\"valueRequired\":true,\"valueName\":\"search_term_string\"}}],\"inLanguage\":\"fr-FR\"},{\"@type\":\"Organization\",\"@id\":\"https:\\\/\\\/manskin.ch\\\/fr\\\/#organization\",\"name\":\"Manskin.ch - der Schweizer Onlineshop f\u00fcr qualit\u00e4tsstarke M\u00e4nnerpflege\",\"url\":\"https:\\\/\\\/manskin.ch\\\/fr\\\/\",\"logo\":{\"@type\":\"ImageObject\",\"inLanguage\":\"fr-FR\",\"@id\":\"https:\\\/\\\/manskin.ch\\\/fr\\\/#\\\/schema\\\/logo\\\/image\\\/\",\"url\":\"https:\\\/\\\/manskin.ch\\\/wp-content\\\/uploads\\\/2021\\\/04\\\/cropped-logo_head.png\",\"contentUrl\":\"https:\\\/\\\/manskin.ch\\\/wp-content\\\/uploads\\\/2021\\\/04\\\/cropped-logo_head.png\",\"width\":235,\"height\":75,\"caption\":\"Manskin.ch - der Schweizer Onlineshop f\u00fcr qualit\u00e4tsstarke M\u00e4nnerpflege\"},\"image\":{\"@id\":\"https:\\\/\\\/manskin.ch\\\/fr\\\/#\\\/schema\\\/logo\\\/image\\\/\"},\"sameAs\":[\"https:\\\/\\\/www.facebook.com\\\/manskin.ch\",\"https:\\\/\\\/www.instagram.com\\\/manskin.ch\\\/\"]}]}<\/script>\n<meta property=\"product:price:amount\" content=\"22.00\" \/>\n<meta property=\"product:price:currency\" content=\"CHF\" \/>\n<meta property=\"og:availability\" content=\"out of stock\" \/>\n<meta property=\"product:availability\" content=\"out of stock\" \/>\n<meta property=\"product:retailer_item_id\" content=\"14347\" \/>\n<meta property=\"product:condition\" content=\"new\" \/>\n<!-- \/ Yoast SEO Premium plugin. -->","yoast_head_json":{"title":"Slick Gorilla Seal Salt Spray pour plus de volume et de texture | Manskin.ch","description":"Avec le spray Slick Gorilla Sea Salt Spray, donne facilement du volume et une texture naturelle \u00e0 tes cheveux. Parfait pour tous les types de cheveux \u2013 essaie-le d\u00e8s maintenant !","robots":{"index":"index","follow":"follow","max-snippet":"max-snippet:-1","max-image-preview":"max-image-preview:large","max-video-preview":"max-video-preview:-1"},"canonical":"https:\/\/manskin.ch\/fr\/produkt\/slick-gorilla-sea-salt-spray\/","og_locale":"fr_FR","og_type":"article","og_title":"Slick Gorilla - Sea Salt Spray","og_description":"Avec le spray Slick Gorilla Sea Salt Spray, donne facilement du volume et une texture naturelle \u00e0 tes cheveux. Parfait pour tous les types de cheveux \u2013 essaie-le d\u00e8s maintenant !","og_url":"https:\/\/manskin.ch\/fr\/produkt\/slick-gorilla-sea-salt-spray\/","og_site_name":"Manskin.ch","article_publisher":"https:\/\/www.facebook.com\/manskin.ch","article_modified_time":"2025-09-11T13:51:24+00:00","twitter_card":"summary_large_image","twitter_misc":{"Prix":"22.00&#67;&#72;&#70;","Disponibilit\u00e9":"Rupture de stock"},"schema":{"@context":"https:\/\/schema.org","@graph":[{"@type":"WebPage","@id":"https:\/\/manskin.ch\/fr\/produkt\/slick-gorilla-sea-salt-spray\/","url":"https:\/\/manskin.ch\/fr\/produkt\/slick-gorilla-sea-salt-spray\/","name":"Slick Gorilla Seal Salt Spray pour plus de volume et de texture | Manskin.ch","isPartOf":{"@id":"https:\/\/manskin.ch\/fr\/#website"},"primaryImageOfPage":{"@id":"https:\/\/manskin.ch\/fr\/produkt\/slick-gorilla-sea-salt-spray\/#primaryimage"},"image":{"@id":"https:\/\/manskin.ch\/fr\/produkt\/slick-gorilla-sea-salt-spray\/#primaryimage"},"thumbnailUrl":"https:\/\/manskin.ch\/wp-content\/uploads\/2025\/09\/slick_seasaltspray.jpg","datePublished":"2025-09-09T14:46:48+00:00","dateModified":"2025-09-11T13:51:24+00:00","description":"Avec le spray Slick Gorilla Sea Salt Spray, donne facilement du volume et une texture naturelle \u00e0 tes cheveux. Parfait pour tous les types de cheveux \u2013 essaie-le d\u00e8s maintenant !","breadcrumb":{"@id":"https:\/\/manskin.ch\/fr\/produkt\/slick-gorilla-sea-salt-spray\/#breadcrumb"},"inLanguage":"fr-FR","potentialAction":[{"@type":"ReadAction","target":["https:\/\/manskin.ch\/fr\/produkt\/slick-gorilla-sea-salt-spray\/"]}]},{"@type":"ImageObject","inLanguage":"fr-FR","@id":"https:\/\/manskin.ch\/fr\/produkt\/slick-gorilla-sea-salt-spray\/#primaryimage","url":"https:\/\/manskin.ch\/wp-content\/uploads\/2025\/09\/slick_seasaltspray.jpg","contentUrl":"https:\/\/manskin.ch\/wp-content\/uploads\/2025\/09\/slick_seasaltspray.jpg","width":1024,"height":1024},{"@type":"BreadcrumbList","@id":"https:\/\/manskin.ch\/fr\/produkt\/slick-gorilla-sea-salt-spray\/#breadcrumb","itemListElement":[{"@type":"ListItem","position":1,"name":"Startseite","item":"https:\/\/manskin.ch\/fr\/"},{"@type":"ListItem","position":2,"name":"Boutique","item":"https:\/\/manskin.ch\/fr\/boutique\/"},{"@type":"ListItem","position":3,"name":"Slick Gorilla &#8211; Sea Salt Spray"}]},{"@type":"WebSite","@id":"https:\/\/manskin.ch\/fr\/#website","url":"https:\/\/manskin.ch\/fr\/","name":"Manskin.ch","description":"Tous les produits de beaut\u00e9 pour les hommes les plus exigeants","publisher":{"@id":"https:\/\/manskin.ch\/fr\/#organization"},"potentialAction":[{"@type":"SearchAction","target":{"@type":"EntryPoint","urlTemplate":"https:\/\/manskin.ch\/fr\/?s={search_term_string}"},"query-input":{"@type":"PropertyValueSpecification","valueRequired":true,"valueName":"search_term_string"}}],"inLanguage":"fr-FR"},{"@type":"Organization","@id":"https:\/\/manskin.ch\/fr\/#organization","name":"Manskin.ch - der Schweizer Onlineshop f\u00fcr qualit\u00e4tsstarke M\u00e4nnerpflege","url":"https:\/\/manskin.ch\/fr\/","logo":{"@type":"ImageObject","inLanguage":"fr-FR","@id":"https:\/\/manskin.ch\/fr\/#\/schema\/logo\/image\/","url":"https:\/\/manskin.ch\/wp-content\/uploads\/2021\/04\/cropped-logo_head.png","contentUrl":"https:\/\/manskin.ch\/wp-content\/uploads\/2021\/04\/cropped-logo_head.png","width":235,"height":75,"caption":"Manskin.ch - der Schweizer Onlineshop f\u00fcr qualit\u00e4tsstarke M\u00e4nnerpflege"},"image":{"@id":"https:\/\/manskin.ch\/fr\/#\/schema\/logo\/image\/"},"sameAs":["https:\/\/www.facebook.com\/manskin.ch","https:\/\/www.instagram.com\/manskin.ch\/"]}]},"product_price_amount":"22.00","product_price_currency":"CHF","og_availability":"out of stock","product_availability":"out of stock","product_retailer_item_id":"14347","product_condition":"new"},"brands":[{"id":6612,"name":"Slick Gorilla","slug":"slick-gorilla"}],"_links":{"self":[{"href":"https:\/\/manskin.ch\/fr\/wp-json\/wp\/v2\/product\/502331","targetHints":{"allow":["GET"]}}],"collection":[{"href":"https:\/\/manskin.ch\/fr\/wp-json\/wp\/v2\/product"}],"about":[{"href":"https:\/\/manskin.ch\/fr\/wp-json\/wp\/v2\/types\/product"}],"replies":[{"embeddable":true,"href":"https:\/\/manskin.ch\/fr\/wp-json\/wp\/v2\/comments?post=502331"}],"wp:featuredmedia":[{"embeddable":true,"href":"https:\/\/manskin.ch\/fr\/wp-json\/wp\/v2\/media\/502342"}],"wp:attachment":[{"href":"https:\/\/manskin.ch\/fr\/wp-json\/wp\/v2\/media?parent=502331"}],"wp:term":[{"taxonomy":"pwb-brand","embeddable":true,"href":"https:\/\/manskin.ch\/fr\/wp-json\/wp\/v2\/pwb-brand?post=502331"},{"taxonomy":"product_brand","embeddable":true,"href":"https:\/\/manskin.ch\/fr\/wp-json\/wp\/v2\/product_brand?post=502331"},{"taxonomy":"product_cat","embeddable":true,"href":"https:\/\/manskin.ch\/fr\/wp-json\/wp\/v2\/product_cat?post=502331"},{"taxonomy":"product_tag","embeddable":true,"href":"https:\/\/manskin.ch\/fr\/wp-json\/wp\/v2\/product_tag?post=502331"}],"curies":[{"name":"wp","href":"https:\/\/api.w.org\/{rel}","templated":true}]}}