{"id":502196,"date":"2025-09-04T09:15:51","date_gmt":"2025-09-04T07:15:51","guid":{"rendered":"https:\/\/manskin.ch\/produkt\/naban-cell-power-lift-2\/"},"modified":"2026-03-09T08:27:23","modified_gmt":"2026-03-09T07:27:23","slug":"naban-cell-power-lift","status":"publish","type":"product","link":"https:\/\/manskin.ch\/fr\/produkt\/naban-cell-power-lift\/","title":{"rendered":"NABAN &#8211; Cell Power Lift Eye &amp; Face Serum"},"content":{"rendered":"<h2>NABAN &#8211; Cell Power Lift Eye &amp; Face Serum<\/h2>\n<ul>\n<li>Quand la haute technologie rencontre la nature \u2013 pour un regard \u00e9clatant, des contours raffermis et une nouvelle \u00e9nergie cellulaire.<\/li>\n<li>Le s\u00e9rum pour les yeux et le visage NABAN Cell Power Lift combine une technologie de pointe en mati\u00e8re d&rsquo;ingr\u00e9dients actifs avec la puissance de la nature \u2013 pour un soin de la peau qui agit en profondeur et rajeunit visiblement.<\/li>\n<li>Ce s\u00e9rum liftant raffermissant pour le visage et le contour des yeux active de mani\u00e8re cibl\u00e9e la r\u00e9g\u00e9n\u00e9ration cellulaire et aide la peau \u00e0 se renouveler de l&rsquo;int\u00e9rieur.<\/li>\n<li>Sa formule innovante \u00e0 base de NAD (nicotinamide ad\u00e9nine dinucl\u00e9otide), un coenzyme essentiel au m\u00e9tabolisme cellulaire, stimule la r\u00e9g\u00e9n\u00e9ration naturelle des cellules cutan\u00e9es et apporte une nouvelle vitalit\u00e9 et un nouvel \u00e9clat.<\/li>\n<li>Le complexe VividEye\u2122, l&rsquo;acide hyaluronique et les peptides similaires au botox agissent en synergie contre les poches, les rides et la peau fatigu\u00e9e, pour un regard \u00e9clatant et une peau lisse.<\/li>\n<\/ul>\n<p>Application : appliquer matin et soir une petite quantit\u00e9 sur la peau nettoy\u00e9e du visage et du contour des yeux.<\/p>\n<p>Contenu 30 ml.<\/p>\n<p>Les produits NABAN sont sp\u00e9cialement d\u00e9velopp\u00e9s pour r\u00e9pondre aux besoins des peaux matures des hommes et conviennent \u00e0 tous les types de peau. Fabriqu\u00e9s en Suisse, ces soins haut de gamme pour la peau et le rasage sont compos\u00e9s d&rsquo;ingr\u00e9dients purement naturels. Les produits, qui ne sont pas test\u00e9s sur les animaux, ne contiennent ni silicones, ni parab\u00e8nes, ni huiles min\u00e9rales, ni colorants ou parfums artificiels. Vegan.<\/p>\n<p>&nbsp;<\/p>\n","protected":false},"excerpt":{"rendered":"<p>S\u00e9rum liftant raffermissant pour le visage et le contour des yeux<\/p>\n","protected":false},"featured_media":502206,"comment_status":"closed","ping_status":"closed","template":"","meta":{"_acf_changed":false},"pwb-brand":[2772],"product_brand":[],"product_cat":[1930,2386,2349,2334],"product_tag":[],"class_list":{"0":"post-502196","1":"product","2":"type-product","3":"status-publish","4":"has-post-thumbnail","6":"pwb-brand-naban","7":"product_cat-anti-age","8":"product_cat-naban-fr","9":"product_cat-peau-fatiguee","10":"product_cat-serum-visage","11":"sales-flash-overlay","12":"woocommerce-text-align-center","13":"woocommerce-image-align-center","14":"do-quantity-buttons","16":"first","17":"instock","18":"taxable","19":"shipping-taxable","20":"purchasable","21":"product-type-simple"},"acf":[],"yoast_head":"<!-- This site is optimized with the Yoast SEO Premium plugin v27.3 (Yoast SEO v27.3) - https:\/\/yoast.com\/product\/yoast-seo-premium-wordpress\/ -->\n<title>NABAN - Cell Power Lift Eye &amp; Face Serum pour homme | Manskin.ch<\/title>\n<meta name=\"description\" content=\"Redonnez vie \u00e0 votre peau avec le s\u00e9rum Naban Power. Une technologie de pointe associ\u00e9e \u00e0 des ingr\u00e9dients naturels : procurez-vous ce s\u00e9rum!\" \/>\n<meta name=\"robots\" content=\"index, follow, max-snippet:-1, max-image-preview:large, max-video-preview:-1\" \/>\n<link rel=\"canonical\" href=\"https:\/\/manskin.ch\/fr\/produkt\/naban-cell-power-lift\/\" \/>\n<meta property=\"og:locale\" content=\"fr_FR\" \/>\n<meta property=\"og:type\" content=\"article\" \/>\n<meta property=\"og:title\" content=\"NABAN - Cell Power Lift Eye &amp; Face Serum\" \/>\n<meta property=\"og:description\" content=\"Redonnez vie \u00e0 votre peau avec le s\u00e9rum Naban Power. Une technologie de pointe associ\u00e9e \u00e0 des ingr\u00e9dients naturels : procurez-vous ce s\u00e9rum!\" \/>\n<meta property=\"og:url\" content=\"https:\/\/manskin.ch\/fr\/produkt\/naban-cell-power-lift\/\" \/>\n<meta property=\"og:site_name\" content=\"Manskin.ch\" \/>\n<meta property=\"article:publisher\" content=\"https:\/\/www.facebook.com\/manskin.ch\" \/>\n<meta property=\"article:modified_time\" content=\"2026-03-09T07:27:23+00:00\" \/>\n<meta name=\"twitter:card\" content=\"summary_large_image\" \/>\n<meta name=\"twitter:label1\" content=\"Prix\" \/>\n\t<meta name=\"twitter:data1\" content=\"60.50&#067;&#072;&#070;\" \/>\n\t<meta name=\"twitter:label2\" content=\"Disponibilit\u00e9\" \/>\n\t<meta name=\"twitter:data2\" content=\"En stock\" \/>\n<script type=\"application\/ld+json\" class=\"yoast-schema-graph\">{\"@context\":\"https:\\\/\\\/schema.org\",\"@graph\":[{\"@type\":\"WebPage\",\"@id\":\"https:\\\/\\\/manskin.ch\\\/fr\\\/produkt\\\/naban-cell-power-lift\\\/\",\"url\":\"https:\\\/\\\/manskin.ch\\\/fr\\\/produkt\\\/naban-cell-power-lift\\\/\",\"name\":\"NABAN - Cell Power Lift Eye &amp; Face Serum pour homme | Manskin.ch\",\"isPartOf\":{\"@id\":\"https:\\\/\\\/manskin.ch\\\/fr\\\/#website\"},\"primaryImageOfPage\":{\"@id\":\"https:\\\/\\\/manskin.ch\\\/fr\\\/produkt\\\/naban-cell-power-lift\\\/#primaryimage\"},\"image\":{\"@id\":\"https:\\\/\\\/manskin.ch\\\/fr\\\/produkt\\\/naban-cell-power-lift\\\/#primaryimage\"},\"thumbnailUrl\":\"https:\\\/\\\/manskin.ch\\\/wp-content\\\/uploads\\\/2025\\\/09\\\/Naban-Cell-Power-Lift.jpg\",\"datePublished\":\"2025-09-04T07:15:51+00:00\",\"dateModified\":\"2026-03-09T07:27:23+00:00\",\"description\":\"Redonnez vie \u00e0 votre peau avec le s\u00e9rum Naban Power. Une technologie de pointe associ\u00e9e \u00e0 des ingr\u00e9dients naturels : procurez-vous ce s\u00e9rum!\",\"breadcrumb\":{\"@id\":\"https:\\\/\\\/manskin.ch\\\/fr\\\/produkt\\\/naban-cell-power-lift\\\/#breadcrumb\"},\"inLanguage\":\"fr-FR\",\"potentialAction\":[{\"@type\":\"ReadAction\",\"target\":[\"https:\\\/\\\/manskin.ch\\\/fr\\\/produkt\\\/naban-cell-power-lift\\\/\"]}]},{\"@type\":\"ImageObject\",\"inLanguage\":\"fr-FR\",\"@id\":\"https:\\\/\\\/manskin.ch\\\/fr\\\/produkt\\\/naban-cell-power-lift\\\/#primaryimage\",\"url\":\"https:\\\/\\\/manskin.ch\\\/wp-content\\\/uploads\\\/2025\\\/09\\\/Naban-Cell-Power-Lift.jpg\",\"contentUrl\":\"https:\\\/\\\/manskin.ch\\\/wp-content\\\/uploads\\\/2025\\\/09\\\/Naban-Cell-Power-Lift.jpg\",\"width\":1000,\"height\":1000},{\"@type\":\"BreadcrumbList\",\"@id\":\"https:\\\/\\\/manskin.ch\\\/fr\\\/produkt\\\/naban-cell-power-lift\\\/#breadcrumb\",\"itemListElement\":[{\"@type\":\"ListItem\",\"position\":1,\"name\":\"Startseite\",\"item\":\"https:\\\/\\\/manskin.ch\\\/fr\\\/\"},{\"@type\":\"ListItem\",\"position\":2,\"name\":\"Boutique Soins pour Hommes &amp; Skincare\",\"item\":\"https:\\\/\\\/manskin.ch\\\/fr\\\/boutique\\\/\"},{\"@type\":\"ListItem\",\"position\":3,\"name\":\"NABAN &#8211; Cell Power Lift Eye &amp; Face Serum\"}]},{\"@type\":\"WebSite\",\"@id\":\"https:\\\/\\\/manskin.ch\\\/fr\\\/#website\",\"url\":\"https:\\\/\\\/manskin.ch\\\/fr\\\/\",\"name\":\"Manskin.ch\",\"description\":\"Tous les produits de beaut\u00e9 pour les hommes les plus exigeants\",\"publisher\":{\"@id\":\"https:\\\/\\\/manskin.ch\\\/fr\\\/#organization\"},\"potentialAction\":[{\"@type\":\"SearchAction\",\"target\":{\"@type\":\"EntryPoint\",\"urlTemplate\":\"https:\\\/\\\/manskin.ch\\\/fr\\\/?s={search_term_string}\"},\"query-input\":{\"@type\":\"PropertyValueSpecification\",\"valueRequired\":true,\"valueName\":\"search_term_string\"}}],\"inLanguage\":\"fr-FR\"},{\"@type\":\"Organization\",\"@id\":\"https:\\\/\\\/manskin.ch\\\/fr\\\/#organization\",\"name\":\"Manskin.ch - der Schweizer Onlineshop f\u00fcr qualit\u00e4tsstarke M\u00e4nnerpflege\",\"url\":\"https:\\\/\\\/manskin.ch\\\/fr\\\/\",\"logo\":{\"@type\":\"ImageObject\",\"inLanguage\":\"fr-FR\",\"@id\":\"https:\\\/\\\/manskin.ch\\\/fr\\\/#\\\/schema\\\/logo\\\/image\\\/\",\"url\":\"https:\\\/\\\/manskin.ch\\\/wp-content\\\/uploads\\\/2021\\\/04\\\/cropped-logo_head.png\",\"contentUrl\":\"https:\\\/\\\/manskin.ch\\\/wp-content\\\/uploads\\\/2021\\\/04\\\/cropped-logo_head.png\",\"width\":235,\"height\":75,\"caption\":\"Manskin.ch - der Schweizer Onlineshop f\u00fcr qualit\u00e4tsstarke M\u00e4nnerpflege\"},\"image\":{\"@id\":\"https:\\\/\\\/manskin.ch\\\/fr\\\/#\\\/schema\\\/logo\\\/image\\\/\"},\"sameAs\":[\"https:\\\/\\\/www.facebook.com\\\/manskin.ch\",\"https:\\\/\\\/www.instagram.com\\\/manskin.ch\\\/\"]}]}<\/script>\n<meta property=\"product:price:amount\" content=\"60.50\" \/>\n<meta property=\"product:price:currency\" content=\"CHF\" \/>\n<meta property=\"og:availability\" content=\"instock\" \/>\n<meta property=\"product:availability\" content=\"instock\" \/>\n<meta property=\"product:retailer_item_id\" content=\"14345\" \/>\n<meta property=\"product:condition\" content=\"new\" \/>\n<!-- \/ Yoast SEO Premium plugin. -->","yoast_head_json":{"title":"NABAN - Cell Power Lift Eye &amp; Face Serum pour homme | Manskin.ch","description":"Redonnez vie \u00e0 votre peau avec le s\u00e9rum Naban Power. Une technologie de pointe associ\u00e9e \u00e0 des ingr\u00e9dients naturels : procurez-vous ce s\u00e9rum!","robots":{"index":"index","follow":"follow","max-snippet":"max-snippet:-1","max-image-preview":"max-image-preview:large","max-video-preview":"max-video-preview:-1"},"canonical":"https:\/\/manskin.ch\/fr\/produkt\/naban-cell-power-lift\/","og_locale":"fr_FR","og_type":"article","og_title":"NABAN - Cell Power Lift Eye &amp; Face Serum","og_description":"Redonnez vie \u00e0 votre peau avec le s\u00e9rum Naban Power. Une technologie de pointe associ\u00e9e \u00e0 des ingr\u00e9dients naturels : procurez-vous ce s\u00e9rum!","og_url":"https:\/\/manskin.ch\/fr\/produkt\/naban-cell-power-lift\/","og_site_name":"Manskin.ch","article_publisher":"https:\/\/www.facebook.com\/manskin.ch","article_modified_time":"2026-03-09T07:27:23+00:00","twitter_card":"summary_large_image","twitter_misc":{"Prix":"60.50&#67;&#72;&#70;","Disponibilit\u00e9":"En stock"},"schema":{"@context":"https:\/\/schema.org","@graph":[{"@type":"WebPage","@id":"https:\/\/manskin.ch\/fr\/produkt\/naban-cell-power-lift\/","url":"https:\/\/manskin.ch\/fr\/produkt\/naban-cell-power-lift\/","name":"NABAN - Cell Power Lift Eye &amp; Face Serum pour homme | Manskin.ch","isPartOf":{"@id":"https:\/\/manskin.ch\/fr\/#website"},"primaryImageOfPage":{"@id":"https:\/\/manskin.ch\/fr\/produkt\/naban-cell-power-lift\/#primaryimage"},"image":{"@id":"https:\/\/manskin.ch\/fr\/produkt\/naban-cell-power-lift\/#primaryimage"},"thumbnailUrl":"https:\/\/manskin.ch\/wp-content\/uploads\/2025\/09\/Naban-Cell-Power-Lift.jpg","datePublished":"2025-09-04T07:15:51+00:00","dateModified":"2026-03-09T07:27:23+00:00","description":"Redonnez vie \u00e0 votre peau avec le s\u00e9rum Naban Power. Une technologie de pointe associ\u00e9e \u00e0 des ingr\u00e9dients naturels : procurez-vous ce s\u00e9rum!","breadcrumb":{"@id":"https:\/\/manskin.ch\/fr\/produkt\/naban-cell-power-lift\/#breadcrumb"},"inLanguage":"fr-FR","potentialAction":[{"@type":"ReadAction","target":["https:\/\/manskin.ch\/fr\/produkt\/naban-cell-power-lift\/"]}]},{"@type":"ImageObject","inLanguage":"fr-FR","@id":"https:\/\/manskin.ch\/fr\/produkt\/naban-cell-power-lift\/#primaryimage","url":"https:\/\/manskin.ch\/wp-content\/uploads\/2025\/09\/Naban-Cell-Power-Lift.jpg","contentUrl":"https:\/\/manskin.ch\/wp-content\/uploads\/2025\/09\/Naban-Cell-Power-Lift.jpg","width":1000,"height":1000},{"@type":"BreadcrumbList","@id":"https:\/\/manskin.ch\/fr\/produkt\/naban-cell-power-lift\/#breadcrumb","itemListElement":[{"@type":"ListItem","position":1,"name":"Startseite","item":"https:\/\/manskin.ch\/fr\/"},{"@type":"ListItem","position":2,"name":"Boutique Soins pour Hommes &amp; Skincare","item":"https:\/\/manskin.ch\/fr\/boutique\/"},{"@type":"ListItem","position":3,"name":"NABAN &#8211; Cell Power Lift Eye &amp; Face Serum"}]},{"@type":"WebSite","@id":"https:\/\/manskin.ch\/fr\/#website","url":"https:\/\/manskin.ch\/fr\/","name":"Manskin.ch","description":"Tous les produits de beaut\u00e9 pour les hommes les plus exigeants","publisher":{"@id":"https:\/\/manskin.ch\/fr\/#organization"},"potentialAction":[{"@type":"SearchAction","target":{"@type":"EntryPoint","urlTemplate":"https:\/\/manskin.ch\/fr\/?s={search_term_string}"},"query-input":{"@type":"PropertyValueSpecification","valueRequired":true,"valueName":"search_term_string"}}],"inLanguage":"fr-FR"},{"@type":"Organization","@id":"https:\/\/manskin.ch\/fr\/#organization","name":"Manskin.ch - der Schweizer Onlineshop f\u00fcr qualit\u00e4tsstarke M\u00e4nnerpflege","url":"https:\/\/manskin.ch\/fr\/","logo":{"@type":"ImageObject","inLanguage":"fr-FR","@id":"https:\/\/manskin.ch\/fr\/#\/schema\/logo\/image\/","url":"https:\/\/manskin.ch\/wp-content\/uploads\/2021\/04\/cropped-logo_head.png","contentUrl":"https:\/\/manskin.ch\/wp-content\/uploads\/2021\/04\/cropped-logo_head.png","width":235,"height":75,"caption":"Manskin.ch - der Schweizer Onlineshop f\u00fcr qualit\u00e4tsstarke M\u00e4nnerpflege"},"image":{"@id":"https:\/\/manskin.ch\/fr\/#\/schema\/logo\/image\/"},"sameAs":["https:\/\/www.facebook.com\/manskin.ch","https:\/\/www.instagram.com\/manskin.ch\/"]}]},"product_price_amount":"60.50","product_price_currency":"CHF","og_availability":"instock","product_availability":"instock","product_retailer_item_id":"14345","product_condition":"new"},"brands":[{"id":2772,"name":"NABAN","slug":"naban"}],"_links":{"self":[{"href":"https:\/\/manskin.ch\/fr\/wp-json\/wp\/v2\/product\/502196","targetHints":{"allow":["GET"]}}],"collection":[{"href":"https:\/\/manskin.ch\/fr\/wp-json\/wp\/v2\/product"}],"about":[{"href":"https:\/\/manskin.ch\/fr\/wp-json\/wp\/v2\/types\/product"}],"replies":[{"embeddable":true,"href":"https:\/\/manskin.ch\/fr\/wp-json\/wp\/v2\/comments?post=502196"}],"wp:featuredmedia":[{"embeddable":true,"href":"https:\/\/manskin.ch\/fr\/wp-json\/wp\/v2\/media\/502206"}],"wp:attachment":[{"href":"https:\/\/manskin.ch\/fr\/wp-json\/wp\/v2\/media?parent=502196"}],"wp:term":[{"taxonomy":"pwb-brand","embeddable":true,"href":"https:\/\/manskin.ch\/fr\/wp-json\/wp\/v2\/pwb-brand?post=502196"},{"taxonomy":"product_brand","embeddable":true,"href":"https:\/\/manskin.ch\/fr\/wp-json\/wp\/v2\/product_brand?post=502196"},{"taxonomy":"product_cat","embeddable":true,"href":"https:\/\/manskin.ch\/fr\/wp-json\/wp\/v2\/product_cat?post=502196"},{"taxonomy":"product_tag","embeddable":true,"href":"https:\/\/manskin.ch\/fr\/wp-json\/wp\/v2\/product_tag?post=502196"}],"curies":[{"name":"wp","href":"https:\/\/api.w.org\/{rel}","templated":true}]}}