{"id":502194,"date":"2025-08-26T09:14:13","date_gmt":"2025-08-26T07:14:13","guid":{"rendered":"https:\/\/manskin.ch\/produkt\/skns-body-oil-2\/"},"modified":"2025-09-11T15:42:45","modified_gmt":"2025-09-11T13:42:45","slug":"skns-body-oil","status":"publish","type":"product","link":"https:\/\/manskin.ch\/fr\/produkt\/skns-body-oil\/","title":{"rendered":"SKNS &#8211; Body Oil"},"content":{"rendered":"<h2>SKNS &#8211; Body Oil<\/h2>\n<ul>\n<li>Soigne ta&nbsp;peau avec l&#39;huile corporelle SKNS, une formule hydratante riche en antioxydants qui pr&eacute;serve la sant&eacute; de votre peau et lui donne un &eacute;clat de jeunesse.<br \/>\n\t&nbsp;<\/li>\n<li>L&#39;association d&#39;huiles d&#39;avocat, d&#39;amande et de noyau d&#39;abricot rend la peau visiblement plus douce, tandis que les huiles de rose sauvage et de baobab la nourrissent intens&eacute;ment et lui apportent de pr&eacute;cieuses vitamines.<br \/>\n\t&nbsp;<\/li>\n<li>L&#39;huile de p&eacute;pins de framboise, riche en antioxydants, prot&egrave;ge contre les radicaux libres et pr&eacute;vient le vieillissement cutan&eacute;.<br \/>\n\t&nbsp;<\/li>\n<li>L&#39;huile corporelle SKNS pr&eacute;serve l&#39;&eacute;lasticit&eacute; naturelle de votre peau, hydrate durablement et rend votre peau douce au toucher, jour apr&egrave;s jour.\n<p>\tAvantages :<br \/>\n\t&middot; Prot&egrave;ge contre les radicaux libres (antioxydants)<br \/>\n\t&middot; Nourrit intens&eacute;ment gr&acirc;ce &agrave; des huiles v&eacute;g&eacute;tales pr&eacute;cieuses<br \/>\n\t&middot; Favorise l&#39;&eacute;lasticit&eacute; et la sant&eacute; de la peau<br \/>\n\t&middot; Donne un &eacute;clat naturel<br \/>\n\t&middot; Convient &agrave; tous les types de peau<br \/>\n\t&nbsp;<\/li>\n<li>Contenu 145 ml..<\/li>\n<\/ul>\n","protected":false},"excerpt":{"rendered":"<p>SKNS &#8211; Body Oil Soigne ta&nbsp;peau avec l&#39;huile corporelle SKNS, une formule hydratante riche en antioxydants qui pr&eacute;serve la sant&eacute; de votre peau et lui donne un &eacute;clat de jeunesse. &nbsp; L&#39;association d&#39;huiles d&#39;avocat, d&#39;amande et de noyau d&#39;abricot rend la peau visiblement plus douce, tandis que les huiles de rose sauvage et de baobab &#8230; <a title=\"SKNS &#8211; Body Oil\" class=\"read-more\" href=\"https:\/\/manskin.ch\/fr\/produkt\/skns-body-oil\/\" aria-label=\"En savoir plus sur SKNS &#8211; Body Oil\">Lire la suite<\/a><\/p>\n","protected":false},"featured_media":502005,"comment_status":"closed","ping_status":"closed","template":"","meta":{"_acf_changed":false},"pwb-brand":[6610],"product_brand":[],"product_cat":[2356,6588],"product_tag":[],"class_list":{"0":"post-502194","1":"product","2":"type-product","3":"status-publish","4":"has-post-thumbnail","6":"pwb-brand-skns-skincare","7":"product_cat-lotion-corps","8":"product_cat-skns-skincare-fr","9":"sales-flash-overlay","10":"woocommerce-text-align-center","11":"woocommerce-image-align-center","12":"do-quantity-buttons","14":"first","15":"instock","16":"taxable","17":"shipping-taxable","18":"purchasable","19":"product-type-simple"},"acf":[],"yoast_head":"<!-- This site is optimized with the Yoast SEO Premium plugin v27.3 (Yoast SEO v27.3) - https:\/\/yoast.com\/product\/yoast-seo-premium-wordpress\/ -->\n<title>SKNS Body Oil : hydratation intense pour ta peau | Manskin.ch<\/title>\n<meta name=\"description\" content=\"D\u00e9couvre les bienfaits nourrissants de l&#039;huile corporelle SKNS ! Soigne ta peau avec un m\u00e9lange unique d&#039;huiles pr\u00e9cieuses et de vitamines.\" \/>\n<meta name=\"robots\" content=\"index, follow, max-snippet:-1, max-image-preview:large, max-video-preview:-1\" \/>\n<link rel=\"canonical\" href=\"https:\/\/manskin.ch\/fr\/produkt\/skns-body-oil\/\" \/>\n<meta property=\"og:locale\" content=\"fr_FR\" \/>\n<meta property=\"og:type\" content=\"article\" \/>\n<meta property=\"og:title\" content=\"SKNS - Body Oil\" \/>\n<meta property=\"og:description\" content=\"D\u00e9couvre les bienfaits nourrissants de l&#039;huile corporelle SKNS ! Soigne ta peau avec un m\u00e9lange unique d&#039;huiles pr\u00e9cieuses et de vitamines.\" \/>\n<meta property=\"og:url\" content=\"https:\/\/manskin.ch\/fr\/produkt\/skns-body-oil\/\" \/>\n<meta property=\"og:site_name\" content=\"Manskin.ch\" \/>\n<meta property=\"article:publisher\" content=\"https:\/\/www.facebook.com\/manskin.ch\" \/>\n<meta property=\"article:modified_time\" content=\"2025-09-11T13:42:45+00:00\" \/>\n<meta name=\"twitter:card\" content=\"summary_large_image\" \/>\n<meta name=\"twitter:label1\" content=\"Prix\" \/>\n\t<meta name=\"twitter:data1\" content=\"32.00&#067;&#072;&#070;\" \/>\n\t<meta name=\"twitter:label2\" content=\"Disponibilit\u00e9\" \/>\n\t<meta name=\"twitter:data2\" content=\"En stock\" \/>\n<script type=\"application\/ld+json\" class=\"yoast-schema-graph\">{\"@context\":\"https:\\\/\\\/schema.org\",\"@graph\":[{\"@type\":\"WebPage\",\"@id\":\"https:\\\/\\\/manskin.ch\\\/fr\\\/produkt\\\/skns-body-oil\\\/\",\"url\":\"https:\\\/\\\/manskin.ch\\\/fr\\\/produkt\\\/skns-body-oil\\\/\",\"name\":\"SKNS Body Oil : hydratation intense pour ta peau | Manskin.ch\",\"isPartOf\":{\"@id\":\"https:\\\/\\\/manskin.ch\\\/fr\\\/#website\"},\"primaryImageOfPage\":{\"@id\":\"https:\\\/\\\/manskin.ch\\\/fr\\\/produkt\\\/skns-body-oil\\\/#primaryimage\"},\"image\":{\"@id\":\"https:\\\/\\\/manskin.ch\\\/fr\\\/produkt\\\/skns-body-oil\\\/#primaryimage\"},\"thumbnailUrl\":\"https:\\\/\\\/manskin.ch\\\/wp-content\\\/uploads\\\/2025\\\/08\\\/Skns_bodyoil.jpg\",\"datePublished\":\"2025-08-26T07:14:13+00:00\",\"dateModified\":\"2025-09-11T13:42:45+00:00\",\"description\":\"D\u00e9couvre les bienfaits nourrissants de l'huile corporelle SKNS ! Soigne ta peau avec un m\u00e9lange unique d'huiles pr\u00e9cieuses et de vitamines.\",\"breadcrumb\":{\"@id\":\"https:\\\/\\\/manskin.ch\\\/fr\\\/produkt\\\/skns-body-oil\\\/#breadcrumb\"},\"inLanguage\":\"fr-FR\",\"potentialAction\":[{\"@type\":\"ReadAction\",\"target\":[\"https:\\\/\\\/manskin.ch\\\/fr\\\/produkt\\\/skns-body-oil\\\/\"]}]},{\"@type\":\"ImageObject\",\"inLanguage\":\"fr-FR\",\"@id\":\"https:\\\/\\\/manskin.ch\\\/fr\\\/produkt\\\/skns-body-oil\\\/#primaryimage\",\"url\":\"https:\\\/\\\/manskin.ch\\\/wp-content\\\/uploads\\\/2025\\\/08\\\/Skns_bodyoil.jpg\",\"contentUrl\":\"https:\\\/\\\/manskin.ch\\\/wp-content\\\/uploads\\\/2025\\\/08\\\/Skns_bodyoil.jpg\",\"width\":1000,\"height\":1000},{\"@type\":\"BreadcrumbList\",\"@id\":\"https:\\\/\\\/manskin.ch\\\/fr\\\/produkt\\\/skns-body-oil\\\/#breadcrumb\",\"itemListElement\":[{\"@type\":\"ListItem\",\"position\":1,\"name\":\"Startseite\",\"item\":\"https:\\\/\\\/manskin.ch\\\/fr\\\/\"},{\"@type\":\"ListItem\",\"position\":2,\"name\":\"Boutique Soins pour Hommes &amp; Skincare\",\"item\":\"https:\\\/\\\/manskin.ch\\\/fr\\\/boutique\\\/\"},{\"@type\":\"ListItem\",\"position\":3,\"name\":\"SKNS &#8211; Body Oil\"}]},{\"@type\":\"WebSite\",\"@id\":\"https:\\\/\\\/manskin.ch\\\/fr\\\/#website\",\"url\":\"https:\\\/\\\/manskin.ch\\\/fr\\\/\",\"name\":\"Manskin.ch\",\"description\":\"Tous les produits de beaut\u00e9 pour les hommes les plus exigeants\",\"publisher\":{\"@id\":\"https:\\\/\\\/manskin.ch\\\/fr\\\/#organization\"},\"potentialAction\":[{\"@type\":\"SearchAction\",\"target\":{\"@type\":\"EntryPoint\",\"urlTemplate\":\"https:\\\/\\\/manskin.ch\\\/fr\\\/?s={search_term_string}\"},\"query-input\":{\"@type\":\"PropertyValueSpecification\",\"valueRequired\":true,\"valueName\":\"search_term_string\"}}],\"inLanguage\":\"fr-FR\"},{\"@type\":\"Organization\",\"@id\":\"https:\\\/\\\/manskin.ch\\\/fr\\\/#organization\",\"name\":\"Manskin.ch - der Schweizer Onlineshop f\u00fcr qualit\u00e4tsstarke M\u00e4nnerpflege\",\"url\":\"https:\\\/\\\/manskin.ch\\\/fr\\\/\",\"logo\":{\"@type\":\"ImageObject\",\"inLanguage\":\"fr-FR\",\"@id\":\"https:\\\/\\\/manskin.ch\\\/fr\\\/#\\\/schema\\\/logo\\\/image\\\/\",\"url\":\"https:\\\/\\\/manskin.ch\\\/wp-content\\\/uploads\\\/2021\\\/04\\\/cropped-logo_head.png\",\"contentUrl\":\"https:\\\/\\\/manskin.ch\\\/wp-content\\\/uploads\\\/2021\\\/04\\\/cropped-logo_head.png\",\"width\":235,\"height\":75,\"caption\":\"Manskin.ch - der Schweizer Onlineshop f\u00fcr qualit\u00e4tsstarke M\u00e4nnerpflege\"},\"image\":{\"@id\":\"https:\\\/\\\/manskin.ch\\\/fr\\\/#\\\/schema\\\/logo\\\/image\\\/\"},\"sameAs\":[\"https:\\\/\\\/www.facebook.com\\\/manskin.ch\",\"https:\\\/\\\/www.instagram.com\\\/manskin.ch\\\/\"]}]}<\/script>\n<meta property=\"product:price:amount\" content=\"32.00\" \/>\n<meta property=\"product:price:currency\" content=\"CHF\" \/>\n<meta property=\"og:availability\" content=\"instock\" \/>\n<meta property=\"product:availability\" content=\"instock\" \/>\n<meta property=\"product:retailer_item_id\" content=\"14343\" \/>\n<meta property=\"product:condition\" content=\"new\" \/>\n<!-- \/ Yoast SEO Premium plugin. -->","yoast_head_json":{"title":"SKNS Body Oil : hydratation intense pour ta peau | Manskin.ch","description":"D\u00e9couvre les bienfaits nourrissants de l'huile corporelle SKNS ! Soigne ta peau avec un m\u00e9lange unique d'huiles pr\u00e9cieuses et de vitamines.","robots":{"index":"index","follow":"follow","max-snippet":"max-snippet:-1","max-image-preview":"max-image-preview:large","max-video-preview":"max-video-preview:-1"},"canonical":"https:\/\/manskin.ch\/fr\/produkt\/skns-body-oil\/","og_locale":"fr_FR","og_type":"article","og_title":"SKNS - Body Oil","og_description":"D\u00e9couvre les bienfaits nourrissants de l'huile corporelle SKNS ! Soigne ta peau avec un m\u00e9lange unique d'huiles pr\u00e9cieuses et de vitamines.","og_url":"https:\/\/manskin.ch\/fr\/produkt\/skns-body-oil\/","og_site_name":"Manskin.ch","article_publisher":"https:\/\/www.facebook.com\/manskin.ch","article_modified_time":"2025-09-11T13:42:45+00:00","twitter_card":"summary_large_image","twitter_misc":{"Prix":"32.00&#67;&#72;&#70;","Disponibilit\u00e9":"En stock"},"schema":{"@context":"https:\/\/schema.org","@graph":[{"@type":"WebPage","@id":"https:\/\/manskin.ch\/fr\/produkt\/skns-body-oil\/","url":"https:\/\/manskin.ch\/fr\/produkt\/skns-body-oil\/","name":"SKNS Body Oil : hydratation intense pour ta peau | Manskin.ch","isPartOf":{"@id":"https:\/\/manskin.ch\/fr\/#website"},"primaryImageOfPage":{"@id":"https:\/\/manskin.ch\/fr\/produkt\/skns-body-oil\/#primaryimage"},"image":{"@id":"https:\/\/manskin.ch\/fr\/produkt\/skns-body-oil\/#primaryimage"},"thumbnailUrl":"https:\/\/manskin.ch\/wp-content\/uploads\/2025\/08\/Skns_bodyoil.jpg","datePublished":"2025-08-26T07:14:13+00:00","dateModified":"2025-09-11T13:42:45+00:00","description":"D\u00e9couvre les bienfaits nourrissants de l'huile corporelle SKNS ! Soigne ta peau avec un m\u00e9lange unique d'huiles pr\u00e9cieuses et de vitamines.","breadcrumb":{"@id":"https:\/\/manskin.ch\/fr\/produkt\/skns-body-oil\/#breadcrumb"},"inLanguage":"fr-FR","potentialAction":[{"@type":"ReadAction","target":["https:\/\/manskin.ch\/fr\/produkt\/skns-body-oil\/"]}]},{"@type":"ImageObject","inLanguage":"fr-FR","@id":"https:\/\/manskin.ch\/fr\/produkt\/skns-body-oil\/#primaryimage","url":"https:\/\/manskin.ch\/wp-content\/uploads\/2025\/08\/Skns_bodyoil.jpg","contentUrl":"https:\/\/manskin.ch\/wp-content\/uploads\/2025\/08\/Skns_bodyoil.jpg","width":1000,"height":1000},{"@type":"BreadcrumbList","@id":"https:\/\/manskin.ch\/fr\/produkt\/skns-body-oil\/#breadcrumb","itemListElement":[{"@type":"ListItem","position":1,"name":"Startseite","item":"https:\/\/manskin.ch\/fr\/"},{"@type":"ListItem","position":2,"name":"Boutique Soins pour Hommes &amp; Skincare","item":"https:\/\/manskin.ch\/fr\/boutique\/"},{"@type":"ListItem","position":3,"name":"SKNS &#8211; Body Oil"}]},{"@type":"WebSite","@id":"https:\/\/manskin.ch\/fr\/#website","url":"https:\/\/manskin.ch\/fr\/","name":"Manskin.ch","description":"Tous les produits de beaut\u00e9 pour les hommes les plus exigeants","publisher":{"@id":"https:\/\/manskin.ch\/fr\/#organization"},"potentialAction":[{"@type":"SearchAction","target":{"@type":"EntryPoint","urlTemplate":"https:\/\/manskin.ch\/fr\/?s={search_term_string}"},"query-input":{"@type":"PropertyValueSpecification","valueRequired":true,"valueName":"search_term_string"}}],"inLanguage":"fr-FR"},{"@type":"Organization","@id":"https:\/\/manskin.ch\/fr\/#organization","name":"Manskin.ch - der Schweizer Onlineshop f\u00fcr qualit\u00e4tsstarke M\u00e4nnerpflege","url":"https:\/\/manskin.ch\/fr\/","logo":{"@type":"ImageObject","inLanguage":"fr-FR","@id":"https:\/\/manskin.ch\/fr\/#\/schema\/logo\/image\/","url":"https:\/\/manskin.ch\/wp-content\/uploads\/2021\/04\/cropped-logo_head.png","contentUrl":"https:\/\/manskin.ch\/wp-content\/uploads\/2021\/04\/cropped-logo_head.png","width":235,"height":75,"caption":"Manskin.ch - der Schweizer Onlineshop f\u00fcr qualit\u00e4tsstarke M\u00e4nnerpflege"},"image":{"@id":"https:\/\/manskin.ch\/fr\/#\/schema\/logo\/image\/"},"sameAs":["https:\/\/www.facebook.com\/manskin.ch","https:\/\/www.instagram.com\/manskin.ch\/"]}]},"product_price_amount":"32.00","product_price_currency":"CHF","og_availability":"instock","product_availability":"instock","product_retailer_item_id":"14343","product_condition":"new"},"brands":[{"id":6610,"name":"SKNS Skincare","slug":"skns-skincare"}],"_links":{"self":[{"href":"https:\/\/manskin.ch\/fr\/wp-json\/wp\/v2\/product\/502194","targetHints":{"allow":["GET"]}}],"collection":[{"href":"https:\/\/manskin.ch\/fr\/wp-json\/wp\/v2\/product"}],"about":[{"href":"https:\/\/manskin.ch\/fr\/wp-json\/wp\/v2\/types\/product"}],"replies":[{"embeddable":true,"href":"https:\/\/manskin.ch\/fr\/wp-json\/wp\/v2\/comments?post=502194"}],"wp:featuredmedia":[{"embeddable":true,"href":"https:\/\/manskin.ch\/fr\/wp-json\/wp\/v2\/media\/502005"}],"wp:attachment":[{"href":"https:\/\/manskin.ch\/fr\/wp-json\/wp\/v2\/media?parent=502194"}],"wp:term":[{"taxonomy":"pwb-brand","embeddable":true,"href":"https:\/\/manskin.ch\/fr\/wp-json\/wp\/v2\/pwb-brand?post=502194"},{"taxonomy":"product_brand","embeddable":true,"href":"https:\/\/manskin.ch\/fr\/wp-json\/wp\/v2\/product_brand?post=502194"},{"taxonomy":"product_cat","embeddable":true,"href":"https:\/\/manskin.ch\/fr\/wp-json\/wp\/v2\/product_cat?post=502194"},{"taxonomy":"product_tag","embeddable":true,"href":"https:\/\/manskin.ch\/fr\/wp-json\/wp\/v2\/product_tag?post=502194"}],"curies":[{"name":"wp","href":"https:\/\/api.w.org\/{rel}","templated":true}]}}