{"id":502192,"date":"2025-08-26T09:07:43","date_gmt":"2025-08-26T07:07:43","guid":{"rendered":"https:\/\/manskin.ch\/produkt\/skns-body-sorbet-2\/"},"modified":"2025-09-14T17:08:54","modified_gmt":"2025-09-14T15:08:54","slug":"skns-body-sorbet","status":"publish","type":"product","link":"https:\/\/manskin.ch\/fr\/produkt\/skns-body-sorbet\/","title":{"rendered":"SKNS &#8211; Body Sorbet"},"content":{"rendered":"<h2>SKNS &#8211; Body Sorbet<\/h2>\n<ul>\n<li>Sorbet corporel nourrissant et profond\u00e9ment efficace \u00e0 base d&rsquo;acide hyaluronique, de niacinamide et de postbiotiques pour soutenir le microbiome de la peau.<\/li>\n<li>Enrichi en Prodew 600, une combinaison d&rsquo;acides amin\u00e9s, de lactate de sodium et d&rsquo;ur\u00e9e, ce sorbet corporel hydrate intens\u00e9ment et am\u00e9liore l&rsquo;\u00e9lasticit\u00e9 et l&rsquo;apparence de la peau. Il p\u00e9n\u00e8tre rapidement et laisse la peau douce, soyeuse et souple tout au long de la journ\u00e9e.<\/li>\n<li>Son parfum floral d\u00e9licat procure une exp\u00e9rience de soin agr\u00e9able et relaxante.<\/li>\n<li>Convient \u00e0 tous les types de peau, y compris les peaux sensibles. Sa formule riche en vitamines et en nutriments aide \u00e0 r\u00e9g\u00e9n\u00e9rer et \u00e0 renforcer la barri\u00e8re protectrice naturelle de la peau. Apr\u00e8s seulement quelques instants, la peau para\u00eet plus lisse, plus saine et plus souple.<\/li>\n<\/ul>\n<p>Avantages particuliers :<\/p>\n<ul>\n<li>\u00b7 Favorise l&rsquo;\u00e9quilibre du microbiome cutan\u00e9 (postbiotiques)<\/li>\n<li>\u00b7 Peau douce, soyeuse et souple<\/li>\n<li>\u00b7 Vitamines et nutriments pour la peau<\/li>\n<li>\u00b7 Hydratation intense et durable<\/li>\n<\/ul>\n<p>Contenu 200 ml.<\/p>\n","protected":false},"excerpt":{"rendered":"<p>SKNS &#8211; Body Sorbet Sorbet corporel nourrissant et profond\u00e9ment efficace \u00e0 base d&rsquo;acide hyaluronique, de niacinamide et de postbiotiques pour soutenir le microbiome de la peau. Enrichi en Prodew 600, une combinaison d&rsquo;acides amin\u00e9s, de lactate de sodium et d&rsquo;ur\u00e9e, ce sorbet corporel hydrate intens\u00e9ment et am\u00e9liore l&rsquo;\u00e9lasticit\u00e9 et l&rsquo;apparence de la peau. Il p\u00e9n\u00e8tre &#8230; <a title=\"SKNS &#8211; Body Sorbet\" class=\"read-more\" href=\"https:\/\/manskin.ch\/fr\/produkt\/skns-body-sorbet\/\" aria-label=\"En savoir plus sur SKNS &#8211; Body Sorbet\">Lire la suite<\/a><\/p>\n","protected":false},"featured_media":502003,"comment_status":"closed","ping_status":"closed","template":"","meta":{"_acf_changed":false},"pwb-brand":[6610],"product_brand":[],"product_cat":[2356,6588],"product_tag":[],"class_list":{"0":"post-502192","1":"product","2":"type-product","3":"status-publish","4":"has-post-thumbnail","6":"pwb-brand-skns-skincare","7":"product_cat-lotion-corps","8":"product_cat-skns-skincare-fr","9":"sales-flash-overlay","10":"woocommerce-text-align-center","11":"woocommerce-image-align-center","12":"do-quantity-buttons","14":"first","15":"instock","16":"taxable","17":"shipping-taxable","18":"purchasable","19":"product-type-simple"},"acf":[],"yoast_head":"<!-- This site is optimized with the Yoast SEO Premium plugin v27.3 (Yoast SEO v27.3) - https:\/\/yoast.com\/product\/yoast-seo-premium-wordpress\/ -->\n<title>SKNS Body Sorbet \u00e0 l&#039;acide hyaluronique et \u00e0 la niacinamide | Manskin.ch<\/title>\n<meta name=\"description\" content=\"Le Body Sorbet SKNS offre un soin profond gr\u00e2ce \u00e0 ses postbiotiques. Soigne ta peau pour toute la journ\u00e9e et profite d&#039;une sensation soyeuse !\" \/>\n<meta name=\"robots\" content=\"index, follow, max-snippet:-1, max-image-preview:large, max-video-preview:-1\" \/>\n<link rel=\"canonical\" href=\"https:\/\/manskin.ch\/fr\/produkt\/skns-body-sorbet\/\" \/>\n<meta property=\"og:locale\" content=\"fr_FR\" \/>\n<meta property=\"og:type\" content=\"article\" \/>\n<meta property=\"og:title\" content=\"SKNS - Body Sorbet\" \/>\n<meta property=\"og:description\" content=\"Le Body Sorbet SKNS offre un soin profond gr\u00e2ce \u00e0 ses postbiotiques. Soigne ta peau pour toute la journ\u00e9e et profite d&#039;une sensation soyeuse !\" \/>\n<meta property=\"og:url\" content=\"https:\/\/manskin.ch\/fr\/produkt\/skns-body-sorbet\/\" \/>\n<meta property=\"og:site_name\" content=\"Manskin.ch\" \/>\n<meta property=\"article:publisher\" content=\"https:\/\/www.facebook.com\/manskin.ch\" \/>\n<meta property=\"article:modified_time\" content=\"2025-09-14T15:08:54+00:00\" \/>\n<meta property=\"og:image\" content=\"https:\/\/manskin.ch\/wp-content\/uploads\/2025\/08\/Skns_bodysorbet.jpg\" \/>\n\t<meta property=\"og:image:width\" content=\"1000\" \/>\n\t<meta property=\"og:image:height\" content=\"1000\" \/>\n\t<meta property=\"og:image:type\" content=\"image\/jpeg\" \/>\n<meta name=\"twitter:card\" content=\"summary_large_image\" \/>\n<meta name=\"twitter:label1\" content=\"Prix\" \/>\n\t<meta name=\"twitter:data1\" content=\"26.50&#067;&#072;&#070;\" \/>\n\t<meta name=\"twitter:label2\" content=\"Disponibilit\u00e9\" \/>\n\t<meta name=\"twitter:data2\" content=\"En stock\" \/>\n<script type=\"application\/ld+json\" class=\"yoast-schema-graph\">{\"@context\":\"https:\\\/\\\/schema.org\",\"@graph\":[{\"@type\":\"WebPage\",\"@id\":\"https:\\\/\\\/manskin.ch\\\/fr\\\/produkt\\\/skns-body-sorbet\\\/\",\"url\":\"https:\\\/\\\/manskin.ch\\\/fr\\\/produkt\\\/skns-body-sorbet\\\/\",\"name\":\"SKNS Body Sorbet \u00e0 l'acide hyaluronique et \u00e0 la niacinamide | Manskin.ch\",\"isPartOf\":{\"@id\":\"https:\\\/\\\/manskin.ch\\\/fr\\\/#website\"},\"primaryImageOfPage\":{\"@id\":\"https:\\\/\\\/manskin.ch\\\/fr\\\/produkt\\\/skns-body-sorbet\\\/#primaryimage\"},\"image\":{\"@id\":\"https:\\\/\\\/manskin.ch\\\/fr\\\/produkt\\\/skns-body-sorbet\\\/#primaryimage\"},\"thumbnailUrl\":\"https:\\\/\\\/manskin.ch\\\/wp-content\\\/uploads\\\/2025\\\/08\\\/Skns_bodysorbet.jpg\",\"datePublished\":\"2025-08-26T07:07:43+00:00\",\"dateModified\":\"2025-09-14T15:08:54+00:00\",\"description\":\"Le Body Sorbet SKNS offre un soin profond gr\u00e2ce \u00e0 ses postbiotiques. Soigne ta peau pour toute la journ\u00e9e et profite d'une sensation soyeuse !\",\"breadcrumb\":{\"@id\":\"https:\\\/\\\/manskin.ch\\\/fr\\\/produkt\\\/skns-body-sorbet\\\/#breadcrumb\"},\"inLanguage\":\"fr-FR\",\"potentialAction\":[{\"@type\":\"ReadAction\",\"target\":[\"https:\\\/\\\/manskin.ch\\\/fr\\\/produkt\\\/skns-body-sorbet\\\/\"]}]},{\"@type\":\"ImageObject\",\"inLanguage\":\"fr-FR\",\"@id\":\"https:\\\/\\\/manskin.ch\\\/fr\\\/produkt\\\/skns-body-sorbet\\\/#primaryimage\",\"url\":\"https:\\\/\\\/manskin.ch\\\/wp-content\\\/uploads\\\/2025\\\/08\\\/Skns_bodysorbet.jpg\",\"contentUrl\":\"https:\\\/\\\/manskin.ch\\\/wp-content\\\/uploads\\\/2025\\\/08\\\/Skns_bodysorbet.jpg\",\"width\":1000,\"height\":1000},{\"@type\":\"BreadcrumbList\",\"@id\":\"https:\\\/\\\/manskin.ch\\\/fr\\\/produkt\\\/skns-body-sorbet\\\/#breadcrumb\",\"itemListElement\":[{\"@type\":\"ListItem\",\"position\":1,\"name\":\"Startseite\",\"item\":\"https:\\\/\\\/manskin.ch\\\/fr\\\/\"},{\"@type\":\"ListItem\",\"position\":2,\"name\":\"Boutique Soins pour Hommes &amp; Skincare\",\"item\":\"https:\\\/\\\/manskin.ch\\\/fr\\\/boutique\\\/\"},{\"@type\":\"ListItem\",\"position\":3,\"name\":\"SKNS &#8211; Body Sorbet\"}]},{\"@type\":\"WebSite\",\"@id\":\"https:\\\/\\\/manskin.ch\\\/fr\\\/#website\",\"url\":\"https:\\\/\\\/manskin.ch\\\/fr\\\/\",\"name\":\"Manskin.ch\",\"description\":\"Tous les produits de beaut\u00e9 pour les hommes les plus exigeants\",\"publisher\":{\"@id\":\"https:\\\/\\\/manskin.ch\\\/fr\\\/#organization\"},\"potentialAction\":[{\"@type\":\"SearchAction\",\"target\":{\"@type\":\"EntryPoint\",\"urlTemplate\":\"https:\\\/\\\/manskin.ch\\\/fr\\\/?s={search_term_string}\"},\"query-input\":{\"@type\":\"PropertyValueSpecification\",\"valueRequired\":true,\"valueName\":\"search_term_string\"}}],\"inLanguage\":\"fr-FR\"},{\"@type\":\"Organization\",\"@id\":\"https:\\\/\\\/manskin.ch\\\/fr\\\/#organization\",\"name\":\"Manskin.ch - der Schweizer Onlineshop f\u00fcr qualit\u00e4tsstarke M\u00e4nnerpflege\",\"url\":\"https:\\\/\\\/manskin.ch\\\/fr\\\/\",\"logo\":{\"@type\":\"ImageObject\",\"inLanguage\":\"fr-FR\",\"@id\":\"https:\\\/\\\/manskin.ch\\\/fr\\\/#\\\/schema\\\/logo\\\/image\\\/\",\"url\":\"https:\\\/\\\/manskin.ch\\\/wp-content\\\/uploads\\\/2021\\\/04\\\/cropped-logo_head.png\",\"contentUrl\":\"https:\\\/\\\/manskin.ch\\\/wp-content\\\/uploads\\\/2021\\\/04\\\/cropped-logo_head.png\",\"width\":235,\"height\":75,\"caption\":\"Manskin.ch - der Schweizer Onlineshop f\u00fcr qualit\u00e4tsstarke M\u00e4nnerpflege\"},\"image\":{\"@id\":\"https:\\\/\\\/manskin.ch\\\/fr\\\/#\\\/schema\\\/logo\\\/image\\\/\"},\"sameAs\":[\"https:\\\/\\\/www.facebook.com\\\/manskin.ch\",\"https:\\\/\\\/www.instagram.com\\\/manskin.ch\\\/\"]}]}<\/script>\n<meta property=\"product:price:amount\" content=\"26.50\" \/>\n<meta property=\"product:price:currency\" content=\"CHF\" \/>\n<meta property=\"og:availability\" content=\"instock\" \/>\n<meta property=\"product:availability\" content=\"instock\" \/>\n<meta property=\"product:retailer_item_id\" content=\"14342\" \/>\n<meta property=\"product:condition\" content=\"new\" \/>\n<!-- \/ Yoast SEO Premium plugin. -->","yoast_head_json":{"title":"SKNS Body Sorbet \u00e0 l'acide hyaluronique et \u00e0 la niacinamide | Manskin.ch","description":"Le Body Sorbet SKNS offre un soin profond gr\u00e2ce \u00e0 ses postbiotiques. Soigne ta peau pour toute la journ\u00e9e et profite d'une sensation soyeuse !","robots":{"index":"index","follow":"follow","max-snippet":"max-snippet:-1","max-image-preview":"max-image-preview:large","max-video-preview":"max-video-preview:-1"},"canonical":"https:\/\/manskin.ch\/fr\/produkt\/skns-body-sorbet\/","og_locale":"fr_FR","og_type":"article","og_title":"SKNS - Body Sorbet","og_description":"Le Body Sorbet SKNS offre un soin profond gr\u00e2ce \u00e0 ses postbiotiques. Soigne ta peau pour toute la journ\u00e9e et profite d'une sensation soyeuse !","og_url":"https:\/\/manskin.ch\/fr\/produkt\/skns-body-sorbet\/","og_site_name":"Manskin.ch","article_publisher":"https:\/\/www.facebook.com\/manskin.ch","article_modified_time":"2025-09-14T15:08:54+00:00","og_image":[{"width":1000,"height":1000,"url":"https:\/\/manskin.ch\/wp-content\/uploads\/2025\/08\/Skns_bodysorbet.jpg","type":"image\/jpeg"}],"twitter_card":"summary_large_image","twitter_misc":{"Prix":"26.50&#67;&#72;&#70;","Disponibilit\u00e9":"En stock"},"schema":{"@context":"https:\/\/schema.org","@graph":[{"@type":"WebPage","@id":"https:\/\/manskin.ch\/fr\/produkt\/skns-body-sorbet\/","url":"https:\/\/manskin.ch\/fr\/produkt\/skns-body-sorbet\/","name":"SKNS Body Sorbet \u00e0 l'acide hyaluronique et \u00e0 la niacinamide | Manskin.ch","isPartOf":{"@id":"https:\/\/manskin.ch\/fr\/#website"},"primaryImageOfPage":{"@id":"https:\/\/manskin.ch\/fr\/produkt\/skns-body-sorbet\/#primaryimage"},"image":{"@id":"https:\/\/manskin.ch\/fr\/produkt\/skns-body-sorbet\/#primaryimage"},"thumbnailUrl":"https:\/\/manskin.ch\/wp-content\/uploads\/2025\/08\/Skns_bodysorbet.jpg","datePublished":"2025-08-26T07:07:43+00:00","dateModified":"2025-09-14T15:08:54+00:00","description":"Le Body Sorbet SKNS offre un soin profond gr\u00e2ce \u00e0 ses postbiotiques. Soigne ta peau pour toute la journ\u00e9e et profite d'une sensation soyeuse !","breadcrumb":{"@id":"https:\/\/manskin.ch\/fr\/produkt\/skns-body-sorbet\/#breadcrumb"},"inLanguage":"fr-FR","potentialAction":[{"@type":"ReadAction","target":["https:\/\/manskin.ch\/fr\/produkt\/skns-body-sorbet\/"]}]},{"@type":"ImageObject","inLanguage":"fr-FR","@id":"https:\/\/manskin.ch\/fr\/produkt\/skns-body-sorbet\/#primaryimage","url":"https:\/\/manskin.ch\/wp-content\/uploads\/2025\/08\/Skns_bodysorbet.jpg","contentUrl":"https:\/\/manskin.ch\/wp-content\/uploads\/2025\/08\/Skns_bodysorbet.jpg","width":1000,"height":1000},{"@type":"BreadcrumbList","@id":"https:\/\/manskin.ch\/fr\/produkt\/skns-body-sorbet\/#breadcrumb","itemListElement":[{"@type":"ListItem","position":1,"name":"Startseite","item":"https:\/\/manskin.ch\/fr\/"},{"@type":"ListItem","position":2,"name":"Boutique Soins pour Hommes &amp; Skincare","item":"https:\/\/manskin.ch\/fr\/boutique\/"},{"@type":"ListItem","position":3,"name":"SKNS &#8211; Body Sorbet"}]},{"@type":"WebSite","@id":"https:\/\/manskin.ch\/fr\/#website","url":"https:\/\/manskin.ch\/fr\/","name":"Manskin.ch","description":"Tous les produits de beaut\u00e9 pour les hommes les plus exigeants","publisher":{"@id":"https:\/\/manskin.ch\/fr\/#organization"},"potentialAction":[{"@type":"SearchAction","target":{"@type":"EntryPoint","urlTemplate":"https:\/\/manskin.ch\/fr\/?s={search_term_string}"},"query-input":{"@type":"PropertyValueSpecification","valueRequired":true,"valueName":"search_term_string"}}],"inLanguage":"fr-FR"},{"@type":"Organization","@id":"https:\/\/manskin.ch\/fr\/#organization","name":"Manskin.ch - der Schweizer Onlineshop f\u00fcr qualit\u00e4tsstarke M\u00e4nnerpflege","url":"https:\/\/manskin.ch\/fr\/","logo":{"@type":"ImageObject","inLanguage":"fr-FR","@id":"https:\/\/manskin.ch\/fr\/#\/schema\/logo\/image\/","url":"https:\/\/manskin.ch\/wp-content\/uploads\/2021\/04\/cropped-logo_head.png","contentUrl":"https:\/\/manskin.ch\/wp-content\/uploads\/2021\/04\/cropped-logo_head.png","width":235,"height":75,"caption":"Manskin.ch - der Schweizer Onlineshop f\u00fcr qualit\u00e4tsstarke M\u00e4nnerpflege"},"image":{"@id":"https:\/\/manskin.ch\/fr\/#\/schema\/logo\/image\/"},"sameAs":["https:\/\/www.facebook.com\/manskin.ch","https:\/\/www.instagram.com\/manskin.ch\/"]}]},"product_price_amount":"26.50","product_price_currency":"CHF","og_availability":"instock","product_availability":"instock","product_retailer_item_id":"14342","product_condition":"new"},"brands":[{"id":6610,"name":"SKNS Skincare","slug":"skns-skincare"}],"_links":{"self":[{"href":"https:\/\/manskin.ch\/fr\/wp-json\/wp\/v2\/product\/502192","targetHints":{"allow":["GET"]}}],"collection":[{"href":"https:\/\/manskin.ch\/fr\/wp-json\/wp\/v2\/product"}],"about":[{"href":"https:\/\/manskin.ch\/fr\/wp-json\/wp\/v2\/types\/product"}],"replies":[{"embeddable":true,"href":"https:\/\/manskin.ch\/fr\/wp-json\/wp\/v2\/comments?post=502192"}],"wp:featuredmedia":[{"embeddable":true,"href":"https:\/\/manskin.ch\/fr\/wp-json\/wp\/v2\/media\/502003"}],"wp:attachment":[{"href":"https:\/\/manskin.ch\/fr\/wp-json\/wp\/v2\/media?parent=502192"}],"wp:term":[{"taxonomy":"pwb-brand","embeddable":true,"href":"https:\/\/manskin.ch\/fr\/wp-json\/wp\/v2\/pwb-brand?post=502192"},{"taxonomy":"product_brand","embeddable":true,"href":"https:\/\/manskin.ch\/fr\/wp-json\/wp\/v2\/product_brand?post=502192"},{"taxonomy":"product_cat","embeddable":true,"href":"https:\/\/manskin.ch\/fr\/wp-json\/wp\/v2\/product_cat?post=502192"},{"taxonomy":"product_tag","embeddable":true,"href":"https:\/\/manskin.ch\/fr\/wp-json\/wp\/v2\/product_tag?post=502192"}],"curies":[{"name":"wp","href":"https:\/\/api.w.org\/{rel}","templated":true}]}}