{"id":502188,"date":"2025-08-26T08:27:50","date_gmt":"2025-08-26T06:27:50","guid":{"rendered":"https:\/\/manskin.ch\/produkt\/skns-creme-mains\/"},"modified":"2025-09-14T17:09:20","modified_gmt":"2025-09-14T15:09:20","slug":"skns-creme-mains","status":"publish","type":"product","link":"https:\/\/manskin.ch\/fr\/produkt\/skns-creme-mains\/","title":{"rendered":"SKNS &#8211; Cr\u00e8me pour les mains"},"content":{"rendered":"<h2>SKNS &#8211;\u00a0Cr\u00e8me pour les mains<\/h2>\n<ul>\n<li>La cr\u00e8me pour les mains SKNS est le produit de soin polyvalent ultime pour votre peau.<\/li>\n<li>La cr\u00e8me pour la peau SKNS contient du triglyc\u00e9ride caprylique\/caprique qui p\u00e9n\u00e8tre profond\u00e9ment dans la peau sans obstruer les pores et lui conf\u00e8re une sensation soyeuse et douce.<\/li>\n<li>Pour nourrir encore mieux la peau, elle contient de l&rsquo;huile de noyau d&rsquo;abricot, riche en antioxydants et en vitamines, qui contribue \u00e0 revitaliser la peau.<\/li>\n<li>Le beurre de karit\u00e9 et l&rsquo;huile de graines de cynorrhodon apportent des nutriments intensifs et aident \u00e0 pr\u00e9server l&rsquo;\u00e9lasticit\u00e9 de la peau.<\/li>\n<\/ul>\n<p>Contenu\u00a075 ml.<\/p>\n","protected":false},"excerpt":{"rendered":"<p>SKNS &#8211;\u00a0Cr\u00e8me pour les mains La cr\u00e8me pour les mains SKNS est le produit de soin polyvalent ultime pour votre peau. La cr\u00e8me pour la peau SKNS contient du triglyc\u00e9ride caprylique\/caprique qui p\u00e9n\u00e8tre profond\u00e9ment dans la peau sans obstruer les pores et lui conf\u00e8re une sensation soyeuse et douce. Pour nourrir encore mieux la peau, &#8230; <a title=\"SKNS &#8211; Cr\u00e8me pour les mains\" class=\"read-more\" href=\"https:\/\/manskin.ch\/fr\/produkt\/skns-creme-mains\/\" aria-label=\"En savoir plus sur SKNS &#8211; Cr\u00e8me pour les mains\">Lire la suite<\/a><\/p>\n","protected":false},"featured_media":501999,"comment_status":"closed","ping_status":"closed","template":"","meta":{"_acf_changed":false},"pwb-brand":[6610],"product_brand":[],"product_cat":[2360,6588],"product_tag":[],"class_list":{"0":"post-502188","1":"product","2":"type-product","3":"status-publish","4":"has-post-thumbnail","6":"pwb-brand-skns-skincare","7":"product_cat-soins-des-mains","8":"product_cat-skns-skincare-fr","9":"sales-flash-overlay","10":"woocommerce-text-align-center","11":"woocommerce-image-align-center","12":"do-quantity-buttons","14":"first","15":"instock","16":"taxable","17":"shipping-taxable","18":"purchasable","19":"product-type-simple"},"acf":[],"yoast_head":"<!-- This site is optimized with the Yoast SEO Premium plugin v27.3 (Yoast SEO v27.3) - https:\/\/yoast.com\/product\/yoast-seo-premium-wordpress\/ -->\n<title>Cr\u00e8me pour les mains SKNS : soin intensif pour ta peau | Manskin.ch<\/title>\n<meta name=\"description\" content=\"Combats la peau s\u00e8che avec la cr\u00e8me pour les mains SKNS. C&#039;est ton produit polyvalent pour des mains douces. Commande-la d\u00e8s maintenant !\" \/>\n<meta name=\"robots\" content=\"index, follow, max-snippet:-1, max-image-preview:large, max-video-preview:-1\" \/>\n<link rel=\"canonical\" href=\"https:\/\/manskin.ch\/fr\/produkt\/skns-creme-mains\/\" \/>\n<meta property=\"og:locale\" content=\"fr_FR\" \/>\n<meta property=\"og:type\" content=\"article\" \/>\n<meta property=\"og:title\" content=\"SKNS - Cr\u00e8me pour les mains\" \/>\n<meta property=\"og:description\" content=\"Combats la peau s\u00e8che avec la cr\u00e8me pour les mains SKNS. C&#039;est ton produit polyvalent pour des mains douces. Commande-la d\u00e8s maintenant !\" \/>\n<meta property=\"og:url\" content=\"https:\/\/manskin.ch\/fr\/produkt\/skns-creme-mains\/\" \/>\n<meta property=\"og:site_name\" content=\"Manskin.ch\" \/>\n<meta property=\"article:publisher\" content=\"https:\/\/www.facebook.com\/manskin.ch\" \/>\n<meta property=\"article:modified_time\" content=\"2025-09-14T15:09:20+00:00\" \/>\n<meta property=\"og:image\" content=\"https:\/\/manskin.ch\/wp-content\/uploads\/2025\/08\/Skns_handcreme.jpg\" \/>\n\t<meta property=\"og:image:width\" content=\"1000\" \/>\n\t<meta property=\"og:image:height\" content=\"1000\" \/>\n\t<meta property=\"og:image:type\" content=\"image\/jpeg\" \/>\n<meta name=\"twitter:card\" content=\"summary_large_image\" \/>\n<meta name=\"twitter:label1\" content=\"Prix\" \/>\n\t<meta name=\"twitter:data1\" content=\"18.50&#067;&#072;&#070;\" \/>\n\t<meta name=\"twitter:label2\" content=\"Disponibilit\u00e9\" \/>\n\t<meta name=\"twitter:data2\" content=\"En stock\" \/>\n<script type=\"application\/ld+json\" class=\"yoast-schema-graph\">{\"@context\":\"https:\\\/\\\/schema.org\",\"@graph\":[{\"@type\":\"WebPage\",\"@id\":\"https:\\\/\\\/manskin.ch\\\/fr\\\/produkt\\\/skns-creme-mains\\\/\",\"url\":\"https:\\\/\\\/manskin.ch\\\/fr\\\/produkt\\\/skns-creme-mains\\\/\",\"name\":\"Cr\u00e8me pour les mains SKNS : soin intensif pour ta peau | Manskin.ch\",\"isPartOf\":{\"@id\":\"https:\\\/\\\/manskin.ch\\\/fr\\\/#website\"},\"primaryImageOfPage\":{\"@id\":\"https:\\\/\\\/manskin.ch\\\/fr\\\/produkt\\\/skns-creme-mains\\\/#primaryimage\"},\"image\":{\"@id\":\"https:\\\/\\\/manskin.ch\\\/fr\\\/produkt\\\/skns-creme-mains\\\/#primaryimage\"},\"thumbnailUrl\":\"https:\\\/\\\/manskin.ch\\\/wp-content\\\/uploads\\\/2025\\\/08\\\/Skns_handcreme.jpg\",\"datePublished\":\"2025-08-26T06:27:50+00:00\",\"dateModified\":\"2025-09-14T15:09:20+00:00\",\"description\":\"Combats la peau s\u00e8che avec la cr\u00e8me pour les mains SKNS. C'est ton produit polyvalent pour des mains douces. Commande-la d\u00e8s maintenant !\",\"breadcrumb\":{\"@id\":\"https:\\\/\\\/manskin.ch\\\/fr\\\/produkt\\\/skns-creme-mains\\\/#breadcrumb\"},\"inLanguage\":\"fr-FR\",\"potentialAction\":[{\"@type\":\"ReadAction\",\"target\":[\"https:\\\/\\\/manskin.ch\\\/fr\\\/produkt\\\/skns-creme-mains\\\/\"]}]},{\"@type\":\"ImageObject\",\"inLanguage\":\"fr-FR\",\"@id\":\"https:\\\/\\\/manskin.ch\\\/fr\\\/produkt\\\/skns-creme-mains\\\/#primaryimage\",\"url\":\"https:\\\/\\\/manskin.ch\\\/wp-content\\\/uploads\\\/2025\\\/08\\\/Skns_handcreme.jpg\",\"contentUrl\":\"https:\\\/\\\/manskin.ch\\\/wp-content\\\/uploads\\\/2025\\\/08\\\/Skns_handcreme.jpg\",\"width\":1000,\"height\":1000},{\"@type\":\"BreadcrumbList\",\"@id\":\"https:\\\/\\\/manskin.ch\\\/fr\\\/produkt\\\/skns-creme-mains\\\/#breadcrumb\",\"itemListElement\":[{\"@type\":\"ListItem\",\"position\":1,\"name\":\"Startseite\",\"item\":\"https:\\\/\\\/manskin.ch\\\/fr\\\/\"},{\"@type\":\"ListItem\",\"position\":2,\"name\":\"Boutique Soins pour Hommes &amp; Skincare\",\"item\":\"https:\\\/\\\/manskin.ch\\\/fr\\\/boutique\\\/\"},{\"@type\":\"ListItem\",\"position\":3,\"name\":\"SKNS &#8211; Cr\u00e8me pour les mains\"}]},{\"@type\":\"WebSite\",\"@id\":\"https:\\\/\\\/manskin.ch\\\/fr\\\/#website\",\"url\":\"https:\\\/\\\/manskin.ch\\\/fr\\\/\",\"name\":\"Manskin.ch\",\"description\":\"Tous les produits de beaut\u00e9 pour les hommes les plus exigeants\",\"publisher\":{\"@id\":\"https:\\\/\\\/manskin.ch\\\/fr\\\/#organization\"},\"potentialAction\":[{\"@type\":\"SearchAction\",\"target\":{\"@type\":\"EntryPoint\",\"urlTemplate\":\"https:\\\/\\\/manskin.ch\\\/fr\\\/?s={search_term_string}\"},\"query-input\":{\"@type\":\"PropertyValueSpecification\",\"valueRequired\":true,\"valueName\":\"search_term_string\"}}],\"inLanguage\":\"fr-FR\"},{\"@type\":\"Organization\",\"@id\":\"https:\\\/\\\/manskin.ch\\\/fr\\\/#organization\",\"name\":\"Manskin.ch - der Schweizer Onlineshop f\u00fcr qualit\u00e4tsstarke M\u00e4nnerpflege\",\"url\":\"https:\\\/\\\/manskin.ch\\\/fr\\\/\",\"logo\":{\"@type\":\"ImageObject\",\"inLanguage\":\"fr-FR\",\"@id\":\"https:\\\/\\\/manskin.ch\\\/fr\\\/#\\\/schema\\\/logo\\\/image\\\/\",\"url\":\"https:\\\/\\\/manskin.ch\\\/wp-content\\\/uploads\\\/2021\\\/04\\\/cropped-logo_head.png\",\"contentUrl\":\"https:\\\/\\\/manskin.ch\\\/wp-content\\\/uploads\\\/2021\\\/04\\\/cropped-logo_head.png\",\"width\":235,\"height\":75,\"caption\":\"Manskin.ch - der Schweizer Onlineshop f\u00fcr qualit\u00e4tsstarke M\u00e4nnerpflege\"},\"image\":{\"@id\":\"https:\\\/\\\/manskin.ch\\\/fr\\\/#\\\/schema\\\/logo\\\/image\\\/\"},\"sameAs\":[\"https:\\\/\\\/www.facebook.com\\\/manskin.ch\",\"https:\\\/\\\/www.instagram.com\\\/manskin.ch\\\/\"]}]}<\/script>\n<meta property=\"product:price:amount\" content=\"18.50\" \/>\n<meta property=\"product:price:currency\" content=\"CHF\" \/>\n<meta property=\"og:availability\" content=\"instock\" \/>\n<meta property=\"product:availability\" content=\"instock\" \/>\n<meta property=\"product:retailer_item_id\" content=\"14340\" \/>\n<meta property=\"product:condition\" content=\"new\" \/>\n<!-- \/ Yoast SEO Premium plugin. -->","yoast_head_json":{"title":"Cr\u00e8me pour les mains SKNS : soin intensif pour ta peau | Manskin.ch","description":"Combats la peau s\u00e8che avec la cr\u00e8me pour les mains SKNS. C'est ton produit polyvalent pour des mains douces. Commande-la d\u00e8s maintenant !","robots":{"index":"index","follow":"follow","max-snippet":"max-snippet:-1","max-image-preview":"max-image-preview:large","max-video-preview":"max-video-preview:-1"},"canonical":"https:\/\/manskin.ch\/fr\/produkt\/skns-creme-mains\/","og_locale":"fr_FR","og_type":"article","og_title":"SKNS - Cr\u00e8me pour les mains","og_description":"Combats la peau s\u00e8che avec la cr\u00e8me pour les mains SKNS. C'est ton produit polyvalent pour des mains douces. Commande-la d\u00e8s maintenant !","og_url":"https:\/\/manskin.ch\/fr\/produkt\/skns-creme-mains\/","og_site_name":"Manskin.ch","article_publisher":"https:\/\/www.facebook.com\/manskin.ch","article_modified_time":"2025-09-14T15:09:20+00:00","og_image":[{"width":1000,"height":1000,"url":"https:\/\/manskin.ch\/wp-content\/uploads\/2025\/08\/Skns_handcreme.jpg","type":"image\/jpeg"}],"twitter_card":"summary_large_image","twitter_misc":{"Prix":"18.50&#67;&#72;&#70;","Disponibilit\u00e9":"En stock"},"schema":{"@context":"https:\/\/schema.org","@graph":[{"@type":"WebPage","@id":"https:\/\/manskin.ch\/fr\/produkt\/skns-creme-mains\/","url":"https:\/\/manskin.ch\/fr\/produkt\/skns-creme-mains\/","name":"Cr\u00e8me pour les mains SKNS : soin intensif pour ta peau | Manskin.ch","isPartOf":{"@id":"https:\/\/manskin.ch\/fr\/#website"},"primaryImageOfPage":{"@id":"https:\/\/manskin.ch\/fr\/produkt\/skns-creme-mains\/#primaryimage"},"image":{"@id":"https:\/\/manskin.ch\/fr\/produkt\/skns-creme-mains\/#primaryimage"},"thumbnailUrl":"https:\/\/manskin.ch\/wp-content\/uploads\/2025\/08\/Skns_handcreme.jpg","datePublished":"2025-08-26T06:27:50+00:00","dateModified":"2025-09-14T15:09:20+00:00","description":"Combats la peau s\u00e8che avec la cr\u00e8me pour les mains SKNS. C'est ton produit polyvalent pour des mains douces. Commande-la d\u00e8s maintenant !","breadcrumb":{"@id":"https:\/\/manskin.ch\/fr\/produkt\/skns-creme-mains\/#breadcrumb"},"inLanguage":"fr-FR","potentialAction":[{"@type":"ReadAction","target":["https:\/\/manskin.ch\/fr\/produkt\/skns-creme-mains\/"]}]},{"@type":"ImageObject","inLanguage":"fr-FR","@id":"https:\/\/manskin.ch\/fr\/produkt\/skns-creme-mains\/#primaryimage","url":"https:\/\/manskin.ch\/wp-content\/uploads\/2025\/08\/Skns_handcreme.jpg","contentUrl":"https:\/\/manskin.ch\/wp-content\/uploads\/2025\/08\/Skns_handcreme.jpg","width":1000,"height":1000},{"@type":"BreadcrumbList","@id":"https:\/\/manskin.ch\/fr\/produkt\/skns-creme-mains\/#breadcrumb","itemListElement":[{"@type":"ListItem","position":1,"name":"Startseite","item":"https:\/\/manskin.ch\/fr\/"},{"@type":"ListItem","position":2,"name":"Boutique Soins pour Hommes &amp; Skincare","item":"https:\/\/manskin.ch\/fr\/boutique\/"},{"@type":"ListItem","position":3,"name":"SKNS &#8211; Cr\u00e8me pour les mains"}]},{"@type":"WebSite","@id":"https:\/\/manskin.ch\/fr\/#website","url":"https:\/\/manskin.ch\/fr\/","name":"Manskin.ch","description":"Tous les produits de beaut\u00e9 pour les hommes les plus exigeants","publisher":{"@id":"https:\/\/manskin.ch\/fr\/#organization"},"potentialAction":[{"@type":"SearchAction","target":{"@type":"EntryPoint","urlTemplate":"https:\/\/manskin.ch\/fr\/?s={search_term_string}"},"query-input":{"@type":"PropertyValueSpecification","valueRequired":true,"valueName":"search_term_string"}}],"inLanguage":"fr-FR"},{"@type":"Organization","@id":"https:\/\/manskin.ch\/fr\/#organization","name":"Manskin.ch - der Schweizer Onlineshop f\u00fcr qualit\u00e4tsstarke M\u00e4nnerpflege","url":"https:\/\/manskin.ch\/fr\/","logo":{"@type":"ImageObject","inLanguage":"fr-FR","@id":"https:\/\/manskin.ch\/fr\/#\/schema\/logo\/image\/","url":"https:\/\/manskin.ch\/wp-content\/uploads\/2021\/04\/cropped-logo_head.png","contentUrl":"https:\/\/manskin.ch\/wp-content\/uploads\/2021\/04\/cropped-logo_head.png","width":235,"height":75,"caption":"Manskin.ch - der Schweizer Onlineshop f\u00fcr qualit\u00e4tsstarke M\u00e4nnerpflege"},"image":{"@id":"https:\/\/manskin.ch\/fr\/#\/schema\/logo\/image\/"},"sameAs":["https:\/\/www.facebook.com\/manskin.ch","https:\/\/www.instagram.com\/manskin.ch\/"]}]},"product_price_amount":"18.50","product_price_currency":"CHF","og_availability":"instock","product_availability":"instock","product_retailer_item_id":"14340","product_condition":"new"},"brands":[{"id":6610,"name":"SKNS Skincare","slug":"skns-skincare"}],"_links":{"self":[{"href":"https:\/\/manskin.ch\/fr\/wp-json\/wp\/v2\/product\/502188","targetHints":{"allow":["GET"]}}],"collection":[{"href":"https:\/\/manskin.ch\/fr\/wp-json\/wp\/v2\/product"}],"about":[{"href":"https:\/\/manskin.ch\/fr\/wp-json\/wp\/v2\/types\/product"}],"replies":[{"embeddable":true,"href":"https:\/\/manskin.ch\/fr\/wp-json\/wp\/v2\/comments?post=502188"}],"wp:featuredmedia":[{"embeddable":true,"href":"https:\/\/manskin.ch\/fr\/wp-json\/wp\/v2\/media\/501999"}],"wp:attachment":[{"href":"https:\/\/manskin.ch\/fr\/wp-json\/wp\/v2\/media?parent=502188"}],"wp:term":[{"taxonomy":"pwb-brand","embeddable":true,"href":"https:\/\/manskin.ch\/fr\/wp-json\/wp\/v2\/pwb-brand?post=502188"},{"taxonomy":"product_brand","embeddable":true,"href":"https:\/\/manskin.ch\/fr\/wp-json\/wp\/v2\/product_brand?post=502188"},{"taxonomy":"product_cat","embeddable":true,"href":"https:\/\/manskin.ch\/fr\/wp-json\/wp\/v2\/product_cat?post=502188"},{"taxonomy":"product_tag","embeddable":true,"href":"https:\/\/manskin.ch\/fr\/wp-json\/wp\/v2\/product_tag?post=502188"}],"curies":[{"name":"wp","href":"https:\/\/api.w.org\/{rel}","templated":true}]}}