{"id":502184,"date":"2025-08-26T08:12:05","date_gmt":"2025-08-26T06:12:05","guid":{"rendered":"https:\/\/manskin.ch\/produkt\/skns-serum-visage\/"},"modified":"2025-09-14T17:15:00","modified_gmt":"2025-09-14T15:15:00","slug":"skns-serum-visage","status":"publish","type":"product","link":"https:\/\/manskin.ch\/fr\/produkt\/skns-serum-visage\/","title":{"rendered":"SKNS &#8211; S\u00e9rum Visage Oil"},"content":{"rendered":"<h2>SKNS Cr&egrave;me de jour &ndash; Un soin luxueux pour ta peau<\/h2>\n<ul>\n<li>Cette cr&egrave;me de jour riche hydrate et nourrit ta peau en profondeur tout en renfor&ccedil;ant sa barri&egrave;re naturelle.<\/li>\n<li>La cr&egrave;me de jour SKNS contient des postbiotiques issus de bact&eacute;ries lactiques qui favorisent l&#39;&eacute;quilibre de la flore cutan&eacute;e: les bact&eacute;ries saines sont renforc&eacute;es tandis que les bact&eacute;ries nocives sont r&eacute;duites. R&eacute;sultat : une peau &eacute;quilibr&eacute;e et &eacute;clatante de fra&icirc;cheur.<\/li>\n<li>L&#39;&eacute;glantier, le beurre de karit&eacute; et l&#39;huile de jojoba nourrissent et prot&egrave;gent la peau.<\/li>\n<li>Un complexe peptidique et de la vitamine A contribuent &agrave; r&eacute;duire les rides, tandis que la glyc&eacute;rine retient l&#39;hydratation.<\/li>\n<li>L&#39;huile de p&eacute;pins de cynorrhodon, riche en antioxydants et en acides gras essentiels, am&eacute;liore l&#39;&eacute;lasticit&eacute; et donne un &eacute;clat sain.<\/li>\n<li>Les produits SKNS sont unisexes, con&ccedil;us pour les femmes et les hommes qui accordent de l&#39;importance &agrave; une peau saine et soign&eacute;e.<\/li>\n<\/ul>\n<p>Les avantages en un coup d&#39;&oelig;il :<\/p>\n<ul>\n<li>Unisexe : convient aux femmes et aux hommes<\/li>\n<li>Postbiotiques pour un microbiome cutan&eacute; sain<\/li>\n<li>Favorise un vieillissement en bonne sant&eacute;<\/li>\n<li>Hydrate intens&eacute;ment<\/li>\n<li>Soigne, prot&egrave;ge et renforce la peau<\/li>\n<\/ul>\n<p>Contenu 45 ml.<\/p>\n","protected":false},"excerpt":{"rendered":"<p>SKNS Cr&egrave;me de jour &ndash; Un soin luxueux pour ta peau Cette cr&egrave;me de jour riche hydrate et nourrit ta peau en profondeur tout en renfor&ccedil;ant sa barri&egrave;re naturelle. La cr&egrave;me de jour SKNS contient des postbiotiques issus de bact&eacute;ries lactiques qui favorisent l&#39;&eacute;quilibre de la flore cutan&eacute;e: les bact&eacute;ries saines sont renforc&eacute;es tandis que &#8230; <a title=\"SKNS &#8211; S\u00e9rum Visage Oil\" class=\"read-more\" href=\"https:\/\/manskin.ch\/fr\/produkt\/skns-serum-visage\/\" aria-label=\"En savoir plus sur SKNS &#8211; S\u00e9rum Visage Oil\">Lire la suite<\/a><\/p>\n","protected":false},"featured_media":501950,"comment_status":"closed","ping_status":"closed","template":"","meta":{"_acf_changed":false},"pwb-brand":[6610],"product_brand":[],"product_cat":[2334,6588],"product_tag":[],"class_list":{"0":"post-502184","1":"product","2":"type-product","3":"status-publish","4":"has-post-thumbnail","6":"pwb-brand-skns-skincare","7":"product_cat-serum-visage","8":"product_cat-skns-skincare-fr","9":"sales-flash-overlay","10":"woocommerce-text-align-center","11":"woocommerce-image-align-center","12":"do-quantity-buttons","14":"first","15":"instock","16":"taxable","17":"shipping-taxable","18":"purchasable","19":"product-type-simple"},"acf":[],"yoast_head":"<!-- This site is optimized with the Yoast SEO Premium plugin v27.3 (Yoast SEO v27.3) - https:\/\/yoast.com\/product\/yoast-seo-premium-wordpress\/ -->\n<title>SKN S\u00e9rum visage: hydratation intense pour ta peau | Manskin.ch<\/title>\n<meta name=\"description\" content=\"Offre \u00e0 ta peau le s\u00e9rum visage SKNS qui soutient la flore cutan\u00e9e ! Avec des ingr\u00e9dients pr\u00e9cieux tels que l&#039;\u00e9glantier et l&#039;huile de jojoba \ud83c\udf3f\" \/>\n<meta name=\"robots\" content=\"index, follow, max-snippet:-1, max-image-preview:large, max-video-preview:-1\" \/>\n<link rel=\"canonical\" href=\"https:\/\/manskin.ch\/fr\/produkt\/skns-serum-visage\/\" \/>\n<meta property=\"og:locale\" content=\"fr_FR\" \/>\n<meta property=\"og:type\" content=\"article\" \/>\n<meta property=\"og:title\" content=\"SKNS - S\u00e9rum Visage Oil\" \/>\n<meta property=\"og:description\" content=\"Offre \u00e0 ta peau le s\u00e9rum visage SKNS qui soutient la flore cutan\u00e9e ! Avec des ingr\u00e9dients pr\u00e9cieux tels que l&#039;\u00e9glantier et l&#039;huile de jojoba \ud83c\udf3f\" \/>\n<meta property=\"og:url\" content=\"https:\/\/manskin.ch\/fr\/produkt\/skns-serum-visage\/\" \/>\n<meta property=\"og:site_name\" content=\"Manskin.ch\" \/>\n<meta property=\"article:publisher\" content=\"https:\/\/www.facebook.com\/manskin.ch\" \/>\n<meta property=\"article:modified_time\" content=\"2025-09-14T15:15:00+00:00\" \/>\n<meta property=\"og:image\" content=\"https:\/\/manskin.ch\/wp-content\/uploads\/2025\/08\/Skns_tagescreme-1.jpg\" \/>\n\t<meta property=\"og:image:width\" content=\"1000\" \/>\n\t<meta property=\"og:image:height\" content=\"1000\" \/>\n\t<meta property=\"og:image:type\" content=\"image\/jpeg\" \/>\n<meta name=\"twitter:card\" content=\"summary_large_image\" \/>\n<meta name=\"twitter:label1\" content=\"Prix\" \/>\n\t<meta name=\"twitter:data1\" content=\"35.00&#067;&#072;&#070;\" \/>\n\t<meta name=\"twitter:label2\" content=\"Disponibilit\u00e9\" \/>\n\t<meta name=\"twitter:data2\" content=\"En stock\" \/>\n<script type=\"application\/ld+json\" class=\"yoast-schema-graph\">{\"@context\":\"https:\\\/\\\/schema.org\",\"@graph\":[{\"@type\":\"WebPage\",\"@id\":\"https:\\\/\\\/manskin.ch\\\/fr\\\/produkt\\\/skns-serum-visage\\\/\",\"url\":\"https:\\\/\\\/manskin.ch\\\/fr\\\/produkt\\\/skns-serum-visage\\\/\",\"name\":\"SKN S\u00e9rum visage: hydratation intense pour ta peau | Manskin.ch\",\"isPartOf\":{\"@id\":\"https:\\\/\\\/manskin.ch\\\/fr\\\/#website\"},\"primaryImageOfPage\":{\"@id\":\"https:\\\/\\\/manskin.ch\\\/fr\\\/produkt\\\/skns-serum-visage\\\/#primaryimage\"},\"image\":{\"@id\":\"https:\\\/\\\/manskin.ch\\\/fr\\\/produkt\\\/skns-serum-visage\\\/#primaryimage\"},\"thumbnailUrl\":\"https:\\\/\\\/manskin.ch\\\/wp-content\\\/uploads\\\/2025\\\/08\\\/Skns_tagescreme-1.jpg\",\"datePublished\":\"2025-08-26T06:12:05+00:00\",\"dateModified\":\"2025-09-14T15:15:00+00:00\",\"description\":\"Offre \u00e0 ta peau le s\u00e9rum visage SKNS qui soutient la flore cutan\u00e9e ! Avec des ingr\u00e9dients pr\u00e9cieux tels que l'\u00e9glantier et l'huile de jojoba \ud83c\udf3f\",\"breadcrumb\":{\"@id\":\"https:\\\/\\\/manskin.ch\\\/fr\\\/produkt\\\/skns-serum-visage\\\/#breadcrumb\"},\"inLanguage\":\"fr-FR\",\"potentialAction\":[{\"@type\":\"ReadAction\",\"target\":[\"https:\\\/\\\/manskin.ch\\\/fr\\\/produkt\\\/skns-serum-visage\\\/\"]}]},{\"@type\":\"ImageObject\",\"inLanguage\":\"fr-FR\",\"@id\":\"https:\\\/\\\/manskin.ch\\\/fr\\\/produkt\\\/skns-serum-visage\\\/#primaryimage\",\"url\":\"https:\\\/\\\/manskin.ch\\\/wp-content\\\/uploads\\\/2025\\\/08\\\/Skns_tagescreme-1.jpg\",\"contentUrl\":\"https:\\\/\\\/manskin.ch\\\/wp-content\\\/uploads\\\/2025\\\/08\\\/Skns_tagescreme-1.jpg\",\"width\":1000,\"height\":1000},{\"@type\":\"BreadcrumbList\",\"@id\":\"https:\\\/\\\/manskin.ch\\\/fr\\\/produkt\\\/skns-serum-visage\\\/#breadcrumb\",\"itemListElement\":[{\"@type\":\"ListItem\",\"position\":1,\"name\":\"Startseite\",\"item\":\"https:\\\/\\\/manskin.ch\\\/fr\\\/\"},{\"@type\":\"ListItem\",\"position\":2,\"name\":\"Boutique Soins pour Hommes &amp; Skincare\",\"item\":\"https:\\\/\\\/manskin.ch\\\/fr\\\/boutique\\\/\"},{\"@type\":\"ListItem\",\"position\":3,\"name\":\"SKNS &#8211; S\u00e9rum Visage Oil\"}]},{\"@type\":\"WebSite\",\"@id\":\"https:\\\/\\\/manskin.ch\\\/fr\\\/#website\",\"url\":\"https:\\\/\\\/manskin.ch\\\/fr\\\/\",\"name\":\"Manskin.ch\",\"description\":\"Tous les produits de beaut\u00e9 pour les hommes les plus exigeants\",\"publisher\":{\"@id\":\"https:\\\/\\\/manskin.ch\\\/fr\\\/#organization\"},\"potentialAction\":[{\"@type\":\"SearchAction\",\"target\":{\"@type\":\"EntryPoint\",\"urlTemplate\":\"https:\\\/\\\/manskin.ch\\\/fr\\\/?s={search_term_string}\"},\"query-input\":{\"@type\":\"PropertyValueSpecification\",\"valueRequired\":true,\"valueName\":\"search_term_string\"}}],\"inLanguage\":\"fr-FR\"},{\"@type\":\"Organization\",\"@id\":\"https:\\\/\\\/manskin.ch\\\/fr\\\/#organization\",\"name\":\"Manskin.ch - der Schweizer Onlineshop f\u00fcr qualit\u00e4tsstarke M\u00e4nnerpflege\",\"url\":\"https:\\\/\\\/manskin.ch\\\/fr\\\/\",\"logo\":{\"@type\":\"ImageObject\",\"inLanguage\":\"fr-FR\",\"@id\":\"https:\\\/\\\/manskin.ch\\\/fr\\\/#\\\/schema\\\/logo\\\/image\\\/\",\"url\":\"https:\\\/\\\/manskin.ch\\\/wp-content\\\/uploads\\\/2021\\\/04\\\/cropped-logo_head.png\",\"contentUrl\":\"https:\\\/\\\/manskin.ch\\\/wp-content\\\/uploads\\\/2021\\\/04\\\/cropped-logo_head.png\",\"width\":235,\"height\":75,\"caption\":\"Manskin.ch - der Schweizer Onlineshop f\u00fcr qualit\u00e4tsstarke M\u00e4nnerpflege\"},\"image\":{\"@id\":\"https:\\\/\\\/manskin.ch\\\/fr\\\/#\\\/schema\\\/logo\\\/image\\\/\"},\"sameAs\":[\"https:\\\/\\\/www.facebook.com\\\/manskin.ch\",\"https:\\\/\\\/www.instagram.com\\\/manskin.ch\\\/\"]}]}<\/script>\n<meta property=\"product:price:amount\" content=\"35.00\" \/>\n<meta property=\"product:price:currency\" content=\"CHF\" \/>\n<meta property=\"og:availability\" content=\"instock\" \/>\n<meta property=\"product:availability\" content=\"instock\" \/>\n<meta property=\"product:retailer_item_id\" content=\"14338\" \/>\n<meta property=\"product:condition\" content=\"new\" \/>\n<!-- \/ Yoast SEO Premium plugin. -->","yoast_head_json":{"title":"SKN S\u00e9rum visage: hydratation intense pour ta peau | Manskin.ch","description":"Offre \u00e0 ta peau le s\u00e9rum visage SKNS qui soutient la flore cutan\u00e9e ! Avec des ingr\u00e9dients pr\u00e9cieux tels que l'\u00e9glantier et l'huile de jojoba \ud83c\udf3f","robots":{"index":"index","follow":"follow","max-snippet":"max-snippet:-1","max-image-preview":"max-image-preview:large","max-video-preview":"max-video-preview:-1"},"canonical":"https:\/\/manskin.ch\/fr\/produkt\/skns-serum-visage\/","og_locale":"fr_FR","og_type":"article","og_title":"SKNS - S\u00e9rum Visage Oil","og_description":"Offre \u00e0 ta peau le s\u00e9rum visage SKNS qui soutient la flore cutan\u00e9e ! Avec des ingr\u00e9dients pr\u00e9cieux tels que l'\u00e9glantier et l'huile de jojoba \ud83c\udf3f","og_url":"https:\/\/manskin.ch\/fr\/produkt\/skns-serum-visage\/","og_site_name":"Manskin.ch","article_publisher":"https:\/\/www.facebook.com\/manskin.ch","article_modified_time":"2025-09-14T15:15:00+00:00","og_image":[{"width":1000,"height":1000,"url":"https:\/\/manskin.ch\/wp-content\/uploads\/2025\/08\/Skns_tagescreme-1.jpg","type":"image\/jpeg"}],"twitter_card":"summary_large_image","twitter_misc":{"Prix":"35.00&#67;&#72;&#70;","Disponibilit\u00e9":"En stock"},"schema":{"@context":"https:\/\/schema.org","@graph":[{"@type":"WebPage","@id":"https:\/\/manskin.ch\/fr\/produkt\/skns-serum-visage\/","url":"https:\/\/manskin.ch\/fr\/produkt\/skns-serum-visage\/","name":"SKN S\u00e9rum visage: hydratation intense pour ta peau | Manskin.ch","isPartOf":{"@id":"https:\/\/manskin.ch\/fr\/#website"},"primaryImageOfPage":{"@id":"https:\/\/manskin.ch\/fr\/produkt\/skns-serum-visage\/#primaryimage"},"image":{"@id":"https:\/\/manskin.ch\/fr\/produkt\/skns-serum-visage\/#primaryimage"},"thumbnailUrl":"https:\/\/manskin.ch\/wp-content\/uploads\/2025\/08\/Skns_tagescreme-1.jpg","datePublished":"2025-08-26T06:12:05+00:00","dateModified":"2025-09-14T15:15:00+00:00","description":"Offre \u00e0 ta peau le s\u00e9rum visage SKNS qui soutient la flore cutan\u00e9e ! Avec des ingr\u00e9dients pr\u00e9cieux tels que l'\u00e9glantier et l'huile de jojoba \ud83c\udf3f","breadcrumb":{"@id":"https:\/\/manskin.ch\/fr\/produkt\/skns-serum-visage\/#breadcrumb"},"inLanguage":"fr-FR","potentialAction":[{"@type":"ReadAction","target":["https:\/\/manskin.ch\/fr\/produkt\/skns-serum-visage\/"]}]},{"@type":"ImageObject","inLanguage":"fr-FR","@id":"https:\/\/manskin.ch\/fr\/produkt\/skns-serum-visage\/#primaryimage","url":"https:\/\/manskin.ch\/wp-content\/uploads\/2025\/08\/Skns_tagescreme-1.jpg","contentUrl":"https:\/\/manskin.ch\/wp-content\/uploads\/2025\/08\/Skns_tagescreme-1.jpg","width":1000,"height":1000},{"@type":"BreadcrumbList","@id":"https:\/\/manskin.ch\/fr\/produkt\/skns-serum-visage\/#breadcrumb","itemListElement":[{"@type":"ListItem","position":1,"name":"Startseite","item":"https:\/\/manskin.ch\/fr\/"},{"@type":"ListItem","position":2,"name":"Boutique Soins pour Hommes &amp; Skincare","item":"https:\/\/manskin.ch\/fr\/boutique\/"},{"@type":"ListItem","position":3,"name":"SKNS &#8211; S\u00e9rum Visage Oil"}]},{"@type":"WebSite","@id":"https:\/\/manskin.ch\/fr\/#website","url":"https:\/\/manskin.ch\/fr\/","name":"Manskin.ch","description":"Tous les produits de beaut\u00e9 pour les hommes les plus exigeants","publisher":{"@id":"https:\/\/manskin.ch\/fr\/#organization"},"potentialAction":[{"@type":"SearchAction","target":{"@type":"EntryPoint","urlTemplate":"https:\/\/manskin.ch\/fr\/?s={search_term_string}"},"query-input":{"@type":"PropertyValueSpecification","valueRequired":true,"valueName":"search_term_string"}}],"inLanguage":"fr-FR"},{"@type":"Organization","@id":"https:\/\/manskin.ch\/fr\/#organization","name":"Manskin.ch - der Schweizer Onlineshop f\u00fcr qualit\u00e4tsstarke M\u00e4nnerpflege","url":"https:\/\/manskin.ch\/fr\/","logo":{"@type":"ImageObject","inLanguage":"fr-FR","@id":"https:\/\/manskin.ch\/fr\/#\/schema\/logo\/image\/","url":"https:\/\/manskin.ch\/wp-content\/uploads\/2021\/04\/cropped-logo_head.png","contentUrl":"https:\/\/manskin.ch\/wp-content\/uploads\/2021\/04\/cropped-logo_head.png","width":235,"height":75,"caption":"Manskin.ch - der Schweizer Onlineshop f\u00fcr qualit\u00e4tsstarke M\u00e4nnerpflege"},"image":{"@id":"https:\/\/manskin.ch\/fr\/#\/schema\/logo\/image\/"},"sameAs":["https:\/\/www.facebook.com\/manskin.ch","https:\/\/www.instagram.com\/manskin.ch\/"]}]},"product_price_amount":"35.00","product_price_currency":"CHF","og_availability":"instock","product_availability":"instock","product_retailer_item_id":"14338","product_condition":"new"},"brands":[{"id":6610,"name":"SKNS Skincare","slug":"skns-skincare"}],"_links":{"self":[{"href":"https:\/\/manskin.ch\/fr\/wp-json\/wp\/v2\/product\/502184","targetHints":{"allow":["GET"]}}],"collection":[{"href":"https:\/\/manskin.ch\/fr\/wp-json\/wp\/v2\/product"}],"about":[{"href":"https:\/\/manskin.ch\/fr\/wp-json\/wp\/v2\/types\/product"}],"replies":[{"embeddable":true,"href":"https:\/\/manskin.ch\/fr\/wp-json\/wp\/v2\/comments?post=502184"}],"wp:featuredmedia":[{"embeddable":true,"href":"https:\/\/manskin.ch\/fr\/wp-json\/wp\/v2\/media\/501950"}],"wp:attachment":[{"href":"https:\/\/manskin.ch\/fr\/wp-json\/wp\/v2\/media?parent=502184"}],"wp:term":[{"taxonomy":"pwb-brand","embeddable":true,"href":"https:\/\/manskin.ch\/fr\/wp-json\/wp\/v2\/pwb-brand?post=502184"},{"taxonomy":"product_brand","embeddable":true,"href":"https:\/\/manskin.ch\/fr\/wp-json\/wp\/v2\/product_brand?post=502184"},{"taxonomy":"product_cat","embeddable":true,"href":"https:\/\/manskin.ch\/fr\/wp-json\/wp\/v2\/product_cat?post=502184"},{"taxonomy":"product_tag","embeddable":true,"href":"https:\/\/manskin.ch\/fr\/wp-json\/wp\/v2\/product_tag?post=502184"}],"curies":[{"name":"wp","href":"https:\/\/api.w.org\/{rel}","templated":true}]}}