{"id":502182,"date":"2025-08-26T08:02:46","date_gmt":"2025-08-26T06:02:46","guid":{"rendered":"https:\/\/manskin.ch\/produkt\/skns-creme-contour-yeux-45ml\/"},"modified":"2025-09-14T17:10:27","modified_gmt":"2025-09-14T15:10:27","slug":"skns-creme-contour-yeux-45ml","status":"publish","type":"product","link":"https:\/\/manskin.ch\/fr\/produkt\/skns-creme-contour-yeux-45ml\/","title":{"rendered":"SKNS &#8211; Cr\u00e8me contour yeux"},"content":{"rendered":"<h2>SKNS &#8211; Cr\u00e8me contour des yeux<\/h2>\n<ul>\n<li>Rafra\u00eechis le contour de\u00a0tes yeux avec la cr\u00e8me pour les yeux SKNS, un soin intens\u00e9ment hydratant qui r\u00e9duit visiblement les ridules, les rides et les cernes.<\/li>\n<li>Sa texture soyeuse et rapidement absorb\u00e9e est id\u00e9ale pour la peau sensible du contour des yeux et convient parfaitement \u00e0 un usage quotidien.<\/li>\n<li>Enrichie en palmitate de r\u00e9tinyle (vitamine A) ainsi qu&rsquo;en agents postbiotiques et en extraits v\u00e9g\u00e9taux, cette cr\u00e8me favorise la r\u00e9g\u00e9n\u00e9ration cellulaire et rend la peau plus jeune et plus lisse.<\/li>\n<\/ul>\n<p>Avantages :<\/p>\n<ul>\n<li>\u00b7 R\u00e9duit les rides, les ridules et les cernes<\/li>\n<li>\u00b7 Hydrate intens\u00e9ment<\/li>\n<li>\u00b7 Stimule la r\u00e9g\u00e9n\u00e9ration cellulaire (vitamine A)<\/li>\n<li>\u00b7 Doux pour la zone sensible du contour des yeux<\/li>\n<\/ul>\n<p>Contenu 15 ml.<\/p>\n","protected":false},"excerpt":{"rendered":"<p>R\u00e9duit les ridules, les rides et les cernes<\/p>\n","protected":false},"featured_media":501993,"comment_status":"closed","ping_status":"closed","template":"","meta":{"_acf_changed":false},"pwb-brand":[6610],"product_brand":[],"product_cat":[2343,2328,2345,6588],"product_tag":[],"class_list":{"0":"post-502182","1":"product","2":"type-product","3":"status-publish","4":"has-post-thumbnail","6":"pwb-brand-skns-skincare","7":"product_cat-cernes","8":"product_cat-contour-de-loeil","9":"product_cat-fines-lignes-rides","10":"product_cat-skns-skincare-fr","11":"sales-flash-overlay","12":"woocommerce-text-align-center","13":"woocommerce-image-align-center","14":"do-quantity-buttons","16":"first","17":"instock","18":"taxable","19":"shipping-taxable","20":"purchasable","21":"product-type-simple"},"acf":[],"yoast_head":"<!-- This site is optimized with the Yoast SEO Premium plugin v27.3 (Yoast SEO v27.3) - https:\/\/yoast.com\/product\/yoast-seo-premium-wordpress\/ -->\n<title>Cr\u00e8me pour les yeux SKNS : r\u00e9duit les rides et les cernes | Manskin.ch<\/title>\n<meta name=\"description\" content=\"Combats les rides et ridules gr\u00e2ce \u00e0 la cr\u00e8me pour les yeux SKNS. Profite de sa texture soyeuse et utilisez-la quotidiennement pour obtenir les meilleurs r\u00e9sultats!\" \/>\n<meta name=\"robots\" content=\"index, follow, max-snippet:-1, max-image-preview:large, max-video-preview:-1\" \/>\n<link rel=\"canonical\" href=\"https:\/\/manskin.ch\/fr\/produkt\/skns-creme-contour-yeux-45ml\/\" \/>\n<meta property=\"og:locale\" content=\"fr_FR\" \/>\n<meta property=\"og:type\" content=\"article\" \/>\n<meta property=\"og:title\" content=\"SKNS - Cr\u00e8me contour yeux\" \/>\n<meta property=\"og:description\" content=\"Combats les rides et ridules gr\u00e2ce \u00e0 la cr\u00e8me pour les yeux SKNS. Profite de sa texture soyeuse et utilisez-la quotidiennement pour obtenir les meilleurs r\u00e9sultats!\" \/>\n<meta property=\"og:url\" content=\"https:\/\/manskin.ch\/fr\/produkt\/skns-creme-contour-yeux-45ml\/\" \/>\n<meta property=\"og:site_name\" content=\"Manskin.ch\" \/>\n<meta property=\"article:publisher\" content=\"https:\/\/www.facebook.com\/manskin.ch\" \/>\n<meta property=\"article:modified_time\" content=\"2025-09-14T15:10:27+00:00\" \/>\n<meta name=\"twitter:card\" content=\"summary_large_image\" \/>\n<meta name=\"twitter:label1\" content=\"Prix\" \/>\n\t<meta name=\"twitter:data1\" content=\"28.00&#067;&#072;&#070;\" \/>\n\t<meta name=\"twitter:label2\" content=\"Disponibilit\u00e9\" \/>\n\t<meta name=\"twitter:data2\" content=\"En stock\" \/>\n<script type=\"application\/ld+json\" class=\"yoast-schema-graph\">{\"@context\":\"https:\\\/\\\/schema.org\",\"@graph\":[{\"@type\":\"WebPage\",\"@id\":\"https:\\\/\\\/manskin.ch\\\/fr\\\/produkt\\\/skns-creme-contour-yeux-45ml\\\/\",\"url\":\"https:\\\/\\\/manskin.ch\\\/fr\\\/produkt\\\/skns-creme-contour-yeux-45ml\\\/\",\"name\":\"Cr\u00e8me pour les yeux SKNS : r\u00e9duit les rides et les cernes | Manskin.ch\",\"isPartOf\":{\"@id\":\"https:\\\/\\\/manskin.ch\\\/fr\\\/#website\"},\"primaryImageOfPage\":{\"@id\":\"https:\\\/\\\/manskin.ch\\\/fr\\\/produkt\\\/skns-creme-contour-yeux-45ml\\\/#primaryimage\"},\"image\":{\"@id\":\"https:\\\/\\\/manskin.ch\\\/fr\\\/produkt\\\/skns-creme-contour-yeux-45ml\\\/#primaryimage\"},\"thumbnailUrl\":\"https:\\\/\\\/manskin.ch\\\/wp-content\\\/uploads\\\/2025\\\/08\\\/Skns_augencreme.jpg\",\"datePublished\":\"2025-08-26T06:02:46+00:00\",\"dateModified\":\"2025-09-14T15:10:27+00:00\",\"description\":\"Combats les rides et ridules gr\u00e2ce \u00e0 la cr\u00e8me pour les yeux SKNS. Profite de sa texture soyeuse et utilisez-la quotidiennement pour obtenir les meilleurs r\u00e9sultats!\",\"breadcrumb\":{\"@id\":\"https:\\\/\\\/manskin.ch\\\/fr\\\/produkt\\\/skns-creme-contour-yeux-45ml\\\/#breadcrumb\"},\"inLanguage\":\"fr-FR\",\"potentialAction\":[{\"@type\":\"ReadAction\",\"target\":[\"https:\\\/\\\/manskin.ch\\\/fr\\\/produkt\\\/skns-creme-contour-yeux-45ml\\\/\"]}]},{\"@type\":\"ImageObject\",\"inLanguage\":\"fr-FR\",\"@id\":\"https:\\\/\\\/manskin.ch\\\/fr\\\/produkt\\\/skns-creme-contour-yeux-45ml\\\/#primaryimage\",\"url\":\"https:\\\/\\\/manskin.ch\\\/wp-content\\\/uploads\\\/2025\\\/08\\\/Skns_augencreme.jpg\",\"contentUrl\":\"https:\\\/\\\/manskin.ch\\\/wp-content\\\/uploads\\\/2025\\\/08\\\/Skns_augencreme.jpg\",\"width\":1000,\"height\":1000},{\"@type\":\"BreadcrumbList\",\"@id\":\"https:\\\/\\\/manskin.ch\\\/fr\\\/produkt\\\/skns-creme-contour-yeux-45ml\\\/#breadcrumb\",\"itemListElement\":[{\"@type\":\"ListItem\",\"position\":1,\"name\":\"Startseite\",\"item\":\"https:\\\/\\\/manskin.ch\\\/fr\\\/\"},{\"@type\":\"ListItem\",\"position\":2,\"name\":\"Boutique Soins pour Hommes &amp; Skincare\",\"item\":\"https:\\\/\\\/manskin.ch\\\/fr\\\/boutique\\\/\"},{\"@type\":\"ListItem\",\"position\":3,\"name\":\"SKNS &#8211; Cr\u00e8me contour yeux\"}]},{\"@type\":\"WebSite\",\"@id\":\"https:\\\/\\\/manskin.ch\\\/fr\\\/#website\",\"url\":\"https:\\\/\\\/manskin.ch\\\/fr\\\/\",\"name\":\"Manskin.ch\",\"description\":\"Tous les produits de beaut\u00e9 pour les hommes les plus exigeants\",\"publisher\":{\"@id\":\"https:\\\/\\\/manskin.ch\\\/fr\\\/#organization\"},\"potentialAction\":[{\"@type\":\"SearchAction\",\"target\":{\"@type\":\"EntryPoint\",\"urlTemplate\":\"https:\\\/\\\/manskin.ch\\\/fr\\\/?s={search_term_string}\"},\"query-input\":{\"@type\":\"PropertyValueSpecification\",\"valueRequired\":true,\"valueName\":\"search_term_string\"}}],\"inLanguage\":\"fr-FR\"},{\"@type\":\"Organization\",\"@id\":\"https:\\\/\\\/manskin.ch\\\/fr\\\/#organization\",\"name\":\"Manskin.ch - der Schweizer Onlineshop f\u00fcr qualit\u00e4tsstarke M\u00e4nnerpflege\",\"url\":\"https:\\\/\\\/manskin.ch\\\/fr\\\/\",\"logo\":{\"@type\":\"ImageObject\",\"inLanguage\":\"fr-FR\",\"@id\":\"https:\\\/\\\/manskin.ch\\\/fr\\\/#\\\/schema\\\/logo\\\/image\\\/\",\"url\":\"https:\\\/\\\/manskin.ch\\\/wp-content\\\/uploads\\\/2021\\\/04\\\/cropped-logo_head.png\",\"contentUrl\":\"https:\\\/\\\/manskin.ch\\\/wp-content\\\/uploads\\\/2021\\\/04\\\/cropped-logo_head.png\",\"width\":235,\"height\":75,\"caption\":\"Manskin.ch - der Schweizer Onlineshop f\u00fcr qualit\u00e4tsstarke M\u00e4nnerpflege\"},\"image\":{\"@id\":\"https:\\\/\\\/manskin.ch\\\/fr\\\/#\\\/schema\\\/logo\\\/image\\\/\"},\"sameAs\":[\"https:\\\/\\\/www.facebook.com\\\/manskin.ch\",\"https:\\\/\\\/www.instagram.com\\\/manskin.ch\\\/\"]}]}<\/script>\n<meta property=\"product:price:amount\" content=\"28.00\" \/>\n<meta property=\"product:price:currency\" content=\"CHF\" \/>\n<meta property=\"og:availability\" content=\"instock\" \/>\n<meta property=\"product:availability\" content=\"instock\" \/>\n<meta property=\"product:retailer_item_id\" content=\"14337\" \/>\n<meta property=\"product:condition\" content=\"new\" \/>\n<!-- \/ Yoast SEO Premium plugin. -->","yoast_head_json":{"title":"Cr\u00e8me pour les yeux SKNS : r\u00e9duit les rides et les cernes | Manskin.ch","description":"Combats les rides et ridules gr\u00e2ce \u00e0 la cr\u00e8me pour les yeux SKNS. Profite de sa texture soyeuse et utilisez-la quotidiennement pour obtenir les meilleurs r\u00e9sultats!","robots":{"index":"index","follow":"follow","max-snippet":"max-snippet:-1","max-image-preview":"max-image-preview:large","max-video-preview":"max-video-preview:-1"},"canonical":"https:\/\/manskin.ch\/fr\/produkt\/skns-creme-contour-yeux-45ml\/","og_locale":"fr_FR","og_type":"article","og_title":"SKNS - Cr\u00e8me contour yeux","og_description":"Combats les rides et ridules gr\u00e2ce \u00e0 la cr\u00e8me pour les yeux SKNS. Profite de sa texture soyeuse et utilisez-la quotidiennement pour obtenir les meilleurs r\u00e9sultats!","og_url":"https:\/\/manskin.ch\/fr\/produkt\/skns-creme-contour-yeux-45ml\/","og_site_name":"Manskin.ch","article_publisher":"https:\/\/www.facebook.com\/manskin.ch","article_modified_time":"2025-09-14T15:10:27+00:00","twitter_card":"summary_large_image","twitter_misc":{"Prix":"28.00&#67;&#72;&#70;","Disponibilit\u00e9":"En stock"},"schema":{"@context":"https:\/\/schema.org","@graph":[{"@type":"WebPage","@id":"https:\/\/manskin.ch\/fr\/produkt\/skns-creme-contour-yeux-45ml\/","url":"https:\/\/manskin.ch\/fr\/produkt\/skns-creme-contour-yeux-45ml\/","name":"Cr\u00e8me pour les yeux SKNS : r\u00e9duit les rides et les cernes | Manskin.ch","isPartOf":{"@id":"https:\/\/manskin.ch\/fr\/#website"},"primaryImageOfPage":{"@id":"https:\/\/manskin.ch\/fr\/produkt\/skns-creme-contour-yeux-45ml\/#primaryimage"},"image":{"@id":"https:\/\/manskin.ch\/fr\/produkt\/skns-creme-contour-yeux-45ml\/#primaryimage"},"thumbnailUrl":"https:\/\/manskin.ch\/wp-content\/uploads\/2025\/08\/Skns_augencreme.jpg","datePublished":"2025-08-26T06:02:46+00:00","dateModified":"2025-09-14T15:10:27+00:00","description":"Combats les rides et ridules gr\u00e2ce \u00e0 la cr\u00e8me pour les yeux SKNS. Profite de sa texture soyeuse et utilisez-la quotidiennement pour obtenir les meilleurs r\u00e9sultats!","breadcrumb":{"@id":"https:\/\/manskin.ch\/fr\/produkt\/skns-creme-contour-yeux-45ml\/#breadcrumb"},"inLanguage":"fr-FR","potentialAction":[{"@type":"ReadAction","target":["https:\/\/manskin.ch\/fr\/produkt\/skns-creme-contour-yeux-45ml\/"]}]},{"@type":"ImageObject","inLanguage":"fr-FR","@id":"https:\/\/manskin.ch\/fr\/produkt\/skns-creme-contour-yeux-45ml\/#primaryimage","url":"https:\/\/manskin.ch\/wp-content\/uploads\/2025\/08\/Skns_augencreme.jpg","contentUrl":"https:\/\/manskin.ch\/wp-content\/uploads\/2025\/08\/Skns_augencreme.jpg","width":1000,"height":1000},{"@type":"BreadcrumbList","@id":"https:\/\/manskin.ch\/fr\/produkt\/skns-creme-contour-yeux-45ml\/#breadcrumb","itemListElement":[{"@type":"ListItem","position":1,"name":"Startseite","item":"https:\/\/manskin.ch\/fr\/"},{"@type":"ListItem","position":2,"name":"Boutique Soins pour Hommes &amp; Skincare","item":"https:\/\/manskin.ch\/fr\/boutique\/"},{"@type":"ListItem","position":3,"name":"SKNS &#8211; Cr\u00e8me contour yeux"}]},{"@type":"WebSite","@id":"https:\/\/manskin.ch\/fr\/#website","url":"https:\/\/manskin.ch\/fr\/","name":"Manskin.ch","description":"Tous les produits de beaut\u00e9 pour les hommes les plus exigeants","publisher":{"@id":"https:\/\/manskin.ch\/fr\/#organization"},"potentialAction":[{"@type":"SearchAction","target":{"@type":"EntryPoint","urlTemplate":"https:\/\/manskin.ch\/fr\/?s={search_term_string}"},"query-input":{"@type":"PropertyValueSpecification","valueRequired":true,"valueName":"search_term_string"}}],"inLanguage":"fr-FR"},{"@type":"Organization","@id":"https:\/\/manskin.ch\/fr\/#organization","name":"Manskin.ch - der Schweizer Onlineshop f\u00fcr qualit\u00e4tsstarke M\u00e4nnerpflege","url":"https:\/\/manskin.ch\/fr\/","logo":{"@type":"ImageObject","inLanguage":"fr-FR","@id":"https:\/\/manskin.ch\/fr\/#\/schema\/logo\/image\/","url":"https:\/\/manskin.ch\/wp-content\/uploads\/2021\/04\/cropped-logo_head.png","contentUrl":"https:\/\/manskin.ch\/wp-content\/uploads\/2021\/04\/cropped-logo_head.png","width":235,"height":75,"caption":"Manskin.ch - der Schweizer Onlineshop f\u00fcr qualit\u00e4tsstarke M\u00e4nnerpflege"},"image":{"@id":"https:\/\/manskin.ch\/fr\/#\/schema\/logo\/image\/"},"sameAs":["https:\/\/www.facebook.com\/manskin.ch","https:\/\/www.instagram.com\/manskin.ch\/"]}]},"product_price_amount":"28.00","product_price_currency":"CHF","og_availability":"instock","product_availability":"instock","product_retailer_item_id":"14337","product_condition":"new"},"brands":[{"id":6610,"name":"SKNS Skincare","slug":"skns-skincare"}],"_links":{"self":[{"href":"https:\/\/manskin.ch\/fr\/wp-json\/wp\/v2\/product\/502182","targetHints":{"allow":["GET"]}}],"collection":[{"href":"https:\/\/manskin.ch\/fr\/wp-json\/wp\/v2\/product"}],"about":[{"href":"https:\/\/manskin.ch\/fr\/wp-json\/wp\/v2\/types\/product"}],"replies":[{"embeddable":true,"href":"https:\/\/manskin.ch\/fr\/wp-json\/wp\/v2\/comments?post=502182"}],"wp:featuredmedia":[{"embeddable":true,"href":"https:\/\/manskin.ch\/fr\/wp-json\/wp\/v2\/media\/501993"}],"wp:attachment":[{"href":"https:\/\/manskin.ch\/fr\/wp-json\/wp\/v2\/media?parent=502182"}],"wp:term":[{"taxonomy":"pwb-brand","embeddable":true,"href":"https:\/\/manskin.ch\/fr\/wp-json\/wp\/v2\/pwb-brand?post=502182"},{"taxonomy":"product_brand","embeddable":true,"href":"https:\/\/manskin.ch\/fr\/wp-json\/wp\/v2\/product_brand?post=502182"},{"taxonomy":"product_cat","embeddable":true,"href":"https:\/\/manskin.ch\/fr\/wp-json\/wp\/v2\/product_cat?post=502182"},{"taxonomy":"product_tag","embeddable":true,"href":"https:\/\/manskin.ch\/fr\/wp-json\/wp\/v2\/product_tag?post=502182"}],"curies":[{"name":"wp","href":"https:\/\/api.w.org\/{rel}","templated":true}]}}