{"id":502067,"date":"2025-08-30T17:05:07","date_gmt":"2025-08-30T15:05:07","guid":{"rendered":"https:\/\/manskin.ch\/produkt\/salt-stone-body-wash-bergamot-eucalyptus\/"},"modified":"2025-10-09T17:51:07","modified_gmt":"2025-10-09T15:51:07","slug":"salt-stone-body-wash-neroli-basil","status":"publish","type":"product","link":"https:\/\/manskin.ch\/fr\/produkt\/salt-stone-body-wash-neroli-basil\/","title":{"rendered":"Salt &amp; Stone &#8211; Body Wash Neroli &amp; Basil 450 ml"},"content":{"rendered":"<h2>Salt &amp; Stone &#8211; Body Wash Neroli &amp; Basil<\/h2>\n<ul>\n<li>Un gel nettoyant pour le corps rafra&icirc;chissant et polyvalent contenant des plantes marines, des antioxydants et des ingr&eacute;dients hydratants naturels pour r&eacute;g&eacute;n&eacute;rer la peau expos&eacute;e aux &eacute;l&eacute;ments.<\/li>\n<li><span style=\"font-size: 16px;\">Il adoucit et apaise la peau pendant le nettoyage pour inverser les effets dess&eacute;chants des activit&eacute;s de plein air, du vent, du soleil et de la mer gr&acirc;ce au fantastique parfum d&#39;eucalyptus et de bergamote et &agrave; la formule sp&eacute;ciale de Salt &amp; Stone.<\/span><\/li>\n<\/ul>\n<p>Notes olfactives :<\/p>\n<ul>\n<li>Note de t&ecirc;te &ndash; N&eacute;roli, bergamote Italienne<\/li>\n<li>Note de c&oelig;ur &ndash; Basilic, tub&eacute;reuse, lavande fran&ccedil;aise<\/li>\n<li>Note de fond &ndash; Cypr&egrave;s, eucalyptus, feuille de shiso<\/li>\n<\/ul>\n<p>Ingr&eacute;dients principaux :<\/p>\n<ul>\n<li>Extraits d&#39;algues marines &amp; spiruline: plantes marines riches en antioxydants qui apaisent et r&eacute;g&eacute;n&egrave;rent les peaux irrit&eacute;es et expos&eacute;es aux &eacute;l&eacute;ments.<\/li>\n<li>Extrait de myrtille &amp; vitamine C: antioxydants connus pour combattre les radicaux libres qui p&eacute;n&egrave;trent dans la peau par l&#39;exposition au soleil, pour renforcer la production de collag&egrave;ne de la peau et pour lutter contre les signes de vieillissement.<\/li>\n<li>Niacinamide: &eacute;galement connue sous le nom de vitamine B3, elle forme une barri&egrave;re cutan&eacute;e plus solide et saine tout en am&eacute;liorant l&#39;aspect de la peau.<\/li>\n<li>Acide hyaluronique: une mol&eacute;cule hydrophile connue pour sa capacit&eacute; &agrave; attirer et &agrave; retenir 1000 fois son poids en eau. Il hydrate pendant le nettoyage et laisse la peau douce apr&egrave;s le rin&ccedil;age.<\/li>\n<li>Probiotiques: ferments naturels qui &eacute;quilibrent le microbiome de la peau et assurent un niveau sain de bact&eacute;ries qui renforcent la barri&egrave;re de votre peau contre les effets d&#39;une transpiration excessive et de l&#39;activit&eacute;.<\/li>\n<\/ul>\n<p>Contenu 450 ml.<\/p>\n","protected":false},"excerpt":{"rendered":"<p>Avec de l&rsquo;acide hyaluronique, de la niacinamide, des extraits de myrtille et d&rsquo;algues marines<\/p>\n","protected":false},"featured_media":502082,"comment_status":"closed","ping_status":"closed","template":"","meta":{"_acf_changed":false},"pwb-brand":[2780],"product_brand":[],"product_cat":[2357,2392],"product_tag":[],"class_list":{"0":"post-502067","1":"product","2":"type-product","3":"status-publish","4":"has-post-thumbnail","6":"pwb-brand-salt-stone","7":"product_cat-nettoyant-corps","8":"product_cat-salt-stone-fr","9":"product_shipping_class-standard-fr","10":"sales-flash-overlay","11":"woocommerce-text-align-center","12":"woocommerce-image-align-center","13":"do-quantity-buttons","15":"first","16":"outofstock","17":"taxable","18":"shipping-taxable","19":"purchasable","20":"product-type-simple"},"acf":[],"yoast_head":"<!-- This site is optimized with the Yoast SEO Premium plugin v27.3 (Yoast SEO v27.3) - https:\/\/yoast.com\/product\/yoast-seo-premium-wordpress\/ -->\n<title>Gel douche Salt &amp; Stone N\u00e9roli &amp; Basilic | Manskin.ch<\/title>\n<meta name=\"description\" content=\"Prot\u00e8ge ta peau contre les agressions ext\u00e9rieures avec le gel douche Salt &amp; Stone Neroli &amp; Basil ! D\u00e9couvre son parfum fantastique et ses ingr\u00e9dients r\u00e9g\u00e9n\u00e9rants.\" \/>\n<meta name=\"robots\" content=\"index, follow, max-snippet:-1, max-image-preview:large, max-video-preview:-1\" \/>\n<link rel=\"canonical\" href=\"https:\/\/manskin.ch\/fr\/produkt\/salt-stone-body-wash-neroli-basil\/\" \/>\n<meta property=\"og:locale\" content=\"fr_FR\" \/>\n<meta property=\"og:type\" content=\"article\" \/>\n<meta property=\"og:title\" content=\"Salt &amp; Stone - Body Wash Neroli &amp; Basil 450 ml\" \/>\n<meta property=\"og:description\" content=\"Prot\u00e8ge ta peau contre les agressions ext\u00e9rieures avec le gel douche Salt &amp; Stone Neroli &amp; Basil ! D\u00e9couvre son parfum fantastique et ses ingr\u00e9dients r\u00e9g\u00e9n\u00e9rants.\" \/>\n<meta property=\"og:url\" content=\"https:\/\/manskin.ch\/fr\/produkt\/salt-stone-body-wash-neroli-basil\/\" \/>\n<meta property=\"og:site_name\" content=\"Manskin.ch\" \/>\n<meta property=\"article:publisher\" content=\"https:\/\/www.facebook.com\/manskin.ch\" \/>\n<meta property=\"article:modified_time\" content=\"2025-10-09T15:51:07+00:00\" \/>\n<meta name=\"twitter:card\" content=\"summary_large_image\" \/>\n<meta name=\"twitter:label1\" content=\"Prix\" \/>\n\t<meta name=\"twitter:data1\" content=\"45.00&#067;&#072;&#070;\" \/>\n\t<meta name=\"twitter:label2\" content=\"Disponibilit\u00e9\" \/>\n\t<meta name=\"twitter:data2\" content=\"Rupture de stock\" \/>\n<script type=\"application\/ld+json\" class=\"yoast-schema-graph\">{\"@context\":\"https:\\\/\\\/schema.org\",\"@graph\":[{\"@type\":\"WebPage\",\"@id\":\"https:\\\/\\\/manskin.ch\\\/fr\\\/produkt\\\/salt-stone-body-wash-neroli-basil\\\/\",\"url\":\"https:\\\/\\\/manskin.ch\\\/fr\\\/produkt\\\/salt-stone-body-wash-neroli-basil\\\/\",\"name\":\"Gel douche Salt & Stone N\u00e9roli & Basilic | Manskin.ch\",\"isPartOf\":{\"@id\":\"https:\\\/\\\/manskin.ch\\\/fr\\\/#website\"},\"primaryImageOfPage\":{\"@id\":\"https:\\\/\\\/manskin.ch\\\/fr\\\/produkt\\\/salt-stone-body-wash-neroli-basil\\\/#primaryimage\"},\"image\":{\"@id\":\"https:\\\/\\\/manskin.ch\\\/fr\\\/produkt\\\/salt-stone-body-wash-neroli-basil\\\/#primaryimage\"},\"thumbnailUrl\":\"https:\\\/\\\/manskin.ch\\\/wp-content\\\/uploads\\\/2025\\\/08\\\/Body-Wash-Neroli.jpg\",\"datePublished\":\"2025-08-30T15:05:07+00:00\",\"dateModified\":\"2025-10-09T15:51:07+00:00\",\"description\":\"Prot\u00e8ge ta peau contre les agressions ext\u00e9rieures avec le gel douche Salt & Stone Neroli & Basil ! D\u00e9couvre son parfum fantastique et ses ingr\u00e9dients r\u00e9g\u00e9n\u00e9rants.\",\"breadcrumb\":{\"@id\":\"https:\\\/\\\/manskin.ch\\\/fr\\\/produkt\\\/salt-stone-body-wash-neroli-basil\\\/#breadcrumb\"},\"inLanguage\":\"fr-FR\",\"potentialAction\":[{\"@type\":\"ReadAction\",\"target\":[\"https:\\\/\\\/manskin.ch\\\/fr\\\/produkt\\\/salt-stone-body-wash-neroli-basil\\\/\"]}]},{\"@type\":\"ImageObject\",\"inLanguage\":\"fr-FR\",\"@id\":\"https:\\\/\\\/manskin.ch\\\/fr\\\/produkt\\\/salt-stone-body-wash-neroli-basil\\\/#primaryimage\",\"url\":\"https:\\\/\\\/manskin.ch\\\/wp-content\\\/uploads\\\/2025\\\/08\\\/Body-Wash-Neroli.jpg\",\"contentUrl\":\"https:\\\/\\\/manskin.ch\\\/wp-content\\\/uploads\\\/2025\\\/08\\\/Body-Wash-Neroli.jpg\",\"width\":1000,\"height\":1000},{\"@type\":\"BreadcrumbList\",\"@id\":\"https:\\\/\\\/manskin.ch\\\/fr\\\/produkt\\\/salt-stone-body-wash-neroli-basil\\\/#breadcrumb\",\"itemListElement\":[{\"@type\":\"ListItem\",\"position\":1,\"name\":\"Startseite\",\"item\":\"https:\\\/\\\/manskin.ch\\\/fr\\\/\"},{\"@type\":\"ListItem\",\"position\":2,\"name\":\"Boutique\",\"item\":\"https:\\\/\\\/manskin.ch\\\/fr\\\/boutique\\\/\"},{\"@type\":\"ListItem\",\"position\":3,\"name\":\"Salt &amp; Stone &#8211; Body Wash Neroli &amp; Basil 450 ml\"}]},{\"@type\":\"WebSite\",\"@id\":\"https:\\\/\\\/manskin.ch\\\/fr\\\/#website\",\"url\":\"https:\\\/\\\/manskin.ch\\\/fr\\\/\",\"name\":\"Manskin.ch\",\"description\":\"Tous les produits de beaut\u00e9 pour les hommes les plus exigeants\",\"publisher\":{\"@id\":\"https:\\\/\\\/manskin.ch\\\/fr\\\/#organization\"},\"potentialAction\":[{\"@type\":\"SearchAction\",\"target\":{\"@type\":\"EntryPoint\",\"urlTemplate\":\"https:\\\/\\\/manskin.ch\\\/fr\\\/?s={search_term_string}\"},\"query-input\":{\"@type\":\"PropertyValueSpecification\",\"valueRequired\":true,\"valueName\":\"search_term_string\"}}],\"inLanguage\":\"fr-FR\"},{\"@type\":\"Organization\",\"@id\":\"https:\\\/\\\/manskin.ch\\\/fr\\\/#organization\",\"name\":\"Manskin.ch - der Schweizer Onlineshop f\u00fcr qualit\u00e4tsstarke M\u00e4nnerpflege\",\"url\":\"https:\\\/\\\/manskin.ch\\\/fr\\\/\",\"logo\":{\"@type\":\"ImageObject\",\"inLanguage\":\"fr-FR\",\"@id\":\"https:\\\/\\\/manskin.ch\\\/fr\\\/#\\\/schema\\\/logo\\\/image\\\/\",\"url\":\"https:\\\/\\\/manskin.ch\\\/wp-content\\\/uploads\\\/2021\\\/04\\\/cropped-logo_head.png\",\"contentUrl\":\"https:\\\/\\\/manskin.ch\\\/wp-content\\\/uploads\\\/2021\\\/04\\\/cropped-logo_head.png\",\"width\":235,\"height\":75,\"caption\":\"Manskin.ch - der Schweizer Onlineshop f\u00fcr qualit\u00e4tsstarke M\u00e4nnerpflege\"},\"image\":{\"@id\":\"https:\\\/\\\/manskin.ch\\\/fr\\\/#\\\/schema\\\/logo\\\/image\\\/\"},\"sameAs\":[\"https:\\\/\\\/www.facebook.com\\\/manskin.ch\",\"https:\\\/\\\/www.instagram.com\\\/manskin.ch\\\/\"]}]}<\/script>\n<meta property=\"product:price:amount\" content=\"45.00\" \/>\n<meta property=\"product:price:currency\" content=\"CHF\" \/>\n<meta property=\"og:availability\" content=\"out of stock\" \/>\n<meta property=\"product:availability\" content=\"out of stock\" \/>\n<meta property=\"product:retailer_item_id\" content=\"14344\" \/>\n<meta property=\"product:condition\" content=\"new\" \/>\n<!-- \/ Yoast SEO Premium plugin. -->","yoast_head_json":{"title":"Gel douche Salt & Stone N\u00e9roli & Basilic | Manskin.ch","description":"Prot\u00e8ge ta peau contre les agressions ext\u00e9rieures avec le gel douche Salt & Stone Neroli & Basil ! D\u00e9couvre son parfum fantastique et ses ingr\u00e9dients r\u00e9g\u00e9n\u00e9rants.","robots":{"index":"index","follow":"follow","max-snippet":"max-snippet:-1","max-image-preview":"max-image-preview:large","max-video-preview":"max-video-preview:-1"},"canonical":"https:\/\/manskin.ch\/fr\/produkt\/salt-stone-body-wash-neroli-basil\/","og_locale":"fr_FR","og_type":"article","og_title":"Salt &amp; Stone - Body Wash Neroli &amp; Basil 450 ml","og_description":"Prot\u00e8ge ta peau contre les agressions ext\u00e9rieures avec le gel douche Salt & Stone Neroli & Basil ! D\u00e9couvre son parfum fantastique et ses ingr\u00e9dients r\u00e9g\u00e9n\u00e9rants.","og_url":"https:\/\/manskin.ch\/fr\/produkt\/salt-stone-body-wash-neroli-basil\/","og_site_name":"Manskin.ch","article_publisher":"https:\/\/www.facebook.com\/manskin.ch","article_modified_time":"2025-10-09T15:51:07+00:00","twitter_card":"summary_large_image","twitter_misc":{"Prix":"45.00&#67;&#72;&#70;","Disponibilit\u00e9":"Rupture de stock"},"schema":{"@context":"https:\/\/schema.org","@graph":[{"@type":"WebPage","@id":"https:\/\/manskin.ch\/fr\/produkt\/salt-stone-body-wash-neroli-basil\/","url":"https:\/\/manskin.ch\/fr\/produkt\/salt-stone-body-wash-neroli-basil\/","name":"Gel douche Salt & Stone N\u00e9roli & Basilic | Manskin.ch","isPartOf":{"@id":"https:\/\/manskin.ch\/fr\/#website"},"primaryImageOfPage":{"@id":"https:\/\/manskin.ch\/fr\/produkt\/salt-stone-body-wash-neroli-basil\/#primaryimage"},"image":{"@id":"https:\/\/manskin.ch\/fr\/produkt\/salt-stone-body-wash-neroli-basil\/#primaryimage"},"thumbnailUrl":"https:\/\/manskin.ch\/wp-content\/uploads\/2025\/08\/Body-Wash-Neroli.jpg","datePublished":"2025-08-30T15:05:07+00:00","dateModified":"2025-10-09T15:51:07+00:00","description":"Prot\u00e8ge ta peau contre les agressions ext\u00e9rieures avec le gel douche Salt & Stone Neroli & Basil ! D\u00e9couvre son parfum fantastique et ses ingr\u00e9dients r\u00e9g\u00e9n\u00e9rants.","breadcrumb":{"@id":"https:\/\/manskin.ch\/fr\/produkt\/salt-stone-body-wash-neroli-basil\/#breadcrumb"},"inLanguage":"fr-FR","potentialAction":[{"@type":"ReadAction","target":["https:\/\/manskin.ch\/fr\/produkt\/salt-stone-body-wash-neroli-basil\/"]}]},{"@type":"ImageObject","inLanguage":"fr-FR","@id":"https:\/\/manskin.ch\/fr\/produkt\/salt-stone-body-wash-neroli-basil\/#primaryimage","url":"https:\/\/manskin.ch\/wp-content\/uploads\/2025\/08\/Body-Wash-Neroli.jpg","contentUrl":"https:\/\/manskin.ch\/wp-content\/uploads\/2025\/08\/Body-Wash-Neroli.jpg","width":1000,"height":1000},{"@type":"BreadcrumbList","@id":"https:\/\/manskin.ch\/fr\/produkt\/salt-stone-body-wash-neroli-basil\/#breadcrumb","itemListElement":[{"@type":"ListItem","position":1,"name":"Startseite","item":"https:\/\/manskin.ch\/fr\/"},{"@type":"ListItem","position":2,"name":"Boutique","item":"https:\/\/manskin.ch\/fr\/boutique\/"},{"@type":"ListItem","position":3,"name":"Salt &amp; Stone &#8211; Body Wash Neroli &amp; Basil 450 ml"}]},{"@type":"WebSite","@id":"https:\/\/manskin.ch\/fr\/#website","url":"https:\/\/manskin.ch\/fr\/","name":"Manskin.ch","description":"Tous les produits de beaut\u00e9 pour les hommes les plus exigeants","publisher":{"@id":"https:\/\/manskin.ch\/fr\/#organization"},"potentialAction":[{"@type":"SearchAction","target":{"@type":"EntryPoint","urlTemplate":"https:\/\/manskin.ch\/fr\/?s={search_term_string}"},"query-input":{"@type":"PropertyValueSpecification","valueRequired":true,"valueName":"search_term_string"}}],"inLanguage":"fr-FR"},{"@type":"Organization","@id":"https:\/\/manskin.ch\/fr\/#organization","name":"Manskin.ch - der Schweizer Onlineshop f\u00fcr qualit\u00e4tsstarke M\u00e4nnerpflege","url":"https:\/\/manskin.ch\/fr\/","logo":{"@type":"ImageObject","inLanguage":"fr-FR","@id":"https:\/\/manskin.ch\/fr\/#\/schema\/logo\/image\/","url":"https:\/\/manskin.ch\/wp-content\/uploads\/2021\/04\/cropped-logo_head.png","contentUrl":"https:\/\/manskin.ch\/wp-content\/uploads\/2021\/04\/cropped-logo_head.png","width":235,"height":75,"caption":"Manskin.ch - der Schweizer Onlineshop f\u00fcr qualit\u00e4tsstarke M\u00e4nnerpflege"},"image":{"@id":"https:\/\/manskin.ch\/fr\/#\/schema\/logo\/image\/"},"sameAs":["https:\/\/www.facebook.com\/manskin.ch","https:\/\/www.instagram.com\/manskin.ch\/"]}]},"product_price_amount":"45.00","product_price_currency":"CHF","og_availability":"out of stock","product_availability":"out of stock","product_retailer_item_id":"14344","product_condition":"new"},"brands":[{"id":2780,"name":"Salt &amp; Stone","slug":"salt-stone"}],"_links":{"self":[{"href":"https:\/\/manskin.ch\/fr\/wp-json\/wp\/v2\/product\/502067","targetHints":{"allow":["GET"]}}],"collection":[{"href":"https:\/\/manskin.ch\/fr\/wp-json\/wp\/v2\/product"}],"about":[{"href":"https:\/\/manskin.ch\/fr\/wp-json\/wp\/v2\/types\/product"}],"replies":[{"embeddable":true,"href":"https:\/\/manskin.ch\/fr\/wp-json\/wp\/v2\/comments?post=502067"}],"wp:featuredmedia":[{"embeddable":true,"href":"https:\/\/manskin.ch\/fr\/wp-json\/wp\/v2\/media\/502082"}],"wp:attachment":[{"href":"https:\/\/manskin.ch\/fr\/wp-json\/wp\/v2\/media?parent=502067"}],"wp:term":[{"taxonomy":"pwb-brand","embeddable":true,"href":"https:\/\/manskin.ch\/fr\/wp-json\/wp\/v2\/pwb-brand?post=502067"},{"taxonomy":"product_brand","embeddable":true,"href":"https:\/\/manskin.ch\/fr\/wp-json\/wp\/v2\/product_brand?post=502067"},{"taxonomy":"product_cat","embeddable":true,"href":"https:\/\/manskin.ch\/fr\/wp-json\/wp\/v2\/product_cat?post=502067"},{"taxonomy":"product_tag","embeddable":true,"href":"https:\/\/manskin.ch\/fr\/wp-json\/wp\/v2\/product_tag?post=502067"}],"curies":[{"name":"wp","href":"https:\/\/api.w.org\/{rel}","templated":true}]}}