{"id":501904,"date":"2025-08-24T20:48:00","date_gmt":"2025-08-24T18:48:00","guid":{"rendered":"https:\/\/manskin.ch\/produkt\/recipe-for-men-facial-moisturizer-creme-hydratante-aftershave\/"},"modified":"2026-03-09T08:27:44","modified_gmt":"2026-03-09T07:27:44","slug":"recipe-for-men-instant-recharge-hydrating-face-gel","status":"publish","type":"product","link":"https:\/\/manskin.ch\/fr\/produkt\/recipe-for-men-instant-recharge-hydrating-face-gel\/","title":{"rendered":"Recipe for men &#8211; Instant Recharge Ultra Hydrating Face Gel"},"content":{"rendered":"<h2>Recipe for men &#8211; Instant Recharge Ultra Hydrating Face Gel<\/h2>\n<ul>\n<li>L&rsquo;hydratation red\u00e9finie : plus l\u00e9g\u00e8re, plus intense et plus efficace!<\/li>\n<li>Ce gel \u00e9nergisant pour le visage hydrate et rajeunit votre peau tout en renfor\u00e7ant ses d\u00e9fenses naturelles contre les agressions environnementales et les stress ext\u00e9rieurs.<\/li>\n<li>Une combinaison d&rsquo;acide hyaluronique, de niacinamide et de th\u00e9 matcha hydrate intens\u00e9ment et procure un \u00e9clat frais et mat. La formule sans huile p\u00e9n\u00e8tre rapidement et laisse une sensation de fra\u00eecheur sur la peau.<\/li>\n<li>R\u00e9g\u00e9n\u00e9ration imm\u00e9diate \u2013 Formules avanc\u00e9es mais douces avec des ingr\u00e9dients actifs.<\/li>\n<li>Une nouvelle gamme de produits pour tous ceux qui sont pr\u00eats \u00e0 passer au niveau sup\u00e9rieur en mati\u00e8re de soins de la peau. Des produits hydratants \u00e0 action profonde avec un effet imm\u00e9diat.<\/li>\n<\/ul>\n<p>Application : appliquer 1 \u00e0 2 fois par jour apr\u00e8s le rasage et\/ou chaque fois que\u00a0ta peau est s\u00e8che ou irrit\u00e9e, sur un visage propre et sec. De pr\u00e9f\u00e9rence le matin et\/ou le soir. Masser sur un visage propre et sec.<\/p>\n<p>Contenu 75 ml.<\/p>\n","protected":false},"excerpt":{"rendered":"<p>Une combinaison d&rsquo;acide hyaluronique, de niacinamide et de th\u00e9 matcha hydrate intens\u00e9ment<\/p>\n","protected":false},"featured_media":501906,"comment_status":"closed","ping_status":"closed","template":"","meta":{"_acf_changed":false},"pwb-brand":[2778],"product_brand":[],"product_cat":[2329,2349,2352,2391],"product_tag":[],"class_list":{"0":"post-501904","1":"product","2":"type-product","3":"status-publish","4":"has-post-thumbnail","6":"pwb-brand-recipe-for-men","7":"product_cat-hydratants","8":"product_cat-peau-fatiguee","9":"product_cat-peau-seche","10":"product_cat-recipe-for-men-fr","11":"sales-flash-overlay","12":"woocommerce-text-align-center","13":"woocommerce-image-align-center","14":"do-quantity-buttons","16":"first","17":"instock","18":"taxable","19":"shipping-taxable","20":"purchasable","21":"product-type-simple"},"acf":[],"yoast_head":"<!-- This site is optimized with the Yoast SEO Premium plugin v27.3 (Yoast SEO v27.3) - https:\/\/yoast.com\/product\/yoast-seo-premium-wordpress\/ -->\n<title>Recipe for men - Instant Recharge Ultra Hydrating Face Gel | Manskin.ch<\/title>\n<meta name=\"description\" content=\"D\u00e9couvre les bienfaits du th\u00e9 matcha dans le gel visage Instant Recharge Face Gel ! Pour une peau rafra\u00eechie au quotidien. Essaye-le !\" \/>\n<meta name=\"robots\" content=\"index, follow, max-snippet:-1, max-image-preview:large, max-video-preview:-1\" \/>\n<link rel=\"canonical\" href=\"https:\/\/manskin.ch\/fr\/produkt\/recipe-for-men-instant-recharge-hydrating-face-gel\/\" \/>\n<meta property=\"og:locale\" content=\"fr_FR\" \/>\n<meta property=\"og:type\" content=\"article\" \/>\n<meta property=\"og:title\" content=\"Recipe for men - Instant Recharge Ultra Hydrating Face Gel\" \/>\n<meta property=\"og:description\" content=\"D\u00e9couvre les bienfaits du th\u00e9 matcha dans le gel visage Instant Recharge Face Gel ! Pour une peau rafra\u00eechie au quotidien. Essaye-le !\" \/>\n<meta property=\"og:url\" content=\"https:\/\/manskin.ch\/fr\/produkt\/recipe-for-men-instant-recharge-hydrating-face-gel\/\" \/>\n<meta property=\"og:site_name\" content=\"Manskin.ch\" \/>\n<meta property=\"article:publisher\" content=\"https:\/\/www.facebook.com\/manskin.ch\" \/>\n<meta property=\"article:modified_time\" content=\"2026-03-09T07:27:44+00:00\" \/>\n<meta name=\"twitter:card\" content=\"summary_large_image\" \/>\n<meta name=\"twitter:label1\" content=\"Prix\" \/>\n\t<meta name=\"twitter:data1\" content=\"36.00&#067;&#072;&#070;\" \/>\n\t<meta name=\"twitter:label2\" content=\"Disponibilit\u00e9\" \/>\n\t<meta name=\"twitter:data2\" content=\"En stock\" \/>\n<script type=\"application\/ld+json\" class=\"yoast-schema-graph\">{\"@context\":\"https:\\\/\\\/schema.org\",\"@graph\":[{\"@type\":\"WebPage\",\"@id\":\"https:\\\/\\\/manskin.ch\\\/fr\\\/produkt\\\/recipe-for-men-instant-recharge-hydrating-face-gel\\\/\",\"url\":\"https:\\\/\\\/manskin.ch\\\/fr\\\/produkt\\\/recipe-for-men-instant-recharge-hydrating-face-gel\\\/\",\"name\":\"Recipe for men - Instant Recharge Ultra Hydrating Face Gel | Manskin.ch\",\"isPartOf\":{\"@id\":\"https:\\\/\\\/manskin.ch\\\/fr\\\/#website\"},\"primaryImageOfPage\":{\"@id\":\"https:\\\/\\\/manskin.ch\\\/fr\\\/produkt\\\/recipe-for-men-instant-recharge-hydrating-face-gel\\\/#primaryimage\"},\"image\":{\"@id\":\"https:\\\/\\\/manskin.ch\\\/fr\\\/produkt\\\/recipe-for-men-instant-recharge-hydrating-face-gel\\\/#primaryimage\"},\"thumbnailUrl\":\"https:\\\/\\\/manskin.ch\\\/wp-content\\\/uploads\\\/2025\\\/08\\\/Instant_recharge_gel.webp\",\"datePublished\":\"2025-08-24T18:48:00+00:00\",\"dateModified\":\"2026-03-09T07:27:44+00:00\",\"description\":\"D\u00e9couvre les bienfaits du th\u00e9 matcha dans le gel visage Instant Recharge Face Gel ! Pour une peau rafra\u00eechie au quotidien. Essaye-le !\",\"breadcrumb\":{\"@id\":\"https:\\\/\\\/manskin.ch\\\/fr\\\/produkt\\\/recipe-for-men-instant-recharge-hydrating-face-gel\\\/#breadcrumb\"},\"inLanguage\":\"fr-FR\",\"potentialAction\":[{\"@type\":\"ReadAction\",\"target\":[\"https:\\\/\\\/manskin.ch\\\/fr\\\/produkt\\\/recipe-for-men-instant-recharge-hydrating-face-gel\\\/\"]}]},{\"@type\":\"ImageObject\",\"inLanguage\":\"fr-FR\",\"@id\":\"https:\\\/\\\/manskin.ch\\\/fr\\\/produkt\\\/recipe-for-men-instant-recharge-hydrating-face-gel\\\/#primaryimage\",\"url\":\"https:\\\/\\\/manskin.ch\\\/wp-content\\\/uploads\\\/2025\\\/08\\\/Instant_recharge_gel.webp\",\"contentUrl\":\"https:\\\/\\\/manskin.ch\\\/wp-content\\\/uploads\\\/2025\\\/08\\\/Instant_recharge_gel.webp\",\"width\":1000,\"height\":1000},{\"@type\":\"BreadcrumbList\",\"@id\":\"https:\\\/\\\/manskin.ch\\\/fr\\\/produkt\\\/recipe-for-men-instant-recharge-hydrating-face-gel\\\/#breadcrumb\",\"itemListElement\":[{\"@type\":\"ListItem\",\"position\":1,\"name\":\"Startseite\",\"item\":\"https:\\\/\\\/manskin.ch\\\/fr\\\/\"},{\"@type\":\"ListItem\",\"position\":2,\"name\":\"Boutique Soins pour Hommes &amp; Skincare\",\"item\":\"https:\\\/\\\/manskin.ch\\\/fr\\\/boutique\\\/\"},{\"@type\":\"ListItem\",\"position\":3,\"name\":\"Recipe for men &#8211; Instant Recharge Ultra Hydrating Face Gel\"}]},{\"@type\":\"WebSite\",\"@id\":\"https:\\\/\\\/manskin.ch\\\/fr\\\/#website\",\"url\":\"https:\\\/\\\/manskin.ch\\\/fr\\\/\",\"name\":\"Manskin.ch\",\"description\":\"Tous les produits de beaut\u00e9 pour les hommes les plus exigeants\",\"publisher\":{\"@id\":\"https:\\\/\\\/manskin.ch\\\/fr\\\/#organization\"},\"potentialAction\":[{\"@type\":\"SearchAction\",\"target\":{\"@type\":\"EntryPoint\",\"urlTemplate\":\"https:\\\/\\\/manskin.ch\\\/fr\\\/?s={search_term_string}\"},\"query-input\":{\"@type\":\"PropertyValueSpecification\",\"valueRequired\":true,\"valueName\":\"search_term_string\"}}],\"inLanguage\":\"fr-FR\"},{\"@type\":\"Organization\",\"@id\":\"https:\\\/\\\/manskin.ch\\\/fr\\\/#organization\",\"name\":\"Manskin.ch - der Schweizer Onlineshop f\u00fcr qualit\u00e4tsstarke M\u00e4nnerpflege\",\"url\":\"https:\\\/\\\/manskin.ch\\\/fr\\\/\",\"logo\":{\"@type\":\"ImageObject\",\"inLanguage\":\"fr-FR\",\"@id\":\"https:\\\/\\\/manskin.ch\\\/fr\\\/#\\\/schema\\\/logo\\\/image\\\/\",\"url\":\"https:\\\/\\\/manskin.ch\\\/wp-content\\\/uploads\\\/2021\\\/04\\\/cropped-logo_head.png\",\"contentUrl\":\"https:\\\/\\\/manskin.ch\\\/wp-content\\\/uploads\\\/2021\\\/04\\\/cropped-logo_head.png\",\"width\":235,\"height\":75,\"caption\":\"Manskin.ch - der Schweizer Onlineshop f\u00fcr qualit\u00e4tsstarke M\u00e4nnerpflege\"},\"image\":{\"@id\":\"https:\\\/\\\/manskin.ch\\\/fr\\\/#\\\/schema\\\/logo\\\/image\\\/\"},\"sameAs\":[\"https:\\\/\\\/www.facebook.com\\\/manskin.ch\",\"https:\\\/\\\/www.instagram.com\\\/manskin.ch\\\/\"]}]}<\/script>\n<meta property=\"product:price:amount\" content=\"36.00\" \/>\n<meta property=\"product:price:currency\" content=\"CHF\" \/>\n<meta property=\"og:availability\" content=\"instock\" \/>\n<meta property=\"product:availability\" content=\"instock\" \/>\n<meta property=\"product:retailer_item_id\" content=\"14333\" \/>\n<meta property=\"product:condition\" content=\"new\" \/>\n<!-- \/ Yoast SEO Premium plugin. -->","yoast_head_json":{"title":"Recipe for men - Instant Recharge Ultra Hydrating Face Gel | Manskin.ch","description":"D\u00e9couvre les bienfaits du th\u00e9 matcha dans le gel visage Instant Recharge Face Gel ! Pour une peau rafra\u00eechie au quotidien. Essaye-le !","robots":{"index":"index","follow":"follow","max-snippet":"max-snippet:-1","max-image-preview":"max-image-preview:large","max-video-preview":"max-video-preview:-1"},"canonical":"https:\/\/manskin.ch\/fr\/produkt\/recipe-for-men-instant-recharge-hydrating-face-gel\/","og_locale":"fr_FR","og_type":"article","og_title":"Recipe for men - Instant Recharge Ultra Hydrating Face Gel","og_description":"D\u00e9couvre les bienfaits du th\u00e9 matcha dans le gel visage Instant Recharge Face Gel ! Pour une peau rafra\u00eechie au quotidien. Essaye-le !","og_url":"https:\/\/manskin.ch\/fr\/produkt\/recipe-for-men-instant-recharge-hydrating-face-gel\/","og_site_name":"Manskin.ch","article_publisher":"https:\/\/www.facebook.com\/manskin.ch","article_modified_time":"2026-03-09T07:27:44+00:00","twitter_card":"summary_large_image","twitter_misc":{"Prix":"36.00&#67;&#72;&#70;","Disponibilit\u00e9":"En stock"},"schema":{"@context":"https:\/\/schema.org","@graph":[{"@type":"WebPage","@id":"https:\/\/manskin.ch\/fr\/produkt\/recipe-for-men-instant-recharge-hydrating-face-gel\/","url":"https:\/\/manskin.ch\/fr\/produkt\/recipe-for-men-instant-recharge-hydrating-face-gel\/","name":"Recipe for men - Instant Recharge Ultra Hydrating Face Gel | Manskin.ch","isPartOf":{"@id":"https:\/\/manskin.ch\/fr\/#website"},"primaryImageOfPage":{"@id":"https:\/\/manskin.ch\/fr\/produkt\/recipe-for-men-instant-recharge-hydrating-face-gel\/#primaryimage"},"image":{"@id":"https:\/\/manskin.ch\/fr\/produkt\/recipe-for-men-instant-recharge-hydrating-face-gel\/#primaryimage"},"thumbnailUrl":"https:\/\/manskin.ch\/wp-content\/uploads\/2025\/08\/Instant_recharge_gel.webp","datePublished":"2025-08-24T18:48:00+00:00","dateModified":"2026-03-09T07:27:44+00:00","description":"D\u00e9couvre les bienfaits du th\u00e9 matcha dans le gel visage Instant Recharge Face Gel ! Pour une peau rafra\u00eechie au quotidien. Essaye-le !","breadcrumb":{"@id":"https:\/\/manskin.ch\/fr\/produkt\/recipe-for-men-instant-recharge-hydrating-face-gel\/#breadcrumb"},"inLanguage":"fr-FR","potentialAction":[{"@type":"ReadAction","target":["https:\/\/manskin.ch\/fr\/produkt\/recipe-for-men-instant-recharge-hydrating-face-gel\/"]}]},{"@type":"ImageObject","inLanguage":"fr-FR","@id":"https:\/\/manskin.ch\/fr\/produkt\/recipe-for-men-instant-recharge-hydrating-face-gel\/#primaryimage","url":"https:\/\/manskin.ch\/wp-content\/uploads\/2025\/08\/Instant_recharge_gel.webp","contentUrl":"https:\/\/manskin.ch\/wp-content\/uploads\/2025\/08\/Instant_recharge_gel.webp","width":1000,"height":1000},{"@type":"BreadcrumbList","@id":"https:\/\/manskin.ch\/fr\/produkt\/recipe-for-men-instant-recharge-hydrating-face-gel\/#breadcrumb","itemListElement":[{"@type":"ListItem","position":1,"name":"Startseite","item":"https:\/\/manskin.ch\/fr\/"},{"@type":"ListItem","position":2,"name":"Boutique Soins pour Hommes &amp; Skincare","item":"https:\/\/manskin.ch\/fr\/boutique\/"},{"@type":"ListItem","position":3,"name":"Recipe for men &#8211; Instant Recharge Ultra Hydrating Face Gel"}]},{"@type":"WebSite","@id":"https:\/\/manskin.ch\/fr\/#website","url":"https:\/\/manskin.ch\/fr\/","name":"Manskin.ch","description":"Tous les produits de beaut\u00e9 pour les hommes les plus exigeants","publisher":{"@id":"https:\/\/manskin.ch\/fr\/#organization"},"potentialAction":[{"@type":"SearchAction","target":{"@type":"EntryPoint","urlTemplate":"https:\/\/manskin.ch\/fr\/?s={search_term_string}"},"query-input":{"@type":"PropertyValueSpecification","valueRequired":true,"valueName":"search_term_string"}}],"inLanguage":"fr-FR"},{"@type":"Organization","@id":"https:\/\/manskin.ch\/fr\/#organization","name":"Manskin.ch - der Schweizer Onlineshop f\u00fcr qualit\u00e4tsstarke M\u00e4nnerpflege","url":"https:\/\/manskin.ch\/fr\/","logo":{"@type":"ImageObject","inLanguage":"fr-FR","@id":"https:\/\/manskin.ch\/fr\/#\/schema\/logo\/image\/","url":"https:\/\/manskin.ch\/wp-content\/uploads\/2021\/04\/cropped-logo_head.png","contentUrl":"https:\/\/manskin.ch\/wp-content\/uploads\/2021\/04\/cropped-logo_head.png","width":235,"height":75,"caption":"Manskin.ch - der Schweizer Onlineshop f\u00fcr qualit\u00e4tsstarke M\u00e4nnerpflege"},"image":{"@id":"https:\/\/manskin.ch\/fr\/#\/schema\/logo\/image\/"},"sameAs":["https:\/\/www.facebook.com\/manskin.ch","https:\/\/www.instagram.com\/manskin.ch\/"]}]},"product_price_amount":"36.00","product_price_currency":"CHF","og_availability":"instock","product_availability":"instock","product_retailer_item_id":"14333","product_condition":"new"},"brands":[{"id":2778,"name":"Recipe for men","slug":"recipe-for-men"}],"_links":{"self":[{"href":"https:\/\/manskin.ch\/fr\/wp-json\/wp\/v2\/product\/501904","targetHints":{"allow":["GET"]}}],"collection":[{"href":"https:\/\/manskin.ch\/fr\/wp-json\/wp\/v2\/product"}],"about":[{"href":"https:\/\/manskin.ch\/fr\/wp-json\/wp\/v2\/types\/product"}],"replies":[{"embeddable":true,"href":"https:\/\/manskin.ch\/fr\/wp-json\/wp\/v2\/comments?post=501904"}],"wp:featuredmedia":[{"embeddable":true,"href":"https:\/\/manskin.ch\/fr\/wp-json\/wp\/v2\/media\/501906"}],"wp:attachment":[{"href":"https:\/\/manskin.ch\/fr\/wp-json\/wp\/v2\/media?parent=501904"}],"wp:term":[{"taxonomy":"pwb-brand","embeddable":true,"href":"https:\/\/manskin.ch\/fr\/wp-json\/wp\/v2\/pwb-brand?post=501904"},{"taxonomy":"product_brand","embeddable":true,"href":"https:\/\/manskin.ch\/fr\/wp-json\/wp\/v2\/product_brand?post=501904"},{"taxonomy":"product_cat","embeddable":true,"href":"https:\/\/manskin.ch\/fr\/wp-json\/wp\/v2\/product_cat?post=501904"},{"taxonomy":"product_tag","embeddable":true,"href":"https:\/\/manskin.ch\/fr\/wp-json\/wp\/v2\/product_tag?post=501904"}],"curies":[{"name":"wp","href":"https:\/\/api.w.org\/{rel}","templated":true}]}}