{"id":501736,"date":"2025-08-07T16:14:52","date_gmt":"2025-08-07T14:14:52","guid":{"rendered":"https:\/\/manskin.ch\/produkt\/salt-and-stone-bodylotion-black-rose-oud-travel-2\/"},"modified":"2025-08-27T08:18:10","modified_gmt":"2025-08-27T06:18:10","slug":"salt-and-stone-bodylotion-black-rose-oud-travel-2","status":"publish","type":"product","link":"https:\/\/manskin.ch\/fr\/produkt\/salt-and-stone-bodylotion-black-rose-oud-travel-2\/","title":{"rendered":"Salt &amp; Stone &#8211; Body Lotion Santal &amp; Vetiver"},"content":{"rendered":"<h2>Salt &amp; Stone &#8211; Body Lotion Santal &amp; Vetiver<\/h2>\n<ul>\n<li>Cette lotion corporelle quotidienne, rapidement absorb\u00e9e, aux extraits d&rsquo;algues et \u00e0 la niacinamide, fournit rapidement \u00e0 la peau des ingr\u00e9dients nourrissants.<\/li>\n<li>La peau obtient un fini soyeux et doux.<br \/>\nLa lotion corporelle aide \u00e0 compenser les effets dess\u00e9chants des activit\u00e9s en plein air, du vent, du soleil et de la mer.<\/li>\n<\/ul>\n<p>Ingr\u00e9dients principaux :<\/p>\n<ul>\n<li>Extraits d&rsquo;algues marines &amp; spiruline : plantes marines riches en antioxydants qui apaisent et r\u00e9g\u00e9n\u00e8rent les peaux irrit\u00e9es et expos\u00e9es aux \u00e9l\u00e9ments.<\/li>\n<li>M\u00e9lange d&rsquo;huiles v\u00e9g\u00e9tales (huile de jojoba, de karit\u00e9, de carthame et de marula) : un m\u00e9lange d&rsquo;huiles naturelles \u00e9mollientes pour restaurer et maintenir l&rsquo;hydratation.<\/li>\n<li>Niacinamide : \u00e9galement connue sous le nom de vitamine B3, elle forme une barri\u00e8re cutan\u00e9e plus solide et saine et am\u00e9liore l&rsquo;aspect de la peau.<\/li>\n<li>Vitamine E : un antioxydant dont il a \u00e9t\u00e9 prouv\u00e9 qu&rsquo;il combat les dommages caus\u00e9s par les radicaux libres dus aux agressions quotidiennes de l&rsquo;environnement.<\/li>\n<li>Notes de parfum :<br \/>\nNotes de t\u00eate &#8211; bois de santal australien, ambre.<br \/>\nC\u0153ur &#8211; orris, ambrox, bois de c\u00e8dre<br \/>\nBase &#8211; feuilles de violette, v\u00e9tiver, cristal<\/li>\n<li>Contenu 206 ml.<\/li>\n<\/ul>\n","protected":false},"excerpt":{"rendered":"<p>Avec des algues marins, vitamine E, niacinamid<\/p>\n","protected":false},"featured_media":501743,"comment_status":"closed","ping_status":"closed","template":"","meta":{"_acf_changed":false},"pwb-brand":[2780],"product_brand":[],"product_cat":[2356,2392],"product_tag":[],"class_list":{"0":"post-501736","1":"product","2":"type-product","3":"status-publish","4":"has-post-thumbnail","6":"pwb-brand-salt-stone","7":"product_cat-lotion-corps","8":"product_cat-salt-stone-fr","9":"sales-flash-overlay","10":"woocommerce-text-align-center","11":"woocommerce-image-align-center","12":"do-quantity-buttons","14":"first","15":"instock","16":"taxable","17":"shipping-taxable","18":"purchasable","19":"product-type-simple"},"acf":[],"yoast_head":"<!-- This site is optimized with the Yoast SEO Premium plugin v27.3 (Yoast SEO v27.3) - https:\/\/yoast.com\/product\/yoast-seo-premium-wordpress\/ -->\n<title>Salt &amp; Stone - Body Lotion Santal &amp; Vetiver | commander maintenant<\/title>\n<meta name=\"description\" content=\"Salt &amp; Stone - Body Lotion Santal &amp; Vetiver\" \/>\n<meta name=\"robots\" content=\"index, follow, max-snippet:-1, max-image-preview:large, max-video-preview:-1\" \/>\n<link rel=\"canonical\" href=\"https:\/\/manskin.ch\/fr\/produkt\/salt-and-stone-bodylotion-black-rose-oud-travel-2\/\" \/>\n<meta property=\"og:locale\" content=\"fr_FR\" \/>\n<meta property=\"og:type\" content=\"article\" \/>\n<meta property=\"og:title\" content=\"Salt &amp; Stone - Body Lotion Santal &amp; Vetiver\" \/>\n<meta property=\"og:description\" content=\"Salt &amp; Stone - Body Lotion Santal &amp; Vetiver\" \/>\n<meta property=\"og:url\" content=\"https:\/\/manskin.ch\/fr\/produkt\/salt-and-stone-bodylotion-black-rose-oud-travel-2\/\" \/>\n<meta property=\"og:site_name\" content=\"Manskin.ch\" \/>\n<meta property=\"article:publisher\" content=\"https:\/\/www.facebook.com\/manskin.ch\" \/>\n<meta property=\"article:modified_time\" content=\"2025-08-27T06:18:10+00:00\" \/>\n<meta property=\"og:image\" content=\"https:\/\/manskin.ch\/wp-content\/uploads\/2025\/08\/Salt-Stone-Black-Rose-Travel.jpg\" \/>\n\t<meta property=\"og:image:width\" content=\"1000\" \/>\n\t<meta property=\"og:image:height\" content=\"1000\" \/>\n\t<meta property=\"og:image:type\" content=\"image\/jpeg\" \/>\n<meta name=\"twitter:card\" content=\"summary_large_image\" \/>\n<meta name=\"twitter:label1\" content=\"Prix\" \/>\n\t<meta name=\"twitter:data1\" content=\"26.50&#067;&#072;&#070;\" \/>\n\t<meta name=\"twitter:label2\" content=\"Disponibilit\u00e9\" \/>\n\t<meta name=\"twitter:data2\" content=\"En stock\" \/>\n<script type=\"application\/ld+json\" class=\"yoast-schema-graph\">{\"@context\":\"https:\\\/\\\/schema.org\",\"@graph\":[{\"@type\":\"WebPage\",\"@id\":\"https:\\\/\\\/manskin.ch\\\/fr\\\/produkt\\\/salt-and-stone-bodylotion-black-rose-oud-travel-2\\\/\",\"url\":\"https:\\\/\\\/manskin.ch\\\/fr\\\/produkt\\\/salt-and-stone-bodylotion-black-rose-oud-travel-2\\\/\",\"name\":\"Salt &amp; Stone - Body Lotion Santal &amp; Vetiver | commander maintenant\",\"isPartOf\":{\"@id\":\"https:\\\/\\\/manskin.ch\\\/fr\\\/#website\"},\"primaryImageOfPage\":{\"@id\":\"https:\\\/\\\/manskin.ch\\\/fr\\\/produkt\\\/salt-and-stone-bodylotion-black-rose-oud-travel-2\\\/#primaryimage\"},\"image\":{\"@id\":\"https:\\\/\\\/manskin.ch\\\/fr\\\/produkt\\\/salt-and-stone-bodylotion-black-rose-oud-travel-2\\\/#primaryimage\"},\"thumbnailUrl\":\"https:\\\/\\\/manskin.ch\\\/wp-content\\\/uploads\\\/2025\\\/08\\\/Salt-Stone-Black-Rose-Travel.jpg\",\"datePublished\":\"2025-08-07T14:14:52+00:00\",\"dateModified\":\"2025-08-27T06:18:10+00:00\",\"description\":\"Salt &amp; Stone - Body Lotion Santal &amp; Vetiver\",\"breadcrumb\":{\"@id\":\"https:\\\/\\\/manskin.ch\\\/fr\\\/produkt\\\/salt-and-stone-bodylotion-black-rose-oud-travel-2\\\/#breadcrumb\"},\"inLanguage\":\"fr-FR\",\"potentialAction\":[{\"@type\":\"ReadAction\",\"target\":[\"https:\\\/\\\/manskin.ch\\\/fr\\\/produkt\\\/salt-and-stone-bodylotion-black-rose-oud-travel-2\\\/\"]}]},{\"@type\":\"ImageObject\",\"inLanguage\":\"fr-FR\",\"@id\":\"https:\\\/\\\/manskin.ch\\\/fr\\\/produkt\\\/salt-and-stone-bodylotion-black-rose-oud-travel-2\\\/#primaryimage\",\"url\":\"https:\\\/\\\/manskin.ch\\\/wp-content\\\/uploads\\\/2025\\\/08\\\/Salt-Stone-Black-Rose-Travel.jpg\",\"contentUrl\":\"https:\\\/\\\/manskin.ch\\\/wp-content\\\/uploads\\\/2025\\\/08\\\/Salt-Stone-Black-Rose-Travel.jpg\",\"width\":1000,\"height\":1000},{\"@type\":\"BreadcrumbList\",\"@id\":\"https:\\\/\\\/manskin.ch\\\/fr\\\/produkt\\\/salt-and-stone-bodylotion-black-rose-oud-travel-2\\\/#breadcrumb\",\"itemListElement\":[{\"@type\":\"ListItem\",\"position\":1,\"name\":\"Startseite\",\"item\":\"https:\\\/\\\/manskin.ch\\\/fr\\\/\"},{\"@type\":\"ListItem\",\"position\":2,\"name\":\"Boutique Soins pour Hommes &amp; Skincare\",\"item\":\"https:\\\/\\\/manskin.ch\\\/fr\\\/boutique\\\/\"},{\"@type\":\"ListItem\",\"position\":3,\"name\":\"Salt &amp; Stone &#8211; Body Lotion Santal &amp; Vetiver\"}]},{\"@type\":\"WebSite\",\"@id\":\"https:\\\/\\\/manskin.ch\\\/fr\\\/#website\",\"url\":\"https:\\\/\\\/manskin.ch\\\/fr\\\/\",\"name\":\"Manskin.ch\",\"description\":\"Tous les produits de beaut\u00e9 pour les hommes les plus exigeants\",\"publisher\":{\"@id\":\"https:\\\/\\\/manskin.ch\\\/fr\\\/#organization\"},\"potentialAction\":[{\"@type\":\"SearchAction\",\"target\":{\"@type\":\"EntryPoint\",\"urlTemplate\":\"https:\\\/\\\/manskin.ch\\\/fr\\\/?s={search_term_string}\"},\"query-input\":{\"@type\":\"PropertyValueSpecification\",\"valueRequired\":true,\"valueName\":\"search_term_string\"}}],\"inLanguage\":\"fr-FR\"},{\"@type\":\"Organization\",\"@id\":\"https:\\\/\\\/manskin.ch\\\/fr\\\/#organization\",\"name\":\"Manskin.ch - der Schweizer Onlineshop f\u00fcr qualit\u00e4tsstarke M\u00e4nnerpflege\",\"url\":\"https:\\\/\\\/manskin.ch\\\/fr\\\/\",\"logo\":{\"@type\":\"ImageObject\",\"inLanguage\":\"fr-FR\",\"@id\":\"https:\\\/\\\/manskin.ch\\\/fr\\\/#\\\/schema\\\/logo\\\/image\\\/\",\"url\":\"https:\\\/\\\/manskin.ch\\\/wp-content\\\/uploads\\\/2021\\\/04\\\/cropped-logo_head.png\",\"contentUrl\":\"https:\\\/\\\/manskin.ch\\\/wp-content\\\/uploads\\\/2021\\\/04\\\/cropped-logo_head.png\",\"width\":235,\"height\":75,\"caption\":\"Manskin.ch - der Schweizer Onlineshop f\u00fcr qualit\u00e4tsstarke M\u00e4nnerpflege\"},\"image\":{\"@id\":\"https:\\\/\\\/manskin.ch\\\/fr\\\/#\\\/schema\\\/logo\\\/image\\\/\"},\"sameAs\":[\"https:\\\/\\\/www.facebook.com\\\/manskin.ch\",\"https:\\\/\\\/www.instagram.com\\\/manskin.ch\\\/\"]}]}<\/script>\n<meta property=\"product:price:amount\" content=\"26.50\" \/>\n<meta property=\"product:price:currency\" content=\"CHF\" \/>\n<meta property=\"og:availability\" content=\"instock\" \/>\n<meta property=\"product:availability\" content=\"instock\" \/>\n<meta property=\"product:retailer_item_id\" content=\"14331\" \/>\n<meta property=\"product:condition\" content=\"new\" \/>\n<!-- \/ Yoast SEO Premium plugin. -->","yoast_head_json":{"title":"Salt &amp; Stone - Body Lotion Santal &amp; Vetiver | commander maintenant","description":"Salt &amp; Stone - Body Lotion Santal &amp; Vetiver","robots":{"index":"index","follow":"follow","max-snippet":"max-snippet:-1","max-image-preview":"max-image-preview:large","max-video-preview":"max-video-preview:-1"},"canonical":"https:\/\/manskin.ch\/fr\/produkt\/salt-and-stone-bodylotion-black-rose-oud-travel-2\/","og_locale":"fr_FR","og_type":"article","og_title":"Salt &amp; Stone - Body Lotion Santal &amp; Vetiver","og_description":"Salt &amp; Stone - Body Lotion Santal &amp; Vetiver","og_url":"https:\/\/manskin.ch\/fr\/produkt\/salt-and-stone-bodylotion-black-rose-oud-travel-2\/","og_site_name":"Manskin.ch","article_publisher":"https:\/\/www.facebook.com\/manskin.ch","article_modified_time":"2025-08-27T06:18:10+00:00","og_image":[{"width":1000,"height":1000,"url":"https:\/\/manskin.ch\/wp-content\/uploads\/2025\/08\/Salt-Stone-Black-Rose-Travel.jpg","type":"image\/jpeg"}],"twitter_card":"summary_large_image","twitter_misc":{"Prix":"26.50&#67;&#72;&#70;","Disponibilit\u00e9":"En stock"},"schema":{"@context":"https:\/\/schema.org","@graph":[{"@type":"WebPage","@id":"https:\/\/manskin.ch\/fr\/produkt\/salt-and-stone-bodylotion-black-rose-oud-travel-2\/","url":"https:\/\/manskin.ch\/fr\/produkt\/salt-and-stone-bodylotion-black-rose-oud-travel-2\/","name":"Salt &amp; Stone - Body Lotion Santal &amp; Vetiver | commander maintenant","isPartOf":{"@id":"https:\/\/manskin.ch\/fr\/#website"},"primaryImageOfPage":{"@id":"https:\/\/manskin.ch\/fr\/produkt\/salt-and-stone-bodylotion-black-rose-oud-travel-2\/#primaryimage"},"image":{"@id":"https:\/\/manskin.ch\/fr\/produkt\/salt-and-stone-bodylotion-black-rose-oud-travel-2\/#primaryimage"},"thumbnailUrl":"https:\/\/manskin.ch\/wp-content\/uploads\/2025\/08\/Salt-Stone-Black-Rose-Travel.jpg","datePublished":"2025-08-07T14:14:52+00:00","dateModified":"2025-08-27T06:18:10+00:00","description":"Salt &amp; Stone - Body Lotion Santal &amp; Vetiver","breadcrumb":{"@id":"https:\/\/manskin.ch\/fr\/produkt\/salt-and-stone-bodylotion-black-rose-oud-travel-2\/#breadcrumb"},"inLanguage":"fr-FR","potentialAction":[{"@type":"ReadAction","target":["https:\/\/manskin.ch\/fr\/produkt\/salt-and-stone-bodylotion-black-rose-oud-travel-2\/"]}]},{"@type":"ImageObject","inLanguage":"fr-FR","@id":"https:\/\/manskin.ch\/fr\/produkt\/salt-and-stone-bodylotion-black-rose-oud-travel-2\/#primaryimage","url":"https:\/\/manskin.ch\/wp-content\/uploads\/2025\/08\/Salt-Stone-Black-Rose-Travel.jpg","contentUrl":"https:\/\/manskin.ch\/wp-content\/uploads\/2025\/08\/Salt-Stone-Black-Rose-Travel.jpg","width":1000,"height":1000},{"@type":"BreadcrumbList","@id":"https:\/\/manskin.ch\/fr\/produkt\/salt-and-stone-bodylotion-black-rose-oud-travel-2\/#breadcrumb","itemListElement":[{"@type":"ListItem","position":1,"name":"Startseite","item":"https:\/\/manskin.ch\/fr\/"},{"@type":"ListItem","position":2,"name":"Boutique Soins pour Hommes &amp; Skincare","item":"https:\/\/manskin.ch\/fr\/boutique\/"},{"@type":"ListItem","position":3,"name":"Salt &amp; Stone &#8211; Body Lotion Santal &amp; Vetiver"}]},{"@type":"WebSite","@id":"https:\/\/manskin.ch\/fr\/#website","url":"https:\/\/manskin.ch\/fr\/","name":"Manskin.ch","description":"Tous les produits de beaut\u00e9 pour les hommes les plus exigeants","publisher":{"@id":"https:\/\/manskin.ch\/fr\/#organization"},"potentialAction":[{"@type":"SearchAction","target":{"@type":"EntryPoint","urlTemplate":"https:\/\/manskin.ch\/fr\/?s={search_term_string}"},"query-input":{"@type":"PropertyValueSpecification","valueRequired":true,"valueName":"search_term_string"}}],"inLanguage":"fr-FR"},{"@type":"Organization","@id":"https:\/\/manskin.ch\/fr\/#organization","name":"Manskin.ch - der Schweizer Onlineshop f\u00fcr qualit\u00e4tsstarke M\u00e4nnerpflege","url":"https:\/\/manskin.ch\/fr\/","logo":{"@type":"ImageObject","inLanguage":"fr-FR","@id":"https:\/\/manskin.ch\/fr\/#\/schema\/logo\/image\/","url":"https:\/\/manskin.ch\/wp-content\/uploads\/2021\/04\/cropped-logo_head.png","contentUrl":"https:\/\/manskin.ch\/wp-content\/uploads\/2021\/04\/cropped-logo_head.png","width":235,"height":75,"caption":"Manskin.ch - der Schweizer Onlineshop f\u00fcr qualit\u00e4tsstarke M\u00e4nnerpflege"},"image":{"@id":"https:\/\/manskin.ch\/fr\/#\/schema\/logo\/image\/"},"sameAs":["https:\/\/www.facebook.com\/manskin.ch","https:\/\/www.instagram.com\/manskin.ch\/"]}]},"product_price_amount":"26.50","product_price_currency":"CHF","og_availability":"instock","product_availability":"instock","product_retailer_item_id":"14331","product_condition":"new"},"brands":[{"id":2780,"name":"Salt &amp; Stone","slug":"salt-stone"}],"_links":{"self":[{"href":"https:\/\/manskin.ch\/fr\/wp-json\/wp\/v2\/product\/501736","targetHints":{"allow":["GET"]}}],"collection":[{"href":"https:\/\/manskin.ch\/fr\/wp-json\/wp\/v2\/product"}],"about":[{"href":"https:\/\/manskin.ch\/fr\/wp-json\/wp\/v2\/types\/product"}],"replies":[{"embeddable":true,"href":"https:\/\/manskin.ch\/fr\/wp-json\/wp\/v2\/comments?post=501736"}],"wp:featuredmedia":[{"embeddable":true,"href":"https:\/\/manskin.ch\/fr\/wp-json\/wp\/v2\/media\/501743"}],"wp:attachment":[{"href":"https:\/\/manskin.ch\/fr\/wp-json\/wp\/v2\/media?parent=501736"}],"wp:term":[{"taxonomy":"pwb-brand","embeddable":true,"href":"https:\/\/manskin.ch\/fr\/wp-json\/wp\/v2\/pwb-brand?post=501736"},{"taxonomy":"product_brand","embeddable":true,"href":"https:\/\/manskin.ch\/fr\/wp-json\/wp\/v2\/product_brand?post=501736"},{"taxonomy":"product_cat","embeddable":true,"href":"https:\/\/manskin.ch\/fr\/wp-json\/wp\/v2\/product_cat?post=501736"},{"taxonomy":"product_tag","embeddable":true,"href":"https:\/\/manskin.ch\/fr\/wp-json\/wp\/v2\/product_tag?post=501736"}],"curies":[{"name":"wp","href":"https:\/\/api.w.org\/{rel}","templated":true}]}}