{"id":501734,"date":"2025-08-07T16:06:23","date_gmt":"2025-08-07T14:06:23","guid":{"rendered":"https:\/\/manskin.ch\/produkt\/salt-and-stone-body-lotion-santal-vetiver-travel-2\/"},"modified":"2025-09-17T06:40:38","modified_gmt":"2025-09-17T04:40:38","slug":"salt-and-stone-body-lotion-santal-vetiver-travel","status":"publish","type":"product","link":"https:\/\/manskin.ch\/fr\/produkt\/salt-and-stone-body-lotion-santal-vetiver-travel\/","title":{"rendered":"Salt &amp; Stone &#8211; Body Lotion Santal &amp; Vetiver 100 ml"},"content":{"rendered":"<h2>Salt &amp; Stone &#8211; Body Lotion Santal &amp; Vetiver Travel 100 ml<\/h2>\n<ul>\n<li>Cette lotion corporelle quotidienne, rapidement absorb&eacute;e, aux extraits d&#39;algues et &agrave; la niacinamide, fournit rapidement &agrave; la peau des ingr&eacute;dients nourrissants.<\/li>\n<li>La peau obtient un fini soyeux et doux. La lotion corporelle aide &agrave; compenser les effets dess&eacute;chants des activit&eacute;s en plein air, du vent, du soleil et de la mer.<\/li>\n<\/ul>\n<p>Ingr&eacute;dients principaux :<\/p>\n<ul>\n<li>Extraits d&#39;algues marines &amp; spiruline : plantes marines riches en antioxydants qui apaisent et r&eacute;g&eacute;n&egrave;rent les peaux irrit&eacute;es et expos&eacute;es aux &eacute;l&eacute;ments.<\/li>\n<li>M&eacute;lange d&#39;huiles v&eacute;g&eacute;tales (huile de jojoba, de karit&eacute;, de carthame et de marula) : un m&eacute;lange d&#39;huiles naturelles &eacute;mollientes pour restaurer et maintenir l&#39;hydratation.<\/li>\n<li>Niacinamide : &eacute;galement connue sous le nom de vitamine B3, elle forme une barri&egrave;re cutan&eacute;e plus solide et saine et am&eacute;liore l&#39;aspect de la peau.<\/li>\n<li>Vitamine E : un antioxydant dont il a &eacute;t&eacute; prouv&eacute; qu&#39;il combat les dommages caus&eacute;s par les radicaux libres dus aux agressions quotidiennes de l&#39;environnement.<\/li>\n<li>Notes de parfum : Notes de t&ecirc;te &#8211; bois de santal australien, ambre. C&oelig;ur &#8211; orris, ambrox, bois de c&egrave;dre Base &#8211; feuilles de violette, v&eacute;tiver, cristal<\/li>\n<\/ul>\n<p>Contenu&nbsp;100 ml.<\/p>\n","protected":false},"excerpt":{"rendered":"<p>Avec des algues marins, vitamine E, niacinamid<\/p>\n","protected":false},"featured_media":501741,"comment_status":"closed","ping_status":"closed","template":"","meta":{"_acf_changed":false},"pwb-brand":[2780],"product_brand":[],"product_cat":[2356,2392],"product_tag":[],"class_list":{"0":"post-501734","1":"product","2":"type-product","3":"status-publish","4":"has-post-thumbnail","6":"pwb-brand-salt-stone","7":"product_cat-lotion-corps","8":"product_cat-salt-stone-fr","9":"sales-flash-overlay","10":"woocommerce-text-align-center","11":"woocommerce-image-align-center","12":"do-quantity-buttons","14":"first","15":"instock","16":"taxable","17":"shipping-taxable","18":"purchasable","19":"product-type-simple"},"acf":[],"yoast_head":"<!-- This site is optimized with the Yoast SEO Premium plugin v27.3 (Yoast SEO v27.3) - https:\/\/yoast.com\/product\/yoast-seo-premium-wordpress\/ -->\n<title>Lotion corporelle Salt &amp; Stone Santal &amp; V\u00e9tiver Travel | Manskin.ch<\/title>\n<meta name=\"description\" content=\"Salt &amp; Stone - Body Lotion Santal &amp; Vetiver 100 ml\" \/>\n<meta name=\"robots\" content=\"index, follow, max-snippet:-1, max-image-preview:large, max-video-preview:-1\" \/>\n<link rel=\"canonical\" href=\"https:\/\/manskin.ch\/fr\/produkt\/salt-and-stone-body-lotion-santal-vetiver-travel\/\" \/>\n<meta property=\"og:locale\" content=\"fr_FR\" \/>\n<meta property=\"og:type\" content=\"article\" \/>\n<meta property=\"og:title\" content=\"Salt &amp; Stone - Body Lotion Santal &amp; Vetiver 100 ml\" \/>\n<meta property=\"og:description\" content=\"Salt &amp; Stone - Body Lotion Santal &amp; Vetiver 100 ml\" \/>\n<meta property=\"og:url\" content=\"https:\/\/manskin.ch\/fr\/produkt\/salt-and-stone-body-lotion-santal-vetiver-travel\/\" \/>\n<meta property=\"og:site_name\" content=\"Manskin.ch\" \/>\n<meta property=\"article:publisher\" content=\"https:\/\/www.facebook.com\/manskin.ch\" \/>\n<meta property=\"article:modified_time\" content=\"2025-09-17T04:40:38+00:00\" \/>\n<meta property=\"og:image\" content=\"https:\/\/manskin.ch\/wp-content\/uploads\/2025\/08\/Salt-Stone-Santal-Vetiver-Travel.jpg\" \/>\n\t<meta property=\"og:image:width\" content=\"1000\" \/>\n\t<meta property=\"og:image:height\" content=\"1000\" \/>\n\t<meta property=\"og:image:type\" content=\"image\/jpeg\" \/>\n<meta name=\"twitter:card\" content=\"summary_large_image\" \/>\n<meta name=\"twitter:label1\" content=\"Prix\" \/>\n\t<meta name=\"twitter:data1\" content=\"26.50&#067;&#072;&#070;\" \/>\n\t<meta name=\"twitter:label2\" content=\"Disponibilit\u00e9\" \/>\n\t<meta name=\"twitter:data2\" content=\"En stock\" \/>\n<script type=\"application\/ld+json\" class=\"yoast-schema-graph\">{\"@context\":\"https:\\\/\\\/schema.org\",\"@graph\":[{\"@type\":\"WebPage\",\"@id\":\"https:\\\/\\\/manskin.ch\\\/fr\\\/produkt\\\/salt-and-stone-body-lotion-santal-vetiver-travel\\\/\",\"url\":\"https:\\\/\\\/manskin.ch\\\/fr\\\/produkt\\\/salt-and-stone-body-lotion-santal-vetiver-travel\\\/\",\"name\":\"Lotion corporelle Salt & Stone Santal & V\u00e9tiver Travel | Manskin.ch\",\"isPartOf\":{\"@id\":\"https:\\\/\\\/manskin.ch\\\/fr\\\/#website\"},\"primaryImageOfPage\":{\"@id\":\"https:\\\/\\\/manskin.ch\\\/fr\\\/produkt\\\/salt-and-stone-body-lotion-santal-vetiver-travel\\\/#primaryimage\"},\"image\":{\"@id\":\"https:\\\/\\\/manskin.ch\\\/fr\\\/produkt\\\/salt-and-stone-body-lotion-santal-vetiver-travel\\\/#primaryimage\"},\"thumbnailUrl\":\"https:\\\/\\\/manskin.ch\\\/wp-content\\\/uploads\\\/2025\\\/08\\\/Salt-Stone-Santal-Vetiver-Travel.jpg\",\"datePublished\":\"2025-08-07T14:06:23+00:00\",\"dateModified\":\"2025-09-17T04:40:38+00:00\",\"description\":\"Salt &amp; Stone - Body Lotion Santal &amp; Vetiver 100 ml\",\"breadcrumb\":{\"@id\":\"https:\\\/\\\/manskin.ch\\\/fr\\\/produkt\\\/salt-and-stone-body-lotion-santal-vetiver-travel\\\/#breadcrumb\"},\"inLanguage\":\"fr-FR\",\"potentialAction\":[{\"@type\":\"ReadAction\",\"target\":[\"https:\\\/\\\/manskin.ch\\\/fr\\\/produkt\\\/salt-and-stone-body-lotion-santal-vetiver-travel\\\/\"]}]},{\"@type\":\"ImageObject\",\"inLanguage\":\"fr-FR\",\"@id\":\"https:\\\/\\\/manskin.ch\\\/fr\\\/produkt\\\/salt-and-stone-body-lotion-santal-vetiver-travel\\\/#primaryimage\",\"url\":\"https:\\\/\\\/manskin.ch\\\/wp-content\\\/uploads\\\/2025\\\/08\\\/Salt-Stone-Santal-Vetiver-Travel.jpg\",\"contentUrl\":\"https:\\\/\\\/manskin.ch\\\/wp-content\\\/uploads\\\/2025\\\/08\\\/Salt-Stone-Santal-Vetiver-Travel.jpg\",\"width\":1000,\"height\":1000},{\"@type\":\"BreadcrumbList\",\"@id\":\"https:\\\/\\\/manskin.ch\\\/fr\\\/produkt\\\/salt-and-stone-body-lotion-santal-vetiver-travel\\\/#breadcrumb\",\"itemListElement\":[{\"@type\":\"ListItem\",\"position\":1,\"name\":\"Startseite\",\"item\":\"https:\\\/\\\/manskin.ch\\\/fr\\\/\"},{\"@type\":\"ListItem\",\"position\":2,\"name\":\"Boutique Soins pour Hommes &amp; Skincare\",\"item\":\"https:\\\/\\\/manskin.ch\\\/fr\\\/boutique\\\/\"},{\"@type\":\"ListItem\",\"position\":3,\"name\":\"Salt &amp; Stone &#8211; Body Lotion Santal &amp; Vetiver 100 ml\"}]},{\"@type\":\"WebSite\",\"@id\":\"https:\\\/\\\/manskin.ch\\\/fr\\\/#website\",\"url\":\"https:\\\/\\\/manskin.ch\\\/fr\\\/\",\"name\":\"Manskin.ch\",\"description\":\"Tous les produits de beaut\u00e9 pour les hommes les plus exigeants\",\"publisher\":{\"@id\":\"https:\\\/\\\/manskin.ch\\\/fr\\\/#organization\"},\"potentialAction\":[{\"@type\":\"SearchAction\",\"target\":{\"@type\":\"EntryPoint\",\"urlTemplate\":\"https:\\\/\\\/manskin.ch\\\/fr\\\/?s={search_term_string}\"},\"query-input\":{\"@type\":\"PropertyValueSpecification\",\"valueRequired\":true,\"valueName\":\"search_term_string\"}}],\"inLanguage\":\"fr-FR\"},{\"@type\":\"Organization\",\"@id\":\"https:\\\/\\\/manskin.ch\\\/fr\\\/#organization\",\"name\":\"Manskin.ch - der Schweizer Onlineshop f\u00fcr qualit\u00e4tsstarke M\u00e4nnerpflege\",\"url\":\"https:\\\/\\\/manskin.ch\\\/fr\\\/\",\"logo\":{\"@type\":\"ImageObject\",\"inLanguage\":\"fr-FR\",\"@id\":\"https:\\\/\\\/manskin.ch\\\/fr\\\/#\\\/schema\\\/logo\\\/image\\\/\",\"url\":\"https:\\\/\\\/manskin.ch\\\/wp-content\\\/uploads\\\/2021\\\/04\\\/cropped-logo_head.png\",\"contentUrl\":\"https:\\\/\\\/manskin.ch\\\/wp-content\\\/uploads\\\/2021\\\/04\\\/cropped-logo_head.png\",\"width\":235,\"height\":75,\"caption\":\"Manskin.ch - der Schweizer Onlineshop f\u00fcr qualit\u00e4tsstarke M\u00e4nnerpflege\"},\"image\":{\"@id\":\"https:\\\/\\\/manskin.ch\\\/fr\\\/#\\\/schema\\\/logo\\\/image\\\/\"},\"sameAs\":[\"https:\\\/\\\/www.facebook.com\\\/manskin.ch\",\"https:\\\/\\\/www.instagram.com\\\/manskin.ch\\\/\"]}]}<\/script>\n<meta property=\"product:price:amount\" content=\"26.50\" \/>\n<meta property=\"product:price:currency\" content=\"CHF\" \/>\n<meta property=\"og:availability\" content=\"instock\" \/>\n<meta property=\"product:availability\" content=\"instock\" \/>\n<meta property=\"product:retailer_item_id\" content=\"14330\" \/>\n<meta property=\"product:condition\" content=\"new\" \/>\n<!-- \/ Yoast SEO Premium plugin. -->","yoast_head_json":{"title":"Lotion corporelle Salt & Stone Santal & V\u00e9tiver Travel | Manskin.ch","description":"Salt &amp; Stone - Body Lotion Santal &amp; Vetiver 100 ml","robots":{"index":"index","follow":"follow","max-snippet":"max-snippet:-1","max-image-preview":"max-image-preview:large","max-video-preview":"max-video-preview:-1"},"canonical":"https:\/\/manskin.ch\/fr\/produkt\/salt-and-stone-body-lotion-santal-vetiver-travel\/","og_locale":"fr_FR","og_type":"article","og_title":"Salt &amp; Stone - Body Lotion Santal &amp; Vetiver 100 ml","og_description":"Salt &amp; Stone - Body Lotion Santal &amp; Vetiver 100 ml","og_url":"https:\/\/manskin.ch\/fr\/produkt\/salt-and-stone-body-lotion-santal-vetiver-travel\/","og_site_name":"Manskin.ch","article_publisher":"https:\/\/www.facebook.com\/manskin.ch","article_modified_time":"2025-09-17T04:40:38+00:00","og_image":[{"width":1000,"height":1000,"url":"https:\/\/manskin.ch\/wp-content\/uploads\/2025\/08\/Salt-Stone-Santal-Vetiver-Travel.jpg","type":"image\/jpeg"}],"twitter_card":"summary_large_image","twitter_misc":{"Prix":"26.50&#67;&#72;&#70;","Disponibilit\u00e9":"En stock"},"schema":{"@context":"https:\/\/schema.org","@graph":[{"@type":"WebPage","@id":"https:\/\/manskin.ch\/fr\/produkt\/salt-and-stone-body-lotion-santal-vetiver-travel\/","url":"https:\/\/manskin.ch\/fr\/produkt\/salt-and-stone-body-lotion-santal-vetiver-travel\/","name":"Lotion corporelle Salt & Stone Santal & V\u00e9tiver Travel | Manskin.ch","isPartOf":{"@id":"https:\/\/manskin.ch\/fr\/#website"},"primaryImageOfPage":{"@id":"https:\/\/manskin.ch\/fr\/produkt\/salt-and-stone-body-lotion-santal-vetiver-travel\/#primaryimage"},"image":{"@id":"https:\/\/manskin.ch\/fr\/produkt\/salt-and-stone-body-lotion-santal-vetiver-travel\/#primaryimage"},"thumbnailUrl":"https:\/\/manskin.ch\/wp-content\/uploads\/2025\/08\/Salt-Stone-Santal-Vetiver-Travel.jpg","datePublished":"2025-08-07T14:06:23+00:00","dateModified":"2025-09-17T04:40:38+00:00","description":"Salt &amp; Stone - Body Lotion Santal &amp; Vetiver 100 ml","breadcrumb":{"@id":"https:\/\/manskin.ch\/fr\/produkt\/salt-and-stone-body-lotion-santal-vetiver-travel\/#breadcrumb"},"inLanguage":"fr-FR","potentialAction":[{"@type":"ReadAction","target":["https:\/\/manskin.ch\/fr\/produkt\/salt-and-stone-body-lotion-santal-vetiver-travel\/"]}]},{"@type":"ImageObject","inLanguage":"fr-FR","@id":"https:\/\/manskin.ch\/fr\/produkt\/salt-and-stone-body-lotion-santal-vetiver-travel\/#primaryimage","url":"https:\/\/manskin.ch\/wp-content\/uploads\/2025\/08\/Salt-Stone-Santal-Vetiver-Travel.jpg","contentUrl":"https:\/\/manskin.ch\/wp-content\/uploads\/2025\/08\/Salt-Stone-Santal-Vetiver-Travel.jpg","width":1000,"height":1000},{"@type":"BreadcrumbList","@id":"https:\/\/manskin.ch\/fr\/produkt\/salt-and-stone-body-lotion-santal-vetiver-travel\/#breadcrumb","itemListElement":[{"@type":"ListItem","position":1,"name":"Startseite","item":"https:\/\/manskin.ch\/fr\/"},{"@type":"ListItem","position":2,"name":"Boutique Soins pour Hommes &amp; Skincare","item":"https:\/\/manskin.ch\/fr\/boutique\/"},{"@type":"ListItem","position":3,"name":"Salt &amp; Stone &#8211; Body Lotion Santal &amp; Vetiver 100 ml"}]},{"@type":"WebSite","@id":"https:\/\/manskin.ch\/fr\/#website","url":"https:\/\/manskin.ch\/fr\/","name":"Manskin.ch","description":"Tous les produits de beaut\u00e9 pour les hommes les plus exigeants","publisher":{"@id":"https:\/\/manskin.ch\/fr\/#organization"},"potentialAction":[{"@type":"SearchAction","target":{"@type":"EntryPoint","urlTemplate":"https:\/\/manskin.ch\/fr\/?s={search_term_string}"},"query-input":{"@type":"PropertyValueSpecification","valueRequired":true,"valueName":"search_term_string"}}],"inLanguage":"fr-FR"},{"@type":"Organization","@id":"https:\/\/manskin.ch\/fr\/#organization","name":"Manskin.ch - der Schweizer Onlineshop f\u00fcr qualit\u00e4tsstarke M\u00e4nnerpflege","url":"https:\/\/manskin.ch\/fr\/","logo":{"@type":"ImageObject","inLanguage":"fr-FR","@id":"https:\/\/manskin.ch\/fr\/#\/schema\/logo\/image\/","url":"https:\/\/manskin.ch\/wp-content\/uploads\/2021\/04\/cropped-logo_head.png","contentUrl":"https:\/\/manskin.ch\/wp-content\/uploads\/2021\/04\/cropped-logo_head.png","width":235,"height":75,"caption":"Manskin.ch - der Schweizer Onlineshop f\u00fcr qualit\u00e4tsstarke M\u00e4nnerpflege"},"image":{"@id":"https:\/\/manskin.ch\/fr\/#\/schema\/logo\/image\/"},"sameAs":["https:\/\/www.facebook.com\/manskin.ch","https:\/\/www.instagram.com\/manskin.ch\/"]}]},"product_price_amount":"26.50","product_price_currency":"CHF","og_availability":"instock","product_availability":"instock","product_retailer_item_id":"14330","product_condition":"new"},"brands":[{"id":2780,"name":"Salt &amp; Stone","slug":"salt-stone"}],"_links":{"self":[{"href":"https:\/\/manskin.ch\/fr\/wp-json\/wp\/v2\/product\/501734","targetHints":{"allow":["GET"]}}],"collection":[{"href":"https:\/\/manskin.ch\/fr\/wp-json\/wp\/v2\/product"}],"about":[{"href":"https:\/\/manskin.ch\/fr\/wp-json\/wp\/v2\/types\/product"}],"replies":[{"embeddable":true,"href":"https:\/\/manskin.ch\/fr\/wp-json\/wp\/v2\/comments?post=501734"}],"wp:featuredmedia":[{"embeddable":true,"href":"https:\/\/manskin.ch\/fr\/wp-json\/wp\/v2\/media\/501741"}],"wp:attachment":[{"href":"https:\/\/manskin.ch\/fr\/wp-json\/wp\/v2\/media?parent=501734"}],"wp:term":[{"taxonomy":"pwb-brand","embeddable":true,"href":"https:\/\/manskin.ch\/fr\/wp-json\/wp\/v2\/pwb-brand?post=501734"},{"taxonomy":"product_brand","embeddable":true,"href":"https:\/\/manskin.ch\/fr\/wp-json\/wp\/v2\/product_brand?post=501734"},{"taxonomy":"product_cat","embeddable":true,"href":"https:\/\/manskin.ch\/fr\/wp-json\/wp\/v2\/product_cat?post=501734"},{"taxonomy":"product_tag","embeddable":true,"href":"https:\/\/manskin.ch\/fr\/wp-json\/wp\/v2\/product_tag?post=501734"}],"curies":[{"name":"wp","href":"https:\/\/api.w.org\/{rel}","templated":true}]}}