{"id":501683,"date":"2024-12-12T14:56:13","date_gmt":"2024-12-12T13:56:13","guid":{"rendered":"https:\/\/manskin.ch\/produkt\/better-be-bold-coffret-creme-savon\/"},"modified":"2026-04-15T09:51:30","modified_gmt":"2026-04-15T07:51:30","slug":"better-be-bold-coffret-creme-savon","status":"publish","type":"product","link":"https:\/\/manskin.ch\/fr\/produkt\/better-be-bold-coffret-creme-savon\/","title":{"rendered":"Better Be Bold &#8211; Coffret Cr\u00e8me &amp; Savon pour la calvitie"},"content":{"rendered":"<h2>Better Be Bold &#8211; Coffret Cadeau Cr\u00e8me pour la calvitie &amp; Savon<\/h2>\n<p>Le coffret cadeau attractif est un cadeau beau et pratique pour les porteurs de calvitie.<\/p>\n<h3>Cr\u00e8me de soin pour la calvitie<\/h3>\n<ul>\n<li>Soin hydratant au beurre de karit\u00e9 et \u00e0 l&rsquo;huile de jojoba.<\/li>\n<li><span style=\"font-size: 16px;\">Effet apaisant et protecteur gr\u00e2ce \u00e0 l&rsquo;extrait de magnolia et \u00e0 l&rsquo;huile de chanvre.<\/span><\/li>\n<li>Effet anti-brillance naturel gr\u00e2ce au complexe matifiant.<\/li>\n<li>P\u00e9n\u00e8tre extr\u00eamement rapidement. Plus jamais de cuir chevelu brillant.<\/li>\n<li>La gamme No Hair. Full Care est un soin complet. Cr\u00e8me pour les chauves mise sur des ingr\u00e9dients v\u00e9g\u00e9taliens et 100 % naturels pour soigner richement ta calvitie et lui offrir un effet anti-shine optimal.<\/li>\n<\/ul>\n<h3>Savon pour la calvitie &amp; le corps:<\/h3>\n<ul>\n<li>Le soin solide pour la douche pour la calvitie\u00a0&amp; le corps dure aussi longtemps que 3-4 bouteilles de gel douche (\u00e9conomie de plastique &amp; d&rsquo;eau).<\/li>\n<li>Nourrissant et rafra\u00eechissant : l&rsquo;huile de coco BIO et la glyc\u00e9rine apportent l&rsquo;hydratation et les soins n\u00e9cessaires \u00e0 la t\u00eate et au corps, tandis que le parfum rafra\u00eechissant garantit une exp\u00e9rience de douche m\u00e9ga intense.<\/li>\n<li>Charbon actif pour un nettoyage doux en profondeur : Minimise les boutons et les impuret\u00e9s de la peau et r\u00e9gule la production de s\u00e9bum.<\/li>\n<li>Adapt\u00e9 au pH de ta peau (5,1) et prot\u00e8ge la couche protectrice naturelle de la peau.<\/li>\n<li>Naturel &amp; v\u00e9g\u00e9talien : les ingr\u00e9dients sont enti\u00e8rement naturels.<\/li>\n<li>Parfum : naturellement \u00e9l\u00e9gant, masculin et sensuel (aquatique avec une note d&rsquo;agrumes).<\/li>\n<li>Contenu 110 gr.<\/li>\n<\/ul>\n<p>&nbsp;<\/p>\n","protected":false},"excerpt":{"rendered":"<p>Cr\u00e8me et savon naturels pour la calvitie<\/p>\n","protected":false},"featured_media":67743,"comment_status":"closed","ping_status":"closed","template":"","meta":{"_acf_changed":false},"pwb-brand":[6567],"product_brand":[],"product_cat":[6620,2326,2928],"product_tag":[],"class_list":{"0":"post-501683","1":"product","2":"type-product","3":"status-publish","4":"has-post-thumbnail","6":"pwb-brand-better-be-bold","7":"product_cat-better-be-bold","8":"product_cat-cadeaux","9":"product_cat-calvitie","10":"sales-flash-overlay","11":"woocommerce-text-align-center","12":"woocommerce-image-align-center","13":"do-quantity-buttons","15":"first","16":"instock","17":"taxable","18":"shipping-taxable","19":"purchasable","20":"product-type-simple"},"acf":[],"yoast_head":"<!-- This site is optimized with the Yoast SEO Premium plugin v27.3 (Yoast SEO v27.3) - https:\/\/yoast.com\/product\/yoast-seo-premium-wordpress\/ -->\n<title>Better Be Bold, effet anti-brillance, cr\u00e8me hydratante pour la calvitie<\/title>\n<meta name=\"description\" content=\"Effet anti-brillance naturel pour la calvitie gr\u00e2ce au complexe matifiant. Plus jamais de calvitie brillante.\" \/>\n<meta name=\"robots\" content=\"index, follow, max-snippet:-1, max-image-preview:large, max-video-preview:-1\" \/>\n<link rel=\"canonical\" href=\"https:\/\/manskin.ch\/fr\/produkt\/better-be-bold-coffret-creme-savon\/\" \/>\n<meta property=\"og:locale\" content=\"fr_FR\" \/>\n<meta property=\"og:type\" content=\"article\" \/>\n<meta property=\"og:title\" content=\"Better Be Bold - Coffret Cr\u00e8me &amp; Savon pour la calvitie\" \/>\n<meta property=\"og:description\" content=\"Effet anti-brillance naturel pour la calvitie gr\u00e2ce au complexe matifiant. Plus jamais de calvitie brillante.\" \/>\n<meta property=\"og:url\" content=\"https:\/\/manskin.ch\/fr\/produkt\/better-be-bold-coffret-creme-savon\/\" \/>\n<meta property=\"og:site_name\" content=\"Manskin.ch\" \/>\n<meta property=\"article:publisher\" content=\"https:\/\/www.facebook.com\/manskin.ch\" \/>\n<meta property=\"article:modified_time\" content=\"2026-04-15T07:51:30+00:00\" \/>\n<meta name=\"twitter:card\" content=\"summary_large_image\" \/>\n<meta name=\"twitter:label1\" content=\"Prix\" \/>\n\t<meta name=\"twitter:data1\" content=\"45.90&#067;&#072;&#070;\" \/>\n\t<meta name=\"twitter:label2\" content=\"Disponibilit\u00e9\" \/>\n\t<meta name=\"twitter:data2\" content=\"En stock\" \/>\n<script type=\"application\/ld+json\" class=\"yoast-schema-graph\">{\"@context\":\"https:\\\/\\\/schema.org\",\"@graph\":[{\"@type\":\"WebPage\",\"@id\":\"https:\\\/\\\/manskin.ch\\\/fr\\\/produkt\\\/better-be-bold-coffret-creme-savon\\\/\",\"url\":\"https:\\\/\\\/manskin.ch\\\/fr\\\/produkt\\\/better-be-bold-coffret-creme-savon\\\/\",\"name\":\"Better Be Bold, effet anti-brillance, cr\u00e8me hydratante pour la calvitie\",\"isPartOf\":{\"@id\":\"https:\\\/\\\/manskin.ch\\\/fr\\\/#website\"},\"primaryImageOfPage\":{\"@id\":\"https:\\\/\\\/manskin.ch\\\/fr\\\/produkt\\\/better-be-bold-coffret-creme-savon\\\/#primaryimage\"},\"image\":{\"@id\":\"https:\\\/\\\/manskin.ch\\\/fr\\\/produkt\\\/better-be-bold-coffret-creme-savon\\\/#primaryimage\"},\"thumbnailUrl\":\"https:\\\/\\\/manskin.ch\\\/wp-content\\\/uploads\\\/2024\\\/12\\\/Glatzenset_Seife.jpg\",\"datePublished\":\"2024-12-12T13:56:13+00:00\",\"dateModified\":\"2026-04-15T07:51:30+00:00\",\"description\":\"Effet anti-brillance naturel pour la calvitie gr\u00e2ce au complexe matifiant. Plus jamais de calvitie brillante.\",\"breadcrumb\":{\"@id\":\"https:\\\/\\\/manskin.ch\\\/fr\\\/produkt\\\/better-be-bold-coffret-creme-savon\\\/#breadcrumb\"},\"inLanguage\":\"fr-FR\",\"potentialAction\":[{\"@type\":\"ReadAction\",\"target\":[\"https:\\\/\\\/manskin.ch\\\/fr\\\/produkt\\\/better-be-bold-coffret-creme-savon\\\/\"]}]},{\"@type\":\"ImageObject\",\"inLanguage\":\"fr-FR\",\"@id\":\"https:\\\/\\\/manskin.ch\\\/fr\\\/produkt\\\/better-be-bold-coffret-creme-savon\\\/#primaryimage\",\"url\":\"https:\\\/\\\/manskin.ch\\\/wp-content\\\/uploads\\\/2024\\\/12\\\/Glatzenset_Seife.jpg\",\"contentUrl\":\"https:\\\/\\\/manskin.ch\\\/wp-content\\\/uploads\\\/2024\\\/12\\\/Glatzenset_Seife.jpg\",\"width\":1000,\"height\":1000},{\"@type\":\"BreadcrumbList\",\"@id\":\"https:\\\/\\\/manskin.ch\\\/fr\\\/produkt\\\/better-be-bold-coffret-creme-savon\\\/#breadcrumb\",\"itemListElement\":[{\"@type\":\"ListItem\",\"position\":1,\"name\":\"Startseite\",\"item\":\"https:\\\/\\\/manskin.ch\\\/fr\\\/\"},{\"@type\":\"ListItem\",\"position\":2,\"name\":\"Boutique Soins pour Hommes &amp; Skincare\",\"item\":\"https:\\\/\\\/manskin.ch\\\/fr\\\/boutique\\\/\"},{\"@type\":\"ListItem\",\"position\":3,\"name\":\"Better Be Bold &#8211; Coffret Cr\u00e8me &amp; Savon pour la calvitie\"}]},{\"@type\":\"WebSite\",\"@id\":\"https:\\\/\\\/manskin.ch\\\/fr\\\/#website\",\"url\":\"https:\\\/\\\/manskin.ch\\\/fr\\\/\",\"name\":\"Manskin.ch\",\"description\":\"Tous les produits de beaut\u00e9 pour les hommes les plus exigeants\",\"publisher\":{\"@id\":\"https:\\\/\\\/manskin.ch\\\/fr\\\/#organization\"},\"potentialAction\":[{\"@type\":\"SearchAction\",\"target\":{\"@type\":\"EntryPoint\",\"urlTemplate\":\"https:\\\/\\\/manskin.ch\\\/fr\\\/?s={search_term_string}\"},\"query-input\":{\"@type\":\"PropertyValueSpecification\",\"valueRequired\":true,\"valueName\":\"search_term_string\"}}],\"inLanguage\":\"fr-FR\"},{\"@type\":\"Organization\",\"@id\":\"https:\\\/\\\/manskin.ch\\\/fr\\\/#organization\",\"name\":\"Manskin.ch - der Schweizer Onlineshop f\u00fcr qualit\u00e4tsstarke M\u00e4nnerpflege\",\"url\":\"https:\\\/\\\/manskin.ch\\\/fr\\\/\",\"logo\":{\"@type\":\"ImageObject\",\"inLanguage\":\"fr-FR\",\"@id\":\"https:\\\/\\\/manskin.ch\\\/fr\\\/#\\\/schema\\\/logo\\\/image\\\/\",\"url\":\"https:\\\/\\\/manskin.ch\\\/wp-content\\\/uploads\\\/2021\\\/04\\\/cropped-logo_head.png\",\"contentUrl\":\"https:\\\/\\\/manskin.ch\\\/wp-content\\\/uploads\\\/2021\\\/04\\\/cropped-logo_head.png\",\"width\":235,\"height\":75,\"caption\":\"Manskin.ch - der Schweizer Onlineshop f\u00fcr qualit\u00e4tsstarke M\u00e4nnerpflege\"},\"image\":{\"@id\":\"https:\\\/\\\/manskin.ch\\\/fr\\\/#\\\/schema\\\/logo\\\/image\\\/\"},\"sameAs\":[\"https:\\\/\\\/www.facebook.com\\\/manskin.ch\",\"https:\\\/\\\/www.instagram.com\\\/manskin.ch\\\/\"]}]}<\/script>\n<meta property=\"product:price:amount\" content=\"45.90\" \/>\n<meta property=\"product:price:currency\" content=\"CHF\" \/>\n<meta property=\"og:availability\" content=\"instock\" \/>\n<meta property=\"product:availability\" content=\"instock\" \/>\n<meta property=\"product:retailer_item_id\" content=\"14210\" \/>\n<meta property=\"product:condition\" content=\"new\" \/>\n<!-- \/ Yoast SEO Premium plugin. -->","yoast_head_json":{"title":"Better Be Bold, effet anti-brillance, cr\u00e8me hydratante pour la calvitie","description":"Effet anti-brillance naturel pour la calvitie gr\u00e2ce au complexe matifiant. Plus jamais de calvitie brillante.","robots":{"index":"index","follow":"follow","max-snippet":"max-snippet:-1","max-image-preview":"max-image-preview:large","max-video-preview":"max-video-preview:-1"},"canonical":"https:\/\/manskin.ch\/fr\/produkt\/better-be-bold-coffret-creme-savon\/","og_locale":"fr_FR","og_type":"article","og_title":"Better Be Bold - Coffret Cr\u00e8me &amp; Savon pour la calvitie","og_description":"Effet anti-brillance naturel pour la calvitie gr\u00e2ce au complexe matifiant. Plus jamais de calvitie brillante.","og_url":"https:\/\/manskin.ch\/fr\/produkt\/better-be-bold-coffret-creme-savon\/","og_site_name":"Manskin.ch","article_publisher":"https:\/\/www.facebook.com\/manskin.ch","article_modified_time":"2026-04-15T07:51:30+00:00","twitter_card":"summary_large_image","twitter_misc":{"Prix":"45.90&#67;&#72;&#70;","Disponibilit\u00e9":"En stock"},"schema":{"@context":"https:\/\/schema.org","@graph":[{"@type":"WebPage","@id":"https:\/\/manskin.ch\/fr\/produkt\/better-be-bold-coffret-creme-savon\/","url":"https:\/\/manskin.ch\/fr\/produkt\/better-be-bold-coffret-creme-savon\/","name":"Better Be Bold, effet anti-brillance, cr\u00e8me hydratante pour la calvitie","isPartOf":{"@id":"https:\/\/manskin.ch\/fr\/#website"},"primaryImageOfPage":{"@id":"https:\/\/manskin.ch\/fr\/produkt\/better-be-bold-coffret-creme-savon\/#primaryimage"},"image":{"@id":"https:\/\/manskin.ch\/fr\/produkt\/better-be-bold-coffret-creme-savon\/#primaryimage"},"thumbnailUrl":"https:\/\/manskin.ch\/wp-content\/uploads\/2024\/12\/Glatzenset_Seife.jpg","datePublished":"2024-12-12T13:56:13+00:00","dateModified":"2026-04-15T07:51:30+00:00","description":"Effet anti-brillance naturel pour la calvitie gr\u00e2ce au complexe matifiant. Plus jamais de calvitie brillante.","breadcrumb":{"@id":"https:\/\/manskin.ch\/fr\/produkt\/better-be-bold-coffret-creme-savon\/#breadcrumb"},"inLanguage":"fr-FR","potentialAction":[{"@type":"ReadAction","target":["https:\/\/manskin.ch\/fr\/produkt\/better-be-bold-coffret-creme-savon\/"]}]},{"@type":"ImageObject","inLanguage":"fr-FR","@id":"https:\/\/manskin.ch\/fr\/produkt\/better-be-bold-coffret-creme-savon\/#primaryimage","url":"https:\/\/manskin.ch\/wp-content\/uploads\/2024\/12\/Glatzenset_Seife.jpg","contentUrl":"https:\/\/manskin.ch\/wp-content\/uploads\/2024\/12\/Glatzenset_Seife.jpg","width":1000,"height":1000},{"@type":"BreadcrumbList","@id":"https:\/\/manskin.ch\/fr\/produkt\/better-be-bold-coffret-creme-savon\/#breadcrumb","itemListElement":[{"@type":"ListItem","position":1,"name":"Startseite","item":"https:\/\/manskin.ch\/fr\/"},{"@type":"ListItem","position":2,"name":"Boutique Soins pour Hommes &amp; Skincare","item":"https:\/\/manskin.ch\/fr\/boutique\/"},{"@type":"ListItem","position":3,"name":"Better Be Bold &#8211; Coffret Cr\u00e8me &amp; Savon pour la calvitie"}]},{"@type":"WebSite","@id":"https:\/\/manskin.ch\/fr\/#website","url":"https:\/\/manskin.ch\/fr\/","name":"Manskin.ch","description":"Tous les produits de beaut\u00e9 pour les hommes les plus exigeants","publisher":{"@id":"https:\/\/manskin.ch\/fr\/#organization"},"potentialAction":[{"@type":"SearchAction","target":{"@type":"EntryPoint","urlTemplate":"https:\/\/manskin.ch\/fr\/?s={search_term_string}"},"query-input":{"@type":"PropertyValueSpecification","valueRequired":true,"valueName":"search_term_string"}}],"inLanguage":"fr-FR"},{"@type":"Organization","@id":"https:\/\/manskin.ch\/fr\/#organization","name":"Manskin.ch - der Schweizer Onlineshop f\u00fcr qualit\u00e4tsstarke M\u00e4nnerpflege","url":"https:\/\/manskin.ch\/fr\/","logo":{"@type":"ImageObject","inLanguage":"fr-FR","@id":"https:\/\/manskin.ch\/fr\/#\/schema\/logo\/image\/","url":"https:\/\/manskin.ch\/wp-content\/uploads\/2021\/04\/cropped-logo_head.png","contentUrl":"https:\/\/manskin.ch\/wp-content\/uploads\/2021\/04\/cropped-logo_head.png","width":235,"height":75,"caption":"Manskin.ch - der Schweizer Onlineshop f\u00fcr qualit\u00e4tsstarke M\u00e4nnerpflege"},"image":{"@id":"https:\/\/manskin.ch\/fr\/#\/schema\/logo\/image\/"},"sameAs":["https:\/\/www.facebook.com\/manskin.ch","https:\/\/www.instagram.com\/manskin.ch\/"]}]},"product_price_amount":"45.90","product_price_currency":"CHF","og_availability":"instock","product_availability":"instock","product_retailer_item_id":"14210","product_condition":"new"},"brands":[{"id":6567,"name":"Better Be Bold","slug":"better-be-bold"}],"_links":{"self":[{"href":"https:\/\/manskin.ch\/fr\/wp-json\/wp\/v2\/product\/501683","targetHints":{"allow":["GET"]}}],"collection":[{"href":"https:\/\/manskin.ch\/fr\/wp-json\/wp\/v2\/product"}],"about":[{"href":"https:\/\/manskin.ch\/fr\/wp-json\/wp\/v2\/types\/product"}],"replies":[{"embeddable":true,"href":"https:\/\/manskin.ch\/fr\/wp-json\/wp\/v2\/comments?post=501683"}],"wp:featuredmedia":[{"embeddable":true,"href":"https:\/\/manskin.ch\/fr\/wp-json\/wp\/v2\/media\/67743"}],"wp:attachment":[{"href":"https:\/\/manskin.ch\/fr\/wp-json\/wp\/v2\/media?parent=501683"}],"wp:term":[{"taxonomy":"pwb-brand","embeddable":true,"href":"https:\/\/manskin.ch\/fr\/wp-json\/wp\/v2\/pwb-brand?post=501683"},{"taxonomy":"product_brand","embeddable":true,"href":"https:\/\/manskin.ch\/fr\/wp-json\/wp\/v2\/product_brand?post=501683"},{"taxonomy":"product_cat","embeddable":true,"href":"https:\/\/manskin.ch\/fr\/wp-json\/wp\/v2\/product_cat?post=501683"},{"taxonomy":"product_tag","embeddable":true,"href":"https:\/\/manskin.ch\/fr\/wp-json\/wp\/v2\/product_tag?post=501683"}],"curies":[{"name":"wp","href":"https:\/\/api.w.org\/{rel}","templated":true}]}}