{"id":501677,"date":"2024-03-21T14:26:55","date_gmt":"2024-03-21T13:26:55","guid":{"rendered":"https:\/\/manskin.ch\/produkt\/better-be-bold-stoppeur-de-sang\/"},"modified":"2025-10-06T21:38:16","modified_gmt":"2025-10-06T19:38:16","slug":"better-be-bold-stoppeur-de-sang","status":"publish","type":"product","link":"https:\/\/manskin.ch\/fr\/produkt\/better-be-bold-stoppeur-de-sang\/","title":{"rendered":"Better Be Bold &#8211; Stoppeur de sang"},"content":{"rendered":"<h2>Better Be Bold &#8211; Stoppeur de sang<\/h2>\n<ul>\n<li>Plus jamais de calvitie sanglante. En effet, les porteurs de calvitie sont particuli\u00e8rement expos\u00e9s aux blessures et aux irritations dues au rasage en raison de la sensibilit\u00e9 et de la finesse de leur cuir chevelu.<\/li>\n<li>L&rsquo;h\u00e9mostatique est une v\u00e9ritable arme miracle qui r\u00e9sout les probl\u00e8mes des porteurs de calvitie.<\/li>\n<li>Arr\u00eate imm\u00e9diatement le saignement apr\u00e8s les coupures dues au rasage.<\/li>\n<li>Apaise le cuir chevelu et pr\u00e9vient le feu du rasoir et les irritations cutan\u00e9es.<\/li>\n<li>Antiseptique et antibact\u00e9rien.<\/li>\n<li>100% naturel selon la norme ISO 16128.<\/li>\n<li>Peut \u00e9galement \u00eatre utilis\u00e9 comme d\u00e9odorant naturel contre la transpiration.<\/li>\n<li>Puret\u00e9 maximale de la pierre d&rsquo;alun, fabriqu\u00e9e \u00e0 la main en France.<\/li>\n<li>La qualit\u00e9 extr\u00eamement \u00e9lev\u00e9e se reconna\u00eet non seulement \u00e0 la structure cristalline de la pierre et \u00e0 ses \u00e9clairs et clignotements fascinants, mais aussi \u00e0 son utilisation respectueuse de la peau.<\/li>\n<\/ul>\n<p>Contenu\u00a047 gr.<\/p>\n","protected":false},"excerpt":{"rendered":"<p>Better Be Bold &#8211; Stoppeur de sang Plus jamais de calvitie sanglante. En effet, les porteurs de calvitie sont particuli\u00e8rement expos\u00e9s aux blessures et aux irritations dues au rasage en raison de la sensibilit\u00e9 et de la finesse de leur cuir chevelu. L&rsquo;h\u00e9mostatique est une v\u00e9ritable arme miracle qui r\u00e9sout les probl\u00e8mes des porteurs de &#8230; <a title=\"Better Be Bold &#8211; Stoppeur de sang\" class=\"read-more\" href=\"https:\/\/manskin.ch\/fr\/produkt\/better-be-bold-stoppeur-de-sang\/\" aria-label=\"En savoir plus sur Better Be Bold &#8211; Stoppeur de sang\">Lire la suite<\/a><\/p>\n","protected":false},"featured_media":31780,"comment_status":"closed","ping_status":"closed","template":"","meta":{"_acf_changed":false},"pwb-brand":[6567],"product_brand":[],"product_cat":[2548,2928],"product_tag":[],"class_list":{"0":"post-501677","1":"product","2":"type-product","3":"status-publish","4":"has-post-thumbnail","6":"pwb-brand-better-be-bold","7":"product_cat-better-be-bold-fr","8":"product_cat-calvitie","9":"sales-flash-overlay","10":"woocommerce-text-align-center","11":"woocommerce-image-align-center","12":"do-quantity-buttons","14":"first","15":"instock","16":"taxable","17":"shipping-taxable","18":"purchasable","19":"product-type-simple"},"acf":[],"yoast_head":"<!-- This site is optimized with the Yoast SEO Premium plugin v27.3 (Yoast SEO v27.3) - https:\/\/yoast.com\/product\/yoast-seo-premium-wordpress\/ -->\n<title>Soin de la calvitie : arr\u00eate les saignements &amp; apaise le cuir chevelu<\/title>\n<meta name=\"description\" content=\"Fini les blessures dues au rasage et les irritations de la peau chez les chauves! L&#039;h\u00e9mostatique stoppe les saignements et apaise la peau. Essayez-le maintenant !\" \/>\n<meta name=\"robots\" content=\"index, follow, max-snippet:-1, max-image-preview:large, max-video-preview:-1\" \/>\n<link rel=\"canonical\" href=\"https:\/\/manskin.ch\/fr\/produkt\/better-be-bold-stoppeur-de-sang\/\" \/>\n<meta property=\"og:locale\" content=\"fr_FR\" \/>\n<meta property=\"og:type\" content=\"article\" \/>\n<meta property=\"og:title\" content=\"Better Be Bold - Stoppeur de sang\" \/>\n<meta property=\"og:description\" content=\"Fini les blessures dues au rasage et les irritations de la peau chez les chauves! L&#039;h\u00e9mostatique stoppe les saignements et apaise la peau. Essayez-le maintenant !\" \/>\n<meta property=\"og:url\" content=\"https:\/\/manskin.ch\/fr\/produkt\/better-be-bold-stoppeur-de-sang\/\" \/>\n<meta property=\"og:site_name\" content=\"Manskin.ch\" \/>\n<meta property=\"article:publisher\" content=\"https:\/\/www.facebook.com\/manskin.ch\" \/>\n<meta property=\"article:modified_time\" content=\"2025-10-06T19:38:16+00:00\" \/>\n<meta name=\"twitter:card\" content=\"summary_large_image\" \/>\n<meta name=\"twitter:label1\" content=\"Prix\" \/>\n\t<meta name=\"twitter:data1\" content=\"11.90&#067;&#072;&#070;\" \/>\n\t<meta name=\"twitter:label2\" content=\"Disponibilit\u00e9\" \/>\n\t<meta name=\"twitter:data2\" content=\"En stock\" \/>\n<script type=\"application\/ld+json\" class=\"yoast-schema-graph\">{\"@context\":\"https:\\\/\\\/schema.org\",\"@graph\":[{\"@type\":\"WebPage\",\"@id\":\"https:\\\/\\\/manskin.ch\\\/fr\\\/produkt\\\/better-be-bold-stoppeur-de-sang\\\/\",\"url\":\"https:\\\/\\\/manskin.ch\\\/fr\\\/produkt\\\/better-be-bold-stoppeur-de-sang\\\/\",\"name\":\"Soin de la calvitie : arr\u00eate les saignements & apaise le cuir chevelu\",\"isPartOf\":{\"@id\":\"https:\\\/\\\/manskin.ch\\\/fr\\\/#website\"},\"primaryImageOfPage\":{\"@id\":\"https:\\\/\\\/manskin.ch\\\/fr\\\/produkt\\\/better-be-bold-stoppeur-de-sang\\\/#primaryimage\"},\"image\":{\"@id\":\"https:\\\/\\\/manskin.ch\\\/fr\\\/produkt\\\/better-be-bold-stoppeur-de-sang\\\/#primaryimage\"},\"thumbnailUrl\":\"https:\\\/\\\/manskin.ch\\\/wp-content\\\/uploads\\\/2024\\\/03\\\/Blutstopper-High-Quality.jpg\",\"datePublished\":\"2024-03-21T13:26:55+00:00\",\"dateModified\":\"2025-10-06T19:38:16+00:00\",\"description\":\"Fini les blessures dues au rasage et les irritations de la peau chez les chauves! L'h\u00e9mostatique stoppe les saignements et apaise la peau. Essayez-le maintenant !\",\"breadcrumb\":{\"@id\":\"https:\\\/\\\/manskin.ch\\\/fr\\\/produkt\\\/better-be-bold-stoppeur-de-sang\\\/#breadcrumb\"},\"inLanguage\":\"fr-FR\",\"potentialAction\":[{\"@type\":\"ReadAction\",\"target\":[\"https:\\\/\\\/manskin.ch\\\/fr\\\/produkt\\\/better-be-bold-stoppeur-de-sang\\\/\"]}]},{\"@type\":\"ImageObject\",\"inLanguage\":\"fr-FR\",\"@id\":\"https:\\\/\\\/manskin.ch\\\/fr\\\/produkt\\\/better-be-bold-stoppeur-de-sang\\\/#primaryimage\",\"url\":\"https:\\\/\\\/manskin.ch\\\/wp-content\\\/uploads\\\/2024\\\/03\\\/Blutstopper-High-Quality.jpg\",\"contentUrl\":\"https:\\\/\\\/manskin.ch\\\/wp-content\\\/uploads\\\/2024\\\/03\\\/Blutstopper-High-Quality.jpg\",\"width\":800,\"height\":800},{\"@type\":\"BreadcrumbList\",\"@id\":\"https:\\\/\\\/manskin.ch\\\/fr\\\/produkt\\\/better-be-bold-stoppeur-de-sang\\\/#breadcrumb\",\"itemListElement\":[{\"@type\":\"ListItem\",\"position\":1,\"name\":\"Startseite\",\"item\":\"https:\\\/\\\/manskin.ch\\\/fr\\\/\"},{\"@type\":\"ListItem\",\"position\":2,\"name\":\"Boutique\",\"item\":\"https:\\\/\\\/manskin.ch\\\/fr\\\/boutique\\\/\"},{\"@type\":\"ListItem\",\"position\":3,\"name\":\"Better Be Bold &#8211; Stoppeur de sang\"}]},{\"@type\":\"WebSite\",\"@id\":\"https:\\\/\\\/manskin.ch\\\/fr\\\/#website\",\"url\":\"https:\\\/\\\/manskin.ch\\\/fr\\\/\",\"name\":\"Manskin.ch\",\"description\":\"Tous les produits de beaut\u00e9 pour les hommes les plus exigeants\",\"publisher\":{\"@id\":\"https:\\\/\\\/manskin.ch\\\/fr\\\/#organization\"},\"potentialAction\":[{\"@type\":\"SearchAction\",\"target\":{\"@type\":\"EntryPoint\",\"urlTemplate\":\"https:\\\/\\\/manskin.ch\\\/fr\\\/?s={search_term_string}\"},\"query-input\":{\"@type\":\"PropertyValueSpecification\",\"valueRequired\":true,\"valueName\":\"search_term_string\"}}],\"inLanguage\":\"fr-FR\"},{\"@type\":\"Organization\",\"@id\":\"https:\\\/\\\/manskin.ch\\\/fr\\\/#organization\",\"name\":\"Manskin.ch - der Schweizer Onlineshop f\u00fcr qualit\u00e4tsstarke M\u00e4nnerpflege\",\"url\":\"https:\\\/\\\/manskin.ch\\\/fr\\\/\",\"logo\":{\"@type\":\"ImageObject\",\"inLanguage\":\"fr-FR\",\"@id\":\"https:\\\/\\\/manskin.ch\\\/fr\\\/#\\\/schema\\\/logo\\\/image\\\/\",\"url\":\"https:\\\/\\\/manskin.ch\\\/wp-content\\\/uploads\\\/2021\\\/04\\\/cropped-logo_head.png\",\"contentUrl\":\"https:\\\/\\\/manskin.ch\\\/wp-content\\\/uploads\\\/2021\\\/04\\\/cropped-logo_head.png\",\"width\":235,\"height\":75,\"caption\":\"Manskin.ch - der Schweizer Onlineshop f\u00fcr qualit\u00e4tsstarke M\u00e4nnerpflege\"},\"image\":{\"@id\":\"https:\\\/\\\/manskin.ch\\\/fr\\\/#\\\/schema\\\/logo\\\/image\\\/\"},\"sameAs\":[\"https:\\\/\\\/www.facebook.com\\\/manskin.ch\",\"https:\\\/\\\/www.instagram.com\\\/manskin.ch\\\/\"]}]}<\/script>\n<meta property=\"product:price:amount\" content=\"11.90\" \/>\n<meta property=\"product:price:currency\" content=\"CHF\" \/>\n<meta property=\"og:availability\" content=\"instock\" \/>\n<meta property=\"product:availability\" content=\"instock\" \/>\n<meta property=\"product:retailer_item_id\" content=\"14074\" \/>\n<meta property=\"product:condition\" content=\"new\" \/>\n<!-- \/ Yoast SEO Premium plugin. -->","yoast_head_json":{"title":"Soin de la calvitie : arr\u00eate les saignements & apaise le cuir chevelu","description":"Fini les blessures dues au rasage et les irritations de la peau chez les chauves! L'h\u00e9mostatique stoppe les saignements et apaise la peau. Essayez-le maintenant !","robots":{"index":"index","follow":"follow","max-snippet":"max-snippet:-1","max-image-preview":"max-image-preview:large","max-video-preview":"max-video-preview:-1"},"canonical":"https:\/\/manskin.ch\/fr\/produkt\/better-be-bold-stoppeur-de-sang\/","og_locale":"fr_FR","og_type":"article","og_title":"Better Be Bold - Stoppeur de sang","og_description":"Fini les blessures dues au rasage et les irritations de la peau chez les chauves! L'h\u00e9mostatique stoppe les saignements et apaise la peau. Essayez-le maintenant !","og_url":"https:\/\/manskin.ch\/fr\/produkt\/better-be-bold-stoppeur-de-sang\/","og_site_name":"Manskin.ch","article_publisher":"https:\/\/www.facebook.com\/manskin.ch","article_modified_time":"2025-10-06T19:38:16+00:00","twitter_card":"summary_large_image","twitter_misc":{"Prix":"11.90&#67;&#72;&#70;","Disponibilit\u00e9":"En stock"},"schema":{"@context":"https:\/\/schema.org","@graph":[{"@type":"WebPage","@id":"https:\/\/manskin.ch\/fr\/produkt\/better-be-bold-stoppeur-de-sang\/","url":"https:\/\/manskin.ch\/fr\/produkt\/better-be-bold-stoppeur-de-sang\/","name":"Soin de la calvitie : arr\u00eate les saignements & apaise le cuir chevelu","isPartOf":{"@id":"https:\/\/manskin.ch\/fr\/#website"},"primaryImageOfPage":{"@id":"https:\/\/manskin.ch\/fr\/produkt\/better-be-bold-stoppeur-de-sang\/#primaryimage"},"image":{"@id":"https:\/\/manskin.ch\/fr\/produkt\/better-be-bold-stoppeur-de-sang\/#primaryimage"},"thumbnailUrl":"https:\/\/manskin.ch\/wp-content\/uploads\/2024\/03\/Blutstopper-High-Quality.jpg","datePublished":"2024-03-21T13:26:55+00:00","dateModified":"2025-10-06T19:38:16+00:00","description":"Fini les blessures dues au rasage et les irritations de la peau chez les chauves! L'h\u00e9mostatique stoppe les saignements et apaise la peau. Essayez-le maintenant !","breadcrumb":{"@id":"https:\/\/manskin.ch\/fr\/produkt\/better-be-bold-stoppeur-de-sang\/#breadcrumb"},"inLanguage":"fr-FR","potentialAction":[{"@type":"ReadAction","target":["https:\/\/manskin.ch\/fr\/produkt\/better-be-bold-stoppeur-de-sang\/"]}]},{"@type":"ImageObject","inLanguage":"fr-FR","@id":"https:\/\/manskin.ch\/fr\/produkt\/better-be-bold-stoppeur-de-sang\/#primaryimage","url":"https:\/\/manskin.ch\/wp-content\/uploads\/2024\/03\/Blutstopper-High-Quality.jpg","contentUrl":"https:\/\/manskin.ch\/wp-content\/uploads\/2024\/03\/Blutstopper-High-Quality.jpg","width":800,"height":800},{"@type":"BreadcrumbList","@id":"https:\/\/manskin.ch\/fr\/produkt\/better-be-bold-stoppeur-de-sang\/#breadcrumb","itemListElement":[{"@type":"ListItem","position":1,"name":"Startseite","item":"https:\/\/manskin.ch\/fr\/"},{"@type":"ListItem","position":2,"name":"Boutique","item":"https:\/\/manskin.ch\/fr\/boutique\/"},{"@type":"ListItem","position":3,"name":"Better Be Bold &#8211; Stoppeur de sang"}]},{"@type":"WebSite","@id":"https:\/\/manskin.ch\/fr\/#website","url":"https:\/\/manskin.ch\/fr\/","name":"Manskin.ch","description":"Tous les produits de beaut\u00e9 pour les hommes les plus exigeants","publisher":{"@id":"https:\/\/manskin.ch\/fr\/#organization"},"potentialAction":[{"@type":"SearchAction","target":{"@type":"EntryPoint","urlTemplate":"https:\/\/manskin.ch\/fr\/?s={search_term_string}"},"query-input":{"@type":"PropertyValueSpecification","valueRequired":true,"valueName":"search_term_string"}}],"inLanguage":"fr-FR"},{"@type":"Organization","@id":"https:\/\/manskin.ch\/fr\/#organization","name":"Manskin.ch - der Schweizer Onlineshop f\u00fcr qualit\u00e4tsstarke M\u00e4nnerpflege","url":"https:\/\/manskin.ch\/fr\/","logo":{"@type":"ImageObject","inLanguage":"fr-FR","@id":"https:\/\/manskin.ch\/fr\/#\/schema\/logo\/image\/","url":"https:\/\/manskin.ch\/wp-content\/uploads\/2021\/04\/cropped-logo_head.png","contentUrl":"https:\/\/manskin.ch\/wp-content\/uploads\/2021\/04\/cropped-logo_head.png","width":235,"height":75,"caption":"Manskin.ch - der Schweizer Onlineshop f\u00fcr qualit\u00e4tsstarke M\u00e4nnerpflege"},"image":{"@id":"https:\/\/manskin.ch\/fr\/#\/schema\/logo\/image\/"},"sameAs":["https:\/\/www.facebook.com\/manskin.ch","https:\/\/www.instagram.com\/manskin.ch\/"]}]},"product_price_amount":"11.90","product_price_currency":"CHF","og_availability":"instock","product_availability":"instock","product_retailer_item_id":"14074","product_condition":"new"},"brands":[{"id":6567,"name":"Better Be Bold","slug":"better-be-bold"}],"_links":{"self":[{"href":"https:\/\/manskin.ch\/fr\/wp-json\/wp\/v2\/product\/501677","targetHints":{"allow":["GET"]}}],"collection":[{"href":"https:\/\/manskin.ch\/fr\/wp-json\/wp\/v2\/product"}],"about":[{"href":"https:\/\/manskin.ch\/fr\/wp-json\/wp\/v2\/types\/product"}],"replies":[{"embeddable":true,"href":"https:\/\/manskin.ch\/fr\/wp-json\/wp\/v2\/comments?post=501677"}],"wp:featuredmedia":[{"embeddable":true,"href":"https:\/\/manskin.ch\/fr\/wp-json\/wp\/v2\/media\/31780"}],"wp:attachment":[{"href":"https:\/\/manskin.ch\/fr\/wp-json\/wp\/v2\/media?parent=501677"}],"wp:term":[{"taxonomy":"pwb-brand","embeddable":true,"href":"https:\/\/manskin.ch\/fr\/wp-json\/wp\/v2\/pwb-brand?post=501677"},{"taxonomy":"product_brand","embeddable":true,"href":"https:\/\/manskin.ch\/fr\/wp-json\/wp\/v2\/product_brand?post=501677"},{"taxonomy":"product_cat","embeddable":true,"href":"https:\/\/manskin.ch\/fr\/wp-json\/wp\/v2\/product_cat?post=501677"},{"taxonomy":"product_tag","embeddable":true,"href":"https:\/\/manskin.ch\/fr\/wp-json\/wp\/v2\/product_tag?post=501677"}],"curies":[{"name":"wp","href":"https:\/\/api.w.org\/{rel}","templated":true}]}}