{"id":501666,"date":"2023-06-12T09:41:48","date_gmt":"2023-06-12T07:41:48","guid":{"rendered":"https:\/\/manskin.ch\/produkt\/better-be-bold-no-hair-shampoo\/"},"modified":"2026-03-13T09:25:49","modified_gmt":"2026-03-13T08:25:49","slug":"better-be-bold-no-hair-shampoo","status":"publish","type":"product","link":"https:\/\/manskin.ch\/fr\/produkt\/better-be-bold-no-hair-shampoo\/","title":{"rendered":"Better Be Bold &#8211; Shampooing pour la calvitie | No Hair Shampoo"},"content":{"rendered":"<h2>Better Be Bold &#8211; Shampooing pour la calvitie | No Hair Shampoo<\/h2>\n<ul>\n<li>Nettoyage efficace sans dess\u00e9cher le cuir chevelu gr\u00e2ce aux tensioactifs les plus doux.<\/li>\n<li>Favorise la cicatrisation (par ex. en cas de coupures ou de feu du rasoir) et a un effet r\u00e9g\u00e9n\u00e9rant gr\u00e2ce \u00e0 l&rsquo;hyaluron.<\/li>\n<li>L&rsquo;aloe vera de qualit\u00e9 sup\u00e9rieure a un effet apaisant sur le cuir chevelu.<\/li>\n<li>L&rsquo;huile d&rsquo;amande naturelle hydrate en outre le cuir chevelu.<\/li>\n<li>La prot\u00e9ine d&rsquo;avoine contenue dans le produit fournit \u00e0 la calvitie toutes les substances nutritives importantes et contribue \u00e0 un aspect soign\u00e9 de la peau.<\/li>\n<li>Naturel &amp; v\u00e9g\u00e9talien: les ingr\u00e9dients sont conformes \u00e0 97% \u00e0 la cosm\u00e9tique naturelle.Contenu 200 ml.<\/li>\n<\/ul>\n","protected":false},"excerpt":{"rendered":"<p>Favorise la cicatrisation des coupures ou du feu du rasoir<\/p>\n","protected":false},"featured_media":21930,"comment_status":"closed","ping_status":"closed","template":"","meta":{"_acf_changed":false},"pwb-brand":[6567],"product_brand":[],"product_cat":[2548,2928,6576,2346,1948],"product_tag":[],"class_list":{"0":"post-501666","1":"product","2":"type-product","3":"status-publish","4":"has-post-thumbnail","6":"pwb-brand-better-be-bold","7":"product_cat-better-be-bold-fr","8":"product_cat-calvitie","9":"product_cat-myabo-fr","10":"product_cat-peau-grasse","11":"product_cat-shampoing-conditioner","12":"product_shipping_class-standard-fr","13":"sales-flash-overlay","14":"woocommerce-text-align-center","15":"woocommerce-image-align-center","16":"do-quantity-buttons","17":"has-subscription-plans","19":"first","20":"instock","21":"taxable","22":"shipping-taxable","23":"purchasable","24":"product-type-simple"},"acf":[],"yoast_head":"<!-- This site is optimized with the Yoast SEO Premium plugin v27.3 (Yoast SEO v27.3) - https:\/\/yoast.com\/product\/yoast-seo-premium-wordpress\/ -->\n<title>Shampooing pour calvitie Better be bold \u00e0 l&#039;aloe vera | Manskin.ch<\/title>\n<meta name=\"description\" content=\"Shampooing No Hair. Favorise la cicatrisation des coupures et du feu du rasoir. \u00c0 l&#039;acide hyaluronique et \u00e0 l&#039;aloe vera. Retrouve tous les produits Better Be Bold sur Manskin.ch.\" \/>\n<meta name=\"robots\" content=\"index, follow, max-snippet:-1, max-image-preview:large, max-video-preview:-1\" \/>\n<link rel=\"canonical\" href=\"https:\/\/manskin.ch\/fr\/produkt\/better-be-bold-no-hair-shampoo\/\" \/>\n<meta property=\"og:locale\" content=\"fr_FR\" \/>\n<meta property=\"og:type\" content=\"article\" \/>\n<meta property=\"og:title\" content=\"Better Be Bold - Shampooing pour la calvitie | No Hair Shampoo\" \/>\n<meta property=\"og:description\" content=\"Shampooing No Hair. Favorise la cicatrisation des coupures et du feu du rasoir. \u00c0 l&#039;acide hyaluronique et \u00e0 l&#039;aloe vera. Retrouve tous les produits Better Be Bold sur Manskin.ch.\" \/>\n<meta property=\"og:url\" content=\"https:\/\/manskin.ch\/fr\/produkt\/better-be-bold-no-hair-shampoo\/\" \/>\n<meta property=\"og:site_name\" content=\"Manskin.ch\" \/>\n<meta property=\"article:publisher\" content=\"https:\/\/www.facebook.com\/manskin.ch\" \/>\n<meta property=\"article:modified_time\" content=\"2026-03-13T08:25:49+00:00\" \/>\n<meta name=\"twitter:card\" content=\"summary_large_image\" \/>\n<meta name=\"twitter:label1\" content=\"Prix\" \/>\n\t<meta name=\"twitter:data1\" content=\"26.50&#067;&#072;&#070;\" \/>\n\t<meta name=\"twitter:label2\" content=\"Disponibilit\u00e9\" \/>\n\t<meta name=\"twitter:data2\" content=\"En stock\" \/>\n<script type=\"application\/ld+json\" class=\"yoast-schema-graph\">{\"@context\":\"https:\\\/\\\/schema.org\",\"@graph\":[{\"@type\":\"WebPage\",\"@id\":\"https:\\\/\\\/manskin.ch\\\/fr\\\/produkt\\\/better-be-bold-no-hair-shampoo\\\/\",\"url\":\"https:\\\/\\\/manskin.ch\\\/fr\\\/produkt\\\/better-be-bold-no-hair-shampoo\\\/\",\"name\":\"Shampooing pour calvitie Better be bold \u00e0 l'aloe vera | Manskin.ch\",\"isPartOf\":{\"@id\":\"https:\\\/\\\/manskin.ch\\\/fr\\\/#website\"},\"primaryImageOfPage\":{\"@id\":\"https:\\\/\\\/manskin.ch\\\/fr\\\/produkt\\\/better-be-bold-no-hair-shampoo\\\/#primaryimage\"},\"image\":{\"@id\":\"https:\\\/\\\/manskin.ch\\\/fr\\\/produkt\\\/better-be-bold-no-hair-shampoo\\\/#primaryimage\"},\"thumbnailUrl\":\"https:\\\/\\\/manskin.ch\\\/wp-content\\\/uploads\\\/2023\\\/06\\\/glatzenshampoo.jpg\",\"datePublished\":\"2023-06-12T07:41:48+00:00\",\"dateModified\":\"2026-03-13T08:25:49+00:00\",\"description\":\"Shampooing No Hair. Favorise la cicatrisation des coupures et du feu du rasoir. \u00c0 l'acide hyaluronique et \u00e0 l'aloe vera. Retrouve tous les produits Better Be Bold sur Manskin.ch.\",\"breadcrumb\":{\"@id\":\"https:\\\/\\\/manskin.ch\\\/fr\\\/produkt\\\/better-be-bold-no-hair-shampoo\\\/#breadcrumb\"},\"inLanguage\":\"fr-FR\",\"potentialAction\":[{\"@type\":\"ReadAction\",\"target\":[\"https:\\\/\\\/manskin.ch\\\/fr\\\/produkt\\\/better-be-bold-no-hair-shampoo\\\/\"]}]},{\"@type\":\"ImageObject\",\"inLanguage\":\"fr-FR\",\"@id\":\"https:\\\/\\\/manskin.ch\\\/fr\\\/produkt\\\/better-be-bold-no-hair-shampoo\\\/#primaryimage\",\"url\":\"https:\\\/\\\/manskin.ch\\\/wp-content\\\/uploads\\\/2023\\\/06\\\/glatzenshampoo.jpg\",\"contentUrl\":\"https:\\\/\\\/manskin.ch\\\/wp-content\\\/uploads\\\/2023\\\/06\\\/glatzenshampoo.jpg\",\"width\":800,\"height\":800},{\"@type\":\"BreadcrumbList\",\"@id\":\"https:\\\/\\\/manskin.ch\\\/fr\\\/produkt\\\/better-be-bold-no-hair-shampoo\\\/#breadcrumb\",\"itemListElement\":[{\"@type\":\"ListItem\",\"position\":1,\"name\":\"Startseite\",\"item\":\"https:\\\/\\\/manskin.ch\\\/fr\\\/\"},{\"@type\":\"ListItem\",\"position\":2,\"name\":\"Boutique\",\"item\":\"https:\\\/\\\/manskin.ch\\\/fr\\\/boutique\\\/\"},{\"@type\":\"ListItem\",\"position\":3,\"name\":\"Better Be Bold &#8211; Shampooing pour la calvitie | No Hair Shampoo\"}]},{\"@type\":\"WebSite\",\"@id\":\"https:\\\/\\\/manskin.ch\\\/fr\\\/#website\",\"url\":\"https:\\\/\\\/manskin.ch\\\/fr\\\/\",\"name\":\"Manskin.ch\",\"description\":\"Tous les produits de beaut\u00e9 pour les hommes les plus exigeants\",\"publisher\":{\"@id\":\"https:\\\/\\\/manskin.ch\\\/fr\\\/#organization\"},\"potentialAction\":[{\"@type\":\"SearchAction\",\"target\":{\"@type\":\"EntryPoint\",\"urlTemplate\":\"https:\\\/\\\/manskin.ch\\\/fr\\\/?s={search_term_string}\"},\"query-input\":{\"@type\":\"PropertyValueSpecification\",\"valueRequired\":true,\"valueName\":\"search_term_string\"}}],\"inLanguage\":\"fr-FR\"},{\"@type\":\"Organization\",\"@id\":\"https:\\\/\\\/manskin.ch\\\/fr\\\/#organization\",\"name\":\"Manskin.ch - der Schweizer Onlineshop f\u00fcr qualit\u00e4tsstarke M\u00e4nnerpflege\",\"url\":\"https:\\\/\\\/manskin.ch\\\/fr\\\/\",\"logo\":{\"@type\":\"ImageObject\",\"inLanguage\":\"fr-FR\",\"@id\":\"https:\\\/\\\/manskin.ch\\\/fr\\\/#\\\/schema\\\/logo\\\/image\\\/\",\"url\":\"https:\\\/\\\/manskin.ch\\\/wp-content\\\/uploads\\\/2021\\\/04\\\/cropped-logo_head.png\",\"contentUrl\":\"https:\\\/\\\/manskin.ch\\\/wp-content\\\/uploads\\\/2021\\\/04\\\/cropped-logo_head.png\",\"width\":235,\"height\":75,\"caption\":\"Manskin.ch - der Schweizer Onlineshop f\u00fcr qualit\u00e4tsstarke M\u00e4nnerpflege\"},\"image\":{\"@id\":\"https:\\\/\\\/manskin.ch\\\/fr\\\/#\\\/schema\\\/logo\\\/image\\\/\"},\"sameAs\":[\"https:\\\/\\\/www.facebook.com\\\/manskin.ch\",\"https:\\\/\\\/www.instagram.com\\\/manskin.ch\\\/\"]}]}<\/script>\n<meta property=\"product:price:amount\" content=\"26.50\" \/>\n<meta property=\"product:price:currency\" content=\"CHF\" \/>\n<meta property=\"og:availability\" content=\"instock\" \/>\n<meta property=\"product:availability\" content=\"instock\" \/>\n<meta property=\"product:retailer_item_id\" content=\"13253\" \/>\n<meta property=\"product:condition\" content=\"new\" \/>\n<!-- \/ Yoast SEO Premium plugin. -->","yoast_head_json":{"title":"Shampooing pour calvitie Better be bold \u00e0 l'aloe vera | Manskin.ch","description":"Shampooing No Hair. Favorise la cicatrisation des coupures et du feu du rasoir. \u00c0 l'acide hyaluronique et \u00e0 l'aloe vera. Retrouve tous les produits Better Be Bold sur Manskin.ch.","robots":{"index":"index","follow":"follow","max-snippet":"max-snippet:-1","max-image-preview":"max-image-preview:large","max-video-preview":"max-video-preview:-1"},"canonical":"https:\/\/manskin.ch\/fr\/produkt\/better-be-bold-no-hair-shampoo\/","og_locale":"fr_FR","og_type":"article","og_title":"Better Be Bold - Shampooing pour la calvitie | No Hair Shampoo","og_description":"Shampooing No Hair. Favorise la cicatrisation des coupures et du feu du rasoir. \u00c0 l'acide hyaluronique et \u00e0 l'aloe vera. Retrouve tous les produits Better Be Bold sur Manskin.ch.","og_url":"https:\/\/manskin.ch\/fr\/produkt\/better-be-bold-no-hair-shampoo\/","og_site_name":"Manskin.ch","article_publisher":"https:\/\/www.facebook.com\/manskin.ch","article_modified_time":"2026-03-13T08:25:49+00:00","twitter_card":"summary_large_image","twitter_misc":{"Prix":"26.50&#67;&#72;&#70;","Disponibilit\u00e9":"En stock"},"schema":{"@context":"https:\/\/schema.org","@graph":[{"@type":"WebPage","@id":"https:\/\/manskin.ch\/fr\/produkt\/better-be-bold-no-hair-shampoo\/","url":"https:\/\/manskin.ch\/fr\/produkt\/better-be-bold-no-hair-shampoo\/","name":"Shampooing pour calvitie Better be bold \u00e0 l'aloe vera | Manskin.ch","isPartOf":{"@id":"https:\/\/manskin.ch\/fr\/#website"},"primaryImageOfPage":{"@id":"https:\/\/manskin.ch\/fr\/produkt\/better-be-bold-no-hair-shampoo\/#primaryimage"},"image":{"@id":"https:\/\/manskin.ch\/fr\/produkt\/better-be-bold-no-hair-shampoo\/#primaryimage"},"thumbnailUrl":"https:\/\/manskin.ch\/wp-content\/uploads\/2023\/06\/glatzenshampoo.jpg","datePublished":"2023-06-12T07:41:48+00:00","dateModified":"2026-03-13T08:25:49+00:00","description":"Shampooing No Hair. Favorise la cicatrisation des coupures et du feu du rasoir. \u00c0 l'acide hyaluronique et \u00e0 l'aloe vera. Retrouve tous les produits Better Be Bold sur Manskin.ch.","breadcrumb":{"@id":"https:\/\/manskin.ch\/fr\/produkt\/better-be-bold-no-hair-shampoo\/#breadcrumb"},"inLanguage":"fr-FR","potentialAction":[{"@type":"ReadAction","target":["https:\/\/manskin.ch\/fr\/produkt\/better-be-bold-no-hair-shampoo\/"]}]},{"@type":"ImageObject","inLanguage":"fr-FR","@id":"https:\/\/manskin.ch\/fr\/produkt\/better-be-bold-no-hair-shampoo\/#primaryimage","url":"https:\/\/manskin.ch\/wp-content\/uploads\/2023\/06\/glatzenshampoo.jpg","contentUrl":"https:\/\/manskin.ch\/wp-content\/uploads\/2023\/06\/glatzenshampoo.jpg","width":800,"height":800},{"@type":"BreadcrumbList","@id":"https:\/\/manskin.ch\/fr\/produkt\/better-be-bold-no-hair-shampoo\/#breadcrumb","itemListElement":[{"@type":"ListItem","position":1,"name":"Startseite","item":"https:\/\/manskin.ch\/fr\/"},{"@type":"ListItem","position":2,"name":"Boutique","item":"https:\/\/manskin.ch\/fr\/boutique\/"},{"@type":"ListItem","position":3,"name":"Better Be Bold &#8211; Shampooing pour la calvitie | No Hair Shampoo"}]},{"@type":"WebSite","@id":"https:\/\/manskin.ch\/fr\/#website","url":"https:\/\/manskin.ch\/fr\/","name":"Manskin.ch","description":"Tous les produits de beaut\u00e9 pour les hommes les plus exigeants","publisher":{"@id":"https:\/\/manskin.ch\/fr\/#organization"},"potentialAction":[{"@type":"SearchAction","target":{"@type":"EntryPoint","urlTemplate":"https:\/\/manskin.ch\/fr\/?s={search_term_string}"},"query-input":{"@type":"PropertyValueSpecification","valueRequired":true,"valueName":"search_term_string"}}],"inLanguage":"fr-FR"},{"@type":"Organization","@id":"https:\/\/manskin.ch\/fr\/#organization","name":"Manskin.ch - der Schweizer Onlineshop f\u00fcr qualit\u00e4tsstarke M\u00e4nnerpflege","url":"https:\/\/manskin.ch\/fr\/","logo":{"@type":"ImageObject","inLanguage":"fr-FR","@id":"https:\/\/manskin.ch\/fr\/#\/schema\/logo\/image\/","url":"https:\/\/manskin.ch\/wp-content\/uploads\/2021\/04\/cropped-logo_head.png","contentUrl":"https:\/\/manskin.ch\/wp-content\/uploads\/2021\/04\/cropped-logo_head.png","width":235,"height":75,"caption":"Manskin.ch - der Schweizer Onlineshop f\u00fcr qualit\u00e4tsstarke M\u00e4nnerpflege"},"image":{"@id":"https:\/\/manskin.ch\/fr\/#\/schema\/logo\/image\/"},"sameAs":["https:\/\/www.facebook.com\/manskin.ch","https:\/\/www.instagram.com\/manskin.ch\/"]}]},"product_price_amount":"26.50","product_price_currency":"CHF","og_availability":"instock","product_availability":"instock","product_retailer_item_id":"13253","product_condition":"new"},"brands":[{"id":6567,"name":"Better Be Bold","slug":"better-be-bold"}],"_links":{"self":[{"href":"https:\/\/manskin.ch\/fr\/wp-json\/wp\/v2\/product\/501666","targetHints":{"allow":["GET"]}}],"collection":[{"href":"https:\/\/manskin.ch\/fr\/wp-json\/wp\/v2\/product"}],"about":[{"href":"https:\/\/manskin.ch\/fr\/wp-json\/wp\/v2\/types\/product"}],"replies":[{"embeddable":true,"href":"https:\/\/manskin.ch\/fr\/wp-json\/wp\/v2\/comments?post=501666"}],"wp:featuredmedia":[{"embeddable":true,"href":"https:\/\/manskin.ch\/fr\/wp-json\/wp\/v2\/media\/21930"}],"wp:attachment":[{"href":"https:\/\/manskin.ch\/fr\/wp-json\/wp\/v2\/media?parent=501666"}],"wp:term":[{"taxonomy":"pwb-brand","embeddable":true,"href":"https:\/\/manskin.ch\/fr\/wp-json\/wp\/v2\/pwb-brand?post=501666"},{"taxonomy":"product_brand","embeddable":true,"href":"https:\/\/manskin.ch\/fr\/wp-json\/wp\/v2\/product_brand?post=501666"},{"taxonomy":"product_cat","embeddable":true,"href":"https:\/\/manskin.ch\/fr\/wp-json\/wp\/v2\/product_cat?post=501666"},{"taxonomy":"product_tag","embeddable":true,"href":"https:\/\/manskin.ch\/fr\/wp-json\/wp\/v2\/product_tag?post=501666"}],"curies":[{"name":"wp","href":"https:\/\/api.w.org\/{rel}","templated":true}]}}