{"id":501468,"date":"2025-07-06T18:33:51","date_gmt":"2025-07-06T16:33:51","guid":{"rendered":"https:\/\/manskin.ch\/produkt\/musgo-real-edt-black-edition-travel\/"},"modified":"2025-08-29T11:02:18","modified_gmt":"2025-08-29T09:02:18","slug":"musgo-real-edt-black-edition-travel","status":"publish","type":"product","link":"https:\/\/manskin.ch\/fr\/produkt\/musgo-real-edt-black-edition-travel\/","title":{"rendered":"Musgo Real &#8211; Eau de Toilette Black Edition Travel"},"content":{"rendered":"<h2>Musgo Real &#8211; Eau de Toilette Black Edition Travel<\/h2>\n<p>Cette Eau de Toilette est ouvertement s\u00e9duisante et extr\u00eamement raffin\u00e9e. Elle d\u00e9gage un charme charismatique pour ces moments particuliers o\u00f9 vous souhaitez que tout soit parfait. Musgo Real Black Edition, d\u00e9sormais disponible dans un flacon en verre de 10 ml facile \u00e0 transporter, id\u00e9al pour vos voyages.<\/p>\n<ul>\n<li>Novatrice et contemporaine, l\u2019Eau de Toilette Musgo Real Black Edition est un parfum sophistiqu\u00e9 et sensuel.<\/li>\n<li>Une fragrance envoutante et captivante cr\u00e9\u00e9e autour d\u2019une base de v\u00e9tiver et de c\u00e8dre, de patchouli et de f\u00e8ve tonka.<\/li>\n<li>Dans son c\u00bdur noir vit un m\u00e9lange s\u00e9ducteur de ganache et d\u2019\u00e9pices exotiques, combin\u00e9es \u00e0 des notes agrestes de geni\u00e8vre, de citron et de bergamote.<\/li>\n<li>Notes de t\u00eate:\u00a0 Bergamote, Citron et Baies de Geni\u00e8vre<\/li>\n<li>Notes de coeur: Cacao, Noix Muscade et Cardamome<\/li>\n<li>Notes de fond: V\u00e9tiver, Patchouli, C\u00e8dre et F\u00e8ve Tonka<\/li>\n<\/ul>\n<p>Contenu 10 ml.<\/p>\n","protected":false},"excerpt":{"rendered":"<p>Musgo Real &#8211; Eau de Toilette Black Edition Travel Cette Eau de Toilette est ouvertement s\u00e9duisante et extr\u00eamement raffin\u00e9e. Elle d\u00e9gage un charme charismatique pour ces moments particuliers o\u00f9 vous souhaitez que tout soit parfait. Musgo Real Black Edition, d\u00e9sormais disponible dans un flacon en verre de 10 ml facile \u00e0 transporter, id\u00e9al pour vos &#8230; <a title=\"Musgo Real &#8211; Eau de Toilette Black Edition Travel\" class=\"read-more\" href=\"https:\/\/manskin.ch\/fr\/produkt\/musgo-real-edt-black-edition-travel\/\" aria-label=\"En savoir plus sur Musgo Real &#8211; Eau de Toilette Black Edition Travel\">Lire la suite<\/a><\/p>\n","protected":false},"featured_media":87261,"comment_status":"closed","ping_status":"closed","template":"","meta":{"_acf_changed":false},"pwb-brand":[2770],"product_brand":[],"product_cat":[2382,2800,2911],"product_tag":[],"class_list":{"0":"post-501468","1":"product","2":"type-product","3":"status-publish","4":"has-post-thumbnail","6":"pwb-brand-musgo-real","7":"product_cat-musgo-real-fr","8":"product_cat-parfum","9":"product_cat-travel-sport","10":"sales-flash-overlay","11":"woocommerce-text-align-center","12":"woocommerce-image-align-center","13":"do-quantity-buttons","15":"first","16":"instock","17":"taxable","18":"shipping-taxable","19":"purchasable","20":"product-type-simple"},"acf":[],"yoast_head":"<!-- This site is optimized with the Yoast SEO Premium plugin v27.3 (Yoast SEO v27.3) - https:\/\/yoast.com\/product\/yoast-seo-premium-wordpress\/ -->\n<title>Musgo Real Black Edition Travel : un parfum s\u00e9duisant | Manskin.ch<\/title>\n<meta name=\"description\" content=\"Profite de l&#039;effet charismatique du Musgo Real Black Edition Travel ! Id\u00e9al pour les voyages et les occasions sp\u00e9ciales, essaie-le!\" \/>\n<meta name=\"robots\" content=\"index, follow, max-snippet:-1, max-image-preview:large, max-video-preview:-1\" \/>\n<link rel=\"canonical\" href=\"https:\/\/manskin.ch\/fr\/produkt\/musgo-real-edt-black-edition-travel\/\" \/>\n<meta property=\"og:locale\" content=\"fr_FR\" \/>\n<meta property=\"og:type\" content=\"article\" \/>\n<meta property=\"og:title\" content=\"Musgo Real - Eau de Toilette Black Edition Travel\" \/>\n<meta property=\"og:description\" content=\"Profite de l&#039;effet charismatique du Musgo Real Black Edition Travel ! Id\u00e9al pour les voyages et les occasions sp\u00e9ciales, essaie-le!\" \/>\n<meta property=\"og:url\" content=\"https:\/\/manskin.ch\/fr\/produkt\/musgo-real-edt-black-edition-travel\/\" \/>\n<meta property=\"og:site_name\" content=\"Manskin.ch\" \/>\n<meta property=\"article:publisher\" content=\"https:\/\/www.facebook.com\/manskin.ch\" \/>\n<meta property=\"article:modified_time\" content=\"2025-08-29T09:02:18+00:00\" \/>\n<meta name=\"twitter:card\" content=\"summary_large_image\" \/>\n<meta name=\"twitter:label1\" content=\"Prix\" \/>\n\t<meta name=\"twitter:data1\" content=\"30.00&#067;&#072;&#070;\" \/>\n\t<meta name=\"twitter:label2\" content=\"Disponibilit\u00e9\" \/>\n\t<meta name=\"twitter:data2\" content=\"En stock\" \/>\n<script type=\"application\/ld+json\" class=\"yoast-schema-graph\">{\"@context\":\"https:\\\/\\\/schema.org\",\"@graph\":[{\"@type\":\"WebPage\",\"@id\":\"https:\\\/\\\/manskin.ch\\\/fr\\\/produkt\\\/musgo-real-edt-black-edition-travel\\\/\",\"url\":\"https:\\\/\\\/manskin.ch\\\/fr\\\/produkt\\\/musgo-real-edt-black-edition-travel\\\/\",\"name\":\"Musgo Real Black Edition Travel : un parfum s\u00e9duisant | Manskin.ch\",\"isPartOf\":{\"@id\":\"https:\\\/\\\/manskin.ch\\\/fr\\\/#website\"},\"primaryImageOfPage\":{\"@id\":\"https:\\\/\\\/manskin.ch\\\/fr\\\/produkt\\\/musgo-real-edt-black-edition-travel\\\/#primaryimage\"},\"image\":{\"@id\":\"https:\\\/\\\/manskin.ch\\\/fr\\\/produkt\\\/musgo-real-edt-black-edition-travel\\\/#primaryimage\"},\"thumbnailUrl\":\"https:\\\/\\\/manskin.ch\\\/wp-content\\\/uploads\\\/2025\\\/07\\\/Musgo-Real-Black-Edition-Travel-1.jpg\",\"datePublished\":\"2025-07-06T16:33:51+00:00\",\"dateModified\":\"2025-08-29T09:02:18+00:00\",\"description\":\"Profite de l'effet charismatique du Musgo Real Black Edition Travel ! Id\u00e9al pour les voyages et les occasions sp\u00e9ciales, essaie-le!\",\"breadcrumb\":{\"@id\":\"https:\\\/\\\/manskin.ch\\\/fr\\\/produkt\\\/musgo-real-edt-black-edition-travel\\\/#breadcrumb\"},\"inLanguage\":\"fr-FR\",\"potentialAction\":[{\"@type\":\"ReadAction\",\"target\":[\"https:\\\/\\\/manskin.ch\\\/fr\\\/produkt\\\/musgo-real-edt-black-edition-travel\\\/\"]}]},{\"@type\":\"ImageObject\",\"inLanguage\":\"fr-FR\",\"@id\":\"https:\\\/\\\/manskin.ch\\\/fr\\\/produkt\\\/musgo-real-edt-black-edition-travel\\\/#primaryimage\",\"url\":\"https:\\\/\\\/manskin.ch\\\/wp-content\\\/uploads\\\/2025\\\/07\\\/Musgo-Real-Black-Edition-Travel-1.jpg\",\"contentUrl\":\"https:\\\/\\\/manskin.ch\\\/wp-content\\\/uploads\\\/2025\\\/07\\\/Musgo-Real-Black-Edition-Travel-1.jpg\",\"width\":1000,\"height\":1000},{\"@type\":\"BreadcrumbList\",\"@id\":\"https:\\\/\\\/manskin.ch\\\/fr\\\/produkt\\\/musgo-real-edt-black-edition-travel\\\/#breadcrumb\",\"itemListElement\":[{\"@type\":\"ListItem\",\"position\":1,\"name\":\"Startseite\",\"item\":\"https:\\\/\\\/manskin.ch\\\/fr\\\/\"},{\"@type\":\"ListItem\",\"position\":2,\"name\":\"Boutique Soins pour Hommes &amp; Skincare\",\"item\":\"https:\\\/\\\/manskin.ch\\\/fr\\\/boutique\\\/\"},{\"@type\":\"ListItem\",\"position\":3,\"name\":\"Musgo Real &#8211; Eau de Toilette Black Edition Travel\"}]},{\"@type\":\"WebSite\",\"@id\":\"https:\\\/\\\/manskin.ch\\\/fr\\\/#website\",\"url\":\"https:\\\/\\\/manskin.ch\\\/fr\\\/\",\"name\":\"Manskin.ch\",\"description\":\"Tous les produits de beaut\u00e9 pour les hommes les plus exigeants\",\"publisher\":{\"@id\":\"https:\\\/\\\/manskin.ch\\\/fr\\\/#organization\"},\"potentialAction\":[{\"@type\":\"SearchAction\",\"target\":{\"@type\":\"EntryPoint\",\"urlTemplate\":\"https:\\\/\\\/manskin.ch\\\/fr\\\/?s={search_term_string}\"},\"query-input\":{\"@type\":\"PropertyValueSpecification\",\"valueRequired\":true,\"valueName\":\"search_term_string\"}}],\"inLanguage\":\"fr-FR\"},{\"@type\":\"Organization\",\"@id\":\"https:\\\/\\\/manskin.ch\\\/fr\\\/#organization\",\"name\":\"Manskin.ch - der Schweizer Onlineshop f\u00fcr qualit\u00e4tsstarke M\u00e4nnerpflege\",\"url\":\"https:\\\/\\\/manskin.ch\\\/fr\\\/\",\"logo\":{\"@type\":\"ImageObject\",\"inLanguage\":\"fr-FR\",\"@id\":\"https:\\\/\\\/manskin.ch\\\/fr\\\/#\\\/schema\\\/logo\\\/image\\\/\",\"url\":\"https:\\\/\\\/manskin.ch\\\/wp-content\\\/uploads\\\/2021\\\/04\\\/cropped-logo_head.png\",\"contentUrl\":\"https:\\\/\\\/manskin.ch\\\/wp-content\\\/uploads\\\/2021\\\/04\\\/cropped-logo_head.png\",\"width\":235,\"height\":75,\"caption\":\"Manskin.ch - der Schweizer Onlineshop f\u00fcr qualit\u00e4tsstarke M\u00e4nnerpflege\"},\"image\":{\"@id\":\"https:\\\/\\\/manskin.ch\\\/fr\\\/#\\\/schema\\\/logo\\\/image\\\/\"},\"sameAs\":[\"https:\\\/\\\/www.facebook.com\\\/manskin.ch\",\"https:\\\/\\\/www.instagram.com\\\/manskin.ch\\\/\"]}]}<\/script>\n<meta property=\"product:price:amount\" content=\"30.00\" \/>\n<meta property=\"product:price:currency\" content=\"CHF\" \/>\n<meta property=\"og:availability\" content=\"instock\" \/>\n<meta property=\"product:availability\" content=\"instock\" \/>\n<meta property=\"product:retailer_item_id\" content=\"14318\" \/>\n<meta property=\"product:condition\" content=\"new\" \/>\n<!-- \/ Yoast SEO Premium plugin. -->","yoast_head_json":{"title":"Musgo Real Black Edition Travel : un parfum s\u00e9duisant | Manskin.ch","description":"Profite de l'effet charismatique du Musgo Real Black Edition Travel ! Id\u00e9al pour les voyages et les occasions sp\u00e9ciales, essaie-le!","robots":{"index":"index","follow":"follow","max-snippet":"max-snippet:-1","max-image-preview":"max-image-preview:large","max-video-preview":"max-video-preview:-1"},"canonical":"https:\/\/manskin.ch\/fr\/produkt\/musgo-real-edt-black-edition-travel\/","og_locale":"fr_FR","og_type":"article","og_title":"Musgo Real - Eau de Toilette Black Edition Travel","og_description":"Profite de l'effet charismatique du Musgo Real Black Edition Travel ! Id\u00e9al pour les voyages et les occasions sp\u00e9ciales, essaie-le!","og_url":"https:\/\/manskin.ch\/fr\/produkt\/musgo-real-edt-black-edition-travel\/","og_site_name":"Manskin.ch","article_publisher":"https:\/\/www.facebook.com\/manskin.ch","article_modified_time":"2025-08-29T09:02:18+00:00","twitter_card":"summary_large_image","twitter_misc":{"Prix":"30.00&#67;&#72;&#70;","Disponibilit\u00e9":"En stock"},"schema":{"@context":"https:\/\/schema.org","@graph":[{"@type":"WebPage","@id":"https:\/\/manskin.ch\/fr\/produkt\/musgo-real-edt-black-edition-travel\/","url":"https:\/\/manskin.ch\/fr\/produkt\/musgo-real-edt-black-edition-travel\/","name":"Musgo Real Black Edition Travel : un parfum s\u00e9duisant | Manskin.ch","isPartOf":{"@id":"https:\/\/manskin.ch\/fr\/#website"},"primaryImageOfPage":{"@id":"https:\/\/manskin.ch\/fr\/produkt\/musgo-real-edt-black-edition-travel\/#primaryimage"},"image":{"@id":"https:\/\/manskin.ch\/fr\/produkt\/musgo-real-edt-black-edition-travel\/#primaryimage"},"thumbnailUrl":"https:\/\/manskin.ch\/wp-content\/uploads\/2025\/07\/Musgo-Real-Black-Edition-Travel-1.jpg","datePublished":"2025-07-06T16:33:51+00:00","dateModified":"2025-08-29T09:02:18+00:00","description":"Profite de l'effet charismatique du Musgo Real Black Edition Travel ! Id\u00e9al pour les voyages et les occasions sp\u00e9ciales, essaie-le!","breadcrumb":{"@id":"https:\/\/manskin.ch\/fr\/produkt\/musgo-real-edt-black-edition-travel\/#breadcrumb"},"inLanguage":"fr-FR","potentialAction":[{"@type":"ReadAction","target":["https:\/\/manskin.ch\/fr\/produkt\/musgo-real-edt-black-edition-travel\/"]}]},{"@type":"ImageObject","inLanguage":"fr-FR","@id":"https:\/\/manskin.ch\/fr\/produkt\/musgo-real-edt-black-edition-travel\/#primaryimage","url":"https:\/\/manskin.ch\/wp-content\/uploads\/2025\/07\/Musgo-Real-Black-Edition-Travel-1.jpg","contentUrl":"https:\/\/manskin.ch\/wp-content\/uploads\/2025\/07\/Musgo-Real-Black-Edition-Travel-1.jpg","width":1000,"height":1000},{"@type":"BreadcrumbList","@id":"https:\/\/manskin.ch\/fr\/produkt\/musgo-real-edt-black-edition-travel\/#breadcrumb","itemListElement":[{"@type":"ListItem","position":1,"name":"Startseite","item":"https:\/\/manskin.ch\/fr\/"},{"@type":"ListItem","position":2,"name":"Boutique Soins pour Hommes &amp; Skincare","item":"https:\/\/manskin.ch\/fr\/boutique\/"},{"@type":"ListItem","position":3,"name":"Musgo Real &#8211; Eau de Toilette Black Edition Travel"}]},{"@type":"WebSite","@id":"https:\/\/manskin.ch\/fr\/#website","url":"https:\/\/manskin.ch\/fr\/","name":"Manskin.ch","description":"Tous les produits de beaut\u00e9 pour les hommes les plus exigeants","publisher":{"@id":"https:\/\/manskin.ch\/fr\/#organization"},"potentialAction":[{"@type":"SearchAction","target":{"@type":"EntryPoint","urlTemplate":"https:\/\/manskin.ch\/fr\/?s={search_term_string}"},"query-input":{"@type":"PropertyValueSpecification","valueRequired":true,"valueName":"search_term_string"}}],"inLanguage":"fr-FR"},{"@type":"Organization","@id":"https:\/\/manskin.ch\/fr\/#organization","name":"Manskin.ch - der Schweizer Onlineshop f\u00fcr qualit\u00e4tsstarke M\u00e4nnerpflege","url":"https:\/\/manskin.ch\/fr\/","logo":{"@type":"ImageObject","inLanguage":"fr-FR","@id":"https:\/\/manskin.ch\/fr\/#\/schema\/logo\/image\/","url":"https:\/\/manskin.ch\/wp-content\/uploads\/2021\/04\/cropped-logo_head.png","contentUrl":"https:\/\/manskin.ch\/wp-content\/uploads\/2021\/04\/cropped-logo_head.png","width":235,"height":75,"caption":"Manskin.ch - der Schweizer Onlineshop f\u00fcr qualit\u00e4tsstarke M\u00e4nnerpflege"},"image":{"@id":"https:\/\/manskin.ch\/fr\/#\/schema\/logo\/image\/"},"sameAs":["https:\/\/www.facebook.com\/manskin.ch","https:\/\/www.instagram.com\/manskin.ch\/"]}]},"product_price_amount":"30.00","product_price_currency":"CHF","og_availability":"instock","product_availability":"instock","product_retailer_item_id":"14318","product_condition":"new"},"brands":[{"id":2770,"name":"Musgo Real","slug":"musgo-real"}],"_links":{"self":[{"href":"https:\/\/manskin.ch\/fr\/wp-json\/wp\/v2\/product\/501468","targetHints":{"allow":["GET"]}}],"collection":[{"href":"https:\/\/manskin.ch\/fr\/wp-json\/wp\/v2\/product"}],"about":[{"href":"https:\/\/manskin.ch\/fr\/wp-json\/wp\/v2\/types\/product"}],"replies":[{"embeddable":true,"href":"https:\/\/manskin.ch\/fr\/wp-json\/wp\/v2\/comments?post=501468"}],"wp:featuredmedia":[{"embeddable":true,"href":"https:\/\/manskin.ch\/fr\/wp-json\/wp\/v2\/media\/87261"}],"wp:attachment":[{"href":"https:\/\/manskin.ch\/fr\/wp-json\/wp\/v2\/media?parent=501468"}],"wp:term":[{"taxonomy":"pwb-brand","embeddable":true,"href":"https:\/\/manskin.ch\/fr\/wp-json\/wp\/v2\/pwb-brand?post=501468"},{"taxonomy":"product_brand","embeddable":true,"href":"https:\/\/manskin.ch\/fr\/wp-json\/wp\/v2\/product_brand?post=501468"},{"taxonomy":"product_cat","embeddable":true,"href":"https:\/\/manskin.ch\/fr\/wp-json\/wp\/v2\/product_cat?post=501468"},{"taxonomy":"product_tag","embeddable":true,"href":"https:\/\/manskin.ch\/fr\/wp-json\/wp\/v2\/product_tag?post=501468"}],"curies":[{"name":"wp","href":"https:\/\/api.w.org\/{rel}","templated":true}]}}