{"id":501430,"date":"2025-07-06T18:23:16","date_gmt":"2025-07-06T16:23:16","guid":{"rendered":"https:\/\/manskin.ch\/produkt\/musgo-real-edt-puro-sangue-travel-2\/"},"modified":"2025-08-29T11:03:54","modified_gmt":"2025-08-29T09:03:54","slug":"musgo-real-edt-puro-sangue-travel-2","status":"publish","type":"product","link":"https:\/\/manskin.ch\/fr\/produkt\/musgo-real-edt-puro-sangue-travel-2\/","title":{"rendered":"Musgo Real &#8211; Eau de Toilette Puro Sangue Travel"},"content":{"rendered":"<h2>Musgo Real &#8211; Eau de Toilette Puro Sangue Travel<\/h2>\n<p>Puissante et charismatique, cette Eau de Toilette rappelle la beaut\u00e9 sauvage de la nature et son essence sauvage et terreuse. Musgo Real Puro Sangue, d\u00e9sormais disponible dans un flacon en verre de 10 ml facile \u00e0 transporter, parfait pour les d\u00e9placements.<\/p>\n<ul>\n<li>Chaleureuse et captivante, l&rsquo;Eau de toilette Musgo Real Puro Sangue incarne le magn\u00e9tisme et la force noble du cheval lusitanien de pure race &#8211; Puro Sangue Lusitano en portugais.<\/li>\n<li>Ce cheval, consid\u00e9r\u00e9 par beaucoup comme l&rsquo;un des plus beaux du monde, a servi d&rsquo;inspiration pour la cr\u00e9ation d&rsquo;un parfum qui r\u00e9chauffe l&rsquo;\u00e2me tout en \u00e9tant audacieux, avec ses notes contrast\u00e9es comme la violette et le cuir.<\/li>\n<li>La fragrance s&rsquo;ouvre sur la fra\u00eecheur p\u00e9tillante des agrumes &#8211; bergamote, mandarine et citron &#8211; et la douceur du cassis.<\/li>\n<li>La note de c\u0153ur associe un bouquet de violettes et de muguet \u00e0 une pinc\u00e9e de noix de muscade.<\/li>\n<li>La note de fond associe la mousse de ch\u00eane et les bois secs \u00e0 la douceur de la vanille et de la f\u00e8ve tonka.<\/li>\n<li>Notes de t\u00eate : bergamote, cassis, mandarine, citron.<\/li>\n<li>Notes de c\u0153ur : muguet, noix de muscade, violette.<\/li>\n<li>Notes de base : bois secs, mousse de ch\u00eane, vanille et f\u00e8ve tonka.Contenu 10 ml.<\/li>\n<\/ul>\n","protected":false},"excerpt":{"rendered":"<p>Musgo Real &#8211; Eau de Toilette Puro Sangue Travel Puissante et charismatique, cette Eau de Toilette rappelle la beaut\u00e9 sauvage de la nature et son essence sauvage et terreuse. Musgo Real Puro Sangue, d\u00e9sormais disponible dans un flacon en verre de 10 ml facile \u00e0 transporter, parfait pour les d\u00e9placements. Chaleureuse et captivante, l&rsquo;Eau de &#8230; <a title=\"Musgo Real &#8211; Eau de Toilette Puro Sangue Travel\" class=\"read-more\" href=\"https:\/\/manskin.ch\/fr\/produkt\/musgo-real-edt-puro-sangue-travel-2\/\" aria-label=\"En savoir plus sur Musgo Real &#8211; Eau de Toilette Puro Sangue Travel\">Lire la suite<\/a><\/p>\n","protected":false},"featured_media":87276,"comment_status":"closed","ping_status":"closed","template":"","meta":{"_acf_changed":false},"pwb-brand":[2770],"product_brand":[],"product_cat":[2358,2382,2800,2911],"product_tag":[],"class_list":{"0":"post-501430","1":"product","2":"type-product","3":"status-publish","4":"has-post-thumbnail","6":"pwb-brand-musgo-real","7":"product_cat-edt-deo","8":"product_cat-musgo-real-fr","9":"product_cat-parfum","10":"product_cat-travel-sport","11":"sales-flash-overlay","12":"woocommerce-text-align-center","13":"woocommerce-image-align-center","14":"do-quantity-buttons","16":"first","17":"instock","18":"taxable","19":"shipping-taxable","20":"purchasable","21":"product-type-simple"},"acf":[],"yoast_head":"<!-- This site is optimized with the Yoast SEO Premium plugin v27.3 (Yoast SEO v27.3) - https:\/\/yoast.com\/product\/yoast-seo-premium-wordpress\/ -->\n<title>Musgo Real Puro Sangue Travel : un parfum charismatique pour vos voyages| Manskin.ch<\/title>\n<meta name=\"description\" content=\"D\u00e9couvre la puissance raffin\u00e9e du parfum Musgo Real Puro Sangue Travel. Cette eau de toilette est le compagnon de voyage id\u00e9al pour les amateurs de parfums!\" \/>\n<meta name=\"robots\" content=\"index, follow, max-snippet:-1, max-image-preview:large, max-video-preview:-1\" \/>\n<link rel=\"canonical\" href=\"https:\/\/manskin.ch\/fr\/produkt\/musgo-real-edt-puro-sangue-travel-2\/\" \/>\n<meta property=\"og:locale\" content=\"fr_FR\" \/>\n<meta property=\"og:type\" content=\"article\" \/>\n<meta property=\"og:title\" content=\"Musgo Real - Eau de Toilette Puro Sangue Travel\" \/>\n<meta property=\"og:description\" content=\"D\u00e9couvre la puissance raffin\u00e9e du parfum Musgo Real Puro Sangue Travel. Cette eau de toilette est le compagnon de voyage id\u00e9al pour les amateurs de parfums!\" \/>\n<meta property=\"og:url\" content=\"https:\/\/manskin.ch\/fr\/produkt\/musgo-real-edt-puro-sangue-travel-2\/\" \/>\n<meta property=\"og:site_name\" content=\"Manskin.ch\" \/>\n<meta property=\"article:publisher\" content=\"https:\/\/www.facebook.com\/manskin.ch\" \/>\n<meta property=\"article:modified_time\" content=\"2025-08-29T09:03:54+00:00\" \/>\n<meta property=\"og:image\" content=\"https:\/\/manskin.ch\/wp-content\/uploads\/2025\/07\/Musgo-Real-Puro-Sangue-Travel.jpg\" \/>\n\t<meta property=\"og:image:width\" content=\"1000\" \/>\n\t<meta property=\"og:image:height\" content=\"1000\" \/>\n\t<meta property=\"og:image:type\" content=\"image\/jpeg\" \/>\n<meta name=\"twitter:card\" content=\"summary_large_image\" \/>\n<meta name=\"twitter:label1\" content=\"Prix\" \/>\n\t<meta name=\"twitter:data1\" content=\"30.00&#067;&#072;&#070;\" \/>\n\t<meta name=\"twitter:label2\" content=\"Disponibilit\u00e9\" \/>\n\t<meta name=\"twitter:data2\" content=\"En stock\" \/>\n<script type=\"application\/ld+json\" class=\"yoast-schema-graph\">{\"@context\":\"https:\\\/\\\/schema.org\",\"@graph\":[{\"@type\":\"WebPage\",\"@id\":\"https:\\\/\\\/manskin.ch\\\/fr\\\/produkt\\\/musgo-real-edt-puro-sangue-travel-2\\\/\",\"url\":\"https:\\\/\\\/manskin.ch\\\/fr\\\/produkt\\\/musgo-real-edt-puro-sangue-travel-2\\\/\",\"name\":\"Musgo Real Puro Sangue Travel : un parfum charismatique pour vos voyages| Manskin.ch\",\"isPartOf\":{\"@id\":\"https:\\\/\\\/manskin.ch\\\/fr\\\/#website\"},\"primaryImageOfPage\":{\"@id\":\"https:\\\/\\\/manskin.ch\\\/fr\\\/produkt\\\/musgo-real-edt-puro-sangue-travel-2\\\/#primaryimage\"},\"image\":{\"@id\":\"https:\\\/\\\/manskin.ch\\\/fr\\\/produkt\\\/musgo-real-edt-puro-sangue-travel-2\\\/#primaryimage\"},\"thumbnailUrl\":\"https:\\\/\\\/manskin.ch\\\/wp-content\\\/uploads\\\/2025\\\/07\\\/Musgo-Real-Puro-Sangue-Travel.jpg\",\"datePublished\":\"2025-07-06T16:23:16+00:00\",\"dateModified\":\"2025-08-29T09:03:54+00:00\",\"description\":\"D\u00e9couvre la puissance raffin\u00e9e du parfum Musgo Real Puro Sangue Travel. Cette eau de toilette est le compagnon de voyage id\u00e9al pour les amateurs de parfums!\",\"breadcrumb\":{\"@id\":\"https:\\\/\\\/manskin.ch\\\/fr\\\/produkt\\\/musgo-real-edt-puro-sangue-travel-2\\\/#breadcrumb\"},\"inLanguage\":\"fr-FR\",\"potentialAction\":[{\"@type\":\"ReadAction\",\"target\":[\"https:\\\/\\\/manskin.ch\\\/fr\\\/produkt\\\/musgo-real-edt-puro-sangue-travel-2\\\/\"]}]},{\"@type\":\"ImageObject\",\"inLanguage\":\"fr-FR\",\"@id\":\"https:\\\/\\\/manskin.ch\\\/fr\\\/produkt\\\/musgo-real-edt-puro-sangue-travel-2\\\/#primaryimage\",\"url\":\"https:\\\/\\\/manskin.ch\\\/wp-content\\\/uploads\\\/2025\\\/07\\\/Musgo-Real-Puro-Sangue-Travel.jpg\",\"contentUrl\":\"https:\\\/\\\/manskin.ch\\\/wp-content\\\/uploads\\\/2025\\\/07\\\/Musgo-Real-Puro-Sangue-Travel.jpg\",\"width\":1000,\"height\":1000},{\"@type\":\"BreadcrumbList\",\"@id\":\"https:\\\/\\\/manskin.ch\\\/fr\\\/produkt\\\/musgo-real-edt-puro-sangue-travel-2\\\/#breadcrumb\",\"itemListElement\":[{\"@type\":\"ListItem\",\"position\":1,\"name\":\"Startseite\",\"item\":\"https:\\\/\\\/manskin.ch\\\/fr\\\/\"},{\"@type\":\"ListItem\",\"position\":2,\"name\":\"Boutique Soins pour Hommes &amp; Skincare\",\"item\":\"https:\\\/\\\/manskin.ch\\\/fr\\\/boutique\\\/\"},{\"@type\":\"ListItem\",\"position\":3,\"name\":\"Musgo Real &#8211; Eau de Toilette Puro Sangue Travel\"}]},{\"@type\":\"WebSite\",\"@id\":\"https:\\\/\\\/manskin.ch\\\/fr\\\/#website\",\"url\":\"https:\\\/\\\/manskin.ch\\\/fr\\\/\",\"name\":\"Manskin.ch\",\"description\":\"Tous les produits de beaut\u00e9 pour les hommes les plus exigeants\",\"publisher\":{\"@id\":\"https:\\\/\\\/manskin.ch\\\/fr\\\/#organization\"},\"potentialAction\":[{\"@type\":\"SearchAction\",\"target\":{\"@type\":\"EntryPoint\",\"urlTemplate\":\"https:\\\/\\\/manskin.ch\\\/fr\\\/?s={search_term_string}\"},\"query-input\":{\"@type\":\"PropertyValueSpecification\",\"valueRequired\":true,\"valueName\":\"search_term_string\"}}],\"inLanguage\":\"fr-FR\"},{\"@type\":\"Organization\",\"@id\":\"https:\\\/\\\/manskin.ch\\\/fr\\\/#organization\",\"name\":\"Manskin.ch - der Schweizer Onlineshop f\u00fcr qualit\u00e4tsstarke M\u00e4nnerpflege\",\"url\":\"https:\\\/\\\/manskin.ch\\\/fr\\\/\",\"logo\":{\"@type\":\"ImageObject\",\"inLanguage\":\"fr-FR\",\"@id\":\"https:\\\/\\\/manskin.ch\\\/fr\\\/#\\\/schema\\\/logo\\\/image\\\/\",\"url\":\"https:\\\/\\\/manskin.ch\\\/wp-content\\\/uploads\\\/2021\\\/04\\\/cropped-logo_head.png\",\"contentUrl\":\"https:\\\/\\\/manskin.ch\\\/wp-content\\\/uploads\\\/2021\\\/04\\\/cropped-logo_head.png\",\"width\":235,\"height\":75,\"caption\":\"Manskin.ch - der Schweizer Onlineshop f\u00fcr qualit\u00e4tsstarke M\u00e4nnerpflege\"},\"image\":{\"@id\":\"https:\\\/\\\/manskin.ch\\\/fr\\\/#\\\/schema\\\/logo\\\/image\\\/\"},\"sameAs\":[\"https:\\\/\\\/www.facebook.com\\\/manskin.ch\",\"https:\\\/\\\/www.instagram.com\\\/manskin.ch\\\/\"]}]}<\/script>\n<meta property=\"product:price:amount\" content=\"30.00\" \/>\n<meta property=\"product:price:currency\" content=\"CHF\" \/>\n<meta property=\"og:availability\" content=\"instock\" \/>\n<meta property=\"product:availability\" content=\"instock\" \/>\n<meta property=\"product:retailer_item_id\" content=\"14316\" \/>\n<meta property=\"product:condition\" content=\"new\" \/>\n<!-- \/ Yoast SEO Premium plugin. -->","yoast_head_json":{"title":"Musgo Real Puro Sangue Travel : un parfum charismatique pour vos voyages| Manskin.ch","description":"D\u00e9couvre la puissance raffin\u00e9e du parfum Musgo Real Puro Sangue Travel. Cette eau de toilette est le compagnon de voyage id\u00e9al pour les amateurs de parfums!","robots":{"index":"index","follow":"follow","max-snippet":"max-snippet:-1","max-image-preview":"max-image-preview:large","max-video-preview":"max-video-preview:-1"},"canonical":"https:\/\/manskin.ch\/fr\/produkt\/musgo-real-edt-puro-sangue-travel-2\/","og_locale":"fr_FR","og_type":"article","og_title":"Musgo Real - Eau de Toilette Puro Sangue Travel","og_description":"D\u00e9couvre la puissance raffin\u00e9e du parfum Musgo Real Puro Sangue Travel. Cette eau de toilette est le compagnon de voyage id\u00e9al pour les amateurs de parfums!","og_url":"https:\/\/manskin.ch\/fr\/produkt\/musgo-real-edt-puro-sangue-travel-2\/","og_site_name":"Manskin.ch","article_publisher":"https:\/\/www.facebook.com\/manskin.ch","article_modified_time":"2025-08-29T09:03:54+00:00","og_image":[{"width":1000,"height":1000,"url":"https:\/\/manskin.ch\/wp-content\/uploads\/2025\/07\/Musgo-Real-Puro-Sangue-Travel.jpg","type":"image\/jpeg"}],"twitter_card":"summary_large_image","twitter_misc":{"Prix":"30.00&#67;&#72;&#70;","Disponibilit\u00e9":"En stock"},"schema":{"@context":"https:\/\/schema.org","@graph":[{"@type":"WebPage","@id":"https:\/\/manskin.ch\/fr\/produkt\/musgo-real-edt-puro-sangue-travel-2\/","url":"https:\/\/manskin.ch\/fr\/produkt\/musgo-real-edt-puro-sangue-travel-2\/","name":"Musgo Real Puro Sangue Travel : un parfum charismatique pour vos voyages| Manskin.ch","isPartOf":{"@id":"https:\/\/manskin.ch\/fr\/#website"},"primaryImageOfPage":{"@id":"https:\/\/manskin.ch\/fr\/produkt\/musgo-real-edt-puro-sangue-travel-2\/#primaryimage"},"image":{"@id":"https:\/\/manskin.ch\/fr\/produkt\/musgo-real-edt-puro-sangue-travel-2\/#primaryimage"},"thumbnailUrl":"https:\/\/manskin.ch\/wp-content\/uploads\/2025\/07\/Musgo-Real-Puro-Sangue-Travel.jpg","datePublished":"2025-07-06T16:23:16+00:00","dateModified":"2025-08-29T09:03:54+00:00","description":"D\u00e9couvre la puissance raffin\u00e9e du parfum Musgo Real Puro Sangue Travel. Cette eau de toilette est le compagnon de voyage id\u00e9al pour les amateurs de parfums!","breadcrumb":{"@id":"https:\/\/manskin.ch\/fr\/produkt\/musgo-real-edt-puro-sangue-travel-2\/#breadcrumb"},"inLanguage":"fr-FR","potentialAction":[{"@type":"ReadAction","target":["https:\/\/manskin.ch\/fr\/produkt\/musgo-real-edt-puro-sangue-travel-2\/"]}]},{"@type":"ImageObject","inLanguage":"fr-FR","@id":"https:\/\/manskin.ch\/fr\/produkt\/musgo-real-edt-puro-sangue-travel-2\/#primaryimage","url":"https:\/\/manskin.ch\/wp-content\/uploads\/2025\/07\/Musgo-Real-Puro-Sangue-Travel.jpg","contentUrl":"https:\/\/manskin.ch\/wp-content\/uploads\/2025\/07\/Musgo-Real-Puro-Sangue-Travel.jpg","width":1000,"height":1000},{"@type":"BreadcrumbList","@id":"https:\/\/manskin.ch\/fr\/produkt\/musgo-real-edt-puro-sangue-travel-2\/#breadcrumb","itemListElement":[{"@type":"ListItem","position":1,"name":"Startseite","item":"https:\/\/manskin.ch\/fr\/"},{"@type":"ListItem","position":2,"name":"Boutique Soins pour Hommes &amp; Skincare","item":"https:\/\/manskin.ch\/fr\/boutique\/"},{"@type":"ListItem","position":3,"name":"Musgo Real &#8211; Eau de Toilette Puro Sangue Travel"}]},{"@type":"WebSite","@id":"https:\/\/manskin.ch\/fr\/#website","url":"https:\/\/manskin.ch\/fr\/","name":"Manskin.ch","description":"Tous les produits de beaut\u00e9 pour les hommes les plus exigeants","publisher":{"@id":"https:\/\/manskin.ch\/fr\/#organization"},"potentialAction":[{"@type":"SearchAction","target":{"@type":"EntryPoint","urlTemplate":"https:\/\/manskin.ch\/fr\/?s={search_term_string}"},"query-input":{"@type":"PropertyValueSpecification","valueRequired":true,"valueName":"search_term_string"}}],"inLanguage":"fr-FR"},{"@type":"Organization","@id":"https:\/\/manskin.ch\/fr\/#organization","name":"Manskin.ch - der Schweizer Onlineshop f\u00fcr qualit\u00e4tsstarke M\u00e4nnerpflege","url":"https:\/\/manskin.ch\/fr\/","logo":{"@type":"ImageObject","inLanguage":"fr-FR","@id":"https:\/\/manskin.ch\/fr\/#\/schema\/logo\/image\/","url":"https:\/\/manskin.ch\/wp-content\/uploads\/2021\/04\/cropped-logo_head.png","contentUrl":"https:\/\/manskin.ch\/wp-content\/uploads\/2021\/04\/cropped-logo_head.png","width":235,"height":75,"caption":"Manskin.ch - der Schweizer Onlineshop f\u00fcr qualit\u00e4tsstarke M\u00e4nnerpflege"},"image":{"@id":"https:\/\/manskin.ch\/fr\/#\/schema\/logo\/image\/"},"sameAs":["https:\/\/www.facebook.com\/manskin.ch","https:\/\/www.instagram.com\/manskin.ch\/"]}]},"product_price_amount":"30.00","product_price_currency":"CHF","og_availability":"instock","product_availability":"instock","product_retailer_item_id":"14316","product_condition":"new"},"brands":[{"id":2770,"name":"Musgo Real","slug":"musgo-real"}],"_links":{"self":[{"href":"https:\/\/manskin.ch\/fr\/wp-json\/wp\/v2\/product\/501430","targetHints":{"allow":["GET"]}}],"collection":[{"href":"https:\/\/manskin.ch\/fr\/wp-json\/wp\/v2\/product"}],"about":[{"href":"https:\/\/manskin.ch\/fr\/wp-json\/wp\/v2\/types\/product"}],"replies":[{"embeddable":true,"href":"https:\/\/manskin.ch\/fr\/wp-json\/wp\/v2\/comments?post=501430"}],"wp:featuredmedia":[{"embeddable":true,"href":"https:\/\/manskin.ch\/fr\/wp-json\/wp\/v2\/media\/87276"}],"wp:attachment":[{"href":"https:\/\/manskin.ch\/fr\/wp-json\/wp\/v2\/media?parent=501430"}],"wp:term":[{"taxonomy":"pwb-brand","embeddable":true,"href":"https:\/\/manskin.ch\/fr\/wp-json\/wp\/v2\/pwb-brand?post=501430"},{"taxonomy":"product_brand","embeddable":true,"href":"https:\/\/manskin.ch\/fr\/wp-json\/wp\/v2\/product_brand?post=501430"},{"taxonomy":"product_cat","embeddable":true,"href":"https:\/\/manskin.ch\/fr\/wp-json\/wp\/v2\/product_cat?post=501430"},{"taxonomy":"product_tag","embeddable":true,"href":"https:\/\/manskin.ch\/fr\/wp-json\/wp\/v2\/product_tag?post=501430"}],"curies":[{"name":"wp","href":"https:\/\/api.w.org\/{rel}","templated":true}]}}