{"id":501425,"date":"2025-06-28T17:15:16","date_gmt":"2025-06-28T15:15:16","guid":{"rendered":"https:\/\/manskin.ch\/produkt\/salt-stone-trio-santal-vetiver\/"},"modified":"2025-08-27T08:15:54","modified_gmt":"2025-08-27T06:15:54","slug":"salt-stone-trio-santal-vetiver","status":"publish","type":"product","link":"https:\/\/manskin.ch\/fr\/produkt\/salt-stone-trio-santal-vetiver\/","title":{"rendered":"Salt &amp; Stone &#8211; Trio Santal &amp; Vetiver"},"content":{"rendered":"<h2>Salt &amp; Stone &#8211; Trio Santal &amp; Vetiver<\/h2>\n<p>Offre-toi ou offre \u00e0 tos proches une exp\u00e9rience de soin exclusive avec le trio Salt &amp; Stone. Ce\u00a0set soigneusement compos\u00e9 r\u00e9unit trois produits essentiels pour votre routine quotidienne, au parfum\u00a0apaisant de Santal &amp; Vetiver\u00a0:<\/p>\n<ul>\n<li><strong>Gel douche Santal &amp; Vetiver <\/strong>(450 ml) \u2013 Nettoie en douceur, hydrate et rafra\u00eechit naturellement.<\/li>\n<li><strong>D\u00e9odorant naturel Santal &amp; Vetiver<\/strong> (75 g) \u2013 Sans aluminium, efficace et doux pour la peau \u2013 pour toute la journ\u00e9e.<\/li>\n<li><strong>Cr\u00e8me pour les mains\u00a0Santal &amp; Vetiver\u00a0<\/strong>(60 ml) \u2013 Nourrit les mains s\u00e8ches avec un soin intense et un parfum agr\u00e9able et discret.<\/li>\n<\/ul>\n<p>100 % naturel<br \/>\nSans parfums synth\u00e9tiques<br \/>\nVegan et cruelty-free<\/p>\n<p>Pour les amateurs de soins soucieux de leur style \u2013 minimaliste, haut de gamme et efficace.<\/p>\n<p><span style=\"font-family: AppleSystemUIFont;\"><span style=\"font-size: large;\"><span style=\"font-family: AppleSystemUIFont;\"><span style=\"font-size: large;\">Profite du prix avantageux de ce set!<\/span><\/span><\/span><\/span><\/p>\n","protected":false},"excerpt":{"rendered":"<p>Body Wash, D\u00e9odrant, Cr\u00e8me pour les mains<\/p>\n","protected":false},"featured_media":86959,"comment_status":"closed","ping_status":"closed","template":"","meta":{"_acf_changed":false},"pwb-brand":[2780],"product_brand":[],"product_cat":[2358,2360,2357],"product_tag":[],"class_list":{"0":"post-501425","1":"product","2":"type-product","3":"status-publish","4":"has-post-thumbnail","6":"pwb-brand-salt-stone","7":"product_cat-edt-deo","8":"product_cat-soins-des-mains","9":"product_cat-nettoyant-corps","10":"sales-flash-overlay","11":"woocommerce-text-align-center","12":"woocommerce-image-align-center","13":"do-quantity-buttons","15":"first","16":"instock","17":"sale","18":"taxable","19":"shipping-taxable","20":"purchasable","21":"product-type-simple"},"acf":[],"yoast_head":"<!-- This site is optimized with the Yoast SEO Premium plugin v27.3 (Yoast SEO v27.3) - https:\/\/yoast.com\/product\/yoast-seo-premium-wordpress\/ -->\n<title>Salt &amp; Stone : trio de soins exclusif Saffron &amp; Cedar | Manskin.ch<\/title>\n<meta name=\"description\" content=\"D\u00e9couvre le trio exclusif Salt &amp; Stone pour une exp\u00e9rience de soin unique! Ce set comprend un gel douche, un d\u00e9o et une cr\u00e8me pour les mains \u00e0 un prix imbattable!\" \/>\n<meta name=\"robots\" content=\"index, follow, max-snippet:-1, max-image-preview:large, max-video-preview:-1\" \/>\n<link rel=\"canonical\" href=\"https:\/\/manskin.ch\/fr\/produkt\/salt-stone-trio-santal-vetiver\/\" \/>\n<meta property=\"og:locale\" content=\"fr_FR\" \/>\n<meta property=\"og:type\" content=\"article\" \/>\n<meta property=\"og:title\" content=\"Salt &amp; Stone - Trio Santal &amp; Vetiver\" \/>\n<meta property=\"og:description\" content=\"D\u00e9couvre le trio exclusif Salt &amp; Stone pour une exp\u00e9rience de soin unique! Ce set comprend un gel douche, un d\u00e9o et une cr\u00e8me pour les mains \u00e0 un prix imbattable!\" \/>\n<meta property=\"og:url\" content=\"https:\/\/manskin.ch\/fr\/produkt\/salt-stone-trio-santal-vetiver\/\" \/>\n<meta property=\"og:site_name\" content=\"Manskin.ch\" \/>\n<meta property=\"article:publisher\" content=\"https:\/\/www.facebook.com\/manskin.ch\" \/>\n<meta property=\"article:modified_time\" content=\"2025-08-27T06:15:54+00:00\" \/>\n<meta property=\"og:image\" content=\"https:\/\/manskin.ch\/wp-content\/uploads\/2025\/06\/Salt-Stone-Trio-Santal-High-Quality.webp\" \/>\n\t<meta property=\"og:image:width\" content=\"1000\" \/>\n\t<meta property=\"og:image:height\" content=\"1000\" \/>\n\t<meta property=\"og:image:type\" content=\"image\/webp\" \/>\n<meta name=\"twitter:card\" content=\"summary_large_image\" \/>\n<meta name=\"twitter:label1\" content=\"Prix\" \/>\n\t<meta name=\"twitter:data1\" content=\"85.00&#067;&#072;&#070;\" \/>\n\t<meta name=\"twitter:label2\" content=\"Disponibilit\u00e9\" \/>\n\t<meta name=\"twitter:data2\" content=\"En stock\" \/>\n<script type=\"application\/ld+json\" class=\"yoast-schema-graph\">{\"@context\":\"https:\\\/\\\/schema.org\",\"@graph\":[{\"@type\":\"WebPage\",\"@id\":\"https:\\\/\\\/manskin.ch\\\/fr\\\/produkt\\\/salt-stone-trio-santal-vetiver\\\/\",\"url\":\"https:\\\/\\\/manskin.ch\\\/fr\\\/produkt\\\/salt-stone-trio-santal-vetiver\\\/\",\"name\":\"Salt & Stone : trio de soins exclusif Saffron & Cedar | Manskin.ch\",\"isPartOf\":{\"@id\":\"https:\\\/\\\/manskin.ch\\\/fr\\\/#website\"},\"primaryImageOfPage\":{\"@id\":\"https:\\\/\\\/manskin.ch\\\/fr\\\/produkt\\\/salt-stone-trio-santal-vetiver\\\/#primaryimage\"},\"image\":{\"@id\":\"https:\\\/\\\/manskin.ch\\\/fr\\\/produkt\\\/salt-stone-trio-santal-vetiver\\\/#primaryimage\"},\"thumbnailUrl\":\"https:\\\/\\\/manskin.ch\\\/wp-content\\\/uploads\\\/2025\\\/06\\\/Salt-Stone-Trio-Santal-High-Quality.webp\",\"datePublished\":\"2025-06-28T15:15:16+00:00\",\"dateModified\":\"2025-08-27T06:15:54+00:00\",\"description\":\"D\u00e9couvre le trio exclusif Salt & Stone pour une exp\u00e9rience de soin unique! Ce set comprend un gel douche, un d\u00e9o et une cr\u00e8me pour les mains \u00e0 un prix imbattable!\",\"breadcrumb\":{\"@id\":\"https:\\\/\\\/manskin.ch\\\/fr\\\/produkt\\\/salt-stone-trio-santal-vetiver\\\/#breadcrumb\"},\"inLanguage\":\"fr-FR\",\"potentialAction\":[{\"@type\":\"ReadAction\",\"target\":[\"https:\\\/\\\/manskin.ch\\\/fr\\\/produkt\\\/salt-stone-trio-santal-vetiver\\\/\"]}]},{\"@type\":\"ImageObject\",\"inLanguage\":\"fr-FR\",\"@id\":\"https:\\\/\\\/manskin.ch\\\/fr\\\/produkt\\\/salt-stone-trio-santal-vetiver\\\/#primaryimage\",\"url\":\"https:\\\/\\\/manskin.ch\\\/wp-content\\\/uploads\\\/2025\\\/06\\\/Salt-Stone-Trio-Santal-High-Quality.webp\",\"contentUrl\":\"https:\\\/\\\/manskin.ch\\\/wp-content\\\/uploads\\\/2025\\\/06\\\/Salt-Stone-Trio-Santal-High-Quality.webp\",\"width\":1000,\"height\":1000},{\"@type\":\"BreadcrumbList\",\"@id\":\"https:\\\/\\\/manskin.ch\\\/fr\\\/produkt\\\/salt-stone-trio-santal-vetiver\\\/#breadcrumb\",\"itemListElement\":[{\"@type\":\"ListItem\",\"position\":1,\"name\":\"Startseite\",\"item\":\"https:\\\/\\\/manskin.ch\\\/fr\\\/\"},{\"@type\":\"ListItem\",\"position\":2,\"name\":\"Boutique Soins pour Hommes &amp; Skincare\",\"item\":\"https:\\\/\\\/manskin.ch\\\/fr\\\/boutique\\\/\"},{\"@type\":\"ListItem\",\"position\":3,\"name\":\"Salt &amp; Stone &#8211; Trio Santal &amp; Vetiver\"}]},{\"@type\":\"WebSite\",\"@id\":\"https:\\\/\\\/manskin.ch\\\/fr\\\/#website\",\"url\":\"https:\\\/\\\/manskin.ch\\\/fr\\\/\",\"name\":\"Manskin.ch\",\"description\":\"Tous les produits de beaut\u00e9 pour les hommes les plus exigeants\",\"publisher\":{\"@id\":\"https:\\\/\\\/manskin.ch\\\/fr\\\/#organization\"},\"potentialAction\":[{\"@type\":\"SearchAction\",\"target\":{\"@type\":\"EntryPoint\",\"urlTemplate\":\"https:\\\/\\\/manskin.ch\\\/fr\\\/?s={search_term_string}\"},\"query-input\":{\"@type\":\"PropertyValueSpecification\",\"valueRequired\":true,\"valueName\":\"search_term_string\"}}],\"inLanguage\":\"fr-FR\"},{\"@type\":\"Organization\",\"@id\":\"https:\\\/\\\/manskin.ch\\\/fr\\\/#organization\",\"name\":\"Manskin.ch - der Schweizer Onlineshop f\u00fcr qualit\u00e4tsstarke M\u00e4nnerpflege\",\"url\":\"https:\\\/\\\/manskin.ch\\\/fr\\\/\",\"logo\":{\"@type\":\"ImageObject\",\"inLanguage\":\"fr-FR\",\"@id\":\"https:\\\/\\\/manskin.ch\\\/fr\\\/#\\\/schema\\\/logo\\\/image\\\/\",\"url\":\"https:\\\/\\\/manskin.ch\\\/wp-content\\\/uploads\\\/2021\\\/04\\\/cropped-logo_head.png\",\"contentUrl\":\"https:\\\/\\\/manskin.ch\\\/wp-content\\\/uploads\\\/2021\\\/04\\\/cropped-logo_head.png\",\"width\":235,\"height\":75,\"caption\":\"Manskin.ch - der Schweizer Onlineshop f\u00fcr qualit\u00e4tsstarke M\u00e4nnerpflege\"},\"image\":{\"@id\":\"https:\\\/\\\/manskin.ch\\\/fr\\\/#\\\/schema\\\/logo\\\/image\\\/\"},\"sameAs\":[\"https:\\\/\\\/www.facebook.com\\\/manskin.ch\",\"https:\\\/\\\/www.instagram.com\\\/manskin.ch\\\/\"]}]}<\/script>\n<meta property=\"product:price:amount\" content=\"85.00\" \/>\n<meta property=\"product:price:currency\" content=\"CHF\" \/>\n<meta property=\"og:availability\" content=\"instock\" \/>\n<meta property=\"product:availability\" content=\"instock\" \/>\n<meta property=\"product:retailer_item_id\" content=\"14313\" \/>\n<meta property=\"product:condition\" content=\"new\" \/>\n<!-- \/ Yoast SEO Premium plugin. -->","yoast_head_json":{"title":"Salt & Stone : trio de soins exclusif Saffron & Cedar | Manskin.ch","description":"D\u00e9couvre le trio exclusif Salt & Stone pour une exp\u00e9rience de soin unique! Ce set comprend un gel douche, un d\u00e9o et une cr\u00e8me pour les mains \u00e0 un prix imbattable!","robots":{"index":"index","follow":"follow","max-snippet":"max-snippet:-1","max-image-preview":"max-image-preview:large","max-video-preview":"max-video-preview:-1"},"canonical":"https:\/\/manskin.ch\/fr\/produkt\/salt-stone-trio-santal-vetiver\/","og_locale":"fr_FR","og_type":"article","og_title":"Salt &amp; Stone - Trio Santal &amp; Vetiver","og_description":"D\u00e9couvre le trio exclusif Salt & Stone pour une exp\u00e9rience de soin unique! Ce set comprend un gel douche, un d\u00e9o et une cr\u00e8me pour les mains \u00e0 un prix imbattable!","og_url":"https:\/\/manskin.ch\/fr\/produkt\/salt-stone-trio-santal-vetiver\/","og_site_name":"Manskin.ch","article_publisher":"https:\/\/www.facebook.com\/manskin.ch","article_modified_time":"2025-08-27T06:15:54+00:00","og_image":[{"width":1000,"height":1000,"url":"https:\/\/manskin.ch\/wp-content\/uploads\/2025\/06\/Salt-Stone-Trio-Santal-High-Quality.webp","type":"image\/webp"}],"twitter_card":"summary_large_image","twitter_misc":{"Prix":"85.00&#67;&#72;&#70;","Disponibilit\u00e9":"En stock"},"schema":{"@context":"https:\/\/schema.org","@graph":[{"@type":"WebPage","@id":"https:\/\/manskin.ch\/fr\/produkt\/salt-stone-trio-santal-vetiver\/","url":"https:\/\/manskin.ch\/fr\/produkt\/salt-stone-trio-santal-vetiver\/","name":"Salt & Stone : trio de soins exclusif Saffron & Cedar | Manskin.ch","isPartOf":{"@id":"https:\/\/manskin.ch\/fr\/#website"},"primaryImageOfPage":{"@id":"https:\/\/manskin.ch\/fr\/produkt\/salt-stone-trio-santal-vetiver\/#primaryimage"},"image":{"@id":"https:\/\/manskin.ch\/fr\/produkt\/salt-stone-trio-santal-vetiver\/#primaryimage"},"thumbnailUrl":"https:\/\/manskin.ch\/wp-content\/uploads\/2025\/06\/Salt-Stone-Trio-Santal-High-Quality.webp","datePublished":"2025-06-28T15:15:16+00:00","dateModified":"2025-08-27T06:15:54+00:00","description":"D\u00e9couvre le trio exclusif Salt & Stone pour une exp\u00e9rience de soin unique! Ce set comprend un gel douche, un d\u00e9o et une cr\u00e8me pour les mains \u00e0 un prix imbattable!","breadcrumb":{"@id":"https:\/\/manskin.ch\/fr\/produkt\/salt-stone-trio-santal-vetiver\/#breadcrumb"},"inLanguage":"fr-FR","potentialAction":[{"@type":"ReadAction","target":["https:\/\/manskin.ch\/fr\/produkt\/salt-stone-trio-santal-vetiver\/"]}]},{"@type":"ImageObject","inLanguage":"fr-FR","@id":"https:\/\/manskin.ch\/fr\/produkt\/salt-stone-trio-santal-vetiver\/#primaryimage","url":"https:\/\/manskin.ch\/wp-content\/uploads\/2025\/06\/Salt-Stone-Trio-Santal-High-Quality.webp","contentUrl":"https:\/\/manskin.ch\/wp-content\/uploads\/2025\/06\/Salt-Stone-Trio-Santal-High-Quality.webp","width":1000,"height":1000},{"@type":"BreadcrumbList","@id":"https:\/\/manskin.ch\/fr\/produkt\/salt-stone-trio-santal-vetiver\/#breadcrumb","itemListElement":[{"@type":"ListItem","position":1,"name":"Startseite","item":"https:\/\/manskin.ch\/fr\/"},{"@type":"ListItem","position":2,"name":"Boutique Soins pour Hommes &amp; Skincare","item":"https:\/\/manskin.ch\/fr\/boutique\/"},{"@type":"ListItem","position":3,"name":"Salt &amp; Stone &#8211; Trio Santal &amp; Vetiver"}]},{"@type":"WebSite","@id":"https:\/\/manskin.ch\/fr\/#website","url":"https:\/\/manskin.ch\/fr\/","name":"Manskin.ch","description":"Tous les produits de beaut\u00e9 pour les hommes les plus exigeants","publisher":{"@id":"https:\/\/manskin.ch\/fr\/#organization"},"potentialAction":[{"@type":"SearchAction","target":{"@type":"EntryPoint","urlTemplate":"https:\/\/manskin.ch\/fr\/?s={search_term_string}"},"query-input":{"@type":"PropertyValueSpecification","valueRequired":true,"valueName":"search_term_string"}}],"inLanguage":"fr-FR"},{"@type":"Organization","@id":"https:\/\/manskin.ch\/fr\/#organization","name":"Manskin.ch - der Schweizer Onlineshop f\u00fcr qualit\u00e4tsstarke M\u00e4nnerpflege","url":"https:\/\/manskin.ch\/fr\/","logo":{"@type":"ImageObject","inLanguage":"fr-FR","@id":"https:\/\/manskin.ch\/fr\/#\/schema\/logo\/image\/","url":"https:\/\/manskin.ch\/wp-content\/uploads\/2021\/04\/cropped-logo_head.png","contentUrl":"https:\/\/manskin.ch\/wp-content\/uploads\/2021\/04\/cropped-logo_head.png","width":235,"height":75,"caption":"Manskin.ch - der Schweizer Onlineshop f\u00fcr qualit\u00e4tsstarke M\u00e4nnerpflege"},"image":{"@id":"https:\/\/manskin.ch\/fr\/#\/schema\/logo\/image\/"},"sameAs":["https:\/\/www.facebook.com\/manskin.ch","https:\/\/www.instagram.com\/manskin.ch\/"]}]},"product_price_amount":"85.00","product_price_currency":"CHF","og_availability":"instock","product_availability":"instock","product_retailer_item_id":"14313","product_condition":"new"},"brands":[{"id":2780,"name":"Salt &amp; Stone","slug":"salt-stone"}],"_links":{"self":[{"href":"https:\/\/manskin.ch\/fr\/wp-json\/wp\/v2\/product\/501425","targetHints":{"allow":["GET"]}}],"collection":[{"href":"https:\/\/manskin.ch\/fr\/wp-json\/wp\/v2\/product"}],"about":[{"href":"https:\/\/manskin.ch\/fr\/wp-json\/wp\/v2\/types\/product"}],"replies":[{"embeddable":true,"href":"https:\/\/manskin.ch\/fr\/wp-json\/wp\/v2\/comments?post=501425"}],"wp:featuredmedia":[{"embeddable":true,"href":"https:\/\/manskin.ch\/fr\/wp-json\/wp\/v2\/media\/86959"}],"wp:attachment":[{"href":"https:\/\/manskin.ch\/fr\/wp-json\/wp\/v2\/media?parent=501425"}],"wp:term":[{"taxonomy":"pwb-brand","embeddable":true,"href":"https:\/\/manskin.ch\/fr\/wp-json\/wp\/v2\/pwb-brand?post=501425"},{"taxonomy":"product_brand","embeddable":true,"href":"https:\/\/manskin.ch\/fr\/wp-json\/wp\/v2\/product_brand?post=501425"},{"taxonomy":"product_cat","embeddable":true,"href":"https:\/\/manskin.ch\/fr\/wp-json\/wp\/v2\/product_cat?post=501425"},{"taxonomy":"product_tag","embeddable":true,"href":"https:\/\/manskin.ch\/fr\/wp-json\/wp\/v2\/product_tag?post=501425"}],"curies":[{"name":"wp","href":"https:\/\/api.w.org\/{rel}","templated":true}]}}