{"id":501396,"date":"2025-07-17T09:55:12","date_gmt":"2025-07-17T07:55:12","guid":{"rendered":"https:\/\/manskin.ch\/produkt\/anthony-mint-and-white-tea-lip-balm-3\/"},"modified":"2026-03-09T08:28:06","modified_gmt":"2026-03-09T07:28:06","slug":"anthony-lip-balm-blood-orange","status":"publish","type":"product","link":"https:\/\/manskin.ch\/fr\/produkt\/anthony-lip-balm-blood-orange\/","title":{"rendered":"Anthony &#8211; Lip Balm Blood Orange SPF25"},"content":{"rendered":"<h2>Anthony &#8211; Lip Balm Blood Orange SPF 25 &#8211; Baume \u00e0 l\u00e8vres \u00e0 l&rsquo;orange sanguine SPF 25<\/h2>\n<ul>\n<li>Ce baume \u00e0 l\u00e8vres indispensable offre une protection solaire \u00e0 large spectre importante avec un indice SPF 25, tandis qu&rsquo;un m\u00e9lange hautement efficace de vitamine E, d&rsquo;antioxydants et de beurre de karit\u00e9 nourrit, hydrate, apaise et lisse les l\u00e8vres, leur donnant un fini mat.<\/li>\n<li>Avec un parfum acidul\u00e9 d&rsquo;agrumes.<\/li>\n<\/ul>\n<p>Sans cruaut\u00e9. Sans sulfates, parab\u00e8nes, phtalates, gluten. Test\u00e9 contre les allergies et sous contr\u00f4le dermatologique.<\/p>\n","protected":false},"excerpt":{"rendered":"<p>Baume \u00e0 l\u00e8vres hydratant avec protection solaire<\/p>\n","protected":false},"featured_media":501397,"comment_status":"closed","ping_status":"closed","template":"","meta":{"_acf_changed":false},"pwb-brand":[2751],"product_brand":[],"product_cat":[2316,2335],"product_tag":[],"class_list":{"0":"post-501396","1":"product","2":"type-product","3":"status-publish","4":"has-post-thumbnail","6":"pwb-brand-anthony","7":"product_cat-anthony","8":"product_cat-levres","9":"sales-flash-overlay","10":"woocommerce-text-align-center","11":"woocommerce-image-align-center","12":"do-quantity-buttons","14":"first","15":"instock","16":"taxable","17":"shipping-taxable","18":"purchasable","19":"product-type-simple"},"acf":[],"yoast_head":"<!-- This site is optimized with the Yoast SEO Premium plugin v27.3 (Yoast SEO v27.3) - https:\/\/yoast.com\/product\/yoast-seo-premium-wordpress\/ -->\n<title>Anthony - Lip Balm Blood Orange SPF25 | Manskin.ch<\/title>\n<meta name=\"description\" content=\"Prot\u00e8ge tes l\u00e8vres avec le baume \u00e0 l\u00e8vres Anthony. Le m\u00e9lange parfait d&#039;antioxydants et de beurre de karit\u00e9 assure un soin de longue dur\u00e9e.\" \/>\n<meta name=\"robots\" content=\"index, follow, max-snippet:-1, max-image-preview:large, max-video-preview:-1\" \/>\n<link rel=\"canonical\" href=\"https:\/\/manskin.ch\/fr\/produkt\/anthony-lip-balm-blood-orange\/\" \/>\n<meta property=\"og:locale\" content=\"fr_FR\" \/>\n<meta property=\"og:type\" content=\"article\" \/>\n<meta property=\"og:title\" content=\"Anthony - Lip Balm Blood Orange SPF25\" \/>\n<meta property=\"og:description\" content=\"Prot\u00e8ge tes l\u00e8vres avec le baume \u00e0 l\u00e8vres Anthony. Le m\u00e9lange parfait d&#039;antioxydants et de beurre de karit\u00e9 assure un soin de longue dur\u00e9e.\" \/>\n<meta property=\"og:url\" content=\"https:\/\/manskin.ch\/fr\/produkt\/anthony-lip-balm-blood-orange\/\" \/>\n<meta property=\"og:site_name\" content=\"Manskin.ch\" \/>\n<meta property=\"article:publisher\" content=\"https:\/\/www.facebook.com\/manskin.ch\" \/>\n<meta property=\"article:modified_time\" content=\"2026-03-09T07:28:06+00:00\" \/>\n<meta property=\"og:image\" content=\"https:\/\/manskin.ch\/wp-content\/uploads\/2025\/07\/Anthony_lipbalm_bloodorange.webp\" \/>\n\t<meta property=\"og:image:width\" content=\"2000\" \/>\n\t<meta property=\"og:image:height\" content=\"2000\" \/>\n\t<meta property=\"og:image:type\" content=\"image\/webp\" \/>\n<meta name=\"twitter:card\" content=\"summary_large_image\" \/>\n<meta name=\"twitter:label1\" content=\"Prix\" \/>\n\t<meta name=\"twitter:data1\" content=\"11.00&#067;&#072;&#070;\" \/>\n\t<meta name=\"twitter:label2\" content=\"Disponibilit\u00e9\" \/>\n\t<meta name=\"twitter:data2\" content=\"En stock\" \/>\n<script type=\"application\/ld+json\" class=\"yoast-schema-graph\">{\"@context\":\"https:\\\/\\\/schema.org\",\"@graph\":[{\"@type\":\"WebPage\",\"@id\":\"https:\\\/\\\/manskin.ch\\\/fr\\\/produkt\\\/anthony-lip-balm-blood-orange\\\/\",\"url\":\"https:\\\/\\\/manskin.ch\\\/fr\\\/produkt\\\/anthony-lip-balm-blood-orange\\\/\",\"name\":\"Anthony - Lip Balm Blood Orange SPF25 | Manskin.ch\",\"isPartOf\":{\"@id\":\"https:\\\/\\\/manskin.ch\\\/fr\\\/#website\"},\"primaryImageOfPage\":{\"@id\":\"https:\\\/\\\/manskin.ch\\\/fr\\\/produkt\\\/anthony-lip-balm-blood-orange\\\/#primaryimage\"},\"image\":{\"@id\":\"https:\\\/\\\/manskin.ch\\\/fr\\\/produkt\\\/anthony-lip-balm-blood-orange\\\/#primaryimage\"},\"thumbnailUrl\":\"https:\\\/\\\/manskin.ch\\\/wp-content\\\/uploads\\\/2025\\\/07\\\/Anthony_lipbalm_bloodorange.webp\",\"datePublished\":\"2025-07-17T07:55:12+00:00\",\"dateModified\":\"2026-03-09T07:28:06+00:00\",\"description\":\"Prot\u00e8ge tes l\u00e8vres avec le baume \u00e0 l\u00e8vres Anthony. Le m\u00e9lange parfait d'antioxydants et de beurre de karit\u00e9 assure un soin de longue dur\u00e9e.\",\"breadcrumb\":{\"@id\":\"https:\\\/\\\/manskin.ch\\\/fr\\\/produkt\\\/anthony-lip-balm-blood-orange\\\/#breadcrumb\"},\"inLanguage\":\"fr-FR\",\"potentialAction\":[{\"@type\":\"ReadAction\",\"target\":[\"https:\\\/\\\/manskin.ch\\\/fr\\\/produkt\\\/anthony-lip-balm-blood-orange\\\/\"]}]},{\"@type\":\"ImageObject\",\"inLanguage\":\"fr-FR\",\"@id\":\"https:\\\/\\\/manskin.ch\\\/fr\\\/produkt\\\/anthony-lip-balm-blood-orange\\\/#primaryimage\",\"url\":\"https:\\\/\\\/manskin.ch\\\/wp-content\\\/uploads\\\/2025\\\/07\\\/Anthony_lipbalm_bloodorange.webp\",\"contentUrl\":\"https:\\\/\\\/manskin.ch\\\/wp-content\\\/uploads\\\/2025\\\/07\\\/Anthony_lipbalm_bloodorange.webp\",\"width\":2000,\"height\":2000},{\"@type\":\"BreadcrumbList\",\"@id\":\"https:\\\/\\\/manskin.ch\\\/fr\\\/produkt\\\/anthony-lip-balm-blood-orange\\\/#breadcrumb\",\"itemListElement\":[{\"@type\":\"ListItem\",\"position\":1,\"name\":\"Startseite\",\"item\":\"https:\\\/\\\/manskin.ch\\\/fr\\\/\"},{\"@type\":\"ListItem\",\"position\":2,\"name\":\"Boutique Soins pour Hommes &amp; Skincare\",\"item\":\"https:\\\/\\\/manskin.ch\\\/fr\\\/boutique\\\/\"},{\"@type\":\"ListItem\",\"position\":3,\"name\":\"Anthony &#8211; Lip Balm Blood Orange SPF25\"}]},{\"@type\":\"WebSite\",\"@id\":\"https:\\\/\\\/manskin.ch\\\/fr\\\/#website\",\"url\":\"https:\\\/\\\/manskin.ch\\\/fr\\\/\",\"name\":\"Manskin.ch\",\"description\":\"Tous les produits de beaut\u00e9 pour les hommes les plus exigeants\",\"publisher\":{\"@id\":\"https:\\\/\\\/manskin.ch\\\/fr\\\/#organization\"},\"potentialAction\":[{\"@type\":\"SearchAction\",\"target\":{\"@type\":\"EntryPoint\",\"urlTemplate\":\"https:\\\/\\\/manskin.ch\\\/fr\\\/?s={search_term_string}\"},\"query-input\":{\"@type\":\"PropertyValueSpecification\",\"valueRequired\":true,\"valueName\":\"search_term_string\"}}],\"inLanguage\":\"fr-FR\"},{\"@type\":\"Organization\",\"@id\":\"https:\\\/\\\/manskin.ch\\\/fr\\\/#organization\",\"name\":\"Manskin.ch - der Schweizer Onlineshop f\u00fcr qualit\u00e4tsstarke M\u00e4nnerpflege\",\"url\":\"https:\\\/\\\/manskin.ch\\\/fr\\\/\",\"logo\":{\"@type\":\"ImageObject\",\"inLanguage\":\"fr-FR\",\"@id\":\"https:\\\/\\\/manskin.ch\\\/fr\\\/#\\\/schema\\\/logo\\\/image\\\/\",\"url\":\"https:\\\/\\\/manskin.ch\\\/wp-content\\\/uploads\\\/2021\\\/04\\\/cropped-logo_head.png\",\"contentUrl\":\"https:\\\/\\\/manskin.ch\\\/wp-content\\\/uploads\\\/2021\\\/04\\\/cropped-logo_head.png\",\"width\":235,\"height\":75,\"caption\":\"Manskin.ch - der Schweizer Onlineshop f\u00fcr qualit\u00e4tsstarke M\u00e4nnerpflege\"},\"image\":{\"@id\":\"https:\\\/\\\/manskin.ch\\\/fr\\\/#\\\/schema\\\/logo\\\/image\\\/\"},\"sameAs\":[\"https:\\\/\\\/www.facebook.com\\\/manskin.ch\",\"https:\\\/\\\/www.instagram.com\\\/manskin.ch\\\/\"]}]}<\/script>\n<meta property=\"product:price:amount\" content=\"11.00\" \/>\n<meta property=\"product:price:currency\" content=\"CHF\" \/>\n<meta property=\"og:availability\" content=\"instock\" \/>\n<meta property=\"product:availability\" content=\"instock\" \/>\n<meta property=\"product:retailer_item_id\" content=\"14323\" \/>\n<meta property=\"product:condition\" content=\"new\" \/>\n<!-- \/ Yoast SEO Premium plugin. -->","yoast_head_json":{"title":"Anthony - Lip Balm Blood Orange SPF25 | Manskin.ch","description":"Prot\u00e8ge tes l\u00e8vres avec le baume \u00e0 l\u00e8vres Anthony. Le m\u00e9lange parfait d'antioxydants et de beurre de karit\u00e9 assure un soin de longue dur\u00e9e.","robots":{"index":"index","follow":"follow","max-snippet":"max-snippet:-1","max-image-preview":"max-image-preview:large","max-video-preview":"max-video-preview:-1"},"canonical":"https:\/\/manskin.ch\/fr\/produkt\/anthony-lip-balm-blood-orange\/","og_locale":"fr_FR","og_type":"article","og_title":"Anthony - Lip Balm Blood Orange SPF25","og_description":"Prot\u00e8ge tes l\u00e8vres avec le baume \u00e0 l\u00e8vres Anthony. Le m\u00e9lange parfait d'antioxydants et de beurre de karit\u00e9 assure un soin de longue dur\u00e9e.","og_url":"https:\/\/manskin.ch\/fr\/produkt\/anthony-lip-balm-blood-orange\/","og_site_name":"Manskin.ch","article_publisher":"https:\/\/www.facebook.com\/manskin.ch","article_modified_time":"2026-03-09T07:28:06+00:00","og_image":[{"width":2000,"height":2000,"url":"https:\/\/manskin.ch\/wp-content\/uploads\/2025\/07\/Anthony_lipbalm_bloodorange.webp","type":"image\/webp"}],"twitter_card":"summary_large_image","twitter_misc":{"Prix":"11.00&#67;&#72;&#70;","Disponibilit\u00e9":"En stock"},"schema":{"@context":"https:\/\/schema.org","@graph":[{"@type":"WebPage","@id":"https:\/\/manskin.ch\/fr\/produkt\/anthony-lip-balm-blood-orange\/","url":"https:\/\/manskin.ch\/fr\/produkt\/anthony-lip-balm-blood-orange\/","name":"Anthony - Lip Balm Blood Orange SPF25 | Manskin.ch","isPartOf":{"@id":"https:\/\/manskin.ch\/fr\/#website"},"primaryImageOfPage":{"@id":"https:\/\/manskin.ch\/fr\/produkt\/anthony-lip-balm-blood-orange\/#primaryimage"},"image":{"@id":"https:\/\/manskin.ch\/fr\/produkt\/anthony-lip-balm-blood-orange\/#primaryimage"},"thumbnailUrl":"https:\/\/manskin.ch\/wp-content\/uploads\/2025\/07\/Anthony_lipbalm_bloodorange.webp","datePublished":"2025-07-17T07:55:12+00:00","dateModified":"2026-03-09T07:28:06+00:00","description":"Prot\u00e8ge tes l\u00e8vres avec le baume \u00e0 l\u00e8vres Anthony. Le m\u00e9lange parfait d'antioxydants et de beurre de karit\u00e9 assure un soin de longue dur\u00e9e.","breadcrumb":{"@id":"https:\/\/manskin.ch\/fr\/produkt\/anthony-lip-balm-blood-orange\/#breadcrumb"},"inLanguage":"fr-FR","potentialAction":[{"@type":"ReadAction","target":["https:\/\/manskin.ch\/fr\/produkt\/anthony-lip-balm-blood-orange\/"]}]},{"@type":"ImageObject","inLanguage":"fr-FR","@id":"https:\/\/manskin.ch\/fr\/produkt\/anthony-lip-balm-blood-orange\/#primaryimage","url":"https:\/\/manskin.ch\/wp-content\/uploads\/2025\/07\/Anthony_lipbalm_bloodorange.webp","contentUrl":"https:\/\/manskin.ch\/wp-content\/uploads\/2025\/07\/Anthony_lipbalm_bloodorange.webp","width":2000,"height":2000},{"@type":"BreadcrumbList","@id":"https:\/\/manskin.ch\/fr\/produkt\/anthony-lip-balm-blood-orange\/#breadcrumb","itemListElement":[{"@type":"ListItem","position":1,"name":"Startseite","item":"https:\/\/manskin.ch\/fr\/"},{"@type":"ListItem","position":2,"name":"Boutique Soins pour Hommes &amp; Skincare","item":"https:\/\/manskin.ch\/fr\/boutique\/"},{"@type":"ListItem","position":3,"name":"Anthony &#8211; Lip Balm Blood Orange SPF25"}]},{"@type":"WebSite","@id":"https:\/\/manskin.ch\/fr\/#website","url":"https:\/\/manskin.ch\/fr\/","name":"Manskin.ch","description":"Tous les produits de beaut\u00e9 pour les hommes les plus exigeants","publisher":{"@id":"https:\/\/manskin.ch\/fr\/#organization"},"potentialAction":[{"@type":"SearchAction","target":{"@type":"EntryPoint","urlTemplate":"https:\/\/manskin.ch\/fr\/?s={search_term_string}"},"query-input":{"@type":"PropertyValueSpecification","valueRequired":true,"valueName":"search_term_string"}}],"inLanguage":"fr-FR"},{"@type":"Organization","@id":"https:\/\/manskin.ch\/fr\/#organization","name":"Manskin.ch - der Schweizer Onlineshop f\u00fcr qualit\u00e4tsstarke M\u00e4nnerpflege","url":"https:\/\/manskin.ch\/fr\/","logo":{"@type":"ImageObject","inLanguage":"fr-FR","@id":"https:\/\/manskin.ch\/fr\/#\/schema\/logo\/image\/","url":"https:\/\/manskin.ch\/wp-content\/uploads\/2021\/04\/cropped-logo_head.png","contentUrl":"https:\/\/manskin.ch\/wp-content\/uploads\/2021\/04\/cropped-logo_head.png","width":235,"height":75,"caption":"Manskin.ch - der Schweizer Onlineshop f\u00fcr qualit\u00e4tsstarke M\u00e4nnerpflege"},"image":{"@id":"https:\/\/manskin.ch\/fr\/#\/schema\/logo\/image\/"},"sameAs":["https:\/\/www.facebook.com\/manskin.ch","https:\/\/www.instagram.com\/manskin.ch\/"]}]},"product_price_amount":"11.00","product_price_currency":"CHF","og_availability":"instock","product_availability":"instock","product_retailer_item_id":"14323","product_condition":"new"},"brands":[{"id":2751,"name":"Anthony","slug":"anthony"}],"_links":{"self":[{"href":"https:\/\/manskin.ch\/fr\/wp-json\/wp\/v2\/product\/501396","targetHints":{"allow":["GET"]}}],"collection":[{"href":"https:\/\/manskin.ch\/fr\/wp-json\/wp\/v2\/product"}],"about":[{"href":"https:\/\/manskin.ch\/fr\/wp-json\/wp\/v2\/types\/product"}],"replies":[{"embeddable":true,"href":"https:\/\/manskin.ch\/fr\/wp-json\/wp\/v2\/comments?post=501396"}],"wp:featuredmedia":[{"embeddable":true,"href":"https:\/\/manskin.ch\/fr\/wp-json\/wp\/v2\/media\/501397"}],"wp:attachment":[{"href":"https:\/\/manskin.ch\/fr\/wp-json\/wp\/v2\/media?parent=501396"}],"wp:term":[{"taxonomy":"pwb-brand","embeddable":true,"href":"https:\/\/manskin.ch\/fr\/wp-json\/wp\/v2\/pwb-brand?post=501396"},{"taxonomy":"product_brand","embeddable":true,"href":"https:\/\/manskin.ch\/fr\/wp-json\/wp\/v2\/product_brand?post=501396"},{"taxonomy":"product_cat","embeddable":true,"href":"https:\/\/manskin.ch\/fr\/wp-json\/wp\/v2\/product_cat?post=501396"},{"taxonomy":"product_tag","embeddable":true,"href":"https:\/\/manskin.ch\/fr\/wp-json\/wp\/v2\/product_tag?post=501396"}],"curies":[{"name":"wp","href":"https:\/\/api.w.org\/{rel}","templated":true}]}}