{"id":501332,"date":"2023-11-01T15:55:31","date_gmt":"2023-11-01T14:55:31","guid":{"rendered":"https:\/\/manskin.ch\/produkt\/shakeup-undereye-concealer-bronze-2\/"},"modified":"2025-09-01T22:21:02","modified_gmt":"2025-09-01T20:21:02","slug":"shakeup-undereye-concealer-bronze","status":"publish","type":"product","link":"https:\/\/manskin.ch\/fr\/produkt\/shakeup-undereye-concealer-bronze\/","title":{"rendered":"Shakeup &#8211; Eye Eye Captain Undereye Concealer Bronze"},"content":{"rendered":"<h2>Shakeup &#8211; Eye Eye Captain Undereye Concealer Bronze<\/h2>\n<ul>\n<li>Ce stick correcteur ravive les yeux fatigu&eacute;s, dissimule les cernes, rajeunit et prot&egrave;ge.<\/li>\n<li>La formule prim&eacute;e est sp&eacute;cialement adapt&eacute;e au type de peau de l&#39;homme, offre 24 heures d&#39;hydratation et une protection UV avec un FPS 25.<\/li>\n<li>Enrichie d&#39;un phyto-complexe de petit houx, de calendula et de r&eacute;glisse, elle att&eacute;nue les gonflements, stimule la microcirculation et am&eacute;liore l&#39;uniformit&eacute; du teint.<\/li>\n<li>Gr&acirc;ce &agrave; la Color Correct Technology, les nuances couvrent un large spectre de tons de peau.<\/li>\n<\/ul>\n<p>Contenu 15 ml.<\/p>\n","protected":false},"excerpt":{"rendered":"<p>Shakeup &#8211; Eye Eye Captain Undereye Concealer Bronze Ce stick correcteur ravive les yeux fatigu&eacute;s, dissimule les cernes, rajeunit et prot&egrave;ge. La formule prim&eacute;e est sp&eacute;cialement adapt&eacute;e au type de peau de l&#39;homme, offre 24 heures d&#39;hydratation et une protection UV avec un FPS 25. Enrichie d&#39;un phyto-complexe de petit houx, de calendula et de &#8230; <a title=\"Shakeup &#8211; Eye Eye Captain Undereye Concealer Bronze\" class=\"read-more\" href=\"https:\/\/manskin.ch\/fr\/produkt\/shakeup-undereye-concealer-bronze\/\" aria-label=\"En savoir plus sur Shakeup &#8211; Eye Eye Captain Undereye Concealer Bronze\">Lire la suite<\/a><\/p>\n","protected":false},"featured_media":23304,"comment_status":"closed","ping_status":"closed","template":"","meta":{"_acf_changed":false},"pwb-brand":[2848],"product_brand":[],"product_cat":[2404,2850],"product_tag":[],"class_list":{"0":"post-501332","1":"product","2":"type-product","3":"status-publish","4":"has-post-thumbnail","6":"pwb-brand-shakeup","7":"product_cat-make-up-fuer-augen-fr","8":"product_cat-shakeup-fr","9":"sales-flash-overlay","10":"woocommerce-text-align-center","11":"woocommerce-image-align-center","12":"do-quantity-buttons","14":"first","15":"instock","16":"taxable","17":"shipping-taxable","18":"purchasable","19":"product-type-simple"},"acf":[],"yoast_head":"<!-- This site is optimized with the Yoast SEO Premium plugin v27.3 (Yoast SEO v27.3) - https:\/\/yoast.com\/product\/yoast-seo-premium-wordpress\/ -->\n<title>Shakeup - Eye Eye Captain Undereye Concealer Bronze | Manskin.ch<\/title>\n<meta name=\"description\" content=\"Le stick correcteur ravive les yeux fatigu\u00e9s, dissimule les cernes, rajeunit et prot\u00e8ge. Disponible en plusieurs teintes. Commander maintenant en ligne.\" \/>\n<meta name=\"robots\" content=\"index, follow, max-snippet:-1, max-image-preview:large, max-video-preview:-1\" \/>\n<link rel=\"canonical\" href=\"https:\/\/manskin.ch\/fr\/produkt\/shakeup-undereye-concealer-bronze\/\" \/>\n<meta property=\"og:locale\" content=\"fr_FR\" \/>\n<meta property=\"og:type\" content=\"article\" \/>\n<meta property=\"og:title\" content=\"Shakeup - Eye Eye Captain Undereye Concealer Bronze\" \/>\n<meta property=\"og:description\" content=\"Le stick correcteur ravive les yeux fatigu\u00e9s, dissimule les cernes, rajeunit et prot\u00e8ge. Disponible en plusieurs teintes. Commander maintenant en ligne.\" \/>\n<meta property=\"og:url\" content=\"https:\/\/manskin.ch\/fr\/produkt\/shakeup-undereye-concealer-bronze\/\" \/>\n<meta property=\"og:site_name\" content=\"Manskin.ch\" \/>\n<meta property=\"article:publisher\" content=\"https:\/\/www.facebook.com\/manskin.ch\" \/>\n<meta property=\"article:modified_time\" content=\"2025-09-01T20:21:02+00:00\" \/>\n<meta property=\"og:image\" content=\"https:\/\/manskin.ch\/wp-content\/uploads\/2023\/11\/eyecaptainbronze.png\" \/>\n\t<meta property=\"og:image:width\" content=\"800\" \/>\n\t<meta property=\"og:image:height\" content=\"800\" \/>\n\t<meta property=\"og:image:type\" content=\"image\/png\" \/>\n<meta name=\"twitter:card\" content=\"summary_large_image\" \/>\n<meta name=\"twitter:label1\" content=\"Prix\" \/>\n\t<meta name=\"twitter:data1\" content=\"28.00&#067;&#072;&#070;\" \/>\n\t<meta name=\"twitter:label2\" content=\"Disponibilit\u00e9\" \/>\n\t<meta name=\"twitter:data2\" content=\"En stock\" \/>\n<script type=\"application\/ld+json\" class=\"yoast-schema-graph\">{\"@context\":\"https:\\\/\\\/schema.org\",\"@graph\":[{\"@type\":\"WebPage\",\"@id\":\"https:\\\/\\\/manskin.ch\\\/fr\\\/produkt\\\/shakeup-undereye-concealer-bronze\\\/\",\"url\":\"https:\\\/\\\/manskin.ch\\\/fr\\\/produkt\\\/shakeup-undereye-concealer-bronze\\\/\",\"name\":\"Shakeup - Eye Eye Captain Undereye Concealer Bronze | Manskin.ch\",\"isPartOf\":{\"@id\":\"https:\\\/\\\/manskin.ch\\\/fr\\\/#website\"},\"primaryImageOfPage\":{\"@id\":\"https:\\\/\\\/manskin.ch\\\/fr\\\/produkt\\\/shakeup-undereye-concealer-bronze\\\/#primaryimage\"},\"image\":{\"@id\":\"https:\\\/\\\/manskin.ch\\\/fr\\\/produkt\\\/shakeup-undereye-concealer-bronze\\\/#primaryimage\"},\"thumbnailUrl\":\"https:\\\/\\\/manskin.ch\\\/wp-content\\\/uploads\\\/2023\\\/11\\\/eyecaptainbronze.png\",\"datePublished\":\"2023-11-01T14:55:31+00:00\",\"dateModified\":\"2025-09-01T20:21:02+00:00\",\"description\":\"Le stick correcteur ravive les yeux fatigu\u00e9s, dissimule les cernes, rajeunit et prot\u00e8ge. Disponible en plusieurs teintes. Commander maintenant en ligne.\",\"breadcrumb\":{\"@id\":\"https:\\\/\\\/manskin.ch\\\/fr\\\/produkt\\\/shakeup-undereye-concealer-bronze\\\/#breadcrumb\"},\"inLanguage\":\"fr-FR\",\"potentialAction\":[{\"@type\":\"ReadAction\",\"target\":[\"https:\\\/\\\/manskin.ch\\\/fr\\\/produkt\\\/shakeup-undereye-concealer-bronze\\\/\"]}]},{\"@type\":\"ImageObject\",\"inLanguage\":\"fr-FR\",\"@id\":\"https:\\\/\\\/manskin.ch\\\/fr\\\/produkt\\\/shakeup-undereye-concealer-bronze\\\/#primaryimage\",\"url\":\"https:\\\/\\\/manskin.ch\\\/wp-content\\\/uploads\\\/2023\\\/11\\\/eyecaptainbronze.png\",\"contentUrl\":\"https:\\\/\\\/manskin.ch\\\/wp-content\\\/uploads\\\/2023\\\/11\\\/eyecaptainbronze.png\",\"width\":800,\"height\":800},{\"@type\":\"BreadcrumbList\",\"@id\":\"https:\\\/\\\/manskin.ch\\\/fr\\\/produkt\\\/shakeup-undereye-concealer-bronze\\\/#breadcrumb\",\"itemListElement\":[{\"@type\":\"ListItem\",\"position\":1,\"name\":\"Startseite\",\"item\":\"https:\\\/\\\/manskin.ch\\\/fr\\\/\"},{\"@type\":\"ListItem\",\"position\":2,\"name\":\"Boutique\",\"item\":\"https:\\\/\\\/manskin.ch\\\/fr\\\/boutique\\\/\"},{\"@type\":\"ListItem\",\"position\":3,\"name\":\"Shakeup &#8211; Eye Eye Captain Undereye Concealer Bronze\"}]},{\"@type\":\"WebSite\",\"@id\":\"https:\\\/\\\/manskin.ch\\\/fr\\\/#website\",\"url\":\"https:\\\/\\\/manskin.ch\\\/fr\\\/\",\"name\":\"Manskin.ch\",\"description\":\"Tous les produits de beaut\u00e9 pour les hommes les plus exigeants\",\"publisher\":{\"@id\":\"https:\\\/\\\/manskin.ch\\\/fr\\\/#organization\"},\"potentialAction\":[{\"@type\":\"SearchAction\",\"target\":{\"@type\":\"EntryPoint\",\"urlTemplate\":\"https:\\\/\\\/manskin.ch\\\/fr\\\/?s={search_term_string}\"},\"query-input\":{\"@type\":\"PropertyValueSpecification\",\"valueRequired\":true,\"valueName\":\"search_term_string\"}}],\"inLanguage\":\"fr-FR\"},{\"@type\":\"Organization\",\"@id\":\"https:\\\/\\\/manskin.ch\\\/fr\\\/#organization\",\"name\":\"Manskin.ch - der Schweizer Onlineshop f\u00fcr qualit\u00e4tsstarke M\u00e4nnerpflege\",\"url\":\"https:\\\/\\\/manskin.ch\\\/fr\\\/\",\"logo\":{\"@type\":\"ImageObject\",\"inLanguage\":\"fr-FR\",\"@id\":\"https:\\\/\\\/manskin.ch\\\/fr\\\/#\\\/schema\\\/logo\\\/image\\\/\",\"url\":\"https:\\\/\\\/manskin.ch\\\/wp-content\\\/uploads\\\/2021\\\/04\\\/cropped-logo_head.png\",\"contentUrl\":\"https:\\\/\\\/manskin.ch\\\/wp-content\\\/uploads\\\/2021\\\/04\\\/cropped-logo_head.png\",\"width\":235,\"height\":75,\"caption\":\"Manskin.ch - der Schweizer Onlineshop f\u00fcr qualit\u00e4tsstarke M\u00e4nnerpflege\"},\"image\":{\"@id\":\"https:\\\/\\\/manskin.ch\\\/fr\\\/#\\\/schema\\\/logo\\\/image\\\/\"},\"sameAs\":[\"https:\\\/\\\/www.facebook.com\\\/manskin.ch\",\"https:\\\/\\\/www.instagram.com\\\/manskin.ch\\\/\"]}]}<\/script>\n<meta property=\"product:price:amount\" content=\"28.00\" \/>\n<meta property=\"product:price:currency\" content=\"CHF\" \/>\n<meta property=\"og:availability\" content=\"instock\" \/>\n<meta property=\"product:availability\" content=\"instock\" \/>\n<meta property=\"product:retailer_item_id\" content=\"13310-1\" \/>\n<meta property=\"product:condition\" content=\"new\" \/>\n<!-- \/ Yoast SEO Premium plugin. -->","yoast_head_json":{"title":"Shakeup - Eye Eye Captain Undereye Concealer Bronze | Manskin.ch","description":"Le stick correcteur ravive les yeux fatigu\u00e9s, dissimule les cernes, rajeunit et prot\u00e8ge. Disponible en plusieurs teintes. Commander maintenant en ligne.","robots":{"index":"index","follow":"follow","max-snippet":"max-snippet:-1","max-image-preview":"max-image-preview:large","max-video-preview":"max-video-preview:-1"},"canonical":"https:\/\/manskin.ch\/fr\/produkt\/shakeup-undereye-concealer-bronze\/","og_locale":"fr_FR","og_type":"article","og_title":"Shakeup - Eye Eye Captain Undereye Concealer Bronze","og_description":"Le stick correcteur ravive les yeux fatigu\u00e9s, dissimule les cernes, rajeunit et prot\u00e8ge. Disponible en plusieurs teintes. Commander maintenant en ligne.","og_url":"https:\/\/manskin.ch\/fr\/produkt\/shakeup-undereye-concealer-bronze\/","og_site_name":"Manskin.ch","article_publisher":"https:\/\/www.facebook.com\/manskin.ch","article_modified_time":"2025-09-01T20:21:02+00:00","og_image":[{"width":800,"height":800,"url":"https:\/\/manskin.ch\/wp-content\/uploads\/2023\/11\/eyecaptainbronze.png","type":"image\/png"}],"twitter_card":"summary_large_image","twitter_misc":{"Prix":"28.00&#67;&#72;&#70;","Disponibilit\u00e9":"En stock"},"schema":{"@context":"https:\/\/schema.org","@graph":[{"@type":"WebPage","@id":"https:\/\/manskin.ch\/fr\/produkt\/shakeup-undereye-concealer-bronze\/","url":"https:\/\/manskin.ch\/fr\/produkt\/shakeup-undereye-concealer-bronze\/","name":"Shakeup - Eye Eye Captain Undereye Concealer Bronze | Manskin.ch","isPartOf":{"@id":"https:\/\/manskin.ch\/fr\/#website"},"primaryImageOfPage":{"@id":"https:\/\/manskin.ch\/fr\/produkt\/shakeup-undereye-concealer-bronze\/#primaryimage"},"image":{"@id":"https:\/\/manskin.ch\/fr\/produkt\/shakeup-undereye-concealer-bronze\/#primaryimage"},"thumbnailUrl":"https:\/\/manskin.ch\/wp-content\/uploads\/2023\/11\/eyecaptainbronze.png","datePublished":"2023-11-01T14:55:31+00:00","dateModified":"2025-09-01T20:21:02+00:00","description":"Le stick correcteur ravive les yeux fatigu\u00e9s, dissimule les cernes, rajeunit et prot\u00e8ge. Disponible en plusieurs teintes. Commander maintenant en ligne.","breadcrumb":{"@id":"https:\/\/manskin.ch\/fr\/produkt\/shakeup-undereye-concealer-bronze\/#breadcrumb"},"inLanguage":"fr-FR","potentialAction":[{"@type":"ReadAction","target":["https:\/\/manskin.ch\/fr\/produkt\/shakeup-undereye-concealer-bronze\/"]}]},{"@type":"ImageObject","inLanguage":"fr-FR","@id":"https:\/\/manskin.ch\/fr\/produkt\/shakeup-undereye-concealer-bronze\/#primaryimage","url":"https:\/\/manskin.ch\/wp-content\/uploads\/2023\/11\/eyecaptainbronze.png","contentUrl":"https:\/\/manskin.ch\/wp-content\/uploads\/2023\/11\/eyecaptainbronze.png","width":800,"height":800},{"@type":"BreadcrumbList","@id":"https:\/\/manskin.ch\/fr\/produkt\/shakeup-undereye-concealer-bronze\/#breadcrumb","itemListElement":[{"@type":"ListItem","position":1,"name":"Startseite","item":"https:\/\/manskin.ch\/fr\/"},{"@type":"ListItem","position":2,"name":"Boutique","item":"https:\/\/manskin.ch\/fr\/boutique\/"},{"@type":"ListItem","position":3,"name":"Shakeup &#8211; Eye Eye Captain Undereye Concealer Bronze"}]},{"@type":"WebSite","@id":"https:\/\/manskin.ch\/fr\/#website","url":"https:\/\/manskin.ch\/fr\/","name":"Manskin.ch","description":"Tous les produits de beaut\u00e9 pour les hommes les plus exigeants","publisher":{"@id":"https:\/\/manskin.ch\/fr\/#organization"},"potentialAction":[{"@type":"SearchAction","target":{"@type":"EntryPoint","urlTemplate":"https:\/\/manskin.ch\/fr\/?s={search_term_string}"},"query-input":{"@type":"PropertyValueSpecification","valueRequired":true,"valueName":"search_term_string"}}],"inLanguage":"fr-FR"},{"@type":"Organization","@id":"https:\/\/manskin.ch\/fr\/#organization","name":"Manskin.ch - der Schweizer Onlineshop f\u00fcr qualit\u00e4tsstarke M\u00e4nnerpflege","url":"https:\/\/manskin.ch\/fr\/","logo":{"@type":"ImageObject","inLanguage":"fr-FR","@id":"https:\/\/manskin.ch\/fr\/#\/schema\/logo\/image\/","url":"https:\/\/manskin.ch\/wp-content\/uploads\/2021\/04\/cropped-logo_head.png","contentUrl":"https:\/\/manskin.ch\/wp-content\/uploads\/2021\/04\/cropped-logo_head.png","width":235,"height":75,"caption":"Manskin.ch - der Schweizer Onlineshop f\u00fcr qualit\u00e4tsstarke M\u00e4nnerpflege"},"image":{"@id":"https:\/\/manskin.ch\/fr\/#\/schema\/logo\/image\/"},"sameAs":["https:\/\/www.facebook.com\/manskin.ch","https:\/\/www.instagram.com\/manskin.ch\/"]}]},"product_price_amount":"28.00","product_price_currency":"CHF","og_availability":"instock","product_availability":"instock","product_retailer_item_id":"13310-1","product_condition":"new"},"brands":[{"id":2848,"name":"Shakeup","slug":"shakeup"}],"_links":{"self":[{"href":"https:\/\/manskin.ch\/fr\/wp-json\/wp\/v2\/product\/501332","targetHints":{"allow":["GET"]}}],"collection":[{"href":"https:\/\/manskin.ch\/fr\/wp-json\/wp\/v2\/product"}],"about":[{"href":"https:\/\/manskin.ch\/fr\/wp-json\/wp\/v2\/types\/product"}],"replies":[{"embeddable":true,"href":"https:\/\/manskin.ch\/fr\/wp-json\/wp\/v2\/comments?post=501332"}],"wp:featuredmedia":[{"embeddable":true,"href":"https:\/\/manskin.ch\/fr\/wp-json\/wp\/v2\/media\/23304"}],"wp:attachment":[{"href":"https:\/\/manskin.ch\/fr\/wp-json\/wp\/v2\/media?parent=501332"}],"wp:term":[{"taxonomy":"pwb-brand","embeddable":true,"href":"https:\/\/manskin.ch\/fr\/wp-json\/wp\/v2\/pwb-brand?post=501332"},{"taxonomy":"product_brand","embeddable":true,"href":"https:\/\/manskin.ch\/fr\/wp-json\/wp\/v2\/product_brand?post=501332"},{"taxonomy":"product_cat","embeddable":true,"href":"https:\/\/manskin.ch\/fr\/wp-json\/wp\/v2\/product_cat?post=501332"},{"taxonomy":"product_tag","embeddable":true,"href":"https:\/\/manskin.ch\/fr\/wp-json\/wp\/v2\/product_tag?post=501332"}],"curies":[{"name":"wp","href":"https:\/\/api.w.org\/{rel}","templated":true}]}}