{"id":35380,"date":"2022-01-08T12:41:04","date_gmt":"2022-01-08T11:41:04","guid":{"rendered":"https:\/\/manskin.ch\/produkt\/the-bluebeards-revenge-rasoir-claymore-de-ralf-aust\/"},"modified":"2024-06-14T00:00:05","modified_gmt":"2024-06-13T22:00:05","slug":"the-bluebeards-revenge-rasoir-claymore-de-ralf-aust","status":"publish","type":"product","link":"https:\/\/manskin.ch\/fr\/produkt\/the-bluebeards-revenge-rasoir-claymore-de-ralf-aust\/","title":{"rendered":"Rasoir Claymore\u00a0de Ralf Aust"},"content":{"rendered":"<h2>The Bluebeards Revenge &#8211; Rasoir Claymore\u00a0de Ralf Aust<\/h2>\n<ul>\n<li>Le nouveau rasoir par The Revenge Bluebeards a \u00e9t\u00e9 cr\u00e9\u00e9 \u00e0 partir d&rsquo;une collaboration unique avec le ma\u00eetre artisan Ralf Aust.<\/li>\n<li>Le rasoir Claymore\u00a0se compose d&rsquo;une poign\u00e9e hydrofuge en Grenadill africain et une lame en acier inoxydable poli \u00e0 double t\u00eate.<\/li>\n<li>Dimensions: 5,8 pouces en acier au carbone<\/li>\n<li>Poids: 42 grammes<\/li>\n<\/ul>\n","protected":false},"excerpt":{"rendered":"<p>The Bluebeards Revenge &#8211; Rasoir Claymore\u00a0de Ralf Aust Le nouveau rasoir par The Revenge Bluebeards a \u00e9t\u00e9 cr\u00e9\u00e9 \u00e0 partir d&rsquo;une collaboration unique avec le ma\u00eetre artisan Ralf Aust. Le rasoir Claymore\u00a0se compose d&rsquo;une poign\u00e9e hydrofuge en Grenadill africain et une lame en acier inoxydable poli \u00e0 double t\u00eate. Dimensions: 5,8 pouces en acier au &#8230; <a title=\"Rasoir Claymore\u00a0de Ralf Aust\" class=\"read-more\" href=\"https:\/\/manskin.ch\/fr\/produkt\/the-bluebeards-revenge-rasoir-claymore-de-ralf-aust\/\" aria-label=\"En savoir plus sur Rasoir Claymore\u00a0de Ralf Aust\">Lire la suite<\/a><\/p>\n","protected":false},"featured_media":0,"comment_status":"closed","ping_status":"closed","template":"","meta":{"_acf_changed":false},"pwb-brand":[2787],"product_brand":[],"product_cat":[2423,2399],"product_tag":[],"class_list":{"0":"post-35380","1":"product","2":"type-product","3":"status-publish","5":"pwb-brand-the-bluebeards-revenge","6":"product_cat-couteau-de-rasoir","7":"product_cat-the-bluebeards-revenge-fr","8":"product_shipping_class-standard-fr","9":"sales-flash-overlay","10":"woocommerce-text-align-center","11":"woocommerce-image-align-center","12":"do-quantity-buttons","14":"first","15":"outofstock","16":"sale","17":"taxable","18":"shipping-taxable","19":"purchasable","20":"product-type-simple"},"acf":[],"yoast_head":"<!-- This site is optimized with the Yoast SEO Premium plugin v27.3 (Yoast SEO v27.3) - https:\/\/yoast.com\/product\/yoast-seo-premium-wordpress\/ -->\n<title>Rasoir Claymore\u00a0de Ralf Aust | Manskin.ch<\/title>\n<meta name=\"description\" content=\"Rasoir Claymore\u00a0de Ralf Aust\" \/>\n<meta name=\"robots\" content=\"index, follow, max-snippet:-1, max-image-preview:large, max-video-preview:-1\" \/>\n<link rel=\"canonical\" href=\"https:\/\/manskin.ch\/fr\/produkt\/the-bluebeards-revenge-rasoir-claymore-de-ralf-aust\/\" \/>\n<meta property=\"og:locale\" content=\"fr_FR\" \/>\n<meta property=\"og:type\" content=\"article\" \/>\n<meta property=\"og:title\" content=\"Rasoir Claymore\u00a0de Ralf Aust\" \/>\n<meta property=\"og:description\" content=\"Rasoir Claymore\u00a0de Ralf Aust\" \/>\n<meta property=\"og:url\" content=\"https:\/\/manskin.ch\/fr\/produkt\/the-bluebeards-revenge-rasoir-claymore-de-ralf-aust\/\" \/>\n<meta property=\"og:site_name\" content=\"Manskin.ch\" \/>\n<meta property=\"article:publisher\" content=\"https:\/\/www.facebook.com\/manskin.ch\" \/>\n<meta property=\"article:modified_time\" content=\"2024-06-13T22:00:05+00:00\" \/>\n<meta name=\"twitter:card\" content=\"summary_large_image\" \/>\n<meta name=\"twitter:label1\" content=\"Prix\" \/>\n\t<meta name=\"twitter:data1\" content=\"120.00&#067;&#072;&#070;\" \/>\n\t<meta name=\"twitter:label2\" content=\"Disponibilit\u00e9\" \/>\n\t<meta name=\"twitter:data2\" content=\"Rupture de stock\" \/>\n<script type=\"application\/ld+json\" class=\"yoast-schema-graph\">{\"@context\":\"https:\\\/\\\/schema.org\",\"@graph\":[{\"@type\":\"WebPage\",\"@id\":\"https:\\\/\\\/manskin.ch\\\/fr\\\/produkt\\\/the-bluebeards-revenge-rasoir-claymore-de-ralf-aust\\\/\",\"url\":\"https:\\\/\\\/manskin.ch\\\/fr\\\/produkt\\\/the-bluebeards-revenge-rasoir-claymore-de-ralf-aust\\\/\",\"name\":\"Rasoir Claymore\u00a0de Ralf Aust | Manskin.ch\",\"isPartOf\":{\"@id\":\"https:\\\/\\\/manskin.ch\\\/fr\\\/#website\"},\"datePublished\":\"2022-01-08T11:41:04+00:00\",\"dateModified\":\"2024-06-13T22:00:05+00:00\",\"description\":\"Rasoir Claymore\u00a0de Ralf Aust\",\"breadcrumb\":{\"@id\":\"https:\\\/\\\/manskin.ch\\\/fr\\\/produkt\\\/the-bluebeards-revenge-rasoir-claymore-de-ralf-aust\\\/#breadcrumb\"},\"inLanguage\":\"fr-FR\",\"potentialAction\":[{\"@type\":\"ReadAction\",\"target\":[\"https:\\\/\\\/manskin.ch\\\/fr\\\/produkt\\\/the-bluebeards-revenge-rasoir-claymore-de-ralf-aust\\\/\"]}]},{\"@type\":\"BreadcrumbList\",\"@id\":\"https:\\\/\\\/manskin.ch\\\/fr\\\/produkt\\\/the-bluebeards-revenge-rasoir-claymore-de-ralf-aust\\\/#breadcrumb\",\"itemListElement\":[{\"@type\":\"ListItem\",\"position\":1,\"name\":\"Startseite\",\"item\":\"https:\\\/\\\/manskin.ch\\\/fr\\\/\"},{\"@type\":\"ListItem\",\"position\":2,\"name\":\"Boutique Soins pour Hommes &amp; Skincare\",\"item\":\"https:\\\/\\\/manskin.ch\\\/fr\\\/boutique\\\/\"},{\"@type\":\"ListItem\",\"position\":3,\"name\":\"Rasoir Claymore\u00a0de Ralf Aust\"}]},{\"@type\":\"WebSite\",\"@id\":\"https:\\\/\\\/manskin.ch\\\/fr\\\/#website\",\"url\":\"https:\\\/\\\/manskin.ch\\\/fr\\\/\",\"name\":\"Manskin.ch\",\"description\":\"Tous les produits de beaut\u00e9 pour les hommes les plus exigeants\",\"publisher\":{\"@id\":\"https:\\\/\\\/manskin.ch\\\/fr\\\/#organization\"},\"potentialAction\":[{\"@type\":\"SearchAction\",\"target\":{\"@type\":\"EntryPoint\",\"urlTemplate\":\"https:\\\/\\\/manskin.ch\\\/fr\\\/?s={search_term_string}\"},\"query-input\":{\"@type\":\"PropertyValueSpecification\",\"valueRequired\":true,\"valueName\":\"search_term_string\"}}],\"inLanguage\":\"fr-FR\"},{\"@type\":\"Organization\",\"@id\":\"https:\\\/\\\/manskin.ch\\\/fr\\\/#organization\",\"name\":\"Manskin.ch - der Schweizer Onlineshop f\u00fcr qualit\u00e4tsstarke M\u00e4nnerpflege\",\"url\":\"https:\\\/\\\/manskin.ch\\\/fr\\\/\",\"logo\":{\"@type\":\"ImageObject\",\"inLanguage\":\"fr-FR\",\"@id\":\"https:\\\/\\\/manskin.ch\\\/fr\\\/#\\\/schema\\\/logo\\\/image\\\/\",\"url\":\"https:\\\/\\\/manskin.ch\\\/wp-content\\\/uploads\\\/2021\\\/04\\\/cropped-logo_head.png\",\"contentUrl\":\"https:\\\/\\\/manskin.ch\\\/wp-content\\\/uploads\\\/2021\\\/04\\\/cropped-logo_head.png\",\"width\":235,\"height\":75,\"caption\":\"Manskin.ch - der Schweizer Onlineshop f\u00fcr qualit\u00e4tsstarke M\u00e4nnerpflege\"},\"image\":{\"@id\":\"https:\\\/\\\/manskin.ch\\\/fr\\\/#\\\/schema\\\/logo\\\/image\\\/\"},\"sameAs\":[\"https:\\\/\\\/www.facebook.com\\\/manskin.ch\",\"https:\\\/\\\/www.instagram.com\\\/manskin.ch\\\/\"],\"hasMerchantReturnPolicy\":{\"@type\":\"MerchantReturnPolicy\",\"merchantReturnLink\":\"https:\\\/\\\/manskin.ch\\\/impressum\\\/ruecksendungen\\\/\"}}]}<\/script>\n<meta property=\"product:brand\" content=\"The Bluebeards Revenge\" \/>\n<meta property=\"product:price:amount\" content=\"120.00\" \/>\n<meta property=\"product:price:currency\" content=\"CHF\" \/>\n<meta property=\"og:availability\" content=\"out of stock\" \/>\n<meta property=\"product:availability\" content=\"out of stock\" \/>\n<meta property=\"product:retailer_item_id\" content=\"12238\" \/>\n<meta property=\"product:condition\" content=\"new\" \/>\n<!-- \/ Yoast SEO Premium plugin. -->","yoast_head_json":{"title":"Rasoir Claymore\u00a0de Ralf Aust | Manskin.ch","description":"Rasoir Claymore\u00a0de Ralf Aust","robots":{"index":"index","follow":"follow","max-snippet":"max-snippet:-1","max-image-preview":"max-image-preview:large","max-video-preview":"max-video-preview:-1"},"canonical":"https:\/\/manskin.ch\/fr\/produkt\/the-bluebeards-revenge-rasoir-claymore-de-ralf-aust\/","og_locale":"fr_FR","og_type":"article","og_title":"Rasoir Claymore\u00a0de Ralf Aust","og_description":"Rasoir Claymore\u00a0de Ralf Aust","og_url":"https:\/\/manskin.ch\/fr\/produkt\/the-bluebeards-revenge-rasoir-claymore-de-ralf-aust\/","og_site_name":"Manskin.ch","article_publisher":"https:\/\/www.facebook.com\/manskin.ch","article_modified_time":"2024-06-13T22:00:05+00:00","twitter_card":"summary_large_image","twitter_misc":{"Prix":"120.00&#67;&#72;&#70;","Disponibilit\u00e9":"Rupture de stock"},"schema":{"@context":"https:\/\/schema.org","@graph":[{"@type":"WebPage","@id":"https:\/\/manskin.ch\/fr\/produkt\/the-bluebeards-revenge-rasoir-claymore-de-ralf-aust\/","url":"https:\/\/manskin.ch\/fr\/produkt\/the-bluebeards-revenge-rasoir-claymore-de-ralf-aust\/","name":"Rasoir Claymore\u00a0de Ralf Aust | Manskin.ch","isPartOf":{"@id":"https:\/\/manskin.ch\/fr\/#website"},"datePublished":"2022-01-08T11:41:04+00:00","dateModified":"2024-06-13T22:00:05+00:00","description":"Rasoir Claymore\u00a0de Ralf Aust","breadcrumb":{"@id":"https:\/\/manskin.ch\/fr\/produkt\/the-bluebeards-revenge-rasoir-claymore-de-ralf-aust\/#breadcrumb"},"inLanguage":"fr-FR","potentialAction":[{"@type":"ReadAction","target":["https:\/\/manskin.ch\/fr\/produkt\/the-bluebeards-revenge-rasoir-claymore-de-ralf-aust\/"]}]},{"@type":"BreadcrumbList","@id":"https:\/\/manskin.ch\/fr\/produkt\/the-bluebeards-revenge-rasoir-claymore-de-ralf-aust\/#breadcrumb","itemListElement":[{"@type":"ListItem","position":1,"name":"Startseite","item":"https:\/\/manskin.ch\/fr\/"},{"@type":"ListItem","position":2,"name":"Boutique Soins pour Hommes &amp; Skincare","item":"https:\/\/manskin.ch\/fr\/boutique\/"},{"@type":"ListItem","position":3,"name":"Rasoir Claymore\u00a0de Ralf Aust"}]},{"@type":"WebSite","@id":"https:\/\/manskin.ch\/fr\/#website","url":"https:\/\/manskin.ch\/fr\/","name":"Manskin.ch","description":"Tous les produits de beaut\u00e9 pour les hommes les plus exigeants","publisher":{"@id":"https:\/\/manskin.ch\/fr\/#organization"},"potentialAction":[{"@type":"SearchAction","target":{"@type":"EntryPoint","urlTemplate":"https:\/\/manskin.ch\/fr\/?s={search_term_string}"},"query-input":{"@type":"PropertyValueSpecification","valueRequired":true,"valueName":"search_term_string"}}],"inLanguage":"fr-FR"},{"@type":"Organization","@id":"https:\/\/manskin.ch\/fr\/#organization","name":"Manskin.ch - der Schweizer Onlineshop f\u00fcr qualit\u00e4tsstarke M\u00e4nnerpflege","url":"https:\/\/manskin.ch\/fr\/","logo":{"@type":"ImageObject","inLanguage":"fr-FR","@id":"https:\/\/manskin.ch\/fr\/#\/schema\/logo\/image\/","url":"https:\/\/manskin.ch\/wp-content\/uploads\/2021\/04\/cropped-logo_head.png","contentUrl":"https:\/\/manskin.ch\/wp-content\/uploads\/2021\/04\/cropped-logo_head.png","width":235,"height":75,"caption":"Manskin.ch - der Schweizer Onlineshop f\u00fcr qualit\u00e4tsstarke M\u00e4nnerpflege"},"image":{"@id":"https:\/\/manskin.ch\/fr\/#\/schema\/logo\/image\/"},"sameAs":["https:\/\/www.facebook.com\/manskin.ch","https:\/\/www.instagram.com\/manskin.ch\/"],"hasMerchantReturnPolicy":{"@type":"MerchantReturnPolicy","merchantReturnLink":"https:\/\/manskin.ch\/impressum\/ruecksendungen\/"}}]},"product_brand":"The Bluebeards Revenge","product_price_amount":"120.00","product_price_currency":"CHF","og_availability":"out of stock","product_availability":"out of stock","product_retailer_item_id":"12238","product_condition":"new"},"brands":[{"id":2787,"name":"The Bluebeards Revenge","slug":"the-bluebeards-revenge"}],"_links":{"self":[{"href":"https:\/\/manskin.ch\/fr\/wp-json\/wp\/v2\/product\/35380","targetHints":{"allow":["GET"]}}],"collection":[{"href":"https:\/\/manskin.ch\/fr\/wp-json\/wp\/v2\/product"}],"about":[{"href":"https:\/\/manskin.ch\/fr\/wp-json\/wp\/v2\/types\/product"}],"replies":[{"embeddable":true,"href":"https:\/\/manskin.ch\/fr\/wp-json\/wp\/v2\/comments?post=35380"}],"wp:attachment":[{"href":"https:\/\/manskin.ch\/fr\/wp-json\/wp\/v2\/media?parent=35380"}],"wp:term":[{"taxonomy":"pwb-brand","embeddable":true,"href":"https:\/\/manskin.ch\/fr\/wp-json\/wp\/v2\/pwb-brand?post=35380"},{"taxonomy":"product_brand","embeddable":true,"href":"https:\/\/manskin.ch\/fr\/wp-json\/wp\/v2\/product_brand?post=35380"},{"taxonomy":"product_cat","embeddable":true,"href":"https:\/\/manskin.ch\/fr\/wp-json\/wp\/v2\/product_cat?post=35380"},{"taxonomy":"product_tag","embeddable":true,"href":"https:\/\/manskin.ch\/fr\/wp-json\/wp\/v2\/product_tag?post=35380"}],"curies":[{"name":"wp","href":"https:\/\/api.w.org\/{rel}","templated":true}]}}