{"id":35022,"date":"2022-05-09T09:58:18","date_gmt":"2022-05-09T07:58:18","guid":{"rendered":"https:\/\/manskin.ch\/produkt\/hanz-de-fuko-gravity-paste-2\/"},"modified":"2025-10-12T11:53:53","modified_gmt":"2025-10-12T09:53:53","slug":"hanz-de-fuko-gravity-paste","status":"publish","type":"product","link":"https:\/\/manskin.ch\/fr\/produkt\/hanz-de-fuko-gravity-paste\/","title":{"rendered":"Gravity Paste"},"content":{"rendered":"<h2>Hanz De Fuko &#8211; Gravity Paste<\/h2>\n<ul>\n<li>Avec Gravity Paste, Hanz de Fuko a r\u00e9ussi une perc\u00e9e scientifique &#8211; le produit contient des propri\u00e9t\u00e9s r\u00e9volutionnaires qui s&rsquo;activent d\u00e8s que le produit est appliqu\u00e9 et frott\u00e9 entre les paumes des mains pour modeler les cheveux sans effort.<\/li>\n<li><span style=\"font-size: 16px;\">Ce nouveau produit de coiffage innovant offre une haute tenue avec la technologie \u00ab\u00a0Super-Grip\u00a0\u00bb pour r\u00e9aliser toutes les coiffures imaginables avec une faible brillance.<\/span><\/li>\n<li><span style=\"font-size: 16px;\">Tenue forte<\/span><span style=\"font-size: 16px;\"><br \/>\n<\/span><\/li>\n<li><span style=\"font-size: 16px;\">Brillance moyenne<br \/>\n<\/span><\/li>\n<li><span style=\"font-size: 16px;\">Ingr\u00e9dients naturels<br \/>\n<\/span><\/li>\n<li><span style=\"font-size: 16px;\">Sans parab\u00e8nes<\/span><\/li>\n<\/ul>\n<p>Application: appliquer une quantit\u00e9 d&rsquo;une pi\u00e8ce de monnaie et frotter vigoureusement entre les paumes des mains pour activer le \u00ab\u00a0super grip\u00a0\u00bb (lorsque le produit commence \u00e0 devenir \u00ab\u00a0collant\u00a0\u00bb). Ensuite, masser les cheveux humides ou secs pour un maximum de tenue et de texture.<\/p>\n<p>Contenu 56 gr.<\/p>\n","protected":false},"excerpt":{"rendered":"<p>Tenue forte et brillance moyenne<\/p>\n","protected":false},"featured_media":31201,"comment_status":"closed","ping_status":"closed","template":"","meta":{"_acf_changed":false},"pwb-brand":[2764],"product_brand":[],"product_cat":[2699,6576,2310],"product_tag":[],"class_list":{"0":"post-35022","1":"product","2":"type-product","3":"status-publish","4":"has-post-thumbnail","6":"pwb-brand-hanz-de-fuko","7":"product_cat-hanz-de-fuko-fr","8":"product_cat-myabo-fr","9":"product_cat-styling-cheveux","10":"product_shipping_class-standard-fr","11":"pa_hersteller-hanz-de-fuko-fr-2","12":"sales-flash-overlay","13":"woocommerce-text-align-center","14":"woocommerce-image-align-center","15":"do-quantity-buttons","16":"has-subscription-plans","18":"first","19":"instock","20":"purchasable","21":"product-type-simple"},"acf":[],"yoast_head":"<!-- This site is optimized with the Yoast SEO Premium plugin v27.3 (Yoast SEO v27.3) - https:\/\/yoast.com\/product\/yoast-seo-premium-wordpress\/ -->\n<title>Hanz De Fuko - Gravity Paste coiffure fixation forte - Manskin.ch<\/title>\n<meta name=\"description\" content=\"Ce nouveau produit de coiffage innovant offre une haute tenue avec la technologie &quot;Super-Grip&quot; pour obtenir n&#039;importe quelle coiffure avec peu de brillance.\" \/>\n<meta name=\"robots\" content=\"index, follow, max-snippet:-1, max-image-preview:large, max-video-preview:-1\" \/>\n<link rel=\"canonical\" href=\"https:\/\/manskin.ch\/fr\/produkt\/hanz-de-fuko-gravity-paste\/\" \/>\n<meta property=\"og:locale\" content=\"fr_FR\" \/>\n<meta property=\"og:type\" content=\"article\" \/>\n<meta property=\"og:title\" content=\"Gravity Paste\" \/>\n<meta property=\"og:description\" content=\"Ce nouveau produit de coiffage innovant offre une haute tenue avec la technologie &quot;Super-Grip&quot; pour obtenir n&#039;importe quelle coiffure avec peu de brillance.\" \/>\n<meta property=\"og:url\" content=\"https:\/\/manskin.ch\/fr\/produkt\/hanz-de-fuko-gravity-paste\/\" \/>\n<meta property=\"og:site_name\" content=\"Manskin.ch\" \/>\n<meta property=\"article:publisher\" content=\"https:\/\/www.facebook.com\/manskin.ch\" \/>\n<meta property=\"article:modified_time\" content=\"2025-10-12T09:53:53+00:00\" \/>\n<meta property=\"og:image\" content=\"https:\/\/manskin.ch\/wp-content\/uploads\/2022\/05\/Gravity-Paste.jpg\" \/>\n\t<meta property=\"og:image:width\" content=\"800\" \/>\n\t<meta property=\"og:image:height\" content=\"800\" \/>\n\t<meta property=\"og:image:type\" content=\"image\/jpeg\" \/>\n<meta name=\"twitter:card\" content=\"summary_large_image\" \/>\n<meta name=\"twitter:label1\" content=\"Prix\" \/>\n\t<meta name=\"twitter:data1\" content=\"26.50&#067;&#072;&#070;\" \/>\n\t<meta name=\"twitter:label2\" content=\"Disponibilit\u00e9\" \/>\n\t<meta name=\"twitter:data2\" content=\"En stock\" \/>\n<script type=\"application\/ld+json\" class=\"yoast-schema-graph\">{\"@context\":\"https:\\\/\\\/schema.org\",\"@graph\":[{\"@type\":\"WebPage\",\"@id\":\"https:\\\/\\\/manskin.ch\\\/fr\\\/produkt\\\/hanz-de-fuko-gravity-paste\\\/\",\"url\":\"https:\\\/\\\/manskin.ch\\\/fr\\\/produkt\\\/hanz-de-fuko-gravity-paste\\\/\",\"name\":\"Hanz De Fuko - Gravity Paste coiffure fixation forte - Manskin.ch\",\"isPartOf\":{\"@id\":\"https:\\\/\\\/manskin.ch\\\/fr\\\/#website\"},\"primaryImageOfPage\":{\"@id\":\"https:\\\/\\\/manskin.ch\\\/fr\\\/produkt\\\/hanz-de-fuko-gravity-paste\\\/#primaryimage\"},\"image\":{\"@id\":\"https:\\\/\\\/manskin.ch\\\/fr\\\/produkt\\\/hanz-de-fuko-gravity-paste\\\/#primaryimage\"},\"thumbnailUrl\":\"https:\\\/\\\/manskin.ch\\\/wp-content\\\/uploads\\\/2022\\\/05\\\/Gravity-Paste.jpg\",\"datePublished\":\"2022-05-09T07:58:18+00:00\",\"dateModified\":\"2025-10-12T09:53:53+00:00\",\"description\":\"Ce nouveau produit de coiffage innovant offre une haute tenue avec la technologie \\\"Super-Grip\\\" pour obtenir n'importe quelle coiffure avec peu de brillance.\",\"breadcrumb\":{\"@id\":\"https:\\\/\\\/manskin.ch\\\/fr\\\/produkt\\\/hanz-de-fuko-gravity-paste\\\/#breadcrumb\"},\"inLanguage\":\"fr-FR\",\"potentialAction\":[{\"@type\":\"ReadAction\",\"target\":[\"https:\\\/\\\/manskin.ch\\\/fr\\\/produkt\\\/hanz-de-fuko-gravity-paste\\\/\"]}]},{\"@type\":\"ImageObject\",\"inLanguage\":\"fr-FR\",\"@id\":\"https:\\\/\\\/manskin.ch\\\/fr\\\/produkt\\\/hanz-de-fuko-gravity-paste\\\/#primaryimage\",\"url\":\"https:\\\/\\\/manskin.ch\\\/wp-content\\\/uploads\\\/2022\\\/05\\\/Gravity-Paste.jpg\",\"contentUrl\":\"https:\\\/\\\/manskin.ch\\\/wp-content\\\/uploads\\\/2022\\\/05\\\/Gravity-Paste.jpg\",\"width\":800,\"height\":800},{\"@type\":\"BreadcrumbList\",\"@id\":\"https:\\\/\\\/manskin.ch\\\/fr\\\/produkt\\\/hanz-de-fuko-gravity-paste\\\/#breadcrumb\",\"itemListElement\":[{\"@type\":\"ListItem\",\"position\":1,\"name\":\"Startseite\",\"item\":\"https:\\\/\\\/manskin.ch\\\/fr\\\/\"},{\"@type\":\"ListItem\",\"position\":2,\"name\":\"Boutique Soins pour Hommes &amp; Skincare\",\"item\":\"https:\\\/\\\/manskin.ch\\\/fr\\\/boutique\\\/\"},{\"@type\":\"ListItem\",\"position\":3,\"name\":\"Gravity Paste\"}]},{\"@type\":\"WebSite\",\"@id\":\"https:\\\/\\\/manskin.ch\\\/fr\\\/#website\",\"url\":\"https:\\\/\\\/manskin.ch\\\/fr\\\/\",\"name\":\"Manskin.ch\",\"description\":\"Tous les produits de beaut\u00e9 pour les hommes les plus exigeants\",\"publisher\":{\"@id\":\"https:\\\/\\\/manskin.ch\\\/fr\\\/#organization\"},\"potentialAction\":[{\"@type\":\"SearchAction\",\"target\":{\"@type\":\"EntryPoint\",\"urlTemplate\":\"https:\\\/\\\/manskin.ch\\\/fr\\\/?s={search_term_string}\"},\"query-input\":{\"@type\":\"PropertyValueSpecification\",\"valueRequired\":true,\"valueName\":\"search_term_string\"}}],\"inLanguage\":\"fr-FR\"},{\"@type\":\"Organization\",\"@id\":\"https:\\\/\\\/manskin.ch\\\/fr\\\/#organization\",\"name\":\"Manskin.ch - der Schweizer Onlineshop f\u00fcr qualit\u00e4tsstarke M\u00e4nnerpflege\",\"url\":\"https:\\\/\\\/manskin.ch\\\/fr\\\/\",\"logo\":{\"@type\":\"ImageObject\",\"inLanguage\":\"fr-FR\",\"@id\":\"https:\\\/\\\/manskin.ch\\\/fr\\\/#\\\/schema\\\/logo\\\/image\\\/\",\"url\":\"https:\\\/\\\/manskin.ch\\\/wp-content\\\/uploads\\\/2021\\\/04\\\/cropped-logo_head.png\",\"contentUrl\":\"https:\\\/\\\/manskin.ch\\\/wp-content\\\/uploads\\\/2021\\\/04\\\/cropped-logo_head.png\",\"width\":235,\"height\":75,\"caption\":\"Manskin.ch - der Schweizer Onlineshop f\u00fcr qualit\u00e4tsstarke M\u00e4nnerpflege\"},\"image\":{\"@id\":\"https:\\\/\\\/manskin.ch\\\/fr\\\/#\\\/schema\\\/logo\\\/image\\\/\"},\"sameAs\":[\"https:\\\/\\\/www.facebook.com\\\/manskin.ch\",\"https:\\\/\\\/www.instagram.com\\\/manskin.ch\\\/\"]}]}<\/script>\n<meta property=\"product:price:amount\" content=\"26.50\" \/>\n<meta property=\"product:price:currency\" content=\"CHF\" \/>\n<meta property=\"og:availability\" content=\"instock\" \/>\n<meta property=\"product:availability\" content=\"instock\" \/>\n<meta property=\"product:retailer_item_id\" content=\"13081\" \/>\n<meta property=\"product:condition\" content=\"new\" \/>\n<!-- \/ Yoast SEO Premium plugin. -->","yoast_head_json":{"title":"Hanz De Fuko - Gravity Paste coiffure fixation forte - Manskin.ch","description":"Ce nouveau produit de coiffage innovant offre une haute tenue avec la technologie \"Super-Grip\" pour obtenir n'importe quelle coiffure avec peu de brillance.","robots":{"index":"index","follow":"follow","max-snippet":"max-snippet:-1","max-image-preview":"max-image-preview:large","max-video-preview":"max-video-preview:-1"},"canonical":"https:\/\/manskin.ch\/fr\/produkt\/hanz-de-fuko-gravity-paste\/","og_locale":"fr_FR","og_type":"article","og_title":"Gravity Paste","og_description":"Ce nouveau produit de coiffage innovant offre une haute tenue avec la technologie \"Super-Grip\" pour obtenir n'importe quelle coiffure avec peu de brillance.","og_url":"https:\/\/manskin.ch\/fr\/produkt\/hanz-de-fuko-gravity-paste\/","og_site_name":"Manskin.ch","article_publisher":"https:\/\/www.facebook.com\/manskin.ch","article_modified_time":"2025-10-12T09:53:53+00:00","og_image":[{"width":800,"height":800,"url":"https:\/\/manskin.ch\/wp-content\/uploads\/2022\/05\/Gravity-Paste.jpg","type":"image\/jpeg"}],"twitter_card":"summary_large_image","twitter_misc":{"Prix":"26.50&#67;&#72;&#70;","Disponibilit\u00e9":"En stock"},"schema":{"@context":"https:\/\/schema.org","@graph":[{"@type":"WebPage","@id":"https:\/\/manskin.ch\/fr\/produkt\/hanz-de-fuko-gravity-paste\/","url":"https:\/\/manskin.ch\/fr\/produkt\/hanz-de-fuko-gravity-paste\/","name":"Hanz De Fuko - Gravity Paste coiffure fixation forte - Manskin.ch","isPartOf":{"@id":"https:\/\/manskin.ch\/fr\/#website"},"primaryImageOfPage":{"@id":"https:\/\/manskin.ch\/fr\/produkt\/hanz-de-fuko-gravity-paste\/#primaryimage"},"image":{"@id":"https:\/\/manskin.ch\/fr\/produkt\/hanz-de-fuko-gravity-paste\/#primaryimage"},"thumbnailUrl":"https:\/\/manskin.ch\/wp-content\/uploads\/2022\/05\/Gravity-Paste.jpg","datePublished":"2022-05-09T07:58:18+00:00","dateModified":"2025-10-12T09:53:53+00:00","description":"Ce nouveau produit de coiffage innovant offre une haute tenue avec la technologie \"Super-Grip\" pour obtenir n'importe quelle coiffure avec peu de brillance.","breadcrumb":{"@id":"https:\/\/manskin.ch\/fr\/produkt\/hanz-de-fuko-gravity-paste\/#breadcrumb"},"inLanguage":"fr-FR","potentialAction":[{"@type":"ReadAction","target":["https:\/\/manskin.ch\/fr\/produkt\/hanz-de-fuko-gravity-paste\/"]}]},{"@type":"ImageObject","inLanguage":"fr-FR","@id":"https:\/\/manskin.ch\/fr\/produkt\/hanz-de-fuko-gravity-paste\/#primaryimage","url":"https:\/\/manskin.ch\/wp-content\/uploads\/2022\/05\/Gravity-Paste.jpg","contentUrl":"https:\/\/manskin.ch\/wp-content\/uploads\/2022\/05\/Gravity-Paste.jpg","width":800,"height":800},{"@type":"BreadcrumbList","@id":"https:\/\/manskin.ch\/fr\/produkt\/hanz-de-fuko-gravity-paste\/#breadcrumb","itemListElement":[{"@type":"ListItem","position":1,"name":"Startseite","item":"https:\/\/manskin.ch\/fr\/"},{"@type":"ListItem","position":2,"name":"Boutique Soins pour Hommes &amp; Skincare","item":"https:\/\/manskin.ch\/fr\/boutique\/"},{"@type":"ListItem","position":3,"name":"Gravity Paste"}]},{"@type":"WebSite","@id":"https:\/\/manskin.ch\/fr\/#website","url":"https:\/\/manskin.ch\/fr\/","name":"Manskin.ch","description":"Tous les produits de beaut\u00e9 pour les hommes les plus exigeants","publisher":{"@id":"https:\/\/manskin.ch\/fr\/#organization"},"potentialAction":[{"@type":"SearchAction","target":{"@type":"EntryPoint","urlTemplate":"https:\/\/manskin.ch\/fr\/?s={search_term_string}"},"query-input":{"@type":"PropertyValueSpecification","valueRequired":true,"valueName":"search_term_string"}}],"inLanguage":"fr-FR"},{"@type":"Organization","@id":"https:\/\/manskin.ch\/fr\/#organization","name":"Manskin.ch - der Schweizer Onlineshop f\u00fcr qualit\u00e4tsstarke M\u00e4nnerpflege","url":"https:\/\/manskin.ch\/fr\/","logo":{"@type":"ImageObject","inLanguage":"fr-FR","@id":"https:\/\/manskin.ch\/fr\/#\/schema\/logo\/image\/","url":"https:\/\/manskin.ch\/wp-content\/uploads\/2021\/04\/cropped-logo_head.png","contentUrl":"https:\/\/manskin.ch\/wp-content\/uploads\/2021\/04\/cropped-logo_head.png","width":235,"height":75,"caption":"Manskin.ch - der Schweizer Onlineshop f\u00fcr qualit\u00e4tsstarke M\u00e4nnerpflege"},"image":{"@id":"https:\/\/manskin.ch\/fr\/#\/schema\/logo\/image\/"},"sameAs":["https:\/\/www.facebook.com\/manskin.ch","https:\/\/www.instagram.com\/manskin.ch\/"]}]},"product_price_amount":"26.50","product_price_currency":"CHF","og_availability":"instock","product_availability":"instock","product_retailer_item_id":"13081","product_condition":"new"},"brands":[{"id":2764,"name":"Hanz de Fuko","slug":"hanz-de-fuko"}],"_links":{"self":[{"href":"https:\/\/manskin.ch\/fr\/wp-json\/wp\/v2\/product\/35022","targetHints":{"allow":["GET"]}}],"collection":[{"href":"https:\/\/manskin.ch\/fr\/wp-json\/wp\/v2\/product"}],"about":[{"href":"https:\/\/manskin.ch\/fr\/wp-json\/wp\/v2\/types\/product"}],"replies":[{"embeddable":true,"href":"https:\/\/manskin.ch\/fr\/wp-json\/wp\/v2\/comments?post=35022"}],"wp:featuredmedia":[{"embeddable":true,"href":"https:\/\/manskin.ch\/fr\/wp-json\/wp\/v2\/media\/31201"}],"wp:attachment":[{"href":"https:\/\/manskin.ch\/fr\/wp-json\/wp\/v2\/media?parent=35022"}],"wp:term":[{"taxonomy":"pwb-brand","embeddable":true,"href":"https:\/\/manskin.ch\/fr\/wp-json\/wp\/v2\/pwb-brand?post=35022"},{"taxonomy":"product_brand","embeddable":true,"href":"https:\/\/manskin.ch\/fr\/wp-json\/wp\/v2\/product_brand?post=35022"},{"taxonomy":"product_cat","embeddable":true,"href":"https:\/\/manskin.ch\/fr\/wp-json\/wp\/v2\/product_cat?post=35022"},{"taxonomy":"product_tag","embeddable":true,"href":"https:\/\/manskin.ch\/fr\/wp-json\/wp\/v2\/product_tag?post=35022"}],"curies":[{"name":"wp","href":"https:\/\/api.w.org\/{rel}","templated":true}]}}