{"id":32642,"date":"2024-04-21T11:22:02","date_gmt":"2024-04-21T09:22:02","guid":{"rendered":"https:\/\/manskin.ch\/produkt\/porte-savon-amante\/"},"modified":"2025-10-15T14:55:36","modified_gmt":"2025-10-15T12:55:36","slug":"sapiens-porte-savon-magnetique","status":"publish","type":"product","link":"https:\/\/manskin.ch\/fr\/produkt\/sapiens-porte-savon-magnetique\/","title":{"rendered":"Sapiens &#8211; Porte-savon magn\u00e9tique"},"content":{"rendered":"<h2>Sapiens . &#8211; Porte-savon magn&eacute;tique<\/h2>\n<p>&nbsp;<\/p>\n<ul>\n<li>Maximise la dur&eacute;e de vie de tes savons et apporte une touche de magie dans la douche avec le porte-savon magn&eacute;tique de Sapiens.<\/li>\n<li>Le design simple mais extr&ecirc;mement efficace fait flotter le savon dans la salle de bains.<\/li>\n<li>Le porte-savon magn&eacute;tique garde ton savon au sec pendant qu&#39;il flotte sous la douche. C&#39;est tr&egrave;s simple.<\/li>\n<\/ul>\n","protected":false},"excerpt":{"rendered":"<p>Maintient le savon sec<\/p>\n","protected":false},"featured_media":32605,"comment_status":"closed","ping_status":"closed","template":"","meta":{"_acf_changed":false},"pwb-brand":[2832],"product_brand":[],"product_cat":[2831,2870,2495],"product_tag":[],"class_list":{"0":"post-32642","1":"product","2":"type-product","3":"status-publish","4":"has-post-thumbnail","6":"pwb-brand-sapiens","7":"product_cat-sapiens-fr","8":"product_cat-savon-fr","9":"product_cat-savon-pour-le-corps","10":"product_shipping_class-standard-fr","11":"sales-flash-overlay","12":"woocommerce-text-align-center","13":"woocommerce-image-align-center","14":"do-quantity-buttons","15":"wc-has-gallery","17":"first","18":"instock","19":"taxable","20":"shipping-taxable","21":"purchasable","22":"product-type-simple"},"acf":[],"yoast_head":"<!-- This site is optimized with the Yoast SEO Premium plugin v27.3 (Yoast SEO v27.3) - https:\/\/yoast.com\/product\/yoast-seo-premium-wordpress\/ -->\n<title>Sapiens - Porte-savon magn\u00e9tique | Manskin.ch<\/title>\n<meta name=\"description\" content=\"Sapiens - Porte-savon magn\u00e9tique\" \/>\n<meta name=\"robots\" content=\"index, follow, max-snippet:-1, max-image-preview:large, max-video-preview:-1\" \/>\n<link rel=\"canonical\" href=\"https:\/\/manskin.ch\/fr\/produkt\/sapiens-porte-savon-magnetique\/\" \/>\n<meta property=\"og:locale\" content=\"fr_FR\" \/>\n<meta property=\"og:type\" content=\"article\" \/>\n<meta property=\"og:title\" content=\"Sapiens - Porte-savon magn\u00e9tique\" \/>\n<meta property=\"og:description\" content=\"Sapiens - Porte-savon magn\u00e9tique\" \/>\n<meta property=\"og:url\" content=\"https:\/\/manskin.ch\/fr\/produkt\/sapiens-porte-savon-magnetique\/\" \/>\n<meta property=\"og:site_name\" content=\"Manskin.ch\" \/>\n<meta property=\"article:publisher\" content=\"https:\/\/www.facebook.com\/manskin.ch\" \/>\n<meta property=\"article:modified_time\" content=\"2025-10-15T12:55:36+00:00\" \/>\n<meta property=\"og:image\" content=\"https:\/\/manskin.ch\/wp-content\/uploads\/2024\/04\/Porte-Savon-Aimante-Sapiens-30607215_1024x1024.jpeg\" \/>\n\t<meta property=\"og:image:width\" content=\"800\" \/>\n\t<meta property=\"og:image:height\" content=\"800\" \/>\n\t<meta property=\"og:image:type\" content=\"image\/jpeg\" \/>\n<meta name=\"twitter:card\" content=\"summary_large_image\" \/>\n<meta name=\"twitter:label1\" content=\"Prix\" \/>\n\t<meta name=\"twitter:data1\" content=\"12.00&#067;&#072;&#070;\" \/>\n\t<meta name=\"twitter:label2\" content=\"Disponibilit\u00e9\" \/>\n\t<meta name=\"twitter:data2\" content=\"En stock\" \/>\n<script type=\"application\/ld+json\" class=\"yoast-schema-graph\">{\"@context\":\"https:\\\/\\\/schema.org\",\"@graph\":[{\"@type\":\"WebPage\",\"@id\":\"https:\\\/\\\/manskin.ch\\\/fr\\\/produkt\\\/sapiens-porte-savon-magnetique\\\/\",\"url\":\"https:\\\/\\\/manskin.ch\\\/fr\\\/produkt\\\/sapiens-porte-savon-magnetique\\\/\",\"name\":\"Sapiens - Porte-savon magn\u00e9tique | Manskin.ch\",\"isPartOf\":{\"@id\":\"https:\\\/\\\/manskin.ch\\\/fr\\\/#website\"},\"primaryImageOfPage\":{\"@id\":\"https:\\\/\\\/manskin.ch\\\/fr\\\/produkt\\\/sapiens-porte-savon-magnetique\\\/#primaryimage\"},\"image\":{\"@id\":\"https:\\\/\\\/manskin.ch\\\/fr\\\/produkt\\\/sapiens-porte-savon-magnetique\\\/#primaryimage\"},\"thumbnailUrl\":\"https:\\\/\\\/manskin.ch\\\/wp-content\\\/uploads\\\/2024\\\/04\\\/Porte-Savon-Aimante-Sapiens-30607215_1024x1024.jpeg\",\"datePublished\":\"2024-04-21T09:22:02+00:00\",\"dateModified\":\"2025-10-15T12:55:36+00:00\",\"description\":\"Sapiens - Porte-savon magn\u00e9tique\",\"breadcrumb\":{\"@id\":\"https:\\\/\\\/manskin.ch\\\/fr\\\/produkt\\\/sapiens-porte-savon-magnetique\\\/#breadcrumb\"},\"inLanguage\":\"fr-FR\",\"potentialAction\":[{\"@type\":\"ReadAction\",\"target\":[\"https:\\\/\\\/manskin.ch\\\/fr\\\/produkt\\\/sapiens-porte-savon-magnetique\\\/\"]}]},{\"@type\":\"ImageObject\",\"inLanguage\":\"fr-FR\",\"@id\":\"https:\\\/\\\/manskin.ch\\\/fr\\\/produkt\\\/sapiens-porte-savon-magnetique\\\/#primaryimage\",\"url\":\"https:\\\/\\\/manskin.ch\\\/wp-content\\\/uploads\\\/2024\\\/04\\\/Porte-Savon-Aimante-Sapiens-30607215_1024x1024.jpeg\",\"contentUrl\":\"https:\\\/\\\/manskin.ch\\\/wp-content\\\/uploads\\\/2024\\\/04\\\/Porte-Savon-Aimante-Sapiens-30607215_1024x1024.jpeg\",\"width\":800,\"height\":800},{\"@type\":\"BreadcrumbList\",\"@id\":\"https:\\\/\\\/manskin.ch\\\/fr\\\/produkt\\\/sapiens-porte-savon-magnetique\\\/#breadcrumb\",\"itemListElement\":[{\"@type\":\"ListItem\",\"position\":1,\"name\":\"Startseite\",\"item\":\"https:\\\/\\\/manskin.ch\\\/fr\\\/\"},{\"@type\":\"ListItem\",\"position\":2,\"name\":\"Boutique\",\"item\":\"https:\\\/\\\/manskin.ch\\\/fr\\\/boutique\\\/\"},{\"@type\":\"ListItem\",\"position\":3,\"name\":\"Sapiens &#8211; Porte-savon magn\u00e9tique\"}]},{\"@type\":\"WebSite\",\"@id\":\"https:\\\/\\\/manskin.ch\\\/fr\\\/#website\",\"url\":\"https:\\\/\\\/manskin.ch\\\/fr\\\/\",\"name\":\"Manskin.ch\",\"description\":\"Tous les produits de beaut\u00e9 pour les hommes les plus exigeants\",\"publisher\":{\"@id\":\"https:\\\/\\\/manskin.ch\\\/fr\\\/#organization\"},\"potentialAction\":[{\"@type\":\"SearchAction\",\"target\":{\"@type\":\"EntryPoint\",\"urlTemplate\":\"https:\\\/\\\/manskin.ch\\\/fr\\\/?s={search_term_string}\"},\"query-input\":{\"@type\":\"PropertyValueSpecification\",\"valueRequired\":true,\"valueName\":\"search_term_string\"}}],\"inLanguage\":\"fr-FR\"},{\"@type\":\"Organization\",\"@id\":\"https:\\\/\\\/manskin.ch\\\/fr\\\/#organization\",\"name\":\"Manskin.ch - der Schweizer Onlineshop f\u00fcr qualit\u00e4tsstarke M\u00e4nnerpflege\",\"url\":\"https:\\\/\\\/manskin.ch\\\/fr\\\/\",\"logo\":{\"@type\":\"ImageObject\",\"inLanguage\":\"fr-FR\",\"@id\":\"https:\\\/\\\/manskin.ch\\\/fr\\\/#\\\/schema\\\/logo\\\/image\\\/\",\"url\":\"https:\\\/\\\/manskin.ch\\\/wp-content\\\/uploads\\\/2021\\\/04\\\/cropped-logo_head.png\",\"contentUrl\":\"https:\\\/\\\/manskin.ch\\\/wp-content\\\/uploads\\\/2021\\\/04\\\/cropped-logo_head.png\",\"width\":235,\"height\":75,\"caption\":\"Manskin.ch - der Schweizer Onlineshop f\u00fcr qualit\u00e4tsstarke M\u00e4nnerpflege\"},\"image\":{\"@id\":\"https:\\\/\\\/manskin.ch\\\/fr\\\/#\\\/schema\\\/logo\\\/image\\\/\"},\"sameAs\":[\"https:\\\/\\\/www.facebook.com\\\/manskin.ch\",\"https:\\\/\\\/www.instagram.com\\\/manskin.ch\\\/\"]}]}<\/script>\n<meta property=\"product:price:amount\" content=\"12.00\" \/>\n<meta property=\"product:price:currency\" content=\"CHF\" \/>\n<meta property=\"og:availability\" content=\"instock\" \/>\n<meta property=\"product:availability\" content=\"instock\" \/>\n<meta property=\"product:retailer_item_id\" content=\"14093\" \/>\n<meta property=\"product:condition\" content=\"new\" \/>\n<!-- \/ Yoast SEO Premium plugin. -->","yoast_head_json":{"title":"Sapiens - Porte-savon magn\u00e9tique | Manskin.ch","description":"Sapiens - Porte-savon magn\u00e9tique","robots":{"index":"index","follow":"follow","max-snippet":"max-snippet:-1","max-image-preview":"max-image-preview:large","max-video-preview":"max-video-preview:-1"},"canonical":"https:\/\/manskin.ch\/fr\/produkt\/sapiens-porte-savon-magnetique\/","og_locale":"fr_FR","og_type":"article","og_title":"Sapiens - Porte-savon magn\u00e9tique","og_description":"Sapiens - Porte-savon magn\u00e9tique","og_url":"https:\/\/manskin.ch\/fr\/produkt\/sapiens-porte-savon-magnetique\/","og_site_name":"Manskin.ch","article_publisher":"https:\/\/www.facebook.com\/manskin.ch","article_modified_time":"2025-10-15T12:55:36+00:00","og_image":[{"width":800,"height":800,"url":"https:\/\/manskin.ch\/wp-content\/uploads\/2024\/04\/Porte-Savon-Aimante-Sapiens-30607215_1024x1024.jpeg","type":"image\/jpeg"}],"twitter_card":"summary_large_image","twitter_misc":{"Prix":"12.00&#67;&#72;&#70;","Disponibilit\u00e9":"En stock"},"schema":{"@context":"https:\/\/schema.org","@graph":[{"@type":"WebPage","@id":"https:\/\/manskin.ch\/fr\/produkt\/sapiens-porte-savon-magnetique\/","url":"https:\/\/manskin.ch\/fr\/produkt\/sapiens-porte-savon-magnetique\/","name":"Sapiens - Porte-savon magn\u00e9tique | Manskin.ch","isPartOf":{"@id":"https:\/\/manskin.ch\/fr\/#website"},"primaryImageOfPage":{"@id":"https:\/\/manskin.ch\/fr\/produkt\/sapiens-porte-savon-magnetique\/#primaryimage"},"image":{"@id":"https:\/\/manskin.ch\/fr\/produkt\/sapiens-porte-savon-magnetique\/#primaryimage"},"thumbnailUrl":"https:\/\/manskin.ch\/wp-content\/uploads\/2024\/04\/Porte-Savon-Aimante-Sapiens-30607215_1024x1024.jpeg","datePublished":"2024-04-21T09:22:02+00:00","dateModified":"2025-10-15T12:55:36+00:00","description":"Sapiens - Porte-savon magn\u00e9tique","breadcrumb":{"@id":"https:\/\/manskin.ch\/fr\/produkt\/sapiens-porte-savon-magnetique\/#breadcrumb"},"inLanguage":"fr-FR","potentialAction":[{"@type":"ReadAction","target":["https:\/\/manskin.ch\/fr\/produkt\/sapiens-porte-savon-magnetique\/"]}]},{"@type":"ImageObject","inLanguage":"fr-FR","@id":"https:\/\/manskin.ch\/fr\/produkt\/sapiens-porte-savon-magnetique\/#primaryimage","url":"https:\/\/manskin.ch\/wp-content\/uploads\/2024\/04\/Porte-Savon-Aimante-Sapiens-30607215_1024x1024.jpeg","contentUrl":"https:\/\/manskin.ch\/wp-content\/uploads\/2024\/04\/Porte-Savon-Aimante-Sapiens-30607215_1024x1024.jpeg","width":800,"height":800},{"@type":"BreadcrumbList","@id":"https:\/\/manskin.ch\/fr\/produkt\/sapiens-porte-savon-magnetique\/#breadcrumb","itemListElement":[{"@type":"ListItem","position":1,"name":"Startseite","item":"https:\/\/manskin.ch\/fr\/"},{"@type":"ListItem","position":2,"name":"Boutique","item":"https:\/\/manskin.ch\/fr\/boutique\/"},{"@type":"ListItem","position":3,"name":"Sapiens &#8211; Porte-savon magn\u00e9tique"}]},{"@type":"WebSite","@id":"https:\/\/manskin.ch\/fr\/#website","url":"https:\/\/manskin.ch\/fr\/","name":"Manskin.ch","description":"Tous les produits de beaut\u00e9 pour les hommes les plus exigeants","publisher":{"@id":"https:\/\/manskin.ch\/fr\/#organization"},"potentialAction":[{"@type":"SearchAction","target":{"@type":"EntryPoint","urlTemplate":"https:\/\/manskin.ch\/fr\/?s={search_term_string}"},"query-input":{"@type":"PropertyValueSpecification","valueRequired":true,"valueName":"search_term_string"}}],"inLanguage":"fr-FR"},{"@type":"Organization","@id":"https:\/\/manskin.ch\/fr\/#organization","name":"Manskin.ch - der Schweizer Onlineshop f\u00fcr qualit\u00e4tsstarke M\u00e4nnerpflege","url":"https:\/\/manskin.ch\/fr\/","logo":{"@type":"ImageObject","inLanguage":"fr-FR","@id":"https:\/\/manskin.ch\/fr\/#\/schema\/logo\/image\/","url":"https:\/\/manskin.ch\/wp-content\/uploads\/2021\/04\/cropped-logo_head.png","contentUrl":"https:\/\/manskin.ch\/wp-content\/uploads\/2021\/04\/cropped-logo_head.png","width":235,"height":75,"caption":"Manskin.ch - der Schweizer Onlineshop f\u00fcr qualit\u00e4tsstarke M\u00e4nnerpflege"},"image":{"@id":"https:\/\/manskin.ch\/fr\/#\/schema\/logo\/image\/"},"sameAs":["https:\/\/www.facebook.com\/manskin.ch","https:\/\/www.instagram.com\/manskin.ch\/"]}]},"product_price_amount":"12.00","product_price_currency":"CHF","og_availability":"instock","product_availability":"instock","product_retailer_item_id":"14093","product_condition":"new"},"brands":[{"id":2832,"name":"Sapiens.","slug":"sapiens"}],"_links":{"self":[{"href":"https:\/\/manskin.ch\/fr\/wp-json\/wp\/v2\/product\/32642","targetHints":{"allow":["GET"]}}],"collection":[{"href":"https:\/\/manskin.ch\/fr\/wp-json\/wp\/v2\/product"}],"about":[{"href":"https:\/\/manskin.ch\/fr\/wp-json\/wp\/v2\/types\/product"}],"replies":[{"embeddable":true,"href":"https:\/\/manskin.ch\/fr\/wp-json\/wp\/v2\/comments?post=32642"}],"wp:featuredmedia":[{"embeddable":true,"href":"https:\/\/manskin.ch\/fr\/wp-json\/wp\/v2\/media\/32605"}],"wp:attachment":[{"href":"https:\/\/manskin.ch\/fr\/wp-json\/wp\/v2\/media?parent=32642"}],"wp:term":[{"taxonomy":"pwb-brand","embeddable":true,"href":"https:\/\/manskin.ch\/fr\/wp-json\/wp\/v2\/pwb-brand?post=32642"},{"taxonomy":"product_brand","embeddable":true,"href":"https:\/\/manskin.ch\/fr\/wp-json\/wp\/v2\/product_brand?post=32642"},{"taxonomy":"product_cat","embeddable":true,"href":"https:\/\/manskin.ch\/fr\/wp-json\/wp\/v2\/product_cat?post=32642"},{"taxonomy":"product_tag","embeddable":true,"href":"https:\/\/manskin.ch\/fr\/wp-json\/wp\/v2\/product_tag?post=32642"}],"curies":[{"name":"wp","href":"https:\/\/api.w.org\/{rel}","templated":true}]}}