{"id":32058,"date":"2024-03-29T11:14:46","date_gmt":"2024-03-29T10:14:46","guid":{"rendered":"https:\/\/manskin.ch\/produkt\/doers-of-london-clear-serum\/"},"modified":"2026-03-11T09:09:24","modified_gmt":"2026-03-11T08:09:24","slug":"doers-of-london-hydration-serum-2","status":"publish","type":"product","link":"https:\/\/manskin.ch\/fr\/produkt\/doers-of-london-hydration-serum-2\/","title":{"rendered":"Doers of London &#8211; S\u00e9rum clarifiant contre les imperfections"},"content":{"rendered":"<h2 class=\"p1\">Doers of London &#8211; Clear Serum<\/h2>\n<ul>\n<li class=\"p2\">Sa formule contenant 12 % de niacinamide et 5 % de zinc PCA combat naturellement les imperfections cutan\u00e9es, l&rsquo;apparence des pores et le grain de peau irr\u00e9gulier.<\/li>\n<li class=\"p2\">Niacinamide : gr\u00e2ce \u00e0 ses propri\u00e9t\u00e9s anti-inflammatoires, elle r\u00e9duit les rougeurs, aide \u00e0 resserrer les pores dilat\u00e9s, affine le grain de peau et att\u00e9nue les imperfections.<\/li>\n<li class=\"p2\">Zinc : aide \u00e0 r\u00e9guler la s\u00e9cr\u00e9tion de s\u00e9bum et \u00e0 contr\u00f4ler la prolif\u00e9ration des bact\u00e9ries responsables de l&rsquo;acn\u00e9.<\/li>\n<li class=\"p2\">Gotu Kola : \u00e9galement connu sous le nom de Centella Asiatica ou Brahmi, il est utilis\u00e9 depuis des si\u00e8cles pour ses propri\u00e9t\u00e9s curatives. Il aide \u00e0 r\u00e9duire les rougeurs et \u00e0 acc\u00e9l\u00e9rer les processus naturels de r\u00e9paration en favorisant la synth\u00e8se de collag\u00e8ne.<\/li>\n<li class=\"p2\">Sans parab\u00e8nes, SLS, huiles min\u00e9rales, silicones, parfums et colorants synth\u00e9tiques.<\/li>\n<li class=\"p2\">Ingr\u00e9dients biologiques et naturels.<\/li>\n<li class=\"p2\">Test\u00e9 dermatologiquement, certifi\u00e9 vegan.<\/li>\n<\/ul>\n<p>Application : utiliser apr\u00e8s le nettoyage et avant l&rsquo;hydratation. Appliquer quelques gouttes de s\u00e9rum en massant d\u00e9licatement sur le visage nettoy\u00e9. Utiliser selon les besoins.<\/p>\n<p class=\"p3\">Contenu 30 ml.<\/p>\n","protected":false},"excerpt":{"rendered":"<p>Combat naturellement les imperfections cutan\u00e9es<\/p>\n","protected":false},"featured_media":32038,"comment_status":"closed","ping_status":"closed","template":"","meta":{"_acf_changed":false},"pwb-brand":[2757],"product_brand":[],"product_cat":[2414,2373,6576,2334],"product_tag":[],"class_list":{"0":"post-32058","1":"product","2":"type-product","3":"status-publish","4":"has-post-thumbnail","6":"pwb-brand-doers-of-london","7":"product_cat-cosmetique-naturelle","8":"product_cat-doers-of-london-fr","9":"product_cat-myabo-fr","10":"product_cat-serum-visage","11":"product_shipping_class-standard-fr","12":"sales-flash-overlay","13":"woocommerce-text-align-center","14":"woocommerce-image-align-center","15":"do-quantity-buttons","16":"has-subscription-plans","18":"first","19":"instock","20":"taxable","21":"shipping-taxable","22":"purchasable","23":"product-type-simple"},"acf":[],"yoast_head":"<!-- This site is optimized with the Yoast SEO Premium plugin v27.3 (Yoast SEO v27.3) - https:\/\/yoast.com\/product\/yoast-seo-premium-wordpress\/ -->\n<title>Doers of London Clear S\u00e9rum \u00e0 la niacinamide | Manskin.ch<\/title>\n<meta name=\"description\" content=\"Combats les imperfections cutan\u00e9es avec le s\u00e9rum Clear Serum de Doers of London. Profite d&#039;une peau \u00e9clatante.\" \/>\n<meta name=\"robots\" content=\"index, follow, max-snippet:-1, max-image-preview:large, max-video-preview:-1\" \/>\n<link rel=\"canonical\" href=\"https:\/\/manskin.ch\/fr\/produkt\/doers-of-london-hydration-serum-2\/\" \/>\n<meta property=\"og:locale\" content=\"fr_FR\" \/>\n<meta property=\"og:type\" content=\"article\" \/>\n<meta property=\"og:title\" content=\"Doers of London - S\u00e9rum clarifiant contre les imperfections\" \/>\n<meta property=\"og:description\" content=\"Combats les imperfections cutan\u00e9es avec le s\u00e9rum Clear Serum de Doers of London. Profite d&#039;une peau \u00e9clatante.\" \/>\n<meta property=\"og:url\" content=\"https:\/\/manskin.ch\/fr\/produkt\/doers-of-london-hydration-serum-2\/\" \/>\n<meta property=\"og:site_name\" content=\"Manskin.ch\" \/>\n<meta property=\"article:publisher\" content=\"https:\/\/www.facebook.com\/manskin.ch\" \/>\n<meta property=\"article:modified_time\" content=\"2026-03-11T08:09:24+00:00\" \/>\n<meta property=\"og:image\" content=\"https:\/\/manskin.ch\/wp-content\/uploads\/2024\/03\/Doers-Clear-Serum-High-Quality.jpg\" \/>\n\t<meta property=\"og:image:width\" content=\"800\" \/>\n\t<meta property=\"og:image:height\" content=\"800\" \/>\n\t<meta property=\"og:image:type\" content=\"image\/jpeg\" \/>\n<meta name=\"twitter:card\" content=\"summary_large_image\" \/>\n<meta name=\"twitter:label1\" content=\"Prix\" \/>\n\t<meta name=\"twitter:data1\" content=\"24.00&#067;&#072;&#070;\" \/>\n\t<meta name=\"twitter:label2\" content=\"Disponibilit\u00e9\" \/>\n\t<meta name=\"twitter:data2\" content=\"En stock\" \/>\n<script type=\"application\/ld+json\" class=\"yoast-schema-graph\">{\"@context\":\"https:\\\/\\\/schema.org\",\"@graph\":[{\"@type\":\"WebPage\",\"@id\":\"https:\\\/\\\/manskin.ch\\\/fr\\\/produkt\\\/doers-of-london-hydration-serum-2\\\/\",\"url\":\"https:\\\/\\\/manskin.ch\\\/fr\\\/produkt\\\/doers-of-london-hydration-serum-2\\\/\",\"name\":\"Doers of London Clear S\u00e9rum \u00e0 la niacinamide | Manskin.ch\",\"isPartOf\":{\"@id\":\"https:\\\/\\\/manskin.ch\\\/fr\\\/#website\"},\"primaryImageOfPage\":{\"@id\":\"https:\\\/\\\/manskin.ch\\\/fr\\\/produkt\\\/doers-of-london-hydration-serum-2\\\/#primaryimage\"},\"image\":{\"@id\":\"https:\\\/\\\/manskin.ch\\\/fr\\\/produkt\\\/doers-of-london-hydration-serum-2\\\/#primaryimage\"},\"thumbnailUrl\":\"https:\\\/\\\/manskin.ch\\\/wp-content\\\/uploads\\\/2024\\\/03\\\/Doers-Clear-Serum-High-Quality.jpg\",\"datePublished\":\"2024-03-29T10:14:46+00:00\",\"dateModified\":\"2026-03-11T08:09:24+00:00\",\"description\":\"Combats les imperfections cutan\u00e9es avec le s\u00e9rum Clear Serum de Doers of London. Profite d'une peau \u00e9clatante.\",\"breadcrumb\":{\"@id\":\"https:\\\/\\\/manskin.ch\\\/fr\\\/produkt\\\/doers-of-london-hydration-serum-2\\\/#breadcrumb\"},\"inLanguage\":\"fr-FR\",\"potentialAction\":[{\"@type\":\"ReadAction\",\"target\":[\"https:\\\/\\\/manskin.ch\\\/fr\\\/produkt\\\/doers-of-london-hydration-serum-2\\\/\"]}]},{\"@type\":\"ImageObject\",\"inLanguage\":\"fr-FR\",\"@id\":\"https:\\\/\\\/manskin.ch\\\/fr\\\/produkt\\\/doers-of-london-hydration-serum-2\\\/#primaryimage\",\"url\":\"https:\\\/\\\/manskin.ch\\\/wp-content\\\/uploads\\\/2024\\\/03\\\/Doers-Clear-Serum-High-Quality.jpg\",\"contentUrl\":\"https:\\\/\\\/manskin.ch\\\/wp-content\\\/uploads\\\/2024\\\/03\\\/Doers-Clear-Serum-High-Quality.jpg\",\"width\":800,\"height\":800},{\"@type\":\"BreadcrumbList\",\"@id\":\"https:\\\/\\\/manskin.ch\\\/fr\\\/produkt\\\/doers-of-london-hydration-serum-2\\\/#breadcrumb\",\"itemListElement\":[{\"@type\":\"ListItem\",\"position\":1,\"name\":\"Startseite\",\"item\":\"https:\\\/\\\/manskin.ch\\\/fr\\\/\"},{\"@type\":\"ListItem\",\"position\":2,\"name\":\"Boutique Soins pour Hommes &amp; Skincare\",\"item\":\"https:\\\/\\\/manskin.ch\\\/fr\\\/boutique\\\/\"},{\"@type\":\"ListItem\",\"position\":3,\"name\":\"Doers of London &#8211; S\u00e9rum clarifiant contre les imperfections\"}]},{\"@type\":\"WebSite\",\"@id\":\"https:\\\/\\\/manskin.ch\\\/fr\\\/#website\",\"url\":\"https:\\\/\\\/manskin.ch\\\/fr\\\/\",\"name\":\"Manskin.ch\",\"description\":\"Tous les produits de beaut\u00e9 pour les hommes les plus exigeants\",\"publisher\":{\"@id\":\"https:\\\/\\\/manskin.ch\\\/fr\\\/#organization\"},\"potentialAction\":[{\"@type\":\"SearchAction\",\"target\":{\"@type\":\"EntryPoint\",\"urlTemplate\":\"https:\\\/\\\/manskin.ch\\\/fr\\\/?s={search_term_string}\"},\"query-input\":{\"@type\":\"PropertyValueSpecification\",\"valueRequired\":true,\"valueName\":\"search_term_string\"}}],\"inLanguage\":\"fr-FR\"},{\"@type\":\"Organization\",\"@id\":\"https:\\\/\\\/manskin.ch\\\/fr\\\/#organization\",\"name\":\"Manskin.ch - der Schweizer Onlineshop f\u00fcr qualit\u00e4tsstarke M\u00e4nnerpflege\",\"url\":\"https:\\\/\\\/manskin.ch\\\/fr\\\/\",\"logo\":{\"@type\":\"ImageObject\",\"inLanguage\":\"fr-FR\",\"@id\":\"https:\\\/\\\/manskin.ch\\\/fr\\\/#\\\/schema\\\/logo\\\/image\\\/\",\"url\":\"https:\\\/\\\/manskin.ch\\\/wp-content\\\/uploads\\\/2021\\\/04\\\/cropped-logo_head.png\",\"contentUrl\":\"https:\\\/\\\/manskin.ch\\\/wp-content\\\/uploads\\\/2021\\\/04\\\/cropped-logo_head.png\",\"width\":235,\"height\":75,\"caption\":\"Manskin.ch - der Schweizer Onlineshop f\u00fcr qualit\u00e4tsstarke M\u00e4nnerpflege\"},\"image\":{\"@id\":\"https:\\\/\\\/manskin.ch\\\/fr\\\/#\\\/schema\\\/logo\\\/image\\\/\"},\"sameAs\":[\"https:\\\/\\\/www.facebook.com\\\/manskin.ch\",\"https:\\\/\\\/www.instagram.com\\\/manskin.ch\\\/\"]}]}<\/script>\n<meta property=\"product:price:amount\" content=\"24.00\" \/>\n<meta property=\"product:price:currency\" content=\"CHF\" \/>\n<meta property=\"og:availability\" content=\"instock\" \/>\n<meta property=\"product:availability\" content=\"instock\" \/>\n<meta property=\"product:retailer_item_id\" content=\"14082\" \/>\n<meta property=\"product:condition\" content=\"new\" \/>\n<!-- \/ Yoast SEO Premium plugin. -->","yoast_head_json":{"title":"Doers of London Clear S\u00e9rum \u00e0 la niacinamide | Manskin.ch","description":"Combats les imperfections cutan\u00e9es avec le s\u00e9rum Clear Serum de Doers of London. Profite d'une peau \u00e9clatante.","robots":{"index":"index","follow":"follow","max-snippet":"max-snippet:-1","max-image-preview":"max-image-preview:large","max-video-preview":"max-video-preview:-1"},"canonical":"https:\/\/manskin.ch\/fr\/produkt\/doers-of-london-hydration-serum-2\/","og_locale":"fr_FR","og_type":"article","og_title":"Doers of London - S\u00e9rum clarifiant contre les imperfections","og_description":"Combats les imperfections cutan\u00e9es avec le s\u00e9rum Clear Serum de Doers of London. Profite d'une peau \u00e9clatante.","og_url":"https:\/\/manskin.ch\/fr\/produkt\/doers-of-london-hydration-serum-2\/","og_site_name":"Manskin.ch","article_publisher":"https:\/\/www.facebook.com\/manskin.ch","article_modified_time":"2026-03-11T08:09:24+00:00","og_image":[{"width":800,"height":800,"url":"https:\/\/manskin.ch\/wp-content\/uploads\/2024\/03\/Doers-Clear-Serum-High-Quality.jpg","type":"image\/jpeg"}],"twitter_card":"summary_large_image","twitter_misc":{"Prix":"24.00&#67;&#72;&#70;","Disponibilit\u00e9":"En stock"},"schema":{"@context":"https:\/\/schema.org","@graph":[{"@type":"WebPage","@id":"https:\/\/manskin.ch\/fr\/produkt\/doers-of-london-hydration-serum-2\/","url":"https:\/\/manskin.ch\/fr\/produkt\/doers-of-london-hydration-serum-2\/","name":"Doers of London Clear S\u00e9rum \u00e0 la niacinamide | Manskin.ch","isPartOf":{"@id":"https:\/\/manskin.ch\/fr\/#website"},"primaryImageOfPage":{"@id":"https:\/\/manskin.ch\/fr\/produkt\/doers-of-london-hydration-serum-2\/#primaryimage"},"image":{"@id":"https:\/\/manskin.ch\/fr\/produkt\/doers-of-london-hydration-serum-2\/#primaryimage"},"thumbnailUrl":"https:\/\/manskin.ch\/wp-content\/uploads\/2024\/03\/Doers-Clear-Serum-High-Quality.jpg","datePublished":"2024-03-29T10:14:46+00:00","dateModified":"2026-03-11T08:09:24+00:00","description":"Combats les imperfections cutan\u00e9es avec le s\u00e9rum Clear Serum de Doers of London. Profite d'une peau \u00e9clatante.","breadcrumb":{"@id":"https:\/\/manskin.ch\/fr\/produkt\/doers-of-london-hydration-serum-2\/#breadcrumb"},"inLanguage":"fr-FR","potentialAction":[{"@type":"ReadAction","target":["https:\/\/manskin.ch\/fr\/produkt\/doers-of-london-hydration-serum-2\/"]}]},{"@type":"ImageObject","inLanguage":"fr-FR","@id":"https:\/\/manskin.ch\/fr\/produkt\/doers-of-london-hydration-serum-2\/#primaryimage","url":"https:\/\/manskin.ch\/wp-content\/uploads\/2024\/03\/Doers-Clear-Serum-High-Quality.jpg","contentUrl":"https:\/\/manskin.ch\/wp-content\/uploads\/2024\/03\/Doers-Clear-Serum-High-Quality.jpg","width":800,"height":800},{"@type":"BreadcrumbList","@id":"https:\/\/manskin.ch\/fr\/produkt\/doers-of-london-hydration-serum-2\/#breadcrumb","itemListElement":[{"@type":"ListItem","position":1,"name":"Startseite","item":"https:\/\/manskin.ch\/fr\/"},{"@type":"ListItem","position":2,"name":"Boutique Soins pour Hommes &amp; Skincare","item":"https:\/\/manskin.ch\/fr\/boutique\/"},{"@type":"ListItem","position":3,"name":"Doers of London &#8211; S\u00e9rum clarifiant contre les imperfections"}]},{"@type":"WebSite","@id":"https:\/\/manskin.ch\/fr\/#website","url":"https:\/\/manskin.ch\/fr\/","name":"Manskin.ch","description":"Tous les produits de beaut\u00e9 pour les hommes les plus exigeants","publisher":{"@id":"https:\/\/manskin.ch\/fr\/#organization"},"potentialAction":[{"@type":"SearchAction","target":{"@type":"EntryPoint","urlTemplate":"https:\/\/manskin.ch\/fr\/?s={search_term_string}"},"query-input":{"@type":"PropertyValueSpecification","valueRequired":true,"valueName":"search_term_string"}}],"inLanguage":"fr-FR"},{"@type":"Organization","@id":"https:\/\/manskin.ch\/fr\/#organization","name":"Manskin.ch - der Schweizer Onlineshop f\u00fcr qualit\u00e4tsstarke M\u00e4nnerpflege","url":"https:\/\/manskin.ch\/fr\/","logo":{"@type":"ImageObject","inLanguage":"fr-FR","@id":"https:\/\/manskin.ch\/fr\/#\/schema\/logo\/image\/","url":"https:\/\/manskin.ch\/wp-content\/uploads\/2021\/04\/cropped-logo_head.png","contentUrl":"https:\/\/manskin.ch\/wp-content\/uploads\/2021\/04\/cropped-logo_head.png","width":235,"height":75,"caption":"Manskin.ch - der Schweizer Onlineshop f\u00fcr qualit\u00e4tsstarke M\u00e4nnerpflege"},"image":{"@id":"https:\/\/manskin.ch\/fr\/#\/schema\/logo\/image\/"},"sameAs":["https:\/\/www.facebook.com\/manskin.ch","https:\/\/www.instagram.com\/manskin.ch\/"]}]},"product_price_amount":"24.00","product_price_currency":"CHF","og_availability":"instock","product_availability":"instock","product_retailer_item_id":"14082","product_condition":"new"},"brands":[{"id":2757,"name":"Doers of London","slug":"doers-of-london"}],"_links":{"self":[{"href":"https:\/\/manskin.ch\/fr\/wp-json\/wp\/v2\/product\/32058","targetHints":{"allow":["GET"]}}],"collection":[{"href":"https:\/\/manskin.ch\/fr\/wp-json\/wp\/v2\/product"}],"about":[{"href":"https:\/\/manskin.ch\/fr\/wp-json\/wp\/v2\/types\/product"}],"replies":[{"embeddable":true,"href":"https:\/\/manskin.ch\/fr\/wp-json\/wp\/v2\/comments?post=32058"}],"wp:featuredmedia":[{"embeddable":true,"href":"https:\/\/manskin.ch\/fr\/wp-json\/wp\/v2\/media\/32038"}],"wp:attachment":[{"href":"https:\/\/manskin.ch\/fr\/wp-json\/wp\/v2\/media?parent=32058"}],"wp:term":[{"taxonomy":"pwb-brand","embeddable":true,"href":"https:\/\/manskin.ch\/fr\/wp-json\/wp\/v2\/pwb-brand?post=32058"},{"taxonomy":"product_brand","embeddable":true,"href":"https:\/\/manskin.ch\/fr\/wp-json\/wp\/v2\/product_brand?post=32058"},{"taxonomy":"product_cat","embeddable":true,"href":"https:\/\/manskin.ch\/fr\/wp-json\/wp\/v2\/product_cat?post=32058"},{"taxonomy":"product_tag","embeddable":true,"href":"https:\/\/manskin.ch\/fr\/wp-json\/wp\/v2\/product_tag?post=32058"}],"curies":[{"name":"wp","href":"https:\/\/api.w.org\/{rel}","templated":true}]}}