{"id":30911,"date":"2024-02-13T19:46:35","date_gmt":"2024-02-13T18:46:35","guid":{"rendered":"https:\/\/manskin.ch\/produkt\/crayon-a-sourcils-et-a-barbe-brun-clair\/"},"modified":"2025-07-18T11:25:19","modified_gmt":"2025-07-18T09:25:19","slug":"beard-brow-mascara","status":"publish","type":"product","link":"https:\/\/manskin.ch\/fr\/produkt\/beard-brow-mascara\/","title":{"rendered":"Gentlehomme &#8211; Crayon \u00e0 sourcils et \u00e0 barbe brun clair"},"content":{"rendered":"<p><b><font face=\"AppleSystemUIFont\"><font size=\"5\"><font face=\"AppleSystemUIFont\"><font size=\"5\">Gentlehomme &#8211; Crayon &agrave; sourcils et &agrave; barbe pour hommes brun clair<\/font><\/font><\/font><\/font><\/b><\/p>\n<ul>\n<li><font face=\"AppleSystemUIFont\"><font size=\"4\"><font face=\"AppleSystemUIFont\"><font size=\"4\">Crayon et brosse &agrave; sourcils 2 en 1 tr&egrave;s pratiques pour hommes. <\/font><\/font><\/font><\/font><\/li>\n<li><font face=\"AppleSystemUIFont\"><font face=\"AppleSystemUIFont\">Le stylo se trouve &agrave; une extr&eacute;mit&eacute;, la brosse &agrave; l&#39;autre. <\/font><\/font><\/li>\n<li><font face=\"AppleSystemUIFont\"><font face=\"AppleSystemUIFont\">Finisseur de sourcils de haute qualit&eacute; pour hommes avec une brosse unique. <\/font><\/font><\/li>\n<li><font face=\"AppleSystemUIFont\"><font face=\"AppleSystemUIFont\">Le crayon d&eacute;finit les sourcils ainsi que la barbe, comble les petites irr&eacute;gularit&eacute;s, intensifie la couleur et la forme pour obtenir un look propre et uniforme en un clin d&#39;&oelig;il. <\/font><\/font><\/li>\n<li><font face=\"AppleSystemUIFont\"><font face=\"AppleSystemUIFont\">Am&eacute;liore le regard de tes yeux et ton apparence g&eacute;n&eacute;rale. <\/font><\/font><\/li>\n<li><font face=\"AppleSystemUIFont\"><font face=\"AppleSystemUIFont\">Disponible en 5 couleurs : noir, brun fonc&eacute;, brun clair, brun moyen et gris.<\/font><\/font><\/li>\n<\/ul>\n","protected":false},"excerpt":{"rendered":"<p>Crayon pour barbe et sourcils<\/p>\n","protected":false},"featured_media":30731,"comment_status":"closed","ping_status":"closed","template":"","meta":{"_acf_changed":false},"pwb-brand":[],"product_brand":[],"product_cat":[2328,2868,2890,2869,2406,2404],"product_tag":[],"class_list":{"0":"post-30911","1":"product","2":"type-product","3":"status-publish","4":"has-post-thumbnail","6":"product_cat-contour-de-loeil","7":"product_cat-gentlehomme-fr","8":"product_cat-make-up-pour-hommes","10":"product_cat-make-up-fuer-gesicht-fr","11":"product_cat-make-up-fuer-augen-fr","12":"product_shipping_class-standard-fr","13":"sales-flash-overlay","14":"woocommerce-text-align-center","15":"woocommerce-image-align-center","16":"do-quantity-buttons","18":"first","19":"outofstock","20":"taxable","21":"shipping-taxable","22":"purchasable","23":"product-type-simple"},"acf":[],"yoast_head":"<!-- This site is optimized with the Yoast SEO Premium plugin v27.3 (Yoast SEO v27.3) - https:\/\/yoast.com\/product\/yoast-seo-premium-wordpress\/ -->\n<title>Gentlehomme - Crayon \u00e0 sourcils et \u00e0 barbe brun clair | Manskin.ch<\/title>\n<meta name=\"description\" content=\"Gentlehomme - Crayon \u00e0 sourcils et \u00e0 barbe brun clair\" \/>\n<meta name=\"robots\" content=\"index, follow, max-snippet:-1, max-image-preview:large, max-video-preview:-1\" \/>\n<link rel=\"canonical\" href=\"https:\/\/manskin.ch\/fr\/produkt\/beard-brow-mascara\/\" \/>\n<meta property=\"og:locale\" content=\"fr_FR\" \/>\n<meta property=\"og:type\" content=\"article\" \/>\n<meta property=\"og:title\" content=\"Gentlehomme - Crayon \u00e0 sourcils et \u00e0 barbe brun clair\" \/>\n<meta property=\"og:description\" content=\"Gentlehomme - Crayon \u00e0 sourcils et \u00e0 barbe brun clair\" \/>\n<meta property=\"og:url\" content=\"https:\/\/manskin.ch\/fr\/produkt\/beard-brow-mascara\/\" \/>\n<meta property=\"og:site_name\" content=\"Manskin.ch\" \/>\n<meta property=\"article:publisher\" content=\"https:\/\/www.facebook.com\/manskin.ch\" \/>\n<meta property=\"article:modified_time\" content=\"2025-07-18T09:25:19+00:00\" \/>\n<meta property=\"og:image\" content=\"https:\/\/manskin.ch\/wp-content\/uploads\/2024\/02\/Gentlehomme-Pencil-Light-Brown-High-Quality.jpg\" \/>\n\t<meta property=\"og:image:width\" content=\"800\" \/>\n\t<meta property=\"og:image:height\" content=\"800\" \/>\n\t<meta property=\"og:image:type\" content=\"image\/jpeg\" \/>\n<meta name=\"twitter:card\" content=\"summary_large_image\" \/>\n<meta name=\"twitter:label1\" content=\"Prix\" \/>\n\t<meta name=\"twitter:data1\" content=\"25.90&#067;&#072;&#070;\" \/>\n\t<meta name=\"twitter:label2\" content=\"Disponibilit\u00e9\" \/>\n\t<meta name=\"twitter:data2\" content=\"Rupture de stock\" \/>\n<script type=\"application\/ld+json\" class=\"yoast-schema-graph\">{\"@context\":\"https:\\\/\\\/schema.org\",\"@graph\":[{\"@type\":\"WebPage\",\"@id\":\"https:\\\/\\\/manskin.ch\\\/fr\\\/produkt\\\/beard-brow-mascara\\\/\",\"url\":\"https:\\\/\\\/manskin.ch\\\/fr\\\/produkt\\\/beard-brow-mascara\\\/\",\"name\":\"Gentlehomme - Crayon \u00e0 sourcils et \u00e0 barbe brun clair | Manskin.ch\",\"isPartOf\":{\"@id\":\"https:\\\/\\\/manskin.ch\\\/fr\\\/#website\"},\"primaryImageOfPage\":{\"@id\":\"https:\\\/\\\/manskin.ch\\\/fr\\\/produkt\\\/beard-brow-mascara\\\/#primaryimage\"},\"image\":{\"@id\":\"https:\\\/\\\/manskin.ch\\\/fr\\\/produkt\\\/beard-brow-mascara\\\/#primaryimage\"},\"thumbnailUrl\":\"https:\\\/\\\/manskin.ch\\\/wp-content\\\/uploads\\\/2024\\\/02\\\/Gentlehomme-Pencil-Light-Brown-High-Quality.jpg\",\"datePublished\":\"2024-02-13T18:46:35+00:00\",\"dateModified\":\"2025-07-18T09:25:19+00:00\",\"description\":\"Gentlehomme - Crayon \u00e0 sourcils et \u00e0 barbe brun clair\",\"breadcrumb\":{\"@id\":\"https:\\\/\\\/manskin.ch\\\/fr\\\/produkt\\\/beard-brow-mascara\\\/#breadcrumb\"},\"inLanguage\":\"fr-FR\",\"potentialAction\":[{\"@type\":\"ReadAction\",\"target\":[\"https:\\\/\\\/manskin.ch\\\/fr\\\/produkt\\\/beard-brow-mascara\\\/\"]}]},{\"@type\":\"ImageObject\",\"inLanguage\":\"fr-FR\",\"@id\":\"https:\\\/\\\/manskin.ch\\\/fr\\\/produkt\\\/beard-brow-mascara\\\/#primaryimage\",\"url\":\"https:\\\/\\\/manskin.ch\\\/wp-content\\\/uploads\\\/2024\\\/02\\\/Gentlehomme-Pencil-Light-Brown-High-Quality.jpg\",\"contentUrl\":\"https:\\\/\\\/manskin.ch\\\/wp-content\\\/uploads\\\/2024\\\/02\\\/Gentlehomme-Pencil-Light-Brown-High-Quality.jpg\",\"width\":800,\"height\":800},{\"@type\":\"BreadcrumbList\",\"@id\":\"https:\\\/\\\/manskin.ch\\\/fr\\\/produkt\\\/beard-brow-mascara\\\/#breadcrumb\",\"itemListElement\":[{\"@type\":\"ListItem\",\"position\":1,\"name\":\"Startseite\",\"item\":\"https:\\\/\\\/manskin.ch\\\/fr\\\/\"},{\"@type\":\"ListItem\",\"position\":2,\"name\":\"Boutique Soins pour Hommes &amp; Skincare\",\"item\":\"https:\\\/\\\/manskin.ch\\\/fr\\\/boutique\\\/\"},{\"@type\":\"ListItem\",\"position\":3,\"name\":\"Gentlehomme &#8211; Crayon \u00e0 sourcils et \u00e0 barbe brun clair\"}]},{\"@type\":\"WebSite\",\"@id\":\"https:\\\/\\\/manskin.ch\\\/fr\\\/#website\",\"url\":\"https:\\\/\\\/manskin.ch\\\/fr\\\/\",\"name\":\"Manskin.ch\",\"description\":\"Tous les produits de beaut\u00e9 pour les hommes les plus exigeants\",\"publisher\":{\"@id\":\"https:\\\/\\\/manskin.ch\\\/fr\\\/#organization\"},\"potentialAction\":[{\"@type\":\"SearchAction\",\"target\":{\"@type\":\"EntryPoint\",\"urlTemplate\":\"https:\\\/\\\/manskin.ch\\\/fr\\\/?s={search_term_string}\"},\"query-input\":{\"@type\":\"PropertyValueSpecification\",\"valueRequired\":true,\"valueName\":\"search_term_string\"}}],\"inLanguage\":\"fr-FR\"},{\"@type\":\"Organization\",\"@id\":\"https:\\\/\\\/manskin.ch\\\/fr\\\/#organization\",\"name\":\"Manskin.ch - der Schweizer Onlineshop f\u00fcr qualit\u00e4tsstarke M\u00e4nnerpflege\",\"url\":\"https:\\\/\\\/manskin.ch\\\/fr\\\/\",\"logo\":{\"@type\":\"ImageObject\",\"inLanguage\":\"fr-FR\",\"@id\":\"https:\\\/\\\/manskin.ch\\\/fr\\\/#\\\/schema\\\/logo\\\/image\\\/\",\"url\":\"https:\\\/\\\/manskin.ch\\\/wp-content\\\/uploads\\\/2021\\\/04\\\/cropped-logo_head.png\",\"contentUrl\":\"https:\\\/\\\/manskin.ch\\\/wp-content\\\/uploads\\\/2021\\\/04\\\/cropped-logo_head.png\",\"width\":235,\"height\":75,\"caption\":\"Manskin.ch - der Schweizer Onlineshop f\u00fcr qualit\u00e4tsstarke M\u00e4nnerpflege\"},\"image\":{\"@id\":\"https:\\\/\\\/manskin.ch\\\/fr\\\/#\\\/schema\\\/logo\\\/image\\\/\"},\"sameAs\":[\"https:\\\/\\\/www.facebook.com\\\/manskin.ch\",\"https:\\\/\\\/www.instagram.com\\\/manskin.ch\\\/\"]}]}<\/script>\n<meta property=\"product:price:amount\" content=\"25.90\" \/>\n<meta property=\"product:price:currency\" content=\"CHF\" \/>\n<meta property=\"og:availability\" content=\"out of stock\" \/>\n<meta property=\"product:availability\" content=\"out of stock\" \/>\n<meta property=\"product:retailer_item_id\" content=\"14048\" \/>\n<meta property=\"product:condition\" content=\"new\" \/>\n<!-- \/ Yoast SEO Premium plugin. -->","yoast_head_json":{"title":"Gentlehomme - Crayon \u00e0 sourcils et \u00e0 barbe brun clair | Manskin.ch","description":"Gentlehomme - Crayon \u00e0 sourcils et \u00e0 barbe brun clair","robots":{"index":"index","follow":"follow","max-snippet":"max-snippet:-1","max-image-preview":"max-image-preview:large","max-video-preview":"max-video-preview:-1"},"canonical":"https:\/\/manskin.ch\/fr\/produkt\/beard-brow-mascara\/","og_locale":"fr_FR","og_type":"article","og_title":"Gentlehomme - Crayon \u00e0 sourcils et \u00e0 barbe brun clair","og_description":"Gentlehomme - Crayon \u00e0 sourcils et \u00e0 barbe brun clair","og_url":"https:\/\/manskin.ch\/fr\/produkt\/beard-brow-mascara\/","og_site_name":"Manskin.ch","article_publisher":"https:\/\/www.facebook.com\/manskin.ch","article_modified_time":"2025-07-18T09:25:19+00:00","og_image":[{"width":800,"height":800,"url":"https:\/\/manskin.ch\/wp-content\/uploads\/2024\/02\/Gentlehomme-Pencil-Light-Brown-High-Quality.jpg","type":"image\/jpeg"}],"twitter_card":"summary_large_image","twitter_misc":{"Prix":"25.90&#67;&#72;&#70;","Disponibilit\u00e9":"Rupture de stock"},"schema":{"@context":"https:\/\/schema.org","@graph":[{"@type":"WebPage","@id":"https:\/\/manskin.ch\/fr\/produkt\/beard-brow-mascara\/","url":"https:\/\/manskin.ch\/fr\/produkt\/beard-brow-mascara\/","name":"Gentlehomme - Crayon \u00e0 sourcils et \u00e0 barbe brun clair | Manskin.ch","isPartOf":{"@id":"https:\/\/manskin.ch\/fr\/#website"},"primaryImageOfPage":{"@id":"https:\/\/manskin.ch\/fr\/produkt\/beard-brow-mascara\/#primaryimage"},"image":{"@id":"https:\/\/manskin.ch\/fr\/produkt\/beard-brow-mascara\/#primaryimage"},"thumbnailUrl":"https:\/\/manskin.ch\/wp-content\/uploads\/2024\/02\/Gentlehomme-Pencil-Light-Brown-High-Quality.jpg","datePublished":"2024-02-13T18:46:35+00:00","dateModified":"2025-07-18T09:25:19+00:00","description":"Gentlehomme - Crayon \u00e0 sourcils et \u00e0 barbe brun clair","breadcrumb":{"@id":"https:\/\/manskin.ch\/fr\/produkt\/beard-brow-mascara\/#breadcrumb"},"inLanguage":"fr-FR","potentialAction":[{"@type":"ReadAction","target":["https:\/\/manskin.ch\/fr\/produkt\/beard-brow-mascara\/"]}]},{"@type":"ImageObject","inLanguage":"fr-FR","@id":"https:\/\/manskin.ch\/fr\/produkt\/beard-brow-mascara\/#primaryimage","url":"https:\/\/manskin.ch\/wp-content\/uploads\/2024\/02\/Gentlehomme-Pencil-Light-Brown-High-Quality.jpg","contentUrl":"https:\/\/manskin.ch\/wp-content\/uploads\/2024\/02\/Gentlehomme-Pencil-Light-Brown-High-Quality.jpg","width":800,"height":800},{"@type":"BreadcrumbList","@id":"https:\/\/manskin.ch\/fr\/produkt\/beard-brow-mascara\/#breadcrumb","itemListElement":[{"@type":"ListItem","position":1,"name":"Startseite","item":"https:\/\/manskin.ch\/fr\/"},{"@type":"ListItem","position":2,"name":"Boutique Soins pour Hommes &amp; Skincare","item":"https:\/\/manskin.ch\/fr\/boutique\/"},{"@type":"ListItem","position":3,"name":"Gentlehomme &#8211; Crayon \u00e0 sourcils et \u00e0 barbe brun clair"}]},{"@type":"WebSite","@id":"https:\/\/manskin.ch\/fr\/#website","url":"https:\/\/manskin.ch\/fr\/","name":"Manskin.ch","description":"Tous les produits de beaut\u00e9 pour les hommes les plus exigeants","publisher":{"@id":"https:\/\/manskin.ch\/fr\/#organization"},"potentialAction":[{"@type":"SearchAction","target":{"@type":"EntryPoint","urlTemplate":"https:\/\/manskin.ch\/fr\/?s={search_term_string}"},"query-input":{"@type":"PropertyValueSpecification","valueRequired":true,"valueName":"search_term_string"}}],"inLanguage":"fr-FR"},{"@type":"Organization","@id":"https:\/\/manskin.ch\/fr\/#organization","name":"Manskin.ch - der Schweizer Onlineshop f\u00fcr qualit\u00e4tsstarke M\u00e4nnerpflege","url":"https:\/\/manskin.ch\/fr\/","logo":{"@type":"ImageObject","inLanguage":"fr-FR","@id":"https:\/\/manskin.ch\/fr\/#\/schema\/logo\/image\/","url":"https:\/\/manskin.ch\/wp-content\/uploads\/2021\/04\/cropped-logo_head.png","contentUrl":"https:\/\/manskin.ch\/wp-content\/uploads\/2021\/04\/cropped-logo_head.png","width":235,"height":75,"caption":"Manskin.ch - der Schweizer Onlineshop f\u00fcr qualit\u00e4tsstarke M\u00e4nnerpflege"},"image":{"@id":"https:\/\/manskin.ch\/fr\/#\/schema\/logo\/image\/"},"sameAs":["https:\/\/www.facebook.com\/manskin.ch","https:\/\/www.instagram.com\/manskin.ch\/"]}]},"product_price_amount":"25.90","product_price_currency":"CHF","og_availability":"out of stock","product_availability":"out of stock","product_retailer_item_id":"14048","product_condition":"new"},"brands":[],"_links":{"self":[{"href":"https:\/\/manskin.ch\/fr\/wp-json\/wp\/v2\/product\/30911","targetHints":{"allow":["GET"]}}],"collection":[{"href":"https:\/\/manskin.ch\/fr\/wp-json\/wp\/v2\/product"}],"about":[{"href":"https:\/\/manskin.ch\/fr\/wp-json\/wp\/v2\/types\/product"}],"replies":[{"embeddable":true,"href":"https:\/\/manskin.ch\/fr\/wp-json\/wp\/v2\/comments?post=30911"}],"wp:featuredmedia":[{"embeddable":true,"href":"https:\/\/manskin.ch\/fr\/wp-json\/wp\/v2\/media\/30731"}],"wp:attachment":[{"href":"https:\/\/manskin.ch\/fr\/wp-json\/wp\/v2\/media?parent=30911"}],"wp:term":[{"taxonomy":"pwb-brand","embeddable":true,"href":"https:\/\/manskin.ch\/fr\/wp-json\/wp\/v2\/pwb-brand?post=30911"},{"taxonomy":"product_brand","embeddable":true,"href":"https:\/\/manskin.ch\/fr\/wp-json\/wp\/v2\/product_brand?post=30911"},{"taxonomy":"product_cat","embeddable":true,"href":"https:\/\/manskin.ch\/fr\/wp-json\/wp\/v2\/product_cat?post=30911"},{"taxonomy":"product_tag","embeddable":true,"href":"https:\/\/manskin.ch\/fr\/wp-json\/wp\/v2\/product_tag?post=30911"}],"curies":[{"name":"wp","href":"https:\/\/api.w.org\/{rel}","templated":true}]}}