{"id":30657,"date":"2024-02-08T10:37:13","date_gmt":"2024-02-08T09:37:13","guid":{"rendered":"https:\/\/manskin.ch\/produkt\/cosrx-retinol-oil\/"},"modified":"2025-07-18T11:24:56","modified_gmt":"2025-07-18T09:24:56","slug":"cosrx-retinol-oil","status":"publish","type":"product","link":"https:\/\/manskin.ch\/fr\/produkt\/cosrx-retinol-oil\/","title":{"rendered":"COSRX &#8211; The Retinol 0.5 Oil"},"content":{"rendered":"<h2>COSRX &#8211; The Retinol 0.5 Oil<\/h2>\n<ul>\n<li>Cette huile anti-&acirc;ge contenant 0,5 % de r&eacute;tinol pur agit contre les rides et am&eacute;liore efficacement l&#39;&eacute;lasticit&eacute; de la peau.<\/li>\n<li>En raison de sa composition, c&#39;est un produit antioxydant et hydratant.<\/li>\n<li>Le r&eacute;tinol pur hautement concentr&eacute; (vitamine A) aide &agrave; r&eacute;duire les rides et les ridules en favorisant la production de collag&egrave;ne. Le squalane prot&egrave;ge et hydrate la peau contre les irritations ext&eacute;rieures et le tocotri&eacute;nol (vitamine E) a des propri&eacute;t&eacute;s anti-&acirc;ge et r&eacute;paratrices.<\/li>\n<li>L&#39;huile de r&eacute;tinol peut &ecirc;tre utilis&eacute;e comme s&eacute;rum avant ta cr&egrave;me hydratante ou comme huile pour le visage pour terminer ta routine de soins de la peau.<\/li>\n<\/ul>\n<p>Contenu 20 ml.<\/p>\n","protected":false},"excerpt":{"rendered":"<p>COSRX &#8211; The Retinol 0.5 Oil Cette huile anti-&acirc;ge contenant 0,5 % de r&eacute;tinol pur agit contre les rides et am&eacute;liore efficacement l&#39;&eacute;lasticit&eacute; de la peau. En raison de sa composition, c&#39;est un produit antioxydant et hydratant. Le r&eacute;tinol pur hautement concentr&eacute; (vitamine A) aide &agrave; r&eacute;duire les rides et les ridules en favorisant la &#8230; <a title=\"COSRX &#8211; The Retinol 0.5 Oil\" class=\"read-more\" href=\"https:\/\/manskin.ch\/fr\/produkt\/cosrx-retinol-oil\/\" aria-label=\"En savoir plus sur COSRX &#8211; The Retinol 0.5 Oil\">Lire la suite<\/a><\/p>\n","protected":false},"featured_media":30652,"comment_status":"closed","ping_status":"closed","template":"","meta":{"_acf_changed":false},"pwb-brand":[2862],"product_brand":[],"product_cat":[1930,2865,2345,2329,2349,2334],"product_tag":[],"class_list":{"0":"post-30657","1":"product","2":"type-product","3":"status-publish","4":"has-post-thumbnail","6":"pwb-brand-cosrx","7":"product_cat-anti-age","8":"product_cat-cosrx-fr","9":"product_cat-fines-lignes-rides","10":"product_cat-hydratants","11":"product_cat-peau-fatiguee","12":"product_cat-serum-visage","13":"product_shipping_class-standard-fr","14":"sales-flash-overlay","15":"woocommerce-text-align-center","16":"woocommerce-image-align-center","17":"do-quantity-buttons","18":"wc-has-gallery","20":"first","21":"outofstock","22":"taxable","23":"shipping-taxable","24":"purchasable","25":"product-type-simple"},"acf":[],"yoast_head":"<!-- This site is optimized with the Yoast SEO Premium plugin v27.3 (Yoast SEO v27.3) - https:\/\/yoast.com\/product\/yoast-seo-premium-wordpress\/ -->\n<title>COSRX - The Retinol 0.5 Oil | Manskin.ch<\/title>\n<meta name=\"description\" content=\"COSRX - The Retinol 0.5 Oil\" \/>\n<meta name=\"robots\" content=\"index, follow, max-snippet:-1, max-image-preview:large, max-video-preview:-1\" \/>\n<link rel=\"canonical\" href=\"https:\/\/manskin.ch\/fr\/produkt\/cosrx-retinol-oil\/\" \/>\n<meta property=\"og:locale\" content=\"fr_FR\" \/>\n<meta property=\"og:type\" content=\"article\" \/>\n<meta property=\"og:title\" content=\"COSRX - The Retinol 0.5 Oil\" \/>\n<meta property=\"og:description\" content=\"COSRX - The Retinol 0.5 Oil\" \/>\n<meta property=\"og:url\" content=\"https:\/\/manskin.ch\/fr\/produkt\/cosrx-retinol-oil\/\" \/>\n<meta property=\"og:site_name\" content=\"Manskin.ch\" \/>\n<meta property=\"article:publisher\" content=\"https:\/\/www.facebook.com\/manskin.ch\" \/>\n<meta property=\"article:modified_time\" content=\"2025-07-18T09:24:56+00:00\" \/>\n<meta property=\"og:image\" content=\"https:\/\/manskin.ch\/wp-content\/uploads\/2024\/02\/Cosrx-Retinol-0.5-Oil-High-Quality-Kopie.jpg\" \/>\n\t<meta property=\"og:image:width\" content=\"800\" \/>\n\t<meta property=\"og:image:height\" content=\"800\" \/>\n\t<meta property=\"og:image:type\" content=\"image\/jpeg\" \/>\n<meta name=\"twitter:card\" content=\"summary_large_image\" \/>\n<meta name=\"twitter:label1\" content=\"Prix\" \/>\n\t<meta name=\"twitter:data1\" content=\"28.00&#067;&#072;&#070;\" \/>\n\t<meta name=\"twitter:label2\" content=\"Disponibilit\u00e9\" \/>\n\t<meta name=\"twitter:data2\" content=\"Rupture de stock\" \/>\n<script type=\"application\/ld+json\" class=\"yoast-schema-graph\">{\"@context\":\"https:\\\/\\\/schema.org\",\"@graph\":[{\"@type\":\"WebPage\",\"@id\":\"https:\\\/\\\/manskin.ch\\\/fr\\\/produkt\\\/cosrx-retinol-oil\\\/\",\"url\":\"https:\\\/\\\/manskin.ch\\\/fr\\\/produkt\\\/cosrx-retinol-oil\\\/\",\"name\":\"COSRX - The Retinol 0.5 Oil | Manskin.ch\",\"isPartOf\":{\"@id\":\"https:\\\/\\\/manskin.ch\\\/fr\\\/#website\"},\"primaryImageOfPage\":{\"@id\":\"https:\\\/\\\/manskin.ch\\\/fr\\\/produkt\\\/cosrx-retinol-oil\\\/#primaryimage\"},\"image\":{\"@id\":\"https:\\\/\\\/manskin.ch\\\/fr\\\/produkt\\\/cosrx-retinol-oil\\\/#primaryimage\"},\"thumbnailUrl\":\"https:\\\/\\\/manskin.ch\\\/wp-content\\\/uploads\\\/2024\\\/02\\\/Cosrx-Retinol-0.5-Oil-High-Quality-Kopie.jpg\",\"datePublished\":\"2024-02-08T09:37:13+00:00\",\"dateModified\":\"2025-07-18T09:24:56+00:00\",\"description\":\"COSRX - The Retinol 0.5 Oil\",\"breadcrumb\":{\"@id\":\"https:\\\/\\\/manskin.ch\\\/fr\\\/produkt\\\/cosrx-retinol-oil\\\/#breadcrumb\"},\"inLanguage\":\"fr-FR\",\"potentialAction\":[{\"@type\":\"ReadAction\",\"target\":[\"https:\\\/\\\/manskin.ch\\\/fr\\\/produkt\\\/cosrx-retinol-oil\\\/\"]}]},{\"@type\":\"ImageObject\",\"inLanguage\":\"fr-FR\",\"@id\":\"https:\\\/\\\/manskin.ch\\\/fr\\\/produkt\\\/cosrx-retinol-oil\\\/#primaryimage\",\"url\":\"https:\\\/\\\/manskin.ch\\\/wp-content\\\/uploads\\\/2024\\\/02\\\/Cosrx-Retinol-0.5-Oil-High-Quality-Kopie.jpg\",\"contentUrl\":\"https:\\\/\\\/manskin.ch\\\/wp-content\\\/uploads\\\/2024\\\/02\\\/Cosrx-Retinol-0.5-Oil-High-Quality-Kopie.jpg\",\"width\":800,\"height\":800},{\"@type\":\"BreadcrumbList\",\"@id\":\"https:\\\/\\\/manskin.ch\\\/fr\\\/produkt\\\/cosrx-retinol-oil\\\/#breadcrumb\",\"itemListElement\":[{\"@type\":\"ListItem\",\"position\":1,\"name\":\"Startseite\",\"item\":\"https:\\\/\\\/manskin.ch\\\/fr\\\/\"},{\"@type\":\"ListItem\",\"position\":2,\"name\":\"Boutique Soins pour Hommes &amp; Skincare\",\"item\":\"https:\\\/\\\/manskin.ch\\\/fr\\\/boutique\\\/\"},{\"@type\":\"ListItem\",\"position\":3,\"name\":\"COSRX &#8211; The Retinol 0.5 Oil\"}]},{\"@type\":\"WebSite\",\"@id\":\"https:\\\/\\\/manskin.ch\\\/fr\\\/#website\",\"url\":\"https:\\\/\\\/manskin.ch\\\/fr\\\/\",\"name\":\"Manskin.ch\",\"description\":\"Tous les produits de beaut\u00e9 pour les hommes les plus exigeants\",\"publisher\":{\"@id\":\"https:\\\/\\\/manskin.ch\\\/fr\\\/#organization\"},\"potentialAction\":[{\"@type\":\"SearchAction\",\"target\":{\"@type\":\"EntryPoint\",\"urlTemplate\":\"https:\\\/\\\/manskin.ch\\\/fr\\\/?s={search_term_string}\"},\"query-input\":{\"@type\":\"PropertyValueSpecification\",\"valueRequired\":true,\"valueName\":\"search_term_string\"}}],\"inLanguage\":\"fr-FR\"},{\"@type\":\"Organization\",\"@id\":\"https:\\\/\\\/manskin.ch\\\/fr\\\/#organization\",\"name\":\"Manskin.ch - der Schweizer Onlineshop f\u00fcr qualit\u00e4tsstarke M\u00e4nnerpflege\",\"url\":\"https:\\\/\\\/manskin.ch\\\/fr\\\/\",\"logo\":{\"@type\":\"ImageObject\",\"inLanguage\":\"fr-FR\",\"@id\":\"https:\\\/\\\/manskin.ch\\\/fr\\\/#\\\/schema\\\/logo\\\/image\\\/\",\"url\":\"https:\\\/\\\/manskin.ch\\\/wp-content\\\/uploads\\\/2021\\\/04\\\/cropped-logo_head.png\",\"contentUrl\":\"https:\\\/\\\/manskin.ch\\\/wp-content\\\/uploads\\\/2021\\\/04\\\/cropped-logo_head.png\",\"width\":235,\"height\":75,\"caption\":\"Manskin.ch - der Schweizer Onlineshop f\u00fcr qualit\u00e4tsstarke M\u00e4nnerpflege\"},\"image\":{\"@id\":\"https:\\\/\\\/manskin.ch\\\/fr\\\/#\\\/schema\\\/logo\\\/image\\\/\"},\"sameAs\":[\"https:\\\/\\\/www.facebook.com\\\/manskin.ch\",\"https:\\\/\\\/www.instagram.com\\\/manskin.ch\\\/\"]}]}<\/script>\n<meta property=\"product:price:amount\" content=\"28.00\" \/>\n<meta property=\"product:price:currency\" content=\"CHF\" \/>\n<meta property=\"og:availability\" content=\"out of stock\" \/>\n<meta property=\"product:availability\" content=\"out of stock\" \/>\n<meta property=\"product:retailer_item_id\" content=\"14044\" \/>\n<meta property=\"product:condition\" content=\"new\" \/>\n<!-- \/ Yoast SEO Premium plugin. -->","yoast_head_json":{"title":"COSRX - The Retinol 0.5 Oil | Manskin.ch","description":"COSRX - The Retinol 0.5 Oil","robots":{"index":"index","follow":"follow","max-snippet":"max-snippet:-1","max-image-preview":"max-image-preview:large","max-video-preview":"max-video-preview:-1"},"canonical":"https:\/\/manskin.ch\/fr\/produkt\/cosrx-retinol-oil\/","og_locale":"fr_FR","og_type":"article","og_title":"COSRX - The Retinol 0.5 Oil","og_description":"COSRX - The Retinol 0.5 Oil","og_url":"https:\/\/manskin.ch\/fr\/produkt\/cosrx-retinol-oil\/","og_site_name":"Manskin.ch","article_publisher":"https:\/\/www.facebook.com\/manskin.ch","article_modified_time":"2025-07-18T09:24:56+00:00","og_image":[{"width":800,"height":800,"url":"https:\/\/manskin.ch\/wp-content\/uploads\/2024\/02\/Cosrx-Retinol-0.5-Oil-High-Quality-Kopie.jpg","type":"image\/jpeg"}],"twitter_card":"summary_large_image","twitter_misc":{"Prix":"28.00&#67;&#72;&#70;","Disponibilit\u00e9":"Rupture de stock"},"schema":{"@context":"https:\/\/schema.org","@graph":[{"@type":"WebPage","@id":"https:\/\/manskin.ch\/fr\/produkt\/cosrx-retinol-oil\/","url":"https:\/\/manskin.ch\/fr\/produkt\/cosrx-retinol-oil\/","name":"COSRX - The Retinol 0.5 Oil | Manskin.ch","isPartOf":{"@id":"https:\/\/manskin.ch\/fr\/#website"},"primaryImageOfPage":{"@id":"https:\/\/manskin.ch\/fr\/produkt\/cosrx-retinol-oil\/#primaryimage"},"image":{"@id":"https:\/\/manskin.ch\/fr\/produkt\/cosrx-retinol-oil\/#primaryimage"},"thumbnailUrl":"https:\/\/manskin.ch\/wp-content\/uploads\/2024\/02\/Cosrx-Retinol-0.5-Oil-High-Quality-Kopie.jpg","datePublished":"2024-02-08T09:37:13+00:00","dateModified":"2025-07-18T09:24:56+00:00","description":"COSRX - The Retinol 0.5 Oil","breadcrumb":{"@id":"https:\/\/manskin.ch\/fr\/produkt\/cosrx-retinol-oil\/#breadcrumb"},"inLanguage":"fr-FR","potentialAction":[{"@type":"ReadAction","target":["https:\/\/manskin.ch\/fr\/produkt\/cosrx-retinol-oil\/"]}]},{"@type":"ImageObject","inLanguage":"fr-FR","@id":"https:\/\/manskin.ch\/fr\/produkt\/cosrx-retinol-oil\/#primaryimage","url":"https:\/\/manskin.ch\/wp-content\/uploads\/2024\/02\/Cosrx-Retinol-0.5-Oil-High-Quality-Kopie.jpg","contentUrl":"https:\/\/manskin.ch\/wp-content\/uploads\/2024\/02\/Cosrx-Retinol-0.5-Oil-High-Quality-Kopie.jpg","width":800,"height":800},{"@type":"BreadcrumbList","@id":"https:\/\/manskin.ch\/fr\/produkt\/cosrx-retinol-oil\/#breadcrumb","itemListElement":[{"@type":"ListItem","position":1,"name":"Startseite","item":"https:\/\/manskin.ch\/fr\/"},{"@type":"ListItem","position":2,"name":"Boutique Soins pour Hommes &amp; Skincare","item":"https:\/\/manskin.ch\/fr\/boutique\/"},{"@type":"ListItem","position":3,"name":"COSRX &#8211; The Retinol 0.5 Oil"}]},{"@type":"WebSite","@id":"https:\/\/manskin.ch\/fr\/#website","url":"https:\/\/manskin.ch\/fr\/","name":"Manskin.ch","description":"Tous les produits de beaut\u00e9 pour les hommes les plus exigeants","publisher":{"@id":"https:\/\/manskin.ch\/fr\/#organization"},"potentialAction":[{"@type":"SearchAction","target":{"@type":"EntryPoint","urlTemplate":"https:\/\/manskin.ch\/fr\/?s={search_term_string}"},"query-input":{"@type":"PropertyValueSpecification","valueRequired":true,"valueName":"search_term_string"}}],"inLanguage":"fr-FR"},{"@type":"Organization","@id":"https:\/\/manskin.ch\/fr\/#organization","name":"Manskin.ch - der Schweizer Onlineshop f\u00fcr qualit\u00e4tsstarke M\u00e4nnerpflege","url":"https:\/\/manskin.ch\/fr\/","logo":{"@type":"ImageObject","inLanguage":"fr-FR","@id":"https:\/\/manskin.ch\/fr\/#\/schema\/logo\/image\/","url":"https:\/\/manskin.ch\/wp-content\/uploads\/2021\/04\/cropped-logo_head.png","contentUrl":"https:\/\/manskin.ch\/wp-content\/uploads\/2021\/04\/cropped-logo_head.png","width":235,"height":75,"caption":"Manskin.ch - der Schweizer Onlineshop f\u00fcr qualit\u00e4tsstarke M\u00e4nnerpflege"},"image":{"@id":"https:\/\/manskin.ch\/fr\/#\/schema\/logo\/image\/"},"sameAs":["https:\/\/www.facebook.com\/manskin.ch","https:\/\/www.instagram.com\/manskin.ch\/"]}]},"product_price_amount":"28.00","product_price_currency":"CHF","og_availability":"out of stock","product_availability":"out of stock","product_retailer_item_id":"14044","product_condition":"new"},"brands":[{"id":2862,"name":"COSRX","slug":"cosrx"}],"_links":{"self":[{"href":"https:\/\/manskin.ch\/fr\/wp-json\/wp\/v2\/product\/30657","targetHints":{"allow":["GET"]}}],"collection":[{"href":"https:\/\/manskin.ch\/fr\/wp-json\/wp\/v2\/product"}],"about":[{"href":"https:\/\/manskin.ch\/fr\/wp-json\/wp\/v2\/types\/product"}],"replies":[{"embeddable":true,"href":"https:\/\/manskin.ch\/fr\/wp-json\/wp\/v2\/comments?post=30657"}],"wp:featuredmedia":[{"embeddable":true,"href":"https:\/\/manskin.ch\/fr\/wp-json\/wp\/v2\/media\/30652"}],"wp:attachment":[{"href":"https:\/\/manskin.ch\/fr\/wp-json\/wp\/v2\/media?parent=30657"}],"wp:term":[{"taxonomy":"pwb-brand","embeddable":true,"href":"https:\/\/manskin.ch\/fr\/wp-json\/wp\/v2\/pwb-brand?post=30657"},{"taxonomy":"product_brand","embeddable":true,"href":"https:\/\/manskin.ch\/fr\/wp-json\/wp\/v2\/product_brand?post=30657"},{"taxonomy":"product_cat","embeddable":true,"href":"https:\/\/manskin.ch\/fr\/wp-json\/wp\/v2\/product_cat?post=30657"},{"taxonomy":"product_tag","embeddable":true,"href":"https:\/\/manskin.ch\/fr\/wp-json\/wp\/v2\/product_tag?post=30657"}],"curies":[{"name":"wp","href":"https:\/\/api.w.org\/{rel}","templated":true}]}}