{"id":28135,"date":"2023-12-21T10:38:03","date_gmt":"2023-12-21T09:38:03","guid":{"rendered":"https:\/\/manskin.ch\/produkt\/propolis-honey-overnight-mask\/"},"modified":"2023-12-27T23:12:43","modified_gmt":"2023-12-27T22:12:43","slug":"propolis-honey-overnight-mask","status":"publish","type":"product","link":"https:\/\/manskin.ch\/fr\/produkt\/propolis-honey-overnight-mask\/","title":{"rendered":"Propolis Honey Overnight Mask"},"content":{"rendered":"<h2>Cosrx &#8211; Propolis Honey Overnight Mask<\/h2>\n<ul>\n<li>Le masque de soin de nuit de Cosrx est riche en miel de propolis et offre un soin complet de la peau 3 en 1.<\/li>\n<li>Il hydrate et nourrit intens\u00e9ment la peau.<\/li>\n<li>Gr\u00e2ce \u00e0 sa teneur \u00e9lev\u00e9e en extrait de propolis (70 %), en cire d&rsquo;abeille naturelle et en allanto\u00efne, il apaise, hydrate et dorlote la peau pendant que l&rsquo;on dort tranquillement.<\/li>\n<li>La propolis poss\u00e8de de puissantes propri\u00e9t\u00e9s antibact\u00e9riennes, anti-inflammatoires et antioxydantes.<\/li>\n<li>Que la peau soit enflamm\u00e9e, irrit\u00e9e, qu&rsquo;elle ait besoin de beaucoup de soins ou d&rsquo;un effet apaisant apr\u00e8s un coup de soleil ou une surchauffe, ce masque est un magicien pour tous les types de peau, y compris les peaux grasses et mixtes.<\/li>\n<li>Le masque de sommeil intens\u00e9ment nourrissant offre trois possibilit\u00e9s d&rsquo;utilisation et enrichit ainsi toutes les routines de soins de la peau. Il peut \u00eatre utilis\u00e9 comme masque de nuit, comme cr\u00e8me pour le visage ou comme masque nettoyant pour un rafra\u00eechissement rapide.<\/li>\n<li>Sa formule l\u00e9g\u00e8re est rapidement absorb\u00e9e et laisse la peau souple et hydrat\u00e9e.<\/li>\n<li>Non test\u00e9 sur les animaux<\/li>\n<li>Exempt de parab\u00e8nes, de sulfates et d&rsquo;huile min\u00e9rale.\n<p>Contenu 60 ml.<\/li>\n<\/ul>\n","protected":false},"excerpt":{"rendered":"<p>Masque et cr\u00e8me pour le visage intens\u00e9ment nourrissants<\/p>\n","protected":false},"featured_media":28132,"comment_status":"closed","ping_status":"closed","template":"","meta":{"_acf_changed":false},"pwb-brand":[2862],"product_brand":[],"product_cat":[2865,2345,2864,2349,2352],"product_tag":[],"class_list":{"0":"post-28135","1":"product","2":"type-product","3":"status-publish","4":"has-post-thumbnail","6":"pwb-brand-cosrx","7":"product_cat-cosrx-fr","8":"product_cat-fines-lignes-rides","9":"product_cat-masques-hydratants","10":"product_cat-peau-fatiguee","11":"product_cat-peau-seche","12":"product_shipping_class-standard-fr","13":"sales-flash-overlay","14":"woocommerce-text-align-center","15":"woocommerce-image-align-center","16":"do-quantity-buttons","18":"first","19":"outofstock","20":"taxable","21":"shipping-taxable","22":"purchasable","23":"product-type-simple"},"acf":[],"yoast_head":"<!-- This site is optimized with the Yoast SEO Premium plugin v27.3 (Yoast SEO v27.3) - https:\/\/yoast.com\/product\/yoast-seo-premium-wordpress\/ -->\n<title>Cosrx - Propolis Honey Overnight Mask | commander maintenant<\/title>\n<meta name=\"description\" content=\"Produit de soin de la peau 3 en 1 avec 70% de propolis pour une peau saine. Masque de nuit, cr\u00e8me pour le visage, masque nettoyant. Commander Cosrx maintenant chez Manskin.ch.\" \/>\n<meta name=\"robots\" content=\"index, follow, max-snippet:-1, max-image-preview:large, max-video-preview:-1\" \/>\n<link rel=\"canonical\" href=\"https:\/\/manskin.ch\/fr\/produkt\/propolis-honey-overnight-mask\/\" \/>\n<meta property=\"og:locale\" content=\"fr_FR\" \/>\n<meta property=\"og:type\" content=\"article\" \/>\n<meta property=\"og:title\" content=\"Propolis Honey Overnight Mask\" \/>\n<meta property=\"og:description\" content=\"Produit de soin de la peau 3 en 1 avec 70% de propolis pour une peau saine. Masque de nuit, cr\u00e8me pour le visage, masque nettoyant. Commander Cosrx maintenant chez Manskin.ch.\" \/>\n<meta property=\"og:url\" content=\"https:\/\/manskin.ch\/fr\/produkt\/propolis-honey-overnight-mask\/\" \/>\n<meta property=\"og:site_name\" content=\"Manskin.ch\" \/>\n<meta property=\"article:publisher\" content=\"https:\/\/www.facebook.com\/manskin.ch\" \/>\n<meta property=\"article:modified_time\" content=\"2023-12-27T22:12:43+00:00\" \/>\n<meta property=\"og:image\" content=\"https:\/\/manskin.ch\/wp-content\/uploads\/2023\/12\/cosrx-honey-High-Quality.jpg\" \/>\n\t<meta property=\"og:image:width\" content=\"800\" \/>\n\t<meta property=\"og:image:height\" content=\"800\" \/>\n\t<meta property=\"og:image:type\" content=\"image\/jpeg\" \/>\n<meta name=\"twitter:card\" content=\"summary_large_image\" \/>\n<meta name=\"twitter:label1\" content=\"Prix\" \/>\n\t<meta name=\"twitter:data1\" content=\"29.00&#067;&#072;&#070;\" \/>\n\t<meta name=\"twitter:label2\" content=\"Disponibilit\u00e9\" \/>\n\t<meta name=\"twitter:data2\" content=\"Rupture de stock\" \/>\n<script type=\"application\/ld+json\" class=\"yoast-schema-graph\">{\"@context\":\"https:\\\/\\\/schema.org\",\"@graph\":[{\"@type\":\"WebPage\",\"@id\":\"https:\\\/\\\/manskin.ch\\\/fr\\\/produkt\\\/propolis-honey-overnight-mask\\\/\",\"url\":\"https:\\\/\\\/manskin.ch\\\/fr\\\/produkt\\\/propolis-honey-overnight-mask\\\/\",\"name\":\"Cosrx - Propolis Honey Overnight Mask | commander maintenant\",\"isPartOf\":{\"@id\":\"https:\\\/\\\/manskin.ch\\\/fr\\\/#website\"},\"primaryImageOfPage\":{\"@id\":\"https:\\\/\\\/manskin.ch\\\/fr\\\/produkt\\\/propolis-honey-overnight-mask\\\/#primaryimage\"},\"image\":{\"@id\":\"https:\\\/\\\/manskin.ch\\\/fr\\\/produkt\\\/propolis-honey-overnight-mask\\\/#primaryimage\"},\"thumbnailUrl\":\"https:\\\/\\\/manskin.ch\\\/wp-content\\\/uploads\\\/2023\\\/12\\\/cosrx-honey-High-Quality.jpg\",\"datePublished\":\"2023-12-21T09:38:03+00:00\",\"dateModified\":\"2023-12-27T22:12:43+00:00\",\"description\":\"Produit de soin de la peau 3 en 1 avec 70% de propolis pour une peau saine. Masque de nuit, cr\u00e8me pour le visage, masque nettoyant. Commander Cosrx maintenant chez Manskin.ch.\",\"breadcrumb\":{\"@id\":\"https:\\\/\\\/manskin.ch\\\/fr\\\/produkt\\\/propolis-honey-overnight-mask\\\/#breadcrumb\"},\"inLanguage\":\"fr-FR\",\"potentialAction\":[{\"@type\":\"ReadAction\",\"target\":[\"https:\\\/\\\/manskin.ch\\\/fr\\\/produkt\\\/propolis-honey-overnight-mask\\\/\"]}]},{\"@type\":\"ImageObject\",\"inLanguage\":\"fr-FR\",\"@id\":\"https:\\\/\\\/manskin.ch\\\/fr\\\/produkt\\\/propolis-honey-overnight-mask\\\/#primaryimage\",\"url\":\"https:\\\/\\\/manskin.ch\\\/wp-content\\\/uploads\\\/2023\\\/12\\\/cosrx-honey-High-Quality.jpg\",\"contentUrl\":\"https:\\\/\\\/manskin.ch\\\/wp-content\\\/uploads\\\/2023\\\/12\\\/cosrx-honey-High-Quality.jpg\",\"width\":800,\"height\":800},{\"@type\":\"BreadcrumbList\",\"@id\":\"https:\\\/\\\/manskin.ch\\\/fr\\\/produkt\\\/propolis-honey-overnight-mask\\\/#breadcrumb\",\"itemListElement\":[{\"@type\":\"ListItem\",\"position\":1,\"name\":\"Startseite\",\"item\":\"https:\\\/\\\/manskin.ch\\\/fr\\\/\"},{\"@type\":\"ListItem\",\"position\":2,\"name\":\"Boutique Soins pour Hommes &amp; Skincare\",\"item\":\"https:\\\/\\\/manskin.ch\\\/fr\\\/boutique\\\/\"},{\"@type\":\"ListItem\",\"position\":3,\"name\":\"Propolis Honey Overnight Mask\"}]},{\"@type\":\"WebSite\",\"@id\":\"https:\\\/\\\/manskin.ch\\\/fr\\\/#website\",\"url\":\"https:\\\/\\\/manskin.ch\\\/fr\\\/\",\"name\":\"Manskin.ch\",\"description\":\"Tous les produits de beaut\u00e9 pour les hommes les plus exigeants\",\"publisher\":{\"@id\":\"https:\\\/\\\/manskin.ch\\\/fr\\\/#organization\"},\"potentialAction\":[{\"@type\":\"SearchAction\",\"target\":{\"@type\":\"EntryPoint\",\"urlTemplate\":\"https:\\\/\\\/manskin.ch\\\/fr\\\/?s={search_term_string}\"},\"query-input\":{\"@type\":\"PropertyValueSpecification\",\"valueRequired\":true,\"valueName\":\"search_term_string\"}}],\"inLanguage\":\"fr-FR\"},{\"@type\":\"Organization\",\"@id\":\"https:\\\/\\\/manskin.ch\\\/fr\\\/#organization\",\"name\":\"Manskin.ch - der Schweizer Onlineshop f\u00fcr qualit\u00e4tsstarke M\u00e4nnerpflege\",\"url\":\"https:\\\/\\\/manskin.ch\\\/fr\\\/\",\"logo\":{\"@type\":\"ImageObject\",\"inLanguage\":\"fr-FR\",\"@id\":\"https:\\\/\\\/manskin.ch\\\/fr\\\/#\\\/schema\\\/logo\\\/image\\\/\",\"url\":\"https:\\\/\\\/manskin.ch\\\/wp-content\\\/uploads\\\/2021\\\/04\\\/cropped-logo_head.png\",\"contentUrl\":\"https:\\\/\\\/manskin.ch\\\/wp-content\\\/uploads\\\/2021\\\/04\\\/cropped-logo_head.png\",\"width\":235,\"height\":75,\"caption\":\"Manskin.ch - der Schweizer Onlineshop f\u00fcr qualit\u00e4tsstarke M\u00e4nnerpflege\"},\"image\":{\"@id\":\"https:\\\/\\\/manskin.ch\\\/fr\\\/#\\\/schema\\\/logo\\\/image\\\/\"},\"sameAs\":[\"https:\\\/\\\/www.facebook.com\\\/manskin.ch\",\"https:\\\/\\\/www.instagram.com\\\/manskin.ch\\\/\"]}]}<\/script>\n<meta property=\"product:price:amount\" content=\"29.00\" \/>\n<meta property=\"product:price:currency\" content=\"CHF\" \/>\n<meta property=\"og:availability\" content=\"out of stock\" \/>\n<meta property=\"product:availability\" content=\"out of stock\" \/>\n<meta property=\"product:retailer_item_id\" content=\"14031\" \/>\n<meta property=\"product:condition\" content=\"new\" \/>\n<!-- \/ Yoast SEO Premium plugin. -->","yoast_head_json":{"title":"Cosrx - Propolis Honey Overnight Mask | commander maintenant","description":"Produit de soin de la peau 3 en 1 avec 70% de propolis pour une peau saine. Masque de nuit, cr\u00e8me pour le visage, masque nettoyant. Commander Cosrx maintenant chez Manskin.ch.","robots":{"index":"index","follow":"follow","max-snippet":"max-snippet:-1","max-image-preview":"max-image-preview:large","max-video-preview":"max-video-preview:-1"},"canonical":"https:\/\/manskin.ch\/fr\/produkt\/propolis-honey-overnight-mask\/","og_locale":"fr_FR","og_type":"article","og_title":"Propolis Honey Overnight Mask","og_description":"Produit de soin de la peau 3 en 1 avec 70% de propolis pour une peau saine. Masque de nuit, cr\u00e8me pour le visage, masque nettoyant. Commander Cosrx maintenant chez Manskin.ch.","og_url":"https:\/\/manskin.ch\/fr\/produkt\/propolis-honey-overnight-mask\/","og_site_name":"Manskin.ch","article_publisher":"https:\/\/www.facebook.com\/manskin.ch","article_modified_time":"2023-12-27T22:12:43+00:00","og_image":[{"width":800,"height":800,"url":"https:\/\/manskin.ch\/wp-content\/uploads\/2023\/12\/cosrx-honey-High-Quality.jpg","type":"image\/jpeg"}],"twitter_card":"summary_large_image","twitter_misc":{"Prix":"29.00&#67;&#72;&#70;","Disponibilit\u00e9":"Rupture de stock"},"schema":{"@context":"https:\/\/schema.org","@graph":[{"@type":"WebPage","@id":"https:\/\/manskin.ch\/fr\/produkt\/propolis-honey-overnight-mask\/","url":"https:\/\/manskin.ch\/fr\/produkt\/propolis-honey-overnight-mask\/","name":"Cosrx - Propolis Honey Overnight Mask | commander maintenant","isPartOf":{"@id":"https:\/\/manskin.ch\/fr\/#website"},"primaryImageOfPage":{"@id":"https:\/\/manskin.ch\/fr\/produkt\/propolis-honey-overnight-mask\/#primaryimage"},"image":{"@id":"https:\/\/manskin.ch\/fr\/produkt\/propolis-honey-overnight-mask\/#primaryimage"},"thumbnailUrl":"https:\/\/manskin.ch\/wp-content\/uploads\/2023\/12\/cosrx-honey-High-Quality.jpg","datePublished":"2023-12-21T09:38:03+00:00","dateModified":"2023-12-27T22:12:43+00:00","description":"Produit de soin de la peau 3 en 1 avec 70% de propolis pour une peau saine. Masque de nuit, cr\u00e8me pour le visage, masque nettoyant. Commander Cosrx maintenant chez Manskin.ch.","breadcrumb":{"@id":"https:\/\/manskin.ch\/fr\/produkt\/propolis-honey-overnight-mask\/#breadcrumb"},"inLanguage":"fr-FR","potentialAction":[{"@type":"ReadAction","target":["https:\/\/manskin.ch\/fr\/produkt\/propolis-honey-overnight-mask\/"]}]},{"@type":"ImageObject","inLanguage":"fr-FR","@id":"https:\/\/manskin.ch\/fr\/produkt\/propolis-honey-overnight-mask\/#primaryimage","url":"https:\/\/manskin.ch\/wp-content\/uploads\/2023\/12\/cosrx-honey-High-Quality.jpg","contentUrl":"https:\/\/manskin.ch\/wp-content\/uploads\/2023\/12\/cosrx-honey-High-Quality.jpg","width":800,"height":800},{"@type":"BreadcrumbList","@id":"https:\/\/manskin.ch\/fr\/produkt\/propolis-honey-overnight-mask\/#breadcrumb","itemListElement":[{"@type":"ListItem","position":1,"name":"Startseite","item":"https:\/\/manskin.ch\/fr\/"},{"@type":"ListItem","position":2,"name":"Boutique Soins pour Hommes &amp; Skincare","item":"https:\/\/manskin.ch\/fr\/boutique\/"},{"@type":"ListItem","position":3,"name":"Propolis Honey Overnight Mask"}]},{"@type":"WebSite","@id":"https:\/\/manskin.ch\/fr\/#website","url":"https:\/\/manskin.ch\/fr\/","name":"Manskin.ch","description":"Tous les produits de beaut\u00e9 pour les hommes les plus exigeants","publisher":{"@id":"https:\/\/manskin.ch\/fr\/#organization"},"potentialAction":[{"@type":"SearchAction","target":{"@type":"EntryPoint","urlTemplate":"https:\/\/manskin.ch\/fr\/?s={search_term_string}"},"query-input":{"@type":"PropertyValueSpecification","valueRequired":true,"valueName":"search_term_string"}}],"inLanguage":"fr-FR"},{"@type":"Organization","@id":"https:\/\/manskin.ch\/fr\/#organization","name":"Manskin.ch - der Schweizer Onlineshop f\u00fcr qualit\u00e4tsstarke M\u00e4nnerpflege","url":"https:\/\/manskin.ch\/fr\/","logo":{"@type":"ImageObject","inLanguage":"fr-FR","@id":"https:\/\/manskin.ch\/fr\/#\/schema\/logo\/image\/","url":"https:\/\/manskin.ch\/wp-content\/uploads\/2021\/04\/cropped-logo_head.png","contentUrl":"https:\/\/manskin.ch\/wp-content\/uploads\/2021\/04\/cropped-logo_head.png","width":235,"height":75,"caption":"Manskin.ch - der Schweizer Onlineshop f\u00fcr qualit\u00e4tsstarke M\u00e4nnerpflege"},"image":{"@id":"https:\/\/manskin.ch\/fr\/#\/schema\/logo\/image\/"},"sameAs":["https:\/\/www.facebook.com\/manskin.ch","https:\/\/www.instagram.com\/manskin.ch\/"]}]},"product_price_amount":"29.00","product_price_currency":"CHF","og_availability":"out of stock","product_availability":"out of stock","product_retailer_item_id":"14031","product_condition":"new"},"brands":[{"id":2862,"name":"COSRX","slug":"cosrx"}],"_links":{"self":[{"href":"https:\/\/manskin.ch\/fr\/wp-json\/wp\/v2\/product\/28135","targetHints":{"allow":["GET"]}}],"collection":[{"href":"https:\/\/manskin.ch\/fr\/wp-json\/wp\/v2\/product"}],"about":[{"href":"https:\/\/manskin.ch\/fr\/wp-json\/wp\/v2\/types\/product"}],"replies":[{"embeddable":true,"href":"https:\/\/manskin.ch\/fr\/wp-json\/wp\/v2\/comments?post=28135"}],"wp:featuredmedia":[{"embeddable":true,"href":"https:\/\/manskin.ch\/fr\/wp-json\/wp\/v2\/media\/28132"}],"wp:attachment":[{"href":"https:\/\/manskin.ch\/fr\/wp-json\/wp\/v2\/media?parent=28135"}],"wp:term":[{"taxonomy":"pwb-brand","embeddable":true,"href":"https:\/\/manskin.ch\/fr\/wp-json\/wp\/v2\/pwb-brand?post=28135"},{"taxonomy":"product_brand","embeddable":true,"href":"https:\/\/manskin.ch\/fr\/wp-json\/wp\/v2\/product_brand?post=28135"},{"taxonomy":"product_cat","embeddable":true,"href":"https:\/\/manskin.ch\/fr\/wp-json\/wp\/v2\/product_cat?post=28135"},{"taxonomy":"product_tag","embeddable":true,"href":"https:\/\/manskin.ch\/fr\/wp-json\/wp\/v2\/product_tag?post=28135"}],"curies":[{"name":"wp","href":"https:\/\/api.w.org\/{rel}","templated":true}]}}