{"id":24773,"date":"2023-11-24T10:54:57","date_gmt":"2023-11-24T09:54:57","guid":{"rendered":"https:\/\/manskin.ch\/produkt\/daily-face-kit\/"},"modified":"2026-03-09T12:52:12","modified_gmt":"2026-03-09T11:52:12","slug":"recipe-for-men-daily-face-kit","status":"publish","type":"product","link":"https:\/\/manskin.ch\/fr\/produkt\/recipe-for-men-daily-face-kit\/","title":{"rendered":"Recipe for men &#8211; Daily Face Kit Nettoyant &amp; Cr\u00e8me Visage"},"content":{"rendered":"<h2>Recipe for men &#8211; Daily Face Kit Nettoyant &amp; Cr\u00e8me Visage<\/h2>\n<p>Ce kit contient 2 produits de soin du visage pour un usage quotidien : un gel nettoyant pour le visage (Facial Cleanser) et une cr\u00e8me hydratante qui peut \u00e9galement \u00eatre utilis\u00e9e comme apr\u00e8s-rasage.<\/p>\n<h3>Facial Cleanser (nettoyant pour le visage)<\/h3>\n<p>&nbsp;<\/p>\n<ul>\n<li>Le gel nettoyant \u00e0 la pimprenelle, \u00e0 la cannelle et au gingembre nettoie la peau en profondeur et \u00e9limine l&rsquo;exc\u00e8s de s\u00e9bum.<\/li>\n<li>Il r\u00e9duit la taille des pores gr\u00e2ce \u00e0 Recipe&rsquo;s for Men Sebustop\u00ae.<\/li>\n<li>Le gel a une action antibact\u00e9rienne et convient \u00e0 tous les types de peau gr\u00e2ce \u00e0 sa formule douce et non dess\u00e9chante.<\/li>\n<li>Id\u00e9al pour les peaux sensibles.<\/li>\n<li>Contient 100 ml.<\/li>\n<\/ul>\n<h3>Facial Moisturiser (cr\u00e8me hydratante)<\/h3>\n<p>&nbsp;<\/p>\n<ul>\n<li>Une cr\u00e8me hydratante l\u00e9g\u00e8re et non grasse sp\u00e9cialement con\u00e7ue pour la peau des hommes.<\/li>\n<li>Le complexe unique de vitamines, de min\u00e9raux et d&rsquo;herbes fournit des nutriments et de l&rsquo;\u00e9nergie.<\/li>\n<li>Une touche de caf\u00e9ine r\u00e9duit les gonflements et rafra\u00eechit, l&rsquo;extrait d&rsquo;olive et les algues adoucissent la peau et l&rsquo;hydratent.<\/li>\n<li>Ingr\u00e9dients principaux : extrait d&rsquo;algues, th\u00e9 noir, extrait d&rsquo;olive, beurre de karit\u00e9, vitamine E, concombre, calendula, Sebustop\u00ae, Physiogenyl\u2122, venuceane.<\/li>\n<li>Application: Utiliser le Facial Moisturizer apr\u00e8s le rasage ou \u00e0 chaque fois que votre peau est s\u00e8che ou stress\u00e9e. Appliquer sur le visage propre et sec.<\/li>\n<\/ul>\n<p>En cadeau, 2 mini-tubes d&rsquo;Anti-Shine Moisturiser (contre la brillance) et de Facial Moisturiser+ (pour la peau s\u00e8che et sensible).<\/p>\n","protected":false},"excerpt":{"rendered":"<p>Recipe for men &#8211; Daily Face Kit Nettoyant &amp; Cr\u00e8me Visage Ce kit contient 2 produits de soin du visage pour un usage quotidien : un gel nettoyant pour le visage (Facial Cleanser) et une cr\u00e8me hydratante qui peut \u00e9galement \u00eatre utilis\u00e9e comme apr\u00e8s-rasage. Facial Cleanser (nettoyant pour le visage) &nbsp; Le gel nettoyant \u00e0 &#8230; <a title=\"Recipe for men &#8211; Daily Face Kit Nettoyant &amp; Cr\u00e8me Visage\" class=\"read-more\" href=\"https:\/\/manskin.ch\/fr\/produkt\/recipe-for-men-daily-face-kit\/\" aria-label=\"En savoir plus sur Recipe for men &#8211; Daily Face Kit Nettoyant &amp; Cr\u00e8me Visage\">Lire la suite<\/a><\/p>\n","protected":false},"featured_media":24798,"comment_status":"closed","ping_status":"closed","template":"","meta":{"_acf_changed":false},"pwb-brand":[2778],"product_brand":[],"product_cat":[2326,2329,2352,2344,2391],"product_tag":[],"class_list":{"0":"post-24773","1":"product","2":"type-product","3":"status-publish","4":"has-post-thumbnail","6":"pwb-brand-recipe-for-men","7":"product_cat-cadeaux","8":"product_cat-hydratants","9":"product_cat-peau-seche","10":"product_cat-peau-sensible","11":"product_cat-recipe-for-men-fr","12":"product_shipping_class-standard-fr","13":"sales-flash-overlay","14":"woocommerce-text-align-center","15":"woocommerce-image-align-center","16":"do-quantity-buttons","18":"first","19":"instock","20":"taxable","21":"shipping-taxable","22":"purchasable","23":"product-type-simple"},"acf":[],"yoast_head":"<!-- This site is optimized with the Yoast SEO Premium plugin v27.3 (Yoast SEO v27.3) - https:\/\/yoast.com\/product\/yoast-seo-premium-wordpress\/ -->\n<title>Soin intensif du visage avec Recipe for men | \u00e0 commander maintenant chez Manskin.ch.<\/title>\n<meta name=\"description\" content=\"Avec ce set de Recipe for men, vous obtenez le soin du visage parfait \u00e0 la maison. Nettoyage et hydratation \u00e0 un prix pr\u00e9f\u00e9rentiel. Achetez maintenant*\" \/>\n<meta name=\"robots\" content=\"index, follow, max-snippet:-1, max-image-preview:large, max-video-preview:-1\" \/>\n<link rel=\"canonical\" href=\"https:\/\/manskin.ch\/fr\/produkt\/recipe-for-men-daily-face-kit\/\" \/>\n<meta property=\"og:locale\" content=\"fr_FR\" \/>\n<meta property=\"og:type\" content=\"article\" \/>\n<meta property=\"og:title\" content=\"Recipe for men - Daily Face Kit Nettoyant &amp; Cr\u00e8me Visage\" \/>\n<meta property=\"og:description\" content=\"Avec ce set de Recipe for men, vous obtenez le soin du visage parfait \u00e0 la maison. Nettoyage et hydratation \u00e0 un prix pr\u00e9f\u00e9rentiel. Achetez maintenant*\" \/>\n<meta property=\"og:url\" content=\"https:\/\/manskin.ch\/fr\/produkt\/recipe-for-men-daily-face-kit\/\" \/>\n<meta property=\"og:site_name\" content=\"Manskin.ch\" \/>\n<meta property=\"article:publisher\" content=\"https:\/\/www.facebook.com\/manskin.ch\" \/>\n<meta property=\"article:modified_time\" content=\"2026-03-09T11:52:12+00:00\" \/>\n<meta property=\"og:image\" content=\"https:\/\/manskin.ch\/wp-content\/uploads\/2023\/11\/Recipe-Gift-High-Quality-2.jpg\" \/>\n\t<meta property=\"og:image:width\" content=\"800\" \/>\n\t<meta property=\"og:image:height\" content=\"800\" \/>\n\t<meta property=\"og:image:type\" content=\"image\/jpeg\" \/>\n<meta name=\"twitter:card\" content=\"summary_large_image\" \/>\n<meta name=\"twitter:label1\" content=\"Prix\" \/>\n\t<meta name=\"twitter:data1\" content=\"45.00&#067;&#072;&#070;\" \/>\n\t<meta name=\"twitter:label2\" content=\"Disponibilit\u00e9\" \/>\n\t<meta name=\"twitter:data2\" content=\"En stock\" \/>\n<script type=\"application\/ld+json\" class=\"yoast-schema-graph\">{\"@context\":\"https:\\\/\\\/schema.org\",\"@graph\":[{\"@type\":\"WebPage\",\"@id\":\"https:\\\/\\\/manskin.ch\\\/fr\\\/produkt\\\/recipe-for-men-daily-face-kit\\\/\",\"url\":\"https:\\\/\\\/manskin.ch\\\/fr\\\/produkt\\\/recipe-for-men-daily-face-kit\\\/\",\"name\":\"Soin intensif du visage avec Recipe for men | \u00e0 commander maintenant chez Manskin.ch.\",\"isPartOf\":{\"@id\":\"https:\\\/\\\/manskin.ch\\\/fr\\\/#website\"},\"primaryImageOfPage\":{\"@id\":\"https:\\\/\\\/manskin.ch\\\/fr\\\/produkt\\\/recipe-for-men-daily-face-kit\\\/#primaryimage\"},\"image\":{\"@id\":\"https:\\\/\\\/manskin.ch\\\/fr\\\/produkt\\\/recipe-for-men-daily-face-kit\\\/#primaryimage\"},\"thumbnailUrl\":\"https:\\\/\\\/manskin.ch\\\/wp-content\\\/uploads\\\/2023\\\/11\\\/Recipe-Gift-High-Quality-2.jpg\",\"datePublished\":\"2023-11-24T09:54:57+00:00\",\"dateModified\":\"2026-03-09T11:52:12+00:00\",\"description\":\"Avec ce set de Recipe for men, vous obtenez le soin du visage parfait \u00e0 la maison. Nettoyage et hydratation \u00e0 un prix pr\u00e9f\u00e9rentiel. Achetez maintenant*\",\"breadcrumb\":{\"@id\":\"https:\\\/\\\/manskin.ch\\\/fr\\\/produkt\\\/recipe-for-men-daily-face-kit\\\/#breadcrumb\"},\"inLanguage\":\"fr-FR\",\"potentialAction\":[{\"@type\":\"ReadAction\",\"target\":[\"https:\\\/\\\/manskin.ch\\\/fr\\\/produkt\\\/recipe-for-men-daily-face-kit\\\/\"]}]},{\"@type\":\"ImageObject\",\"inLanguage\":\"fr-FR\",\"@id\":\"https:\\\/\\\/manskin.ch\\\/fr\\\/produkt\\\/recipe-for-men-daily-face-kit\\\/#primaryimage\",\"url\":\"https:\\\/\\\/manskin.ch\\\/wp-content\\\/uploads\\\/2023\\\/11\\\/Recipe-Gift-High-Quality-2.jpg\",\"contentUrl\":\"https:\\\/\\\/manskin.ch\\\/wp-content\\\/uploads\\\/2023\\\/11\\\/Recipe-Gift-High-Quality-2.jpg\",\"width\":800,\"height\":800},{\"@type\":\"BreadcrumbList\",\"@id\":\"https:\\\/\\\/manskin.ch\\\/fr\\\/produkt\\\/recipe-for-men-daily-face-kit\\\/#breadcrumb\",\"itemListElement\":[{\"@type\":\"ListItem\",\"position\":1,\"name\":\"Startseite\",\"item\":\"https:\\\/\\\/manskin.ch\\\/fr\\\/\"},{\"@type\":\"ListItem\",\"position\":2,\"name\":\"Boutique\",\"item\":\"https:\\\/\\\/manskin.ch\\\/fr\\\/boutique\\\/\"},{\"@type\":\"ListItem\",\"position\":3,\"name\":\"Recipe for men &#8211; Daily Face Kit Nettoyant &amp; Cr\u00e8me Visage\"}]},{\"@type\":\"WebSite\",\"@id\":\"https:\\\/\\\/manskin.ch\\\/fr\\\/#website\",\"url\":\"https:\\\/\\\/manskin.ch\\\/fr\\\/\",\"name\":\"Manskin.ch\",\"description\":\"Tous les produits de beaut\u00e9 pour les hommes les plus exigeants\",\"publisher\":{\"@id\":\"https:\\\/\\\/manskin.ch\\\/fr\\\/#organization\"},\"potentialAction\":[{\"@type\":\"SearchAction\",\"target\":{\"@type\":\"EntryPoint\",\"urlTemplate\":\"https:\\\/\\\/manskin.ch\\\/fr\\\/?s={search_term_string}\"},\"query-input\":{\"@type\":\"PropertyValueSpecification\",\"valueRequired\":true,\"valueName\":\"search_term_string\"}}],\"inLanguage\":\"fr-FR\"},{\"@type\":\"Organization\",\"@id\":\"https:\\\/\\\/manskin.ch\\\/fr\\\/#organization\",\"name\":\"Manskin.ch - der Schweizer Onlineshop f\u00fcr qualit\u00e4tsstarke M\u00e4nnerpflege\",\"url\":\"https:\\\/\\\/manskin.ch\\\/fr\\\/\",\"logo\":{\"@type\":\"ImageObject\",\"inLanguage\":\"fr-FR\",\"@id\":\"https:\\\/\\\/manskin.ch\\\/fr\\\/#\\\/schema\\\/logo\\\/image\\\/\",\"url\":\"https:\\\/\\\/manskin.ch\\\/wp-content\\\/uploads\\\/2021\\\/04\\\/cropped-logo_head.png\",\"contentUrl\":\"https:\\\/\\\/manskin.ch\\\/wp-content\\\/uploads\\\/2021\\\/04\\\/cropped-logo_head.png\",\"width\":235,\"height\":75,\"caption\":\"Manskin.ch - der Schweizer Onlineshop f\u00fcr qualit\u00e4tsstarke M\u00e4nnerpflege\"},\"image\":{\"@id\":\"https:\\\/\\\/manskin.ch\\\/fr\\\/#\\\/schema\\\/logo\\\/image\\\/\"},\"sameAs\":[\"https:\\\/\\\/www.facebook.com\\\/manskin.ch\",\"https:\\\/\\\/www.instagram.com\\\/manskin.ch\\\/\"]}]}<\/script>\n<meta property=\"product:price:amount\" content=\"45.00\" \/>\n<meta property=\"product:price:currency\" content=\"CHF\" \/>\n<meta property=\"og:availability\" content=\"instock\" \/>\n<meta property=\"product:availability\" content=\"instock\" \/>\n<meta property=\"product:retailer_item_id\" content=\"14014\" \/>\n<meta property=\"product:condition\" content=\"new\" \/>\n<!-- \/ Yoast SEO Premium plugin. -->","yoast_head_json":{"title":"Soin intensif du visage avec Recipe for men | \u00e0 commander maintenant chez Manskin.ch.","description":"Avec ce set de Recipe for men, vous obtenez le soin du visage parfait \u00e0 la maison. Nettoyage et hydratation \u00e0 un prix pr\u00e9f\u00e9rentiel. Achetez maintenant*","robots":{"index":"index","follow":"follow","max-snippet":"max-snippet:-1","max-image-preview":"max-image-preview:large","max-video-preview":"max-video-preview:-1"},"canonical":"https:\/\/manskin.ch\/fr\/produkt\/recipe-for-men-daily-face-kit\/","og_locale":"fr_FR","og_type":"article","og_title":"Recipe for men - Daily Face Kit Nettoyant &amp; Cr\u00e8me Visage","og_description":"Avec ce set de Recipe for men, vous obtenez le soin du visage parfait \u00e0 la maison. Nettoyage et hydratation \u00e0 un prix pr\u00e9f\u00e9rentiel. Achetez maintenant*","og_url":"https:\/\/manskin.ch\/fr\/produkt\/recipe-for-men-daily-face-kit\/","og_site_name":"Manskin.ch","article_publisher":"https:\/\/www.facebook.com\/manskin.ch","article_modified_time":"2026-03-09T11:52:12+00:00","og_image":[{"width":800,"height":800,"url":"https:\/\/manskin.ch\/wp-content\/uploads\/2023\/11\/Recipe-Gift-High-Quality-2.jpg","type":"image\/jpeg"}],"twitter_card":"summary_large_image","twitter_misc":{"Prix":"45.00&#67;&#72;&#70;","Disponibilit\u00e9":"En stock"},"schema":{"@context":"https:\/\/schema.org","@graph":[{"@type":"WebPage","@id":"https:\/\/manskin.ch\/fr\/produkt\/recipe-for-men-daily-face-kit\/","url":"https:\/\/manskin.ch\/fr\/produkt\/recipe-for-men-daily-face-kit\/","name":"Soin intensif du visage avec Recipe for men | \u00e0 commander maintenant chez Manskin.ch.","isPartOf":{"@id":"https:\/\/manskin.ch\/fr\/#website"},"primaryImageOfPage":{"@id":"https:\/\/manskin.ch\/fr\/produkt\/recipe-for-men-daily-face-kit\/#primaryimage"},"image":{"@id":"https:\/\/manskin.ch\/fr\/produkt\/recipe-for-men-daily-face-kit\/#primaryimage"},"thumbnailUrl":"https:\/\/manskin.ch\/wp-content\/uploads\/2023\/11\/Recipe-Gift-High-Quality-2.jpg","datePublished":"2023-11-24T09:54:57+00:00","dateModified":"2026-03-09T11:52:12+00:00","description":"Avec ce set de Recipe for men, vous obtenez le soin du visage parfait \u00e0 la maison. Nettoyage et hydratation \u00e0 un prix pr\u00e9f\u00e9rentiel. Achetez maintenant*","breadcrumb":{"@id":"https:\/\/manskin.ch\/fr\/produkt\/recipe-for-men-daily-face-kit\/#breadcrumb"},"inLanguage":"fr-FR","potentialAction":[{"@type":"ReadAction","target":["https:\/\/manskin.ch\/fr\/produkt\/recipe-for-men-daily-face-kit\/"]}]},{"@type":"ImageObject","inLanguage":"fr-FR","@id":"https:\/\/manskin.ch\/fr\/produkt\/recipe-for-men-daily-face-kit\/#primaryimage","url":"https:\/\/manskin.ch\/wp-content\/uploads\/2023\/11\/Recipe-Gift-High-Quality-2.jpg","contentUrl":"https:\/\/manskin.ch\/wp-content\/uploads\/2023\/11\/Recipe-Gift-High-Quality-2.jpg","width":800,"height":800},{"@type":"BreadcrumbList","@id":"https:\/\/manskin.ch\/fr\/produkt\/recipe-for-men-daily-face-kit\/#breadcrumb","itemListElement":[{"@type":"ListItem","position":1,"name":"Startseite","item":"https:\/\/manskin.ch\/fr\/"},{"@type":"ListItem","position":2,"name":"Boutique","item":"https:\/\/manskin.ch\/fr\/boutique\/"},{"@type":"ListItem","position":3,"name":"Recipe for men &#8211; Daily Face Kit Nettoyant &amp; Cr\u00e8me Visage"}]},{"@type":"WebSite","@id":"https:\/\/manskin.ch\/fr\/#website","url":"https:\/\/manskin.ch\/fr\/","name":"Manskin.ch","description":"Tous les produits de beaut\u00e9 pour les hommes les plus exigeants","publisher":{"@id":"https:\/\/manskin.ch\/fr\/#organization"},"potentialAction":[{"@type":"SearchAction","target":{"@type":"EntryPoint","urlTemplate":"https:\/\/manskin.ch\/fr\/?s={search_term_string}"},"query-input":{"@type":"PropertyValueSpecification","valueRequired":true,"valueName":"search_term_string"}}],"inLanguage":"fr-FR"},{"@type":"Organization","@id":"https:\/\/manskin.ch\/fr\/#organization","name":"Manskin.ch - der Schweizer Onlineshop f\u00fcr qualit\u00e4tsstarke M\u00e4nnerpflege","url":"https:\/\/manskin.ch\/fr\/","logo":{"@type":"ImageObject","inLanguage":"fr-FR","@id":"https:\/\/manskin.ch\/fr\/#\/schema\/logo\/image\/","url":"https:\/\/manskin.ch\/wp-content\/uploads\/2021\/04\/cropped-logo_head.png","contentUrl":"https:\/\/manskin.ch\/wp-content\/uploads\/2021\/04\/cropped-logo_head.png","width":235,"height":75,"caption":"Manskin.ch - der Schweizer Onlineshop f\u00fcr qualit\u00e4tsstarke M\u00e4nnerpflege"},"image":{"@id":"https:\/\/manskin.ch\/fr\/#\/schema\/logo\/image\/"},"sameAs":["https:\/\/www.facebook.com\/manskin.ch","https:\/\/www.instagram.com\/manskin.ch\/"]}]},"product_price_amount":"45.00","product_price_currency":"CHF","og_availability":"instock","product_availability":"instock","product_retailer_item_id":"14014","product_condition":"new"},"brands":[{"id":2778,"name":"Recipe for men","slug":"recipe-for-men"}],"_links":{"self":[{"href":"https:\/\/manskin.ch\/fr\/wp-json\/wp\/v2\/product\/24773","targetHints":{"allow":["GET"]}}],"collection":[{"href":"https:\/\/manskin.ch\/fr\/wp-json\/wp\/v2\/product"}],"about":[{"href":"https:\/\/manskin.ch\/fr\/wp-json\/wp\/v2\/types\/product"}],"replies":[{"embeddable":true,"href":"https:\/\/manskin.ch\/fr\/wp-json\/wp\/v2\/comments?post=24773"}],"wp:featuredmedia":[{"embeddable":true,"href":"https:\/\/manskin.ch\/fr\/wp-json\/wp\/v2\/media\/24798"}],"wp:attachment":[{"href":"https:\/\/manskin.ch\/fr\/wp-json\/wp\/v2\/media?parent=24773"}],"wp:term":[{"taxonomy":"pwb-brand","embeddable":true,"href":"https:\/\/manskin.ch\/fr\/wp-json\/wp\/v2\/pwb-brand?post=24773"},{"taxonomy":"product_brand","embeddable":true,"href":"https:\/\/manskin.ch\/fr\/wp-json\/wp\/v2\/product_brand?post=24773"},{"taxonomy":"product_cat","embeddable":true,"href":"https:\/\/manskin.ch\/fr\/wp-json\/wp\/v2\/product_cat?post=24773"},{"taxonomy":"product_tag","embeddable":true,"href":"https:\/\/manskin.ch\/fr\/wp-json\/wp\/v2\/product_tag?post=24773"}],"curies":[{"name":"wp","href":"https:\/\/api.w.org\/{rel}","templated":true}]}}