{"id":23562,"date":"2023-11-12T14:05:21","date_gmt":"2023-11-12T13:05:21","guid":{"rendered":"https:\/\/manskin.ch\/?post_type=product&#038;p=23562"},"modified":"2026-01-15T22:17:50","modified_gmt":"2026-01-15T21:17:50","slug":"gaisbock-coffret-pour-le-meilleur-rien-que-le-meilleur","status":"publish","type":"product","link":"https:\/\/manskin.ch\/fr\/produkt\/gaisbock-coffret-pour-le-meilleur-rien-que-le-meilleur\/","title":{"rendered":"Gaisbock &#8211; Coffret Pour le meilleur, rien que le meilleur"},"content":{"rendered":"<h2>Gaisbock &#8211; Coffret Pour le meilleur, rien que le meilleur<\/h2>\n<p>Tu sais pour qui. Tu sais pourquoi. Un cadeau, un compliment, beaucoup d&rsquo;attention. Quelle que soit l&rsquo;occasion, un coffret cadeau du Gaisbock est toujours une bonne id\u00e9e.<br \/>\nDes produits naturels pour les hommes de la nature, de la qualit\u00e9 pour les hommes qui ont du style.<\/p>\n<h3>Shampooing &amp; Gel Douche<\/h3>\n<ul>\n<li>Soin des cheveux et du corps en un seul geste.<\/li>\n<li>Faire mousser, rincer, c&rsquo;est tout. Soigne la peau et renforce les cheveux avec des substances actives 100% naturelles et des probiotiques.<\/li>\n<li>Avec de l&rsquo;edelweiss, de la gentiane et de l&rsquo;aloe vera.<br \/>\n<h3>D\u00e9odorant<\/h3>\n<\/li>\n<li>D\u00e9odorant aux probiotiques, \u00e0 la gentiane et \u00e0 l&rsquo;edelweiss.<\/li>\n<li>Apaise, nettoie et prot\u00e8ge les cellules de la peau. Pour une sensation de fra\u00eecheur durable, m\u00eame lorsqu&rsquo;il fait chaud.<\/li>\n<li>Des substances actives 100% naturelles sur lesquelles tu peux compter.<\/li>\n<li>0% d&rsquo;aluminium probl\u00e9matique.<\/li>\n<\/ul>\n<h3>Cr\u00e8me pour le visage<\/h3>\n<ul>\n<li>Effet: hydrate, apaise, stimule le m\u00e9tabolisme de la peau, purifie, prot\u00e8ge les cellules de la peau (capteur id\u00e9al de radicaux libres)<\/li>\n<li>Effet anti-\u00e2ge (prouv\u00e9 cliniquement).<\/li>\n<li>100 % naturelle.<\/li>\n<li>Fabriqu\u00e9 en Suisse.<\/li>\n<li>Avec de l&rsquo;edelweiss bio, de la gentiane jaune et des probiotiques.<br \/>\n<h3>Chaussettes blanches taille 42-45<\/h3>\n<\/li>\n<li>Tu aimes \u00e7a, tu le sens &#8211; les chaussettes confortables sont tout simplement ce qu&rsquo;il y a de mieux. Surtout quand elles sont de la meilleure qualit\u00e9.<\/li>\n<li>Plus pr\u00e9cis\u00e9ment : 73% coton, 18% polyester, 7% polyamide, 2% \u00e9lasthanne.<\/li>\n<li>Pour le stretch, le maintien et le confort.<\/li>\n<\/ul>\n<p>Contenu : 1x shampooing &amp; douche\u00a0150 ml, 1x d\u00e9odorant 50 ml, 1x cr\u00e8me pour le visage Face Cream 50 ml, 1x paire de chaussettes blanches<\/p>\n","protected":false},"excerpt":{"rendered":"<p>Gaisbock &#8211; Coffret Pour le meilleur, rien que le meilleur Tu sais pour qui. Tu sais pourquoi. Un cadeau, un compliment, beaucoup d&rsquo;attention. Quelle que soit l&rsquo;occasion, un coffret cadeau du Gaisbock est toujours une bonne id\u00e9e. Des produits naturels pour les hommes de la nature, de la qualit\u00e9 pour les hommes qui ont du &#8230; <a title=\"Gaisbock &#8211; Coffret Pour le meilleur, rien que le meilleur\" class=\"read-more\" href=\"https:\/\/manskin.ch\/fr\/produkt\/gaisbock-coffret-pour-le-meilleur-rien-que-le-meilleur\/\" aria-label=\"En savoir plus sur Gaisbock &#8211; Coffret Pour le meilleur, rien que le meilleur\">Lire la suite<\/a><\/p>\n","protected":false},"featured_media":24636,"comment_status":"closed","ping_status":"closed","template":"","meta":{"_acf_changed":false},"pwb-brand":[2842],"product_brand":[],"product_cat":[2326,2414,2358,2843,2334,2332,1948],"product_tag":[],"class_list":{"0":"post-23562","1":"product","2":"type-product","3":"status-publish","4":"has-post-thumbnail","6":"pwb-brand-gaisbock","7":"product_cat-cadeaux","8":"product_cat-cosmetique-naturelle","9":"product_cat-edt-deo","10":"product_cat-gaisbock-fr","11":"product_cat-serum-visage","12":"product_cat-set-de-visage","13":"product_cat-shampoing-conditioner","14":"product_shipping_class-standard-fr","15":"sales-flash-overlay","16":"woocommerce-text-align-center","17":"woocommerce-image-align-center","18":"do-quantity-buttons","20":"first","21":"instock","22":"purchasable","23":"product-type-simple"},"acf":[],"yoast_head":"<!-- This site is optimized with the Yoast SEO Premium plugin v27.3 (Yoast SEO v27.3) - https:\/\/yoast.com\/product\/yoast-seo-premium-wordpress\/ -->\n<title>Gaisbock - Coffret Pour le meilleur, rien que le meilleur | Manskin.ch<\/title>\n<meta name=\"description\" content=\"Gaisbock - Coffret Pour le meilleur, rien que le meilleur\" \/>\n<meta name=\"robots\" content=\"index, follow, max-snippet:-1, max-image-preview:large, max-video-preview:-1\" \/>\n<link rel=\"canonical\" href=\"https:\/\/manskin.ch\/fr\/produkt\/gaisbock-coffret-pour-le-meilleur-rien-que-le-meilleur\/\" \/>\n<meta property=\"og:locale\" content=\"fr_FR\" \/>\n<meta property=\"og:type\" content=\"article\" \/>\n<meta property=\"og:title\" content=\"Gaisbock - Coffret Pour le meilleur, rien que le meilleur\" \/>\n<meta property=\"og:description\" content=\"Gaisbock - Coffret Pour le meilleur, rien que le meilleur\" \/>\n<meta property=\"og:url\" content=\"https:\/\/manskin.ch\/fr\/produkt\/gaisbock-coffret-pour-le-meilleur-rien-que-le-meilleur\/\" \/>\n<meta property=\"og:site_name\" content=\"Manskin.ch\" \/>\n<meta property=\"article:publisher\" content=\"https:\/\/www.facebook.com\/manskin.ch\" \/>\n<meta property=\"article:modified_time\" content=\"2026-01-15T21:17:50+00:00\" \/>\n<meta property=\"og:image\" content=\"https:\/\/manskin.ch\/wp-content\/uploads\/2023\/11\/Fuer-den-Besten.jpg\" \/>\n\t<meta property=\"og:image:width\" content=\"800\" \/>\n\t<meta property=\"og:image:height\" content=\"800\" \/>\n\t<meta property=\"og:image:type\" content=\"image\/jpeg\" \/>\n<meta name=\"twitter:card\" content=\"summary_large_image\" \/>\n<meta name=\"twitter:label1\" content=\"Prix\" \/>\n\t<meta name=\"twitter:data1\" content=\"58.50&#067;&#072;&#070;\" \/>\n\t<meta name=\"twitter:label2\" content=\"Disponibilit\u00e9\" \/>\n\t<meta name=\"twitter:data2\" content=\"En stock\" \/>\n<script type=\"application\/ld+json\" class=\"yoast-schema-graph\">{\"@context\":\"https:\\\/\\\/schema.org\",\"@graph\":[{\"@type\":\"WebPage\",\"@id\":\"https:\\\/\\\/manskin.ch\\\/fr\\\/produkt\\\/gaisbock-coffret-pour-le-meilleur-rien-que-le-meilleur\\\/\",\"url\":\"https:\\\/\\\/manskin.ch\\\/fr\\\/produkt\\\/gaisbock-coffret-pour-le-meilleur-rien-que-le-meilleur\\\/\",\"name\":\"Gaisbock - Coffret Pour le meilleur, rien que le meilleur | Manskin.ch\",\"isPartOf\":{\"@id\":\"https:\\\/\\\/manskin.ch\\\/fr\\\/#website\"},\"primaryImageOfPage\":{\"@id\":\"https:\\\/\\\/manskin.ch\\\/fr\\\/produkt\\\/gaisbock-coffret-pour-le-meilleur-rien-que-le-meilleur\\\/#primaryimage\"},\"image\":{\"@id\":\"https:\\\/\\\/manskin.ch\\\/fr\\\/produkt\\\/gaisbock-coffret-pour-le-meilleur-rien-que-le-meilleur\\\/#primaryimage\"},\"thumbnailUrl\":\"https:\\\/\\\/manskin.ch\\\/wp-content\\\/uploads\\\/2023\\\/11\\\/Fuer-den-Besten.jpg\",\"datePublished\":\"2023-11-12T13:05:21+00:00\",\"dateModified\":\"2026-01-15T21:17:50+00:00\",\"description\":\"Gaisbock - Coffret Pour le meilleur, rien que le meilleur\",\"breadcrumb\":{\"@id\":\"https:\\\/\\\/manskin.ch\\\/fr\\\/produkt\\\/gaisbock-coffret-pour-le-meilleur-rien-que-le-meilleur\\\/#breadcrumb\"},\"inLanguage\":\"fr-FR\",\"potentialAction\":[{\"@type\":\"ReadAction\",\"target\":[\"https:\\\/\\\/manskin.ch\\\/fr\\\/produkt\\\/gaisbock-coffret-pour-le-meilleur-rien-que-le-meilleur\\\/\"]}]},{\"@type\":\"ImageObject\",\"inLanguage\":\"fr-FR\",\"@id\":\"https:\\\/\\\/manskin.ch\\\/fr\\\/produkt\\\/gaisbock-coffret-pour-le-meilleur-rien-que-le-meilleur\\\/#primaryimage\",\"url\":\"https:\\\/\\\/manskin.ch\\\/wp-content\\\/uploads\\\/2023\\\/11\\\/Fuer-den-Besten.jpg\",\"contentUrl\":\"https:\\\/\\\/manskin.ch\\\/wp-content\\\/uploads\\\/2023\\\/11\\\/Fuer-den-Besten.jpg\",\"width\":800,\"height\":800},{\"@type\":\"BreadcrumbList\",\"@id\":\"https:\\\/\\\/manskin.ch\\\/fr\\\/produkt\\\/gaisbock-coffret-pour-le-meilleur-rien-que-le-meilleur\\\/#breadcrumb\",\"itemListElement\":[{\"@type\":\"ListItem\",\"position\":1,\"name\":\"Startseite\",\"item\":\"https:\\\/\\\/manskin.ch\\\/fr\\\/\"},{\"@type\":\"ListItem\",\"position\":2,\"name\":\"Boutique Soins pour Hommes &amp; Skincare\",\"item\":\"https:\\\/\\\/manskin.ch\\\/fr\\\/boutique\\\/\"},{\"@type\":\"ListItem\",\"position\":3,\"name\":\"Gaisbock &#8211; Coffret Pour le meilleur, rien que le meilleur\"}]},{\"@type\":\"WebSite\",\"@id\":\"https:\\\/\\\/manskin.ch\\\/fr\\\/#website\",\"url\":\"https:\\\/\\\/manskin.ch\\\/fr\\\/\",\"name\":\"Manskin.ch\",\"description\":\"Tous les produits de beaut\u00e9 pour les hommes les plus exigeants\",\"publisher\":{\"@id\":\"https:\\\/\\\/manskin.ch\\\/fr\\\/#organization\"},\"potentialAction\":[{\"@type\":\"SearchAction\",\"target\":{\"@type\":\"EntryPoint\",\"urlTemplate\":\"https:\\\/\\\/manskin.ch\\\/fr\\\/?s={search_term_string}\"},\"query-input\":{\"@type\":\"PropertyValueSpecification\",\"valueRequired\":true,\"valueName\":\"search_term_string\"}}],\"inLanguage\":\"fr-FR\"},{\"@type\":\"Organization\",\"@id\":\"https:\\\/\\\/manskin.ch\\\/fr\\\/#organization\",\"name\":\"Manskin.ch - der Schweizer Onlineshop f\u00fcr qualit\u00e4tsstarke M\u00e4nnerpflege\",\"url\":\"https:\\\/\\\/manskin.ch\\\/fr\\\/\",\"logo\":{\"@type\":\"ImageObject\",\"inLanguage\":\"fr-FR\",\"@id\":\"https:\\\/\\\/manskin.ch\\\/fr\\\/#\\\/schema\\\/logo\\\/image\\\/\",\"url\":\"https:\\\/\\\/manskin.ch\\\/wp-content\\\/uploads\\\/2021\\\/04\\\/cropped-logo_head.png\",\"contentUrl\":\"https:\\\/\\\/manskin.ch\\\/wp-content\\\/uploads\\\/2021\\\/04\\\/cropped-logo_head.png\",\"width\":235,\"height\":75,\"caption\":\"Manskin.ch - der Schweizer Onlineshop f\u00fcr qualit\u00e4tsstarke M\u00e4nnerpflege\"},\"image\":{\"@id\":\"https:\\\/\\\/manskin.ch\\\/fr\\\/#\\\/schema\\\/logo\\\/image\\\/\"},\"sameAs\":[\"https:\\\/\\\/www.facebook.com\\\/manskin.ch\",\"https:\\\/\\\/www.instagram.com\\\/manskin.ch\\\/\"]}]}<\/script>\n<meta property=\"product:price:amount\" content=\"58.50\" \/>\n<meta property=\"product:price:currency\" content=\"CHF\" \/>\n<meta property=\"og:availability\" content=\"instock\" \/>\n<meta property=\"product:availability\" content=\"instock\" \/>\n<meta property=\"product:retailer_item_id\" content=\"13338\" \/>\n<meta property=\"product:condition\" content=\"new\" \/>\n<!-- \/ Yoast SEO Premium plugin. -->","yoast_head_json":{"title":"Gaisbock - Coffret Pour le meilleur, rien que le meilleur | Manskin.ch","description":"Gaisbock - Coffret Pour le meilleur, rien que le meilleur","robots":{"index":"index","follow":"follow","max-snippet":"max-snippet:-1","max-image-preview":"max-image-preview:large","max-video-preview":"max-video-preview:-1"},"canonical":"https:\/\/manskin.ch\/fr\/produkt\/gaisbock-coffret-pour-le-meilleur-rien-que-le-meilleur\/","og_locale":"fr_FR","og_type":"article","og_title":"Gaisbock - Coffret Pour le meilleur, rien que le meilleur","og_description":"Gaisbock - Coffret Pour le meilleur, rien que le meilleur","og_url":"https:\/\/manskin.ch\/fr\/produkt\/gaisbock-coffret-pour-le-meilleur-rien-que-le-meilleur\/","og_site_name":"Manskin.ch","article_publisher":"https:\/\/www.facebook.com\/manskin.ch","article_modified_time":"2026-01-15T21:17:50+00:00","og_image":[{"width":800,"height":800,"url":"https:\/\/manskin.ch\/wp-content\/uploads\/2023\/11\/Fuer-den-Besten.jpg","type":"image\/jpeg"}],"twitter_card":"summary_large_image","twitter_misc":{"Prix":"58.50&#67;&#72;&#70;","Disponibilit\u00e9":"En stock"},"schema":{"@context":"https:\/\/schema.org","@graph":[{"@type":"WebPage","@id":"https:\/\/manskin.ch\/fr\/produkt\/gaisbock-coffret-pour-le-meilleur-rien-que-le-meilleur\/","url":"https:\/\/manskin.ch\/fr\/produkt\/gaisbock-coffret-pour-le-meilleur-rien-que-le-meilleur\/","name":"Gaisbock - Coffret Pour le meilleur, rien que le meilleur | Manskin.ch","isPartOf":{"@id":"https:\/\/manskin.ch\/fr\/#website"},"primaryImageOfPage":{"@id":"https:\/\/manskin.ch\/fr\/produkt\/gaisbock-coffret-pour-le-meilleur-rien-que-le-meilleur\/#primaryimage"},"image":{"@id":"https:\/\/manskin.ch\/fr\/produkt\/gaisbock-coffret-pour-le-meilleur-rien-que-le-meilleur\/#primaryimage"},"thumbnailUrl":"https:\/\/manskin.ch\/wp-content\/uploads\/2023\/11\/Fuer-den-Besten.jpg","datePublished":"2023-11-12T13:05:21+00:00","dateModified":"2026-01-15T21:17:50+00:00","description":"Gaisbock - Coffret Pour le meilleur, rien que le meilleur","breadcrumb":{"@id":"https:\/\/manskin.ch\/fr\/produkt\/gaisbock-coffret-pour-le-meilleur-rien-que-le-meilleur\/#breadcrumb"},"inLanguage":"fr-FR","potentialAction":[{"@type":"ReadAction","target":["https:\/\/manskin.ch\/fr\/produkt\/gaisbock-coffret-pour-le-meilleur-rien-que-le-meilleur\/"]}]},{"@type":"ImageObject","inLanguage":"fr-FR","@id":"https:\/\/manskin.ch\/fr\/produkt\/gaisbock-coffret-pour-le-meilleur-rien-que-le-meilleur\/#primaryimage","url":"https:\/\/manskin.ch\/wp-content\/uploads\/2023\/11\/Fuer-den-Besten.jpg","contentUrl":"https:\/\/manskin.ch\/wp-content\/uploads\/2023\/11\/Fuer-den-Besten.jpg","width":800,"height":800},{"@type":"BreadcrumbList","@id":"https:\/\/manskin.ch\/fr\/produkt\/gaisbock-coffret-pour-le-meilleur-rien-que-le-meilleur\/#breadcrumb","itemListElement":[{"@type":"ListItem","position":1,"name":"Startseite","item":"https:\/\/manskin.ch\/fr\/"},{"@type":"ListItem","position":2,"name":"Boutique Soins pour Hommes &amp; Skincare","item":"https:\/\/manskin.ch\/fr\/boutique\/"},{"@type":"ListItem","position":3,"name":"Gaisbock &#8211; Coffret Pour le meilleur, rien que le meilleur"}]},{"@type":"WebSite","@id":"https:\/\/manskin.ch\/fr\/#website","url":"https:\/\/manskin.ch\/fr\/","name":"Manskin.ch","description":"Tous les produits de beaut\u00e9 pour les hommes les plus exigeants","publisher":{"@id":"https:\/\/manskin.ch\/fr\/#organization"},"potentialAction":[{"@type":"SearchAction","target":{"@type":"EntryPoint","urlTemplate":"https:\/\/manskin.ch\/fr\/?s={search_term_string}"},"query-input":{"@type":"PropertyValueSpecification","valueRequired":true,"valueName":"search_term_string"}}],"inLanguage":"fr-FR"},{"@type":"Organization","@id":"https:\/\/manskin.ch\/fr\/#organization","name":"Manskin.ch - der Schweizer Onlineshop f\u00fcr qualit\u00e4tsstarke M\u00e4nnerpflege","url":"https:\/\/manskin.ch\/fr\/","logo":{"@type":"ImageObject","inLanguage":"fr-FR","@id":"https:\/\/manskin.ch\/fr\/#\/schema\/logo\/image\/","url":"https:\/\/manskin.ch\/wp-content\/uploads\/2021\/04\/cropped-logo_head.png","contentUrl":"https:\/\/manskin.ch\/wp-content\/uploads\/2021\/04\/cropped-logo_head.png","width":235,"height":75,"caption":"Manskin.ch - der Schweizer Onlineshop f\u00fcr qualit\u00e4tsstarke M\u00e4nnerpflege"},"image":{"@id":"https:\/\/manskin.ch\/fr\/#\/schema\/logo\/image\/"},"sameAs":["https:\/\/www.facebook.com\/manskin.ch","https:\/\/www.instagram.com\/manskin.ch\/"]}]},"product_price_amount":"58.50","product_price_currency":"CHF","og_availability":"instock","product_availability":"instock","product_retailer_item_id":"13338","product_condition":"new"},"brands":[{"id":2842,"name":"Gaisbock","slug":"gaisbock"}],"_links":{"self":[{"href":"https:\/\/manskin.ch\/fr\/wp-json\/wp\/v2\/product\/23562","targetHints":{"allow":["GET"]}}],"collection":[{"href":"https:\/\/manskin.ch\/fr\/wp-json\/wp\/v2\/product"}],"about":[{"href":"https:\/\/manskin.ch\/fr\/wp-json\/wp\/v2\/types\/product"}],"replies":[{"embeddable":true,"href":"https:\/\/manskin.ch\/fr\/wp-json\/wp\/v2\/comments?post=23562"}],"wp:featuredmedia":[{"embeddable":true,"href":"https:\/\/manskin.ch\/fr\/wp-json\/wp\/v2\/media\/24636"}],"wp:attachment":[{"href":"https:\/\/manskin.ch\/fr\/wp-json\/wp\/v2\/media?parent=23562"}],"wp:term":[{"taxonomy":"pwb-brand","embeddable":true,"href":"https:\/\/manskin.ch\/fr\/wp-json\/wp\/v2\/pwb-brand?post=23562"},{"taxonomy":"product_brand","embeddable":true,"href":"https:\/\/manskin.ch\/fr\/wp-json\/wp\/v2\/product_brand?post=23562"},{"taxonomy":"product_cat","embeddable":true,"href":"https:\/\/manskin.ch\/fr\/wp-json\/wp\/v2\/product_cat?post=23562"},{"taxonomy":"product_tag","embeddable":true,"href":"https:\/\/manskin.ch\/fr\/wp-json\/wp\/v2\/product_tag?post=23562"}],"curies":[{"name":"wp","href":"https:\/\/api.w.org\/{rel}","templated":true}]}}