{"id":23535,"date":"2023-11-12T12:48:28","date_gmt":"2023-11-12T11:48:28","guid":{"rendered":"https:\/\/manskin.ch\/?post_type=product&#038;p=23535"},"modified":"2026-01-15T22:18:21","modified_gmt":"2026-01-15T21:18:21","slug":"pinceau-kosmo-avec-poils-de-blaireau-et-manche-chene-maraiss","status":"publish","type":"product","link":"https:\/\/manskin.ch\/fr\/produkt\/pinceau-kosmo-avec-poils-de-blaireau-et-manche-chene-maraiss\/","title":{"rendered":"M\u00dcHLE &#8211; Pinceau KOSMO avec poils de blaireau et manche en ch\u00eane des marais"},"content":{"rendered":"<h2>M\u00dcHLE &#8211; Pinceau KOSMO avec poils de blaireau et manche en ch\u00eane des marais<\/h2>\n<ul>\n<li>Blaireau en poils de blaireau fins<\/li>\n<li>Manche en ch\u00eane des marais avec accents en m\u00e9tal chrom\u00e9<\/li>\n<li>Taille de l&rsquo;anneau 21 mm<\/li>\n<\/ul>\n<h3><span style=\"color: #ff9900;\">La t\u00eate du blaireau &#8211; poils fin<\/span><\/h3>\n<ul>\n<li>Le poil de blaireau fin est plus doux que le poil de blaireau pur, mais un peu plus ferme que le poil de blaireau \u00e0 pointe argent\u00e9e.<\/li>\n<li>Le jeu de couleurs est gris clair et laisse appara\u00eetre la bande sombre (miroir) typique des hautes qualit\u00e9s de poils de blaireau.<\/li>\n<li>Ce mat\u00e9riau en poils naturels convient parfaitement aux rasoirs humides qui appr\u00e9cient la douceur du poil de blaireau et souhaitent obtenir un certain effet de massage.<\/li>\n<\/ul>\n<h3><span style=\"color: #ff9900;\">Le mat\u00e9riau &#8211; ch\u00eane des marais<\/span><\/h3>\n<ul>\n<li>Ce mat\u00e9riau rare n&rsquo;est pas une esp\u00e8ce de bois en soi, mais il est issu de bois de ch\u00eane qui s&rsquo;est enfonc\u00e9 dans les marais il y a plusieurs si\u00e8cles et a subi divers processus de transformation.<\/li>\n<li>Le bois est ainsi conserv\u00e9 de mani\u00e8re naturelle et durable. Sous l&rsquo;influence des tanins pr\u00e9sents dans la tourbi\u00e8re, une coloration sombre et expressive appara\u00eet.<\/li>\n<li>Les troncs que l&rsquo;on ne trouve plus que tr\u00e8s rarement font de ce mat\u00e9riau une v\u00e9ritable raret\u00e9.<\/li>\n<li>La coloration des bois varie entre le brun, le brun fonc\u00e9 et le brun noir. Dans les rares sections de troncs utilisables, on scie d&rsquo;abord des bois \u00e9quarris qui sont ensuite tourn\u00e9s pour en faire des manches. Des processus de polissage avec des huiles fines scellent encore les surfaces et leur conf\u00e8rent un \u00e9clat mat et soyeux.<\/li>\n<li>Sans chrome, le monde perdrait beaucoup de son \u00e9clat. La surface est r\u00e9sistante \u00e0 la corrosion, particuli\u00e8rement durable et poss\u00e8de un \u00e9clat pr\u00e9cieux et s\u00e9duisant. En contraste, les couleurs et les formes d&rsquo;autres mat\u00e9riaux de qualit\u00e9 sup\u00e9rieure sont particuli\u00e8rement bien mises en valeur.Poids 86 gr.<\/li>\n<\/ul>\n","protected":false},"excerpt":{"rendered":"<p>M\u00dcHLE &#8211; Pinceau KOSMO avec poils de blaireau et manche en ch\u00eane des marais Blaireau en poils de blaireau fins Manche en ch\u00eane des marais avec accents en m\u00e9tal chrom\u00e9 Taille de l&rsquo;anneau 21 mm La t\u00eate du blaireau &#8211; poils fin Le poil de blaireau fin est plus doux que le poil de blaireau &#8230; <a title=\"M\u00dcHLE &#8211; Pinceau KOSMO avec poils de blaireau et manche en ch\u00eane des marais\" class=\"read-more\" href=\"https:\/\/manskin.ch\/fr\/produkt\/pinceau-kosmo-avec-poils-de-blaireau-et-manche-chene-maraiss\/\" aria-label=\"En savoir plus sur M\u00dcHLE &#8211; Pinceau KOSMO avec poils de blaireau et manche en ch\u00eane des marais\">Lire la suite<\/a><\/p>\n","protected":false},"featured_media":23538,"comment_status":"closed","ping_status":"closed","template":"","meta":{"_acf_changed":false},"pwb-brand":[2769],"product_brand":[],"product_cat":[2425,2412],"product_tag":[],"class_list":{"0":"post-23535","1":"product","2":"type-product","3":"status-publish","4":"has-post-thumbnail","6":"pwb-brand-muehle","7":"product_cat-blaireau-new","8":"product_cat-muehle-fr","9":"product_shipping_class-standard-fr","10":"sales-flash-overlay","11":"woocommerce-text-align-center","12":"woocommerce-image-align-center","13":"do-quantity-buttons","15":"first","16":"outofstock","17":"purchasable","18":"product-type-simple"},"acf":[],"yoast_head":"<!-- This site is optimized with the Yoast SEO Premium plugin v27.3 (Yoast SEO v27.3) - https:\/\/yoast.com\/product\/yoast-seo-premium-wordpress\/ -->\n<title>M\u00dcHLE - Pinceau KOSMO avec poils de blaireau et manche en ch\u00eane des marais | Manskin.ch<\/title>\n<meta name=\"description\" content=\"M\u00dcHLE - Pinceau KOSMO avec poils de blaireau et manche en ch\u00eane des marais\" \/>\n<meta name=\"robots\" content=\"index, follow, max-snippet:-1, max-image-preview:large, max-video-preview:-1\" \/>\n<link rel=\"canonical\" href=\"https:\/\/manskin.ch\/fr\/produkt\/pinceau-kosmo-avec-poils-de-blaireau-et-manche-chene-maraiss\/\" \/>\n<meta property=\"og:locale\" content=\"fr_FR\" \/>\n<meta property=\"og:type\" content=\"article\" \/>\n<meta property=\"og:title\" content=\"M\u00dcHLE - Pinceau KOSMO avec poils de blaireau et manche en ch\u00eane des marais\" \/>\n<meta property=\"og:description\" content=\"M\u00dcHLE - Pinceau KOSMO avec poils de blaireau et manche en ch\u00eane des marais\" \/>\n<meta property=\"og:url\" content=\"https:\/\/manskin.ch\/fr\/produkt\/pinceau-kosmo-avec-poils-de-blaireau-et-manche-chene-maraiss\/\" \/>\n<meta property=\"og:site_name\" content=\"Manskin.ch\" \/>\n<meta property=\"article:publisher\" content=\"https:\/\/www.facebook.com\/manskin.ch\" \/>\n<meta property=\"article:modified_time\" content=\"2026-01-15T21:18:21+00:00\" \/>\n<meta property=\"og:image\" content=\"https:\/\/manskin.ch\/wp-content\/uploads\/2023\/11\/MUeHLE-Rasierpinsel-Kosmo-Dachshaar.jpg\" \/>\n\t<meta property=\"og:image:width\" content=\"800\" \/>\n\t<meta property=\"og:image:height\" content=\"800\" \/>\n\t<meta property=\"og:image:type\" content=\"image\/jpeg\" \/>\n<meta name=\"twitter:card\" content=\"summary_large_image\" \/>\n<meta name=\"twitter:label1\" content=\"Prix\" \/>\n\t<meta name=\"twitter:data1\" content=\"82.00&#067;&#072;&#070;\" \/>\n\t<meta name=\"twitter:label2\" content=\"Disponibilit\u00e9\" \/>\n\t<meta name=\"twitter:data2\" content=\"Rupture de stock\" \/>\n<script type=\"application\/ld+json\" class=\"yoast-schema-graph\">{\"@context\":\"https:\\\/\\\/schema.org\",\"@graph\":[{\"@type\":\"WebPage\",\"@id\":\"https:\\\/\\\/manskin.ch\\\/fr\\\/produkt\\\/pinceau-kosmo-avec-poils-de-blaireau-et-manche-chene-maraiss\\\/\",\"url\":\"https:\\\/\\\/manskin.ch\\\/fr\\\/produkt\\\/pinceau-kosmo-avec-poils-de-blaireau-et-manche-chene-maraiss\\\/\",\"name\":\"M\u00dcHLE - Pinceau KOSMO avec poils de blaireau et manche en ch\u00eane des marais | Manskin.ch\",\"isPartOf\":{\"@id\":\"https:\\\/\\\/manskin.ch\\\/fr\\\/#website\"},\"primaryImageOfPage\":{\"@id\":\"https:\\\/\\\/manskin.ch\\\/fr\\\/produkt\\\/pinceau-kosmo-avec-poils-de-blaireau-et-manche-chene-maraiss\\\/#primaryimage\"},\"image\":{\"@id\":\"https:\\\/\\\/manskin.ch\\\/fr\\\/produkt\\\/pinceau-kosmo-avec-poils-de-blaireau-et-manche-chene-maraiss\\\/#primaryimage\"},\"thumbnailUrl\":\"https:\\\/\\\/manskin.ch\\\/wp-content\\\/uploads\\\/2023\\\/11\\\/MUeHLE-Rasierpinsel-Kosmo-Dachshaar.jpg\",\"datePublished\":\"2023-11-12T11:48:28+00:00\",\"dateModified\":\"2026-01-15T21:18:21+00:00\",\"description\":\"M\u00dcHLE - Pinceau KOSMO avec poils de blaireau et manche en ch\u00eane des marais\",\"breadcrumb\":{\"@id\":\"https:\\\/\\\/manskin.ch\\\/fr\\\/produkt\\\/pinceau-kosmo-avec-poils-de-blaireau-et-manche-chene-maraiss\\\/#breadcrumb\"},\"inLanguage\":\"fr-FR\",\"potentialAction\":[{\"@type\":\"ReadAction\",\"target\":[\"https:\\\/\\\/manskin.ch\\\/fr\\\/produkt\\\/pinceau-kosmo-avec-poils-de-blaireau-et-manche-chene-maraiss\\\/\"]}]},{\"@type\":\"ImageObject\",\"inLanguage\":\"fr-FR\",\"@id\":\"https:\\\/\\\/manskin.ch\\\/fr\\\/produkt\\\/pinceau-kosmo-avec-poils-de-blaireau-et-manche-chene-maraiss\\\/#primaryimage\",\"url\":\"https:\\\/\\\/manskin.ch\\\/wp-content\\\/uploads\\\/2023\\\/11\\\/MUeHLE-Rasierpinsel-Kosmo-Dachshaar.jpg\",\"contentUrl\":\"https:\\\/\\\/manskin.ch\\\/wp-content\\\/uploads\\\/2023\\\/11\\\/MUeHLE-Rasierpinsel-Kosmo-Dachshaar.jpg\",\"width\":800,\"height\":800,\"caption\":\"MUEHLE Blaireau Kosmo\"},{\"@type\":\"BreadcrumbList\",\"@id\":\"https:\\\/\\\/manskin.ch\\\/fr\\\/produkt\\\/pinceau-kosmo-avec-poils-de-blaireau-et-manche-chene-maraiss\\\/#breadcrumb\",\"itemListElement\":[{\"@type\":\"ListItem\",\"position\":1,\"name\":\"Startseite\",\"item\":\"https:\\\/\\\/manskin.ch\\\/fr\\\/\"},{\"@type\":\"ListItem\",\"position\":2,\"name\":\"Boutique Soins pour Hommes &amp; Skincare\",\"item\":\"https:\\\/\\\/manskin.ch\\\/fr\\\/boutique\\\/\"},{\"@type\":\"ListItem\",\"position\":3,\"name\":\"M\u00dcHLE &#8211; Pinceau KOSMO avec poils de blaireau et manche en ch\u00eane des marais\"}]},{\"@type\":\"WebSite\",\"@id\":\"https:\\\/\\\/manskin.ch\\\/fr\\\/#website\",\"url\":\"https:\\\/\\\/manskin.ch\\\/fr\\\/\",\"name\":\"Manskin.ch\",\"description\":\"Tous les produits de beaut\u00e9 pour les hommes les plus exigeants\",\"publisher\":{\"@id\":\"https:\\\/\\\/manskin.ch\\\/fr\\\/#organization\"},\"potentialAction\":[{\"@type\":\"SearchAction\",\"target\":{\"@type\":\"EntryPoint\",\"urlTemplate\":\"https:\\\/\\\/manskin.ch\\\/fr\\\/?s={search_term_string}\"},\"query-input\":{\"@type\":\"PropertyValueSpecification\",\"valueRequired\":true,\"valueName\":\"search_term_string\"}}],\"inLanguage\":\"fr-FR\"},{\"@type\":\"Organization\",\"@id\":\"https:\\\/\\\/manskin.ch\\\/fr\\\/#organization\",\"name\":\"Manskin.ch - der Schweizer Onlineshop f\u00fcr qualit\u00e4tsstarke M\u00e4nnerpflege\",\"url\":\"https:\\\/\\\/manskin.ch\\\/fr\\\/\",\"logo\":{\"@type\":\"ImageObject\",\"inLanguage\":\"fr-FR\",\"@id\":\"https:\\\/\\\/manskin.ch\\\/fr\\\/#\\\/schema\\\/logo\\\/image\\\/\",\"url\":\"https:\\\/\\\/manskin.ch\\\/wp-content\\\/uploads\\\/2021\\\/04\\\/cropped-logo_head.png\",\"contentUrl\":\"https:\\\/\\\/manskin.ch\\\/wp-content\\\/uploads\\\/2021\\\/04\\\/cropped-logo_head.png\",\"width\":235,\"height\":75,\"caption\":\"Manskin.ch - der Schweizer Onlineshop f\u00fcr qualit\u00e4tsstarke M\u00e4nnerpflege\"},\"image\":{\"@id\":\"https:\\\/\\\/manskin.ch\\\/fr\\\/#\\\/schema\\\/logo\\\/image\\\/\"},\"sameAs\":[\"https:\\\/\\\/www.facebook.com\\\/manskin.ch\",\"https:\\\/\\\/www.instagram.com\\\/manskin.ch\\\/\"]}]}<\/script>\n<meta property=\"product:price:amount\" content=\"82.00\" \/>\n<meta property=\"product:price:currency\" content=\"CHF\" \/>\n<meta property=\"og:availability\" content=\"out of stock\" \/>\n<meta property=\"product:availability\" content=\"out of stock\" \/>\n<meta property=\"product:retailer_item_id\" content=\"13334\" \/>\n<meta property=\"product:condition\" content=\"new\" \/>\n<!-- \/ Yoast SEO Premium plugin. -->","yoast_head_json":{"title":"M\u00dcHLE - Pinceau KOSMO avec poils de blaireau et manche en ch\u00eane des marais | Manskin.ch","description":"M\u00dcHLE - Pinceau KOSMO avec poils de blaireau et manche en ch\u00eane des marais","robots":{"index":"index","follow":"follow","max-snippet":"max-snippet:-1","max-image-preview":"max-image-preview:large","max-video-preview":"max-video-preview:-1"},"canonical":"https:\/\/manskin.ch\/fr\/produkt\/pinceau-kosmo-avec-poils-de-blaireau-et-manche-chene-maraiss\/","og_locale":"fr_FR","og_type":"article","og_title":"M\u00dcHLE - Pinceau KOSMO avec poils de blaireau et manche en ch\u00eane des marais","og_description":"M\u00dcHLE - Pinceau KOSMO avec poils de blaireau et manche en ch\u00eane des marais","og_url":"https:\/\/manskin.ch\/fr\/produkt\/pinceau-kosmo-avec-poils-de-blaireau-et-manche-chene-maraiss\/","og_site_name":"Manskin.ch","article_publisher":"https:\/\/www.facebook.com\/manskin.ch","article_modified_time":"2026-01-15T21:18:21+00:00","og_image":[{"width":800,"height":800,"url":"https:\/\/manskin.ch\/wp-content\/uploads\/2023\/11\/MUeHLE-Rasierpinsel-Kosmo-Dachshaar.jpg","type":"image\/jpeg"}],"twitter_card":"summary_large_image","twitter_misc":{"Prix":"82.00&#67;&#72;&#70;","Disponibilit\u00e9":"Rupture de stock"},"schema":{"@context":"https:\/\/schema.org","@graph":[{"@type":"WebPage","@id":"https:\/\/manskin.ch\/fr\/produkt\/pinceau-kosmo-avec-poils-de-blaireau-et-manche-chene-maraiss\/","url":"https:\/\/manskin.ch\/fr\/produkt\/pinceau-kosmo-avec-poils-de-blaireau-et-manche-chene-maraiss\/","name":"M\u00dcHLE - Pinceau KOSMO avec poils de blaireau et manche en ch\u00eane des marais | Manskin.ch","isPartOf":{"@id":"https:\/\/manskin.ch\/fr\/#website"},"primaryImageOfPage":{"@id":"https:\/\/manskin.ch\/fr\/produkt\/pinceau-kosmo-avec-poils-de-blaireau-et-manche-chene-maraiss\/#primaryimage"},"image":{"@id":"https:\/\/manskin.ch\/fr\/produkt\/pinceau-kosmo-avec-poils-de-blaireau-et-manche-chene-maraiss\/#primaryimage"},"thumbnailUrl":"https:\/\/manskin.ch\/wp-content\/uploads\/2023\/11\/MUeHLE-Rasierpinsel-Kosmo-Dachshaar.jpg","datePublished":"2023-11-12T11:48:28+00:00","dateModified":"2026-01-15T21:18:21+00:00","description":"M\u00dcHLE - Pinceau KOSMO avec poils de blaireau et manche en ch\u00eane des marais","breadcrumb":{"@id":"https:\/\/manskin.ch\/fr\/produkt\/pinceau-kosmo-avec-poils-de-blaireau-et-manche-chene-maraiss\/#breadcrumb"},"inLanguage":"fr-FR","potentialAction":[{"@type":"ReadAction","target":["https:\/\/manskin.ch\/fr\/produkt\/pinceau-kosmo-avec-poils-de-blaireau-et-manche-chene-maraiss\/"]}]},{"@type":"ImageObject","inLanguage":"fr-FR","@id":"https:\/\/manskin.ch\/fr\/produkt\/pinceau-kosmo-avec-poils-de-blaireau-et-manche-chene-maraiss\/#primaryimage","url":"https:\/\/manskin.ch\/wp-content\/uploads\/2023\/11\/MUeHLE-Rasierpinsel-Kosmo-Dachshaar.jpg","contentUrl":"https:\/\/manskin.ch\/wp-content\/uploads\/2023\/11\/MUeHLE-Rasierpinsel-Kosmo-Dachshaar.jpg","width":800,"height":800,"caption":"MUEHLE Blaireau Kosmo"},{"@type":"BreadcrumbList","@id":"https:\/\/manskin.ch\/fr\/produkt\/pinceau-kosmo-avec-poils-de-blaireau-et-manche-chene-maraiss\/#breadcrumb","itemListElement":[{"@type":"ListItem","position":1,"name":"Startseite","item":"https:\/\/manskin.ch\/fr\/"},{"@type":"ListItem","position":2,"name":"Boutique Soins pour Hommes &amp; Skincare","item":"https:\/\/manskin.ch\/fr\/boutique\/"},{"@type":"ListItem","position":3,"name":"M\u00dcHLE &#8211; Pinceau KOSMO avec poils de blaireau et manche en ch\u00eane des marais"}]},{"@type":"WebSite","@id":"https:\/\/manskin.ch\/fr\/#website","url":"https:\/\/manskin.ch\/fr\/","name":"Manskin.ch","description":"Tous les produits de beaut\u00e9 pour les hommes les plus exigeants","publisher":{"@id":"https:\/\/manskin.ch\/fr\/#organization"},"potentialAction":[{"@type":"SearchAction","target":{"@type":"EntryPoint","urlTemplate":"https:\/\/manskin.ch\/fr\/?s={search_term_string}"},"query-input":{"@type":"PropertyValueSpecification","valueRequired":true,"valueName":"search_term_string"}}],"inLanguage":"fr-FR"},{"@type":"Organization","@id":"https:\/\/manskin.ch\/fr\/#organization","name":"Manskin.ch - der Schweizer Onlineshop f\u00fcr qualit\u00e4tsstarke M\u00e4nnerpflege","url":"https:\/\/manskin.ch\/fr\/","logo":{"@type":"ImageObject","inLanguage":"fr-FR","@id":"https:\/\/manskin.ch\/fr\/#\/schema\/logo\/image\/","url":"https:\/\/manskin.ch\/wp-content\/uploads\/2021\/04\/cropped-logo_head.png","contentUrl":"https:\/\/manskin.ch\/wp-content\/uploads\/2021\/04\/cropped-logo_head.png","width":235,"height":75,"caption":"Manskin.ch - der Schweizer Onlineshop f\u00fcr qualit\u00e4tsstarke M\u00e4nnerpflege"},"image":{"@id":"https:\/\/manskin.ch\/fr\/#\/schema\/logo\/image\/"},"sameAs":["https:\/\/www.facebook.com\/manskin.ch","https:\/\/www.instagram.com\/manskin.ch\/"]}]},"product_price_amount":"82.00","product_price_currency":"CHF","og_availability":"out of stock","product_availability":"out of stock","product_retailer_item_id":"13334","product_condition":"new"},"brands":[{"id":2769,"name":"M\u00dcHLE","slug":"muehle"}],"_links":{"self":[{"href":"https:\/\/manskin.ch\/fr\/wp-json\/wp\/v2\/product\/23535","targetHints":{"allow":["GET"]}}],"collection":[{"href":"https:\/\/manskin.ch\/fr\/wp-json\/wp\/v2\/product"}],"about":[{"href":"https:\/\/manskin.ch\/fr\/wp-json\/wp\/v2\/types\/product"}],"replies":[{"embeddable":true,"href":"https:\/\/manskin.ch\/fr\/wp-json\/wp\/v2\/comments?post=23535"}],"wp:featuredmedia":[{"embeddable":true,"href":"https:\/\/manskin.ch\/fr\/wp-json\/wp\/v2\/media\/23538"}],"wp:attachment":[{"href":"https:\/\/manskin.ch\/fr\/wp-json\/wp\/v2\/media?parent=23535"}],"wp:term":[{"taxonomy":"pwb-brand","embeddable":true,"href":"https:\/\/manskin.ch\/fr\/wp-json\/wp\/v2\/pwb-brand?post=23535"},{"taxonomy":"product_brand","embeddable":true,"href":"https:\/\/manskin.ch\/fr\/wp-json\/wp\/v2\/product_brand?post=23535"},{"taxonomy":"product_cat","embeddable":true,"href":"https:\/\/manskin.ch\/fr\/wp-json\/wp\/v2\/product_cat?post=23535"},{"taxonomy":"product_tag","embeddable":true,"href":"https:\/\/manskin.ch\/fr\/wp-json\/wp\/v2\/product_tag?post=23535"}],"curies":[{"name":"wp","href":"https:\/\/api.w.org\/{rel}","templated":true}]}}