{"id":23523,"date":"2023-11-11T15:31:09","date_gmt":"2023-11-11T14:31:09","guid":{"rendered":"https:\/\/manskin.ch\/?post_type=product&#038;p=23523"},"modified":"2026-03-09T12:54:20","modified_gmt":"2026-03-09T11:54:20","slug":"pinceau-kosmo-avec-poils-vegane-et-manche-olivier","status":"publish","type":"product","link":"https:\/\/manskin.ch\/fr\/produkt\/pinceau-kosmo-avec-poils-vegane-et-manche-olivier\/","title":{"rendered":"M\u00dcHLE &#8211; Pinceau KOSMO avec poils vegane et manche en olivier"},"content":{"rendered":"<h2>M\u00dcHLE &#8211; Pinceau KOSMO avec Silvertip Fibre et manche en bois d&rsquo;olivier<\/h2>\n<ul>\n<li>Blaireau de rasage avec Silvertip Fibre\u00ae.<\/li>\n<li>Poign\u00e9es en bois d&rsquo;olivier avec accents en m\u00e9tal chrom\u00e9<\/li>\n<li>Taille de l&rsquo;anneau 21 mm<br \/>\n<h3><strong><span style=\"color: #ff9900;\"><br \/>\nLa t\u00eate de blaireau &#8211; Silvertip Fibre<\/span><\/strong><\/h3>\n<\/li>\n<li>Silvertip Fibre\u00ae &#8211; les fibres synth\u00e9tiques de haute qualit\u00e9 repr\u00e9sentent une innovation mondiale de M\u00dcHLE.<\/li>\n<li>Elle se compose d&rsquo;une qualit\u00e9 premium produite synth\u00e9tiquement, dont les propri\u00e9t\u00e9s mat\u00e9rielles sont analogues \u00e0 celles du pr\u00e9cieux poil naturel pur argent\u00e9. La majorit\u00e9 des utilisateurs pensent m\u00eame que cette qualit\u00e9 offre des propri\u00e9t\u00e9s d&rsquo;utilisation encore meilleures que le poil naturel.<\/li>\n<li>\u00ab\u00a0Silvertip Fibre\u00ae\u00a0\u00bb est tr\u00e8s doux au niveau des pointes fines, mais un peu plus stable que le poil naturel dans la zone m\u00e9diane.<\/li>\n<li>Ces propri\u00e9t\u00e9s procurent une agr\u00e9able sensation de douceur sur la peau lors du savonnage, tout en conservant la fermet\u00e9 du poil souhait\u00e9e lors du moussage.<\/li>\n<li>Au quotidien, les fibres, \u00e9galement trait\u00e9es manuellement, sont moins sensibles que les poils naturels, car elles s\u00e8chent plus rapidement et r\u00e9sistent aux savons et aux cr\u00e8mes de rasage.<\/li>\n<li>La fibre enti\u00e8rement v\u00e9g\u00e9talienne est en outre un peu plus facile \u00e0 utiliser que le poil naturel, car elle forme une mousse particuli\u00e8rement cr\u00e9meuse et abondante \u00e0 partir d&rsquo;une petite quantit\u00e9 de savon ou de cr\u00e8me \u00e0 raser, ce qui permet de l&rsquo;utiliser avec beaucoup d&rsquo;\u00e9conomie.<br \/>\n<h3><span style=\"color: #ff9900;\"><br \/>\nLe mat\u00e9riau bois d&rsquo;olivier<\/span><\/h3>\n<\/li>\n<li>Depuis l&rsquo;Antiquit\u00e9, le bois d&rsquo;olivier est appr\u00e9ci\u00e9 pour ses excellentes propri\u00e9t\u00e9s mat\u00e9rielles et sa couleur chaude.<\/li>\n<li>Les bois utilis\u00e9s doivent \u00eatre s\u00e9ch\u00e9s avec soin pendant des mois, et ce n&rsquo;est qu&rsquo;ensuite que les formes des manches sont tourn\u00e9es. Ensuite, les surfaces sont ponc\u00e9es, vitrifi\u00e9es \u00e0 l&rsquo;huile et polies jusqu&rsquo;\u00e0 obtenir un brillant soyeux.<\/li>\n<li>Cela met particuli\u00e8rement bien en valeur les veines douces et couleur miel du bois.<\/li>\n<li>Sans chrome, le monde perdrait beaucoup de son \u00e9clat. La surface est r\u00e9sistante \u00e0 la corrosion, particuli\u00e8rement durable et poss\u00e8de un \u00e9clat pr\u00e9cieux et s\u00e9duisant.<\/li>\n<li>En contraste, les couleurs et les formes d&rsquo;autres mat\u00e9riaux de qualit\u00e9 sup\u00e9rieure sont particuli\u00e8rement bien mises en valeur.<\/li>\n<\/ul>\n<p>Poids 90 gr.<\/p>\n","protected":false},"excerpt":{"rendered":"<p>Manche en chrome et bois d&rsquo;olivier<\/p>\n","protected":false},"featured_media":23526,"comment_status":"closed","ping_status":"closed","template":"","meta":{"_acf_changed":false},"pwb-brand":[2769],"product_brand":[],"product_cat":[2425,2412],"product_tag":[],"class_list":{"0":"post-23523","1":"product","2":"type-product","3":"status-publish","4":"has-post-thumbnail","6":"pwb-brand-muehle","7":"product_cat-blaireau-new","8":"product_cat-muehle-fr","9":"product_shipping_class-standard-fr","10":"sales-flash-overlay","11":"woocommerce-text-align-center","12":"woocommerce-image-align-center","13":"do-quantity-buttons","15":"first","16":"outofstock","17":"purchasable","18":"product-type-simple"},"acf":[],"yoast_head":"<!-- This site is optimized with the Yoast SEO Premium plugin v27.3 (Yoast SEO v27.3) - https:\/\/yoast.com\/product\/yoast-seo-premium-wordpress\/ -->\n<title>M\u00dcHLE - Pinceau KOSMO avec poils vegane et manche en olivier<\/title>\n<meta name=\"description\" content=\"M\u00dcHLE - Pinceau KOSMO avec poils vegane et manche en olivier\" \/>\n<meta name=\"robots\" content=\"index, follow, max-snippet:-1, max-image-preview:large, max-video-preview:-1\" \/>\n<link rel=\"canonical\" href=\"https:\/\/manskin.ch\/fr\/produkt\/pinceau-kosmo-avec-poils-vegane-et-manche-olivier\/\" \/>\n<meta property=\"og:locale\" content=\"fr_FR\" \/>\n<meta property=\"og:type\" content=\"article\" \/>\n<meta property=\"og:title\" content=\"M\u00dcHLE - Pinceau KOSMO avec poils vegane et manche en olivier\" \/>\n<meta property=\"og:description\" content=\"M\u00dcHLE - Pinceau KOSMO avec poils vegane et manche en olivier\" \/>\n<meta property=\"og:url\" content=\"https:\/\/manskin.ch\/fr\/produkt\/pinceau-kosmo-avec-poils-vegane-et-manche-olivier\/\" \/>\n<meta property=\"og:site_name\" content=\"Manskin.ch\" \/>\n<meta property=\"article:publisher\" content=\"https:\/\/www.facebook.com\/manskin.ch\" \/>\n<meta property=\"article:modified_time\" content=\"2026-03-09T11:54:20+00:00\" \/>\n<meta property=\"og:image\" content=\"https:\/\/manskin.ch\/wp-content\/uploads\/2023\/11\/MUeHLE-Rasierpinsel-Kosmo-Olivenholz-Fibre.jpg\" \/>\n\t<meta property=\"og:image:width\" content=\"800\" \/>\n\t<meta property=\"og:image:height\" content=\"800\" \/>\n\t<meta property=\"og:image:type\" content=\"image\/jpeg\" \/>\n<meta name=\"twitter:card\" content=\"summary_large_image\" \/>\n<meta name=\"twitter:label1\" content=\"Prix\" \/>\n\t<meta name=\"twitter:data1\" content=\"69.00&#067;&#072;&#070;\" \/>\n\t<meta name=\"twitter:label2\" content=\"Disponibilit\u00e9\" \/>\n\t<meta name=\"twitter:data2\" content=\"Rupture de stock\" \/>\n<script type=\"application\/ld+json\" class=\"yoast-schema-graph\">{\"@context\":\"https:\\\/\\\/schema.org\",\"@graph\":[{\"@type\":\"WebPage\",\"@id\":\"https:\\\/\\\/manskin.ch\\\/fr\\\/produkt\\\/pinceau-kosmo-avec-poils-vegane-et-manche-olivier\\\/\",\"url\":\"https:\\\/\\\/manskin.ch\\\/fr\\\/produkt\\\/pinceau-kosmo-avec-poils-vegane-et-manche-olivier\\\/\",\"name\":\"M\u00dcHLE - Pinceau KOSMO avec poils vegane et manche en olivier\",\"isPartOf\":{\"@id\":\"https:\\\/\\\/manskin.ch\\\/fr\\\/#website\"},\"primaryImageOfPage\":{\"@id\":\"https:\\\/\\\/manskin.ch\\\/fr\\\/produkt\\\/pinceau-kosmo-avec-poils-vegane-et-manche-olivier\\\/#primaryimage\"},\"image\":{\"@id\":\"https:\\\/\\\/manskin.ch\\\/fr\\\/produkt\\\/pinceau-kosmo-avec-poils-vegane-et-manche-olivier\\\/#primaryimage\"},\"thumbnailUrl\":\"https:\\\/\\\/manskin.ch\\\/wp-content\\\/uploads\\\/2023\\\/11\\\/MUeHLE-Rasierpinsel-Kosmo-Olivenholz-Fibre.jpg\",\"datePublished\":\"2023-11-11T14:31:09+00:00\",\"dateModified\":\"2026-03-09T11:54:20+00:00\",\"description\":\"M\u00dcHLE - Pinceau KOSMO avec poils vegane et manche en olivier\",\"breadcrumb\":{\"@id\":\"https:\\\/\\\/manskin.ch\\\/fr\\\/produkt\\\/pinceau-kosmo-avec-poils-vegane-et-manche-olivier\\\/#breadcrumb\"},\"inLanguage\":\"fr-FR\",\"potentialAction\":[{\"@type\":\"ReadAction\",\"target\":[\"https:\\\/\\\/manskin.ch\\\/fr\\\/produkt\\\/pinceau-kosmo-avec-poils-vegane-et-manche-olivier\\\/\"]}]},{\"@type\":\"ImageObject\",\"inLanguage\":\"fr-FR\",\"@id\":\"https:\\\/\\\/manskin.ch\\\/fr\\\/produkt\\\/pinceau-kosmo-avec-poils-vegane-et-manche-olivier\\\/#primaryimage\",\"url\":\"https:\\\/\\\/manskin.ch\\\/wp-content\\\/uploads\\\/2023\\\/11\\\/MUeHLE-Rasierpinsel-Kosmo-Olivenholz-Fibre.jpg\",\"contentUrl\":\"https:\\\/\\\/manskin.ch\\\/wp-content\\\/uploads\\\/2023\\\/11\\\/MUeHLE-Rasierpinsel-Kosmo-Olivenholz-Fibre.jpg\",\"width\":800,\"height\":800},{\"@type\":\"BreadcrumbList\",\"@id\":\"https:\\\/\\\/manskin.ch\\\/fr\\\/produkt\\\/pinceau-kosmo-avec-poils-vegane-et-manche-olivier\\\/#breadcrumb\",\"itemListElement\":[{\"@type\":\"ListItem\",\"position\":1,\"name\":\"Startseite\",\"item\":\"https:\\\/\\\/manskin.ch\\\/fr\\\/\"},{\"@type\":\"ListItem\",\"position\":2,\"name\":\"Boutique\",\"item\":\"https:\\\/\\\/manskin.ch\\\/fr\\\/boutique\\\/\"},{\"@type\":\"ListItem\",\"position\":3,\"name\":\"M\u00dcHLE &#8211; Pinceau KOSMO avec poils vegane et manche en olivier\"}]},{\"@type\":\"WebSite\",\"@id\":\"https:\\\/\\\/manskin.ch\\\/fr\\\/#website\",\"url\":\"https:\\\/\\\/manskin.ch\\\/fr\\\/\",\"name\":\"Manskin.ch\",\"description\":\"Tous les produits de beaut\u00e9 pour les hommes les plus exigeants\",\"publisher\":{\"@id\":\"https:\\\/\\\/manskin.ch\\\/fr\\\/#organization\"},\"potentialAction\":[{\"@type\":\"SearchAction\",\"target\":{\"@type\":\"EntryPoint\",\"urlTemplate\":\"https:\\\/\\\/manskin.ch\\\/fr\\\/?s={search_term_string}\"},\"query-input\":{\"@type\":\"PropertyValueSpecification\",\"valueRequired\":true,\"valueName\":\"search_term_string\"}}],\"inLanguage\":\"fr-FR\"},{\"@type\":\"Organization\",\"@id\":\"https:\\\/\\\/manskin.ch\\\/fr\\\/#organization\",\"name\":\"Manskin.ch - der Schweizer Onlineshop f\u00fcr qualit\u00e4tsstarke M\u00e4nnerpflege\",\"url\":\"https:\\\/\\\/manskin.ch\\\/fr\\\/\",\"logo\":{\"@type\":\"ImageObject\",\"inLanguage\":\"fr-FR\",\"@id\":\"https:\\\/\\\/manskin.ch\\\/fr\\\/#\\\/schema\\\/logo\\\/image\\\/\",\"url\":\"https:\\\/\\\/manskin.ch\\\/wp-content\\\/uploads\\\/2021\\\/04\\\/cropped-logo_head.png\",\"contentUrl\":\"https:\\\/\\\/manskin.ch\\\/wp-content\\\/uploads\\\/2021\\\/04\\\/cropped-logo_head.png\",\"width\":235,\"height\":75,\"caption\":\"Manskin.ch - der Schweizer Onlineshop f\u00fcr qualit\u00e4tsstarke M\u00e4nnerpflege\"},\"image\":{\"@id\":\"https:\\\/\\\/manskin.ch\\\/fr\\\/#\\\/schema\\\/logo\\\/image\\\/\"},\"sameAs\":[\"https:\\\/\\\/www.facebook.com\\\/manskin.ch\",\"https:\\\/\\\/www.instagram.com\\\/manskin.ch\\\/\"]}]}<\/script>\n<meta property=\"product:price:amount\" content=\"69.00\" \/>\n<meta property=\"product:price:currency\" content=\"CHF\" \/>\n<meta property=\"og:availability\" content=\"out of stock\" \/>\n<meta property=\"product:availability\" content=\"out of stock\" \/>\n<meta property=\"product:retailer_item_id\" content=\"13336\" \/>\n<meta property=\"product:condition\" content=\"new\" \/>\n<!-- \/ Yoast SEO Premium plugin. -->","yoast_head_json":{"title":"M\u00dcHLE - Pinceau KOSMO avec poils vegane et manche en olivier","description":"M\u00dcHLE - Pinceau KOSMO avec poils vegane et manche en olivier","robots":{"index":"index","follow":"follow","max-snippet":"max-snippet:-1","max-image-preview":"max-image-preview:large","max-video-preview":"max-video-preview:-1"},"canonical":"https:\/\/manskin.ch\/fr\/produkt\/pinceau-kosmo-avec-poils-vegane-et-manche-olivier\/","og_locale":"fr_FR","og_type":"article","og_title":"M\u00dcHLE - Pinceau KOSMO avec poils vegane et manche en olivier","og_description":"M\u00dcHLE - Pinceau KOSMO avec poils vegane et manche en olivier","og_url":"https:\/\/manskin.ch\/fr\/produkt\/pinceau-kosmo-avec-poils-vegane-et-manche-olivier\/","og_site_name":"Manskin.ch","article_publisher":"https:\/\/www.facebook.com\/manskin.ch","article_modified_time":"2026-03-09T11:54:20+00:00","og_image":[{"width":800,"height":800,"url":"https:\/\/manskin.ch\/wp-content\/uploads\/2023\/11\/MUeHLE-Rasierpinsel-Kosmo-Olivenholz-Fibre.jpg","type":"image\/jpeg"}],"twitter_card":"summary_large_image","twitter_misc":{"Prix":"69.00&#67;&#72;&#70;","Disponibilit\u00e9":"Rupture de stock"},"schema":{"@context":"https:\/\/schema.org","@graph":[{"@type":"WebPage","@id":"https:\/\/manskin.ch\/fr\/produkt\/pinceau-kosmo-avec-poils-vegane-et-manche-olivier\/","url":"https:\/\/manskin.ch\/fr\/produkt\/pinceau-kosmo-avec-poils-vegane-et-manche-olivier\/","name":"M\u00dcHLE - Pinceau KOSMO avec poils vegane et manche en olivier","isPartOf":{"@id":"https:\/\/manskin.ch\/fr\/#website"},"primaryImageOfPage":{"@id":"https:\/\/manskin.ch\/fr\/produkt\/pinceau-kosmo-avec-poils-vegane-et-manche-olivier\/#primaryimage"},"image":{"@id":"https:\/\/manskin.ch\/fr\/produkt\/pinceau-kosmo-avec-poils-vegane-et-manche-olivier\/#primaryimage"},"thumbnailUrl":"https:\/\/manskin.ch\/wp-content\/uploads\/2023\/11\/MUeHLE-Rasierpinsel-Kosmo-Olivenholz-Fibre.jpg","datePublished":"2023-11-11T14:31:09+00:00","dateModified":"2026-03-09T11:54:20+00:00","description":"M\u00dcHLE - Pinceau KOSMO avec poils vegane et manche en olivier","breadcrumb":{"@id":"https:\/\/manskin.ch\/fr\/produkt\/pinceau-kosmo-avec-poils-vegane-et-manche-olivier\/#breadcrumb"},"inLanguage":"fr-FR","potentialAction":[{"@type":"ReadAction","target":["https:\/\/manskin.ch\/fr\/produkt\/pinceau-kosmo-avec-poils-vegane-et-manche-olivier\/"]}]},{"@type":"ImageObject","inLanguage":"fr-FR","@id":"https:\/\/manskin.ch\/fr\/produkt\/pinceau-kosmo-avec-poils-vegane-et-manche-olivier\/#primaryimage","url":"https:\/\/manskin.ch\/wp-content\/uploads\/2023\/11\/MUeHLE-Rasierpinsel-Kosmo-Olivenholz-Fibre.jpg","contentUrl":"https:\/\/manskin.ch\/wp-content\/uploads\/2023\/11\/MUeHLE-Rasierpinsel-Kosmo-Olivenholz-Fibre.jpg","width":800,"height":800},{"@type":"BreadcrumbList","@id":"https:\/\/manskin.ch\/fr\/produkt\/pinceau-kosmo-avec-poils-vegane-et-manche-olivier\/#breadcrumb","itemListElement":[{"@type":"ListItem","position":1,"name":"Startseite","item":"https:\/\/manskin.ch\/fr\/"},{"@type":"ListItem","position":2,"name":"Boutique","item":"https:\/\/manskin.ch\/fr\/boutique\/"},{"@type":"ListItem","position":3,"name":"M\u00dcHLE &#8211; Pinceau KOSMO avec poils vegane et manche en olivier"}]},{"@type":"WebSite","@id":"https:\/\/manskin.ch\/fr\/#website","url":"https:\/\/manskin.ch\/fr\/","name":"Manskin.ch","description":"Tous les produits de beaut\u00e9 pour les hommes les plus exigeants","publisher":{"@id":"https:\/\/manskin.ch\/fr\/#organization"},"potentialAction":[{"@type":"SearchAction","target":{"@type":"EntryPoint","urlTemplate":"https:\/\/manskin.ch\/fr\/?s={search_term_string}"},"query-input":{"@type":"PropertyValueSpecification","valueRequired":true,"valueName":"search_term_string"}}],"inLanguage":"fr-FR"},{"@type":"Organization","@id":"https:\/\/manskin.ch\/fr\/#organization","name":"Manskin.ch - der Schweizer Onlineshop f\u00fcr qualit\u00e4tsstarke M\u00e4nnerpflege","url":"https:\/\/manskin.ch\/fr\/","logo":{"@type":"ImageObject","inLanguage":"fr-FR","@id":"https:\/\/manskin.ch\/fr\/#\/schema\/logo\/image\/","url":"https:\/\/manskin.ch\/wp-content\/uploads\/2021\/04\/cropped-logo_head.png","contentUrl":"https:\/\/manskin.ch\/wp-content\/uploads\/2021\/04\/cropped-logo_head.png","width":235,"height":75,"caption":"Manskin.ch - der Schweizer Onlineshop f\u00fcr qualit\u00e4tsstarke M\u00e4nnerpflege"},"image":{"@id":"https:\/\/manskin.ch\/fr\/#\/schema\/logo\/image\/"},"sameAs":["https:\/\/www.facebook.com\/manskin.ch","https:\/\/www.instagram.com\/manskin.ch\/"]}]},"product_price_amount":"69.00","product_price_currency":"CHF","og_availability":"out of stock","product_availability":"out of stock","product_retailer_item_id":"13336","product_condition":"new"},"brands":[{"id":2769,"name":"M\u00dcHLE","slug":"muehle"}],"_links":{"self":[{"href":"https:\/\/manskin.ch\/fr\/wp-json\/wp\/v2\/product\/23523","targetHints":{"allow":["GET"]}}],"collection":[{"href":"https:\/\/manskin.ch\/fr\/wp-json\/wp\/v2\/product"}],"about":[{"href":"https:\/\/manskin.ch\/fr\/wp-json\/wp\/v2\/types\/product"}],"replies":[{"embeddable":true,"href":"https:\/\/manskin.ch\/fr\/wp-json\/wp\/v2\/comments?post=23523"}],"wp:featuredmedia":[{"embeddable":true,"href":"https:\/\/manskin.ch\/fr\/wp-json\/wp\/v2\/media\/23526"}],"wp:attachment":[{"href":"https:\/\/manskin.ch\/fr\/wp-json\/wp\/v2\/media?parent=23523"}],"wp:term":[{"taxonomy":"pwb-brand","embeddable":true,"href":"https:\/\/manskin.ch\/fr\/wp-json\/wp\/v2\/pwb-brand?post=23523"},{"taxonomy":"product_brand","embeddable":true,"href":"https:\/\/manskin.ch\/fr\/wp-json\/wp\/v2\/product_brand?post=23523"},{"taxonomy":"product_cat","embeddable":true,"href":"https:\/\/manskin.ch\/fr\/wp-json\/wp\/v2\/product_cat?post=23523"},{"taxonomy":"product_tag","embeddable":true,"href":"https:\/\/manskin.ch\/fr\/wp-json\/wp\/v2\/product_tag?post=23523"}],"curies":[{"name":"wp","href":"https:\/\/api.w.org\/{rel}","templated":true}]}}