{"id":23217,"date":"2023-10-31T16:18:18","date_gmt":"2023-10-31T15:18:18","guid":{"rendered":"https:\/\/manskin.ch\/?post_type=product&#038;p=23217"},"modified":"2026-02-16T19:23:36","modified_gmt":"2026-02-16T18:23:36","slug":"shakeup-lets-face-it-bb-tinted-moisturiser-light","status":"publish","type":"product","link":"https:\/\/manskin.ch\/fr\/produkt\/shakeup-lets-face-it-bb-tinted-moisturiser-light\/","title":{"rendered":"Shakeup &#8211; Let&rsquo;s Face It BB Tinted Moisturiser Light"},"content":{"rendered":"<h2>Shakeup &#8211; Let&rsquo;s Face It BB Tinted Moisturiser Light<\/h2>\n<ul>\n<li>Let&rsquo;s Face It est ta nouvelle cr\u00e8me hydratante teint\u00e9e qui peut \u00eatre utilis\u00e9e toute l&rsquo;ann\u00e9e pour d\u00e9finir ton look naturel.<\/li>\n<li>Elle peut \u00eatre utilis\u00e9e quotidiennement pour lisser et \u00e9claircir le teint, camoufler les imperfections et minimiser l&rsquo;apparence des pores obstru\u00e9s.<\/li>\n<li>Il dissimule les imperfections, les rougeurs et les tons de peau irr\u00e9guliers. Tu obtiens en un clin d&rsquo;\u0153il une peau d&rsquo;apparence naturelle et sans d\u00e9faut.<\/li>\n<li>Let&rsquo;s Face It de Shakeup est une nouvelle cr\u00e8me hydratante BB teint\u00e9e pour hommes, d\u00e9velopp\u00e9e avec une technologie de correction des couleurs pour correspondre exactement \u00e0 ta carnation.<\/li>\n<li>Cette BB cr\u00e8me est id\u00e9ale pour camoufler les imperfections de la peau lors d&rsquo;occasions sp\u00e9ciales o\u00f9 tu veux te montrer sous ton meilleur jour.<\/li>\n<li>Elle offre \u00e9galement une hydratation durable de 24 heures et un facteur de protection solaire de 25.<\/li>\n<li>Convient \u00e0 tous les types de peau, y compris les peaux grasses, s\u00e8ches et sensibles.<\/li>\n<\/ul>\n<p>Application:<\/p>\n<ul>\n<li>\u00c9tape 1: verse une petite quantit\u00e9 sur le bout de tes doigts propres et applique-la d\u00e9licatement sur ton visage.<\/li>\n<li>\u00c9tape 2: masse doucement la cr\u00e8me du bout des doigts en effectuant des mouvements circulaires jusqu&rsquo;\u00e0 ce qu&rsquo;elle soit absorb\u00e9e par la peau. R\u00e9p\u00e8te les deux premi\u00e8res \u00e9tapes si tu souhaites augmenter la couvrance.<\/li>\n<li>\u00c9tape 3: estompe les bords dans ta peau pour obtenir un fini discret et subtil.<\/li>\n<li>Pour l&rsquo;enlever : il suffit de rincer la cr\u00e8me hydratante avec de l&rsquo;eau et le nettoyant pour visage de ton choix.<\/li>\n<li>ASTUCE : Moins, c&rsquo;est plus ! Une petite quantit\u00e9 de cr\u00e8me hydratante suffit pour faire un long chemin, alors applique une tr\u00e8s petite quantit\u00e9 pour commencer. Si tu as besoin d&rsquo;une couverture plus importante sur des zones o\u00f9 les imperfections ou les rougeurs sont plus profondes, les formules sont con\u00e7ues pour \u00eatre construites.<\/li>\n<\/ul>\n<p>Contenu 50 ml.<\/p>\n","protected":false},"excerpt":{"rendered":"<p>Cr\u00e8me visage teint\u00e9e pour l&rsquo;homme<\/p>\n","protected":false},"featured_media":23220,"comment_status":"closed","ping_status":"closed","template":"","meta":{"_acf_changed":false},"pwb-brand":[2848],"product_brand":[],"product_cat":[2869,2406,2347,2344,2850,2337],"product_tag":[],"class_list":{"0":"post-23217","1":"product","2":"type-product","3":"status-publish","4":"has-post-thumbnail","6":"pwb-brand-shakeup","7":"product_cat-make-up-pour-hommes","8":"product_cat-make-up-fuer-gesicht-fr","9":"product_cat-peau-mixte","10":"product_cat-peau-sensible","11":"product_cat-shakeup-fr","12":"product_cat-teint-parfait","13":"product_shipping_class-standard-fr","14":"pa_hersteller-baxter-of-california-fr-2","15":"sales-flash-overlay","16":"woocommerce-text-align-center","17":"woocommerce-image-align-center","18":"do-quantity-buttons","19":"wc-has-gallery","21":"first","22":"instock","23":"purchasable","24":"product-type-simple"},"acf":[],"yoast_head":"<!-- This site is optimized with the Yoast SEO Premium plugin v27.3 (Yoast SEO v27.3) - https:\/\/yoast.com\/product\/yoast-seo-premium-wordpress\/ -->\n<title>Shakeup - Let&#039;s Face It BB Tinted Moisturiser Light | Manskin.ch<\/title>\n<meta name=\"description\" content=\"La cr\u00e8me de jour teint\u00e9e pour homme lisse le teint et dissimule les impuret\u00e9s de la peau. A commander maintenant chez Manskin.ch.\" \/>\n<meta name=\"robots\" content=\"index, follow, max-snippet:-1, max-image-preview:large, max-video-preview:-1\" \/>\n<link rel=\"canonical\" href=\"https:\/\/manskin.ch\/fr\/produkt\/shakeup-lets-face-it-bb-tinted-moisturiser-light\/\" \/>\n<meta property=\"og:locale\" content=\"fr_FR\" \/>\n<meta property=\"og:type\" content=\"article\" \/>\n<meta property=\"og:title\" content=\"Shakeup - Let&#039;s Face It BB Tinted Moisturiser Light\" \/>\n<meta property=\"og:description\" content=\"La cr\u00e8me de jour teint\u00e9e pour homme lisse le teint et dissimule les impuret\u00e9s de la peau. A commander maintenant chez Manskin.ch.\" \/>\n<meta property=\"og:url\" content=\"https:\/\/manskin.ch\/fr\/produkt\/shakeup-lets-face-it-bb-tinted-moisturiser-light\/\" \/>\n<meta property=\"og:site_name\" content=\"Manskin.ch\" \/>\n<meta property=\"article:publisher\" content=\"https:\/\/www.facebook.com\/manskin.ch\" \/>\n<meta property=\"article:modified_time\" content=\"2026-02-16T18:23:36+00:00\" \/>\n<meta property=\"og:image\" content=\"https:\/\/manskin.ch\/wp-content\/uploads\/2023\/10\/BBXL-1-badge_1080x.png\" \/>\n\t<meta property=\"og:image:width\" content=\"800\" \/>\n\t<meta property=\"og:image:height\" content=\"800\" \/>\n\t<meta property=\"og:image:type\" content=\"image\/png\" \/>\n<meta name=\"twitter:card\" content=\"summary_large_image\" \/>\n<meta name=\"twitter:label1\" content=\"Prix\" \/>\n\t<meta name=\"twitter:data1\" content=\"33.00&#067;&#072;&#070;\" \/>\n\t<meta name=\"twitter:label2\" content=\"Disponibilit\u00e9\" \/>\n\t<meta name=\"twitter:data2\" content=\"En stock\" \/>\n<script type=\"application\/ld+json\" class=\"yoast-schema-graph\">{\"@context\":\"https:\\\/\\\/schema.org\",\"@graph\":[{\"@type\":\"WebPage\",\"@id\":\"https:\\\/\\\/manskin.ch\\\/fr\\\/produkt\\\/shakeup-lets-face-it-bb-tinted-moisturiser-light\\\/\",\"url\":\"https:\\\/\\\/manskin.ch\\\/fr\\\/produkt\\\/shakeup-lets-face-it-bb-tinted-moisturiser-light\\\/\",\"name\":\"Shakeup - Let's Face It BB Tinted Moisturiser Light | Manskin.ch\",\"isPartOf\":{\"@id\":\"https:\\\/\\\/manskin.ch\\\/fr\\\/#website\"},\"primaryImageOfPage\":{\"@id\":\"https:\\\/\\\/manskin.ch\\\/fr\\\/produkt\\\/shakeup-lets-face-it-bb-tinted-moisturiser-light\\\/#primaryimage\"},\"image\":{\"@id\":\"https:\\\/\\\/manskin.ch\\\/fr\\\/produkt\\\/shakeup-lets-face-it-bb-tinted-moisturiser-light\\\/#primaryimage\"},\"thumbnailUrl\":\"https:\\\/\\\/manskin.ch\\\/wp-content\\\/uploads\\\/2023\\\/10\\\/BBXL-1-badge_1080x.png\",\"datePublished\":\"2023-10-31T15:18:18+00:00\",\"dateModified\":\"2026-02-16T18:23:36+00:00\",\"description\":\"La cr\u00e8me de jour teint\u00e9e pour homme lisse le teint et dissimule les impuret\u00e9s de la peau. A commander maintenant chez Manskin.ch.\",\"breadcrumb\":{\"@id\":\"https:\\\/\\\/manskin.ch\\\/fr\\\/produkt\\\/shakeup-lets-face-it-bb-tinted-moisturiser-light\\\/#breadcrumb\"},\"inLanguage\":\"fr-FR\",\"potentialAction\":[{\"@type\":\"ReadAction\",\"target\":[\"https:\\\/\\\/manskin.ch\\\/fr\\\/produkt\\\/shakeup-lets-face-it-bb-tinted-moisturiser-light\\\/\"]}]},{\"@type\":\"ImageObject\",\"inLanguage\":\"fr-FR\",\"@id\":\"https:\\\/\\\/manskin.ch\\\/fr\\\/produkt\\\/shakeup-lets-face-it-bb-tinted-moisturiser-light\\\/#primaryimage\",\"url\":\"https:\\\/\\\/manskin.ch\\\/wp-content\\\/uploads\\\/2023\\\/10\\\/BBXL-1-badge_1080x.png\",\"contentUrl\":\"https:\\\/\\\/manskin.ch\\\/wp-content\\\/uploads\\\/2023\\\/10\\\/BBXL-1-badge_1080x.png\",\"width\":800,\"height\":800},{\"@type\":\"BreadcrumbList\",\"@id\":\"https:\\\/\\\/manskin.ch\\\/fr\\\/produkt\\\/shakeup-lets-face-it-bb-tinted-moisturiser-light\\\/#breadcrumb\",\"itemListElement\":[{\"@type\":\"ListItem\",\"position\":1,\"name\":\"Startseite\",\"item\":\"https:\\\/\\\/manskin.ch\\\/fr\\\/\"},{\"@type\":\"ListItem\",\"position\":2,\"name\":\"Boutique\",\"item\":\"https:\\\/\\\/manskin.ch\\\/fr\\\/boutique\\\/\"},{\"@type\":\"ListItem\",\"position\":3,\"name\":\"Shakeup &#8211; Let&#8217;s Face It BB Tinted Moisturiser Light\"}]},{\"@type\":\"WebSite\",\"@id\":\"https:\\\/\\\/manskin.ch\\\/fr\\\/#website\",\"url\":\"https:\\\/\\\/manskin.ch\\\/fr\\\/\",\"name\":\"Manskin.ch\",\"description\":\"Tous les produits de beaut\u00e9 pour les hommes les plus exigeants\",\"publisher\":{\"@id\":\"https:\\\/\\\/manskin.ch\\\/fr\\\/#organization\"},\"potentialAction\":[{\"@type\":\"SearchAction\",\"target\":{\"@type\":\"EntryPoint\",\"urlTemplate\":\"https:\\\/\\\/manskin.ch\\\/fr\\\/?s={search_term_string}\"},\"query-input\":{\"@type\":\"PropertyValueSpecification\",\"valueRequired\":true,\"valueName\":\"search_term_string\"}}],\"inLanguage\":\"fr-FR\"},{\"@type\":\"Organization\",\"@id\":\"https:\\\/\\\/manskin.ch\\\/fr\\\/#organization\",\"name\":\"Manskin.ch - der Schweizer Onlineshop f\u00fcr qualit\u00e4tsstarke M\u00e4nnerpflege\",\"url\":\"https:\\\/\\\/manskin.ch\\\/fr\\\/\",\"logo\":{\"@type\":\"ImageObject\",\"inLanguage\":\"fr-FR\",\"@id\":\"https:\\\/\\\/manskin.ch\\\/fr\\\/#\\\/schema\\\/logo\\\/image\\\/\",\"url\":\"https:\\\/\\\/manskin.ch\\\/wp-content\\\/uploads\\\/2021\\\/04\\\/cropped-logo_head.png\",\"contentUrl\":\"https:\\\/\\\/manskin.ch\\\/wp-content\\\/uploads\\\/2021\\\/04\\\/cropped-logo_head.png\",\"width\":235,\"height\":75,\"caption\":\"Manskin.ch - der Schweizer Onlineshop f\u00fcr qualit\u00e4tsstarke M\u00e4nnerpflege\"},\"image\":{\"@id\":\"https:\\\/\\\/manskin.ch\\\/fr\\\/#\\\/schema\\\/logo\\\/image\\\/\"},\"sameAs\":[\"https:\\\/\\\/www.facebook.com\\\/manskin.ch\",\"https:\\\/\\\/www.instagram.com\\\/manskin.ch\\\/\"]}]}<\/script>\n<meta property=\"product:price:amount\" content=\"33.00\" \/>\n<meta property=\"product:price:currency\" content=\"CHF\" \/>\n<meta property=\"og:availability\" content=\"instock\" \/>\n<meta property=\"product:availability\" content=\"instock\" \/>\n<meta property=\"product:retailer_item_id\" content=\"13306\" \/>\n<meta property=\"product:condition\" content=\"new\" \/>\n<!-- \/ Yoast SEO Premium plugin. -->","yoast_head_json":{"title":"Shakeup - Let's Face It BB Tinted Moisturiser Light | Manskin.ch","description":"La cr\u00e8me de jour teint\u00e9e pour homme lisse le teint et dissimule les impuret\u00e9s de la peau. A commander maintenant chez Manskin.ch.","robots":{"index":"index","follow":"follow","max-snippet":"max-snippet:-1","max-image-preview":"max-image-preview:large","max-video-preview":"max-video-preview:-1"},"canonical":"https:\/\/manskin.ch\/fr\/produkt\/shakeup-lets-face-it-bb-tinted-moisturiser-light\/","og_locale":"fr_FR","og_type":"article","og_title":"Shakeup - Let's Face It BB Tinted Moisturiser Light","og_description":"La cr\u00e8me de jour teint\u00e9e pour homme lisse le teint et dissimule les impuret\u00e9s de la peau. A commander maintenant chez Manskin.ch.","og_url":"https:\/\/manskin.ch\/fr\/produkt\/shakeup-lets-face-it-bb-tinted-moisturiser-light\/","og_site_name":"Manskin.ch","article_publisher":"https:\/\/www.facebook.com\/manskin.ch","article_modified_time":"2026-02-16T18:23:36+00:00","og_image":[{"width":800,"height":800,"url":"https:\/\/manskin.ch\/wp-content\/uploads\/2023\/10\/BBXL-1-badge_1080x.png","type":"image\/png"}],"twitter_card":"summary_large_image","twitter_misc":{"Prix":"33.00&#67;&#72;&#70;","Disponibilit\u00e9":"En stock"},"schema":{"@context":"https:\/\/schema.org","@graph":[{"@type":"WebPage","@id":"https:\/\/manskin.ch\/fr\/produkt\/shakeup-lets-face-it-bb-tinted-moisturiser-light\/","url":"https:\/\/manskin.ch\/fr\/produkt\/shakeup-lets-face-it-bb-tinted-moisturiser-light\/","name":"Shakeup - Let's Face It BB Tinted Moisturiser Light | Manskin.ch","isPartOf":{"@id":"https:\/\/manskin.ch\/fr\/#website"},"primaryImageOfPage":{"@id":"https:\/\/manskin.ch\/fr\/produkt\/shakeup-lets-face-it-bb-tinted-moisturiser-light\/#primaryimage"},"image":{"@id":"https:\/\/manskin.ch\/fr\/produkt\/shakeup-lets-face-it-bb-tinted-moisturiser-light\/#primaryimage"},"thumbnailUrl":"https:\/\/manskin.ch\/wp-content\/uploads\/2023\/10\/BBXL-1-badge_1080x.png","datePublished":"2023-10-31T15:18:18+00:00","dateModified":"2026-02-16T18:23:36+00:00","description":"La cr\u00e8me de jour teint\u00e9e pour homme lisse le teint et dissimule les impuret\u00e9s de la peau. A commander maintenant chez Manskin.ch.","breadcrumb":{"@id":"https:\/\/manskin.ch\/fr\/produkt\/shakeup-lets-face-it-bb-tinted-moisturiser-light\/#breadcrumb"},"inLanguage":"fr-FR","potentialAction":[{"@type":"ReadAction","target":["https:\/\/manskin.ch\/fr\/produkt\/shakeup-lets-face-it-bb-tinted-moisturiser-light\/"]}]},{"@type":"ImageObject","inLanguage":"fr-FR","@id":"https:\/\/manskin.ch\/fr\/produkt\/shakeup-lets-face-it-bb-tinted-moisturiser-light\/#primaryimage","url":"https:\/\/manskin.ch\/wp-content\/uploads\/2023\/10\/BBXL-1-badge_1080x.png","contentUrl":"https:\/\/manskin.ch\/wp-content\/uploads\/2023\/10\/BBXL-1-badge_1080x.png","width":800,"height":800},{"@type":"BreadcrumbList","@id":"https:\/\/manskin.ch\/fr\/produkt\/shakeup-lets-face-it-bb-tinted-moisturiser-light\/#breadcrumb","itemListElement":[{"@type":"ListItem","position":1,"name":"Startseite","item":"https:\/\/manskin.ch\/fr\/"},{"@type":"ListItem","position":2,"name":"Boutique","item":"https:\/\/manskin.ch\/fr\/boutique\/"},{"@type":"ListItem","position":3,"name":"Shakeup &#8211; Let&#8217;s Face It BB Tinted Moisturiser Light"}]},{"@type":"WebSite","@id":"https:\/\/manskin.ch\/fr\/#website","url":"https:\/\/manskin.ch\/fr\/","name":"Manskin.ch","description":"Tous les produits de beaut\u00e9 pour les hommes les plus exigeants","publisher":{"@id":"https:\/\/manskin.ch\/fr\/#organization"},"potentialAction":[{"@type":"SearchAction","target":{"@type":"EntryPoint","urlTemplate":"https:\/\/manskin.ch\/fr\/?s={search_term_string}"},"query-input":{"@type":"PropertyValueSpecification","valueRequired":true,"valueName":"search_term_string"}}],"inLanguage":"fr-FR"},{"@type":"Organization","@id":"https:\/\/manskin.ch\/fr\/#organization","name":"Manskin.ch - der Schweizer Onlineshop f\u00fcr qualit\u00e4tsstarke M\u00e4nnerpflege","url":"https:\/\/manskin.ch\/fr\/","logo":{"@type":"ImageObject","inLanguage":"fr-FR","@id":"https:\/\/manskin.ch\/fr\/#\/schema\/logo\/image\/","url":"https:\/\/manskin.ch\/wp-content\/uploads\/2021\/04\/cropped-logo_head.png","contentUrl":"https:\/\/manskin.ch\/wp-content\/uploads\/2021\/04\/cropped-logo_head.png","width":235,"height":75,"caption":"Manskin.ch - der Schweizer Onlineshop f\u00fcr qualit\u00e4tsstarke M\u00e4nnerpflege"},"image":{"@id":"https:\/\/manskin.ch\/fr\/#\/schema\/logo\/image\/"},"sameAs":["https:\/\/www.facebook.com\/manskin.ch","https:\/\/www.instagram.com\/manskin.ch\/"]}]},"product_price_amount":"33.00","product_price_currency":"CHF","og_availability":"instock","product_availability":"instock","product_retailer_item_id":"13306","product_condition":"new"},"brands":[{"id":2848,"name":"Shakeup","slug":"shakeup"}],"_links":{"self":[{"href":"https:\/\/manskin.ch\/fr\/wp-json\/wp\/v2\/product\/23217","targetHints":{"allow":["GET"]}}],"collection":[{"href":"https:\/\/manskin.ch\/fr\/wp-json\/wp\/v2\/product"}],"about":[{"href":"https:\/\/manskin.ch\/fr\/wp-json\/wp\/v2\/types\/product"}],"replies":[{"embeddable":true,"href":"https:\/\/manskin.ch\/fr\/wp-json\/wp\/v2\/comments?post=23217"}],"wp:featuredmedia":[{"embeddable":true,"href":"https:\/\/manskin.ch\/fr\/wp-json\/wp\/v2\/media\/23220"}],"wp:attachment":[{"href":"https:\/\/manskin.ch\/fr\/wp-json\/wp\/v2\/media?parent=23217"}],"wp:term":[{"taxonomy":"pwb-brand","embeddable":true,"href":"https:\/\/manskin.ch\/fr\/wp-json\/wp\/v2\/pwb-brand?post=23217"},{"taxonomy":"product_brand","embeddable":true,"href":"https:\/\/manskin.ch\/fr\/wp-json\/wp\/v2\/product_brand?post=23217"},{"taxonomy":"product_cat","embeddable":true,"href":"https:\/\/manskin.ch\/fr\/wp-json\/wp\/v2\/product_cat?post=23217"},{"taxonomy":"product_tag","embeddable":true,"href":"https:\/\/manskin.ch\/fr\/wp-json\/wp\/v2\/product_tag?post=23217"}],"curies":[{"name":"wp","href":"https:\/\/api.w.org\/{rel}","templated":true}]}}