{"id":23208,"date":"2023-10-31T15:41:09","date_gmt":"2023-10-31T14:41:09","guid":{"rendered":"https:\/\/manskin.ch\/?post_type=product&#038;p=23208"},"modified":"2025-12-13T19:12:46","modified_gmt":"2025-12-13T18:12:46","slug":"shakeup-face-4ward-matte-effect-gel-moisturiser","status":"publish","type":"product","link":"https:\/\/manskin.ch\/fr\/produkt\/shakeup-face-4ward-matte-effect-gel-moisturiser\/","title":{"rendered":"Shakeup &#8211; Face 4Ward Matte-Effect Gel Moisturiser"},"content":{"rendered":"<h2>Shakeup &#8211; Face 4Ward Matte-Effect Gel<\/h2>\n<ul>\n<li>L&rsquo;hydratation quotidienne parfaite pour les peaux grasses &#8211; sans brillance, mais avec une hydratation maximale.<\/li>\n<li>Tu ne veux pas de brillance, mais une hydratation maximale ? Le soin hydratant Face 4ward de Shakeup hydrate les peaux fatigu\u00e9es et combat l&rsquo;exc\u00e8s de graisse pour donner \u00e0 la peau masculine, naturellement grasse, un teint plus sain.<\/li>\n<li>Ce gel hydratant l\u00e9ger pour hommes p\u00e9n\u00e8tre instantan\u00e9ment dans la peau et fait dispara\u00eetre la peau s\u00e8che et terne.<\/li>\n<li>Il a \u00e9t\u00e9 d\u00e9velopp\u00e9 avec des ingr\u00e9dients biotechnologiques comme la matmarine, qui combattent le s\u00e9bum et la brillance et donnent \u00e0 la peau un \u00e9clat souple et jeune.<\/li>\n<li>Formul\u00e9e pour tous les types de peau. Convient le mieux aux peaux normales, mixtes et grasses.<\/li>\n<\/ul>\n<p>Contenu 50 ml.<\/p>\n","protected":false},"excerpt":{"rendered":"<p>Shakeup &#8211; Face 4Ward Matte-Effect Gel L&rsquo;hydratation quotidienne parfaite pour les peaux grasses &#8211; sans brillance, mais avec une hydratation maximale. Tu ne veux pas de brillance, mais une hydratation maximale ? Le soin hydratant Face 4ward de Shakeup hydrate les peaux fatigu\u00e9es et combat l&rsquo;exc\u00e8s de graisse pour donner \u00e0 la peau masculine, naturellement &#8230; <a title=\"Shakeup &#8211; Face 4Ward Matte-Effect Gel Moisturiser\" class=\"read-more\" href=\"https:\/\/manskin.ch\/fr\/produkt\/shakeup-face-4ward-matte-effect-gel-moisturiser\/\" aria-label=\"En savoir plus sur Shakeup &#8211; Face 4Ward Matte-Effect Gel Moisturiser\">Lire la suite<\/a><\/p>\n","protected":false},"featured_media":23211,"comment_status":"closed","ping_status":"closed","template":"","meta":{"_acf_changed":false},"pwb-brand":[2848],"product_brand":[],"product_cat":[2329,2347,2344,2850],"product_tag":[],"class_list":{"0":"post-23208","1":"product","2":"type-product","3":"status-publish","4":"has-post-thumbnail","6":"pwb-brand-shakeup","7":"product_cat-hydratants","8":"product_cat-peau-mixte","9":"product_cat-peau-sensible","10":"product_cat-shakeup-fr","11":"product_shipping_class-standard-fr","12":"sales-flash-overlay","13":"woocommerce-text-align-center","14":"woocommerce-image-align-center","15":"do-quantity-buttons","17":"first","18":"instock","19":"purchasable","20":"product-type-simple"},"acf":[],"yoast_head":"<!-- This site is optimized with the Yoast SEO Premium plugin v27.3 (Yoast SEO v27.3) - https:\/\/yoast.com\/product\/yoast-seo-premium-wordpress\/ -->\n<title>Shakeup - Face 4Ward Matte-Effect Gel Moisturiser | Manskin.ch<\/title>\n<meta name=\"description\" content=\"Hydratation quotidienne pour les peaux grasses. Sans brillance, mais avec une hydratation maximale. A commander maintenant chez Manskin.ch.\" \/>\n<meta name=\"robots\" content=\"index, follow, max-snippet:-1, max-image-preview:large, max-video-preview:-1\" \/>\n<link rel=\"canonical\" href=\"https:\/\/manskin.ch\/fr\/produkt\/shakeup-face-4ward-matte-effect-gel-moisturiser\/\" \/>\n<meta property=\"og:locale\" content=\"fr_FR\" \/>\n<meta property=\"og:type\" content=\"article\" \/>\n<meta property=\"og:title\" content=\"Shakeup - Face 4Ward Matte-Effect Gel Moisturiser\" \/>\n<meta property=\"og:description\" content=\"Hydratation quotidienne pour les peaux grasses. Sans brillance, mais avec une hydratation maximale. A commander maintenant chez Manskin.ch.\" \/>\n<meta property=\"og:url\" content=\"https:\/\/manskin.ch\/fr\/produkt\/shakeup-face-4ward-matte-effect-gel-moisturiser\/\" \/>\n<meta property=\"og:site_name\" content=\"Manskin.ch\" \/>\n<meta property=\"article:publisher\" content=\"https:\/\/www.facebook.com\/manskin.ch\" \/>\n<meta property=\"article:modified_time\" content=\"2025-12-13T18:12:46+00:00\" \/>\n<meta property=\"og:image\" content=\"https:\/\/manskin.ch\/wp-content\/uploads\/2023\/10\/Monster-Fibre-copy-High-Quality.jpg\" \/>\n\t<meta property=\"og:image:width\" content=\"800\" \/>\n\t<meta property=\"og:image:height\" content=\"800\" \/>\n\t<meta property=\"og:image:type\" content=\"image\/jpeg\" \/>\n<meta name=\"twitter:card\" content=\"summary_large_image\" \/>\n<meta name=\"twitter:label1\" content=\"Prix\" \/>\n\t<meta name=\"twitter:data1\" content=\"32.00&#067;&#072;&#070;\" \/>\n\t<meta name=\"twitter:label2\" content=\"Disponibilit\u00e9\" \/>\n\t<meta name=\"twitter:data2\" content=\"En stock\" \/>\n<script type=\"application\/ld+json\" class=\"yoast-schema-graph\">{\"@context\":\"https:\\\/\\\/schema.org\",\"@graph\":[{\"@type\":\"WebPage\",\"@id\":\"https:\\\/\\\/manskin.ch\\\/fr\\\/produkt\\\/shakeup-face-4ward-matte-effect-gel-moisturiser\\\/\",\"url\":\"https:\\\/\\\/manskin.ch\\\/fr\\\/produkt\\\/shakeup-face-4ward-matte-effect-gel-moisturiser\\\/\",\"name\":\"Shakeup - Face 4Ward Matte-Effect Gel Moisturiser | Manskin.ch\",\"isPartOf\":{\"@id\":\"https:\\\/\\\/manskin.ch\\\/fr\\\/#website\"},\"primaryImageOfPage\":{\"@id\":\"https:\\\/\\\/manskin.ch\\\/fr\\\/produkt\\\/shakeup-face-4ward-matte-effect-gel-moisturiser\\\/#primaryimage\"},\"image\":{\"@id\":\"https:\\\/\\\/manskin.ch\\\/fr\\\/produkt\\\/shakeup-face-4ward-matte-effect-gel-moisturiser\\\/#primaryimage\"},\"thumbnailUrl\":\"https:\\\/\\\/manskin.ch\\\/wp-content\\\/uploads\\\/2023\\\/10\\\/Monster-Fibre-copy-High-Quality.jpg\",\"datePublished\":\"2023-10-31T14:41:09+00:00\",\"dateModified\":\"2025-12-13T18:12:46+00:00\",\"description\":\"Hydratation quotidienne pour les peaux grasses. Sans brillance, mais avec une hydratation maximale. A commander maintenant chez Manskin.ch.\",\"breadcrumb\":{\"@id\":\"https:\\\/\\\/manskin.ch\\\/fr\\\/produkt\\\/shakeup-face-4ward-matte-effect-gel-moisturiser\\\/#breadcrumb\"},\"inLanguage\":\"fr-FR\",\"potentialAction\":[{\"@type\":\"ReadAction\",\"target\":[\"https:\\\/\\\/manskin.ch\\\/fr\\\/produkt\\\/shakeup-face-4ward-matte-effect-gel-moisturiser\\\/\"]}]},{\"@type\":\"ImageObject\",\"inLanguage\":\"fr-FR\",\"@id\":\"https:\\\/\\\/manskin.ch\\\/fr\\\/produkt\\\/shakeup-face-4ward-matte-effect-gel-moisturiser\\\/#primaryimage\",\"url\":\"https:\\\/\\\/manskin.ch\\\/wp-content\\\/uploads\\\/2023\\\/10\\\/Monster-Fibre-copy-High-Quality.jpg\",\"contentUrl\":\"https:\\\/\\\/manskin.ch\\\/wp-content\\\/uploads\\\/2023\\\/10\\\/Monster-Fibre-copy-High-Quality.jpg\",\"width\":800,\"height\":800},{\"@type\":\"BreadcrumbList\",\"@id\":\"https:\\\/\\\/manskin.ch\\\/fr\\\/produkt\\\/shakeup-face-4ward-matte-effect-gel-moisturiser\\\/#breadcrumb\",\"itemListElement\":[{\"@type\":\"ListItem\",\"position\":1,\"name\":\"Startseite\",\"item\":\"https:\\\/\\\/manskin.ch\\\/fr\\\/\"},{\"@type\":\"ListItem\",\"position\":2,\"name\":\"Boutique\",\"item\":\"https:\\\/\\\/manskin.ch\\\/fr\\\/boutique\\\/\"},{\"@type\":\"ListItem\",\"position\":3,\"name\":\"Shakeup &#8211; Face 4Ward Matte-Effect Gel Moisturiser\"}]},{\"@type\":\"WebSite\",\"@id\":\"https:\\\/\\\/manskin.ch\\\/fr\\\/#website\",\"url\":\"https:\\\/\\\/manskin.ch\\\/fr\\\/\",\"name\":\"Manskin.ch\",\"description\":\"Tous les produits de beaut\u00e9 pour les hommes les plus exigeants\",\"publisher\":{\"@id\":\"https:\\\/\\\/manskin.ch\\\/fr\\\/#organization\"},\"potentialAction\":[{\"@type\":\"SearchAction\",\"target\":{\"@type\":\"EntryPoint\",\"urlTemplate\":\"https:\\\/\\\/manskin.ch\\\/fr\\\/?s={search_term_string}\"},\"query-input\":{\"@type\":\"PropertyValueSpecification\",\"valueRequired\":true,\"valueName\":\"search_term_string\"}}],\"inLanguage\":\"fr-FR\"},{\"@type\":\"Organization\",\"@id\":\"https:\\\/\\\/manskin.ch\\\/fr\\\/#organization\",\"name\":\"Manskin.ch - der Schweizer Onlineshop f\u00fcr qualit\u00e4tsstarke M\u00e4nnerpflege\",\"url\":\"https:\\\/\\\/manskin.ch\\\/fr\\\/\",\"logo\":{\"@type\":\"ImageObject\",\"inLanguage\":\"fr-FR\",\"@id\":\"https:\\\/\\\/manskin.ch\\\/fr\\\/#\\\/schema\\\/logo\\\/image\\\/\",\"url\":\"https:\\\/\\\/manskin.ch\\\/wp-content\\\/uploads\\\/2021\\\/04\\\/cropped-logo_head.png\",\"contentUrl\":\"https:\\\/\\\/manskin.ch\\\/wp-content\\\/uploads\\\/2021\\\/04\\\/cropped-logo_head.png\",\"width\":235,\"height\":75,\"caption\":\"Manskin.ch - der Schweizer Onlineshop f\u00fcr qualit\u00e4tsstarke M\u00e4nnerpflege\"},\"image\":{\"@id\":\"https:\\\/\\\/manskin.ch\\\/fr\\\/#\\\/schema\\\/logo\\\/image\\\/\"},\"sameAs\":[\"https:\\\/\\\/www.facebook.com\\\/manskin.ch\",\"https:\\\/\\\/www.instagram.com\\\/manskin.ch\\\/\"]}]}<\/script>\n<meta property=\"product:price:amount\" content=\"32.00\" \/>\n<meta property=\"product:price:currency\" content=\"CHF\" \/>\n<meta property=\"og:availability\" content=\"instock\" \/>\n<meta property=\"product:availability\" content=\"instock\" \/>\n<meta property=\"product:retailer_item_id\" content=\"13303\" \/>\n<meta property=\"product:condition\" content=\"new\" \/>\n<!-- \/ Yoast SEO Premium plugin. -->","yoast_head_json":{"title":"Shakeup - Face 4Ward Matte-Effect Gel Moisturiser | Manskin.ch","description":"Hydratation quotidienne pour les peaux grasses. Sans brillance, mais avec une hydratation maximale. A commander maintenant chez Manskin.ch.","robots":{"index":"index","follow":"follow","max-snippet":"max-snippet:-1","max-image-preview":"max-image-preview:large","max-video-preview":"max-video-preview:-1"},"canonical":"https:\/\/manskin.ch\/fr\/produkt\/shakeup-face-4ward-matte-effect-gel-moisturiser\/","og_locale":"fr_FR","og_type":"article","og_title":"Shakeup - Face 4Ward Matte-Effect Gel Moisturiser","og_description":"Hydratation quotidienne pour les peaux grasses. Sans brillance, mais avec une hydratation maximale. A commander maintenant chez Manskin.ch.","og_url":"https:\/\/manskin.ch\/fr\/produkt\/shakeup-face-4ward-matte-effect-gel-moisturiser\/","og_site_name":"Manskin.ch","article_publisher":"https:\/\/www.facebook.com\/manskin.ch","article_modified_time":"2025-12-13T18:12:46+00:00","og_image":[{"width":800,"height":800,"url":"https:\/\/manskin.ch\/wp-content\/uploads\/2023\/10\/Monster-Fibre-copy-High-Quality.jpg","type":"image\/jpeg"}],"twitter_card":"summary_large_image","twitter_misc":{"Prix":"32.00&#67;&#72;&#70;","Disponibilit\u00e9":"En stock"},"schema":{"@context":"https:\/\/schema.org","@graph":[{"@type":"WebPage","@id":"https:\/\/manskin.ch\/fr\/produkt\/shakeup-face-4ward-matte-effect-gel-moisturiser\/","url":"https:\/\/manskin.ch\/fr\/produkt\/shakeup-face-4ward-matte-effect-gel-moisturiser\/","name":"Shakeup - Face 4Ward Matte-Effect Gel Moisturiser | Manskin.ch","isPartOf":{"@id":"https:\/\/manskin.ch\/fr\/#website"},"primaryImageOfPage":{"@id":"https:\/\/manskin.ch\/fr\/produkt\/shakeup-face-4ward-matte-effect-gel-moisturiser\/#primaryimage"},"image":{"@id":"https:\/\/manskin.ch\/fr\/produkt\/shakeup-face-4ward-matte-effect-gel-moisturiser\/#primaryimage"},"thumbnailUrl":"https:\/\/manskin.ch\/wp-content\/uploads\/2023\/10\/Monster-Fibre-copy-High-Quality.jpg","datePublished":"2023-10-31T14:41:09+00:00","dateModified":"2025-12-13T18:12:46+00:00","description":"Hydratation quotidienne pour les peaux grasses. Sans brillance, mais avec une hydratation maximale. A commander maintenant chez Manskin.ch.","breadcrumb":{"@id":"https:\/\/manskin.ch\/fr\/produkt\/shakeup-face-4ward-matte-effect-gel-moisturiser\/#breadcrumb"},"inLanguage":"fr-FR","potentialAction":[{"@type":"ReadAction","target":["https:\/\/manskin.ch\/fr\/produkt\/shakeup-face-4ward-matte-effect-gel-moisturiser\/"]}]},{"@type":"ImageObject","inLanguage":"fr-FR","@id":"https:\/\/manskin.ch\/fr\/produkt\/shakeup-face-4ward-matte-effect-gel-moisturiser\/#primaryimage","url":"https:\/\/manskin.ch\/wp-content\/uploads\/2023\/10\/Monster-Fibre-copy-High-Quality.jpg","contentUrl":"https:\/\/manskin.ch\/wp-content\/uploads\/2023\/10\/Monster-Fibre-copy-High-Quality.jpg","width":800,"height":800},{"@type":"BreadcrumbList","@id":"https:\/\/manskin.ch\/fr\/produkt\/shakeup-face-4ward-matte-effect-gel-moisturiser\/#breadcrumb","itemListElement":[{"@type":"ListItem","position":1,"name":"Startseite","item":"https:\/\/manskin.ch\/fr\/"},{"@type":"ListItem","position":2,"name":"Boutique","item":"https:\/\/manskin.ch\/fr\/boutique\/"},{"@type":"ListItem","position":3,"name":"Shakeup &#8211; Face 4Ward Matte-Effect Gel Moisturiser"}]},{"@type":"WebSite","@id":"https:\/\/manskin.ch\/fr\/#website","url":"https:\/\/manskin.ch\/fr\/","name":"Manskin.ch","description":"Tous les produits de beaut\u00e9 pour les hommes les plus exigeants","publisher":{"@id":"https:\/\/manskin.ch\/fr\/#organization"},"potentialAction":[{"@type":"SearchAction","target":{"@type":"EntryPoint","urlTemplate":"https:\/\/manskin.ch\/fr\/?s={search_term_string}"},"query-input":{"@type":"PropertyValueSpecification","valueRequired":true,"valueName":"search_term_string"}}],"inLanguage":"fr-FR"},{"@type":"Organization","@id":"https:\/\/manskin.ch\/fr\/#organization","name":"Manskin.ch - der Schweizer Onlineshop f\u00fcr qualit\u00e4tsstarke M\u00e4nnerpflege","url":"https:\/\/manskin.ch\/fr\/","logo":{"@type":"ImageObject","inLanguage":"fr-FR","@id":"https:\/\/manskin.ch\/fr\/#\/schema\/logo\/image\/","url":"https:\/\/manskin.ch\/wp-content\/uploads\/2021\/04\/cropped-logo_head.png","contentUrl":"https:\/\/manskin.ch\/wp-content\/uploads\/2021\/04\/cropped-logo_head.png","width":235,"height":75,"caption":"Manskin.ch - der Schweizer Onlineshop f\u00fcr qualit\u00e4tsstarke M\u00e4nnerpflege"},"image":{"@id":"https:\/\/manskin.ch\/fr\/#\/schema\/logo\/image\/"},"sameAs":["https:\/\/www.facebook.com\/manskin.ch","https:\/\/www.instagram.com\/manskin.ch\/"]}]},"product_price_amount":"32.00","product_price_currency":"CHF","og_availability":"instock","product_availability":"instock","product_retailer_item_id":"13303","product_condition":"new"},"brands":[{"id":2848,"name":"Shakeup","slug":"shakeup"}],"_links":{"self":[{"href":"https:\/\/manskin.ch\/fr\/wp-json\/wp\/v2\/product\/23208","targetHints":{"allow":["GET"]}}],"collection":[{"href":"https:\/\/manskin.ch\/fr\/wp-json\/wp\/v2\/product"}],"about":[{"href":"https:\/\/manskin.ch\/fr\/wp-json\/wp\/v2\/types\/product"}],"replies":[{"embeddable":true,"href":"https:\/\/manskin.ch\/fr\/wp-json\/wp\/v2\/comments?post=23208"}],"wp:featuredmedia":[{"embeddable":true,"href":"https:\/\/manskin.ch\/fr\/wp-json\/wp\/v2\/media\/23211"}],"wp:attachment":[{"href":"https:\/\/manskin.ch\/fr\/wp-json\/wp\/v2\/media?parent=23208"}],"wp:term":[{"taxonomy":"pwb-brand","embeddable":true,"href":"https:\/\/manskin.ch\/fr\/wp-json\/wp\/v2\/pwb-brand?post=23208"},{"taxonomy":"product_brand","embeddable":true,"href":"https:\/\/manskin.ch\/fr\/wp-json\/wp\/v2\/product_brand?post=23208"},{"taxonomy":"product_cat","embeddable":true,"href":"https:\/\/manskin.ch\/fr\/wp-json\/wp\/v2\/product_cat?post=23208"},{"taxonomy":"product_tag","embeddable":true,"href":"https:\/\/manskin.ch\/fr\/wp-json\/wp\/v2\/product_tag?post=23208"}],"curies":[{"name":"wp","href":"https:\/\/api.w.org\/{rel}","templated":true}]}}