{"id":22824,"date":"2023-10-25T15:10:17","date_gmt":"2023-10-25T13:10:17","guid":{"rendered":"https:\/\/manskin.ch\/?post_type=product&#038;p=22824"},"modified":"2025-07-18T10:50:05","modified_gmt":"2025-07-18T08:50:05","slug":"money-styling-paste","status":"publish","type":"product","link":"https:\/\/manskin.ch\/fr\/produkt\/money-styling-paste\/","title":{"rendered":"RAW Naturals &#8211; Money Styling Paste"},"content":{"rendered":"<h2>RAW Naturals &#8211; Money Styling Paste<\/h2>\n<ul>\n<li>Cette cr\u00e8me coiffante unique est destin\u00e9e aux coiffures audacieuses et sophistiqu\u00e9es de longueur moyenne \u00e0 longue.<\/li>\n<li>La cire douce et \u00e9lastique assure un fini mat impeccable et une tenue ferme sans rigidit\u00e9.<\/li>\n<li>Tenue 7\/10 (forte)<\/li>\n<li>Brillance 4\/10 (mat)<\/li>\n<li>Cire de carnauba : assure une tenue flexible &#8211; nourrissante, hydratante et adoucissante.<\/li>\n<li>Extraits de houblon : nourrissants, apaisants et hydratants.<br \/>\nUtilisation: frotter une petite quantit\u00e9 entre les paumes des mains et appliquer sur les cheveux mouill\u00e9s ou secs. Appliquer \u00e0 la racine pour cr\u00e9er du volume ou r\u00e9partir sur toute la chevelure pour dompter les cheveux rebelles.<\/p>\n<p>Contenu 100 ml.<\/li>\n<\/ul>\n","protected":false},"excerpt":{"rendered":"<p>RAW Naturals &#8211; Money Styling Paste Cette cr\u00e8me coiffante unique est destin\u00e9e aux coiffures audacieuses et sophistiqu\u00e9es de longueur moyenne \u00e0 longue. La cire douce et \u00e9lastique assure un fini mat impeccable et une tenue ferme sans rigidit\u00e9. Tenue 7\/10 (forte) Brillance 4\/10 (mat) Cire de carnauba : assure une tenue flexible &#8211; nourrissante, hydratante &#8230; <a title=\"RAW Naturals &#8211; Money Styling Paste\" class=\"read-more\" href=\"https:\/\/manskin.ch\/fr\/produkt\/money-styling-paste\/\" aria-label=\"En savoir plus sur RAW Naturals &#8211; Money Styling Paste\">Lire la suite<\/a><\/p>\n","protected":false},"featured_media":22827,"comment_status":"closed","ping_status":"closed","template":"","meta":{"_acf_changed":false},"pwb-brand":[2777],"product_brand":[],"product_cat":[2340,2806,2310],"product_tag":[],"class_list":{"0":"post-22824","1":"product","2":"type-product","3":"status-publish","4":"has-post-thumbnail","6":"pwb-brand-raw-naturals","7":"product_cat-cheveux","8":"product_cat-raw-naturals-fr","9":"product_cat-styling-cheveux","10":"product_shipping_class-standard-fr","11":"pa_hersteller-raw-naturals-fr-2","12":"sales-flash-overlay","13":"woocommerce-text-align-center","14":"woocommerce-image-align-center","15":"do-quantity-buttons","17":"first","18":"outofstock","19":"purchasable","20":"product-type-simple"},"acf":[],"yoast_head":"<!-- This site is optimized with the Yoast SEO Premium plugin v27.3 (Yoast SEO v27.3) - https:\/\/yoast.com\/product\/yoast-seo-premium-wordpress\/ -->\n<title>RAW Naturals Money Styling Paste | Manskin.ch<\/title>\n<meta name=\"description\" content=\"Cette cr\u00e8me coiffante assure une tenue monstrueuse, une d\u00e9finition et une brillance pour tous les types de cheveux. Un prix avantageux. A commander en ligne d\u00e8s maintenant.\" \/>\n<meta name=\"robots\" content=\"index, follow, max-snippet:-1, max-image-preview:large, max-video-preview:-1\" \/>\n<link rel=\"canonical\" href=\"https:\/\/manskin.ch\/fr\/produkt\/money-styling-paste\/\" \/>\n<meta property=\"og:locale\" content=\"fr_FR\" \/>\n<meta property=\"og:type\" content=\"article\" \/>\n<meta property=\"og:title\" content=\"RAW Naturals - Money Styling Paste\" \/>\n<meta property=\"og:description\" content=\"Cette cr\u00e8me coiffante assure une tenue monstrueuse, une d\u00e9finition et une brillance pour tous les types de cheveux. Un prix avantageux. A commander en ligne d\u00e8s maintenant.\" \/>\n<meta property=\"og:url\" content=\"https:\/\/manskin.ch\/fr\/produkt\/money-styling-paste\/\" \/>\n<meta property=\"og:site_name\" content=\"Manskin.ch\" \/>\n<meta property=\"article:publisher\" content=\"https:\/\/www.facebook.com\/manskin.ch\" \/>\n<meta property=\"article:modified_time\" content=\"2025-07-18T08:50:05+00:00\" \/>\n<meta property=\"og:image\" content=\"https:\/\/manskin.ch\/wp-content\/uploads\/2023\/10\/WebbRAWNaturalsMoneyStyling_1800x1800.jpg\" \/>\n\t<meta property=\"og:image:width\" content=\"800\" \/>\n\t<meta property=\"og:image:height\" content=\"800\" \/>\n\t<meta property=\"og:image:type\" content=\"image\/jpeg\" \/>\n<meta name=\"twitter:card\" content=\"summary_large_image\" \/>\n<meta name=\"twitter:label1\" content=\"Prix\" \/>\n\t<meta name=\"twitter:data1\" content=\"15.00&#067;&#072;&#070;\" \/>\n\t<meta name=\"twitter:label2\" content=\"Disponibilit\u00e9\" \/>\n\t<meta name=\"twitter:data2\" content=\"Rupture de stock\" \/>\n<script type=\"application\/ld+json\" class=\"yoast-schema-graph\">{\"@context\":\"https:\\\/\\\/schema.org\",\"@graph\":[{\"@type\":\"WebPage\",\"@id\":\"https:\\\/\\\/manskin.ch\\\/fr\\\/produkt\\\/money-styling-paste\\\/\",\"url\":\"https:\\\/\\\/manskin.ch\\\/fr\\\/produkt\\\/money-styling-paste\\\/\",\"name\":\"RAW Naturals Money Styling Paste | Manskin.ch\",\"isPartOf\":{\"@id\":\"https:\\\/\\\/manskin.ch\\\/fr\\\/#website\"},\"primaryImageOfPage\":{\"@id\":\"https:\\\/\\\/manskin.ch\\\/fr\\\/produkt\\\/money-styling-paste\\\/#primaryimage\"},\"image\":{\"@id\":\"https:\\\/\\\/manskin.ch\\\/fr\\\/produkt\\\/money-styling-paste\\\/#primaryimage\"},\"thumbnailUrl\":\"https:\\\/\\\/manskin.ch\\\/wp-content\\\/uploads\\\/2023\\\/10\\\/WebbRAWNaturalsMoneyStyling_1800x1800.jpg\",\"datePublished\":\"2023-10-25T13:10:17+00:00\",\"dateModified\":\"2025-07-18T08:50:05+00:00\",\"description\":\"Cette cr\u00e8me coiffante assure une tenue monstrueuse, une d\u00e9finition et une brillance pour tous les types de cheveux. Un prix avantageux. A commander en ligne d\u00e8s maintenant.\",\"breadcrumb\":{\"@id\":\"https:\\\/\\\/manskin.ch\\\/fr\\\/produkt\\\/money-styling-paste\\\/#breadcrumb\"},\"inLanguage\":\"fr-FR\",\"potentialAction\":[{\"@type\":\"ReadAction\",\"target\":[\"https:\\\/\\\/manskin.ch\\\/fr\\\/produkt\\\/money-styling-paste\\\/\"]}]},{\"@type\":\"ImageObject\",\"inLanguage\":\"fr-FR\",\"@id\":\"https:\\\/\\\/manskin.ch\\\/fr\\\/produkt\\\/money-styling-paste\\\/#primaryimage\",\"url\":\"https:\\\/\\\/manskin.ch\\\/wp-content\\\/uploads\\\/2023\\\/10\\\/WebbRAWNaturalsMoneyStyling_1800x1800.jpg\",\"contentUrl\":\"https:\\\/\\\/manskin.ch\\\/wp-content\\\/uploads\\\/2023\\\/10\\\/WebbRAWNaturalsMoneyStyling_1800x1800.jpg\",\"width\":800,\"height\":800},{\"@type\":\"BreadcrumbList\",\"@id\":\"https:\\\/\\\/manskin.ch\\\/fr\\\/produkt\\\/money-styling-paste\\\/#breadcrumb\",\"itemListElement\":[{\"@type\":\"ListItem\",\"position\":1,\"name\":\"Startseite\",\"item\":\"https:\\\/\\\/manskin.ch\\\/fr\\\/\"},{\"@type\":\"ListItem\",\"position\":2,\"name\":\"Boutique Soins pour Hommes &amp; Skincare\",\"item\":\"https:\\\/\\\/manskin.ch\\\/fr\\\/boutique\\\/\"},{\"@type\":\"ListItem\",\"position\":3,\"name\":\"RAW Naturals &#8211; Money Styling Paste\"}]},{\"@type\":\"WebSite\",\"@id\":\"https:\\\/\\\/manskin.ch\\\/fr\\\/#website\",\"url\":\"https:\\\/\\\/manskin.ch\\\/fr\\\/\",\"name\":\"Manskin.ch\",\"description\":\"Tous les produits de beaut\u00e9 pour les hommes les plus exigeants\",\"publisher\":{\"@id\":\"https:\\\/\\\/manskin.ch\\\/fr\\\/#organization\"},\"potentialAction\":[{\"@type\":\"SearchAction\",\"target\":{\"@type\":\"EntryPoint\",\"urlTemplate\":\"https:\\\/\\\/manskin.ch\\\/fr\\\/?s={search_term_string}\"},\"query-input\":{\"@type\":\"PropertyValueSpecification\",\"valueRequired\":true,\"valueName\":\"search_term_string\"}}],\"inLanguage\":\"fr-FR\"},{\"@type\":\"Organization\",\"@id\":\"https:\\\/\\\/manskin.ch\\\/fr\\\/#organization\",\"name\":\"Manskin.ch - der Schweizer Onlineshop f\u00fcr qualit\u00e4tsstarke M\u00e4nnerpflege\",\"url\":\"https:\\\/\\\/manskin.ch\\\/fr\\\/\",\"logo\":{\"@type\":\"ImageObject\",\"inLanguage\":\"fr-FR\",\"@id\":\"https:\\\/\\\/manskin.ch\\\/fr\\\/#\\\/schema\\\/logo\\\/image\\\/\",\"url\":\"https:\\\/\\\/manskin.ch\\\/wp-content\\\/uploads\\\/2021\\\/04\\\/cropped-logo_head.png\",\"contentUrl\":\"https:\\\/\\\/manskin.ch\\\/wp-content\\\/uploads\\\/2021\\\/04\\\/cropped-logo_head.png\",\"width\":235,\"height\":75,\"caption\":\"Manskin.ch - der Schweizer Onlineshop f\u00fcr qualit\u00e4tsstarke M\u00e4nnerpflege\"},\"image\":{\"@id\":\"https:\\\/\\\/manskin.ch\\\/fr\\\/#\\\/schema\\\/logo\\\/image\\\/\"},\"sameAs\":[\"https:\\\/\\\/www.facebook.com\\\/manskin.ch\",\"https:\\\/\\\/www.instagram.com\\\/manskin.ch\\\/\"]}]}<\/script>\n<meta property=\"product:price:amount\" content=\"15.00\" \/>\n<meta property=\"product:price:currency\" content=\"CHF\" \/>\n<meta property=\"og:availability\" content=\"out of stock\" \/>\n<meta property=\"product:availability\" content=\"out of stock\" \/>\n<meta property=\"product:retailer_item_id\" content=\"13290\" \/>\n<meta property=\"product:condition\" content=\"new\" \/>\n<!-- \/ Yoast SEO Premium plugin. -->","yoast_head_json":{"title":"RAW Naturals Money Styling Paste | Manskin.ch","description":"Cette cr\u00e8me coiffante assure une tenue monstrueuse, une d\u00e9finition et une brillance pour tous les types de cheveux. Un prix avantageux. A commander en ligne d\u00e8s maintenant.","robots":{"index":"index","follow":"follow","max-snippet":"max-snippet:-1","max-image-preview":"max-image-preview:large","max-video-preview":"max-video-preview:-1"},"canonical":"https:\/\/manskin.ch\/fr\/produkt\/money-styling-paste\/","og_locale":"fr_FR","og_type":"article","og_title":"RAW Naturals - Money Styling Paste","og_description":"Cette cr\u00e8me coiffante assure une tenue monstrueuse, une d\u00e9finition et une brillance pour tous les types de cheveux. Un prix avantageux. A commander en ligne d\u00e8s maintenant.","og_url":"https:\/\/manskin.ch\/fr\/produkt\/money-styling-paste\/","og_site_name":"Manskin.ch","article_publisher":"https:\/\/www.facebook.com\/manskin.ch","article_modified_time":"2025-07-18T08:50:05+00:00","og_image":[{"width":800,"height":800,"url":"https:\/\/manskin.ch\/wp-content\/uploads\/2023\/10\/WebbRAWNaturalsMoneyStyling_1800x1800.jpg","type":"image\/jpeg"}],"twitter_card":"summary_large_image","twitter_misc":{"Prix":"15.00&#67;&#72;&#70;","Disponibilit\u00e9":"Rupture de stock"},"schema":{"@context":"https:\/\/schema.org","@graph":[{"@type":"WebPage","@id":"https:\/\/manskin.ch\/fr\/produkt\/money-styling-paste\/","url":"https:\/\/manskin.ch\/fr\/produkt\/money-styling-paste\/","name":"RAW Naturals Money Styling Paste | Manskin.ch","isPartOf":{"@id":"https:\/\/manskin.ch\/fr\/#website"},"primaryImageOfPage":{"@id":"https:\/\/manskin.ch\/fr\/produkt\/money-styling-paste\/#primaryimage"},"image":{"@id":"https:\/\/manskin.ch\/fr\/produkt\/money-styling-paste\/#primaryimage"},"thumbnailUrl":"https:\/\/manskin.ch\/wp-content\/uploads\/2023\/10\/WebbRAWNaturalsMoneyStyling_1800x1800.jpg","datePublished":"2023-10-25T13:10:17+00:00","dateModified":"2025-07-18T08:50:05+00:00","description":"Cette cr\u00e8me coiffante assure une tenue monstrueuse, une d\u00e9finition et une brillance pour tous les types de cheveux. Un prix avantageux. A commander en ligne d\u00e8s maintenant.","breadcrumb":{"@id":"https:\/\/manskin.ch\/fr\/produkt\/money-styling-paste\/#breadcrumb"},"inLanguage":"fr-FR","potentialAction":[{"@type":"ReadAction","target":["https:\/\/manskin.ch\/fr\/produkt\/money-styling-paste\/"]}]},{"@type":"ImageObject","inLanguage":"fr-FR","@id":"https:\/\/manskin.ch\/fr\/produkt\/money-styling-paste\/#primaryimage","url":"https:\/\/manskin.ch\/wp-content\/uploads\/2023\/10\/WebbRAWNaturalsMoneyStyling_1800x1800.jpg","contentUrl":"https:\/\/manskin.ch\/wp-content\/uploads\/2023\/10\/WebbRAWNaturalsMoneyStyling_1800x1800.jpg","width":800,"height":800},{"@type":"BreadcrumbList","@id":"https:\/\/manskin.ch\/fr\/produkt\/money-styling-paste\/#breadcrumb","itemListElement":[{"@type":"ListItem","position":1,"name":"Startseite","item":"https:\/\/manskin.ch\/fr\/"},{"@type":"ListItem","position":2,"name":"Boutique Soins pour Hommes &amp; Skincare","item":"https:\/\/manskin.ch\/fr\/boutique\/"},{"@type":"ListItem","position":3,"name":"RAW Naturals &#8211; Money Styling Paste"}]},{"@type":"WebSite","@id":"https:\/\/manskin.ch\/fr\/#website","url":"https:\/\/manskin.ch\/fr\/","name":"Manskin.ch","description":"Tous les produits de beaut\u00e9 pour les hommes les plus exigeants","publisher":{"@id":"https:\/\/manskin.ch\/fr\/#organization"},"potentialAction":[{"@type":"SearchAction","target":{"@type":"EntryPoint","urlTemplate":"https:\/\/manskin.ch\/fr\/?s={search_term_string}"},"query-input":{"@type":"PropertyValueSpecification","valueRequired":true,"valueName":"search_term_string"}}],"inLanguage":"fr-FR"},{"@type":"Organization","@id":"https:\/\/manskin.ch\/fr\/#organization","name":"Manskin.ch - der Schweizer Onlineshop f\u00fcr qualit\u00e4tsstarke M\u00e4nnerpflege","url":"https:\/\/manskin.ch\/fr\/","logo":{"@type":"ImageObject","inLanguage":"fr-FR","@id":"https:\/\/manskin.ch\/fr\/#\/schema\/logo\/image\/","url":"https:\/\/manskin.ch\/wp-content\/uploads\/2021\/04\/cropped-logo_head.png","contentUrl":"https:\/\/manskin.ch\/wp-content\/uploads\/2021\/04\/cropped-logo_head.png","width":235,"height":75,"caption":"Manskin.ch - der Schweizer Onlineshop f\u00fcr qualit\u00e4tsstarke M\u00e4nnerpflege"},"image":{"@id":"https:\/\/manskin.ch\/fr\/#\/schema\/logo\/image\/"},"sameAs":["https:\/\/www.facebook.com\/manskin.ch","https:\/\/www.instagram.com\/manskin.ch\/"]}]},"product_price_amount":"15.00","product_price_currency":"CHF","og_availability":"out of stock","product_availability":"out of stock","product_retailer_item_id":"13290","product_condition":"new"},"brands":[{"id":2777,"name":"RAW Naturals","slug":"raw-naturals"}],"_links":{"self":[{"href":"https:\/\/manskin.ch\/fr\/wp-json\/wp\/v2\/product\/22824","targetHints":{"allow":["GET"]}}],"collection":[{"href":"https:\/\/manskin.ch\/fr\/wp-json\/wp\/v2\/product"}],"about":[{"href":"https:\/\/manskin.ch\/fr\/wp-json\/wp\/v2\/types\/product"}],"replies":[{"embeddable":true,"href":"https:\/\/manskin.ch\/fr\/wp-json\/wp\/v2\/comments?post=22824"}],"wp:featuredmedia":[{"embeddable":true,"href":"https:\/\/manskin.ch\/fr\/wp-json\/wp\/v2\/media\/22827"}],"wp:attachment":[{"href":"https:\/\/manskin.ch\/fr\/wp-json\/wp\/v2\/media?parent=22824"}],"wp:term":[{"taxonomy":"pwb-brand","embeddable":true,"href":"https:\/\/manskin.ch\/fr\/wp-json\/wp\/v2\/pwb-brand?post=22824"},{"taxonomy":"product_brand","embeddable":true,"href":"https:\/\/manskin.ch\/fr\/wp-json\/wp\/v2\/product_brand?post=22824"},{"taxonomy":"product_cat","embeddable":true,"href":"https:\/\/manskin.ch\/fr\/wp-json\/wp\/v2\/product_cat?post=22824"},{"taxonomy":"product_tag","embeddable":true,"href":"https:\/\/manskin.ch\/fr\/wp-json\/wp\/v2\/product_tag?post=22824"}],"curies":[{"name":"wp","href":"https:\/\/api.w.org\/{rel}","templated":true}]}}