{"id":22765,"date":"2023-10-17T10:15:47","date_gmt":"2023-10-17T08:15:47","guid":{"rendered":"https:\/\/manskin.ch\/?post_type=product&#038;p=22765"},"modified":"2025-09-08T18:41:37","modified_gmt":"2025-09-08T16:41:37","slug":"salt-stone-creme-pour-les-mains-santal-vetiver","status":"publish","type":"product","link":"https:\/\/manskin.ch\/fr\/produkt\/salt-stone-creme-pour-les-mains-santal-vetiver\/","title":{"rendered":"Salt &amp; Stone &#8211; Cr\u00e8me pour les mains Santal &amp; Vetiver"},"content":{"rendered":"<h2>Salt &#038; Stone &#8211; Cr\u00e8me pour les mains Santal &#038; Vetiver<\/h2>\n<ul>\n<li>Une cr\u00e8me hydratante quotidienne pour les mains, rapidement absorb\u00e9e, \u00e0 base de substances v\u00e9g\u00e9tales marines, d&rsquo;antioxydants et d&rsquo;ingr\u00e9dients hydratants naturels.<\/li>\n<li>Rend les mains s\u00e8ches \u00e0 nouveau douces et souples apr\u00e8s les lavages fr\u00e9quents et les agressions de l&rsquo;environnement.<\/li>\n<li>Cette cr\u00e8me hautement hydratante fournit rapidement des ingr\u00e9dients nourrissants \u00e0 la peau.Ingr\u00e9dients principaux :<\/li>\n<li>Squalane : cette huile extraite des olives, qui ressemble \u00e0 l&rsquo;huile produite par la peau, emprisonne l&rsquo;humidit\u00e9 et nourrit la peau.<\/li>\n<li>Champignon des neiges : un champignon riche en polysaccharides et en acides gras. Ces mol\u00e9cules sont connues pour aider la peau \u00e0 retenir l&rsquo;eau et \u00e0 prolonger l&rsquo;hydratation.<\/li>\n<li>Extraits d&rsquo;algues marines : des plantes marines riches en antioxydants qui apaisent et r\u00e9g\u00e9n\u00e8rent les peaux irrit\u00e9es et expos\u00e9es aux \u00e9l\u00e9ments.<\/li>\n<li>Niacinamide : \u00e9galement connue sous le nom de vitamine B3, elle forme une barri\u00e8re cutan\u00e9e plus solide et saine et am\u00e9liore l&rsquo;aspect de la peau.\n<p>Notes olfactives :<br \/>\nNotes de t\u00eate &#8211; Bois de santal australien, Ambre<br \/>\nC\u0153ur &#8211; Orris, Ambrox, Bois de c\u00e8dre<br \/>\nBase &#8211; feuilles de violette, v\u00e9tiver, cristal<\/p>\n<p>Contenu 60 ml.<\/li>\n<\/ul>\n","protected":false},"excerpt":{"rendered":"<p>Avec des algues marins, squalan et champignons de neige<\/p>\n","protected":false},"featured_media":22768,"comment_status":"closed","ping_status":"closed","template":"","meta":{"_acf_changed":false},"pwb-brand":[2780],"product_brand":[],"product_cat":[2360,2392],"product_tag":[],"class_list":{"0":"post-22765","1":"product","2":"type-product","3":"status-publish","4":"has-post-thumbnail","6":"pwb-brand-salt-stone","7":"product_cat-soins-des-mains","8":"product_cat-salt-stone-fr","9":"product_shipping_class-standard-fr","10":"pa_hersteller-salt-stone-fr-2","11":"sales-flash-overlay","12":"woocommerce-text-align-center","13":"woocommerce-image-align-center","14":"do-quantity-buttons","16":"first","17":"outofstock","18":"purchasable","19":"product-type-simple"},"acf":[],"yoast_head":"<!-- This site is optimized with the Yoast SEO Premium plugin v27.3 (Yoast SEO v27.3) - https:\/\/yoast.com\/product\/yoast-seo-premium-wordpress\/ -->\n<title>Salt &amp; Stone - Cr\u00e8me pour les mains Santal &amp; Vetiver | Manskin.ch<\/title>\n<meta name=\"description\" content=\"Salt &amp; Stone - Cr\u00e8me pour les mains Santal &amp; Vetiver\" \/>\n<meta name=\"robots\" content=\"index, follow, max-snippet:-1, max-image-preview:large, max-video-preview:-1\" \/>\n<link rel=\"canonical\" href=\"https:\/\/manskin.ch\/fr\/produkt\/salt-stone-creme-pour-les-mains-santal-vetiver\/\" \/>\n<meta property=\"og:locale\" content=\"fr_FR\" \/>\n<meta property=\"og:type\" content=\"article\" \/>\n<meta property=\"og:title\" content=\"Salt &amp; Stone - Cr\u00e8me pour les mains Santal &amp; Vetiver\" \/>\n<meta property=\"og:description\" content=\"Salt &amp; Stone - Cr\u00e8me pour les mains Santal &amp; Vetiver\" \/>\n<meta property=\"og:url\" content=\"https:\/\/manskin.ch\/fr\/produkt\/salt-stone-creme-pour-les-mains-santal-vetiver\/\" \/>\n<meta property=\"og:site_name\" content=\"Manskin.ch\" \/>\n<meta property=\"article:publisher\" content=\"https:\/\/www.facebook.com\/manskin.ch\" \/>\n<meta property=\"article:modified_time\" content=\"2025-09-08T16:41:37+00:00\" \/>\n<meta property=\"og:image\" content=\"https:\/\/manskin.ch\/wp-content\/uploads\/2023\/10\/Salt-Stone-Handcream-Santal-High-Quality.jpg\" \/>\n\t<meta property=\"og:image:width\" content=\"800\" \/>\n\t<meta property=\"og:image:height\" content=\"800\" \/>\n\t<meta property=\"og:image:type\" content=\"image\/jpeg\" \/>\n<meta name=\"twitter:card\" content=\"summary_large_image\" \/>\n<meta name=\"twitter:label1\" content=\"Prix\" \/>\n\t<meta name=\"twitter:data1\" content=\"24.90&#067;&#072;&#070;\" \/>\n\t<meta name=\"twitter:label2\" content=\"Disponibilit\u00e9\" \/>\n\t<meta name=\"twitter:data2\" content=\"Rupture de stock\" \/>\n<script type=\"application\/ld+json\" class=\"yoast-schema-graph\">{\"@context\":\"https:\\\/\\\/schema.org\",\"@graph\":[{\"@type\":\"WebPage\",\"@id\":\"https:\\\/\\\/manskin.ch\\\/fr\\\/produkt\\\/salt-stone-creme-pour-les-mains-santal-vetiver\\\/\",\"url\":\"https:\\\/\\\/manskin.ch\\\/fr\\\/produkt\\\/salt-stone-creme-pour-les-mains-santal-vetiver\\\/\",\"name\":\"Salt &amp; Stone - Cr\u00e8me pour les mains Santal &amp; Vetiver | Manskin.ch\",\"isPartOf\":{\"@id\":\"https:\\\/\\\/manskin.ch\\\/fr\\\/#website\"},\"primaryImageOfPage\":{\"@id\":\"https:\\\/\\\/manskin.ch\\\/fr\\\/produkt\\\/salt-stone-creme-pour-les-mains-santal-vetiver\\\/#primaryimage\"},\"image\":{\"@id\":\"https:\\\/\\\/manskin.ch\\\/fr\\\/produkt\\\/salt-stone-creme-pour-les-mains-santal-vetiver\\\/#primaryimage\"},\"thumbnailUrl\":\"https:\\\/\\\/manskin.ch\\\/wp-content\\\/uploads\\\/2023\\\/10\\\/Salt-Stone-Handcream-Santal-High-Quality.jpg\",\"datePublished\":\"2023-10-17T08:15:47+00:00\",\"dateModified\":\"2025-09-08T16:41:37+00:00\",\"description\":\"Salt &amp; Stone - Cr\u00e8me pour les mains Santal &amp; Vetiver\",\"breadcrumb\":{\"@id\":\"https:\\\/\\\/manskin.ch\\\/fr\\\/produkt\\\/salt-stone-creme-pour-les-mains-santal-vetiver\\\/#breadcrumb\"},\"inLanguage\":\"fr-FR\",\"potentialAction\":[{\"@type\":\"ReadAction\",\"target\":[\"https:\\\/\\\/manskin.ch\\\/fr\\\/produkt\\\/salt-stone-creme-pour-les-mains-santal-vetiver\\\/\"]}]},{\"@type\":\"ImageObject\",\"inLanguage\":\"fr-FR\",\"@id\":\"https:\\\/\\\/manskin.ch\\\/fr\\\/produkt\\\/salt-stone-creme-pour-les-mains-santal-vetiver\\\/#primaryimage\",\"url\":\"https:\\\/\\\/manskin.ch\\\/wp-content\\\/uploads\\\/2023\\\/10\\\/Salt-Stone-Handcream-Santal-High-Quality.jpg\",\"contentUrl\":\"https:\\\/\\\/manskin.ch\\\/wp-content\\\/uploads\\\/2023\\\/10\\\/Salt-Stone-Handcream-Santal-High-Quality.jpg\",\"width\":800,\"height\":800},{\"@type\":\"BreadcrumbList\",\"@id\":\"https:\\\/\\\/manskin.ch\\\/fr\\\/produkt\\\/salt-stone-creme-pour-les-mains-santal-vetiver\\\/#breadcrumb\",\"itemListElement\":[{\"@type\":\"ListItem\",\"position\":1,\"name\":\"Startseite\",\"item\":\"https:\\\/\\\/manskin.ch\\\/fr\\\/\"},{\"@type\":\"ListItem\",\"position\":2,\"name\":\"Boutique\",\"item\":\"https:\\\/\\\/manskin.ch\\\/fr\\\/boutique\\\/\"},{\"@type\":\"ListItem\",\"position\":3,\"name\":\"Salt &amp; Stone &#8211; Cr\u00e8me pour les mains Santal &amp; Vetiver\"}]},{\"@type\":\"WebSite\",\"@id\":\"https:\\\/\\\/manskin.ch\\\/fr\\\/#website\",\"url\":\"https:\\\/\\\/manskin.ch\\\/fr\\\/\",\"name\":\"Manskin.ch\",\"description\":\"Tous les produits de beaut\u00e9 pour les hommes les plus exigeants\",\"publisher\":{\"@id\":\"https:\\\/\\\/manskin.ch\\\/fr\\\/#organization\"},\"potentialAction\":[{\"@type\":\"SearchAction\",\"target\":{\"@type\":\"EntryPoint\",\"urlTemplate\":\"https:\\\/\\\/manskin.ch\\\/fr\\\/?s={search_term_string}\"},\"query-input\":{\"@type\":\"PropertyValueSpecification\",\"valueRequired\":true,\"valueName\":\"search_term_string\"}}],\"inLanguage\":\"fr-FR\"},{\"@type\":\"Organization\",\"@id\":\"https:\\\/\\\/manskin.ch\\\/fr\\\/#organization\",\"name\":\"Manskin.ch - der Schweizer Onlineshop f\u00fcr qualit\u00e4tsstarke M\u00e4nnerpflege\",\"url\":\"https:\\\/\\\/manskin.ch\\\/fr\\\/\",\"logo\":{\"@type\":\"ImageObject\",\"inLanguage\":\"fr-FR\",\"@id\":\"https:\\\/\\\/manskin.ch\\\/fr\\\/#\\\/schema\\\/logo\\\/image\\\/\",\"url\":\"https:\\\/\\\/manskin.ch\\\/wp-content\\\/uploads\\\/2021\\\/04\\\/cropped-logo_head.png\",\"contentUrl\":\"https:\\\/\\\/manskin.ch\\\/wp-content\\\/uploads\\\/2021\\\/04\\\/cropped-logo_head.png\",\"width\":235,\"height\":75,\"caption\":\"Manskin.ch - der Schweizer Onlineshop f\u00fcr qualit\u00e4tsstarke M\u00e4nnerpflege\"},\"image\":{\"@id\":\"https:\\\/\\\/manskin.ch\\\/fr\\\/#\\\/schema\\\/logo\\\/image\\\/\"},\"sameAs\":[\"https:\\\/\\\/www.facebook.com\\\/manskin.ch\",\"https:\\\/\\\/www.instagram.com\\\/manskin.ch\\\/\"]}]}<\/script>\n<meta property=\"product:price:amount\" content=\"24.90\" \/>\n<meta property=\"product:price:currency\" content=\"CHF\" \/>\n<meta property=\"og:availability\" content=\"out of stock\" \/>\n<meta property=\"product:availability\" content=\"out of stock\" \/>\n<meta property=\"product:retailer_item_id\" content=\"13286\" \/>\n<meta property=\"product:condition\" content=\"new\" \/>\n<!-- \/ Yoast SEO Premium plugin. -->","yoast_head_json":{"title":"Salt &amp; Stone - Cr\u00e8me pour les mains Santal &amp; Vetiver | Manskin.ch","description":"Salt &amp; Stone - Cr\u00e8me pour les mains Santal &amp; Vetiver","robots":{"index":"index","follow":"follow","max-snippet":"max-snippet:-1","max-image-preview":"max-image-preview:large","max-video-preview":"max-video-preview:-1"},"canonical":"https:\/\/manskin.ch\/fr\/produkt\/salt-stone-creme-pour-les-mains-santal-vetiver\/","og_locale":"fr_FR","og_type":"article","og_title":"Salt &amp; Stone - Cr\u00e8me pour les mains Santal &amp; Vetiver","og_description":"Salt &amp; Stone - Cr\u00e8me pour les mains Santal &amp; Vetiver","og_url":"https:\/\/manskin.ch\/fr\/produkt\/salt-stone-creme-pour-les-mains-santal-vetiver\/","og_site_name":"Manskin.ch","article_publisher":"https:\/\/www.facebook.com\/manskin.ch","article_modified_time":"2025-09-08T16:41:37+00:00","og_image":[{"width":800,"height":800,"url":"https:\/\/manskin.ch\/wp-content\/uploads\/2023\/10\/Salt-Stone-Handcream-Santal-High-Quality.jpg","type":"image\/jpeg"}],"twitter_card":"summary_large_image","twitter_misc":{"Prix":"24.90&#67;&#72;&#70;","Disponibilit\u00e9":"Rupture de stock"},"schema":{"@context":"https:\/\/schema.org","@graph":[{"@type":"WebPage","@id":"https:\/\/manskin.ch\/fr\/produkt\/salt-stone-creme-pour-les-mains-santal-vetiver\/","url":"https:\/\/manskin.ch\/fr\/produkt\/salt-stone-creme-pour-les-mains-santal-vetiver\/","name":"Salt &amp; Stone - Cr\u00e8me pour les mains Santal &amp; Vetiver | Manskin.ch","isPartOf":{"@id":"https:\/\/manskin.ch\/fr\/#website"},"primaryImageOfPage":{"@id":"https:\/\/manskin.ch\/fr\/produkt\/salt-stone-creme-pour-les-mains-santal-vetiver\/#primaryimage"},"image":{"@id":"https:\/\/manskin.ch\/fr\/produkt\/salt-stone-creme-pour-les-mains-santal-vetiver\/#primaryimage"},"thumbnailUrl":"https:\/\/manskin.ch\/wp-content\/uploads\/2023\/10\/Salt-Stone-Handcream-Santal-High-Quality.jpg","datePublished":"2023-10-17T08:15:47+00:00","dateModified":"2025-09-08T16:41:37+00:00","description":"Salt &amp; Stone - Cr\u00e8me pour les mains Santal &amp; Vetiver","breadcrumb":{"@id":"https:\/\/manskin.ch\/fr\/produkt\/salt-stone-creme-pour-les-mains-santal-vetiver\/#breadcrumb"},"inLanguage":"fr-FR","potentialAction":[{"@type":"ReadAction","target":["https:\/\/manskin.ch\/fr\/produkt\/salt-stone-creme-pour-les-mains-santal-vetiver\/"]}]},{"@type":"ImageObject","inLanguage":"fr-FR","@id":"https:\/\/manskin.ch\/fr\/produkt\/salt-stone-creme-pour-les-mains-santal-vetiver\/#primaryimage","url":"https:\/\/manskin.ch\/wp-content\/uploads\/2023\/10\/Salt-Stone-Handcream-Santal-High-Quality.jpg","contentUrl":"https:\/\/manskin.ch\/wp-content\/uploads\/2023\/10\/Salt-Stone-Handcream-Santal-High-Quality.jpg","width":800,"height":800},{"@type":"BreadcrumbList","@id":"https:\/\/manskin.ch\/fr\/produkt\/salt-stone-creme-pour-les-mains-santal-vetiver\/#breadcrumb","itemListElement":[{"@type":"ListItem","position":1,"name":"Startseite","item":"https:\/\/manskin.ch\/fr\/"},{"@type":"ListItem","position":2,"name":"Boutique","item":"https:\/\/manskin.ch\/fr\/boutique\/"},{"@type":"ListItem","position":3,"name":"Salt &amp; Stone &#8211; Cr\u00e8me pour les mains Santal &amp; Vetiver"}]},{"@type":"WebSite","@id":"https:\/\/manskin.ch\/fr\/#website","url":"https:\/\/manskin.ch\/fr\/","name":"Manskin.ch","description":"Tous les produits de beaut\u00e9 pour les hommes les plus exigeants","publisher":{"@id":"https:\/\/manskin.ch\/fr\/#organization"},"potentialAction":[{"@type":"SearchAction","target":{"@type":"EntryPoint","urlTemplate":"https:\/\/manskin.ch\/fr\/?s={search_term_string}"},"query-input":{"@type":"PropertyValueSpecification","valueRequired":true,"valueName":"search_term_string"}}],"inLanguage":"fr-FR"},{"@type":"Organization","@id":"https:\/\/manskin.ch\/fr\/#organization","name":"Manskin.ch - der Schweizer Onlineshop f\u00fcr qualit\u00e4tsstarke M\u00e4nnerpflege","url":"https:\/\/manskin.ch\/fr\/","logo":{"@type":"ImageObject","inLanguage":"fr-FR","@id":"https:\/\/manskin.ch\/fr\/#\/schema\/logo\/image\/","url":"https:\/\/manskin.ch\/wp-content\/uploads\/2021\/04\/cropped-logo_head.png","contentUrl":"https:\/\/manskin.ch\/wp-content\/uploads\/2021\/04\/cropped-logo_head.png","width":235,"height":75,"caption":"Manskin.ch - der Schweizer Onlineshop f\u00fcr qualit\u00e4tsstarke M\u00e4nnerpflege"},"image":{"@id":"https:\/\/manskin.ch\/fr\/#\/schema\/logo\/image\/"},"sameAs":["https:\/\/www.facebook.com\/manskin.ch","https:\/\/www.instagram.com\/manskin.ch\/"]}]},"product_price_amount":"24.90","product_price_currency":"CHF","og_availability":"out of stock","product_availability":"out of stock","product_retailer_item_id":"13286","product_condition":"new"},"brands":[{"id":2780,"name":"Salt &amp; Stone","slug":"salt-stone"}],"_links":{"self":[{"href":"https:\/\/manskin.ch\/fr\/wp-json\/wp\/v2\/product\/22765","targetHints":{"allow":["GET"]}}],"collection":[{"href":"https:\/\/manskin.ch\/fr\/wp-json\/wp\/v2\/product"}],"about":[{"href":"https:\/\/manskin.ch\/fr\/wp-json\/wp\/v2\/types\/product"}],"replies":[{"embeddable":true,"href":"https:\/\/manskin.ch\/fr\/wp-json\/wp\/v2\/comments?post=22765"}],"wp:featuredmedia":[{"embeddable":true,"href":"https:\/\/manskin.ch\/fr\/wp-json\/wp\/v2\/media\/22768"}],"wp:attachment":[{"href":"https:\/\/manskin.ch\/fr\/wp-json\/wp\/v2\/media?parent=22765"}],"wp:term":[{"taxonomy":"pwb-brand","embeddable":true,"href":"https:\/\/manskin.ch\/fr\/wp-json\/wp\/v2\/pwb-brand?post=22765"},{"taxonomy":"product_brand","embeddable":true,"href":"https:\/\/manskin.ch\/fr\/wp-json\/wp\/v2\/product_brand?post=22765"},{"taxonomy":"product_cat","embeddable":true,"href":"https:\/\/manskin.ch\/fr\/wp-json\/wp\/v2\/product_cat?post=22765"},{"taxonomy":"product_tag","embeddable":true,"href":"https:\/\/manskin.ch\/fr\/wp-json\/wp\/v2\/product_tag?post=22765"}],"curies":[{"name":"wp","href":"https:\/\/api.w.org\/{rel}","templated":true}]}}