{"id":22482,"date":"2023-09-13T14:29:43","date_gmt":"2023-09-13T12:29:43","guid":{"rendered":"https:\/\/manskin.ch\/?post_type=product&#038;p=22482"},"modified":"2025-07-18T11:10:38","modified_gmt":"2025-07-18T09:10:38","slug":"deo-a-ledelweiss-et-a-la-gentiane","status":"publish","type":"product","link":"https:\/\/manskin.ch\/fr\/produkt\/deo-a-ledelweiss-et-a-la-gentiane\/","title":{"rendered":"Gaisbock &#8211; Deo \u00e0 l&rsquo;edelweiss et \u00e0 la gentiane"},"content":{"rendered":"<h2>Gaisbock &#8211; Deo \u00e0 l&rsquo;edelweiss et \u00e0 la gentiane<\/h2>\n<ul>\n<li>Ton odeur, mais en mieux. Efficace, comme il se doit. Durable, \u00e9videmment.<\/li>\n<li>100 % naturel.<\/li>\n<li>Fabriqu\u00e9 en Suisse.<\/li>\n<li>Avec de l&rsquo;edelweiss bio, de la gentiane jaune et des probiotiques.<\/li>\n<li>Sans aluminium.<\/li>\n<li>Effet: fra\u00eecheur durable, apaisant, purifiant, prot\u00e8ge les cellules de la peau et tout cela sans aluminium.Contenu 50 ml.<\/li>\n<\/ul>\n","protected":false},"excerpt":{"rendered":"<p>100% naturel, sans aluminium<\/p>\n","protected":false},"featured_media":22485,"comment_status":"closed","ping_status":"closed","template":"","meta":{"_acf_changed":false},"pwb-brand":[2842],"product_brand":[],"product_cat":[2414,2358,2843],"product_tag":[],"class_list":{"0":"post-22482","1":"product","2":"type-product","3":"status-publish","4":"has-post-thumbnail","6":"pwb-brand-gaisbock","7":"product_cat-cosmetique-naturelle","8":"product_cat-edt-deo","9":"product_cat-gaisbock-fr","10":"product_shipping_class-standard-fr","11":"sales-flash-overlay","12":"woocommerce-text-align-center","13":"woocommerce-image-align-center","14":"do-quantity-buttons","16":"first","17":"instock","18":"purchasable","19":"product-type-simple"},"acf":[],"yoast_head":"<!-- This site is optimized with the Yoast SEO Premium plugin v27.3 (Yoast SEO v27.3) - https:\/\/yoast.com\/product\/yoast-seo-premium-wordpress\/ -->\n<title>Gaisbock - Deo \u00e0 l&#039;edelweiss et \u00e0 la gentiane | Manskin.ch<\/title>\n<meta name=\"description\" content=\"Gaisbock - Deo \u00e0 l&#039;edelweiss et \u00e0 la gentiane\" \/>\n<meta name=\"robots\" content=\"index, follow, max-snippet:-1, max-image-preview:large, max-video-preview:-1\" \/>\n<link rel=\"canonical\" href=\"https:\/\/manskin.ch\/fr\/produkt\/deo-a-ledelweiss-et-a-la-gentiane\/\" \/>\n<meta property=\"og:locale\" content=\"fr_FR\" \/>\n<meta property=\"og:type\" content=\"article\" \/>\n<meta property=\"og:title\" content=\"Gaisbock - Deo \u00e0 l&#039;edelweiss et \u00e0 la gentiane\" \/>\n<meta property=\"og:description\" content=\"Gaisbock - Deo \u00e0 l&#039;edelweiss et \u00e0 la gentiane\" \/>\n<meta property=\"og:url\" content=\"https:\/\/manskin.ch\/fr\/produkt\/deo-a-ledelweiss-et-a-la-gentiane\/\" \/>\n<meta property=\"og:site_name\" content=\"Manskin.ch\" \/>\n<meta property=\"article:publisher\" content=\"https:\/\/www.facebook.com\/manskin.ch\" \/>\n<meta property=\"article:modified_time\" content=\"2025-07-18T09:10:38+00:00\" \/>\n<meta property=\"og:image\" content=\"https:\/\/manskin.ch\/wp-content\/uploads\/2023\/09\/Untitled-design-copy-2-High-Quality-3.jpg\" \/>\n\t<meta property=\"og:image:width\" content=\"800\" \/>\n\t<meta property=\"og:image:height\" content=\"800\" \/>\n\t<meta property=\"og:image:type\" content=\"image\/jpeg\" \/>\n<meta name=\"twitter:card\" content=\"summary_large_image\" \/>\n<meta name=\"twitter:label1\" content=\"Prix\" \/>\n\t<meta name=\"twitter:data1\" content=\"16.50&#067;&#072;&#070;\" \/>\n\t<meta name=\"twitter:label2\" content=\"Disponibilit\u00e9\" \/>\n\t<meta name=\"twitter:data2\" content=\"En stock\" \/>\n<script type=\"application\/ld+json\" class=\"yoast-schema-graph\">{\"@context\":\"https:\\\/\\\/schema.org\",\"@graph\":[{\"@type\":\"WebPage\",\"@id\":\"https:\\\/\\\/manskin.ch\\\/fr\\\/produkt\\\/deo-a-ledelweiss-et-a-la-gentiane\\\/\",\"url\":\"https:\\\/\\\/manskin.ch\\\/fr\\\/produkt\\\/deo-a-ledelweiss-et-a-la-gentiane\\\/\",\"name\":\"Gaisbock - Deo \u00e0 l'edelweiss et \u00e0 la gentiane | Manskin.ch\",\"isPartOf\":{\"@id\":\"https:\\\/\\\/manskin.ch\\\/fr\\\/#website\"},\"primaryImageOfPage\":{\"@id\":\"https:\\\/\\\/manskin.ch\\\/fr\\\/produkt\\\/deo-a-ledelweiss-et-a-la-gentiane\\\/#primaryimage\"},\"image\":{\"@id\":\"https:\\\/\\\/manskin.ch\\\/fr\\\/produkt\\\/deo-a-ledelweiss-et-a-la-gentiane\\\/#primaryimage\"},\"thumbnailUrl\":\"https:\\\/\\\/manskin.ch\\\/wp-content\\\/uploads\\\/2023\\\/09\\\/Untitled-design-copy-2-High-Quality-3.jpg\",\"datePublished\":\"2023-09-13T12:29:43+00:00\",\"dateModified\":\"2025-07-18T09:10:38+00:00\",\"description\":\"Gaisbock - Deo \u00e0 l'edelweiss et \u00e0 la gentiane\",\"breadcrumb\":{\"@id\":\"https:\\\/\\\/manskin.ch\\\/fr\\\/produkt\\\/deo-a-ledelweiss-et-a-la-gentiane\\\/#breadcrumb\"},\"inLanguage\":\"fr-FR\",\"potentialAction\":[{\"@type\":\"ReadAction\",\"target\":[\"https:\\\/\\\/manskin.ch\\\/fr\\\/produkt\\\/deo-a-ledelweiss-et-a-la-gentiane\\\/\"]}]},{\"@type\":\"ImageObject\",\"inLanguage\":\"fr-FR\",\"@id\":\"https:\\\/\\\/manskin.ch\\\/fr\\\/produkt\\\/deo-a-ledelweiss-et-a-la-gentiane\\\/#primaryimage\",\"url\":\"https:\\\/\\\/manskin.ch\\\/wp-content\\\/uploads\\\/2023\\\/09\\\/Untitled-design-copy-2-High-Quality-3.jpg\",\"contentUrl\":\"https:\\\/\\\/manskin.ch\\\/wp-content\\\/uploads\\\/2023\\\/09\\\/Untitled-design-copy-2-High-Quality-3.jpg\",\"width\":800,\"height\":800},{\"@type\":\"BreadcrumbList\",\"@id\":\"https:\\\/\\\/manskin.ch\\\/fr\\\/produkt\\\/deo-a-ledelweiss-et-a-la-gentiane\\\/#breadcrumb\",\"itemListElement\":[{\"@type\":\"ListItem\",\"position\":1,\"name\":\"Startseite\",\"item\":\"https:\\\/\\\/manskin.ch\\\/fr\\\/\"},{\"@type\":\"ListItem\",\"position\":2,\"name\":\"Boutique Soins pour Hommes &amp; Skincare\",\"item\":\"https:\\\/\\\/manskin.ch\\\/fr\\\/boutique\\\/\"},{\"@type\":\"ListItem\",\"position\":3,\"name\":\"Gaisbock &#8211; Deo \u00e0 l&#8217;edelweiss et \u00e0 la gentiane\"}]},{\"@type\":\"WebSite\",\"@id\":\"https:\\\/\\\/manskin.ch\\\/fr\\\/#website\",\"url\":\"https:\\\/\\\/manskin.ch\\\/fr\\\/\",\"name\":\"Manskin.ch\",\"description\":\"Tous les produits de beaut\u00e9 pour les hommes les plus exigeants\",\"publisher\":{\"@id\":\"https:\\\/\\\/manskin.ch\\\/fr\\\/#organization\"},\"potentialAction\":[{\"@type\":\"SearchAction\",\"target\":{\"@type\":\"EntryPoint\",\"urlTemplate\":\"https:\\\/\\\/manskin.ch\\\/fr\\\/?s={search_term_string}\"},\"query-input\":{\"@type\":\"PropertyValueSpecification\",\"valueRequired\":true,\"valueName\":\"search_term_string\"}}],\"inLanguage\":\"fr-FR\"},{\"@type\":\"Organization\",\"@id\":\"https:\\\/\\\/manskin.ch\\\/fr\\\/#organization\",\"name\":\"Manskin.ch - der Schweizer Onlineshop f\u00fcr qualit\u00e4tsstarke M\u00e4nnerpflege\",\"url\":\"https:\\\/\\\/manskin.ch\\\/fr\\\/\",\"logo\":{\"@type\":\"ImageObject\",\"inLanguage\":\"fr-FR\",\"@id\":\"https:\\\/\\\/manskin.ch\\\/fr\\\/#\\\/schema\\\/logo\\\/image\\\/\",\"url\":\"https:\\\/\\\/manskin.ch\\\/wp-content\\\/uploads\\\/2021\\\/04\\\/cropped-logo_head.png\",\"contentUrl\":\"https:\\\/\\\/manskin.ch\\\/wp-content\\\/uploads\\\/2021\\\/04\\\/cropped-logo_head.png\",\"width\":235,\"height\":75,\"caption\":\"Manskin.ch - der Schweizer Onlineshop f\u00fcr qualit\u00e4tsstarke M\u00e4nnerpflege\"},\"image\":{\"@id\":\"https:\\\/\\\/manskin.ch\\\/fr\\\/#\\\/schema\\\/logo\\\/image\\\/\"},\"sameAs\":[\"https:\\\/\\\/www.facebook.com\\\/manskin.ch\",\"https:\\\/\\\/www.instagram.com\\\/manskin.ch\\\/\"]}]}<\/script>\n<meta property=\"product:price:amount\" content=\"16.50\" \/>\n<meta property=\"product:price:currency\" content=\"CHF\" \/>\n<meta property=\"og:availability\" content=\"instock\" \/>\n<meta property=\"product:availability\" content=\"instock\" \/>\n<meta property=\"product:retailer_item_id\" content=\"13268\" \/>\n<meta property=\"product:condition\" content=\"new\" \/>\n<!-- \/ Yoast SEO Premium plugin. -->","yoast_head_json":{"title":"Gaisbock - Deo \u00e0 l'edelweiss et \u00e0 la gentiane | Manskin.ch","description":"Gaisbock - Deo \u00e0 l'edelweiss et \u00e0 la gentiane","robots":{"index":"index","follow":"follow","max-snippet":"max-snippet:-1","max-image-preview":"max-image-preview:large","max-video-preview":"max-video-preview:-1"},"canonical":"https:\/\/manskin.ch\/fr\/produkt\/deo-a-ledelweiss-et-a-la-gentiane\/","og_locale":"fr_FR","og_type":"article","og_title":"Gaisbock - Deo \u00e0 l'edelweiss et \u00e0 la gentiane","og_description":"Gaisbock - Deo \u00e0 l'edelweiss et \u00e0 la gentiane","og_url":"https:\/\/manskin.ch\/fr\/produkt\/deo-a-ledelweiss-et-a-la-gentiane\/","og_site_name":"Manskin.ch","article_publisher":"https:\/\/www.facebook.com\/manskin.ch","article_modified_time":"2025-07-18T09:10:38+00:00","og_image":[{"width":800,"height":800,"url":"https:\/\/manskin.ch\/wp-content\/uploads\/2023\/09\/Untitled-design-copy-2-High-Quality-3.jpg","type":"image\/jpeg"}],"twitter_card":"summary_large_image","twitter_misc":{"Prix":"16.50&#67;&#72;&#70;","Disponibilit\u00e9":"En stock"},"schema":{"@context":"https:\/\/schema.org","@graph":[{"@type":"WebPage","@id":"https:\/\/manskin.ch\/fr\/produkt\/deo-a-ledelweiss-et-a-la-gentiane\/","url":"https:\/\/manskin.ch\/fr\/produkt\/deo-a-ledelweiss-et-a-la-gentiane\/","name":"Gaisbock - Deo \u00e0 l'edelweiss et \u00e0 la gentiane | Manskin.ch","isPartOf":{"@id":"https:\/\/manskin.ch\/fr\/#website"},"primaryImageOfPage":{"@id":"https:\/\/manskin.ch\/fr\/produkt\/deo-a-ledelweiss-et-a-la-gentiane\/#primaryimage"},"image":{"@id":"https:\/\/manskin.ch\/fr\/produkt\/deo-a-ledelweiss-et-a-la-gentiane\/#primaryimage"},"thumbnailUrl":"https:\/\/manskin.ch\/wp-content\/uploads\/2023\/09\/Untitled-design-copy-2-High-Quality-3.jpg","datePublished":"2023-09-13T12:29:43+00:00","dateModified":"2025-07-18T09:10:38+00:00","description":"Gaisbock - Deo \u00e0 l'edelweiss et \u00e0 la gentiane","breadcrumb":{"@id":"https:\/\/manskin.ch\/fr\/produkt\/deo-a-ledelweiss-et-a-la-gentiane\/#breadcrumb"},"inLanguage":"fr-FR","potentialAction":[{"@type":"ReadAction","target":["https:\/\/manskin.ch\/fr\/produkt\/deo-a-ledelweiss-et-a-la-gentiane\/"]}]},{"@type":"ImageObject","inLanguage":"fr-FR","@id":"https:\/\/manskin.ch\/fr\/produkt\/deo-a-ledelweiss-et-a-la-gentiane\/#primaryimage","url":"https:\/\/manskin.ch\/wp-content\/uploads\/2023\/09\/Untitled-design-copy-2-High-Quality-3.jpg","contentUrl":"https:\/\/manskin.ch\/wp-content\/uploads\/2023\/09\/Untitled-design-copy-2-High-Quality-3.jpg","width":800,"height":800},{"@type":"BreadcrumbList","@id":"https:\/\/manskin.ch\/fr\/produkt\/deo-a-ledelweiss-et-a-la-gentiane\/#breadcrumb","itemListElement":[{"@type":"ListItem","position":1,"name":"Startseite","item":"https:\/\/manskin.ch\/fr\/"},{"@type":"ListItem","position":2,"name":"Boutique Soins pour Hommes &amp; Skincare","item":"https:\/\/manskin.ch\/fr\/boutique\/"},{"@type":"ListItem","position":3,"name":"Gaisbock &#8211; Deo \u00e0 l&#8217;edelweiss et \u00e0 la gentiane"}]},{"@type":"WebSite","@id":"https:\/\/manskin.ch\/fr\/#website","url":"https:\/\/manskin.ch\/fr\/","name":"Manskin.ch","description":"Tous les produits de beaut\u00e9 pour les hommes les plus exigeants","publisher":{"@id":"https:\/\/manskin.ch\/fr\/#organization"},"potentialAction":[{"@type":"SearchAction","target":{"@type":"EntryPoint","urlTemplate":"https:\/\/manskin.ch\/fr\/?s={search_term_string}"},"query-input":{"@type":"PropertyValueSpecification","valueRequired":true,"valueName":"search_term_string"}}],"inLanguage":"fr-FR"},{"@type":"Organization","@id":"https:\/\/manskin.ch\/fr\/#organization","name":"Manskin.ch - der Schweizer Onlineshop f\u00fcr qualit\u00e4tsstarke M\u00e4nnerpflege","url":"https:\/\/manskin.ch\/fr\/","logo":{"@type":"ImageObject","inLanguage":"fr-FR","@id":"https:\/\/manskin.ch\/fr\/#\/schema\/logo\/image\/","url":"https:\/\/manskin.ch\/wp-content\/uploads\/2021\/04\/cropped-logo_head.png","contentUrl":"https:\/\/manskin.ch\/wp-content\/uploads\/2021\/04\/cropped-logo_head.png","width":235,"height":75,"caption":"Manskin.ch - der Schweizer Onlineshop f\u00fcr qualit\u00e4tsstarke M\u00e4nnerpflege"},"image":{"@id":"https:\/\/manskin.ch\/fr\/#\/schema\/logo\/image\/"},"sameAs":["https:\/\/www.facebook.com\/manskin.ch","https:\/\/www.instagram.com\/manskin.ch\/"]}]},"product_price_amount":"16.50","product_price_currency":"CHF","og_availability":"instock","product_availability":"instock","product_retailer_item_id":"13268","product_condition":"new"},"brands":[{"id":2842,"name":"Gaisbock","slug":"gaisbock"}],"_links":{"self":[{"href":"https:\/\/manskin.ch\/fr\/wp-json\/wp\/v2\/product\/22482","targetHints":{"allow":["GET"]}}],"collection":[{"href":"https:\/\/manskin.ch\/fr\/wp-json\/wp\/v2\/product"}],"about":[{"href":"https:\/\/manskin.ch\/fr\/wp-json\/wp\/v2\/types\/product"}],"replies":[{"embeddable":true,"href":"https:\/\/manskin.ch\/fr\/wp-json\/wp\/v2\/comments?post=22482"}],"wp:featuredmedia":[{"embeddable":true,"href":"https:\/\/manskin.ch\/fr\/wp-json\/wp\/v2\/media\/22485"}],"wp:attachment":[{"href":"https:\/\/manskin.ch\/fr\/wp-json\/wp\/v2\/media?parent=22482"}],"wp:term":[{"taxonomy":"pwb-brand","embeddable":true,"href":"https:\/\/manskin.ch\/fr\/wp-json\/wp\/v2\/pwb-brand?post=22482"},{"taxonomy":"product_brand","embeddable":true,"href":"https:\/\/manskin.ch\/fr\/wp-json\/wp\/v2\/product_brand?post=22482"},{"taxonomy":"product_cat","embeddable":true,"href":"https:\/\/manskin.ch\/fr\/wp-json\/wp\/v2\/product_cat?post=22482"},{"taxonomy":"product_tag","embeddable":true,"href":"https:\/\/manskin.ch\/fr\/wp-json\/wp\/v2\/product_tag?post=22482"}],"curies":[{"name":"wp","href":"https:\/\/api.w.org\/{rel}","templated":true}]}}