{"id":21721,"date":"2023-05-26T08:49:50","date_gmt":"2023-05-26T06:49:50","guid":{"rendered":"https:\/\/manskin.ch\/?post_type=product&#038;p=21721"},"modified":"2025-07-18T12:07:22","modified_gmt":"2025-07-18T10:07:22","slug":"muehle-set-traditional-r89","status":"publish","type":"product","link":"https:\/\/manskin.ch\/fr\/produkt\/muehle-set-traditional-r89\/","title":{"rendered":"M\u00dcHLE &#8211; Set Traditional R89 avec blaireau et rasoir"},"content":{"rendered":"<h2>M\u00dcHLE &#8211; Set de rasage Traditional avec blaireau et rasoir R89<\/h2>\n<p>Le set de rasage 3 pi\u00e8ces Traditonal se compose de :<\/p>\n<ul>\n<li>Blaireau \u00e0 pointe argent\u00e9e<\/li>\n<li>Rasoir (peigne ferm\u00e9) avec lame classique<\/li>\n<\/ul>\n<p>Support et poign\u00e9es en m\u00e9tal chrom\u00e9.<\/p>\n<h3>Le mat\u00e9riau &#8211; m\u00e9tal et chrome<\/h3>\n<ul>\n<li>La surface est r\u00e9sistante \u00e0 la corrosion, particuli\u00e8rement durable et poss\u00e8de un \u00e9clat pr\u00e9cieux et s\u00e9duisant.<\/li>\n<\/ul>\n<h3>La t\u00eate de pinceau &#8211; pur argent\u00e9e<\/h3>\n<ul>\n<li>Les connaisseurs consid\u00e8rent le blaireau \u00e0 pointe argent\u00e9e comme le summum : seuls les meilleurs poils de blaireau, soigneusement s\u00e9lectionn\u00e9s, sont utilis\u00e9s pour les blaireaux fabriqu\u00e9s enti\u00e8rement \u00e0 la main.<\/li>\n<li>Ce pr\u00e9cieux mat\u00e9riau naturel est particuli\u00e8rement doux et flexible.<\/li>\n<li>Les poils fins et coniques ont la capacit\u00e9 d&rsquo;absorber beaucoup d&rsquo;eau et produisent une mousse dense et cr\u00e9meuse.<\/li>\n<\/ul>\n<p>Ce produit haut de gamme est fabriqu\u00e9 \u00e0 l&rsquo;aide d&rsquo;outils historiques, selon un proc\u00e9d\u00e9 artisanal que seuls quelques-uns ma\u00eetrisent encore dans le monde.<\/p>\n<h3>La t\u00eate de rasoir &#8211; une lame de rasoir classique<\/h3>\n<ul>\n<li>Depuis des g\u00e9n\u00e9rations, la t\u00eate de rasoir est consid\u00e9r\u00e9e comme un classique \u00e9l\u00e9gant qui permet de raser m\u00eame les contours avec pr\u00e9cision. Pour beaucoup, c&rsquo;est le rasoir par excellence.<\/li>\n<li>M\u00eame si la lame demande d&rsquo;abord un peu de respect: apr\u00e8s un court temps d&rsquo;adaptation, guid\u00e9 d&rsquo;une main calme, celui-ci permet un rasage tr\u00e8s pr\u00e9cis dont le r\u00e9sultat dure longtemps.<\/li>\n<li>Contrairement aux syst\u00e8mes de lames modernes, la t\u00eate du rabot de rasage est immobile. Les lames se changent en d\u00e9vissant le couvercle.<\/li>\n<\/ul>\n","protected":false},"excerpt":{"rendered":"<p>Peigne ferm\u00e9, id\u00e9al pour d\u00e9butants<\/p>\n","protected":false},"featured_media":21724,"comment_status":"closed","ping_status":"closed","template":"","meta":{"_acf_changed":false},"pwb-brand":[2769],"product_brand":[],"product_cat":[2425,2412,2422],"product_tag":[],"class_list":{"0":"post-21721","1":"product","2":"type-product","3":"status-publish","4":"has-post-thumbnail","6":"pwb-brand-muehle","7":"product_cat-blaireau-new","8":"product_cat-muehle-fr","9":"product_cat-rasoir-de-suretee","10":"product_shipping_class-standard-fr","11":"pa_hersteller-muehle-fr-2","12":"sales-flash-overlay","13":"woocommerce-text-align-center","14":"woocommerce-image-align-center","15":"do-quantity-buttons","17":"first","18":"outofstock","19":"purchasable","20":"product-type-simple"},"acf":[],"yoast_head":"<!-- This site is optimized with the Yoast SEO Premium plugin v27.3 (Yoast SEO v27.3) - https:\/\/yoast.com\/product\/yoast-seo-premium-wordpress\/ -->\n<title>M\u00dcHLE - Set Traditional R89 avec blaireau et rasoir | Manskin.ch<\/title>\n<meta name=\"description\" content=\"M\u00dcHLE - Set Traditional R89 avec blaireau et rasoir\" \/>\n<meta name=\"robots\" content=\"index, follow, max-snippet:-1, max-image-preview:large, max-video-preview:-1\" \/>\n<link rel=\"canonical\" href=\"https:\/\/manskin.ch\/fr\/produkt\/muehle-set-traditional-r89\/\" \/>\n<meta property=\"og:locale\" content=\"fr_FR\" \/>\n<meta property=\"og:type\" content=\"article\" \/>\n<meta property=\"og:title\" content=\"M\u00dcHLE - Set Traditional R89 avec blaireau et rasoir\" \/>\n<meta property=\"og:description\" content=\"M\u00dcHLE - Set Traditional R89 avec blaireau et rasoir\" \/>\n<meta property=\"og:url\" content=\"https:\/\/manskin.ch\/fr\/produkt\/muehle-set-traditional-r89\/\" \/>\n<meta property=\"og:site_name\" content=\"Manskin.ch\" \/>\n<meta property=\"article:publisher\" content=\"https:\/\/www.facebook.com\/manskin.ch\" \/>\n<meta property=\"article:modified_time\" content=\"2025-07-18T10:07:22+00:00\" \/>\n<meta property=\"og:image\" content=\"https:\/\/manskin.ch\/wp-content\/uploads\/2023\/05\/Rasierset-Traditional.jpg\" \/>\n\t<meta property=\"og:image:width\" content=\"800\" \/>\n\t<meta property=\"og:image:height\" content=\"800\" \/>\n\t<meta property=\"og:image:type\" content=\"image\/jpeg\" \/>\n<meta name=\"twitter:card\" content=\"summary_large_image\" \/>\n<meta name=\"twitter:label1\" content=\"Prix\" \/>\n\t<meta name=\"twitter:data1\" content=\"122.00&#067;&#072;&#070;\" \/>\n\t<meta name=\"twitter:label2\" content=\"Disponibilit\u00e9\" \/>\n\t<meta name=\"twitter:data2\" content=\"Rupture de stock\" \/>\n<script type=\"application\/ld+json\" class=\"yoast-schema-graph\">{\"@context\":\"https:\\\/\\\/schema.org\",\"@graph\":[{\"@type\":\"WebPage\",\"@id\":\"https:\\\/\\\/manskin.ch\\\/fr\\\/produkt\\\/muehle-set-traditional-r89\\\/\",\"url\":\"https:\\\/\\\/manskin.ch\\\/fr\\\/produkt\\\/muehle-set-traditional-r89\\\/\",\"name\":\"M\u00dcHLE - Set Traditional R89 avec blaireau et rasoir | Manskin.ch\",\"isPartOf\":{\"@id\":\"https:\\\/\\\/manskin.ch\\\/fr\\\/#website\"},\"primaryImageOfPage\":{\"@id\":\"https:\\\/\\\/manskin.ch\\\/fr\\\/produkt\\\/muehle-set-traditional-r89\\\/#primaryimage\"},\"image\":{\"@id\":\"https:\\\/\\\/manskin.ch\\\/fr\\\/produkt\\\/muehle-set-traditional-r89\\\/#primaryimage\"},\"thumbnailUrl\":\"https:\\\/\\\/manskin.ch\\\/wp-content\\\/uploads\\\/2023\\\/05\\\/Rasierset-Traditional.jpg\",\"datePublished\":\"2023-05-26T06:49:50+00:00\",\"dateModified\":\"2025-07-18T10:07:22+00:00\",\"description\":\"M\u00dcHLE - Set Traditional R89 avec blaireau et rasoir\",\"breadcrumb\":{\"@id\":\"https:\\\/\\\/manskin.ch\\\/fr\\\/produkt\\\/muehle-set-traditional-r89\\\/#breadcrumb\"},\"inLanguage\":\"fr-FR\",\"potentialAction\":[{\"@type\":\"ReadAction\",\"target\":[\"https:\\\/\\\/manskin.ch\\\/fr\\\/produkt\\\/muehle-set-traditional-r89\\\/\"]}]},{\"@type\":\"ImageObject\",\"inLanguage\":\"fr-FR\",\"@id\":\"https:\\\/\\\/manskin.ch\\\/fr\\\/produkt\\\/muehle-set-traditional-r89\\\/#primaryimage\",\"url\":\"https:\\\/\\\/manskin.ch\\\/wp-content\\\/uploads\\\/2023\\\/05\\\/Rasierset-Traditional.jpg\",\"contentUrl\":\"https:\\\/\\\/manskin.ch\\\/wp-content\\\/uploads\\\/2023\\\/05\\\/Rasierset-Traditional.jpg\",\"width\":800,\"height\":800},{\"@type\":\"BreadcrumbList\",\"@id\":\"https:\\\/\\\/manskin.ch\\\/fr\\\/produkt\\\/muehle-set-traditional-r89\\\/#breadcrumb\",\"itemListElement\":[{\"@type\":\"ListItem\",\"position\":1,\"name\":\"Startseite\",\"item\":\"https:\\\/\\\/manskin.ch\\\/fr\\\/\"},{\"@type\":\"ListItem\",\"position\":2,\"name\":\"Boutique Soins pour Hommes &amp; Skincare\",\"item\":\"https:\\\/\\\/manskin.ch\\\/fr\\\/boutique\\\/\"},{\"@type\":\"ListItem\",\"position\":3,\"name\":\"M\u00dcHLE &#8211; Set Traditional R89 avec blaireau et rasoir\"}]},{\"@type\":\"WebSite\",\"@id\":\"https:\\\/\\\/manskin.ch\\\/fr\\\/#website\",\"url\":\"https:\\\/\\\/manskin.ch\\\/fr\\\/\",\"name\":\"Manskin.ch\",\"description\":\"Tous les produits de beaut\u00e9 pour les hommes les plus exigeants\",\"publisher\":{\"@id\":\"https:\\\/\\\/manskin.ch\\\/fr\\\/#organization\"},\"potentialAction\":[{\"@type\":\"SearchAction\",\"target\":{\"@type\":\"EntryPoint\",\"urlTemplate\":\"https:\\\/\\\/manskin.ch\\\/fr\\\/?s={search_term_string}\"},\"query-input\":{\"@type\":\"PropertyValueSpecification\",\"valueRequired\":true,\"valueName\":\"search_term_string\"}}],\"inLanguage\":\"fr-FR\"},{\"@type\":\"Organization\",\"@id\":\"https:\\\/\\\/manskin.ch\\\/fr\\\/#organization\",\"name\":\"Manskin.ch - der Schweizer Onlineshop f\u00fcr qualit\u00e4tsstarke M\u00e4nnerpflege\",\"url\":\"https:\\\/\\\/manskin.ch\\\/fr\\\/\",\"logo\":{\"@type\":\"ImageObject\",\"inLanguage\":\"fr-FR\",\"@id\":\"https:\\\/\\\/manskin.ch\\\/fr\\\/#\\\/schema\\\/logo\\\/image\\\/\",\"url\":\"https:\\\/\\\/manskin.ch\\\/wp-content\\\/uploads\\\/2021\\\/04\\\/cropped-logo_head.png\",\"contentUrl\":\"https:\\\/\\\/manskin.ch\\\/wp-content\\\/uploads\\\/2021\\\/04\\\/cropped-logo_head.png\",\"width\":235,\"height\":75,\"caption\":\"Manskin.ch - der Schweizer Onlineshop f\u00fcr qualit\u00e4tsstarke M\u00e4nnerpflege\"},\"image\":{\"@id\":\"https:\\\/\\\/manskin.ch\\\/fr\\\/#\\\/schema\\\/logo\\\/image\\\/\"},\"sameAs\":[\"https:\\\/\\\/www.facebook.com\\\/manskin.ch\",\"https:\\\/\\\/www.instagram.com\\\/manskin.ch\\\/\"]}]}<\/script>\n<meta property=\"product:price:amount\" content=\"122.00\" \/>\n<meta property=\"product:price:currency\" content=\"CHF\" \/>\n<meta property=\"og:availability\" content=\"out of stock\" \/>\n<meta property=\"product:availability\" content=\"out of stock\" \/>\n<meta property=\"product:retailer_item_id\" content=\"13244\" \/>\n<meta property=\"product:condition\" content=\"new\" \/>\n<!-- \/ Yoast SEO Premium plugin. -->","yoast_head_json":{"title":"M\u00dcHLE - Set Traditional R89 avec blaireau et rasoir | Manskin.ch","description":"M\u00dcHLE - Set Traditional R89 avec blaireau et rasoir","robots":{"index":"index","follow":"follow","max-snippet":"max-snippet:-1","max-image-preview":"max-image-preview:large","max-video-preview":"max-video-preview:-1"},"canonical":"https:\/\/manskin.ch\/fr\/produkt\/muehle-set-traditional-r89\/","og_locale":"fr_FR","og_type":"article","og_title":"M\u00dcHLE - Set Traditional R89 avec blaireau et rasoir","og_description":"M\u00dcHLE - Set Traditional R89 avec blaireau et rasoir","og_url":"https:\/\/manskin.ch\/fr\/produkt\/muehle-set-traditional-r89\/","og_site_name":"Manskin.ch","article_publisher":"https:\/\/www.facebook.com\/manskin.ch","article_modified_time":"2025-07-18T10:07:22+00:00","og_image":[{"width":800,"height":800,"url":"https:\/\/manskin.ch\/wp-content\/uploads\/2023\/05\/Rasierset-Traditional.jpg","type":"image\/jpeg"}],"twitter_card":"summary_large_image","twitter_misc":{"Prix":"122.00&#67;&#72;&#70;","Disponibilit\u00e9":"Rupture de stock"},"schema":{"@context":"https:\/\/schema.org","@graph":[{"@type":"WebPage","@id":"https:\/\/manskin.ch\/fr\/produkt\/muehle-set-traditional-r89\/","url":"https:\/\/manskin.ch\/fr\/produkt\/muehle-set-traditional-r89\/","name":"M\u00dcHLE - Set Traditional R89 avec blaireau et rasoir | Manskin.ch","isPartOf":{"@id":"https:\/\/manskin.ch\/fr\/#website"},"primaryImageOfPage":{"@id":"https:\/\/manskin.ch\/fr\/produkt\/muehle-set-traditional-r89\/#primaryimage"},"image":{"@id":"https:\/\/manskin.ch\/fr\/produkt\/muehle-set-traditional-r89\/#primaryimage"},"thumbnailUrl":"https:\/\/manskin.ch\/wp-content\/uploads\/2023\/05\/Rasierset-Traditional.jpg","datePublished":"2023-05-26T06:49:50+00:00","dateModified":"2025-07-18T10:07:22+00:00","description":"M\u00dcHLE - Set Traditional R89 avec blaireau et rasoir","breadcrumb":{"@id":"https:\/\/manskin.ch\/fr\/produkt\/muehle-set-traditional-r89\/#breadcrumb"},"inLanguage":"fr-FR","potentialAction":[{"@type":"ReadAction","target":["https:\/\/manskin.ch\/fr\/produkt\/muehle-set-traditional-r89\/"]}]},{"@type":"ImageObject","inLanguage":"fr-FR","@id":"https:\/\/manskin.ch\/fr\/produkt\/muehle-set-traditional-r89\/#primaryimage","url":"https:\/\/manskin.ch\/wp-content\/uploads\/2023\/05\/Rasierset-Traditional.jpg","contentUrl":"https:\/\/manskin.ch\/wp-content\/uploads\/2023\/05\/Rasierset-Traditional.jpg","width":800,"height":800},{"@type":"BreadcrumbList","@id":"https:\/\/manskin.ch\/fr\/produkt\/muehle-set-traditional-r89\/#breadcrumb","itemListElement":[{"@type":"ListItem","position":1,"name":"Startseite","item":"https:\/\/manskin.ch\/fr\/"},{"@type":"ListItem","position":2,"name":"Boutique Soins pour Hommes &amp; Skincare","item":"https:\/\/manskin.ch\/fr\/boutique\/"},{"@type":"ListItem","position":3,"name":"M\u00dcHLE &#8211; Set Traditional R89 avec blaireau et rasoir"}]},{"@type":"WebSite","@id":"https:\/\/manskin.ch\/fr\/#website","url":"https:\/\/manskin.ch\/fr\/","name":"Manskin.ch","description":"Tous les produits de beaut\u00e9 pour les hommes les plus exigeants","publisher":{"@id":"https:\/\/manskin.ch\/fr\/#organization"},"potentialAction":[{"@type":"SearchAction","target":{"@type":"EntryPoint","urlTemplate":"https:\/\/manskin.ch\/fr\/?s={search_term_string}"},"query-input":{"@type":"PropertyValueSpecification","valueRequired":true,"valueName":"search_term_string"}}],"inLanguage":"fr-FR"},{"@type":"Organization","@id":"https:\/\/manskin.ch\/fr\/#organization","name":"Manskin.ch - der Schweizer Onlineshop f\u00fcr qualit\u00e4tsstarke M\u00e4nnerpflege","url":"https:\/\/manskin.ch\/fr\/","logo":{"@type":"ImageObject","inLanguage":"fr-FR","@id":"https:\/\/manskin.ch\/fr\/#\/schema\/logo\/image\/","url":"https:\/\/manskin.ch\/wp-content\/uploads\/2021\/04\/cropped-logo_head.png","contentUrl":"https:\/\/manskin.ch\/wp-content\/uploads\/2021\/04\/cropped-logo_head.png","width":235,"height":75,"caption":"Manskin.ch - der Schweizer Onlineshop f\u00fcr qualit\u00e4tsstarke M\u00e4nnerpflege"},"image":{"@id":"https:\/\/manskin.ch\/fr\/#\/schema\/logo\/image\/"},"sameAs":["https:\/\/www.facebook.com\/manskin.ch","https:\/\/www.instagram.com\/manskin.ch\/"]}]},"product_price_amount":"122.00","product_price_currency":"CHF","og_availability":"out of stock","product_availability":"out of stock","product_retailer_item_id":"13244","product_condition":"new"},"brands":[{"id":2769,"name":"M\u00dcHLE","slug":"muehle"}],"_links":{"self":[{"href":"https:\/\/manskin.ch\/fr\/wp-json\/wp\/v2\/product\/21721","targetHints":{"allow":["GET"]}}],"collection":[{"href":"https:\/\/manskin.ch\/fr\/wp-json\/wp\/v2\/product"}],"about":[{"href":"https:\/\/manskin.ch\/fr\/wp-json\/wp\/v2\/types\/product"}],"replies":[{"embeddable":true,"href":"https:\/\/manskin.ch\/fr\/wp-json\/wp\/v2\/comments?post=21721"}],"wp:featuredmedia":[{"embeddable":true,"href":"https:\/\/manskin.ch\/fr\/wp-json\/wp\/v2\/media\/21724"}],"wp:attachment":[{"href":"https:\/\/manskin.ch\/fr\/wp-json\/wp\/v2\/media?parent=21721"}],"wp:term":[{"taxonomy":"pwb-brand","embeddable":true,"href":"https:\/\/manskin.ch\/fr\/wp-json\/wp\/v2\/pwb-brand?post=21721"},{"taxonomy":"product_brand","embeddable":true,"href":"https:\/\/manskin.ch\/fr\/wp-json\/wp\/v2\/product_brand?post=21721"},{"taxonomy":"product_cat","embeddable":true,"href":"https:\/\/manskin.ch\/fr\/wp-json\/wp\/v2\/product_cat?post=21721"},{"taxonomy":"product_tag","embeddable":true,"href":"https:\/\/manskin.ch\/fr\/wp-json\/wp\/v2\/product_tag?post=21721"}],"curies":[{"name":"wp","href":"https:\/\/api.w.org\/{rel}","templated":true}]}}