{"id":21666,"date":"2023-05-25T08:35:38","date_gmt":"2023-05-25T06:35:38","guid":{"rendered":"https:\/\/manskin.ch\/?post_type=product&#038;p=21666"},"modified":"2025-07-25T15:46:35","modified_gmt":"2025-07-25T13:46:35","slug":"savon-de-rasage-a-laloe-vera","status":"publish","type":"product","link":"https:\/\/manskin.ch\/fr\/produkt\/savon-de-rasage-a-laloe-vera\/","title":{"rendered":"M\u00dcHLE &#8211; Savon de rasage\u00a0\u00e0 l\u2019aloe vera"},"content":{"rendered":"<h2>M\u00dcHLE \u2013 Savon de rasage \u00e0 l\u2019aloe vera en bol de bois<\/h2>\n<ul>\n<li>Depuis le 18\u00e8me si\u00e8cle, les savons de rasage se sont impos\u00e9s comme produit de soin pour le rasage humide. Au contact du pinceau, le savon procure une mousse de rasage l\u00e9g\u00e8re et dense qui peut \u00eatre ensuite appliqu\u00e9e sur la peau b\u00e9n\u00e9ficiant ainsi d\u2019un massage d\u00e9licat.<\/li>\n<li>Tous les savons M\u00dcHLE sont r\u00e9alis\u00e9s \u00e0 partir de recettes tr\u00e8s \u00e9labor\u00e9es qui pr\u00e9parent parfaitement la peau ainsi que la barbe \u00e0 un rasage particuli\u00e8rement soign\u00e9 et non agressif. Un plaisir bienfaiteur!<\/li>\n<\/ul>\n<h3><span style=\"color: #ff9900;\"><strong>Aloe Vera \u2013 doux et nourrissant \u2013 en bol de bois d\u00e9coratif<\/strong><\/span><\/h3>\n<ul>\n<li>Particuli\u00e8rement recommand\u00e9 pour les peaux sensibles, mais s\u2019adapte bien s\u00fbr \u00e0 tous les types de peau. La substance de base est extraite de la pulpe d\u2019aloe vera cultiv\u00e9 dans le bassin m\u00e9diterran\u00e9en. Ses ingr\u00e9dients tr\u00e8s particuliers \u00e0 fort pouvoir hydratant, apaisent et pr\u00e9servent la peau durant le rasage. L\u2019aloe vera est connu depuis l\u2019Antiquit\u00e9 pour ses propri\u00e9t\u00e9s soignantes. Il offre un pouvoir r\u00e9g\u00e9n\u00e9rateur et apaisant.<\/li>\n<li>Parfum vivifiant et frais, \u00e0 la feuille de ch\u00eane et \u00e0 la menthe.<\/li>\n<\/ul>\n<p>Dimension:<br \/>\n\u00d8 60 mm, 65 g en bol de bois<\/p>\n","protected":false},"excerpt":{"rendered":"<p>Pour peau sensible<\/p>\n","protected":false},"featured_media":21669,"comment_status":"closed","ping_status":"closed","template":"","meta":{"_acf_changed":false},"pwb-brand":[2769],"product_brand":[],"product_cat":[2412,2043],"product_tag":[],"class_list":{"0":"post-21666","1":"product","2":"type-product","3":"status-publish","4":"has-post-thumbnail","6":"pwb-brand-muehle","7":"product_cat-muehle-fr","8":"product_cat-savon-a-raser","9":"product_shipping_class-standard-fr","10":"pa_hersteller-muehle-fr-2","11":"sales-flash-overlay","12":"woocommerce-text-align-center","13":"woocommerce-image-align-center","14":"do-quantity-buttons","16":"first","17":"instock","18":"purchasable","19":"product-type-simple"},"acf":[],"yoast_head":"<!-- This site is optimized with the Yoast SEO Premium plugin v27.3 (Yoast SEO v27.3) - https:\/\/yoast.com\/product\/yoast-seo-premium-wordpress\/ -->\n<title>M\u00dcHLE - Savon de rasage\u00a0\u00e0 l\u2019aloe vera | Manskin.ch<\/title>\n<meta name=\"description\" content=\"M\u00dcHLE - Savon de rasage\u00a0\u00e0 l\u2019aloe vera\" \/>\n<meta name=\"robots\" content=\"index, follow, max-snippet:-1, max-image-preview:large, max-video-preview:-1\" \/>\n<link rel=\"canonical\" href=\"https:\/\/manskin.ch\/fr\/produkt\/savon-de-rasage-a-laloe-vera\/\" \/>\n<meta property=\"og:locale\" content=\"fr_FR\" \/>\n<meta property=\"og:type\" content=\"article\" \/>\n<meta property=\"og:title\" content=\"M\u00dcHLE - Savon de rasage\u00a0\u00e0 l\u2019aloe vera\" \/>\n<meta property=\"og:description\" content=\"M\u00dcHLE - Savon de rasage\u00a0\u00e0 l\u2019aloe vera\" \/>\n<meta property=\"og:url\" content=\"https:\/\/manskin.ch\/fr\/produkt\/savon-de-rasage-a-laloe-vera\/\" \/>\n<meta property=\"og:site_name\" content=\"Manskin.ch\" \/>\n<meta property=\"article:publisher\" content=\"https:\/\/www.facebook.com\/manskin.ch\" \/>\n<meta property=\"article:modified_time\" content=\"2025-07-25T13:46:35+00:00\" \/>\n<meta property=\"og:image\" content=\"https:\/\/manskin.ch\/wp-content\/uploads\/2023\/05\/rasierseife_aloe.jpg\" \/>\n\t<meta property=\"og:image:width\" content=\"800\" \/>\n\t<meta property=\"og:image:height\" content=\"800\" \/>\n\t<meta property=\"og:image:type\" content=\"image\/jpeg\" \/>\n<meta name=\"twitter:card\" content=\"summary_large_image\" \/>\n<meta name=\"twitter:label1\" content=\"Prix\" \/>\n\t<meta name=\"twitter:data1\" content=\"36.50&#067;&#072;&#070;\" \/>\n\t<meta name=\"twitter:label2\" content=\"Disponibilit\u00e9\" \/>\n\t<meta name=\"twitter:data2\" content=\"En stock\" \/>\n<script type=\"application\/ld+json\" class=\"yoast-schema-graph\">{\"@context\":\"https:\\\/\\\/schema.org\",\"@graph\":[{\"@type\":\"WebPage\",\"@id\":\"https:\\\/\\\/manskin.ch\\\/fr\\\/produkt\\\/savon-de-rasage-a-laloe-vera\\\/\",\"url\":\"https:\\\/\\\/manskin.ch\\\/fr\\\/produkt\\\/savon-de-rasage-a-laloe-vera\\\/\",\"name\":\"M\u00dcHLE - Savon de rasage\u00a0\u00e0 l\u2019aloe vera | Manskin.ch\",\"isPartOf\":{\"@id\":\"https:\\\/\\\/manskin.ch\\\/fr\\\/#website\"},\"primaryImageOfPage\":{\"@id\":\"https:\\\/\\\/manskin.ch\\\/fr\\\/produkt\\\/savon-de-rasage-a-laloe-vera\\\/#primaryimage\"},\"image\":{\"@id\":\"https:\\\/\\\/manskin.ch\\\/fr\\\/produkt\\\/savon-de-rasage-a-laloe-vera\\\/#primaryimage\"},\"thumbnailUrl\":\"https:\\\/\\\/manskin.ch\\\/wp-content\\\/uploads\\\/2023\\\/05\\\/rasierseife_aloe.jpg\",\"datePublished\":\"2023-05-25T06:35:38+00:00\",\"dateModified\":\"2025-07-25T13:46:35+00:00\",\"description\":\"M\u00dcHLE - Savon de rasage\u00a0\u00e0 l\u2019aloe vera\",\"breadcrumb\":{\"@id\":\"https:\\\/\\\/manskin.ch\\\/fr\\\/produkt\\\/savon-de-rasage-a-laloe-vera\\\/#breadcrumb\"},\"inLanguage\":\"fr-FR\",\"potentialAction\":[{\"@type\":\"ReadAction\",\"target\":[\"https:\\\/\\\/manskin.ch\\\/fr\\\/produkt\\\/savon-de-rasage-a-laloe-vera\\\/\"]}]},{\"@type\":\"ImageObject\",\"inLanguage\":\"fr-FR\",\"@id\":\"https:\\\/\\\/manskin.ch\\\/fr\\\/produkt\\\/savon-de-rasage-a-laloe-vera\\\/#primaryimage\",\"url\":\"https:\\\/\\\/manskin.ch\\\/wp-content\\\/uploads\\\/2023\\\/05\\\/rasierseife_aloe.jpg\",\"contentUrl\":\"https:\\\/\\\/manskin.ch\\\/wp-content\\\/uploads\\\/2023\\\/05\\\/rasierseife_aloe.jpg\",\"width\":800,\"height\":800},{\"@type\":\"BreadcrumbList\",\"@id\":\"https:\\\/\\\/manskin.ch\\\/fr\\\/produkt\\\/savon-de-rasage-a-laloe-vera\\\/#breadcrumb\",\"itemListElement\":[{\"@type\":\"ListItem\",\"position\":1,\"name\":\"Startseite\",\"item\":\"https:\\\/\\\/manskin.ch\\\/fr\\\/\"},{\"@type\":\"ListItem\",\"position\":2,\"name\":\"Boutique Soins pour Hommes &amp; Skincare\",\"item\":\"https:\\\/\\\/manskin.ch\\\/fr\\\/boutique\\\/\"},{\"@type\":\"ListItem\",\"position\":3,\"name\":\"M\u00dcHLE &#8211; Savon de rasage\u00a0\u00e0 l\u2019aloe vera\"}]},{\"@type\":\"WebSite\",\"@id\":\"https:\\\/\\\/manskin.ch\\\/fr\\\/#website\",\"url\":\"https:\\\/\\\/manskin.ch\\\/fr\\\/\",\"name\":\"Manskin.ch\",\"description\":\"Tous les produits de beaut\u00e9 pour les hommes les plus exigeants\",\"publisher\":{\"@id\":\"https:\\\/\\\/manskin.ch\\\/fr\\\/#organization\"},\"potentialAction\":[{\"@type\":\"SearchAction\",\"target\":{\"@type\":\"EntryPoint\",\"urlTemplate\":\"https:\\\/\\\/manskin.ch\\\/fr\\\/?s={search_term_string}\"},\"query-input\":{\"@type\":\"PropertyValueSpecification\",\"valueRequired\":true,\"valueName\":\"search_term_string\"}}],\"inLanguage\":\"fr-FR\"},{\"@type\":\"Organization\",\"@id\":\"https:\\\/\\\/manskin.ch\\\/fr\\\/#organization\",\"name\":\"Manskin.ch - der Schweizer Onlineshop f\u00fcr qualit\u00e4tsstarke M\u00e4nnerpflege\",\"url\":\"https:\\\/\\\/manskin.ch\\\/fr\\\/\",\"logo\":{\"@type\":\"ImageObject\",\"inLanguage\":\"fr-FR\",\"@id\":\"https:\\\/\\\/manskin.ch\\\/fr\\\/#\\\/schema\\\/logo\\\/image\\\/\",\"url\":\"https:\\\/\\\/manskin.ch\\\/wp-content\\\/uploads\\\/2021\\\/04\\\/cropped-logo_head.png\",\"contentUrl\":\"https:\\\/\\\/manskin.ch\\\/wp-content\\\/uploads\\\/2021\\\/04\\\/cropped-logo_head.png\",\"width\":235,\"height\":75,\"caption\":\"Manskin.ch - der Schweizer Onlineshop f\u00fcr qualit\u00e4tsstarke M\u00e4nnerpflege\"},\"image\":{\"@id\":\"https:\\\/\\\/manskin.ch\\\/fr\\\/#\\\/schema\\\/logo\\\/image\\\/\"},\"sameAs\":[\"https:\\\/\\\/www.facebook.com\\\/manskin.ch\",\"https:\\\/\\\/www.instagram.com\\\/manskin.ch\\\/\"]}]}<\/script>\n<meta property=\"product:price:amount\" content=\"36.50\" \/>\n<meta property=\"product:price:currency\" content=\"CHF\" \/>\n<meta property=\"og:availability\" content=\"instock\" \/>\n<meta property=\"product:availability\" content=\"instock\" \/>\n<meta property=\"product:retailer_item_id\" content=\"13238\" \/>\n<meta property=\"product:condition\" content=\"new\" \/>\n<!-- \/ Yoast SEO Premium plugin. -->","yoast_head_json":{"title":"M\u00dcHLE - Savon de rasage\u00a0\u00e0 l\u2019aloe vera | Manskin.ch","description":"M\u00dcHLE - Savon de rasage\u00a0\u00e0 l\u2019aloe vera","robots":{"index":"index","follow":"follow","max-snippet":"max-snippet:-1","max-image-preview":"max-image-preview:large","max-video-preview":"max-video-preview:-1"},"canonical":"https:\/\/manskin.ch\/fr\/produkt\/savon-de-rasage-a-laloe-vera\/","og_locale":"fr_FR","og_type":"article","og_title":"M\u00dcHLE - Savon de rasage\u00a0\u00e0 l\u2019aloe vera","og_description":"M\u00dcHLE - Savon de rasage\u00a0\u00e0 l\u2019aloe vera","og_url":"https:\/\/manskin.ch\/fr\/produkt\/savon-de-rasage-a-laloe-vera\/","og_site_name":"Manskin.ch","article_publisher":"https:\/\/www.facebook.com\/manskin.ch","article_modified_time":"2025-07-25T13:46:35+00:00","og_image":[{"width":800,"height":800,"url":"https:\/\/manskin.ch\/wp-content\/uploads\/2023\/05\/rasierseife_aloe.jpg","type":"image\/jpeg"}],"twitter_card":"summary_large_image","twitter_misc":{"Prix":"36.50&#67;&#72;&#70;","Disponibilit\u00e9":"En stock"},"schema":{"@context":"https:\/\/schema.org","@graph":[{"@type":"WebPage","@id":"https:\/\/manskin.ch\/fr\/produkt\/savon-de-rasage-a-laloe-vera\/","url":"https:\/\/manskin.ch\/fr\/produkt\/savon-de-rasage-a-laloe-vera\/","name":"M\u00dcHLE - Savon de rasage\u00a0\u00e0 l\u2019aloe vera | Manskin.ch","isPartOf":{"@id":"https:\/\/manskin.ch\/fr\/#website"},"primaryImageOfPage":{"@id":"https:\/\/manskin.ch\/fr\/produkt\/savon-de-rasage-a-laloe-vera\/#primaryimage"},"image":{"@id":"https:\/\/manskin.ch\/fr\/produkt\/savon-de-rasage-a-laloe-vera\/#primaryimage"},"thumbnailUrl":"https:\/\/manskin.ch\/wp-content\/uploads\/2023\/05\/rasierseife_aloe.jpg","datePublished":"2023-05-25T06:35:38+00:00","dateModified":"2025-07-25T13:46:35+00:00","description":"M\u00dcHLE - Savon de rasage\u00a0\u00e0 l\u2019aloe vera","breadcrumb":{"@id":"https:\/\/manskin.ch\/fr\/produkt\/savon-de-rasage-a-laloe-vera\/#breadcrumb"},"inLanguage":"fr-FR","potentialAction":[{"@type":"ReadAction","target":["https:\/\/manskin.ch\/fr\/produkt\/savon-de-rasage-a-laloe-vera\/"]}]},{"@type":"ImageObject","inLanguage":"fr-FR","@id":"https:\/\/manskin.ch\/fr\/produkt\/savon-de-rasage-a-laloe-vera\/#primaryimage","url":"https:\/\/manskin.ch\/wp-content\/uploads\/2023\/05\/rasierseife_aloe.jpg","contentUrl":"https:\/\/manskin.ch\/wp-content\/uploads\/2023\/05\/rasierseife_aloe.jpg","width":800,"height":800},{"@type":"BreadcrumbList","@id":"https:\/\/manskin.ch\/fr\/produkt\/savon-de-rasage-a-laloe-vera\/#breadcrumb","itemListElement":[{"@type":"ListItem","position":1,"name":"Startseite","item":"https:\/\/manskin.ch\/fr\/"},{"@type":"ListItem","position":2,"name":"Boutique Soins pour Hommes &amp; Skincare","item":"https:\/\/manskin.ch\/fr\/boutique\/"},{"@type":"ListItem","position":3,"name":"M\u00dcHLE &#8211; Savon de rasage\u00a0\u00e0 l\u2019aloe vera"}]},{"@type":"WebSite","@id":"https:\/\/manskin.ch\/fr\/#website","url":"https:\/\/manskin.ch\/fr\/","name":"Manskin.ch","description":"Tous les produits de beaut\u00e9 pour les hommes les plus exigeants","publisher":{"@id":"https:\/\/manskin.ch\/fr\/#organization"},"potentialAction":[{"@type":"SearchAction","target":{"@type":"EntryPoint","urlTemplate":"https:\/\/manskin.ch\/fr\/?s={search_term_string}"},"query-input":{"@type":"PropertyValueSpecification","valueRequired":true,"valueName":"search_term_string"}}],"inLanguage":"fr-FR"},{"@type":"Organization","@id":"https:\/\/manskin.ch\/fr\/#organization","name":"Manskin.ch - der Schweizer Onlineshop f\u00fcr qualit\u00e4tsstarke M\u00e4nnerpflege","url":"https:\/\/manskin.ch\/fr\/","logo":{"@type":"ImageObject","inLanguage":"fr-FR","@id":"https:\/\/manskin.ch\/fr\/#\/schema\/logo\/image\/","url":"https:\/\/manskin.ch\/wp-content\/uploads\/2021\/04\/cropped-logo_head.png","contentUrl":"https:\/\/manskin.ch\/wp-content\/uploads\/2021\/04\/cropped-logo_head.png","width":235,"height":75,"caption":"Manskin.ch - der Schweizer Onlineshop f\u00fcr qualit\u00e4tsstarke M\u00e4nnerpflege"},"image":{"@id":"https:\/\/manskin.ch\/fr\/#\/schema\/logo\/image\/"},"sameAs":["https:\/\/www.facebook.com\/manskin.ch","https:\/\/www.instagram.com\/manskin.ch\/"]}]},"product_price_amount":"36.50","product_price_currency":"CHF","og_availability":"instock","product_availability":"instock","product_retailer_item_id":"13238","product_condition":"new"},"brands":[{"id":2769,"name":"M\u00dcHLE","slug":"muehle"}],"_links":{"self":[{"href":"https:\/\/manskin.ch\/fr\/wp-json\/wp\/v2\/product\/21666","targetHints":{"allow":["GET"]}}],"collection":[{"href":"https:\/\/manskin.ch\/fr\/wp-json\/wp\/v2\/product"}],"about":[{"href":"https:\/\/manskin.ch\/fr\/wp-json\/wp\/v2\/types\/product"}],"replies":[{"embeddable":true,"href":"https:\/\/manskin.ch\/fr\/wp-json\/wp\/v2\/comments?post=21666"}],"wp:featuredmedia":[{"embeddable":true,"href":"https:\/\/manskin.ch\/fr\/wp-json\/wp\/v2\/media\/21669"}],"wp:attachment":[{"href":"https:\/\/manskin.ch\/fr\/wp-json\/wp\/v2\/media?parent=21666"}],"wp:term":[{"taxonomy":"pwb-brand","embeddable":true,"href":"https:\/\/manskin.ch\/fr\/wp-json\/wp\/v2\/pwb-brand?post=21666"},{"taxonomy":"product_brand","embeddable":true,"href":"https:\/\/manskin.ch\/fr\/wp-json\/wp\/v2\/product_brand?post=21666"},{"taxonomy":"product_cat","embeddable":true,"href":"https:\/\/manskin.ch\/fr\/wp-json\/wp\/v2\/product_cat?post=21666"},{"taxonomy":"product_tag","embeddable":true,"href":"https:\/\/manskin.ch\/fr\/wp-json\/wp\/v2\/product_tag?post=21666"}],"curies":[{"name":"wp","href":"https:\/\/api.w.org\/{rel}","templated":true}]}}