{"id":21462,"date":"2023-05-03T14:33:26","date_gmt":"2023-05-03T12:33:26","guid":{"rendered":"https:\/\/manskin.ch\/?post_type=product&#038;p=21462"},"modified":"2026-02-14T12:17:05","modified_gmt":"2026-02-14T11:17:05","slug":"body-wash-bergamot-hinoki-refill","status":"publish","type":"product","link":"https:\/\/manskin.ch\/fr\/produkt\/body-wash-bergamot-hinoki-refill\/","title":{"rendered":"Salt &amp; Stone &#8211; Body Wash Bergamot &amp; Hinoki Refill"},"content":{"rendered":"<h2>Salt &#038; Stone &#8211; Anti-Aging Body Wash Bergamot &#038; Hinoki Refill<\/h2>\n<ul>\n<li>Un gel nettoyant pour le corps rafra\u00eechissant et polyvalent contenant des plantes marines, des antioxydants et des ingr\u00e9dients hydratants naturels pour r\u00e9g\u00e9n\u00e9rer la peau expos\u00e9e aux \u00e9l\u00e9ments.<\/li>\n<li><span style=\"font-size: 16px;\">Il adoucit et apaise la peau pendant le nettoyage pour inverser les effets dess\u00e9chants des activit\u00e9s de plein air, du vent, du soleil et de la mer gr\u00e2ce au fantastique parfum d&rsquo;eucalyptus et de bergamote et \u00e0 la formule sp\u00e9ciale de Salt &#038; Stone.<\/span><\/li>\n<\/ul>\n<p>Ingr\u00e9dients principaux :<\/p>\n<ul>\n<li>Extraits d&rsquo;algues marines &#038; spiruline: plantes marines riches en antioxydants qui apaisent et r\u00e9g\u00e9n\u00e8rent les peaux irrit\u00e9es et expos\u00e9es aux \u00e9l\u00e9ments.<\/li>\n<li>Extrait de myrtille &#038; vitamine C: antioxydants connus pour combattre les radicaux libres qui p\u00e9n\u00e8trent dans la peau par l&rsquo;exposition au soleil, pour renforcer la production de collag\u00e8ne de la peau et pour lutter contre les signes de vieillissement.<\/li>\n<li>Niacinamide: \u00e9galement connue sous le nom de vitamine B3, elle forme une barri\u00e8re cutan\u00e9e plus solide et saine tout en am\u00e9liorant l&rsquo;aspect de la peau.<\/li>\n<li>Acide hyaluronique: une mol\u00e9cule hydrophile connue pour sa capacit\u00e9 \u00e0 attirer et \u00e0 retenir 1000 fois son poids en eau. Il hydrate pendant le nettoyage et laisse la peau douce apr\u00e8s le rin\u00e7age.<\/li>\n<li>Probiotiques: ferments naturels qui \u00e9quilibrent le microbiome de la peau et assurent un niveau sain de bact\u00e9ries qui renforcent la barri\u00e8re de votre peau contre les effets d&rsquo;une transpiration excessive et de l&rsquo;activit\u00e9.<\/li>\n<\/ul>\n<p>Contenu 946 ml.<\/p>\n","protected":false},"excerpt":{"rendered":"<p>Avec de l&rsquo;acide hyaluronique, de la niacinamide, des extraits de myrtille et d&rsquo;algues marines<\/p>\n","protected":false},"featured_media":21465,"comment_status":"closed","ping_status":"closed","template":"","meta":{"_acf_changed":false},"pwb-brand":[2780],"product_brand":[],"product_cat":[2357,2430,2392],"product_tag":[],"class_list":{"0":"post-21462","1":"product","2":"type-product","3":"status-publish","4":"has-post-thumbnail","6":"pwb-brand-salt-stone","7":"product_cat-nettoyant-corps","8":"product_cat-refills-fr-2","9":"product_cat-salt-stone-fr","10":"product_shipping_class-standard-fr","11":"pa_hersteller-salt-stone-fr-2","12":"sales-flash-overlay","13":"woocommerce-text-align-center","14":"woocommerce-image-align-center","15":"do-quantity-buttons","17":"first","18":"outofstock","19":"purchasable","20":"product-type-simple"},"acf":[],"yoast_head":"<!-- This site is optimized with the Yoast SEO Premium plugin v27.3 (Yoast SEO v27.3) - https:\/\/yoast.com\/product\/yoast-seo-premium-wordpress\/ -->\n<title>Salt &amp; Stone - Body Wash Bergamot &amp; Hinoki Refill | Manskin.ch<\/title>\n<meta name=\"description\" content=\"Salt &amp; Stone - Body Wash Bergamot &amp; Hinoki Refill\" \/>\n<meta name=\"robots\" content=\"index, follow, max-snippet:-1, max-image-preview:large, max-video-preview:-1\" \/>\n<link rel=\"canonical\" href=\"https:\/\/manskin.ch\/fr\/produkt\/body-wash-bergamot-hinoki-refill\/\" \/>\n<meta property=\"og:locale\" content=\"fr_FR\" \/>\n<meta property=\"og:type\" content=\"article\" \/>\n<meta property=\"og:title\" content=\"Salt &amp; Stone - Body Wash Bergamot &amp; Hinoki Refill\" \/>\n<meta property=\"og:description\" content=\"Salt &amp; Stone - Body Wash Bergamot &amp; Hinoki Refill\" \/>\n<meta property=\"og:url\" content=\"https:\/\/manskin.ch\/fr\/produkt\/body-wash-bergamot-hinoki-refill\/\" \/>\n<meta property=\"og:site_name\" content=\"Manskin.ch\" \/>\n<meta property=\"article:publisher\" content=\"https:\/\/www.facebook.com\/manskin.ch\" \/>\n<meta property=\"article:modified_time\" content=\"2026-02-14T11:17:05+00:00\" \/>\n<meta property=\"og:image\" content=\"https:\/\/manskin.ch\/wp-content\/uploads\/2023\/05\/Body-Wash-Refill-Bergamot-Eucalyptus.jpg\" \/>\n\t<meta property=\"og:image:width\" content=\"800\" \/>\n\t<meta property=\"og:image:height\" content=\"800\" \/>\n\t<meta property=\"og:image:type\" content=\"image\/jpeg\" \/>\n<meta name=\"twitter:card\" content=\"summary_large_image\" \/>\n<meta name=\"twitter:label1\" content=\"Prix\" \/>\n\t<meta name=\"twitter:data1\" content=\"68.50&#067;&#072;&#070;\" \/>\n\t<meta name=\"twitter:label2\" content=\"Disponibilit\u00e9\" \/>\n\t<meta name=\"twitter:data2\" content=\"Rupture de stock\" \/>\n<script type=\"application\/ld+json\" class=\"yoast-schema-graph\">{\"@context\":\"https:\\\/\\\/schema.org\",\"@graph\":[{\"@type\":\"WebPage\",\"@id\":\"https:\\\/\\\/manskin.ch\\\/fr\\\/produkt\\\/body-wash-bergamot-hinoki-refill\\\/\",\"url\":\"https:\\\/\\\/manskin.ch\\\/fr\\\/produkt\\\/body-wash-bergamot-hinoki-refill\\\/\",\"name\":\"Salt &amp; Stone - Body Wash Bergamot &amp; Hinoki Refill | Manskin.ch\",\"isPartOf\":{\"@id\":\"https:\\\/\\\/manskin.ch\\\/fr\\\/#website\"},\"primaryImageOfPage\":{\"@id\":\"https:\\\/\\\/manskin.ch\\\/fr\\\/produkt\\\/body-wash-bergamot-hinoki-refill\\\/#primaryimage\"},\"image\":{\"@id\":\"https:\\\/\\\/manskin.ch\\\/fr\\\/produkt\\\/body-wash-bergamot-hinoki-refill\\\/#primaryimage\"},\"thumbnailUrl\":\"https:\\\/\\\/manskin.ch\\\/wp-content\\\/uploads\\\/2023\\\/05\\\/Body-Wash-Refill-Bergamot-Eucalyptus.jpg\",\"datePublished\":\"2023-05-03T12:33:26+00:00\",\"dateModified\":\"2026-02-14T11:17:05+00:00\",\"description\":\"Salt &amp; Stone - Body Wash Bergamot &amp; Hinoki Refill\",\"breadcrumb\":{\"@id\":\"https:\\\/\\\/manskin.ch\\\/fr\\\/produkt\\\/body-wash-bergamot-hinoki-refill\\\/#breadcrumb\"},\"inLanguage\":\"fr-FR\",\"potentialAction\":[{\"@type\":\"ReadAction\",\"target\":[\"https:\\\/\\\/manskin.ch\\\/fr\\\/produkt\\\/body-wash-bergamot-hinoki-refill\\\/\"]}]},{\"@type\":\"ImageObject\",\"inLanguage\":\"fr-FR\",\"@id\":\"https:\\\/\\\/manskin.ch\\\/fr\\\/produkt\\\/body-wash-bergamot-hinoki-refill\\\/#primaryimage\",\"url\":\"https:\\\/\\\/manskin.ch\\\/wp-content\\\/uploads\\\/2023\\\/05\\\/Body-Wash-Refill-Bergamot-Eucalyptus.jpg\",\"contentUrl\":\"https:\\\/\\\/manskin.ch\\\/wp-content\\\/uploads\\\/2023\\\/05\\\/Body-Wash-Refill-Bergamot-Eucalyptus.jpg\",\"width\":800,\"height\":800},{\"@type\":\"BreadcrumbList\",\"@id\":\"https:\\\/\\\/manskin.ch\\\/fr\\\/produkt\\\/body-wash-bergamot-hinoki-refill\\\/#breadcrumb\",\"itemListElement\":[{\"@type\":\"ListItem\",\"position\":1,\"name\":\"Startseite\",\"item\":\"https:\\\/\\\/manskin.ch\\\/fr\\\/\"},{\"@type\":\"ListItem\",\"position\":2,\"name\":\"Boutique Soins pour Hommes &amp; Skincare\",\"item\":\"https:\\\/\\\/manskin.ch\\\/fr\\\/boutique\\\/\"},{\"@type\":\"ListItem\",\"position\":3,\"name\":\"Salt &amp; Stone &#8211; Body Wash Bergamot &amp; Hinoki Refill\"}]},{\"@type\":\"WebSite\",\"@id\":\"https:\\\/\\\/manskin.ch\\\/fr\\\/#website\",\"url\":\"https:\\\/\\\/manskin.ch\\\/fr\\\/\",\"name\":\"Manskin.ch\",\"description\":\"Tous les produits de beaut\u00e9 pour les hommes les plus exigeants\",\"publisher\":{\"@id\":\"https:\\\/\\\/manskin.ch\\\/fr\\\/#organization\"},\"potentialAction\":[{\"@type\":\"SearchAction\",\"target\":{\"@type\":\"EntryPoint\",\"urlTemplate\":\"https:\\\/\\\/manskin.ch\\\/fr\\\/?s={search_term_string}\"},\"query-input\":{\"@type\":\"PropertyValueSpecification\",\"valueRequired\":true,\"valueName\":\"search_term_string\"}}],\"inLanguage\":\"fr-FR\"},{\"@type\":\"Organization\",\"@id\":\"https:\\\/\\\/manskin.ch\\\/fr\\\/#organization\",\"name\":\"Manskin.ch - der Schweizer Onlineshop f\u00fcr qualit\u00e4tsstarke M\u00e4nnerpflege\",\"url\":\"https:\\\/\\\/manskin.ch\\\/fr\\\/\",\"logo\":{\"@type\":\"ImageObject\",\"inLanguage\":\"fr-FR\",\"@id\":\"https:\\\/\\\/manskin.ch\\\/fr\\\/#\\\/schema\\\/logo\\\/image\\\/\",\"url\":\"https:\\\/\\\/manskin.ch\\\/wp-content\\\/uploads\\\/2021\\\/04\\\/cropped-logo_head.png\",\"contentUrl\":\"https:\\\/\\\/manskin.ch\\\/wp-content\\\/uploads\\\/2021\\\/04\\\/cropped-logo_head.png\",\"width\":235,\"height\":75,\"caption\":\"Manskin.ch - der Schweizer Onlineshop f\u00fcr qualit\u00e4tsstarke M\u00e4nnerpflege\"},\"image\":{\"@id\":\"https:\\\/\\\/manskin.ch\\\/fr\\\/#\\\/schema\\\/logo\\\/image\\\/\"},\"sameAs\":[\"https:\\\/\\\/www.facebook.com\\\/manskin.ch\",\"https:\\\/\\\/www.instagram.com\\\/manskin.ch\\\/\"]}]}<\/script>\n<meta property=\"product:price:amount\" content=\"68.50\" \/>\n<meta property=\"product:price:currency\" content=\"CHF\" \/>\n<meta property=\"og:availability\" content=\"out of stock\" \/>\n<meta property=\"product:availability\" content=\"out of stock\" \/>\n<meta property=\"product:retailer_item_id\" content=\"13235\" \/>\n<meta property=\"product:condition\" content=\"new\" \/>\n<!-- \/ Yoast SEO Premium plugin. -->","yoast_head_json":{"title":"Salt &amp; Stone - Body Wash Bergamot &amp; Hinoki Refill | Manskin.ch","description":"Salt &amp; Stone - Body Wash Bergamot &amp; Hinoki Refill","robots":{"index":"index","follow":"follow","max-snippet":"max-snippet:-1","max-image-preview":"max-image-preview:large","max-video-preview":"max-video-preview:-1"},"canonical":"https:\/\/manskin.ch\/fr\/produkt\/body-wash-bergamot-hinoki-refill\/","og_locale":"fr_FR","og_type":"article","og_title":"Salt &amp; Stone - Body Wash Bergamot &amp; Hinoki Refill","og_description":"Salt &amp; Stone - Body Wash Bergamot &amp; Hinoki Refill","og_url":"https:\/\/manskin.ch\/fr\/produkt\/body-wash-bergamot-hinoki-refill\/","og_site_name":"Manskin.ch","article_publisher":"https:\/\/www.facebook.com\/manskin.ch","article_modified_time":"2026-02-14T11:17:05+00:00","og_image":[{"width":800,"height":800,"url":"https:\/\/manskin.ch\/wp-content\/uploads\/2023\/05\/Body-Wash-Refill-Bergamot-Eucalyptus.jpg","type":"image\/jpeg"}],"twitter_card":"summary_large_image","twitter_misc":{"Prix":"68.50&#67;&#72;&#70;","Disponibilit\u00e9":"Rupture de stock"},"schema":{"@context":"https:\/\/schema.org","@graph":[{"@type":"WebPage","@id":"https:\/\/manskin.ch\/fr\/produkt\/body-wash-bergamot-hinoki-refill\/","url":"https:\/\/manskin.ch\/fr\/produkt\/body-wash-bergamot-hinoki-refill\/","name":"Salt &amp; Stone - Body Wash Bergamot &amp; Hinoki Refill | Manskin.ch","isPartOf":{"@id":"https:\/\/manskin.ch\/fr\/#website"},"primaryImageOfPage":{"@id":"https:\/\/manskin.ch\/fr\/produkt\/body-wash-bergamot-hinoki-refill\/#primaryimage"},"image":{"@id":"https:\/\/manskin.ch\/fr\/produkt\/body-wash-bergamot-hinoki-refill\/#primaryimage"},"thumbnailUrl":"https:\/\/manskin.ch\/wp-content\/uploads\/2023\/05\/Body-Wash-Refill-Bergamot-Eucalyptus.jpg","datePublished":"2023-05-03T12:33:26+00:00","dateModified":"2026-02-14T11:17:05+00:00","description":"Salt &amp; Stone - Body Wash Bergamot &amp; Hinoki Refill","breadcrumb":{"@id":"https:\/\/manskin.ch\/fr\/produkt\/body-wash-bergamot-hinoki-refill\/#breadcrumb"},"inLanguage":"fr-FR","potentialAction":[{"@type":"ReadAction","target":["https:\/\/manskin.ch\/fr\/produkt\/body-wash-bergamot-hinoki-refill\/"]}]},{"@type":"ImageObject","inLanguage":"fr-FR","@id":"https:\/\/manskin.ch\/fr\/produkt\/body-wash-bergamot-hinoki-refill\/#primaryimage","url":"https:\/\/manskin.ch\/wp-content\/uploads\/2023\/05\/Body-Wash-Refill-Bergamot-Eucalyptus.jpg","contentUrl":"https:\/\/manskin.ch\/wp-content\/uploads\/2023\/05\/Body-Wash-Refill-Bergamot-Eucalyptus.jpg","width":800,"height":800},{"@type":"BreadcrumbList","@id":"https:\/\/manskin.ch\/fr\/produkt\/body-wash-bergamot-hinoki-refill\/#breadcrumb","itemListElement":[{"@type":"ListItem","position":1,"name":"Startseite","item":"https:\/\/manskin.ch\/fr\/"},{"@type":"ListItem","position":2,"name":"Boutique Soins pour Hommes &amp; Skincare","item":"https:\/\/manskin.ch\/fr\/boutique\/"},{"@type":"ListItem","position":3,"name":"Salt &amp; Stone &#8211; Body Wash Bergamot &amp; Hinoki Refill"}]},{"@type":"WebSite","@id":"https:\/\/manskin.ch\/fr\/#website","url":"https:\/\/manskin.ch\/fr\/","name":"Manskin.ch","description":"Tous les produits de beaut\u00e9 pour les hommes les plus exigeants","publisher":{"@id":"https:\/\/manskin.ch\/fr\/#organization"},"potentialAction":[{"@type":"SearchAction","target":{"@type":"EntryPoint","urlTemplate":"https:\/\/manskin.ch\/fr\/?s={search_term_string}"},"query-input":{"@type":"PropertyValueSpecification","valueRequired":true,"valueName":"search_term_string"}}],"inLanguage":"fr-FR"},{"@type":"Organization","@id":"https:\/\/manskin.ch\/fr\/#organization","name":"Manskin.ch - der Schweizer Onlineshop f\u00fcr qualit\u00e4tsstarke M\u00e4nnerpflege","url":"https:\/\/manskin.ch\/fr\/","logo":{"@type":"ImageObject","inLanguage":"fr-FR","@id":"https:\/\/manskin.ch\/fr\/#\/schema\/logo\/image\/","url":"https:\/\/manskin.ch\/wp-content\/uploads\/2021\/04\/cropped-logo_head.png","contentUrl":"https:\/\/manskin.ch\/wp-content\/uploads\/2021\/04\/cropped-logo_head.png","width":235,"height":75,"caption":"Manskin.ch - der Schweizer Onlineshop f\u00fcr qualit\u00e4tsstarke M\u00e4nnerpflege"},"image":{"@id":"https:\/\/manskin.ch\/fr\/#\/schema\/logo\/image\/"},"sameAs":["https:\/\/www.facebook.com\/manskin.ch","https:\/\/www.instagram.com\/manskin.ch\/"]}]},"product_price_amount":"68.50","product_price_currency":"CHF","og_availability":"out of stock","product_availability":"out of stock","product_retailer_item_id":"13235","product_condition":"new"},"brands":[{"id":2780,"name":"Salt &amp; Stone","slug":"salt-stone"}],"_links":{"self":[{"href":"https:\/\/manskin.ch\/fr\/wp-json\/wp\/v2\/product\/21462","targetHints":{"allow":["GET"]}}],"collection":[{"href":"https:\/\/manskin.ch\/fr\/wp-json\/wp\/v2\/product"}],"about":[{"href":"https:\/\/manskin.ch\/fr\/wp-json\/wp\/v2\/types\/product"}],"replies":[{"embeddable":true,"href":"https:\/\/manskin.ch\/fr\/wp-json\/wp\/v2\/comments?post=21462"}],"wp:featuredmedia":[{"embeddable":true,"href":"https:\/\/manskin.ch\/fr\/wp-json\/wp\/v2\/media\/21465"}],"wp:attachment":[{"href":"https:\/\/manskin.ch\/fr\/wp-json\/wp\/v2\/media?parent=21462"}],"wp:term":[{"taxonomy":"pwb-brand","embeddable":true,"href":"https:\/\/manskin.ch\/fr\/wp-json\/wp\/v2\/pwb-brand?post=21462"},{"taxonomy":"product_brand","embeddable":true,"href":"https:\/\/manskin.ch\/fr\/wp-json\/wp\/v2\/product_brand?post=21462"},{"taxonomy":"product_cat","embeddable":true,"href":"https:\/\/manskin.ch\/fr\/wp-json\/wp\/v2\/product_cat?post=21462"},{"taxonomy":"product_tag","embeddable":true,"href":"https:\/\/manskin.ch\/fr\/wp-json\/wp\/v2\/product_tag?post=21462"}],"curies":[{"name":"wp","href":"https:\/\/api.w.org\/{rel}","templated":true}]}}