{"id":21326,"date":"2023-04-20T08:03:03","date_gmt":"2023-04-20T06:03:03","guid":{"rendered":"https:\/\/manskin.ch\/?post_type=product&#038;p=21326"},"modified":"2026-04-10T10:06:50","modified_gmt":"2026-04-10T08:06:50","slug":"floid-gel-de-rasage-transparent-vertyver-splash","status":"publish","type":"product","link":"https:\/\/manskin.ch\/fr\/produkt\/floid-gel-de-rasage-transparent-vertyver-splash\/","title":{"rendered":"Flo\u00efd &#8211; Gel de rasage transparent Vetyver Splash"},"content":{"rendered":"<h2>Flo\u00efd &#8211; Gel de rasage transparent Vetyver Splash<\/h2>\n<ul>\n<li>Gr\u00e2ce \u00e0 sa formule non moussante, le gel de rasage Vetyver Splash permet de voir enti\u00e8rement les zones \u00e0 raser pour obtenir des contours parfaits.<\/li>\n<li><span style=\"font-size: 16px;\"><span style=\"font-size: 16px;\">Le parfum Vetyver Splash associe des notes d&rsquo;agrumes incomparables \u00e0 des accents \u00e9pic\u00e9s. Cela permet d&rsquo;associer un classicisme authentique \u00e0 une sensation enivrante.<\/span><\/span>\u00a0\n<p>Contenu 150 ml.<\/li>\n<\/ul>\n","protected":false},"excerpt":{"rendered":"<p>Flo\u00efd &#8211; Gel de rasage transparent Vetyver Splash Gr\u00e2ce \u00e0 sa formule non moussante, le gel de rasage Vetyver Splash permet de voir enti\u00e8rement les zones \u00e0 raser pour obtenir des contours parfaits. Le parfum Vetyver Splash associe des notes d&rsquo;agrumes incomparables \u00e0 des accents \u00e9pic\u00e9s. Cela permet d&rsquo;associer un classicisme authentique \u00e0 une sensation &#8230; <a title=\"Flo\u00efd &#8211; Gel de rasage transparent Vetyver Splash\" class=\"read-more\" href=\"https:\/\/manskin.ch\/fr\/produkt\/floid-gel-de-rasage-transparent-vertyver-splash\/\" aria-label=\"En savoir plus sur Flo\u00efd &#8211; Gel de rasage transparent Vetyver Splash\">Lire la suite<\/a><\/p>\n","protected":false},"featured_media":21373,"comment_status":"closed","ping_status":"closed","template":"","meta":{"_acf_changed":false},"pwb-brand":[2834],"product_brand":[],"product_cat":[2836,2421],"product_tag":[],"class_list":{"0":"post-21326","1":"product","2":"type-product","3":"status-publish","4":"has-post-thumbnail","6":"pwb-brand-floid","7":"product_cat-floid-fr","8":"product_cat-gel-de-rasage","9":"product_shipping_class-standard-fr","10":"pa_hersteller-tenax-fr-2","11":"sales-flash-overlay","12":"woocommerce-text-align-center","13":"woocommerce-image-align-center","14":"do-quantity-buttons","16":"first","17":"instock","18":"purchasable","19":"product-type-simple"},"acf":[],"yoast_head":"<!-- This site is optimized with the Yoast SEO Premium plugin v27.3 (Yoast SEO v27.3) - https:\/\/yoast.com\/product\/yoast-seo-premium-wordpress\/ -->\n<title>Flo\u00efd - Gel de rasage transparent Vetyver Splash | Manskin.ch<\/title>\n<meta name=\"description\" content=\"Flo\u00efd - Gel de rasage transparent Vetyver Splash\" \/>\n<meta name=\"robots\" content=\"index, follow, max-snippet:-1, max-image-preview:large, max-video-preview:-1\" \/>\n<link rel=\"canonical\" href=\"https:\/\/manskin.ch\/fr\/produkt\/floid-gel-de-rasage-transparent-vertyver-splash\/\" \/>\n<meta property=\"og:locale\" content=\"fr_FR\" \/>\n<meta property=\"og:type\" content=\"article\" \/>\n<meta property=\"og:title\" content=\"Flo\u00efd - Gel de rasage transparent Vetyver Splash\" \/>\n<meta property=\"og:description\" content=\"Flo\u00efd - Gel de rasage transparent Vetyver Splash\" \/>\n<meta property=\"og:url\" content=\"https:\/\/manskin.ch\/fr\/produkt\/floid-gel-de-rasage-transparent-vertyver-splash\/\" \/>\n<meta property=\"og:site_name\" content=\"Manskin.ch\" \/>\n<meta property=\"article:publisher\" content=\"https:\/\/www.facebook.com\/manskin.ch\" \/>\n<meta property=\"article:modified_time\" content=\"2026-04-10T08:06:50+00:00\" \/>\n<meta property=\"og:image\" content=\"https:\/\/manskin.ch\/wp-content\/uploads\/2023\/04\/Floid-Rasiergel-Vetyver.jpeg\" \/>\n\t<meta property=\"og:image:width\" content=\"800\" \/>\n\t<meta property=\"og:image:height\" content=\"800\" \/>\n\t<meta property=\"og:image:type\" content=\"image\/jpeg\" \/>\n<meta name=\"twitter:card\" content=\"summary_large_image\" \/>\n<meta name=\"twitter:label1\" content=\"Prix\" \/>\n\t<meta name=\"twitter:data1\" content=\"13.50&#067;&#072;&#070;\" \/>\n\t<meta name=\"twitter:label2\" content=\"Disponibilit\u00e9\" \/>\n\t<meta name=\"twitter:data2\" content=\"En stock\" \/>\n<script type=\"application\/ld+json\" class=\"yoast-schema-graph\">{\"@context\":\"https:\\\/\\\/schema.org\",\"@graph\":[{\"@type\":\"WebPage\",\"@id\":\"https:\\\/\\\/manskin.ch\\\/fr\\\/produkt\\\/floid-gel-de-rasage-transparent-vertyver-splash\\\/\",\"url\":\"https:\\\/\\\/manskin.ch\\\/fr\\\/produkt\\\/floid-gel-de-rasage-transparent-vertyver-splash\\\/\",\"name\":\"Flo\u00efd - Gel de rasage transparent Vetyver Splash | Manskin.ch\",\"isPartOf\":{\"@id\":\"https:\\\/\\\/manskin.ch\\\/fr\\\/#website\"},\"primaryImageOfPage\":{\"@id\":\"https:\\\/\\\/manskin.ch\\\/fr\\\/produkt\\\/floid-gel-de-rasage-transparent-vertyver-splash\\\/#primaryimage\"},\"image\":{\"@id\":\"https:\\\/\\\/manskin.ch\\\/fr\\\/produkt\\\/floid-gel-de-rasage-transparent-vertyver-splash\\\/#primaryimage\"},\"thumbnailUrl\":\"https:\\\/\\\/manskin.ch\\\/wp-content\\\/uploads\\\/2023\\\/04\\\/Floid-Rasiergel-Vetyver.jpeg\",\"datePublished\":\"2023-04-20T06:03:03+00:00\",\"dateModified\":\"2026-04-10T08:06:50+00:00\",\"description\":\"Flo\u00efd - Gel de rasage transparent Vetyver Splash\",\"breadcrumb\":{\"@id\":\"https:\\\/\\\/manskin.ch\\\/fr\\\/produkt\\\/floid-gel-de-rasage-transparent-vertyver-splash\\\/#breadcrumb\"},\"inLanguage\":\"fr-FR\",\"potentialAction\":[{\"@type\":\"ReadAction\",\"target\":[\"https:\\\/\\\/manskin.ch\\\/fr\\\/produkt\\\/floid-gel-de-rasage-transparent-vertyver-splash\\\/\"]}]},{\"@type\":\"ImageObject\",\"inLanguage\":\"fr-FR\",\"@id\":\"https:\\\/\\\/manskin.ch\\\/fr\\\/produkt\\\/floid-gel-de-rasage-transparent-vertyver-splash\\\/#primaryimage\",\"url\":\"https:\\\/\\\/manskin.ch\\\/wp-content\\\/uploads\\\/2023\\\/04\\\/Floid-Rasiergel-Vetyver.jpeg\",\"contentUrl\":\"https:\\\/\\\/manskin.ch\\\/wp-content\\\/uploads\\\/2023\\\/04\\\/Floid-Rasiergel-Vetyver.jpeg\",\"width\":800,\"height\":800},{\"@type\":\"BreadcrumbList\",\"@id\":\"https:\\\/\\\/manskin.ch\\\/fr\\\/produkt\\\/floid-gel-de-rasage-transparent-vertyver-splash\\\/#breadcrumb\",\"itemListElement\":[{\"@type\":\"ListItem\",\"position\":1,\"name\":\"Startseite\",\"item\":\"https:\\\/\\\/manskin.ch\\\/fr\\\/\"},{\"@type\":\"ListItem\",\"position\":2,\"name\":\"Boutique Soins pour Hommes &amp; Skincare\",\"item\":\"https:\\\/\\\/manskin.ch\\\/fr\\\/boutique\\\/\"},{\"@type\":\"ListItem\",\"position\":3,\"name\":\"Flo\u00efd &#8211; Gel de rasage transparent Vetyver Splash\"}]},{\"@type\":\"WebSite\",\"@id\":\"https:\\\/\\\/manskin.ch\\\/fr\\\/#website\",\"url\":\"https:\\\/\\\/manskin.ch\\\/fr\\\/\",\"name\":\"Manskin.ch\",\"description\":\"Tous les produits de beaut\u00e9 pour les hommes les plus exigeants\",\"publisher\":{\"@id\":\"https:\\\/\\\/manskin.ch\\\/fr\\\/#organization\"},\"potentialAction\":[{\"@type\":\"SearchAction\",\"target\":{\"@type\":\"EntryPoint\",\"urlTemplate\":\"https:\\\/\\\/manskin.ch\\\/fr\\\/?s={search_term_string}\"},\"query-input\":{\"@type\":\"PropertyValueSpecification\",\"valueRequired\":true,\"valueName\":\"search_term_string\"}}],\"inLanguage\":\"fr-FR\"},{\"@type\":\"Organization\",\"@id\":\"https:\\\/\\\/manskin.ch\\\/fr\\\/#organization\",\"name\":\"Manskin.ch - der Schweizer Onlineshop f\u00fcr qualit\u00e4tsstarke M\u00e4nnerpflege\",\"url\":\"https:\\\/\\\/manskin.ch\\\/fr\\\/\",\"logo\":{\"@type\":\"ImageObject\",\"inLanguage\":\"fr-FR\",\"@id\":\"https:\\\/\\\/manskin.ch\\\/fr\\\/#\\\/schema\\\/logo\\\/image\\\/\",\"url\":\"https:\\\/\\\/manskin.ch\\\/wp-content\\\/uploads\\\/2021\\\/04\\\/cropped-logo_head.png\",\"contentUrl\":\"https:\\\/\\\/manskin.ch\\\/wp-content\\\/uploads\\\/2021\\\/04\\\/cropped-logo_head.png\",\"width\":235,\"height\":75,\"caption\":\"Manskin.ch - der Schweizer Onlineshop f\u00fcr qualit\u00e4tsstarke M\u00e4nnerpflege\"},\"image\":{\"@id\":\"https:\\\/\\\/manskin.ch\\\/fr\\\/#\\\/schema\\\/logo\\\/image\\\/\"},\"sameAs\":[\"https:\\\/\\\/www.facebook.com\\\/manskin.ch\",\"https:\\\/\\\/www.instagram.com\\\/manskin.ch\\\/\"]}]}<\/script>\n<meta property=\"product:price:amount\" content=\"13.50\" \/>\n<meta property=\"product:price:currency\" content=\"CHF\" \/>\n<meta property=\"og:availability\" content=\"instock\" \/>\n<meta property=\"product:availability\" content=\"instock\" \/>\n<meta property=\"product:retailer_item_id\" content=\"13227\" \/>\n<meta property=\"product:condition\" content=\"new\" \/>\n<!-- \/ Yoast SEO Premium plugin. -->","yoast_head_json":{"title":"Flo\u00efd - Gel de rasage transparent Vetyver Splash | Manskin.ch","description":"Flo\u00efd - Gel de rasage transparent Vetyver Splash","robots":{"index":"index","follow":"follow","max-snippet":"max-snippet:-1","max-image-preview":"max-image-preview:large","max-video-preview":"max-video-preview:-1"},"canonical":"https:\/\/manskin.ch\/fr\/produkt\/floid-gel-de-rasage-transparent-vertyver-splash\/","og_locale":"fr_FR","og_type":"article","og_title":"Flo\u00efd - Gel de rasage transparent Vetyver Splash","og_description":"Flo\u00efd - Gel de rasage transparent Vetyver Splash","og_url":"https:\/\/manskin.ch\/fr\/produkt\/floid-gel-de-rasage-transparent-vertyver-splash\/","og_site_name":"Manskin.ch","article_publisher":"https:\/\/www.facebook.com\/manskin.ch","article_modified_time":"2026-04-10T08:06:50+00:00","og_image":[{"width":800,"height":800,"url":"https:\/\/manskin.ch\/wp-content\/uploads\/2023\/04\/Floid-Rasiergel-Vetyver.jpeg","type":"image\/jpeg"}],"twitter_card":"summary_large_image","twitter_misc":{"Prix":"13.50&#67;&#72;&#70;","Disponibilit\u00e9":"En stock"},"schema":{"@context":"https:\/\/schema.org","@graph":[{"@type":"WebPage","@id":"https:\/\/manskin.ch\/fr\/produkt\/floid-gel-de-rasage-transparent-vertyver-splash\/","url":"https:\/\/manskin.ch\/fr\/produkt\/floid-gel-de-rasage-transparent-vertyver-splash\/","name":"Flo\u00efd - Gel de rasage transparent Vetyver Splash | Manskin.ch","isPartOf":{"@id":"https:\/\/manskin.ch\/fr\/#website"},"primaryImageOfPage":{"@id":"https:\/\/manskin.ch\/fr\/produkt\/floid-gel-de-rasage-transparent-vertyver-splash\/#primaryimage"},"image":{"@id":"https:\/\/manskin.ch\/fr\/produkt\/floid-gel-de-rasage-transparent-vertyver-splash\/#primaryimage"},"thumbnailUrl":"https:\/\/manskin.ch\/wp-content\/uploads\/2023\/04\/Floid-Rasiergel-Vetyver.jpeg","datePublished":"2023-04-20T06:03:03+00:00","dateModified":"2026-04-10T08:06:50+00:00","description":"Flo\u00efd - Gel de rasage transparent Vetyver Splash","breadcrumb":{"@id":"https:\/\/manskin.ch\/fr\/produkt\/floid-gel-de-rasage-transparent-vertyver-splash\/#breadcrumb"},"inLanguage":"fr-FR","potentialAction":[{"@type":"ReadAction","target":["https:\/\/manskin.ch\/fr\/produkt\/floid-gel-de-rasage-transparent-vertyver-splash\/"]}]},{"@type":"ImageObject","inLanguage":"fr-FR","@id":"https:\/\/manskin.ch\/fr\/produkt\/floid-gel-de-rasage-transparent-vertyver-splash\/#primaryimage","url":"https:\/\/manskin.ch\/wp-content\/uploads\/2023\/04\/Floid-Rasiergel-Vetyver.jpeg","contentUrl":"https:\/\/manskin.ch\/wp-content\/uploads\/2023\/04\/Floid-Rasiergel-Vetyver.jpeg","width":800,"height":800},{"@type":"BreadcrumbList","@id":"https:\/\/manskin.ch\/fr\/produkt\/floid-gel-de-rasage-transparent-vertyver-splash\/#breadcrumb","itemListElement":[{"@type":"ListItem","position":1,"name":"Startseite","item":"https:\/\/manskin.ch\/fr\/"},{"@type":"ListItem","position":2,"name":"Boutique Soins pour Hommes &amp; Skincare","item":"https:\/\/manskin.ch\/fr\/boutique\/"},{"@type":"ListItem","position":3,"name":"Flo\u00efd &#8211; Gel de rasage transparent Vetyver Splash"}]},{"@type":"WebSite","@id":"https:\/\/manskin.ch\/fr\/#website","url":"https:\/\/manskin.ch\/fr\/","name":"Manskin.ch","description":"Tous les produits de beaut\u00e9 pour les hommes les plus exigeants","publisher":{"@id":"https:\/\/manskin.ch\/fr\/#organization"},"potentialAction":[{"@type":"SearchAction","target":{"@type":"EntryPoint","urlTemplate":"https:\/\/manskin.ch\/fr\/?s={search_term_string}"},"query-input":{"@type":"PropertyValueSpecification","valueRequired":true,"valueName":"search_term_string"}}],"inLanguage":"fr-FR"},{"@type":"Organization","@id":"https:\/\/manskin.ch\/fr\/#organization","name":"Manskin.ch - der Schweizer Onlineshop f\u00fcr qualit\u00e4tsstarke M\u00e4nnerpflege","url":"https:\/\/manskin.ch\/fr\/","logo":{"@type":"ImageObject","inLanguage":"fr-FR","@id":"https:\/\/manskin.ch\/fr\/#\/schema\/logo\/image\/","url":"https:\/\/manskin.ch\/wp-content\/uploads\/2021\/04\/cropped-logo_head.png","contentUrl":"https:\/\/manskin.ch\/wp-content\/uploads\/2021\/04\/cropped-logo_head.png","width":235,"height":75,"caption":"Manskin.ch - der Schweizer Onlineshop f\u00fcr qualit\u00e4tsstarke M\u00e4nnerpflege"},"image":{"@id":"https:\/\/manskin.ch\/fr\/#\/schema\/logo\/image\/"},"sameAs":["https:\/\/www.facebook.com\/manskin.ch","https:\/\/www.instagram.com\/manskin.ch\/"]}]},"product_price_amount":"13.50","product_price_currency":"CHF","og_availability":"instock","product_availability":"instock","product_retailer_item_id":"13227","product_condition":"new"},"brands":[{"id":2834,"name":"Flo\u00efd","slug":"floid"}],"_links":{"self":[{"href":"https:\/\/manskin.ch\/fr\/wp-json\/wp\/v2\/product\/21326","targetHints":{"allow":["GET"]}}],"collection":[{"href":"https:\/\/manskin.ch\/fr\/wp-json\/wp\/v2\/product"}],"about":[{"href":"https:\/\/manskin.ch\/fr\/wp-json\/wp\/v2\/types\/product"}],"replies":[{"embeddable":true,"href":"https:\/\/manskin.ch\/fr\/wp-json\/wp\/v2\/comments?post=21326"}],"wp:featuredmedia":[{"embeddable":true,"href":"https:\/\/manskin.ch\/fr\/wp-json\/wp\/v2\/media\/21373"}],"wp:attachment":[{"href":"https:\/\/manskin.ch\/fr\/wp-json\/wp\/v2\/media?parent=21326"}],"wp:term":[{"taxonomy":"pwb-brand","embeddable":true,"href":"https:\/\/manskin.ch\/fr\/wp-json\/wp\/v2\/pwb-brand?post=21326"},{"taxonomy":"product_brand","embeddable":true,"href":"https:\/\/manskin.ch\/fr\/wp-json\/wp\/v2\/product_brand?post=21326"},{"taxonomy":"product_cat","embeddable":true,"href":"https:\/\/manskin.ch\/fr\/wp-json\/wp\/v2\/product_cat?post=21326"},{"taxonomy":"product_tag","embeddable":true,"href":"https:\/\/manskin.ch\/fr\/wp-json\/wp\/v2\/product_tag?post=21326"}],"curies":[{"name":"wp","href":"https:\/\/api.w.org\/{rel}","templated":true}]}}