{"id":21320,"date":"2023-04-20T07:55:15","date_gmt":"2023-04-20T05:55:15","guid":{"rendered":"https:\/\/manskin.ch\/?post_type=product&#038;p=21320"},"modified":"2025-10-12T18:30:08","modified_gmt":"2025-10-12T16:30:08","slug":"floid-gel-de-rasage-transparent-citrus-spectre","status":"publish","type":"product","link":"https:\/\/manskin.ch\/fr\/produkt\/floid-gel-de-rasage-transparent-citrus-spectre\/","title":{"rendered":"Flo\u00efd &#8211; Gel de rasage transparent Citrus Spectre"},"content":{"rendered":"<h2>Flo\u00efd &#8211; Gel de rasage transparent Citrus Spectre<\/h2>\n<ul>\n<li>Gr\u00e2ce \u00e0 sa formule non moussante, le gel de rasage Citrus Spectre permet de voir enti\u00e8rement les zones \u00e0 raser pour obtenir des contours parfaits.<\/li>\n<li>Le parfum Citrus Spectre associe des notes douces et fruit\u00e9es \u00e0 des accents bois\u00e9s. Il allie ainsi un classicisme authentique \u00e0 une sensation enivrante.<\/li>\n<\/ul>\n<p>Contenu 150 ml.<\/p>\n","protected":false},"excerpt":{"rendered":"<p>Flo\u00efd &#8211; Gel de rasage transparent Citrus Spectre Gr\u00e2ce \u00e0 sa formule non moussante, le gel de rasage Citrus Spectre permet de voir enti\u00e8rement les zones \u00e0 raser pour obtenir des contours parfaits. Le parfum Citrus Spectre associe des notes douces et fruit\u00e9es \u00e0 des accents bois\u00e9s. Il allie ainsi un classicisme authentique \u00e0 une &#8230; <a title=\"Flo\u00efd &#8211; Gel de rasage transparent Citrus Spectre\" class=\"read-more\" href=\"https:\/\/manskin.ch\/fr\/produkt\/floid-gel-de-rasage-transparent-citrus-spectre\/\" aria-label=\"En savoir plus sur Flo\u00efd &#8211; Gel de rasage transparent Citrus Spectre\">Lire la suite<\/a><\/p>\n","protected":false},"featured_media":21367,"comment_status":"closed","ping_status":"closed","template":"","meta":{"_acf_changed":false},"pwb-brand":[2834],"product_brand":[],"product_cat":[2836,2421],"product_tag":[],"class_list":{"0":"post-21320","1":"product","2":"type-product","3":"status-publish","4":"has-post-thumbnail","6":"pwb-brand-floid","7":"product_cat-floid-fr","8":"product_cat-gel-de-rasage","9":"product_shipping_class-standard-fr","10":"pa_hersteller-tenax-fr-2","11":"sales-flash-overlay","12":"woocommerce-text-align-center","13":"woocommerce-image-align-center","14":"do-quantity-buttons","16":"first","17":"instock","18":"purchasable","19":"product-type-simple"},"acf":[],"yoast_head":"<!-- This site is optimized with the Yoast SEO Premium plugin v27.3 (Yoast SEO v27.3) - https:\/\/yoast.com\/product\/yoast-seo-premium-wordpress\/ -->\n<title>Flo\u00efd - Gel de rasage transparent Citrus Spectre | Manskin.ch<\/title>\n<meta name=\"description\" content=\"Flo\u00efd - Gel de rasage transparent Citrus Spectre\" \/>\n<meta name=\"robots\" content=\"index, follow, max-snippet:-1, max-image-preview:large, max-video-preview:-1\" \/>\n<link rel=\"canonical\" href=\"https:\/\/manskin.ch\/fr\/produkt\/floid-gel-de-rasage-transparent-citrus-spectre\/\" \/>\n<meta property=\"og:locale\" content=\"fr_FR\" \/>\n<meta property=\"og:type\" content=\"article\" \/>\n<meta property=\"og:title\" content=\"Flo\u00efd - Gel de rasage transparent Citrus Spectre\" \/>\n<meta property=\"og:description\" content=\"Flo\u00efd - Gel de rasage transparent Citrus Spectre\" \/>\n<meta property=\"og:url\" content=\"https:\/\/manskin.ch\/fr\/produkt\/floid-gel-de-rasage-transparent-citrus-spectre\/\" \/>\n<meta property=\"og:site_name\" content=\"Manskin.ch\" \/>\n<meta property=\"article:publisher\" content=\"https:\/\/www.facebook.com\/manskin.ch\" \/>\n<meta property=\"article:modified_time\" content=\"2025-10-12T16:30:08+00:00\" \/>\n<meta property=\"og:image\" content=\"https:\/\/manskin.ch\/wp-content\/uploads\/2023\/04\/Floid-Rasiergel-Citrus.jpeg\" \/>\n\t<meta property=\"og:image:width\" content=\"800\" \/>\n\t<meta property=\"og:image:height\" content=\"800\" \/>\n\t<meta property=\"og:image:type\" content=\"image\/jpeg\" \/>\n<meta name=\"twitter:card\" content=\"summary_large_image\" \/>\n<meta name=\"twitter:label1\" content=\"Prix\" \/>\n\t<meta name=\"twitter:data1\" content=\"14.00&#067;&#072;&#070;\" \/>\n\t<meta name=\"twitter:label2\" content=\"Disponibilit\u00e9\" \/>\n\t<meta name=\"twitter:data2\" content=\"En stock\" \/>\n<script type=\"application\/ld+json\" class=\"yoast-schema-graph\">{\"@context\":\"https:\\\/\\\/schema.org\",\"@graph\":[{\"@type\":\"WebPage\",\"@id\":\"https:\\\/\\\/manskin.ch\\\/fr\\\/produkt\\\/floid-gel-de-rasage-transparent-citrus-spectre\\\/\",\"url\":\"https:\\\/\\\/manskin.ch\\\/fr\\\/produkt\\\/floid-gel-de-rasage-transparent-citrus-spectre\\\/\",\"name\":\"Flo\u00efd - Gel de rasage transparent Citrus Spectre | Manskin.ch\",\"isPartOf\":{\"@id\":\"https:\\\/\\\/manskin.ch\\\/fr\\\/#website\"},\"primaryImageOfPage\":{\"@id\":\"https:\\\/\\\/manskin.ch\\\/fr\\\/produkt\\\/floid-gel-de-rasage-transparent-citrus-spectre\\\/#primaryimage\"},\"image\":{\"@id\":\"https:\\\/\\\/manskin.ch\\\/fr\\\/produkt\\\/floid-gel-de-rasage-transparent-citrus-spectre\\\/#primaryimage\"},\"thumbnailUrl\":\"https:\\\/\\\/manskin.ch\\\/wp-content\\\/uploads\\\/2023\\\/04\\\/Floid-Rasiergel-Citrus.jpeg\",\"datePublished\":\"2023-04-20T05:55:15+00:00\",\"dateModified\":\"2025-10-12T16:30:08+00:00\",\"description\":\"Flo\u00efd - Gel de rasage transparent Citrus Spectre\",\"breadcrumb\":{\"@id\":\"https:\\\/\\\/manskin.ch\\\/fr\\\/produkt\\\/floid-gel-de-rasage-transparent-citrus-spectre\\\/#breadcrumb\"},\"inLanguage\":\"fr-FR\",\"potentialAction\":[{\"@type\":\"ReadAction\",\"target\":[\"https:\\\/\\\/manskin.ch\\\/fr\\\/produkt\\\/floid-gel-de-rasage-transparent-citrus-spectre\\\/\"]}]},{\"@type\":\"ImageObject\",\"inLanguage\":\"fr-FR\",\"@id\":\"https:\\\/\\\/manskin.ch\\\/fr\\\/produkt\\\/floid-gel-de-rasage-transparent-citrus-spectre\\\/#primaryimage\",\"url\":\"https:\\\/\\\/manskin.ch\\\/wp-content\\\/uploads\\\/2023\\\/04\\\/Floid-Rasiergel-Citrus.jpeg\",\"contentUrl\":\"https:\\\/\\\/manskin.ch\\\/wp-content\\\/uploads\\\/2023\\\/04\\\/Floid-Rasiergel-Citrus.jpeg\",\"width\":800,\"height\":800},{\"@type\":\"BreadcrumbList\",\"@id\":\"https:\\\/\\\/manskin.ch\\\/fr\\\/produkt\\\/floid-gel-de-rasage-transparent-citrus-spectre\\\/#breadcrumb\",\"itemListElement\":[{\"@type\":\"ListItem\",\"position\":1,\"name\":\"Startseite\",\"item\":\"https:\\\/\\\/manskin.ch\\\/fr\\\/\"},{\"@type\":\"ListItem\",\"position\":2,\"name\":\"Boutique\",\"item\":\"https:\\\/\\\/manskin.ch\\\/fr\\\/boutique\\\/\"},{\"@type\":\"ListItem\",\"position\":3,\"name\":\"Flo\u00efd &#8211; Gel de rasage transparent Citrus Spectre\"}]},{\"@type\":\"WebSite\",\"@id\":\"https:\\\/\\\/manskin.ch\\\/fr\\\/#website\",\"url\":\"https:\\\/\\\/manskin.ch\\\/fr\\\/\",\"name\":\"Manskin.ch\",\"description\":\"Tous les produits de beaut\u00e9 pour les hommes les plus exigeants\",\"publisher\":{\"@id\":\"https:\\\/\\\/manskin.ch\\\/fr\\\/#organization\"},\"potentialAction\":[{\"@type\":\"SearchAction\",\"target\":{\"@type\":\"EntryPoint\",\"urlTemplate\":\"https:\\\/\\\/manskin.ch\\\/fr\\\/?s={search_term_string}\"},\"query-input\":{\"@type\":\"PropertyValueSpecification\",\"valueRequired\":true,\"valueName\":\"search_term_string\"}}],\"inLanguage\":\"fr-FR\"},{\"@type\":\"Organization\",\"@id\":\"https:\\\/\\\/manskin.ch\\\/fr\\\/#organization\",\"name\":\"Manskin.ch - der Schweizer Onlineshop f\u00fcr qualit\u00e4tsstarke M\u00e4nnerpflege\",\"url\":\"https:\\\/\\\/manskin.ch\\\/fr\\\/\",\"logo\":{\"@type\":\"ImageObject\",\"inLanguage\":\"fr-FR\",\"@id\":\"https:\\\/\\\/manskin.ch\\\/fr\\\/#\\\/schema\\\/logo\\\/image\\\/\",\"url\":\"https:\\\/\\\/manskin.ch\\\/wp-content\\\/uploads\\\/2021\\\/04\\\/cropped-logo_head.png\",\"contentUrl\":\"https:\\\/\\\/manskin.ch\\\/wp-content\\\/uploads\\\/2021\\\/04\\\/cropped-logo_head.png\",\"width\":235,\"height\":75,\"caption\":\"Manskin.ch - der Schweizer Onlineshop f\u00fcr qualit\u00e4tsstarke M\u00e4nnerpflege\"},\"image\":{\"@id\":\"https:\\\/\\\/manskin.ch\\\/fr\\\/#\\\/schema\\\/logo\\\/image\\\/\"},\"sameAs\":[\"https:\\\/\\\/www.facebook.com\\\/manskin.ch\",\"https:\\\/\\\/www.instagram.com\\\/manskin.ch\\\/\"]}]}<\/script>\n<meta property=\"product:price:amount\" content=\"14.00\" \/>\n<meta property=\"product:price:currency\" content=\"CHF\" \/>\n<meta property=\"og:availability\" content=\"instock\" \/>\n<meta property=\"product:availability\" content=\"instock\" \/>\n<meta property=\"product:retailer_item_id\" content=\"13222\" \/>\n<meta property=\"product:condition\" content=\"new\" \/>\n<!-- \/ Yoast SEO Premium plugin. -->","yoast_head_json":{"title":"Flo\u00efd - Gel de rasage transparent Citrus Spectre | Manskin.ch","description":"Flo\u00efd - Gel de rasage transparent Citrus Spectre","robots":{"index":"index","follow":"follow","max-snippet":"max-snippet:-1","max-image-preview":"max-image-preview:large","max-video-preview":"max-video-preview:-1"},"canonical":"https:\/\/manskin.ch\/fr\/produkt\/floid-gel-de-rasage-transparent-citrus-spectre\/","og_locale":"fr_FR","og_type":"article","og_title":"Flo\u00efd - Gel de rasage transparent Citrus Spectre","og_description":"Flo\u00efd - Gel de rasage transparent Citrus Spectre","og_url":"https:\/\/manskin.ch\/fr\/produkt\/floid-gel-de-rasage-transparent-citrus-spectre\/","og_site_name":"Manskin.ch","article_publisher":"https:\/\/www.facebook.com\/manskin.ch","article_modified_time":"2025-10-12T16:30:08+00:00","og_image":[{"width":800,"height":800,"url":"https:\/\/manskin.ch\/wp-content\/uploads\/2023\/04\/Floid-Rasiergel-Citrus.jpeg","type":"image\/jpeg"}],"twitter_card":"summary_large_image","twitter_misc":{"Prix":"14.00&#67;&#72;&#70;","Disponibilit\u00e9":"En stock"},"schema":{"@context":"https:\/\/schema.org","@graph":[{"@type":"WebPage","@id":"https:\/\/manskin.ch\/fr\/produkt\/floid-gel-de-rasage-transparent-citrus-spectre\/","url":"https:\/\/manskin.ch\/fr\/produkt\/floid-gel-de-rasage-transparent-citrus-spectre\/","name":"Flo\u00efd - Gel de rasage transparent Citrus Spectre | Manskin.ch","isPartOf":{"@id":"https:\/\/manskin.ch\/fr\/#website"},"primaryImageOfPage":{"@id":"https:\/\/manskin.ch\/fr\/produkt\/floid-gel-de-rasage-transparent-citrus-spectre\/#primaryimage"},"image":{"@id":"https:\/\/manskin.ch\/fr\/produkt\/floid-gel-de-rasage-transparent-citrus-spectre\/#primaryimage"},"thumbnailUrl":"https:\/\/manskin.ch\/wp-content\/uploads\/2023\/04\/Floid-Rasiergel-Citrus.jpeg","datePublished":"2023-04-20T05:55:15+00:00","dateModified":"2025-10-12T16:30:08+00:00","description":"Flo\u00efd - Gel de rasage transparent Citrus Spectre","breadcrumb":{"@id":"https:\/\/manskin.ch\/fr\/produkt\/floid-gel-de-rasage-transparent-citrus-spectre\/#breadcrumb"},"inLanguage":"fr-FR","potentialAction":[{"@type":"ReadAction","target":["https:\/\/manskin.ch\/fr\/produkt\/floid-gel-de-rasage-transparent-citrus-spectre\/"]}]},{"@type":"ImageObject","inLanguage":"fr-FR","@id":"https:\/\/manskin.ch\/fr\/produkt\/floid-gel-de-rasage-transparent-citrus-spectre\/#primaryimage","url":"https:\/\/manskin.ch\/wp-content\/uploads\/2023\/04\/Floid-Rasiergel-Citrus.jpeg","contentUrl":"https:\/\/manskin.ch\/wp-content\/uploads\/2023\/04\/Floid-Rasiergel-Citrus.jpeg","width":800,"height":800},{"@type":"BreadcrumbList","@id":"https:\/\/manskin.ch\/fr\/produkt\/floid-gel-de-rasage-transparent-citrus-spectre\/#breadcrumb","itemListElement":[{"@type":"ListItem","position":1,"name":"Startseite","item":"https:\/\/manskin.ch\/fr\/"},{"@type":"ListItem","position":2,"name":"Boutique","item":"https:\/\/manskin.ch\/fr\/boutique\/"},{"@type":"ListItem","position":3,"name":"Flo\u00efd &#8211; Gel de rasage transparent Citrus Spectre"}]},{"@type":"WebSite","@id":"https:\/\/manskin.ch\/fr\/#website","url":"https:\/\/manskin.ch\/fr\/","name":"Manskin.ch","description":"Tous les produits de beaut\u00e9 pour les hommes les plus exigeants","publisher":{"@id":"https:\/\/manskin.ch\/fr\/#organization"},"potentialAction":[{"@type":"SearchAction","target":{"@type":"EntryPoint","urlTemplate":"https:\/\/manskin.ch\/fr\/?s={search_term_string}"},"query-input":{"@type":"PropertyValueSpecification","valueRequired":true,"valueName":"search_term_string"}}],"inLanguage":"fr-FR"},{"@type":"Organization","@id":"https:\/\/manskin.ch\/fr\/#organization","name":"Manskin.ch - der Schweizer Onlineshop f\u00fcr qualit\u00e4tsstarke M\u00e4nnerpflege","url":"https:\/\/manskin.ch\/fr\/","logo":{"@type":"ImageObject","inLanguage":"fr-FR","@id":"https:\/\/manskin.ch\/fr\/#\/schema\/logo\/image\/","url":"https:\/\/manskin.ch\/wp-content\/uploads\/2021\/04\/cropped-logo_head.png","contentUrl":"https:\/\/manskin.ch\/wp-content\/uploads\/2021\/04\/cropped-logo_head.png","width":235,"height":75,"caption":"Manskin.ch - der Schweizer Onlineshop f\u00fcr qualit\u00e4tsstarke M\u00e4nnerpflege"},"image":{"@id":"https:\/\/manskin.ch\/fr\/#\/schema\/logo\/image\/"},"sameAs":["https:\/\/www.facebook.com\/manskin.ch","https:\/\/www.instagram.com\/manskin.ch\/"]}]},"product_price_amount":"14.00","product_price_currency":"CHF","og_availability":"instock","product_availability":"instock","product_retailer_item_id":"13222","product_condition":"new"},"brands":[{"id":2834,"name":"Flo\u00efd","slug":"floid"}],"_links":{"self":[{"href":"https:\/\/manskin.ch\/fr\/wp-json\/wp\/v2\/product\/21320","targetHints":{"allow":["GET"]}}],"collection":[{"href":"https:\/\/manskin.ch\/fr\/wp-json\/wp\/v2\/product"}],"about":[{"href":"https:\/\/manskin.ch\/fr\/wp-json\/wp\/v2\/types\/product"}],"replies":[{"embeddable":true,"href":"https:\/\/manskin.ch\/fr\/wp-json\/wp\/v2\/comments?post=21320"}],"wp:featuredmedia":[{"embeddable":true,"href":"https:\/\/manskin.ch\/fr\/wp-json\/wp\/v2\/media\/21367"}],"wp:attachment":[{"href":"https:\/\/manskin.ch\/fr\/wp-json\/wp\/v2\/media?parent=21320"}],"wp:term":[{"taxonomy":"pwb-brand","embeddable":true,"href":"https:\/\/manskin.ch\/fr\/wp-json\/wp\/v2\/pwb-brand?post=21320"},{"taxonomy":"product_brand","embeddable":true,"href":"https:\/\/manskin.ch\/fr\/wp-json\/wp\/v2\/product_brand?post=21320"},{"taxonomy":"product_cat","embeddable":true,"href":"https:\/\/manskin.ch\/fr\/wp-json\/wp\/v2\/product_cat?post=21320"},{"taxonomy":"product_tag","embeddable":true,"href":"https:\/\/manskin.ch\/fr\/wp-json\/wp\/v2\/product_tag?post=21320"}],"curies":[{"name":"wp","href":"https:\/\/api.w.org\/{rel}","templated":true}]}}