{"id":20885,"date":"2023-03-23T13:31:32","date_gmt":"2023-03-23T12:31:32","guid":{"rendered":"https:\/\/manskin.ch\/?post_type=product&#038;p=20885"},"modified":"2026-01-20T21:17:40","modified_gmt":"2026-01-20T20:17:40","slug":"noble-endeavour-nettoyant-pour-barbe","status":"publish","type":"product","link":"https:\/\/manskin.ch\/fr\/produkt\/noble-endeavour-nettoyant-pour-barbe\/","title":{"rendered":"Triumph &amp; Disaster &#8211; Noble Endeavour &#8211; Nettoyant pour barbe"},"content":{"rendered":"<h2>Triumph &#038; Disaster &#8211; Noble Endeavour Beard Wash<\/h2>\n<h2>&#8211; Nettoyant pour barbe<\/h2>\n<p>On dit qu&rsquo;on ne peut pas se laisser pousser la barbe dans un \u00e9lan de passion, mais qu&rsquo;elle demande un engagement qui n&rsquo;est pas commun \u00e0 notre \u00e9poque.<\/p>\n<ul>\n<li>Noble Endeavour, le produit de lavage naturel pour barbe de Triumph &#038; Disaster, rend hommage \u00e0 cet engagement avec une odeur purifiante qui rappelle la menthe poivr\u00e9e et l&rsquo;argile par une journ\u00e9e ensoleill\u00e9e.<\/li>\n<li>Avec une mousse nettoyante sans sulfate qui \u00e9limine les salet\u00e9s ind\u00e9sirables et de l&rsquo;huile d&rsquo;argan qui nourrit ta barbe et lui redonne de l&rsquo;\u00e9clat, c&rsquo;est un produit pour toutes les barbes, tous les jours.<\/li>\n<li>Ingr\u00e9dients et parfums 100% naturels.<\/li>\n<li>Parfait pour tous les types de barbe et de peau.<\/li>\n<\/ul>\n<p>Utilisation: verse une quantit\u00e9 de quelques centim\u00e8tres de Nobel Endeavour dans la paume de la main et lave la barbe \u00e0 l&rsquo;eau, soit sous la douche, soit au-dessus d&rsquo;un lavabo. Rincer abondamment \u00e0 l&rsquo;eau fra\u00eeche.<\/p>\n<p>Contenu 150 ml.<\/p>\n","protected":false},"excerpt":{"rendered":"<p>Triumph &#038; Disaster &#8211; Noble Endeavour Beard Wash &#8211; Nettoyant pour barbe On dit qu&rsquo;on ne peut pas se laisser pousser la barbe dans un \u00e9lan de passion, mais qu&rsquo;elle demande un engagement qui n&rsquo;est pas commun \u00e0 notre \u00e9poque. Noble Endeavour, le produit de lavage naturel pour barbe de Triumph &#038; Disaster, rend hommage &#8230; <a title=\"Triumph &amp; Disaster &#8211; Noble Endeavour &#8211; Nettoyant pour barbe\" class=\"read-more\" href=\"https:\/\/manskin.ch\/fr\/produkt\/noble-endeavour-nettoyant-pour-barbe\/\" aria-label=\"En savoir plus sur Triumph &amp; Disaster &#8211; Noble Endeavour &#8211; Nettoyant pour barbe\">Lire la suite<\/a><\/p>\n","protected":false},"featured_media":20888,"comment_status":"closed","ping_status":"closed","template":"","meta":{"_acf_changed":false},"pwb-brand":[2789],"product_brand":[],"product_cat":[2256,2279,2703],"product_tag":[],"class_list":{"0":"post-20885","1":"product","2":"type-product","3":"status-publish","4":"has-post-thumbnail","6":"pwb-brand-triumph-disaster","7":"product_cat-barbe-fr","8":"product_cat-shampoing-pour-barbe-fr","9":"product_cat-triumph-disaster-fr","10":"product_shipping_class-standard-fr","11":"pa_hersteller-triumph-disaster-fr-2","12":"sales-flash-overlay","13":"woocommerce-text-align-center","14":"woocommerce-image-align-center","15":"do-quantity-buttons","17":"first","18":"instock","19":"purchasable","20":"product-type-simple"},"acf":[],"yoast_head":"<!-- This site is optimized with the Yoast SEO Premium plugin v27.3 (Yoast SEO v27.3) - https:\/\/yoast.com\/product\/yoast-seo-premium-wordpress\/ -->\n<title>Triumph &amp; Disaster - Noble Endeavour - Nettoyant pour barbe | Manskin.ch<\/title>\n<meta name=\"description\" content=\"Triumph &amp; Disaster - Noble Endeavour - Nettoyant pour barbe\" \/>\n<meta name=\"robots\" content=\"index, follow, max-snippet:-1, max-image-preview:large, max-video-preview:-1\" \/>\n<link rel=\"canonical\" href=\"https:\/\/manskin.ch\/fr\/produkt\/noble-endeavour-nettoyant-pour-barbe\/\" \/>\n<meta property=\"og:locale\" content=\"fr_FR\" \/>\n<meta property=\"og:type\" content=\"article\" \/>\n<meta property=\"og:title\" content=\"Triumph &amp; Disaster - Noble Endeavour - Nettoyant pour barbe\" \/>\n<meta property=\"og:description\" content=\"Triumph &amp; Disaster - Noble Endeavour - Nettoyant pour barbe\" \/>\n<meta property=\"og:url\" content=\"https:\/\/manskin.ch\/fr\/produkt\/noble-endeavour-nettoyant-pour-barbe\/\" \/>\n<meta property=\"og:site_name\" content=\"Manskin.ch\" \/>\n<meta property=\"article:publisher\" content=\"https:\/\/www.facebook.com\/manskin.ch\" \/>\n<meta property=\"article:modified_time\" content=\"2026-01-20T20:17:40+00:00\" \/>\n<meta property=\"og:image\" content=\"https:\/\/manskin.ch\/wp-content\/uploads\/2023\/03\/triumph_beardwash.jpg\" \/>\n\t<meta property=\"og:image:width\" content=\"371\" \/>\n\t<meta property=\"og:image:height\" content=\"371\" \/>\n\t<meta property=\"og:image:type\" content=\"image\/jpeg\" \/>\n<meta name=\"twitter:card\" content=\"summary_large_image\" \/>\n<meta name=\"twitter:label1\" content=\"Prix\" \/>\n\t<meta name=\"twitter:data1\" content=\"29.50&#067;&#072;&#070;\" \/>\n\t<meta name=\"twitter:label2\" content=\"Disponibilit\u00e9\" \/>\n\t<meta name=\"twitter:data2\" content=\"En stock\" \/>\n<script type=\"application\/ld+json\" class=\"yoast-schema-graph\">{\"@context\":\"https:\\\/\\\/schema.org\",\"@graph\":[{\"@type\":\"WebPage\",\"@id\":\"https:\\\/\\\/manskin.ch\\\/fr\\\/produkt\\\/noble-endeavour-nettoyant-pour-barbe\\\/\",\"url\":\"https:\\\/\\\/manskin.ch\\\/fr\\\/produkt\\\/noble-endeavour-nettoyant-pour-barbe\\\/\",\"name\":\"Triumph &amp; Disaster - Noble Endeavour - Nettoyant pour barbe | Manskin.ch\",\"isPartOf\":{\"@id\":\"https:\\\/\\\/manskin.ch\\\/fr\\\/#website\"},\"primaryImageOfPage\":{\"@id\":\"https:\\\/\\\/manskin.ch\\\/fr\\\/produkt\\\/noble-endeavour-nettoyant-pour-barbe\\\/#primaryimage\"},\"image\":{\"@id\":\"https:\\\/\\\/manskin.ch\\\/fr\\\/produkt\\\/noble-endeavour-nettoyant-pour-barbe\\\/#primaryimage\"},\"thumbnailUrl\":\"https:\\\/\\\/manskin.ch\\\/wp-content\\\/uploads\\\/2023\\\/03\\\/triumph_beardwash.jpg\",\"datePublished\":\"2023-03-23T12:31:32+00:00\",\"dateModified\":\"2026-01-20T20:17:40+00:00\",\"description\":\"Triumph &amp; Disaster - Noble Endeavour - Nettoyant pour barbe\",\"breadcrumb\":{\"@id\":\"https:\\\/\\\/manskin.ch\\\/fr\\\/produkt\\\/noble-endeavour-nettoyant-pour-barbe\\\/#breadcrumb\"},\"inLanguage\":\"fr-FR\",\"potentialAction\":[{\"@type\":\"ReadAction\",\"target\":[\"https:\\\/\\\/manskin.ch\\\/fr\\\/produkt\\\/noble-endeavour-nettoyant-pour-barbe\\\/\"]}]},{\"@type\":\"ImageObject\",\"inLanguage\":\"fr-FR\",\"@id\":\"https:\\\/\\\/manskin.ch\\\/fr\\\/produkt\\\/noble-endeavour-nettoyant-pour-barbe\\\/#primaryimage\",\"url\":\"https:\\\/\\\/manskin.ch\\\/wp-content\\\/uploads\\\/2023\\\/03\\\/triumph_beardwash.jpg\",\"contentUrl\":\"https:\\\/\\\/manskin.ch\\\/wp-content\\\/uploads\\\/2023\\\/03\\\/triumph_beardwash.jpg\",\"width\":371,\"height\":371},{\"@type\":\"BreadcrumbList\",\"@id\":\"https:\\\/\\\/manskin.ch\\\/fr\\\/produkt\\\/noble-endeavour-nettoyant-pour-barbe\\\/#breadcrumb\",\"itemListElement\":[{\"@type\":\"ListItem\",\"position\":1,\"name\":\"Startseite\",\"item\":\"https:\\\/\\\/manskin.ch\\\/fr\\\/\"},{\"@type\":\"ListItem\",\"position\":2,\"name\":\"Boutique\",\"item\":\"https:\\\/\\\/manskin.ch\\\/fr\\\/boutique\\\/\"},{\"@type\":\"ListItem\",\"position\":3,\"name\":\"Triumph &amp; Disaster &#8211; Noble Endeavour &#8211; Nettoyant pour barbe\"}]},{\"@type\":\"WebSite\",\"@id\":\"https:\\\/\\\/manskin.ch\\\/fr\\\/#website\",\"url\":\"https:\\\/\\\/manskin.ch\\\/fr\\\/\",\"name\":\"Manskin.ch\",\"description\":\"Tous les produits de beaut\u00e9 pour les hommes les plus exigeants\",\"publisher\":{\"@id\":\"https:\\\/\\\/manskin.ch\\\/fr\\\/#organization\"},\"potentialAction\":[{\"@type\":\"SearchAction\",\"target\":{\"@type\":\"EntryPoint\",\"urlTemplate\":\"https:\\\/\\\/manskin.ch\\\/fr\\\/?s={search_term_string}\"},\"query-input\":{\"@type\":\"PropertyValueSpecification\",\"valueRequired\":true,\"valueName\":\"search_term_string\"}}],\"inLanguage\":\"fr-FR\"},{\"@type\":\"Organization\",\"@id\":\"https:\\\/\\\/manskin.ch\\\/fr\\\/#organization\",\"name\":\"Manskin.ch - der Schweizer Onlineshop f\u00fcr qualit\u00e4tsstarke M\u00e4nnerpflege\",\"url\":\"https:\\\/\\\/manskin.ch\\\/fr\\\/\",\"logo\":{\"@type\":\"ImageObject\",\"inLanguage\":\"fr-FR\",\"@id\":\"https:\\\/\\\/manskin.ch\\\/fr\\\/#\\\/schema\\\/logo\\\/image\\\/\",\"url\":\"https:\\\/\\\/manskin.ch\\\/wp-content\\\/uploads\\\/2021\\\/04\\\/cropped-logo_head.png\",\"contentUrl\":\"https:\\\/\\\/manskin.ch\\\/wp-content\\\/uploads\\\/2021\\\/04\\\/cropped-logo_head.png\",\"width\":235,\"height\":75,\"caption\":\"Manskin.ch - der Schweizer Onlineshop f\u00fcr qualit\u00e4tsstarke M\u00e4nnerpflege\"},\"image\":{\"@id\":\"https:\\\/\\\/manskin.ch\\\/fr\\\/#\\\/schema\\\/logo\\\/image\\\/\"},\"sameAs\":[\"https:\\\/\\\/www.facebook.com\\\/manskin.ch\",\"https:\\\/\\\/www.instagram.com\\\/manskin.ch\\\/\"]}]}<\/script>\n<meta property=\"product:price:amount\" content=\"29.50\" \/>\n<meta property=\"product:price:currency\" content=\"CHF\" \/>\n<meta property=\"og:availability\" content=\"instock\" \/>\n<meta property=\"product:availability\" content=\"instock\" \/>\n<meta property=\"product:retailer_item_id\" content=\"13192\" \/>\n<meta property=\"product:condition\" content=\"new\" \/>\n<!-- \/ Yoast SEO Premium plugin. -->","yoast_head_json":{"title":"Triumph &amp; Disaster - Noble Endeavour - Nettoyant pour barbe | Manskin.ch","description":"Triumph &amp; Disaster - Noble Endeavour - Nettoyant pour barbe","robots":{"index":"index","follow":"follow","max-snippet":"max-snippet:-1","max-image-preview":"max-image-preview:large","max-video-preview":"max-video-preview:-1"},"canonical":"https:\/\/manskin.ch\/fr\/produkt\/noble-endeavour-nettoyant-pour-barbe\/","og_locale":"fr_FR","og_type":"article","og_title":"Triumph &amp; Disaster - Noble Endeavour - Nettoyant pour barbe","og_description":"Triumph &amp; Disaster - Noble Endeavour - Nettoyant pour barbe","og_url":"https:\/\/manskin.ch\/fr\/produkt\/noble-endeavour-nettoyant-pour-barbe\/","og_site_name":"Manskin.ch","article_publisher":"https:\/\/www.facebook.com\/manskin.ch","article_modified_time":"2026-01-20T20:17:40+00:00","og_image":[{"width":371,"height":371,"url":"https:\/\/manskin.ch\/wp-content\/uploads\/2023\/03\/triumph_beardwash.jpg","type":"image\/jpeg"}],"twitter_card":"summary_large_image","twitter_misc":{"Prix":"29.50&#67;&#72;&#70;","Disponibilit\u00e9":"En stock"},"schema":{"@context":"https:\/\/schema.org","@graph":[{"@type":"WebPage","@id":"https:\/\/manskin.ch\/fr\/produkt\/noble-endeavour-nettoyant-pour-barbe\/","url":"https:\/\/manskin.ch\/fr\/produkt\/noble-endeavour-nettoyant-pour-barbe\/","name":"Triumph &amp; Disaster - Noble Endeavour - Nettoyant pour barbe | Manskin.ch","isPartOf":{"@id":"https:\/\/manskin.ch\/fr\/#website"},"primaryImageOfPage":{"@id":"https:\/\/manskin.ch\/fr\/produkt\/noble-endeavour-nettoyant-pour-barbe\/#primaryimage"},"image":{"@id":"https:\/\/manskin.ch\/fr\/produkt\/noble-endeavour-nettoyant-pour-barbe\/#primaryimage"},"thumbnailUrl":"https:\/\/manskin.ch\/wp-content\/uploads\/2023\/03\/triumph_beardwash.jpg","datePublished":"2023-03-23T12:31:32+00:00","dateModified":"2026-01-20T20:17:40+00:00","description":"Triumph &amp; Disaster - Noble Endeavour - Nettoyant pour barbe","breadcrumb":{"@id":"https:\/\/manskin.ch\/fr\/produkt\/noble-endeavour-nettoyant-pour-barbe\/#breadcrumb"},"inLanguage":"fr-FR","potentialAction":[{"@type":"ReadAction","target":["https:\/\/manskin.ch\/fr\/produkt\/noble-endeavour-nettoyant-pour-barbe\/"]}]},{"@type":"ImageObject","inLanguage":"fr-FR","@id":"https:\/\/manskin.ch\/fr\/produkt\/noble-endeavour-nettoyant-pour-barbe\/#primaryimage","url":"https:\/\/manskin.ch\/wp-content\/uploads\/2023\/03\/triumph_beardwash.jpg","contentUrl":"https:\/\/manskin.ch\/wp-content\/uploads\/2023\/03\/triumph_beardwash.jpg","width":371,"height":371},{"@type":"BreadcrumbList","@id":"https:\/\/manskin.ch\/fr\/produkt\/noble-endeavour-nettoyant-pour-barbe\/#breadcrumb","itemListElement":[{"@type":"ListItem","position":1,"name":"Startseite","item":"https:\/\/manskin.ch\/fr\/"},{"@type":"ListItem","position":2,"name":"Boutique","item":"https:\/\/manskin.ch\/fr\/boutique\/"},{"@type":"ListItem","position":3,"name":"Triumph &amp; Disaster &#8211; Noble Endeavour &#8211; Nettoyant pour barbe"}]},{"@type":"WebSite","@id":"https:\/\/manskin.ch\/fr\/#website","url":"https:\/\/manskin.ch\/fr\/","name":"Manskin.ch","description":"Tous les produits de beaut\u00e9 pour les hommes les plus exigeants","publisher":{"@id":"https:\/\/manskin.ch\/fr\/#organization"},"potentialAction":[{"@type":"SearchAction","target":{"@type":"EntryPoint","urlTemplate":"https:\/\/manskin.ch\/fr\/?s={search_term_string}"},"query-input":{"@type":"PropertyValueSpecification","valueRequired":true,"valueName":"search_term_string"}}],"inLanguage":"fr-FR"},{"@type":"Organization","@id":"https:\/\/manskin.ch\/fr\/#organization","name":"Manskin.ch - der Schweizer Onlineshop f\u00fcr qualit\u00e4tsstarke M\u00e4nnerpflege","url":"https:\/\/manskin.ch\/fr\/","logo":{"@type":"ImageObject","inLanguage":"fr-FR","@id":"https:\/\/manskin.ch\/fr\/#\/schema\/logo\/image\/","url":"https:\/\/manskin.ch\/wp-content\/uploads\/2021\/04\/cropped-logo_head.png","contentUrl":"https:\/\/manskin.ch\/wp-content\/uploads\/2021\/04\/cropped-logo_head.png","width":235,"height":75,"caption":"Manskin.ch - der Schweizer Onlineshop f\u00fcr qualit\u00e4tsstarke M\u00e4nnerpflege"},"image":{"@id":"https:\/\/manskin.ch\/fr\/#\/schema\/logo\/image\/"},"sameAs":["https:\/\/www.facebook.com\/manskin.ch","https:\/\/www.instagram.com\/manskin.ch\/"]}]},"product_price_amount":"29.50","product_price_currency":"CHF","og_availability":"instock","product_availability":"instock","product_retailer_item_id":"13192","product_condition":"new"},"brands":[{"id":2789,"name":"Triumph &amp; Disaster","slug":"triumph-disaster"}],"_links":{"self":[{"href":"https:\/\/manskin.ch\/fr\/wp-json\/wp\/v2\/product\/20885","targetHints":{"allow":["GET"]}}],"collection":[{"href":"https:\/\/manskin.ch\/fr\/wp-json\/wp\/v2\/product"}],"about":[{"href":"https:\/\/manskin.ch\/fr\/wp-json\/wp\/v2\/types\/product"}],"replies":[{"embeddable":true,"href":"https:\/\/manskin.ch\/fr\/wp-json\/wp\/v2\/comments?post=20885"}],"wp:featuredmedia":[{"embeddable":true,"href":"https:\/\/manskin.ch\/fr\/wp-json\/wp\/v2\/media\/20888"}],"wp:attachment":[{"href":"https:\/\/manskin.ch\/fr\/wp-json\/wp\/v2\/media?parent=20885"}],"wp:term":[{"taxonomy":"pwb-brand","embeddable":true,"href":"https:\/\/manskin.ch\/fr\/wp-json\/wp\/v2\/pwb-brand?post=20885"},{"taxonomy":"product_brand","embeddable":true,"href":"https:\/\/manskin.ch\/fr\/wp-json\/wp\/v2\/product_brand?post=20885"},{"taxonomy":"product_cat","embeddable":true,"href":"https:\/\/manskin.ch\/fr\/wp-json\/wp\/v2\/product_cat?post=20885"},{"taxonomy":"product_tag","embeddable":true,"href":"https:\/\/manskin.ch\/fr\/wp-json\/wp\/v2\/product_tag?post=20885"}],"curies":[{"name":"wp","href":"https:\/\/api.w.org\/{rel}","templated":true}]}}