{"id":20757,"date":"2023-03-09T10:43:04","date_gmt":"2023-03-09T09:43:04","guid":{"rendered":"https:\/\/manskin.ch\/?post_type=product&#038;p=20757"},"modified":"2026-03-13T10:14:36","modified_gmt":"2026-03-13T09:14:36","slug":"salt-stone-deo-santal-vetiver","status":"publish","type":"product","link":"https:\/\/manskin.ch\/fr\/produkt\/salt-stone-deo-santal-vetiver\/","title":{"rendered":"Salt &amp; Stone &#8211; Natural Deodorant Santal &amp; Vetiver Sensitive"},"content":{"rendered":"<h2>Salt &#038; Stone &#8211; Natural Deodorant Santal &#038; Vetiver<\/h2>\n<ul>\n<li>Un d\u00e9odorant naturel pour tous les types de peau. Cette formule claire s&rsquo;applique sans laisser de r\u00e9sidus et ne laisse aucune tache.<\/li>\n<li>L&rsquo;acide hyaluronique nourrit et hydrate la peau, tandis que les probiotiques neutralisent les odeurs.<\/li>\n<li>Les huiles essentielles et les extraits v\u00e9g\u00e9taux assurent une fra\u00eecheur agr\u00e9able et durable, combattent les bact\u00e9ries et aident \u00e0 lutter contre les odeurs corporelles d\u00e9sagr\u00e9ables.<\/li>\n<li>La formule unisexe unique est enrichie en acide hyaluronique, qui hydrate la peau et lui offre une protection antioxydante contre les agressions environnementales.<br \/>\nFabriqu\u00e9 sans aluminium, alcool, bicarbonate de soude, parab\u00e8nes, parfums et colorants synth\u00e9tiques.<\/li>\n<li>Emballage recyclable en plastique marin et autres mat\u00e9riaux recycl\u00e9s.<\/li>\n<\/ul>\n<p>Contenu 75 gr.<\/p>\n<p>\u00a0<\/p>\n","protected":false},"excerpt":{"rendered":"<p>D\u00e9odorant unisexe 100% naturel<\/p>\n","protected":false},"featured_media":20760,"comment_status":"closed","ping_status":"closed","template":"","meta":{"_acf_changed":false},"pwb-brand":[2780],"product_brand":[],"product_cat":[2358,6576,2392],"product_tag":[],"class_list":{"0":"post-20757","1":"product","2":"type-product","3":"status-publish","4":"has-post-thumbnail","6":"pwb-brand-salt-stone","7":"product_cat-edt-deo","8":"product_cat-myabo-fr","9":"product_cat-salt-stone-fr","10":"product_shipping_class-standard-fr","11":"pa_hersteller-salt-stone-fr-2","12":"sales-flash-overlay","13":"woocommerce-text-align-center","14":"woocommerce-image-align-center","15":"do-quantity-buttons","16":"has-subscription-plans","18":"first","19":"instock","20":"purchasable","21":"product-type-simple"},"acf":[],"yoast_head":"<!-- This site is optimized with the Yoast SEO Premium plugin v27.3 (Yoast SEO v27.3) - https:\/\/yoast.com\/product\/yoast-seo-premium-wordpress\/ -->\n<title>Salt &amp; Stone - D\u00e9odorant naturel 00% naturel - Manskin.ch<\/title>\n<meta name=\"description\" content=\"Les huiles essentielles et les extraits v\u00e9g\u00e9taux assurent une fra\u00eecheur durable, combattent les bact\u00e9ries et aident \u00e0 lutter contre les odeurs corporelles.\" \/>\n<meta name=\"robots\" content=\"index, follow, max-snippet:-1, max-image-preview:large, max-video-preview:-1\" \/>\n<link rel=\"canonical\" href=\"https:\/\/manskin.ch\/fr\/produkt\/salt-stone-deo-santal-vetiver\/\" \/>\n<meta property=\"og:locale\" content=\"fr_FR\" \/>\n<meta property=\"og:type\" content=\"article\" \/>\n<meta property=\"og:title\" content=\"Salt &amp; Stone - Natural Deodorant Santal &amp; Vetiver Sensitive\" \/>\n<meta property=\"og:description\" content=\"Les huiles essentielles et les extraits v\u00e9g\u00e9taux assurent une fra\u00eecheur durable, combattent les bact\u00e9ries et aident \u00e0 lutter contre les odeurs corporelles.\" \/>\n<meta property=\"og:url\" content=\"https:\/\/manskin.ch\/fr\/produkt\/salt-stone-deo-santal-vetiver\/\" \/>\n<meta property=\"og:site_name\" content=\"Manskin.ch\" \/>\n<meta property=\"article:publisher\" content=\"https:\/\/www.facebook.com\/manskin.ch\" \/>\n<meta property=\"article:modified_time\" content=\"2026-03-13T09:14:36+00:00\" \/>\n<meta property=\"og:image\" content=\"https:\/\/manskin.ch\/wp-content\/uploads\/2023\/03\/salt_vetiver_sandalwood.jpg\" \/>\n\t<meta property=\"og:image:width\" content=\"800\" \/>\n\t<meta property=\"og:image:height\" content=\"800\" \/>\n\t<meta property=\"og:image:type\" content=\"image\/jpeg\" \/>\n<meta name=\"twitter:card\" content=\"summary_large_image\" \/>\n<meta name=\"twitter:label1\" content=\"Prix\" \/>\n\t<meta name=\"twitter:data1\" content=\"25.90&#067;&#072;&#070;\" \/>\n\t<meta name=\"twitter:label2\" content=\"Disponibilit\u00e9\" \/>\n\t<meta name=\"twitter:data2\" content=\"En stock\" \/>\n<script type=\"application\/ld+json\" class=\"yoast-schema-graph\">{\"@context\":\"https:\\\/\\\/schema.org\",\"@graph\":[{\"@type\":\"WebPage\",\"@id\":\"https:\\\/\\\/manskin.ch\\\/fr\\\/produkt\\\/salt-stone-deo-santal-vetiver\\\/\",\"url\":\"https:\\\/\\\/manskin.ch\\\/fr\\\/produkt\\\/salt-stone-deo-santal-vetiver\\\/\",\"name\":\"Salt & Stone - D\u00e9odorant naturel 00% naturel - Manskin.ch\",\"isPartOf\":{\"@id\":\"https:\\\/\\\/manskin.ch\\\/fr\\\/#website\"},\"primaryImageOfPage\":{\"@id\":\"https:\\\/\\\/manskin.ch\\\/fr\\\/produkt\\\/salt-stone-deo-santal-vetiver\\\/#primaryimage\"},\"image\":{\"@id\":\"https:\\\/\\\/manskin.ch\\\/fr\\\/produkt\\\/salt-stone-deo-santal-vetiver\\\/#primaryimage\"},\"thumbnailUrl\":\"https:\\\/\\\/manskin.ch\\\/wp-content\\\/uploads\\\/2023\\\/03\\\/salt_vetiver_sandalwood.jpg\",\"datePublished\":\"2023-03-09T09:43:04+00:00\",\"dateModified\":\"2026-03-13T09:14:36+00:00\",\"description\":\"Les huiles essentielles et les extraits v\u00e9g\u00e9taux assurent une fra\u00eecheur durable, combattent les bact\u00e9ries et aident \u00e0 lutter contre les odeurs corporelles.\",\"breadcrumb\":{\"@id\":\"https:\\\/\\\/manskin.ch\\\/fr\\\/produkt\\\/salt-stone-deo-santal-vetiver\\\/#breadcrumb\"},\"inLanguage\":\"fr-FR\",\"potentialAction\":[{\"@type\":\"ReadAction\",\"target\":[\"https:\\\/\\\/manskin.ch\\\/fr\\\/produkt\\\/salt-stone-deo-santal-vetiver\\\/\"]}]},{\"@type\":\"ImageObject\",\"inLanguage\":\"fr-FR\",\"@id\":\"https:\\\/\\\/manskin.ch\\\/fr\\\/produkt\\\/salt-stone-deo-santal-vetiver\\\/#primaryimage\",\"url\":\"https:\\\/\\\/manskin.ch\\\/wp-content\\\/uploads\\\/2023\\\/03\\\/salt_vetiver_sandalwood.jpg\",\"contentUrl\":\"https:\\\/\\\/manskin.ch\\\/wp-content\\\/uploads\\\/2023\\\/03\\\/salt_vetiver_sandalwood.jpg\",\"width\":800,\"height\":800},{\"@type\":\"BreadcrumbList\",\"@id\":\"https:\\\/\\\/manskin.ch\\\/fr\\\/produkt\\\/salt-stone-deo-santal-vetiver\\\/#breadcrumb\",\"itemListElement\":[{\"@type\":\"ListItem\",\"position\":1,\"name\":\"Startseite\",\"item\":\"https:\\\/\\\/manskin.ch\\\/fr\\\/\"},{\"@type\":\"ListItem\",\"position\":2,\"name\":\"Boutique\",\"item\":\"https:\\\/\\\/manskin.ch\\\/fr\\\/boutique\\\/\"},{\"@type\":\"ListItem\",\"position\":3,\"name\":\"Salt &amp; Stone &#8211; Natural Deodorant Santal &amp; Vetiver Sensitive\"}]},{\"@type\":\"WebSite\",\"@id\":\"https:\\\/\\\/manskin.ch\\\/fr\\\/#website\",\"url\":\"https:\\\/\\\/manskin.ch\\\/fr\\\/\",\"name\":\"Manskin.ch\",\"description\":\"Tous les produits de beaut\u00e9 pour les hommes les plus exigeants\",\"publisher\":{\"@id\":\"https:\\\/\\\/manskin.ch\\\/fr\\\/#organization\"},\"potentialAction\":[{\"@type\":\"SearchAction\",\"target\":{\"@type\":\"EntryPoint\",\"urlTemplate\":\"https:\\\/\\\/manskin.ch\\\/fr\\\/?s={search_term_string}\"},\"query-input\":{\"@type\":\"PropertyValueSpecification\",\"valueRequired\":true,\"valueName\":\"search_term_string\"}}],\"inLanguage\":\"fr-FR\"},{\"@type\":\"Organization\",\"@id\":\"https:\\\/\\\/manskin.ch\\\/fr\\\/#organization\",\"name\":\"Manskin.ch - der Schweizer Onlineshop f\u00fcr qualit\u00e4tsstarke M\u00e4nnerpflege\",\"url\":\"https:\\\/\\\/manskin.ch\\\/fr\\\/\",\"logo\":{\"@type\":\"ImageObject\",\"inLanguage\":\"fr-FR\",\"@id\":\"https:\\\/\\\/manskin.ch\\\/fr\\\/#\\\/schema\\\/logo\\\/image\\\/\",\"url\":\"https:\\\/\\\/manskin.ch\\\/wp-content\\\/uploads\\\/2021\\\/04\\\/cropped-logo_head.png\",\"contentUrl\":\"https:\\\/\\\/manskin.ch\\\/wp-content\\\/uploads\\\/2021\\\/04\\\/cropped-logo_head.png\",\"width\":235,\"height\":75,\"caption\":\"Manskin.ch - der Schweizer Onlineshop f\u00fcr qualit\u00e4tsstarke M\u00e4nnerpflege\"},\"image\":{\"@id\":\"https:\\\/\\\/manskin.ch\\\/fr\\\/#\\\/schema\\\/logo\\\/image\\\/\"},\"sameAs\":[\"https:\\\/\\\/www.facebook.com\\\/manskin.ch\",\"https:\\\/\\\/www.instagram.com\\\/manskin.ch\\\/\"]}]}<\/script>\n<meta property=\"product:price:amount\" content=\"25.90\" \/>\n<meta property=\"product:price:currency\" content=\"CHF\" \/>\n<meta property=\"og:availability\" content=\"instock\" \/>\n<meta property=\"product:availability\" content=\"instock\" \/>\n<meta property=\"product:retailer_item_id\" content=\"13185\" \/>\n<meta property=\"product:condition\" content=\"new\" \/>\n<!-- \/ Yoast SEO Premium plugin. -->","yoast_head_json":{"title":"Salt & Stone - D\u00e9odorant naturel 00% naturel - Manskin.ch","description":"Les huiles essentielles et les extraits v\u00e9g\u00e9taux assurent une fra\u00eecheur durable, combattent les bact\u00e9ries et aident \u00e0 lutter contre les odeurs corporelles.","robots":{"index":"index","follow":"follow","max-snippet":"max-snippet:-1","max-image-preview":"max-image-preview:large","max-video-preview":"max-video-preview:-1"},"canonical":"https:\/\/manskin.ch\/fr\/produkt\/salt-stone-deo-santal-vetiver\/","og_locale":"fr_FR","og_type":"article","og_title":"Salt &amp; Stone - Natural Deodorant Santal &amp; Vetiver Sensitive","og_description":"Les huiles essentielles et les extraits v\u00e9g\u00e9taux assurent une fra\u00eecheur durable, combattent les bact\u00e9ries et aident \u00e0 lutter contre les odeurs corporelles.","og_url":"https:\/\/manskin.ch\/fr\/produkt\/salt-stone-deo-santal-vetiver\/","og_site_name":"Manskin.ch","article_publisher":"https:\/\/www.facebook.com\/manskin.ch","article_modified_time":"2026-03-13T09:14:36+00:00","og_image":[{"width":800,"height":800,"url":"https:\/\/manskin.ch\/wp-content\/uploads\/2023\/03\/salt_vetiver_sandalwood.jpg","type":"image\/jpeg"}],"twitter_card":"summary_large_image","twitter_misc":{"Prix":"25.90&#67;&#72;&#70;","Disponibilit\u00e9":"En stock"},"schema":{"@context":"https:\/\/schema.org","@graph":[{"@type":"WebPage","@id":"https:\/\/manskin.ch\/fr\/produkt\/salt-stone-deo-santal-vetiver\/","url":"https:\/\/manskin.ch\/fr\/produkt\/salt-stone-deo-santal-vetiver\/","name":"Salt & Stone - D\u00e9odorant naturel 00% naturel - Manskin.ch","isPartOf":{"@id":"https:\/\/manskin.ch\/fr\/#website"},"primaryImageOfPage":{"@id":"https:\/\/manskin.ch\/fr\/produkt\/salt-stone-deo-santal-vetiver\/#primaryimage"},"image":{"@id":"https:\/\/manskin.ch\/fr\/produkt\/salt-stone-deo-santal-vetiver\/#primaryimage"},"thumbnailUrl":"https:\/\/manskin.ch\/wp-content\/uploads\/2023\/03\/salt_vetiver_sandalwood.jpg","datePublished":"2023-03-09T09:43:04+00:00","dateModified":"2026-03-13T09:14:36+00:00","description":"Les huiles essentielles et les extraits v\u00e9g\u00e9taux assurent une fra\u00eecheur durable, combattent les bact\u00e9ries et aident \u00e0 lutter contre les odeurs corporelles.","breadcrumb":{"@id":"https:\/\/manskin.ch\/fr\/produkt\/salt-stone-deo-santal-vetiver\/#breadcrumb"},"inLanguage":"fr-FR","potentialAction":[{"@type":"ReadAction","target":["https:\/\/manskin.ch\/fr\/produkt\/salt-stone-deo-santal-vetiver\/"]}]},{"@type":"ImageObject","inLanguage":"fr-FR","@id":"https:\/\/manskin.ch\/fr\/produkt\/salt-stone-deo-santal-vetiver\/#primaryimage","url":"https:\/\/manskin.ch\/wp-content\/uploads\/2023\/03\/salt_vetiver_sandalwood.jpg","contentUrl":"https:\/\/manskin.ch\/wp-content\/uploads\/2023\/03\/salt_vetiver_sandalwood.jpg","width":800,"height":800},{"@type":"BreadcrumbList","@id":"https:\/\/manskin.ch\/fr\/produkt\/salt-stone-deo-santal-vetiver\/#breadcrumb","itemListElement":[{"@type":"ListItem","position":1,"name":"Startseite","item":"https:\/\/manskin.ch\/fr\/"},{"@type":"ListItem","position":2,"name":"Boutique","item":"https:\/\/manskin.ch\/fr\/boutique\/"},{"@type":"ListItem","position":3,"name":"Salt &amp; Stone &#8211; Natural Deodorant Santal &amp; Vetiver Sensitive"}]},{"@type":"WebSite","@id":"https:\/\/manskin.ch\/fr\/#website","url":"https:\/\/manskin.ch\/fr\/","name":"Manskin.ch","description":"Tous les produits de beaut\u00e9 pour les hommes les plus exigeants","publisher":{"@id":"https:\/\/manskin.ch\/fr\/#organization"},"potentialAction":[{"@type":"SearchAction","target":{"@type":"EntryPoint","urlTemplate":"https:\/\/manskin.ch\/fr\/?s={search_term_string}"},"query-input":{"@type":"PropertyValueSpecification","valueRequired":true,"valueName":"search_term_string"}}],"inLanguage":"fr-FR"},{"@type":"Organization","@id":"https:\/\/manskin.ch\/fr\/#organization","name":"Manskin.ch - der Schweizer Onlineshop f\u00fcr qualit\u00e4tsstarke M\u00e4nnerpflege","url":"https:\/\/manskin.ch\/fr\/","logo":{"@type":"ImageObject","inLanguage":"fr-FR","@id":"https:\/\/manskin.ch\/fr\/#\/schema\/logo\/image\/","url":"https:\/\/manskin.ch\/wp-content\/uploads\/2021\/04\/cropped-logo_head.png","contentUrl":"https:\/\/manskin.ch\/wp-content\/uploads\/2021\/04\/cropped-logo_head.png","width":235,"height":75,"caption":"Manskin.ch - der Schweizer Onlineshop f\u00fcr qualit\u00e4tsstarke M\u00e4nnerpflege"},"image":{"@id":"https:\/\/manskin.ch\/fr\/#\/schema\/logo\/image\/"},"sameAs":["https:\/\/www.facebook.com\/manskin.ch","https:\/\/www.instagram.com\/manskin.ch\/"]}]},"product_price_amount":"25.90","product_price_currency":"CHF","og_availability":"instock","product_availability":"instock","product_retailer_item_id":"13185","product_condition":"new"},"brands":[{"id":2780,"name":"Salt &amp; Stone","slug":"salt-stone"}],"_links":{"self":[{"href":"https:\/\/manskin.ch\/fr\/wp-json\/wp\/v2\/product\/20757","targetHints":{"allow":["GET"]}}],"collection":[{"href":"https:\/\/manskin.ch\/fr\/wp-json\/wp\/v2\/product"}],"about":[{"href":"https:\/\/manskin.ch\/fr\/wp-json\/wp\/v2\/types\/product"}],"replies":[{"embeddable":true,"href":"https:\/\/manskin.ch\/fr\/wp-json\/wp\/v2\/comments?post=20757"}],"wp:featuredmedia":[{"embeddable":true,"href":"https:\/\/manskin.ch\/fr\/wp-json\/wp\/v2\/media\/20760"}],"wp:attachment":[{"href":"https:\/\/manskin.ch\/fr\/wp-json\/wp\/v2\/media?parent=20757"}],"wp:term":[{"taxonomy":"pwb-brand","embeddable":true,"href":"https:\/\/manskin.ch\/fr\/wp-json\/wp\/v2\/pwb-brand?post=20757"},{"taxonomy":"product_brand","embeddable":true,"href":"https:\/\/manskin.ch\/fr\/wp-json\/wp\/v2\/product_brand?post=20757"},{"taxonomy":"product_cat","embeddable":true,"href":"https:\/\/manskin.ch\/fr\/wp-json\/wp\/v2\/product_cat?post=20757"},{"taxonomy":"product_tag","embeddable":true,"href":"https:\/\/manskin.ch\/fr\/wp-json\/wp\/v2\/product_tag?post=20757"}],"curies":[{"name":"wp","href":"https:\/\/api.w.org\/{rel}","templated":true}]}}