{"id":20554,"date":"2023-02-04T14:18:20","date_gmt":"2023-02-04T13:18:20","guid":{"rendered":"https:\/\/manskin.ch\/?post_type=product&#038;p=20554"},"modified":"2025-09-15T11:14:15","modified_gmt":"2025-09-15T09:14:15","slug":"rasoir-traditional-chrome-r89-grande","status":"publish","type":"product","link":"https:\/\/manskin.ch\/fr\/produkt\/rasoir-traditional-chrome-r89-grande\/","title":{"rendered":"M\u00dcHLE &#8211; Rasoir Traditional chrom\u00e9 R89 Grande"},"content":{"rendered":"<h2>M\u00dcHLE \u2013 Rasoir de s\u00fbret\u00e9 Traditional R89 Grande, peigne ferm\u00e9, chrom\u00e9<\/h2>\n<ul>\n<li>Rasoir \u00e9l\u00e9gant chrom\u00e9. Peigne ferm\u00e9 pour un rasage en douceur.<\/li>\n<li>Design noble et pr\u00e9cision m\u00e9canique. Le rasoir M\u00dcHLE \u00e0 peigne ferm\u00e9 promet un rasage de pr\u00e8s et en m\u00eame temps doux.<\/li>\n<li>Contrairement au rasoir \u00e0 peigne ouvert, le peigne ferm\u00e9 ne pr\u00e9sente aucune denture.<\/li>\n<li>En combinaison avec un angle de lame l\u00e9g\u00e8rement plus raide, ce rasoir permet une technique de rasage tr\u00e8s douce qui convient parfaitement aux d\u00e9butants ayant peu d\u2019entra\u00eenement.<\/li>\n<li>Depuis des g\u00e9n\u00e9rations, le rasoir est consid\u00e9r\u00e9 comme un classique \u00e9l\u00e9gant qui permet de raser m\u00eame les contours avec pr\u00e9cision. Contrairement aux syst\u00e8mes de lames modernes, la t\u00eate du rasoir est immobile. Les lames se changent en d\u00e9vissant le couvercle.<\/li>\n<\/ul>\n<p>Dimensions R89: 41 mm x 107 mm<br \/>\nPoids: 88 gr.<\/p>\n<p>(Abmessungen R89 Standard: 41 mm x 94 mm, Gewicht: 70 gr.)<\/p>\n<p>(Dimensions R89 Standard: 41 mm x 94 mm, poids : 70 gr.)<\/p>\n","protected":false},"excerpt":{"rendered":"<p>Peigne ferm\u00e9, id\u00e9al pour d\u00e9butants<\/p>\n","protected":false},"featured_media":20557,"comment_status":"closed","ping_status":"closed","template":"","meta":{"_acf_changed":false},"pwb-brand":[2769],"product_brand":[],"product_cat":[2412,2422],"product_tag":[],"class_list":{"0":"post-20554","1":"product","2":"type-product","3":"status-publish","4":"has-post-thumbnail","6":"pwb-brand-muehle","7":"product_cat-muehle-fr","8":"product_cat-rasoir-de-suretee","9":"product_shipping_class-standard-fr","10":"pa_hersteller-muehle-fr-2","11":"sales-flash-overlay","12":"woocommerce-text-align-center","13":"woocommerce-image-align-center","14":"do-quantity-buttons","16":"first","17":"instock","18":"purchasable","19":"product-type-simple"},"acf":[],"yoast_head":"<!-- This site is optimized with the Yoast SEO Premium plugin v27.3 (Yoast SEO v27.3) - https:\/\/yoast.com\/product\/yoast-seo-premium-wordpress\/ -->\n<title>M\u00dcHLE - Rasoir Traditional chrom\u00e9 R89 Grande | Manskin.ch<\/title>\n<meta name=\"description\" content=\"M\u00dcHLE - Rasoir Traditional chrom\u00e9 R89 Grande\" \/>\n<meta name=\"robots\" content=\"index, follow, max-snippet:-1, max-image-preview:large, max-video-preview:-1\" \/>\n<link rel=\"canonical\" href=\"https:\/\/manskin.ch\/fr\/produkt\/rasoir-traditional-chrome-r89-grande\/\" \/>\n<meta property=\"og:locale\" content=\"fr_FR\" \/>\n<meta property=\"og:type\" content=\"article\" \/>\n<meta property=\"og:title\" content=\"M\u00dcHLE - Rasoir Traditional chrom\u00e9 R89 Grande\" \/>\n<meta property=\"og:description\" content=\"M\u00dcHLE - Rasoir Traditional chrom\u00e9 R89 Grande\" \/>\n<meta property=\"og:url\" content=\"https:\/\/manskin.ch\/fr\/produkt\/rasoir-traditional-chrome-r89-grande\/\" \/>\n<meta property=\"og:site_name\" content=\"Manskin.ch\" \/>\n<meta property=\"article:publisher\" content=\"https:\/\/www.facebook.com\/manskin.ch\" \/>\n<meta property=\"article:modified_time\" content=\"2025-09-15T09:14:15+00:00\" \/>\n<meta property=\"og:image\" content=\"https:\/\/manskin.ch\/wp-content\/uploads\/2023\/02\/r89grande.jpeg\" \/>\n\t<meta property=\"og:image:width\" content=\"800\" \/>\n\t<meta property=\"og:image:height\" content=\"800\" \/>\n\t<meta property=\"og:image:type\" content=\"image\/jpeg\" \/>\n<meta name=\"twitter:card\" content=\"summary_large_image\" \/>\n<meta name=\"twitter:label1\" content=\"Prix\" \/>\n\t<meta name=\"twitter:data1\" content=\"59.00&#067;&#072;&#070;\" \/>\n\t<meta name=\"twitter:label2\" content=\"Disponibilit\u00e9\" \/>\n\t<meta name=\"twitter:data2\" content=\"En stock\" \/>\n<script type=\"application\/ld+json\" class=\"yoast-schema-graph\">{\"@context\":\"https:\\\/\\\/schema.org\",\"@graph\":[{\"@type\":\"WebPage\",\"@id\":\"https:\\\/\\\/manskin.ch\\\/fr\\\/produkt\\\/rasoir-traditional-chrome-r89-grande\\\/\",\"url\":\"https:\\\/\\\/manskin.ch\\\/fr\\\/produkt\\\/rasoir-traditional-chrome-r89-grande\\\/\",\"name\":\"M\u00dcHLE - Rasoir Traditional chrom\u00e9 R89 Grande | Manskin.ch\",\"isPartOf\":{\"@id\":\"https:\\\/\\\/manskin.ch\\\/fr\\\/#website\"},\"primaryImageOfPage\":{\"@id\":\"https:\\\/\\\/manskin.ch\\\/fr\\\/produkt\\\/rasoir-traditional-chrome-r89-grande\\\/#primaryimage\"},\"image\":{\"@id\":\"https:\\\/\\\/manskin.ch\\\/fr\\\/produkt\\\/rasoir-traditional-chrome-r89-grande\\\/#primaryimage\"},\"thumbnailUrl\":\"https:\\\/\\\/manskin.ch\\\/wp-content\\\/uploads\\\/2023\\\/02\\\/r89grande.jpeg\",\"datePublished\":\"2023-02-04T13:18:20+00:00\",\"dateModified\":\"2025-09-15T09:14:15+00:00\",\"description\":\"M\u00dcHLE - Rasoir Traditional chrom\u00e9 R89 Grande\",\"breadcrumb\":{\"@id\":\"https:\\\/\\\/manskin.ch\\\/fr\\\/produkt\\\/rasoir-traditional-chrome-r89-grande\\\/#breadcrumb\"},\"inLanguage\":\"fr-FR\",\"potentialAction\":[{\"@type\":\"ReadAction\",\"target\":[\"https:\\\/\\\/manskin.ch\\\/fr\\\/produkt\\\/rasoir-traditional-chrome-r89-grande\\\/\"]}]},{\"@type\":\"ImageObject\",\"inLanguage\":\"fr-FR\",\"@id\":\"https:\\\/\\\/manskin.ch\\\/fr\\\/produkt\\\/rasoir-traditional-chrome-r89-grande\\\/#primaryimage\",\"url\":\"https:\\\/\\\/manskin.ch\\\/wp-content\\\/uploads\\\/2023\\\/02\\\/r89grande.jpeg\",\"contentUrl\":\"https:\\\/\\\/manskin.ch\\\/wp-content\\\/uploads\\\/2023\\\/02\\\/r89grande.jpeg\",\"width\":800,\"height\":800},{\"@type\":\"BreadcrumbList\",\"@id\":\"https:\\\/\\\/manskin.ch\\\/fr\\\/produkt\\\/rasoir-traditional-chrome-r89-grande\\\/#breadcrumb\",\"itemListElement\":[{\"@type\":\"ListItem\",\"position\":1,\"name\":\"Startseite\",\"item\":\"https:\\\/\\\/manskin.ch\\\/fr\\\/\"},{\"@type\":\"ListItem\",\"position\":2,\"name\":\"Boutique Soins pour Hommes &amp; Skincare\",\"item\":\"https:\\\/\\\/manskin.ch\\\/fr\\\/boutique\\\/\"},{\"@type\":\"ListItem\",\"position\":3,\"name\":\"M\u00dcHLE &#8211; Rasoir Traditional chrom\u00e9 R89 Grande\"}]},{\"@type\":\"WebSite\",\"@id\":\"https:\\\/\\\/manskin.ch\\\/fr\\\/#website\",\"url\":\"https:\\\/\\\/manskin.ch\\\/fr\\\/\",\"name\":\"Manskin.ch\",\"description\":\"Tous les produits de beaut\u00e9 pour les hommes les plus exigeants\",\"publisher\":{\"@id\":\"https:\\\/\\\/manskin.ch\\\/fr\\\/#organization\"},\"potentialAction\":[{\"@type\":\"SearchAction\",\"target\":{\"@type\":\"EntryPoint\",\"urlTemplate\":\"https:\\\/\\\/manskin.ch\\\/fr\\\/?s={search_term_string}\"},\"query-input\":{\"@type\":\"PropertyValueSpecification\",\"valueRequired\":true,\"valueName\":\"search_term_string\"}}],\"inLanguage\":\"fr-FR\"},{\"@type\":\"Organization\",\"@id\":\"https:\\\/\\\/manskin.ch\\\/fr\\\/#organization\",\"name\":\"Manskin.ch - der Schweizer Onlineshop f\u00fcr qualit\u00e4tsstarke M\u00e4nnerpflege\",\"url\":\"https:\\\/\\\/manskin.ch\\\/fr\\\/\",\"logo\":{\"@type\":\"ImageObject\",\"inLanguage\":\"fr-FR\",\"@id\":\"https:\\\/\\\/manskin.ch\\\/fr\\\/#\\\/schema\\\/logo\\\/image\\\/\",\"url\":\"https:\\\/\\\/manskin.ch\\\/wp-content\\\/uploads\\\/2021\\\/04\\\/cropped-logo_head.png\",\"contentUrl\":\"https:\\\/\\\/manskin.ch\\\/wp-content\\\/uploads\\\/2021\\\/04\\\/cropped-logo_head.png\",\"width\":235,\"height\":75,\"caption\":\"Manskin.ch - der Schweizer Onlineshop f\u00fcr qualit\u00e4tsstarke M\u00e4nnerpflege\"},\"image\":{\"@id\":\"https:\\\/\\\/manskin.ch\\\/fr\\\/#\\\/schema\\\/logo\\\/image\\\/\"},\"sameAs\":[\"https:\\\/\\\/www.facebook.com\\\/manskin.ch\",\"https:\\\/\\\/www.instagram.com\\\/manskin.ch\\\/\"],\"hasMerchantReturnPolicy\":{\"@type\":\"MerchantReturnPolicy\",\"merchantReturnLink\":\"https:\\\/\\\/manskin.ch\\\/impressum\\\/ruecksendungen\\\/\"}}]}<\/script>\n<meta property=\"product:brand\" content=\"M\u00dcHLE\" \/>\n<meta property=\"product:price:amount\" content=\"59.00\" \/>\n<meta property=\"product:price:currency\" content=\"CHF\" \/>\n<meta property=\"og:availability\" content=\"instock\" \/>\n<meta property=\"product:availability\" content=\"instock\" \/>\n<meta property=\"product:retailer_item_id\" content=\"13177\" \/>\n<meta property=\"product:condition\" content=\"new\" \/>\n<!-- \/ Yoast SEO Premium plugin. -->","yoast_head_json":{"title":"M\u00dcHLE - Rasoir Traditional chrom\u00e9 R89 Grande | Manskin.ch","description":"M\u00dcHLE - Rasoir Traditional chrom\u00e9 R89 Grande","robots":{"index":"index","follow":"follow","max-snippet":"max-snippet:-1","max-image-preview":"max-image-preview:large","max-video-preview":"max-video-preview:-1"},"canonical":"https:\/\/manskin.ch\/fr\/produkt\/rasoir-traditional-chrome-r89-grande\/","og_locale":"fr_FR","og_type":"article","og_title":"M\u00dcHLE - Rasoir Traditional chrom\u00e9 R89 Grande","og_description":"M\u00dcHLE - Rasoir Traditional chrom\u00e9 R89 Grande","og_url":"https:\/\/manskin.ch\/fr\/produkt\/rasoir-traditional-chrome-r89-grande\/","og_site_name":"Manskin.ch","article_publisher":"https:\/\/www.facebook.com\/manskin.ch","article_modified_time":"2025-09-15T09:14:15+00:00","og_image":[{"width":800,"height":800,"url":"https:\/\/manskin.ch\/wp-content\/uploads\/2023\/02\/r89grande.jpeg","type":"image\/jpeg"}],"twitter_card":"summary_large_image","twitter_misc":{"Prix":"59.00&#67;&#72;&#70;","Disponibilit\u00e9":"En stock"},"schema":{"@context":"https:\/\/schema.org","@graph":[{"@type":"WebPage","@id":"https:\/\/manskin.ch\/fr\/produkt\/rasoir-traditional-chrome-r89-grande\/","url":"https:\/\/manskin.ch\/fr\/produkt\/rasoir-traditional-chrome-r89-grande\/","name":"M\u00dcHLE - Rasoir Traditional chrom\u00e9 R89 Grande | Manskin.ch","isPartOf":{"@id":"https:\/\/manskin.ch\/fr\/#website"},"primaryImageOfPage":{"@id":"https:\/\/manskin.ch\/fr\/produkt\/rasoir-traditional-chrome-r89-grande\/#primaryimage"},"image":{"@id":"https:\/\/manskin.ch\/fr\/produkt\/rasoir-traditional-chrome-r89-grande\/#primaryimage"},"thumbnailUrl":"https:\/\/manskin.ch\/wp-content\/uploads\/2023\/02\/r89grande.jpeg","datePublished":"2023-02-04T13:18:20+00:00","dateModified":"2025-09-15T09:14:15+00:00","description":"M\u00dcHLE - Rasoir Traditional chrom\u00e9 R89 Grande","breadcrumb":{"@id":"https:\/\/manskin.ch\/fr\/produkt\/rasoir-traditional-chrome-r89-grande\/#breadcrumb"},"inLanguage":"fr-FR","potentialAction":[{"@type":"ReadAction","target":["https:\/\/manskin.ch\/fr\/produkt\/rasoir-traditional-chrome-r89-grande\/"]}]},{"@type":"ImageObject","inLanguage":"fr-FR","@id":"https:\/\/manskin.ch\/fr\/produkt\/rasoir-traditional-chrome-r89-grande\/#primaryimage","url":"https:\/\/manskin.ch\/wp-content\/uploads\/2023\/02\/r89grande.jpeg","contentUrl":"https:\/\/manskin.ch\/wp-content\/uploads\/2023\/02\/r89grande.jpeg","width":800,"height":800},{"@type":"BreadcrumbList","@id":"https:\/\/manskin.ch\/fr\/produkt\/rasoir-traditional-chrome-r89-grande\/#breadcrumb","itemListElement":[{"@type":"ListItem","position":1,"name":"Startseite","item":"https:\/\/manskin.ch\/fr\/"},{"@type":"ListItem","position":2,"name":"Boutique Soins pour Hommes &amp; Skincare","item":"https:\/\/manskin.ch\/fr\/boutique\/"},{"@type":"ListItem","position":3,"name":"M\u00dcHLE &#8211; Rasoir Traditional chrom\u00e9 R89 Grande"}]},{"@type":"WebSite","@id":"https:\/\/manskin.ch\/fr\/#website","url":"https:\/\/manskin.ch\/fr\/","name":"Manskin.ch","description":"Tous les produits de beaut\u00e9 pour les hommes les plus exigeants","publisher":{"@id":"https:\/\/manskin.ch\/fr\/#organization"},"potentialAction":[{"@type":"SearchAction","target":{"@type":"EntryPoint","urlTemplate":"https:\/\/manskin.ch\/fr\/?s={search_term_string}"},"query-input":{"@type":"PropertyValueSpecification","valueRequired":true,"valueName":"search_term_string"}}],"inLanguage":"fr-FR"},{"@type":"Organization","@id":"https:\/\/manskin.ch\/fr\/#organization","name":"Manskin.ch - der Schweizer Onlineshop f\u00fcr qualit\u00e4tsstarke M\u00e4nnerpflege","url":"https:\/\/manskin.ch\/fr\/","logo":{"@type":"ImageObject","inLanguage":"fr-FR","@id":"https:\/\/manskin.ch\/fr\/#\/schema\/logo\/image\/","url":"https:\/\/manskin.ch\/wp-content\/uploads\/2021\/04\/cropped-logo_head.png","contentUrl":"https:\/\/manskin.ch\/wp-content\/uploads\/2021\/04\/cropped-logo_head.png","width":235,"height":75,"caption":"Manskin.ch - der Schweizer Onlineshop f\u00fcr qualit\u00e4tsstarke M\u00e4nnerpflege"},"image":{"@id":"https:\/\/manskin.ch\/fr\/#\/schema\/logo\/image\/"},"sameAs":["https:\/\/www.facebook.com\/manskin.ch","https:\/\/www.instagram.com\/manskin.ch\/"],"hasMerchantReturnPolicy":{"@type":"MerchantReturnPolicy","merchantReturnLink":"https:\/\/manskin.ch\/impressum\/ruecksendungen\/"}}]},"product_brand":"M\u00dcHLE","product_price_amount":"59.00","product_price_currency":"CHF","og_availability":"instock","product_availability":"instock","product_retailer_item_id":"13177","product_condition":"new"},"brands":[{"id":2769,"name":"M\u00dcHLE","slug":"muehle"}],"_links":{"self":[{"href":"https:\/\/manskin.ch\/fr\/wp-json\/wp\/v2\/product\/20554","targetHints":{"allow":["GET"]}}],"collection":[{"href":"https:\/\/manskin.ch\/fr\/wp-json\/wp\/v2\/product"}],"about":[{"href":"https:\/\/manskin.ch\/fr\/wp-json\/wp\/v2\/types\/product"}],"replies":[{"embeddable":true,"href":"https:\/\/manskin.ch\/fr\/wp-json\/wp\/v2\/comments?post=20554"}],"wp:featuredmedia":[{"embeddable":true,"href":"https:\/\/manskin.ch\/fr\/wp-json\/wp\/v2\/media\/20557"}],"wp:attachment":[{"href":"https:\/\/manskin.ch\/fr\/wp-json\/wp\/v2\/media?parent=20554"}],"wp:term":[{"taxonomy":"pwb-brand","embeddable":true,"href":"https:\/\/manskin.ch\/fr\/wp-json\/wp\/v2\/pwb-brand?post=20554"},{"taxonomy":"product_brand","embeddable":true,"href":"https:\/\/manskin.ch\/fr\/wp-json\/wp\/v2\/product_brand?post=20554"},{"taxonomy":"product_cat","embeddable":true,"href":"https:\/\/manskin.ch\/fr\/wp-json\/wp\/v2\/product_cat?post=20554"},{"taxonomy":"product_tag","embeddable":true,"href":"https:\/\/manskin.ch\/fr\/wp-json\/wp\/v2\/product_tag?post=20554"}],"curies":[{"name":"wp","href":"https:\/\/api.w.org\/{rel}","templated":true}]}}