{"id":19580,"date":"2022-10-22T17:16:22","date_gmt":"2022-10-22T15:16:22","guid":{"rendered":"https:\/\/manskin.ch\/?post_type=product&#038;p=19580"},"modified":"2026-01-15T22:42:55","modified_gmt":"2026-01-15T21:42:55","slug":"super-badger-tortoise","status":"publish","type":"product","link":"https:\/\/manskin.ch\/fr\/produkt\/super-badger-tortoise\/","title":{"rendered":"Super Badger Blaireau Tortoise"},"content":{"rendered":"<h2>St. James of London &#8211; Pinceau Super Badger Tortoise<\/h2>\n<ul>\n<li>Les pinceaux de rasage de St. James of London sont tous fabriqu\u00e9s \u00e0 la main en Italie. L\u00e0,\u00a0un savoir-faire artisanal tr\u00e8s respect\u00e9 est utilis\u00e9, qui remonte \u00e0 1908.<\/li>\n<li>Le pinceau\u00a0est fait\u00a0de poils de blaireau Super Badger de haute qualit\u00e9, extr\u00eamement doux et flexibles et qui absorbent et stockent l&rsquo;eau sans aucun probl\u00e8me.<\/li>\n<li>Comme ce sont\u00a0les poils de blaireau les plus fins qui sont utilis\u00e9s, un Super Badger contient\u00a020% plus de poils que les pinceaux de rasage conventionnels.<\/li>\n<li>En cons\u00e9quence, ce pinceau cr\u00e9e une mousse fine qui recouvre compl\u00e8tement tous les poils de la barbe, ce qui garantit un r\u00e9sultat de rasage optimal.<\/li>\n<li>Chaque manche de brosse est fait de r\u00e9sine dure moul\u00e9e dans un design de sablier classique avec un anneau chrom\u00e9 sur le dessus, ce qui donne une touche d&rsquo;\u00e9l\u00e9gance.<\/li>\n<li>Couleur Tortoise.<\/li>\n<li>Dimensions: loft 58 mm &#8211; poign\u00e9e 54 mm &#8211; hauteur 112 mm &#8211; noeud 24 mm<\/li>\n<\/ul>\n","protected":false},"excerpt":{"rendered":"<p>Poils de blaireau de la plus haute qualit\u00e9 pour un rasage parfait<\/p>\n","protected":false},"featured_media":19583,"comment_status":"closed","ping_status":"closed","template":"","meta":{"_acf_changed":false},"pwb-brand":[2784],"product_brand":[],"product_cat":[2425,2799],"product_tag":[],"class_list":{"0":"post-19580","1":"product","2":"type-product","3":"status-publish","4":"has-post-thumbnail","6":"pwb-brand-st-james-of-london","7":"product_cat-blaireau-new","8":"product_cat-st-james-of-london-fr","9":"sales-flash-overlay","10":"woocommerce-text-align-center","11":"woocommerce-image-align-center","12":"do-quantity-buttons","14":"first","15":"instock","16":"purchasable","17":"product-type-simple"},"acf":[],"yoast_head":"<!-- This site is optimized with the Yoast SEO Premium plugin v27.3 (Yoast SEO v27.3) - https:\/\/yoast.com\/product\/yoast-seo-premium-wordpress\/ -->\n<title>Super Badger Blaireau Tortoise | Manskin.ch<\/title>\n<meta name=\"description\" content=\"Super Badger Blaireau Tortoise\" \/>\n<meta name=\"robots\" content=\"index, follow, max-snippet:-1, max-image-preview:large, max-video-preview:-1\" \/>\n<link rel=\"canonical\" href=\"https:\/\/manskin.ch\/fr\/produkt\/super-badger-tortoise\/\" \/>\n<meta property=\"og:locale\" content=\"fr_FR\" \/>\n<meta property=\"og:type\" content=\"article\" \/>\n<meta property=\"og:title\" content=\"Super Badger Blaireau Tortoise\" \/>\n<meta property=\"og:description\" content=\"Super Badger Blaireau Tortoise\" \/>\n<meta property=\"og:url\" content=\"https:\/\/manskin.ch\/fr\/produkt\/super-badger-tortoise\/\" \/>\n<meta property=\"og:site_name\" content=\"Manskin.ch\" \/>\n<meta property=\"article:publisher\" content=\"https:\/\/www.facebook.com\/manskin.ch\" \/>\n<meta property=\"article:modified_time\" content=\"2026-01-15T21:42:55+00:00\" \/>\n<meta property=\"og:image\" content=\"https:\/\/manskin.ch\/wp-content\/uploads\/2022\/10\/super-badger-shaving-brush-tortoise-247-03037Xz0nerEkVqaSE.jpg\" \/>\n\t<meta property=\"og:image:width\" content=\"1273\" \/>\n\t<meta property=\"og:image:height\" content=\"1342\" \/>\n\t<meta property=\"og:image:type\" content=\"image\/jpeg\" \/>\n<meta name=\"twitter:card\" content=\"summary_large_image\" \/>\n<meta name=\"twitter:label1\" content=\"Prix\" \/>\n\t<meta name=\"twitter:data1\" content=\"65.00&#067;&#072;&#070;\" \/>\n\t<meta name=\"twitter:label2\" content=\"Disponibilit\u00e9\" \/>\n\t<meta name=\"twitter:data2\" content=\"En stock\" \/>\n<script type=\"application\/ld+json\" class=\"yoast-schema-graph\">{\"@context\":\"https:\\\/\\\/schema.org\",\"@graph\":[{\"@type\":\"WebPage\",\"@id\":\"https:\\\/\\\/manskin.ch\\\/fr\\\/produkt\\\/super-badger-tortoise\\\/\",\"url\":\"https:\\\/\\\/manskin.ch\\\/fr\\\/produkt\\\/super-badger-tortoise\\\/\",\"name\":\"Super Badger Blaireau Tortoise | Manskin.ch\",\"isPartOf\":{\"@id\":\"https:\\\/\\\/manskin.ch\\\/fr\\\/#website\"},\"primaryImageOfPage\":{\"@id\":\"https:\\\/\\\/manskin.ch\\\/fr\\\/produkt\\\/super-badger-tortoise\\\/#primaryimage\"},\"image\":{\"@id\":\"https:\\\/\\\/manskin.ch\\\/fr\\\/produkt\\\/super-badger-tortoise\\\/#primaryimage\"},\"thumbnailUrl\":\"https:\\\/\\\/manskin.ch\\\/wp-content\\\/uploads\\\/2022\\\/10\\\/super-badger-shaving-brush-tortoise-247-03037Xz0nerEkVqaSE.jpg\",\"datePublished\":\"2022-10-22T15:16:22+00:00\",\"dateModified\":\"2026-01-15T21:42:55+00:00\",\"description\":\"Super Badger Blaireau Tortoise\",\"breadcrumb\":{\"@id\":\"https:\\\/\\\/manskin.ch\\\/fr\\\/produkt\\\/super-badger-tortoise\\\/#breadcrumb\"},\"inLanguage\":\"fr-FR\",\"potentialAction\":[{\"@type\":\"ReadAction\",\"target\":[\"https:\\\/\\\/manskin.ch\\\/fr\\\/produkt\\\/super-badger-tortoise\\\/\"]}]},{\"@type\":\"ImageObject\",\"inLanguage\":\"fr-FR\",\"@id\":\"https:\\\/\\\/manskin.ch\\\/fr\\\/produkt\\\/super-badger-tortoise\\\/#primaryimage\",\"url\":\"https:\\\/\\\/manskin.ch\\\/wp-content\\\/uploads\\\/2022\\\/10\\\/super-badger-shaving-brush-tortoise-247-03037Xz0nerEkVqaSE.jpg\",\"contentUrl\":\"https:\\\/\\\/manskin.ch\\\/wp-content\\\/uploads\\\/2022\\\/10\\\/super-badger-shaving-brush-tortoise-247-03037Xz0nerEkVqaSE.jpg\",\"width\":1273,\"height\":1342},{\"@type\":\"BreadcrumbList\",\"@id\":\"https:\\\/\\\/manskin.ch\\\/fr\\\/produkt\\\/super-badger-tortoise\\\/#breadcrumb\",\"itemListElement\":[{\"@type\":\"ListItem\",\"position\":1,\"name\":\"Startseite\",\"item\":\"https:\\\/\\\/manskin.ch\\\/fr\\\/\"},{\"@type\":\"ListItem\",\"position\":2,\"name\":\"Boutique Soins pour Hommes &amp; Skincare\",\"item\":\"https:\\\/\\\/manskin.ch\\\/fr\\\/boutique\\\/\"},{\"@type\":\"ListItem\",\"position\":3,\"name\":\"Super Badger Blaireau Tortoise\"}]},{\"@type\":\"WebSite\",\"@id\":\"https:\\\/\\\/manskin.ch\\\/fr\\\/#website\",\"url\":\"https:\\\/\\\/manskin.ch\\\/fr\\\/\",\"name\":\"Manskin.ch\",\"description\":\"Tous les produits de beaut\u00e9 pour les hommes les plus exigeants\",\"publisher\":{\"@id\":\"https:\\\/\\\/manskin.ch\\\/fr\\\/#organization\"},\"potentialAction\":[{\"@type\":\"SearchAction\",\"target\":{\"@type\":\"EntryPoint\",\"urlTemplate\":\"https:\\\/\\\/manskin.ch\\\/fr\\\/?s={search_term_string}\"},\"query-input\":{\"@type\":\"PropertyValueSpecification\",\"valueRequired\":true,\"valueName\":\"search_term_string\"}}],\"inLanguage\":\"fr-FR\"},{\"@type\":\"Organization\",\"@id\":\"https:\\\/\\\/manskin.ch\\\/fr\\\/#organization\",\"name\":\"Manskin.ch - der Schweizer Onlineshop f\u00fcr qualit\u00e4tsstarke M\u00e4nnerpflege\",\"url\":\"https:\\\/\\\/manskin.ch\\\/fr\\\/\",\"logo\":{\"@type\":\"ImageObject\",\"inLanguage\":\"fr-FR\",\"@id\":\"https:\\\/\\\/manskin.ch\\\/fr\\\/#\\\/schema\\\/logo\\\/image\\\/\",\"url\":\"https:\\\/\\\/manskin.ch\\\/wp-content\\\/uploads\\\/2021\\\/04\\\/cropped-logo_head.png\",\"contentUrl\":\"https:\\\/\\\/manskin.ch\\\/wp-content\\\/uploads\\\/2021\\\/04\\\/cropped-logo_head.png\",\"width\":235,\"height\":75,\"caption\":\"Manskin.ch - der Schweizer Onlineshop f\u00fcr qualit\u00e4tsstarke M\u00e4nnerpflege\"},\"image\":{\"@id\":\"https:\\\/\\\/manskin.ch\\\/fr\\\/#\\\/schema\\\/logo\\\/image\\\/\"},\"sameAs\":[\"https:\\\/\\\/www.facebook.com\\\/manskin.ch\",\"https:\\\/\\\/www.instagram.com\\\/manskin.ch\\\/\"]}]}<\/script>\n<meta property=\"product:price:amount\" content=\"65.00\" \/>\n<meta property=\"product:price:currency\" content=\"CHF\" \/>\n<meta property=\"og:availability\" content=\"instock\" \/>\n<meta property=\"product:availability\" content=\"instock\" \/>\n<meta property=\"product:retailer_item_id\" content=\"13131\" \/>\n<meta property=\"product:condition\" content=\"new\" \/>\n<!-- \/ Yoast SEO Premium plugin. -->","yoast_head_json":{"title":"Super Badger Blaireau Tortoise | Manskin.ch","description":"Super Badger Blaireau Tortoise","robots":{"index":"index","follow":"follow","max-snippet":"max-snippet:-1","max-image-preview":"max-image-preview:large","max-video-preview":"max-video-preview:-1"},"canonical":"https:\/\/manskin.ch\/fr\/produkt\/super-badger-tortoise\/","og_locale":"fr_FR","og_type":"article","og_title":"Super Badger Blaireau Tortoise","og_description":"Super Badger Blaireau Tortoise","og_url":"https:\/\/manskin.ch\/fr\/produkt\/super-badger-tortoise\/","og_site_name":"Manskin.ch","article_publisher":"https:\/\/www.facebook.com\/manskin.ch","article_modified_time":"2026-01-15T21:42:55+00:00","og_image":[{"width":1273,"height":1342,"url":"https:\/\/manskin.ch\/wp-content\/uploads\/2022\/10\/super-badger-shaving-brush-tortoise-247-03037Xz0nerEkVqaSE.jpg","type":"image\/jpeg"}],"twitter_card":"summary_large_image","twitter_misc":{"Prix":"65.00&#67;&#72;&#70;","Disponibilit\u00e9":"En stock"},"schema":{"@context":"https:\/\/schema.org","@graph":[{"@type":"WebPage","@id":"https:\/\/manskin.ch\/fr\/produkt\/super-badger-tortoise\/","url":"https:\/\/manskin.ch\/fr\/produkt\/super-badger-tortoise\/","name":"Super Badger Blaireau Tortoise | Manskin.ch","isPartOf":{"@id":"https:\/\/manskin.ch\/fr\/#website"},"primaryImageOfPage":{"@id":"https:\/\/manskin.ch\/fr\/produkt\/super-badger-tortoise\/#primaryimage"},"image":{"@id":"https:\/\/manskin.ch\/fr\/produkt\/super-badger-tortoise\/#primaryimage"},"thumbnailUrl":"https:\/\/manskin.ch\/wp-content\/uploads\/2022\/10\/super-badger-shaving-brush-tortoise-247-03037Xz0nerEkVqaSE.jpg","datePublished":"2022-10-22T15:16:22+00:00","dateModified":"2026-01-15T21:42:55+00:00","description":"Super Badger Blaireau Tortoise","breadcrumb":{"@id":"https:\/\/manskin.ch\/fr\/produkt\/super-badger-tortoise\/#breadcrumb"},"inLanguage":"fr-FR","potentialAction":[{"@type":"ReadAction","target":["https:\/\/manskin.ch\/fr\/produkt\/super-badger-tortoise\/"]}]},{"@type":"ImageObject","inLanguage":"fr-FR","@id":"https:\/\/manskin.ch\/fr\/produkt\/super-badger-tortoise\/#primaryimage","url":"https:\/\/manskin.ch\/wp-content\/uploads\/2022\/10\/super-badger-shaving-brush-tortoise-247-03037Xz0nerEkVqaSE.jpg","contentUrl":"https:\/\/manskin.ch\/wp-content\/uploads\/2022\/10\/super-badger-shaving-brush-tortoise-247-03037Xz0nerEkVqaSE.jpg","width":1273,"height":1342},{"@type":"BreadcrumbList","@id":"https:\/\/manskin.ch\/fr\/produkt\/super-badger-tortoise\/#breadcrumb","itemListElement":[{"@type":"ListItem","position":1,"name":"Startseite","item":"https:\/\/manskin.ch\/fr\/"},{"@type":"ListItem","position":2,"name":"Boutique Soins pour Hommes &amp; Skincare","item":"https:\/\/manskin.ch\/fr\/boutique\/"},{"@type":"ListItem","position":3,"name":"Super Badger Blaireau Tortoise"}]},{"@type":"WebSite","@id":"https:\/\/manskin.ch\/fr\/#website","url":"https:\/\/manskin.ch\/fr\/","name":"Manskin.ch","description":"Tous les produits de beaut\u00e9 pour les hommes les plus exigeants","publisher":{"@id":"https:\/\/manskin.ch\/fr\/#organization"},"potentialAction":[{"@type":"SearchAction","target":{"@type":"EntryPoint","urlTemplate":"https:\/\/manskin.ch\/fr\/?s={search_term_string}"},"query-input":{"@type":"PropertyValueSpecification","valueRequired":true,"valueName":"search_term_string"}}],"inLanguage":"fr-FR"},{"@type":"Organization","@id":"https:\/\/manskin.ch\/fr\/#organization","name":"Manskin.ch - der Schweizer Onlineshop f\u00fcr qualit\u00e4tsstarke M\u00e4nnerpflege","url":"https:\/\/manskin.ch\/fr\/","logo":{"@type":"ImageObject","inLanguage":"fr-FR","@id":"https:\/\/manskin.ch\/fr\/#\/schema\/logo\/image\/","url":"https:\/\/manskin.ch\/wp-content\/uploads\/2021\/04\/cropped-logo_head.png","contentUrl":"https:\/\/manskin.ch\/wp-content\/uploads\/2021\/04\/cropped-logo_head.png","width":235,"height":75,"caption":"Manskin.ch - der Schweizer Onlineshop f\u00fcr qualit\u00e4tsstarke M\u00e4nnerpflege"},"image":{"@id":"https:\/\/manskin.ch\/fr\/#\/schema\/logo\/image\/"},"sameAs":["https:\/\/www.facebook.com\/manskin.ch","https:\/\/www.instagram.com\/manskin.ch\/"]}]},"product_price_amount":"65.00","product_price_currency":"CHF","og_availability":"instock","product_availability":"instock","product_retailer_item_id":"13131","product_condition":"new"},"brands":[{"id":2784,"name":"St. James of London","slug":"st-james-of-london"}],"_links":{"self":[{"href":"https:\/\/manskin.ch\/fr\/wp-json\/wp\/v2\/product\/19580","targetHints":{"allow":["GET"]}}],"collection":[{"href":"https:\/\/manskin.ch\/fr\/wp-json\/wp\/v2\/product"}],"about":[{"href":"https:\/\/manskin.ch\/fr\/wp-json\/wp\/v2\/types\/product"}],"replies":[{"embeddable":true,"href":"https:\/\/manskin.ch\/fr\/wp-json\/wp\/v2\/comments?post=19580"}],"wp:featuredmedia":[{"embeddable":true,"href":"https:\/\/manskin.ch\/fr\/wp-json\/wp\/v2\/media\/19583"}],"wp:attachment":[{"href":"https:\/\/manskin.ch\/fr\/wp-json\/wp\/v2\/media?parent=19580"}],"wp:term":[{"taxonomy":"pwb-brand","embeddable":true,"href":"https:\/\/manskin.ch\/fr\/wp-json\/wp\/v2\/pwb-brand?post=19580"},{"taxonomy":"product_brand","embeddable":true,"href":"https:\/\/manskin.ch\/fr\/wp-json\/wp\/v2\/product_brand?post=19580"},{"taxonomy":"product_cat","embeddable":true,"href":"https:\/\/manskin.ch\/fr\/wp-json\/wp\/v2\/product_cat?post=19580"},{"taxonomy":"product_tag","embeddable":true,"href":"https:\/\/manskin.ch\/fr\/wp-json\/wp\/v2\/product_tag?post=19580"}],"curies":[{"name":"wp","href":"https:\/\/api.w.org\/{rel}","templated":true}]}}