{"id":19240,"date":"2022-01-08T13:05:58","date_gmt":"2022-01-08T12:05:58","guid":{"rendered":"https:\/\/manskin.ch\/?post_type=product&#038;p=19240"},"modified":"2025-10-12T11:51:20","modified_gmt":"2025-10-12T09:51:20","slug":"baxter-of-california-daily-fortifying-conditioner-473-ml","status":"publish","type":"product","link":"https:\/\/manskin.ch\/fr\/produkt\/baxter-of-california-daily-fortifying-conditioner-473-ml\/","title":{"rendered":"Baxter of California &#8211; Daily Fortifying Conditioner 473 ml"},"content":{"rendered":"<h2>Baxter of California &#8211; Apr&egrave;s-shampooing 473 ml<\/h2>\n<ul>\n<li>L&#39;apr&egrave;s-shampooing hydratant Daily Moisturising Conditioner est un soin revitalisant pour les cheveux masculins.<\/li>\n<li>Il d&eacute;m&ecirc;le et renforce les cheveux et leur donne un &eacute;clat soyeux.<\/li>\n<li>Effets : le soin apr&egrave;s-shampooing enrichi en substances nutritives reconstitue le taux d&#39;hydratation des cheveux.<\/li>\n<li>Les coenzymes A, B5, B6, B12 et Q10, les extraits de yucca, le gel d&#39;aloe vera, la k&eacute;ratine et le panth&eacute;nol renforcent les cheveux et augmentent leur brillance.<\/li>\n<\/ul>\n<p>Application : appliquez le produit sur les cheveux mouill&eacute;s apr&egrave;s le shampooing et massez vos cheveux. Rincez apr&egrave;s avoir laiss&eacute; agir le produit pendant une minute. Pour renforcer l&#39;effet, augmentez le temps de pose &agrave; 3-5 minutes. Pour un usage quotidien. Contenu 473 ml.<\/p>\n","protected":false},"excerpt":{"rendered":"<p>Baxter of California &#8211; Apr&egrave;s-shampooing 473 ml L&#39;apr&egrave;s-shampooing hydratant Daily Moisturising Conditioner est un soin revitalisant pour les cheveux masculins. Il d&eacute;m&ecirc;le et renforce les cheveux et leur donne un &eacute;clat soyeux. Effets : le soin apr&egrave;s-shampooing enrichi en substances nutritives reconstitue le taux d&#39;hydratation des cheveux. Les coenzymes A, B5, B6, B12 et Q10, &#8230; <a title=\"Baxter of California &#8211; Daily Fortifying Conditioner 473 ml\" class=\"read-more\" href=\"https:\/\/manskin.ch\/fr\/produkt\/baxter-of-california-daily-fortifying-conditioner-473-ml\/\" aria-label=\"En savoir plus sur Baxter of California &#8211; Daily Fortifying Conditioner 473 ml\">Lire la suite<\/a><\/p>\n","protected":false},"featured_media":3099,"comment_status":"closed","ping_status":"closed","template":"","meta":{"_acf_changed":false},"pwb-brand":[2753],"product_brand":[],"product_cat":[2905,6576,1948,224],"product_tag":[],"class_list":{"0":"post-19240","1":"product","2":"type-product","3":"status-publish","4":"has-post-thumbnail","6":"pwb-brand-baxter-of-california","7":"product_cat-baxter-of-california-fr","8":"product_cat-myabo-fr","9":"product_cat-shampoing-conditioner","10":"product_cat-shampoo-spuelung","11":"product_shipping_class-standard","12":"product_shipping_class-standard-fr","13":"pa_hersteller-baxter-of-california-fr-2","14":"sales-flash-overlay","15":"woocommerce-text-align-center","16":"woocommerce-image-align-center","17":"do-quantity-buttons","18":"has-subscription-plans","20":"first","21":"instock","22":"purchasable","23":"product-type-simple"},"acf":[],"yoast_head":"<!-- This site is optimized with the Yoast SEO Premium plugin v27.3 (Yoast SEO v27.3) - https:\/\/yoast.com\/product\/yoast-seo-premium-wordpress\/ -->\n<title>Baxter of California - Daily Fortifying Conditioner 473 ml | Manskin.ch<\/title>\n<meta name=\"description\" content=\"Baxter of California - Daily Fortifying Conditioner 473 ml\" \/>\n<meta name=\"robots\" content=\"index, follow, max-snippet:-1, max-image-preview:large, max-video-preview:-1\" \/>\n<link rel=\"canonical\" href=\"https:\/\/manskin.ch\/fr\/produkt\/baxter-of-california-daily-fortifying-conditioner-473-ml\/\" \/>\n<meta property=\"og:locale\" content=\"fr_FR\" \/>\n<meta property=\"og:type\" content=\"article\" \/>\n<meta property=\"og:title\" content=\"Baxter of California - Daily Fortifying Conditioner 473 ml\" \/>\n<meta property=\"og:description\" content=\"Baxter of California - Daily Fortifying Conditioner 473 ml\" \/>\n<meta property=\"og:url\" content=\"https:\/\/manskin.ch\/fr\/produkt\/baxter-of-california-daily-fortifying-conditioner-473-ml\/\" \/>\n<meta property=\"og:site_name\" content=\"Manskin.ch\" \/>\n<meta property=\"article:publisher\" content=\"https:\/\/www.facebook.com\/manskin.ch\" \/>\n<meta property=\"article:modified_time\" content=\"2025-10-12T09:51:20+00:00\" \/>\n<meta property=\"og:image\" content=\"https:\/\/manskin.ch\/wp-content\/uploads\/2022\/01\/916_0.jpg\" \/>\n\t<meta property=\"og:image:width\" content=\"800\" \/>\n\t<meta property=\"og:image:height\" content=\"800\" \/>\n\t<meta property=\"og:image:type\" content=\"image\/jpeg\" \/>\n<meta name=\"twitter:card\" content=\"summary_large_image\" \/>\n<meta name=\"twitter:label1\" content=\"Prix\" \/>\n\t<meta name=\"twitter:data1\" content=\"36.90&#067;&#072;&#070;\" \/>\n\t<meta name=\"twitter:label2\" content=\"Disponibilit\u00e9\" \/>\n\t<meta name=\"twitter:data2\" content=\"En stock\" \/>\n<script type=\"application\/ld+json\" class=\"yoast-schema-graph\">{\"@context\":\"https:\\\/\\\/schema.org\",\"@graph\":[{\"@type\":\"WebPage\",\"@id\":\"https:\\\/\\\/manskin.ch\\\/fr\\\/produkt\\\/baxter-of-california-daily-fortifying-conditioner-473-ml\\\/\",\"url\":\"https:\\\/\\\/manskin.ch\\\/fr\\\/produkt\\\/baxter-of-california-daily-fortifying-conditioner-473-ml\\\/\",\"name\":\"Baxter of California - Daily Fortifying Conditioner 473 ml | Manskin.ch\",\"isPartOf\":{\"@id\":\"https:\\\/\\\/manskin.ch\\\/fr\\\/#website\"},\"primaryImageOfPage\":{\"@id\":\"https:\\\/\\\/manskin.ch\\\/fr\\\/produkt\\\/baxter-of-california-daily-fortifying-conditioner-473-ml\\\/#primaryimage\"},\"image\":{\"@id\":\"https:\\\/\\\/manskin.ch\\\/fr\\\/produkt\\\/baxter-of-california-daily-fortifying-conditioner-473-ml\\\/#primaryimage\"},\"thumbnailUrl\":\"https:\\\/\\\/manskin.ch\\\/wp-content\\\/uploads\\\/2022\\\/01\\\/916_0.jpg\",\"datePublished\":\"2022-01-08T12:05:58+00:00\",\"dateModified\":\"2025-10-12T09:51:20+00:00\",\"description\":\"Baxter of California - Daily Fortifying Conditioner 473 ml\",\"breadcrumb\":{\"@id\":\"https:\\\/\\\/manskin.ch\\\/fr\\\/produkt\\\/baxter-of-california-daily-fortifying-conditioner-473-ml\\\/#breadcrumb\"},\"inLanguage\":\"fr-FR\",\"potentialAction\":[{\"@type\":\"ReadAction\",\"target\":[\"https:\\\/\\\/manskin.ch\\\/fr\\\/produkt\\\/baxter-of-california-daily-fortifying-conditioner-473-ml\\\/\"]}]},{\"@type\":\"ImageObject\",\"inLanguage\":\"fr-FR\",\"@id\":\"https:\\\/\\\/manskin.ch\\\/fr\\\/produkt\\\/baxter-of-california-daily-fortifying-conditioner-473-ml\\\/#primaryimage\",\"url\":\"https:\\\/\\\/manskin.ch\\\/wp-content\\\/uploads\\\/2022\\\/01\\\/916_0.jpg\",\"contentUrl\":\"https:\\\/\\\/manskin.ch\\\/wp-content\\\/uploads\\\/2022\\\/01\\\/916_0.jpg\",\"width\":800,\"height\":800},{\"@type\":\"BreadcrumbList\",\"@id\":\"https:\\\/\\\/manskin.ch\\\/fr\\\/produkt\\\/baxter-of-california-daily-fortifying-conditioner-473-ml\\\/#breadcrumb\",\"itemListElement\":[{\"@type\":\"ListItem\",\"position\":1,\"name\":\"Startseite\",\"item\":\"https:\\\/\\\/manskin.ch\\\/fr\\\/\"},{\"@type\":\"ListItem\",\"position\":2,\"name\":\"Boutique\",\"item\":\"https:\\\/\\\/manskin.ch\\\/fr\\\/boutique\\\/\"},{\"@type\":\"ListItem\",\"position\":3,\"name\":\"Baxter of California &#8211; Daily Fortifying Conditioner 473 ml\"}]},{\"@type\":\"WebSite\",\"@id\":\"https:\\\/\\\/manskin.ch\\\/fr\\\/#website\",\"url\":\"https:\\\/\\\/manskin.ch\\\/fr\\\/\",\"name\":\"Manskin.ch\",\"description\":\"Tous les produits de beaut\u00e9 pour les hommes les plus exigeants\",\"publisher\":{\"@id\":\"https:\\\/\\\/manskin.ch\\\/fr\\\/#organization\"},\"potentialAction\":[{\"@type\":\"SearchAction\",\"target\":{\"@type\":\"EntryPoint\",\"urlTemplate\":\"https:\\\/\\\/manskin.ch\\\/fr\\\/?s={search_term_string}\"},\"query-input\":{\"@type\":\"PropertyValueSpecification\",\"valueRequired\":true,\"valueName\":\"search_term_string\"}}],\"inLanguage\":\"fr-FR\"},{\"@type\":\"Organization\",\"@id\":\"https:\\\/\\\/manskin.ch\\\/fr\\\/#organization\",\"name\":\"Manskin.ch - der Schweizer Onlineshop f\u00fcr qualit\u00e4tsstarke M\u00e4nnerpflege\",\"url\":\"https:\\\/\\\/manskin.ch\\\/fr\\\/\",\"logo\":{\"@type\":\"ImageObject\",\"inLanguage\":\"fr-FR\",\"@id\":\"https:\\\/\\\/manskin.ch\\\/fr\\\/#\\\/schema\\\/logo\\\/image\\\/\",\"url\":\"https:\\\/\\\/manskin.ch\\\/wp-content\\\/uploads\\\/2021\\\/04\\\/cropped-logo_head.png\",\"contentUrl\":\"https:\\\/\\\/manskin.ch\\\/wp-content\\\/uploads\\\/2021\\\/04\\\/cropped-logo_head.png\",\"width\":235,\"height\":75,\"caption\":\"Manskin.ch - der Schweizer Onlineshop f\u00fcr qualit\u00e4tsstarke M\u00e4nnerpflege\"},\"image\":{\"@id\":\"https:\\\/\\\/manskin.ch\\\/fr\\\/#\\\/schema\\\/logo\\\/image\\\/\"},\"sameAs\":[\"https:\\\/\\\/www.facebook.com\\\/manskin.ch\",\"https:\\\/\\\/www.instagram.com\\\/manskin.ch\\\/\"]}]}<\/script>\n<meta property=\"product:price:amount\" content=\"36.90\" \/>\n<meta property=\"product:price:currency\" content=\"CHF\" \/>\n<meta property=\"og:availability\" content=\"instock\" \/>\n<meta property=\"product:availability\" content=\"instock\" \/>\n<meta property=\"product:retailer_item_id\" content=\"12388\" \/>\n<meta property=\"product:condition\" content=\"new\" \/>\n<!-- \/ Yoast SEO Premium plugin. -->","yoast_head_json":{"title":"Baxter of California - Daily Fortifying Conditioner 473 ml | Manskin.ch","description":"Baxter of California - Daily Fortifying Conditioner 473 ml","robots":{"index":"index","follow":"follow","max-snippet":"max-snippet:-1","max-image-preview":"max-image-preview:large","max-video-preview":"max-video-preview:-1"},"canonical":"https:\/\/manskin.ch\/fr\/produkt\/baxter-of-california-daily-fortifying-conditioner-473-ml\/","og_locale":"fr_FR","og_type":"article","og_title":"Baxter of California - Daily Fortifying Conditioner 473 ml","og_description":"Baxter of California - Daily Fortifying Conditioner 473 ml","og_url":"https:\/\/manskin.ch\/fr\/produkt\/baxter-of-california-daily-fortifying-conditioner-473-ml\/","og_site_name":"Manskin.ch","article_publisher":"https:\/\/www.facebook.com\/manskin.ch","article_modified_time":"2025-10-12T09:51:20+00:00","og_image":[{"width":800,"height":800,"url":"https:\/\/manskin.ch\/wp-content\/uploads\/2022\/01\/916_0.jpg","type":"image\/jpeg"}],"twitter_card":"summary_large_image","twitter_misc":{"Prix":"36.90&#67;&#72;&#70;","Disponibilit\u00e9":"En stock"},"schema":{"@context":"https:\/\/schema.org","@graph":[{"@type":"WebPage","@id":"https:\/\/manskin.ch\/fr\/produkt\/baxter-of-california-daily-fortifying-conditioner-473-ml\/","url":"https:\/\/manskin.ch\/fr\/produkt\/baxter-of-california-daily-fortifying-conditioner-473-ml\/","name":"Baxter of California - Daily Fortifying Conditioner 473 ml | Manskin.ch","isPartOf":{"@id":"https:\/\/manskin.ch\/fr\/#website"},"primaryImageOfPage":{"@id":"https:\/\/manskin.ch\/fr\/produkt\/baxter-of-california-daily-fortifying-conditioner-473-ml\/#primaryimage"},"image":{"@id":"https:\/\/manskin.ch\/fr\/produkt\/baxter-of-california-daily-fortifying-conditioner-473-ml\/#primaryimage"},"thumbnailUrl":"https:\/\/manskin.ch\/wp-content\/uploads\/2022\/01\/916_0.jpg","datePublished":"2022-01-08T12:05:58+00:00","dateModified":"2025-10-12T09:51:20+00:00","description":"Baxter of California - Daily Fortifying Conditioner 473 ml","breadcrumb":{"@id":"https:\/\/manskin.ch\/fr\/produkt\/baxter-of-california-daily-fortifying-conditioner-473-ml\/#breadcrumb"},"inLanguage":"fr-FR","potentialAction":[{"@type":"ReadAction","target":["https:\/\/manskin.ch\/fr\/produkt\/baxter-of-california-daily-fortifying-conditioner-473-ml\/"]}]},{"@type":"ImageObject","inLanguage":"fr-FR","@id":"https:\/\/manskin.ch\/fr\/produkt\/baxter-of-california-daily-fortifying-conditioner-473-ml\/#primaryimage","url":"https:\/\/manskin.ch\/wp-content\/uploads\/2022\/01\/916_0.jpg","contentUrl":"https:\/\/manskin.ch\/wp-content\/uploads\/2022\/01\/916_0.jpg","width":800,"height":800},{"@type":"BreadcrumbList","@id":"https:\/\/manskin.ch\/fr\/produkt\/baxter-of-california-daily-fortifying-conditioner-473-ml\/#breadcrumb","itemListElement":[{"@type":"ListItem","position":1,"name":"Startseite","item":"https:\/\/manskin.ch\/fr\/"},{"@type":"ListItem","position":2,"name":"Boutique","item":"https:\/\/manskin.ch\/fr\/boutique\/"},{"@type":"ListItem","position":3,"name":"Baxter of California &#8211; Daily Fortifying Conditioner 473 ml"}]},{"@type":"WebSite","@id":"https:\/\/manskin.ch\/fr\/#website","url":"https:\/\/manskin.ch\/fr\/","name":"Manskin.ch","description":"Tous les produits de beaut\u00e9 pour les hommes les plus exigeants","publisher":{"@id":"https:\/\/manskin.ch\/fr\/#organization"},"potentialAction":[{"@type":"SearchAction","target":{"@type":"EntryPoint","urlTemplate":"https:\/\/manskin.ch\/fr\/?s={search_term_string}"},"query-input":{"@type":"PropertyValueSpecification","valueRequired":true,"valueName":"search_term_string"}}],"inLanguage":"fr-FR"},{"@type":"Organization","@id":"https:\/\/manskin.ch\/fr\/#organization","name":"Manskin.ch - der Schweizer Onlineshop f\u00fcr qualit\u00e4tsstarke M\u00e4nnerpflege","url":"https:\/\/manskin.ch\/fr\/","logo":{"@type":"ImageObject","inLanguage":"fr-FR","@id":"https:\/\/manskin.ch\/fr\/#\/schema\/logo\/image\/","url":"https:\/\/manskin.ch\/wp-content\/uploads\/2021\/04\/cropped-logo_head.png","contentUrl":"https:\/\/manskin.ch\/wp-content\/uploads\/2021\/04\/cropped-logo_head.png","width":235,"height":75,"caption":"Manskin.ch - der Schweizer Onlineshop f\u00fcr qualit\u00e4tsstarke M\u00e4nnerpflege"},"image":{"@id":"https:\/\/manskin.ch\/fr\/#\/schema\/logo\/image\/"},"sameAs":["https:\/\/www.facebook.com\/manskin.ch","https:\/\/www.instagram.com\/manskin.ch\/"]}]},"product_price_amount":"36.90","product_price_currency":"CHF","og_availability":"instock","product_availability":"instock","product_retailer_item_id":"12388","product_condition":"new"},"brands":[{"id":2753,"name":"Baxter of California","slug":"baxter-of-california"}],"_links":{"self":[{"href":"https:\/\/manskin.ch\/fr\/wp-json\/wp\/v2\/product\/19240","targetHints":{"allow":["GET"]}}],"collection":[{"href":"https:\/\/manskin.ch\/fr\/wp-json\/wp\/v2\/product"}],"about":[{"href":"https:\/\/manskin.ch\/fr\/wp-json\/wp\/v2\/types\/product"}],"replies":[{"embeddable":true,"href":"https:\/\/manskin.ch\/fr\/wp-json\/wp\/v2\/comments?post=19240"}],"wp:featuredmedia":[{"embeddable":true,"href":"https:\/\/manskin.ch\/fr\/wp-json\/wp\/v2\/media\/3099"}],"wp:attachment":[{"href":"https:\/\/manskin.ch\/fr\/wp-json\/wp\/v2\/media?parent=19240"}],"wp:term":[{"taxonomy":"pwb-brand","embeddable":true,"href":"https:\/\/manskin.ch\/fr\/wp-json\/wp\/v2\/pwb-brand?post=19240"},{"taxonomy":"product_brand","embeddable":true,"href":"https:\/\/manskin.ch\/fr\/wp-json\/wp\/v2\/product_brand?post=19240"},{"taxonomy":"product_cat","embeddable":true,"href":"https:\/\/manskin.ch\/fr\/wp-json\/wp\/v2\/product_cat?post=19240"},{"taxonomy":"product_tag","embeddable":true,"href":"https:\/\/manskin.ch\/fr\/wp-json\/wp\/v2\/product_tag?post=19240"}],"curies":[{"name":"wp","href":"https:\/\/api.w.org\/{rel}","templated":true}]}}