{"id":19137,"date":"2022-01-08T14:07:21","date_gmt":"2022-01-08T13:07:21","guid":{"rendered":"https:\/\/manskin.ch\/produkt\/skin-republich-hyaluronic-acid-serum\/"},"modified":"2025-07-18T10:53:43","modified_gmt":"2025-07-18T08:53:43","slug":"skin-republich-hyaluronic-acid-serum","status":"publish","type":"product","link":"https:\/\/manskin.ch\/fr\/produkt\/skin-republich-hyaluronic-acid-serum\/","title":{"rendered":"Skin Republic &#8211; Hyaluronic Acid 1% Serum"},"content":{"rendered":"<h2>Skin Republic &#8211; Hyaluronic Acid 1% Serum<\/h2>\n<ul>\n<li>Le s\u00e9rum super hydratant est enrichi de 1% d&rsquo;acide hyaluronique et hydrate intens\u00e9ment la peau, r\u00e9duit les rougeurs et les plaques squameuses et s\u00e8ches.<\/li>\n<li>Votre peau sera super souple et intens\u00e9ment hydrat\u00e9e.<\/li>\n<li>Le s\u00e9rum peut \u00eatre utilis\u00e9 comme soin de nuit ou en compl\u00e9ment avant une cr\u00e8me de jour.<\/li>\n<\/ul>\n<p>Ingr\u00e9dients principaux:<br \/>\n<strong>Acide hyaluronique 1% :<\/strong><\/p>\n<ul>\n<li>Les mol\u00e9cules d&rsquo;acide hyaluronique ont la propri\u00e9t\u00e9 unique de pouvoir se lier \u00e0 1000 fois leur poids en eau.<\/li>\n<li>Cela leur permet d&rsquo;absorber plus d&rsquo;eau que toute autre substance biologique. Votre peau sera plus douce, plus lisse et plus ferme.<\/li>\n<\/ul>\n<p><strong>Niacinamide 2% :<\/strong><\/p>\n<ul>\n<li>L&rsquo;ingr\u00e9dient actif niacinamide prot\u00e8ge la peau des effets nocifs de l&rsquo;exposition au soleil. Il r\u00e9duit les taches cutan\u00e9es et unifie le teint tout en am\u00e9liorant la texture de la peau.<\/li>\n<li>La niacinamide augmente l&rsquo;immunit\u00e9 naturelle de la peau et aide \u00e0 r\u00e9duire les signes visibles du vieillissement en favorisant la production de collag\u00e8ne.<\/li>\n<\/ul>\n<p>Application :<br \/>\nNettoyez votre visage. Hydratez l\u00e9g\u00e8rement la peau du visage. Appliquez quelques gouttes du s\u00e9rum sur le visage et le cou. Attendez une minute pour que le s\u00e9rum soit absorb\u00e9 par la peau. Vous pouvez ensuite appliquer votre cr\u00e8me hydratante habituelle.<\/p>\n<p>Contenu 30 ml.<\/p>\n","protected":false},"excerpt":{"rendered":"<p>S\u00e9rum super hydratant<\/p>\n","protected":false},"featured_media":4521,"comment_status":"closed","ping_status":"closed","template":"","meta":{"_acf_changed":false},"pwb-brand":[2781],"product_brand":[],"product_cat":[2352,2334,2393],"product_tag":[],"class_list":{"0":"post-19137","1":"product","2":"type-product","3":"status-publish","4":"has-post-thumbnail","6":"pwb-brand-skin-republic","7":"product_cat-peau-seche","8":"product_cat-serum-visage","9":"product_cat-skin-republic-fr","10":"product_shipping_class-standard-fr","11":"pa_hersteller-skin-republic-fr-2","12":"sales-flash-overlay","13":"woocommerce-text-align-center","14":"woocommerce-image-align-center","15":"do-quantity-buttons","17":"first","18":"outofstock","19":"purchasable","20":"product-type-simple"},"acf":[],"yoast_head":"<!-- This site is optimized with the Yoast SEO Premium plugin v27.3 (Yoast SEO v27.3) - https:\/\/yoast.com\/product\/yoast-seo-premium-wordpress\/ -->\n<title>Skin Republic - Hyaluronic Acid 1% Serum | Manskin.ch<\/title>\n<meta name=\"description\" content=\"Skin Republic - Hyaluronic Acid 1% Serum\" \/>\n<meta name=\"robots\" content=\"index, follow, max-snippet:-1, max-image-preview:large, max-video-preview:-1\" \/>\n<link rel=\"canonical\" href=\"https:\/\/manskin.ch\/fr\/produkt\/skin-republich-hyaluronic-acid-serum\/\" \/>\n<meta property=\"og:locale\" content=\"fr_FR\" \/>\n<meta property=\"og:type\" content=\"article\" \/>\n<meta property=\"og:title\" content=\"Skin Republic - Hyaluronic Acid 1% Serum\" \/>\n<meta property=\"og:description\" content=\"Skin Republic - Hyaluronic Acid 1% Serum\" \/>\n<meta property=\"og:url\" content=\"https:\/\/manskin.ch\/fr\/produkt\/skin-republich-hyaluronic-acid-serum\/\" \/>\n<meta property=\"og:site_name\" content=\"Manskin.ch\" \/>\n<meta property=\"article:publisher\" content=\"https:\/\/www.facebook.com\/manskin.ch\" \/>\n<meta property=\"article:modified_time\" content=\"2025-07-18T08:53:43+00:00\" \/>\n<meta property=\"og:image\" content=\"https:\/\/manskin.ch\/wp-content\/uploads\/2022\/01\/1400_0.jpg\" \/>\n\t<meta property=\"og:image:width\" content=\"800\" \/>\n\t<meta property=\"og:image:height\" content=\"800\" \/>\n\t<meta property=\"og:image:type\" content=\"image\/jpeg\" \/>\n<meta name=\"twitter:card\" content=\"summary_large_image\" \/>\n<meta name=\"twitter:label1\" content=\"Prix\" \/>\n\t<meta name=\"twitter:data1\" content=\"17.95&#067;&#072;&#070;\" \/>\n\t<meta name=\"twitter:label2\" content=\"Disponibilit\u00e9\" \/>\n\t<meta name=\"twitter:data2\" content=\"Rupture de stock\" \/>\n<script type=\"application\/ld+json\" class=\"yoast-schema-graph\">{\"@context\":\"https:\\\/\\\/schema.org\",\"@graph\":[{\"@type\":\"WebPage\",\"@id\":\"https:\\\/\\\/manskin.ch\\\/fr\\\/produkt\\\/skin-republich-hyaluronic-acid-serum\\\/\",\"url\":\"https:\\\/\\\/manskin.ch\\\/fr\\\/produkt\\\/skin-republich-hyaluronic-acid-serum\\\/\",\"name\":\"Skin Republic - Hyaluronic Acid 1% Serum | Manskin.ch\",\"isPartOf\":{\"@id\":\"https:\\\/\\\/manskin.ch\\\/fr\\\/#website\"},\"primaryImageOfPage\":{\"@id\":\"https:\\\/\\\/manskin.ch\\\/fr\\\/produkt\\\/skin-republich-hyaluronic-acid-serum\\\/#primaryimage\"},\"image\":{\"@id\":\"https:\\\/\\\/manskin.ch\\\/fr\\\/produkt\\\/skin-republich-hyaluronic-acid-serum\\\/#primaryimage\"},\"thumbnailUrl\":\"https:\\\/\\\/manskin.ch\\\/wp-content\\\/uploads\\\/2022\\\/01\\\/1400_0.jpg\",\"datePublished\":\"2022-01-08T13:07:21+00:00\",\"dateModified\":\"2025-07-18T08:53:43+00:00\",\"description\":\"Skin Republic - Hyaluronic Acid 1% Serum\",\"breadcrumb\":{\"@id\":\"https:\\\/\\\/manskin.ch\\\/fr\\\/produkt\\\/skin-republich-hyaluronic-acid-serum\\\/#breadcrumb\"},\"inLanguage\":\"fr-FR\",\"potentialAction\":[{\"@type\":\"ReadAction\",\"target\":[\"https:\\\/\\\/manskin.ch\\\/fr\\\/produkt\\\/skin-republich-hyaluronic-acid-serum\\\/\"]}]},{\"@type\":\"ImageObject\",\"inLanguage\":\"fr-FR\",\"@id\":\"https:\\\/\\\/manskin.ch\\\/fr\\\/produkt\\\/skin-republich-hyaluronic-acid-serum\\\/#primaryimage\",\"url\":\"https:\\\/\\\/manskin.ch\\\/wp-content\\\/uploads\\\/2022\\\/01\\\/1400_0.jpg\",\"contentUrl\":\"https:\\\/\\\/manskin.ch\\\/wp-content\\\/uploads\\\/2022\\\/01\\\/1400_0.jpg\",\"width\":800,\"height\":800},{\"@type\":\"BreadcrumbList\",\"@id\":\"https:\\\/\\\/manskin.ch\\\/fr\\\/produkt\\\/skin-republich-hyaluronic-acid-serum\\\/#breadcrumb\",\"itemListElement\":[{\"@type\":\"ListItem\",\"position\":1,\"name\":\"Startseite\",\"item\":\"https:\\\/\\\/manskin.ch\\\/fr\\\/\"},{\"@type\":\"ListItem\",\"position\":2,\"name\":\"Boutique Soins pour Hommes &amp; Skincare\",\"item\":\"https:\\\/\\\/manskin.ch\\\/fr\\\/boutique\\\/\"},{\"@type\":\"ListItem\",\"position\":3,\"name\":\"Skin Republic &#8211; Hyaluronic Acid 1% Serum\"}]},{\"@type\":\"WebSite\",\"@id\":\"https:\\\/\\\/manskin.ch\\\/fr\\\/#website\",\"url\":\"https:\\\/\\\/manskin.ch\\\/fr\\\/\",\"name\":\"Manskin.ch\",\"description\":\"Tous les produits de beaut\u00e9 pour les hommes les plus exigeants\",\"publisher\":{\"@id\":\"https:\\\/\\\/manskin.ch\\\/fr\\\/#organization\"},\"potentialAction\":[{\"@type\":\"SearchAction\",\"target\":{\"@type\":\"EntryPoint\",\"urlTemplate\":\"https:\\\/\\\/manskin.ch\\\/fr\\\/?s={search_term_string}\"},\"query-input\":{\"@type\":\"PropertyValueSpecification\",\"valueRequired\":true,\"valueName\":\"search_term_string\"}}],\"inLanguage\":\"fr-FR\"},{\"@type\":\"Organization\",\"@id\":\"https:\\\/\\\/manskin.ch\\\/fr\\\/#organization\",\"name\":\"Manskin.ch - der Schweizer Onlineshop f\u00fcr qualit\u00e4tsstarke M\u00e4nnerpflege\",\"url\":\"https:\\\/\\\/manskin.ch\\\/fr\\\/\",\"logo\":{\"@type\":\"ImageObject\",\"inLanguage\":\"fr-FR\",\"@id\":\"https:\\\/\\\/manskin.ch\\\/fr\\\/#\\\/schema\\\/logo\\\/image\\\/\",\"url\":\"https:\\\/\\\/manskin.ch\\\/wp-content\\\/uploads\\\/2021\\\/04\\\/cropped-logo_head.png\",\"contentUrl\":\"https:\\\/\\\/manskin.ch\\\/wp-content\\\/uploads\\\/2021\\\/04\\\/cropped-logo_head.png\",\"width\":235,\"height\":75,\"caption\":\"Manskin.ch - der Schweizer Onlineshop f\u00fcr qualit\u00e4tsstarke M\u00e4nnerpflege\"},\"image\":{\"@id\":\"https:\\\/\\\/manskin.ch\\\/fr\\\/#\\\/schema\\\/logo\\\/image\\\/\"},\"sameAs\":[\"https:\\\/\\\/www.facebook.com\\\/manskin.ch\",\"https:\\\/\\\/www.instagram.com\\\/manskin.ch\\\/\"]}]}<\/script>\n<meta property=\"product:price:amount\" content=\"17.95\" \/>\n<meta property=\"product:price:currency\" content=\"CHF\" \/>\n<meta property=\"og:availability\" content=\"out of stock\" \/>\n<meta property=\"product:availability\" content=\"out of stock\" \/>\n<meta property=\"product:retailer_item_id\" content=\"12919\" \/>\n<meta property=\"product:condition\" content=\"new\" \/>\n<!-- \/ Yoast SEO Premium plugin. -->","yoast_head_json":{"title":"Skin Republic - Hyaluronic Acid 1% Serum | Manskin.ch","description":"Skin Republic - Hyaluronic Acid 1% Serum","robots":{"index":"index","follow":"follow","max-snippet":"max-snippet:-1","max-image-preview":"max-image-preview:large","max-video-preview":"max-video-preview:-1"},"canonical":"https:\/\/manskin.ch\/fr\/produkt\/skin-republich-hyaluronic-acid-serum\/","og_locale":"fr_FR","og_type":"article","og_title":"Skin Republic - Hyaluronic Acid 1% Serum","og_description":"Skin Republic - Hyaluronic Acid 1% Serum","og_url":"https:\/\/manskin.ch\/fr\/produkt\/skin-republich-hyaluronic-acid-serum\/","og_site_name":"Manskin.ch","article_publisher":"https:\/\/www.facebook.com\/manskin.ch","article_modified_time":"2025-07-18T08:53:43+00:00","og_image":[{"width":800,"height":800,"url":"https:\/\/manskin.ch\/wp-content\/uploads\/2022\/01\/1400_0.jpg","type":"image\/jpeg"}],"twitter_card":"summary_large_image","twitter_misc":{"Prix":"17.95&#67;&#72;&#70;","Disponibilit\u00e9":"Rupture de stock"},"schema":{"@context":"https:\/\/schema.org","@graph":[{"@type":"WebPage","@id":"https:\/\/manskin.ch\/fr\/produkt\/skin-republich-hyaluronic-acid-serum\/","url":"https:\/\/manskin.ch\/fr\/produkt\/skin-republich-hyaluronic-acid-serum\/","name":"Skin Republic - Hyaluronic Acid 1% Serum | Manskin.ch","isPartOf":{"@id":"https:\/\/manskin.ch\/fr\/#website"},"primaryImageOfPage":{"@id":"https:\/\/manskin.ch\/fr\/produkt\/skin-republich-hyaluronic-acid-serum\/#primaryimage"},"image":{"@id":"https:\/\/manskin.ch\/fr\/produkt\/skin-republich-hyaluronic-acid-serum\/#primaryimage"},"thumbnailUrl":"https:\/\/manskin.ch\/wp-content\/uploads\/2022\/01\/1400_0.jpg","datePublished":"2022-01-08T13:07:21+00:00","dateModified":"2025-07-18T08:53:43+00:00","description":"Skin Republic - Hyaluronic Acid 1% Serum","breadcrumb":{"@id":"https:\/\/manskin.ch\/fr\/produkt\/skin-republich-hyaluronic-acid-serum\/#breadcrumb"},"inLanguage":"fr-FR","potentialAction":[{"@type":"ReadAction","target":["https:\/\/manskin.ch\/fr\/produkt\/skin-republich-hyaluronic-acid-serum\/"]}]},{"@type":"ImageObject","inLanguage":"fr-FR","@id":"https:\/\/manskin.ch\/fr\/produkt\/skin-republich-hyaluronic-acid-serum\/#primaryimage","url":"https:\/\/manskin.ch\/wp-content\/uploads\/2022\/01\/1400_0.jpg","contentUrl":"https:\/\/manskin.ch\/wp-content\/uploads\/2022\/01\/1400_0.jpg","width":800,"height":800},{"@type":"BreadcrumbList","@id":"https:\/\/manskin.ch\/fr\/produkt\/skin-republich-hyaluronic-acid-serum\/#breadcrumb","itemListElement":[{"@type":"ListItem","position":1,"name":"Startseite","item":"https:\/\/manskin.ch\/fr\/"},{"@type":"ListItem","position":2,"name":"Boutique Soins pour Hommes &amp; Skincare","item":"https:\/\/manskin.ch\/fr\/boutique\/"},{"@type":"ListItem","position":3,"name":"Skin Republic &#8211; Hyaluronic Acid 1% Serum"}]},{"@type":"WebSite","@id":"https:\/\/manskin.ch\/fr\/#website","url":"https:\/\/manskin.ch\/fr\/","name":"Manskin.ch","description":"Tous les produits de beaut\u00e9 pour les hommes les plus exigeants","publisher":{"@id":"https:\/\/manskin.ch\/fr\/#organization"},"potentialAction":[{"@type":"SearchAction","target":{"@type":"EntryPoint","urlTemplate":"https:\/\/manskin.ch\/fr\/?s={search_term_string}"},"query-input":{"@type":"PropertyValueSpecification","valueRequired":true,"valueName":"search_term_string"}}],"inLanguage":"fr-FR"},{"@type":"Organization","@id":"https:\/\/manskin.ch\/fr\/#organization","name":"Manskin.ch - der Schweizer Onlineshop f\u00fcr qualit\u00e4tsstarke M\u00e4nnerpflege","url":"https:\/\/manskin.ch\/fr\/","logo":{"@type":"ImageObject","inLanguage":"fr-FR","@id":"https:\/\/manskin.ch\/fr\/#\/schema\/logo\/image\/","url":"https:\/\/manskin.ch\/wp-content\/uploads\/2021\/04\/cropped-logo_head.png","contentUrl":"https:\/\/manskin.ch\/wp-content\/uploads\/2021\/04\/cropped-logo_head.png","width":235,"height":75,"caption":"Manskin.ch - der Schweizer Onlineshop f\u00fcr qualit\u00e4tsstarke M\u00e4nnerpflege"},"image":{"@id":"https:\/\/manskin.ch\/fr\/#\/schema\/logo\/image\/"},"sameAs":["https:\/\/www.facebook.com\/manskin.ch","https:\/\/www.instagram.com\/manskin.ch\/"]}]},"product_price_amount":"17.95","product_price_currency":"CHF","og_availability":"out of stock","product_availability":"out of stock","product_retailer_item_id":"12919","product_condition":"new"},"brands":[{"id":2781,"name":"Skin Republic","slug":"skin-republic"}],"_links":{"self":[{"href":"https:\/\/manskin.ch\/fr\/wp-json\/wp\/v2\/product\/19137","targetHints":{"allow":["GET"]}}],"collection":[{"href":"https:\/\/manskin.ch\/fr\/wp-json\/wp\/v2\/product"}],"about":[{"href":"https:\/\/manskin.ch\/fr\/wp-json\/wp\/v2\/types\/product"}],"replies":[{"embeddable":true,"href":"https:\/\/manskin.ch\/fr\/wp-json\/wp\/v2\/comments?post=19137"}],"wp:featuredmedia":[{"embeddable":true,"href":"https:\/\/manskin.ch\/fr\/wp-json\/wp\/v2\/media\/4521"}],"wp:attachment":[{"href":"https:\/\/manskin.ch\/fr\/wp-json\/wp\/v2\/media?parent=19137"}],"wp:term":[{"taxonomy":"pwb-brand","embeddable":true,"href":"https:\/\/manskin.ch\/fr\/wp-json\/wp\/v2\/pwb-brand?post=19137"},{"taxonomy":"product_brand","embeddable":true,"href":"https:\/\/manskin.ch\/fr\/wp-json\/wp\/v2\/product_brand?post=19137"},{"taxonomy":"product_cat","embeddable":true,"href":"https:\/\/manskin.ch\/fr\/wp-json\/wp\/v2\/product_cat?post=19137"},{"taxonomy":"product_tag","embeddable":true,"href":"https:\/\/manskin.ch\/fr\/wp-json\/wp\/v2\/product_tag?post=19137"}],"curies":[{"name":"wp","href":"https:\/\/api.w.org\/{rel}","templated":true}]}}